{"id":23528,"date":"2025-02-01T17:06:18","date_gmt":"2025-02-01T15:06:18","guid":{"rendered":"https:\/\/tammetalu.eu\/?post_type=product&#038;p=23528"},"modified":"2026-05-06T20:31:06","modified_gmt":"2026-05-06T17:31:06","slug":"aedsalvei-salvia-officinalis-evita-strong","status":"publish","type":"product","link":"https:\/\/tammetalu.eu\/en\/product\/aedsalvei-salvia-officinalis-evita-strong\/","title":{"rendered":"Aedsalvei Salvia officinalis &#8220;Evita\u00ae Strong&#8221;"},"content":{"rendered":"","protected":false},"excerpt":{"rendered":"<p>Aedsalvei <em>Salvia officinalis <\/em>&#8220;Evita\u00ae Strong&#8221;<\/p>\n<p>LAT: \u00a0<em>Salvia officinalis &#8220;<\/em>Evita\u00ae Strong&#8221;<\/p>\n<p>ENG: \u00a0Sage &#8220;Evita\u00ae Strong&#8221;<\/p>\n<p>RU: \u00a0\u0428\u0430\u043b\u0444\u0435\u0439 &#8220;Evita\u00ae Strong&#8221;<\/p>\n<p>FI: \u00a0Salvia &#8220;Evita\u00ae Strong&#8221;<\/p>\n<p>Sinakashallide lehtede ja helelillade \u00f5itega v\u00e4ga tugeva maitsega aedsalvei sort. Kasvab kuivas v\u00f5i parasniiskes aiamullas t\u00e4isp\u00e4ikeses, kuid lepib ka poolvarjulise kasvukohaga. Lumeta pakase korral vajab kindlasti kuiva talvekatet. Kevadel enne mai keskpaika ei soovita ma taimi tagasi l\u00f5igata, kuna salveid on hilise \u00e4rkamisega. Salveid sobivad kasvatamiseks kiviktaimlas, kruusaaias v\u00f5i liivases kuivapoolses mullas. Taim on t\u00f5eline p\u00e4ikeses\u00f5ber, mida rohkem p\u00e4ikest, seda rikkalikumalt \u00f5itseb ja kasvab.<\/p>\n<p>Oma v\u00e4hen\u00f5udlikkuse t\u00f5ttu sobib suurep\u00e4raselt potitaimena kasvatamiseks nii terrassi- kui r\u00f5dutaimena, kuna siis p\u00e4\u00e4seb taime ilu ja \u00fcllatav l\u00f5hn eriti esile. H\u00e4sti peab vastu ka mitmeaastase potitaimena, kui on v\u00f5imalik taim enne p\u00fcsivate k\u00fclmade saabumist valgesse kuiva kohta talvituma t\u00f5sta. Selliseks\u00a0 sobivaks kohaks v\u00f5ib olla kuiv kasvuhoone v\u00f5i m\u00f5ni teine valge ruum, kus v\u00f5ivad talvel olla k\u00fcll k\u00fclmakraadid, kuid taim on kaitstud niiskuse eest. Aedsalveid on l\u00fchiajalised taimed ja tavaliselt vajavad uuendamist \u00fcle 3-4 aasta. Kuid on isendeid, mis peavad vastu oluliselt rohkem aastaid minetamata seejuures oma v\u00e4limust.<\/p>\n<p>Salvei lehtedel on maitse veidi v\u00fcrtsikas. Sobib h\u00e4sti erinevatele liha- ja aedviljaroogadega. Eriti sobib salvei maitse kana- ja sealihaga ja makaronitoitudes, tomati- ja juusturoogades. V\u00f5is v\u00f5i \u00f5lis kr\u00f5bedaks praetud salveilehed on m\u00f5nusaks n\u00e4ksiks suupistelauale.<\/p>\n<p>Salveist valmistatud teel on higistamist p\u00e4rssiv toime just \u00fcleminekuea vaevustest tingitud\u00a0 s\u00fcmptomite leevendamiseks. Kasutatakse k\u00fclmetushaigustest ja gripist tingitud peavalu ning \u00fcldise enesetunde parandamiseks. Teega saab kuristada valulikku kurku. Salveiteed ei tohi seespidiselt \u00a0tarvitada kauem kui n\u00e4dal aega j\u00e4rjest.<\/p>\n<p>K\u00f5rgus: kuni 0,8 m<\/p>\n<p>\u00d5itsemise aeg: VI-VII<\/p>\n<p>Talvekindlus: suhteliselt talvekindel<\/p>\n<p>Poti suurus: 10-12<\/p>\n","protected":false},"featured_media":23529,"template":"","meta":{"_acf_changed":false,"_et_pb_use_builder":"","_et_pb_old_content":"","_et_gb_content_width":"","inline_featured_image":false},"product_brand":[],"product_cat":[186,196],"product_tag":[],"class_list":{"0":"post-23528","1":"product","2":"type-product","3":"status-publish","4":"has-post-thumbnail","6":"product_cat-maitse-ja-ravimtaimede-istikud","7":"product_cat-salveid","9":"first","10":"instock","11":"taxable","12":"shipping-taxable","13":"purchasable","14":"product-type-simple"},"acf":[],"yoast_head":"<!-- This site is optimized with the Yoast SEO plugin v27.5 - https:\/\/yoast.com\/product\/yoast-seo-wordpress\/ -->\n<title>Aedsalvei Salvia officinalis &quot;Evita\u00ae Strong&quot; - Tamme talu \u00fcrdiaed<\/title>\n<meta name=\"robots\" content=\"index, follow, max-snippet:-1, max-image-preview:large, max-video-preview:-1\" \/>\n<link rel=\"canonical\" href=\"https:\/\/tammetalu.eu\/toode\/aedsalvei-salvia-officinalis-evita-strong\/\" \/>\n<meta property=\"og:locale\" content=\"en_US\" \/>\n<meta property=\"og:type\" content=\"article\" \/>\n<meta property=\"og:title\" content=\"Aedsalvei Salvia officinalis &quot;Evita\u00ae Strong&quot; - Tamme talu \u00fcrdiaed\" \/>\n<meta property=\"og:description\" content=\"Aedsalvei Salvia officinalis &quot;Evita\u00ae Strong&quot;  LAT: \u00a0Salvia officinalis &quot;Evita\u00ae Strong&quot;  ENG: \u00a0Sage &quot;Evita\u00ae Strong&quot;  RU: \u00a0\u0428\u0430\u043b\u0444\u0435\u0439 &quot;Evita\u00ae Strong&quot;  FI: \u00a0Salvia &quot;Evita\u00ae Strong&quot;  Sinakashallide lehtede ja helelillade \u00f5itega v\u00e4ga tugeva maitsega aedsalvei sort. Kasvab kuivas v\u00f5i parasniiskes aiamullas t\u00e4isp\u00e4ikeses, kuid lepib ka poolvarjulise kasvukohaga. Lumeta pakase korral vajab kindlasti kuiva talvekatet. Kevadel enne mai keskpaika ei soovita ma taimi tagasi l\u00f5igata, kuna salveid on hilise \u00e4rkamisega. Salveid sobivad kasvatamiseks kiviktaimlas, kruusaaias v\u00f5i liivases kuivapoolses mullas. Taim on t\u00f5eline p\u00e4ikeses\u00f5ber, mida rohkem p\u00e4ikest, seda rikkalikumalt \u00f5itseb ja kasvab.  Oma v\u00e4hen\u00f5udlikkuse t\u00f5ttu sobib suurep\u00e4raselt potitaimena kasvatamiseks nii terrassi- kui r\u00f5dutaimena, kuna siis p\u00e4\u00e4seb taime ilu ja \u00fcllatav l\u00f5hn eriti esile. H\u00e4sti peab vastu ka mitmeaastase potitaimena, kui on v\u00f5imalik taim enne p\u00fcsivate k\u00fclmade saabumist valgesse kuiva kohta talvituma t\u00f5sta. Selliseks\u00a0 sobivaks kohaks v\u00f5ib olla kuiv kasvuhoone v\u00f5i m\u00f5ni teine valge ruum, kus v\u00f5ivad talvel olla k\u00fcll k\u00fclmakraadid, kuid taim on kaitstud niiskuse eest. Aedsalveid on l\u00fchiajalised taimed ja tavaliselt vajavad uuendamist \u00fcle 3-4 aasta. Kuid on isendeid, mis peavad vastu oluliselt rohkem aastaid minetamata seejuures oma v\u00e4limust.  Salvei lehtedel on maitse veidi v\u00fcrtsikas. Sobib h\u00e4sti erinevatele liha- ja aedviljaroogadega. Eriti sobib salvei maitse kana- ja sealihaga ja makaronitoitudes, tomati- ja juusturoogades. V\u00f5is v\u00f5i \u00f5lis kr\u00f5bedaks praetud salveilehed on m\u00f5nusaks n\u00e4ksiks suupistelauale.  Salveist valmistatud teel on higistamist p\u00e4rssiv toime just \u00fcleminekuea vaevustest tingitud\u00a0 s\u00fcmptomite leevendamiseks. Kasutatakse k\u00fclmetushaigustest ja gripist tingitud peavalu ning \u00fcldise enesetunde parandamiseks. Teega saab kuristada valulikku kurku. Salveiteed ei tohi seespidiselt \u00a0tarvitada kauem kui n\u00e4dal aega j\u00e4rjest.  K\u00f5rgus: kuni 0,8 m  \u00d5itsemise aeg: VI-VII  Talvekindlus: suhteliselt talvekindel  Poti suurus: 10-12\" \/>\n<meta property=\"og:url\" content=\"https:\/\/tammetalu.eu\/toode\/aedsalvei-salvia-officinalis-evita-strong\/\" \/>\n<meta property=\"og:site_name\" content=\"Tamme talu \u00fcrdiaed\" \/>\n<meta property=\"article:publisher\" content=\"https:\/\/www.facebook.com\/TammeTaluUrdiaed\/?locale=et_EE\" \/>\n<meta property=\"article:modified_time\" content=\"2026-05-06T17:31:06+00:00\" \/>\n<meta property=\"og:image\" content=\"https:\/\/tammetalu.eu\/wp-content\/uploads\/2025\/01\/Harilik_salvei_Salvia_officinalis_Evita\u00ae-Strong_Tamme_talu_urdiaed.jpg\" \/>\n\t<meta property=\"og:image:width\" content=\"1024\" \/>\n\t<meta property=\"og:image:height\" content=\"938\" \/>\n\t<meta property=\"og:image:type\" content=\"image\/jpeg\" \/>\n<meta name=\"twitter:card\" content=\"summary_large_image\" \/>\n<meta name=\"twitter:label1\" content=\"Est. reading time\" \/>\n\t<meta name=\"twitter:data1\" content=\"1 minute\" \/>\n<script type=\"application\/ld+json\" class=\"yoast-schema-graph\">{\"@context\":\"https:\\\/\\\/schema.org\",\"@graph\":[{\"@type\":\"WebPage\",\"@id\":\"https:\\\/\\\/tammetalu.eu\\\/toode\\\/aedsalvei-salvia-officinalis-evita-strong\\\/\",\"url\":\"https:\\\/\\\/tammetalu.eu\\\/toode\\\/aedsalvei-salvia-officinalis-evita-strong\\\/\",\"name\":\"Aedsalvei Salvia officinalis \\\"Evita\u00ae Strong\\\" - Tamme talu \u00fcrdiaed\",\"isPartOf\":{\"@id\":\"https:\\\/\\\/tammetalu.eu\\\/#website\"},\"primaryImageOfPage\":{\"@id\":\"https:\\\/\\\/tammetalu.eu\\\/toode\\\/aedsalvei-salvia-officinalis-evita-strong\\\/#primaryimage\"},\"image\":{\"@id\":\"https:\\\/\\\/tammetalu.eu\\\/toode\\\/aedsalvei-salvia-officinalis-evita-strong\\\/#primaryimage\"},\"thumbnailUrl\":\"https:\\\/\\\/tammetalu.eu\\\/wp-content\\\/uploads\\\/2025\\\/01\\\/Harilik_salvei_Salvia_officinalis_Evita\u00ae-Strong_Tamme_talu_urdiaed.jpg\",\"datePublished\":\"2025-02-01T15:06:18+00:00\",\"dateModified\":\"2026-05-06T17:31:06+00:00\",\"breadcrumb\":{\"@id\":\"https:\\\/\\\/tammetalu.eu\\\/toode\\\/aedsalvei-salvia-officinalis-evita-strong\\\/#breadcrumb\"},\"inLanguage\":\"en-US\",\"potentialAction\":[{\"@type\":\"ReadAction\",\"target\":[\"https:\\\/\\\/tammetalu.eu\\\/toode\\\/aedsalvei-salvia-officinalis-evita-strong\\\/\"]}]},{\"@type\":\"ImageObject\",\"inLanguage\":\"en-US\",\"@id\":\"https:\\\/\\\/tammetalu.eu\\\/toode\\\/aedsalvei-salvia-officinalis-evita-strong\\\/#primaryimage\",\"url\":\"https:\\\/\\\/tammetalu.eu\\\/wp-content\\\/uploads\\\/2025\\\/01\\\/Harilik_salvei_Salvia_officinalis_Evita\u00ae-Strong_Tamme_talu_urdiaed.jpg\",\"contentUrl\":\"https:\\\/\\\/tammetalu.eu\\\/wp-content\\\/uploads\\\/2025\\\/01\\\/Harilik_salvei_Salvia_officinalis_Evita\u00ae-Strong_Tamme_talu_urdiaed.jpg\",\"width\":1024,\"height\":938,\"caption\":\"Harilik_salvei_Salvia_officinalis_Evita\u00ae-Strong_Tamme_talu_urdiaed\"},{\"@type\":\"BreadcrumbList\",\"@id\":\"https:\\\/\\\/tammetalu.eu\\\/toode\\\/aedsalvei-salvia-officinalis-evita-strong\\\/#breadcrumb\",\"itemListElement\":[{\"@type\":\"ListItem\",\"position\":1,\"name\":\"Home\",\"item\":\"https:\\\/\\\/tammetalu.eu\\\/en\\\/esileht-eng\\\/\"},{\"@type\":\"ListItem\",\"position\":2,\"name\":\"Shop\",\"item\":\"https:\\\/\\\/tammetalu.eu\\\/en\\\/shop\\\/\"},{\"@type\":\"ListItem\",\"position\":3,\"name\":\"Aedsalvei Salvia officinalis &#8220;Evita\u00ae Strong&#8221;\"}]},{\"@type\":\"WebSite\",\"@id\":\"https:\\\/\\\/tammetalu.eu\\\/#website\",\"url\":\"https:\\\/\\\/tammetalu.eu\\\/\",\"name\":\"Tamme talu \u00fcrdiaed\",\"description\":\"K\u00e4sit\u00f6\u00f6na valmistatud tooted \u00fcrtidest, \u00fcrdiistikud, \u00fcrtide kollektsioonaed\",\"publisher\":{\"@id\":\"https:\\\/\\\/tammetalu.eu\\\/#organization\"},\"alternateName\":\"Tamme talu\",\"potentialAction\":[{\"@type\":\"SearchAction\",\"target\":{\"@type\":\"EntryPoint\",\"urlTemplate\":\"https:\\\/\\\/tammetalu.eu\\\/?s={search_term_string}\"},\"query-input\":{\"@type\":\"PropertyValueSpecification\",\"valueRequired\":true,\"valueName\":\"search_term_string\"}}],\"inLanguage\":\"en-US\"},{\"@type\":\"Organization\",\"@id\":\"https:\\\/\\\/tammetalu.eu\\\/#organization\",\"name\":\"Tamme talu \u00fcrdiaed\",\"alternateName\":\"Tamme talu\",\"url\":\"https:\\\/\\\/tammetalu.eu\\\/\",\"logo\":{\"@type\":\"ImageObject\",\"inLanguage\":\"en-US\",\"@id\":\"https:\\\/\\\/tammetalu.eu\\\/#\\\/schema\\\/logo\\\/image\\\/\",\"url\":\"https:\\\/\\\/tammetalu.eu\\\/wp-content\\\/uploads\\\/2025\\\/01\\\/Tamme_talu_urdiaed.png\",\"contentUrl\":\"https:\\\/\\\/tammetalu.eu\\\/wp-content\\\/uploads\\\/2025\\\/01\\\/Tamme_talu_urdiaed.png\",\"width\":560,\"height\":560,\"caption\":\"Tamme talu \u00fcrdiaed\"},\"image\":{\"@id\":\"https:\\\/\\\/tammetalu.eu\\\/#\\\/schema\\\/logo\\\/image\\\/\"},\"sameAs\":[\"https:\\\/\\\/www.facebook.com\\\/TammeTaluUrdiaed\\\/?locale=et_EE\",\"https:\\\/\\\/www.instagram.com\\\/tammetaluurdiaed\\\/\"]}]}<\/script>\n<!-- \/ Yoast SEO plugin. -->","yoast_head_json":{"title":"Aedsalvei Salvia officinalis \"Evita\u00ae Strong\" - Tamme talu \u00fcrdiaed","robots":{"index":"index","follow":"follow","max-snippet":"max-snippet:-1","max-image-preview":"max-image-preview:large","max-video-preview":"max-video-preview:-1"},"canonical":"https:\/\/tammetalu.eu\/toode\/aedsalvei-salvia-officinalis-evita-strong\/","og_locale":"en_US","og_type":"article","og_title":"Aedsalvei Salvia officinalis \"Evita\u00ae Strong\" - Tamme talu \u00fcrdiaed","og_description":"Aedsalvei Salvia officinalis \"Evita\u00ae Strong\"  LAT: \u00a0Salvia officinalis \"Evita\u00ae Strong\"  ENG: \u00a0Sage \"Evita\u00ae Strong\"  RU: \u00a0\u0428\u0430\u043b\u0444\u0435\u0439 \"Evita\u00ae Strong\"  FI: \u00a0Salvia \"Evita\u00ae Strong\"  Sinakashallide lehtede ja helelillade \u00f5itega v\u00e4ga tugeva maitsega aedsalvei sort. Kasvab kuivas v\u00f5i parasniiskes aiamullas t\u00e4isp\u00e4ikeses, kuid lepib ka poolvarjulise kasvukohaga. Lumeta pakase korral vajab kindlasti kuiva talvekatet. Kevadel enne mai keskpaika ei soovita ma taimi tagasi l\u00f5igata, kuna salveid on hilise \u00e4rkamisega. Salveid sobivad kasvatamiseks kiviktaimlas, kruusaaias v\u00f5i liivases kuivapoolses mullas. Taim on t\u00f5eline p\u00e4ikeses\u00f5ber, mida rohkem p\u00e4ikest, seda rikkalikumalt \u00f5itseb ja kasvab.  Oma v\u00e4hen\u00f5udlikkuse t\u00f5ttu sobib suurep\u00e4raselt potitaimena kasvatamiseks nii terrassi- kui r\u00f5dutaimena, kuna siis p\u00e4\u00e4seb taime ilu ja \u00fcllatav l\u00f5hn eriti esile. H\u00e4sti peab vastu ka mitmeaastase potitaimena, kui on v\u00f5imalik taim enne p\u00fcsivate k\u00fclmade saabumist valgesse kuiva kohta talvituma t\u00f5sta. Selliseks\u00a0 sobivaks kohaks v\u00f5ib olla kuiv kasvuhoone v\u00f5i m\u00f5ni teine valge ruum, kus v\u00f5ivad talvel olla k\u00fcll k\u00fclmakraadid, kuid taim on kaitstud niiskuse eest. Aedsalveid on l\u00fchiajalised taimed ja tavaliselt vajavad uuendamist \u00fcle 3-4 aasta. Kuid on isendeid, mis peavad vastu oluliselt rohkem aastaid minetamata seejuures oma v\u00e4limust.  Salvei lehtedel on maitse veidi v\u00fcrtsikas. Sobib h\u00e4sti erinevatele liha- ja aedviljaroogadega. Eriti sobib salvei maitse kana- ja sealihaga ja makaronitoitudes, tomati- ja juusturoogades. V\u00f5is v\u00f5i \u00f5lis kr\u00f5bedaks praetud salveilehed on m\u00f5nusaks n\u00e4ksiks suupistelauale.  Salveist valmistatud teel on higistamist p\u00e4rssiv toime just \u00fcleminekuea vaevustest tingitud\u00a0 s\u00fcmptomite leevendamiseks. Kasutatakse k\u00fclmetushaigustest ja gripist tingitud peavalu ning \u00fcldise enesetunde parandamiseks. Teega saab kuristada valulikku kurku. Salveiteed ei tohi seespidiselt \u00a0tarvitada kauem kui n\u00e4dal aega j\u00e4rjest.  K\u00f5rgus: kuni 0,8 m  \u00d5itsemise aeg: VI-VII  Talvekindlus: suhteliselt talvekindel  Poti suurus: 10-12","og_url":"https:\/\/tammetalu.eu\/toode\/aedsalvei-salvia-officinalis-evita-strong\/","og_site_name":"Tamme talu \u00fcrdiaed","article_publisher":"https:\/\/www.facebook.com\/TammeTaluUrdiaed\/?locale=et_EE","article_modified_time":"2026-05-06T17:31:06+00:00","og_image":[{"width":1024,"height":938,"url":"https:\/\/tammetalu.eu\/wp-content\/uploads\/2025\/01\/Harilik_salvei_Salvia_officinalis_Evita\u00ae-Strong_Tamme_talu_urdiaed.jpg","type":"image\/jpeg"}],"twitter_card":"summary_large_image","twitter_misc":{"Est. reading time":"1 minute"},"schema":{"@context":"https:\/\/schema.org","@graph":[{"@type":"WebPage","@id":"https:\/\/tammetalu.eu\/toode\/aedsalvei-salvia-officinalis-evita-strong\/","url":"https:\/\/tammetalu.eu\/toode\/aedsalvei-salvia-officinalis-evita-strong\/","name":"Aedsalvei Salvia officinalis \"Evita\u00ae Strong\" - Tamme talu \u00fcrdiaed","isPartOf":{"@id":"https:\/\/tammetalu.eu\/#website"},"primaryImageOfPage":{"@id":"https:\/\/tammetalu.eu\/toode\/aedsalvei-salvia-officinalis-evita-strong\/#primaryimage"},"image":{"@id":"https:\/\/tammetalu.eu\/toode\/aedsalvei-salvia-officinalis-evita-strong\/#primaryimage"},"thumbnailUrl":"https:\/\/tammetalu.eu\/wp-content\/uploads\/2025\/01\/Harilik_salvei_Salvia_officinalis_Evita\u00ae-Strong_Tamme_talu_urdiaed.jpg","datePublished":"2025-02-01T15:06:18+00:00","dateModified":"2026-05-06T17:31:06+00:00","breadcrumb":{"@id":"https:\/\/tammetalu.eu\/toode\/aedsalvei-salvia-officinalis-evita-strong\/#breadcrumb"},"inLanguage":"en-US","potentialAction":[{"@type":"ReadAction","target":["https:\/\/tammetalu.eu\/toode\/aedsalvei-salvia-officinalis-evita-strong\/"]}]},{"@type":"ImageObject","inLanguage":"en-US","@id":"https:\/\/tammetalu.eu\/toode\/aedsalvei-salvia-officinalis-evita-strong\/#primaryimage","url":"https:\/\/tammetalu.eu\/wp-content\/uploads\/2025\/01\/Harilik_salvei_Salvia_officinalis_Evita\u00ae-Strong_Tamme_talu_urdiaed.jpg","contentUrl":"https:\/\/tammetalu.eu\/wp-content\/uploads\/2025\/01\/Harilik_salvei_Salvia_officinalis_Evita\u00ae-Strong_Tamme_talu_urdiaed.jpg","width":1024,"height":938,"caption":"Harilik_salvei_Salvia_officinalis_Evita\u00ae-Strong_Tamme_talu_urdiaed"},{"@type":"BreadcrumbList","@id":"https:\/\/tammetalu.eu\/toode\/aedsalvei-salvia-officinalis-evita-strong\/#breadcrumb","itemListElement":[{"@type":"ListItem","position":1,"name":"Home","item":"https:\/\/tammetalu.eu\/en\/esileht-eng\/"},{"@type":"ListItem","position":2,"name":"Shop","item":"https:\/\/tammetalu.eu\/en\/shop\/"},{"@type":"ListItem","position":3,"name":"Aedsalvei Salvia officinalis &#8220;Evita\u00ae Strong&#8221;"}]},{"@type":"WebSite","@id":"https:\/\/tammetalu.eu\/#website","url":"https:\/\/tammetalu.eu\/","name":"Tamme talu \u00fcrdiaed","description":"K\u00e4sit\u00f6\u00f6na valmistatud tooted \u00fcrtidest, \u00fcrdiistikud, \u00fcrtide kollektsioonaed","publisher":{"@id":"https:\/\/tammetalu.eu\/#organization"},"alternateName":"Tamme talu","potentialAction":[{"@type":"SearchAction","target":{"@type":"EntryPoint","urlTemplate":"https:\/\/tammetalu.eu\/?s={search_term_string}"},"query-input":{"@type":"PropertyValueSpecification","valueRequired":true,"valueName":"search_term_string"}}],"inLanguage":"en-US"},{"@type":"Organization","@id":"https:\/\/tammetalu.eu\/#organization","name":"Tamme talu \u00fcrdiaed","alternateName":"Tamme talu","url":"https:\/\/tammetalu.eu\/","logo":{"@type":"ImageObject","inLanguage":"en-US","@id":"https:\/\/tammetalu.eu\/#\/schema\/logo\/image\/","url":"https:\/\/tammetalu.eu\/wp-content\/uploads\/2025\/01\/Tamme_talu_urdiaed.png","contentUrl":"https:\/\/tammetalu.eu\/wp-content\/uploads\/2025\/01\/Tamme_talu_urdiaed.png","width":560,"height":560,"caption":"Tamme talu \u00fcrdiaed"},"image":{"@id":"https:\/\/tammetalu.eu\/#\/schema\/logo\/image\/"},"sameAs":["https:\/\/www.facebook.com\/TammeTaluUrdiaed\/?locale=et_EE","https:\/\/www.instagram.com\/tammetaluurdiaed\/"]}]}},"_links":{"self":[{"href":"https:\/\/tammetalu.eu\/en\/wp-json\/wp\/v2\/product\/23528","targetHints":{"allow":["GET"]}}],"collection":[{"href":"https:\/\/tammetalu.eu\/en\/wp-json\/wp\/v2\/product"}],"about":[{"href":"https:\/\/tammetalu.eu\/en\/wp-json\/wp\/v2\/types\/product"}],"wp:featuredmedia":[{"embeddable":true,"href":"https:\/\/tammetalu.eu\/en\/wp-json\/wp\/v2\/media\/23529"}],"wp:attachment":[{"href":"https:\/\/tammetalu.eu\/en\/wp-json\/wp\/v2\/media?parent=23528"}],"wp:term":[{"taxonomy":"product_brand","embeddable":true,"href":"https:\/\/tammetalu.eu\/en\/wp-json\/wp\/v2\/product_brand?post=23528"},{"taxonomy":"product_cat","embeddable":true,"href":"https:\/\/tammetalu.eu\/en\/wp-json\/wp\/v2\/product_cat?post=23528"},{"taxonomy":"product_tag","embeddable":true,"href":"https:\/\/tammetalu.eu\/en\/wp-json\/wp\/v2\/product_tag?post=23528"}],"curies":[{"name":"wp","href":"https:\/\/api.w.org\/{rel}","templated":true}]}}