{"id":23559,"date":"2025-02-05T18:05:28","date_gmt":"2025-02-05T16:05:28","guid":{"rendered":"https:\/\/tammetalu.eu\/?post_type=product&#038;p=23559"},"modified":"2026-04-16T17:03:02","modified_gmt":"2026-04-16T14:03:02","slug":"harilik-kalevikepp-gaura-lindheimeri-gambit-rose-bicolor","status":"publish","type":"product","link":"https:\/\/tammetalu.eu\/en\/product\/harilik-kalevikepp-gaura-lindheimeri-gambit-rose-bicolor\/","title":{"rendered":"Harilik kalevikepp (Gaura lindheimeri) &#8220;Gambit\u00ae Rose Bicolor&#8221;"},"content":{"rendered":"","protected":false},"excerpt":{"rendered":"<p><em>Gaura lindheimeri<\/em><\/p>\n<p>Kalevikepid on t\u00f5elised p\u00e4ikesekummardajad, k\u00f5ige paremini paitab nende lillede ilu v\u00e4lja p\u00e4ikselisel kasvukohal.<\/p>\n<p>Hariliku kalevikepi looduslik areaal on Mehhiko ja USA l\u00f5unapoolsed piirkonnad, kus kalevikepid kasvavad p\u00f5\u00f5sasjate rohttaimedena.<\/p>\n<p>Kalevikepp on rikkalikult \u00f5itsev v\u00e4hen\u00f5udlik p\u00fcsilill palulilleliste sugukonnast. Moodustab m\u00e4rkimisv\u00e4\u00e4rselt kauni \u00f5ierikka puhmiku. \u00d5hulised \u00f5ied on neljatised, mis tuule k\u00e4es h\u00f5ljudes n\u00e4ivad liblikatena.\u00a0 Kasvamiseks vajab kalevikepp lubjarikast h\u00e4sti vett l\u00e4bilaskvat pinnast ja p\u00e4ikeselist kasvukohta. Kuid taimed saavad h\u00e4sti hakkama ka liivases v\u00f5i savises kuivas pinnases.<\/p>\n<p>Kalevikepid on p\u00f5uakindlad ja kahjuritele vastupidavad. \u00d5itsemise aeg kestab suve algusest kuni s\u00fcgiseni. Suvel peale esimest suuremat \u00f5itsemist on soovitav taimede \u00e4ra\u00f5itsenud varred tagasi l\u00f5igata, sest see soodustab uute \u00f5isikuvarte kasvu. Kalevikepid sobivad suurep\u00e4raselt kuivema mullaga loodusaeda v\u00f5i suuremate kogumikena peenrasse koos teiste kuivemat mulda eelistavate taimedega. Madalakasvulised sordid sobivad suurep\u00e4raselt kasvama ka terrassile v\u00f5i r\u00f5dule potitaimena.<\/p>\n<p>Harilikul kalevikepil puuduvad kulinaarsed omadused, kuid taimest saab maitsva tee, mis on v\u00f5rreldav oma tervistavatelt omadustelt ahtalehisest p\u00f5drakanepist valmistatud teega. Erialakirjanduse andmetel on indiaanlased kasutanud v\u00e4rskelt purustatud kalevi\u00adkepi\u00fcrti m\u00e4histena lihase- ja liigesevalu korral. Seespidiselt m\u00f5jub harilik kalevikepp nagu toonikum ning kuivatatud lehti kasutatakse ja juuakse nagu harilikku hiina teep\u00f5\u00f5sa lehtedest valmistatud rohelist teed.<\/p>\n<p>K\u00f5rgus ca 30 cm.<\/p>\n","protected":false},"featured_media":23560,"template":"","meta":{"_acf_changed":false,"_et_pb_use_builder":"","_et_pb_old_content":"","_et_gb_content_width":"","inline_featured_image":false},"product_brand":[],"product_cat":[186,200],"product_tag":[],"class_list":{"0":"post-23559","1":"product","2":"type-product","3":"status-publish","4":"has-post-thumbnail","6":"product_cat-maitse-ja-ravimtaimede-istikud","7":"product_cat-muud-maitsetaimed","9":"first","10":"instock","11":"sale","12":"taxable","13":"shipping-taxable","14":"purchasable","15":"product-type-simple"},"acf":[],"yoast_head":"<!-- This site is optimized with the Yoast SEO plugin v26.4 - https:\/\/yoast.com\/wordpress\/plugins\/seo\/ -->\n<title>Harilik kalevikepp (Gaura lindheimeri) &quot;Gambit\u00ae Rose Bicolor&quot; - Tamme talu \u00fcrdiaed<\/title>\n<meta name=\"description\" content=\"Kalevikepid on t\u00f5elised p\u00e4ikesekummardajad, k\u00f5ige paremini paitab nende lillede ilu v\u00e4lja p\u00e4ikselisel kasvukohal.Hariliku kalevikepi looduslik areaal on Mehhiko ja USA l\u00f5unapoolsed piirkonnad, kus kalevikepid kasvavad p\u00f5\u00f5sasjate rohttaimedena.\" \/>\n<meta name=\"robots\" content=\"index, follow, max-snippet:-1, max-image-preview:large, max-video-preview:-1\" \/>\n<link rel=\"canonical\" href=\"https:\/\/tammetalu.eu\/toode\/harilik-kalevikepp-gaura-lindheimeri-gambit-rose-bicolor\/\" \/>\n<meta property=\"og:locale\" content=\"en_US\" \/>\n<meta property=\"og:type\" content=\"article\" \/>\n<meta property=\"og:title\" content=\"Harilik kalevikepp (Gaura lindheimeri) &quot;Gambit\u00ae Rose Bicolor&quot; - Tamme talu \u00fcrdiaed\" \/>\n<meta property=\"og:description\" content=\"Kalevikepid on t\u00f5elised p\u00e4ikesekummardajad, k\u00f5ige paremini paitab nende lillede ilu v\u00e4lja p\u00e4ikselisel kasvukohal.Hariliku kalevikepi looduslik areaal on Mehhiko ja USA l\u00f5unapoolsed piirkonnad, kus kalevikepid kasvavad p\u00f5\u00f5sasjate rohttaimedena.\" \/>\n<meta property=\"og:url\" content=\"https:\/\/tammetalu.eu\/toode\/harilik-kalevikepp-gaura-lindheimeri-gambit-rose-bicolor\/\" \/>\n<meta property=\"og:site_name\" content=\"Tamme talu \u00fcrdiaed\" \/>\n<meta property=\"article:publisher\" content=\"https:\/\/www.facebook.com\/TammeTaluUrdiaed\/?locale=et_EE\" \/>\n<meta property=\"article:modified_time\" content=\"2026-04-16T14:03:02+00:00\" \/>\n<meta property=\"og:image\" content=\"https:\/\/tammetalu.eu\/wp-content\/uploads\/2025\/01\/Harilik_kalevikepp_Gaura-lindheimeri-Gambit\u00ae-Rose-Bicolor_Tamme_talu_urdiaed.webp\" \/>\n\t<meta property=\"og:image:width\" content=\"564\" \/>\n\t<meta property=\"og:image:height\" content=\"689\" \/>\n\t<meta property=\"og:image:type\" content=\"image\/webp\" \/>\n<meta name=\"twitter:card\" content=\"summary_large_image\" \/>\n<meta name=\"twitter:label1\" content=\"Est. reading time\" \/>\n\t<meta name=\"twitter:data1\" content=\"1 minute\" \/>\n<script type=\"application\/ld+json\" class=\"yoast-schema-graph\">{\"@context\":\"https:\/\/schema.org\",\"@graph\":[{\"@type\":\"WebPage\",\"@id\":\"https:\/\/tammetalu.eu\/toode\/harilik-kalevikepp-gaura-lindheimeri-gambit-rose-bicolor\/\",\"url\":\"https:\/\/tammetalu.eu\/toode\/harilik-kalevikepp-gaura-lindheimeri-gambit-rose-bicolor\/\",\"name\":\"Harilik kalevikepp (Gaura lindheimeri) \\\"Gambit\u00ae Rose Bicolor\\\" - Tamme talu \u00fcrdiaed\",\"isPartOf\":{\"@id\":\"https:\/\/tammetalu.eu\/#website\"},\"primaryImageOfPage\":{\"@id\":\"https:\/\/tammetalu.eu\/toode\/harilik-kalevikepp-gaura-lindheimeri-gambit-rose-bicolor\/#primaryimage\"},\"image\":{\"@id\":\"https:\/\/tammetalu.eu\/toode\/harilik-kalevikepp-gaura-lindheimeri-gambit-rose-bicolor\/#primaryimage\"},\"thumbnailUrl\":\"https:\/\/tammetalu.eu\/wp-content\/uploads\/2025\/01\/Harilik_kalevikepp_Gaura-lindheimeri-Gambit\u00ae-Rose-Bicolor_Tamme_talu_urdiaed.webp\",\"datePublished\":\"2025-02-05T16:05:28+00:00\",\"dateModified\":\"2026-04-16T14:03:02+00:00\",\"description\":\"Kalevikepid on t\u00f5elised p\u00e4ikesekummardajad, k\u00f5ige paremini paitab nende lillede ilu v\u00e4lja p\u00e4ikselisel kasvukohal.Hariliku kalevikepi looduslik areaal on Mehhiko ja USA l\u00f5unapoolsed piirkonnad, kus kalevikepid kasvavad p\u00f5\u00f5sasjate rohttaimedena.\",\"breadcrumb\":{\"@id\":\"https:\/\/tammetalu.eu\/toode\/harilik-kalevikepp-gaura-lindheimeri-gambit-rose-bicolor\/#breadcrumb\"},\"inLanguage\":\"en-US\",\"potentialAction\":[{\"@type\":\"ReadAction\",\"target\":[\"https:\/\/tammetalu.eu\/toode\/harilik-kalevikepp-gaura-lindheimeri-gambit-rose-bicolor\/\"]}]},{\"@type\":\"ImageObject\",\"inLanguage\":\"en-US\",\"@id\":\"https:\/\/tammetalu.eu\/toode\/harilik-kalevikepp-gaura-lindheimeri-gambit-rose-bicolor\/#primaryimage\",\"url\":\"https:\/\/tammetalu.eu\/wp-content\/uploads\/2025\/01\/Harilik_kalevikepp_Gaura-lindheimeri-Gambit\u00ae-Rose-Bicolor_Tamme_talu_urdiaed.webp\",\"contentUrl\":\"https:\/\/tammetalu.eu\/wp-content\/uploads\/2025\/01\/Harilik_kalevikepp_Gaura-lindheimeri-Gambit\u00ae-Rose-Bicolor_Tamme_talu_urdiaed.webp\",\"width\":564,\"height\":689,\"caption\":\"Harilik_kalevikepp_Gaura-lindheimeri-Gambit\u00ae-Rose-Bicolor_Tamme_talu_urdiaed\"},{\"@type\":\"BreadcrumbList\",\"@id\":\"https:\/\/tammetalu.eu\/toode\/harilik-kalevikepp-gaura-lindheimeri-gambit-rose-bicolor\/#breadcrumb\",\"itemListElement\":[{\"@type\":\"ListItem\",\"position\":1,\"name\":\"Home\",\"item\":\"https:\/\/tammetalu.eu\/en\/esileht-eng\/\"},{\"@type\":\"ListItem\",\"position\":2,\"name\":\"Shop\",\"item\":\"https:\/\/tammetalu.eu\/en\/shop\/\"},{\"@type\":\"ListItem\",\"position\":3,\"name\":\"Harilik kalevikepp (Gaura lindheimeri) &#8220;Gambit\u00ae Rose Bicolor&#8221;\"}]},{\"@type\":\"WebSite\",\"@id\":\"https:\/\/tammetalu.eu\/#website\",\"url\":\"https:\/\/tammetalu.eu\/\",\"name\":\"Tamme talu \u00fcrdiaed\",\"description\":\"K\u00e4sit\u00f6\u00f6na valmistatud tooted \u00fcrtidest, \u00fcrdiistikud, \u00fcrtide kollektsioonaed\",\"publisher\":{\"@id\":\"https:\/\/tammetalu.eu\/#organization\"},\"alternateName\":\"Tamme talu\",\"potentialAction\":[{\"@type\":\"SearchAction\",\"target\":{\"@type\":\"EntryPoint\",\"urlTemplate\":\"https:\/\/tammetalu.eu\/?s={search_term_string}\"},\"query-input\":{\"@type\":\"PropertyValueSpecification\",\"valueRequired\":true,\"valueName\":\"search_term_string\"}}],\"inLanguage\":\"en-US\"},{\"@type\":\"Organization\",\"@id\":\"https:\/\/tammetalu.eu\/#organization\",\"name\":\"Tamme talu \u00fcrdiaed\",\"alternateName\":\"Tamme talu\",\"url\":\"https:\/\/tammetalu.eu\/\",\"logo\":{\"@type\":\"ImageObject\",\"inLanguage\":\"en-US\",\"@id\":\"https:\/\/tammetalu.eu\/#\/schema\/logo\/image\/\",\"url\":\"https:\/\/tammetalu.eu\/wp-content\/uploads\/2025\/01\/Tamme_talu_urdiaed.png\",\"contentUrl\":\"https:\/\/tammetalu.eu\/wp-content\/uploads\/2025\/01\/Tamme_talu_urdiaed.png\",\"width\":560,\"height\":560,\"caption\":\"Tamme talu \u00fcrdiaed\"},\"image\":{\"@id\":\"https:\/\/tammetalu.eu\/#\/schema\/logo\/image\/\"},\"sameAs\":[\"https:\/\/www.facebook.com\/TammeTaluUrdiaed\/?locale=et_EE\",\"https:\/\/www.instagram.com\/tammetaluurdiaed\/\"]}]}<\/script>\n<!-- \/ Yoast SEO plugin. -->","yoast_head_json":{"title":"Harilik kalevikepp (Gaura lindheimeri) \"Gambit\u00ae Rose Bicolor\" - Tamme talu \u00fcrdiaed","description":"Kalevikepid on t\u00f5elised p\u00e4ikesekummardajad, k\u00f5ige paremini paitab nende lillede ilu v\u00e4lja p\u00e4ikselisel kasvukohal.Hariliku kalevikepi looduslik areaal on Mehhiko ja USA l\u00f5unapoolsed piirkonnad, kus kalevikepid kasvavad p\u00f5\u00f5sasjate rohttaimedena.","robots":{"index":"index","follow":"follow","max-snippet":"max-snippet:-1","max-image-preview":"max-image-preview:large","max-video-preview":"max-video-preview:-1"},"canonical":"https:\/\/tammetalu.eu\/toode\/harilik-kalevikepp-gaura-lindheimeri-gambit-rose-bicolor\/","og_locale":"en_US","og_type":"article","og_title":"Harilik kalevikepp (Gaura lindheimeri) \"Gambit\u00ae Rose Bicolor\" - Tamme talu \u00fcrdiaed","og_description":"Kalevikepid on t\u00f5elised p\u00e4ikesekummardajad, k\u00f5ige paremini paitab nende lillede ilu v\u00e4lja p\u00e4ikselisel kasvukohal.Hariliku kalevikepi looduslik areaal on Mehhiko ja USA l\u00f5unapoolsed piirkonnad, kus kalevikepid kasvavad p\u00f5\u00f5sasjate rohttaimedena.","og_url":"https:\/\/tammetalu.eu\/toode\/harilik-kalevikepp-gaura-lindheimeri-gambit-rose-bicolor\/","og_site_name":"Tamme talu \u00fcrdiaed","article_publisher":"https:\/\/www.facebook.com\/TammeTaluUrdiaed\/?locale=et_EE","article_modified_time":"2026-04-16T14:03:02+00:00","og_image":[{"width":564,"height":689,"url":"https:\/\/tammetalu.eu\/wp-content\/uploads\/2025\/01\/Harilik_kalevikepp_Gaura-lindheimeri-Gambit\u00ae-Rose-Bicolor_Tamme_talu_urdiaed.webp","type":"image\/webp"}],"twitter_card":"summary_large_image","twitter_misc":{"Est. reading time":"1 minute"},"schema":{"@context":"https:\/\/schema.org","@graph":[{"@type":"WebPage","@id":"https:\/\/tammetalu.eu\/toode\/harilik-kalevikepp-gaura-lindheimeri-gambit-rose-bicolor\/","url":"https:\/\/tammetalu.eu\/toode\/harilik-kalevikepp-gaura-lindheimeri-gambit-rose-bicolor\/","name":"Harilik kalevikepp (Gaura lindheimeri) \"Gambit\u00ae Rose Bicolor\" - Tamme talu \u00fcrdiaed","isPartOf":{"@id":"https:\/\/tammetalu.eu\/#website"},"primaryImageOfPage":{"@id":"https:\/\/tammetalu.eu\/toode\/harilik-kalevikepp-gaura-lindheimeri-gambit-rose-bicolor\/#primaryimage"},"image":{"@id":"https:\/\/tammetalu.eu\/toode\/harilik-kalevikepp-gaura-lindheimeri-gambit-rose-bicolor\/#primaryimage"},"thumbnailUrl":"https:\/\/tammetalu.eu\/wp-content\/uploads\/2025\/01\/Harilik_kalevikepp_Gaura-lindheimeri-Gambit\u00ae-Rose-Bicolor_Tamme_talu_urdiaed.webp","datePublished":"2025-02-05T16:05:28+00:00","dateModified":"2026-04-16T14:03:02+00:00","description":"Kalevikepid on t\u00f5elised p\u00e4ikesekummardajad, k\u00f5ige paremini paitab nende lillede ilu v\u00e4lja p\u00e4ikselisel kasvukohal.Hariliku kalevikepi looduslik areaal on Mehhiko ja USA l\u00f5unapoolsed piirkonnad, kus kalevikepid kasvavad p\u00f5\u00f5sasjate rohttaimedena.","breadcrumb":{"@id":"https:\/\/tammetalu.eu\/toode\/harilik-kalevikepp-gaura-lindheimeri-gambit-rose-bicolor\/#breadcrumb"},"inLanguage":"en-US","potentialAction":[{"@type":"ReadAction","target":["https:\/\/tammetalu.eu\/toode\/harilik-kalevikepp-gaura-lindheimeri-gambit-rose-bicolor\/"]}]},{"@type":"ImageObject","inLanguage":"en-US","@id":"https:\/\/tammetalu.eu\/toode\/harilik-kalevikepp-gaura-lindheimeri-gambit-rose-bicolor\/#primaryimage","url":"https:\/\/tammetalu.eu\/wp-content\/uploads\/2025\/01\/Harilik_kalevikepp_Gaura-lindheimeri-Gambit\u00ae-Rose-Bicolor_Tamme_talu_urdiaed.webp","contentUrl":"https:\/\/tammetalu.eu\/wp-content\/uploads\/2025\/01\/Harilik_kalevikepp_Gaura-lindheimeri-Gambit\u00ae-Rose-Bicolor_Tamme_talu_urdiaed.webp","width":564,"height":689,"caption":"Harilik_kalevikepp_Gaura-lindheimeri-Gambit\u00ae-Rose-Bicolor_Tamme_talu_urdiaed"},{"@type":"BreadcrumbList","@id":"https:\/\/tammetalu.eu\/toode\/harilik-kalevikepp-gaura-lindheimeri-gambit-rose-bicolor\/#breadcrumb","itemListElement":[{"@type":"ListItem","position":1,"name":"Home","item":"https:\/\/tammetalu.eu\/en\/esileht-eng\/"},{"@type":"ListItem","position":2,"name":"Shop","item":"https:\/\/tammetalu.eu\/en\/shop\/"},{"@type":"ListItem","position":3,"name":"Harilik kalevikepp (Gaura lindheimeri) &#8220;Gambit\u00ae Rose Bicolor&#8221;"}]},{"@type":"WebSite","@id":"https:\/\/tammetalu.eu\/#website","url":"https:\/\/tammetalu.eu\/","name":"Tamme talu \u00fcrdiaed","description":"K\u00e4sit\u00f6\u00f6na valmistatud tooted \u00fcrtidest, \u00fcrdiistikud, \u00fcrtide kollektsioonaed","publisher":{"@id":"https:\/\/tammetalu.eu\/#organization"},"alternateName":"Tamme talu","potentialAction":[{"@type":"SearchAction","target":{"@type":"EntryPoint","urlTemplate":"https:\/\/tammetalu.eu\/?s={search_term_string}"},"query-input":{"@type":"PropertyValueSpecification","valueRequired":true,"valueName":"search_term_string"}}],"inLanguage":"en-US"},{"@type":"Organization","@id":"https:\/\/tammetalu.eu\/#organization","name":"Tamme talu \u00fcrdiaed","alternateName":"Tamme talu","url":"https:\/\/tammetalu.eu\/","logo":{"@type":"ImageObject","inLanguage":"en-US","@id":"https:\/\/tammetalu.eu\/#\/schema\/logo\/image\/","url":"https:\/\/tammetalu.eu\/wp-content\/uploads\/2025\/01\/Tamme_talu_urdiaed.png","contentUrl":"https:\/\/tammetalu.eu\/wp-content\/uploads\/2025\/01\/Tamme_talu_urdiaed.png","width":560,"height":560,"caption":"Tamme talu \u00fcrdiaed"},"image":{"@id":"https:\/\/tammetalu.eu\/#\/schema\/logo\/image\/"},"sameAs":["https:\/\/www.facebook.com\/TammeTaluUrdiaed\/?locale=et_EE","https:\/\/www.instagram.com\/tammetaluurdiaed\/"]}]}},"_links":{"self":[{"href":"https:\/\/tammetalu.eu\/en\/wp-json\/wp\/v2\/product\/23559","targetHints":{"allow":["GET"]}}],"collection":[{"href":"https:\/\/tammetalu.eu\/en\/wp-json\/wp\/v2\/product"}],"about":[{"href":"https:\/\/tammetalu.eu\/en\/wp-json\/wp\/v2\/types\/product"}],"wp:featuredmedia":[{"embeddable":true,"href":"https:\/\/tammetalu.eu\/en\/wp-json\/wp\/v2\/media\/23560"}],"wp:attachment":[{"href":"https:\/\/tammetalu.eu\/en\/wp-json\/wp\/v2\/media?parent=23559"}],"wp:term":[{"taxonomy":"product_brand","embeddable":true,"href":"https:\/\/tammetalu.eu\/en\/wp-json\/wp\/v2\/product_brand?post=23559"},{"taxonomy":"product_cat","embeddable":true,"href":"https:\/\/tammetalu.eu\/en\/wp-json\/wp\/v2\/product_cat?post=23559"},{"taxonomy":"product_tag","embeddable":true,"href":"https:\/\/tammetalu.eu\/en\/wp-json\/wp\/v2\/product_tag?post=23559"}],"curies":[{"name":"wp","href":"https:\/\/api.w.org\/{rel}","templated":true}]}}