{"id":23805,"date":"2025-02-05T13:56:28","date_gmt":"2025-02-05T11:56:28","guid":{"rendered":"https:\/\/tammetalu.eu\/?post_type=product&#038;p=23805"},"modified":"2026-05-04T08:49:17","modified_gmt":"2026-05-04T05:49:17","slug":"harilik-perovskia-blue-spire","status":"publish","type":"product","link":"https:\/\/tammetalu.eu\/en\/product\/harilik-perovskia-blue-spire\/","title":{"rendered":"Harilik perovskia Salvia yangii &#8220;Blue Spire&#8221;"},"content":{"rendered":"","protected":false},"excerpt":{"rendered":"<p><em>Perovskia atriplicifolia<\/em><\/p>\n<p>Harilik perovskia &#8220;Blue Spire&#8221; on h\u00f5bedaste hallide aromaatsete lehtede ja lillakas-siniste \u00f5isikutega ca 1,2 m cm k\u00f5rgune p\u00fcsik kuiva v\u00f5i pararasniiske mullaga peenrasse. Arbmastab tuulevaikset kohta ja t\u00e4isp\u00e4ikest, kuid lepib ka poolvarjuga. Perovskia on ilus ka enne \u00f5itsemist, kuna \u00f5iepungad on sinakad ja j\u00e4tavad mulje, nagu taim \u00f5itseks.<\/p>\n","protected":false},"featured_media":23806,"template":"","meta":{"_acf_changed":false,"_et_pb_use_builder":"","_et_pb_old_content":"","_et_gb_content_width":"","inline_featured_image":false},"product_brand":[],"product_cat":[186,200],"product_tag":[],"class_list":{"0":"post-23805","1":"product","2":"type-product","3":"status-publish","4":"has-post-thumbnail","6":"product_cat-maitse-ja-ravimtaimede-istikud","7":"product_cat-muud-maitsetaimed","9":"first","10":"outofstock","11":"taxable","12":"shipping-taxable","13":"purchasable","14":"product-type-simple"},"acf":[],"yoast_head":"<!-- This site is optimized with the Yoast SEO plugin v27.5 - https:\/\/yoast.com\/product\/yoast-seo-wordpress\/ -->\n<title>Harilik perovskia Salvia yangii &quot;Blue Spire&quot; - Tamme talu \u00fcrdiaed<\/title>\n<meta name=\"description\" content=\"Harilik perovskia &quot;Blue Spire&quot; on h\u00f5bedaste hallide aromaatsete lehtede ja lillakas-siniste \u00f5isikutega 50-80 cm k\u00f5rgune p\u00fcsik kuiva v\u00f5i pararasniiske mullaga peenrasse. Arbmastab tuulevaikset kohta ja t\u00e4isp\u00e4ikest, kuid lepib ka poolvarjuga. Perovskia on ilus ka enne \u00f5itsemist, kuna \u00f5iepungad on sinakad ja j\u00e4tavad mulje, nagu taim \u00f5itseks.\" \/>\n<meta name=\"robots\" content=\"index, follow, max-snippet:-1, max-image-preview:large, max-video-preview:-1\" \/>\n<link rel=\"canonical\" href=\"https:\/\/tammetalu.eu\/toode\/harilik-perovskia-blue-spire\/\" \/>\n<meta property=\"og:locale\" content=\"en_US\" \/>\n<meta property=\"og:type\" content=\"article\" \/>\n<meta property=\"og:title\" content=\"Harilik perovskia Salvia yangii &quot;Blue Spire&quot; - Tamme talu \u00fcrdiaed\" \/>\n<meta property=\"og:description\" content=\"Harilik perovskia &quot;Blue Spire&quot; on h\u00f5bedaste hallide aromaatsete lehtede ja lillakas-siniste \u00f5isikutega 50-80 cm k\u00f5rgune p\u00fcsik kuiva v\u00f5i pararasniiske mullaga peenrasse. Arbmastab tuulevaikset kohta ja t\u00e4isp\u00e4ikest, kuid lepib ka poolvarjuga. Perovskia on ilus ka enne \u00f5itsemist, kuna \u00f5iepungad on sinakad ja j\u00e4tavad mulje, nagu taim \u00f5itseks.\" \/>\n<meta property=\"og:url\" content=\"https:\/\/tammetalu.eu\/toode\/harilik-perovskia-blue-spire\/\" \/>\n<meta property=\"og:site_name\" content=\"Tamme talu \u00fcrdiaed\" \/>\n<meta property=\"article:publisher\" content=\"https:\/\/www.facebook.com\/TammeTaluUrdiaed\/?locale=et_EE\" \/>\n<meta property=\"article:modified_time\" content=\"2026-05-04T05:49:17+00:00\" \/>\n<meta property=\"og:image\" content=\"https:\/\/tammetalu.eu\/wp-content\/uploads\/2025\/02\/Harilik_perovskia_perovskia_atriplicifolia_blue_spire_Tamme_talu_urdiaed.webp\" \/>\n\t<meta property=\"og:image:width\" content=\"800\" \/>\n\t<meta property=\"og:image:height\" content=\"800\" \/>\n\t<meta property=\"og:image:type\" content=\"image\/webp\" \/>\n<meta name=\"twitter:card\" content=\"summary_large_image\" \/>\n<meta name=\"twitter:label1\" content=\"Est. reading time\" \/>\n\t<meta name=\"twitter:data1\" content=\"1 minute\" \/>\n<script type=\"application\/ld+json\" class=\"yoast-schema-graph\">{\"@context\":\"https:\\\/\\\/schema.org\",\"@graph\":[{\"@type\":\"WebPage\",\"@id\":\"https:\\\/\\\/tammetalu.eu\\\/toode\\\/harilik-perovskia-blue-spire\\\/\",\"url\":\"https:\\\/\\\/tammetalu.eu\\\/toode\\\/harilik-perovskia-blue-spire\\\/\",\"name\":\"Harilik perovskia Salvia yangii \\\"Blue Spire\\\" - Tamme talu \u00fcrdiaed\",\"isPartOf\":{\"@id\":\"https:\\\/\\\/tammetalu.eu\\\/#website\"},\"primaryImageOfPage\":{\"@id\":\"https:\\\/\\\/tammetalu.eu\\\/toode\\\/harilik-perovskia-blue-spire\\\/#primaryimage\"},\"image\":{\"@id\":\"https:\\\/\\\/tammetalu.eu\\\/toode\\\/harilik-perovskia-blue-spire\\\/#primaryimage\"},\"thumbnailUrl\":\"https:\\\/\\\/tammetalu.eu\\\/wp-content\\\/uploads\\\/2025\\\/02\\\/Harilik_perovskia_perovskia_atriplicifolia_blue_spire_Tamme_talu_urdiaed.webp\",\"datePublished\":\"2025-02-05T11:56:28+00:00\",\"dateModified\":\"2026-05-04T05:49:17+00:00\",\"description\":\"Harilik perovskia \\\"Blue Spire\\\" on h\u00f5bedaste hallide aromaatsete lehtede ja lillakas-siniste \u00f5isikutega 50-80 cm k\u00f5rgune p\u00fcsik kuiva v\u00f5i pararasniiske mullaga peenrasse. Arbmastab tuulevaikset kohta ja t\u00e4isp\u00e4ikest, kuid lepib ka poolvarjuga. Perovskia on ilus ka enne \u00f5itsemist, kuna \u00f5iepungad on sinakad ja j\u00e4tavad mulje, nagu taim \u00f5itseks.\",\"breadcrumb\":{\"@id\":\"https:\\\/\\\/tammetalu.eu\\\/toode\\\/harilik-perovskia-blue-spire\\\/#breadcrumb\"},\"inLanguage\":\"en-US\",\"potentialAction\":[{\"@type\":\"ReadAction\",\"target\":[\"https:\\\/\\\/tammetalu.eu\\\/toode\\\/harilik-perovskia-blue-spire\\\/\"]}]},{\"@type\":\"ImageObject\",\"inLanguage\":\"en-US\",\"@id\":\"https:\\\/\\\/tammetalu.eu\\\/toode\\\/harilik-perovskia-blue-spire\\\/#primaryimage\",\"url\":\"https:\\\/\\\/tammetalu.eu\\\/wp-content\\\/uploads\\\/2025\\\/02\\\/Harilik_perovskia_perovskia_atriplicifolia_blue_spire_Tamme_talu_urdiaed.webp\",\"contentUrl\":\"https:\\\/\\\/tammetalu.eu\\\/wp-content\\\/uploads\\\/2025\\\/02\\\/Harilik_perovskia_perovskia_atriplicifolia_blue_spire_Tamme_talu_urdiaed.webp\",\"width\":800,\"height\":800,\"caption\":\"Harilik_perovskia_perovskia_atriplicifolia_blue_spire_Tamme_talu_urdiaed\"},{\"@type\":\"BreadcrumbList\",\"@id\":\"https:\\\/\\\/tammetalu.eu\\\/toode\\\/harilik-perovskia-blue-spire\\\/#breadcrumb\",\"itemListElement\":[{\"@type\":\"ListItem\",\"position\":1,\"name\":\"Home\",\"item\":\"https:\\\/\\\/tammetalu.eu\\\/en\\\/esileht-eng\\\/\"},{\"@type\":\"ListItem\",\"position\":2,\"name\":\"Shop\",\"item\":\"https:\\\/\\\/tammetalu.eu\\\/en\\\/shop\\\/\"},{\"@type\":\"ListItem\",\"position\":3,\"name\":\"Harilik perovskia Salvia yangii &#8220;Blue Spire&#8221;\"}]},{\"@type\":\"WebSite\",\"@id\":\"https:\\\/\\\/tammetalu.eu\\\/#website\",\"url\":\"https:\\\/\\\/tammetalu.eu\\\/\",\"name\":\"Tamme talu \u00fcrdiaed\",\"description\":\"K\u00e4sit\u00f6\u00f6na valmistatud tooted \u00fcrtidest, \u00fcrdiistikud, \u00fcrtide kollektsioonaed\",\"publisher\":{\"@id\":\"https:\\\/\\\/tammetalu.eu\\\/#organization\"},\"alternateName\":\"Tamme talu\",\"potentialAction\":[{\"@type\":\"SearchAction\",\"target\":{\"@type\":\"EntryPoint\",\"urlTemplate\":\"https:\\\/\\\/tammetalu.eu\\\/?s={search_term_string}\"},\"query-input\":{\"@type\":\"PropertyValueSpecification\",\"valueRequired\":true,\"valueName\":\"search_term_string\"}}],\"inLanguage\":\"en-US\"},{\"@type\":\"Organization\",\"@id\":\"https:\\\/\\\/tammetalu.eu\\\/#organization\",\"name\":\"Tamme talu \u00fcrdiaed\",\"alternateName\":\"Tamme talu\",\"url\":\"https:\\\/\\\/tammetalu.eu\\\/\",\"logo\":{\"@type\":\"ImageObject\",\"inLanguage\":\"en-US\",\"@id\":\"https:\\\/\\\/tammetalu.eu\\\/#\\\/schema\\\/logo\\\/image\\\/\",\"url\":\"https:\\\/\\\/tammetalu.eu\\\/wp-content\\\/uploads\\\/2025\\\/01\\\/Tamme_talu_urdiaed.png\",\"contentUrl\":\"https:\\\/\\\/tammetalu.eu\\\/wp-content\\\/uploads\\\/2025\\\/01\\\/Tamme_talu_urdiaed.png\",\"width\":560,\"height\":560,\"caption\":\"Tamme talu \u00fcrdiaed\"},\"image\":{\"@id\":\"https:\\\/\\\/tammetalu.eu\\\/#\\\/schema\\\/logo\\\/image\\\/\"},\"sameAs\":[\"https:\\\/\\\/www.facebook.com\\\/TammeTaluUrdiaed\\\/?locale=et_EE\",\"https:\\\/\\\/www.instagram.com\\\/tammetaluurdiaed\\\/\"]}]}<\/script>\n<!-- \/ Yoast SEO plugin. -->","yoast_head_json":{"title":"Harilik perovskia Salvia yangii \"Blue Spire\" - Tamme talu \u00fcrdiaed","description":"Harilik perovskia \"Blue Spire\" on h\u00f5bedaste hallide aromaatsete lehtede ja lillakas-siniste \u00f5isikutega 50-80 cm k\u00f5rgune p\u00fcsik kuiva v\u00f5i pararasniiske mullaga peenrasse. Arbmastab tuulevaikset kohta ja t\u00e4isp\u00e4ikest, kuid lepib ka poolvarjuga. Perovskia on ilus ka enne \u00f5itsemist, kuna \u00f5iepungad on sinakad ja j\u00e4tavad mulje, nagu taim \u00f5itseks.","robots":{"index":"index","follow":"follow","max-snippet":"max-snippet:-1","max-image-preview":"max-image-preview:large","max-video-preview":"max-video-preview:-1"},"canonical":"https:\/\/tammetalu.eu\/toode\/harilik-perovskia-blue-spire\/","og_locale":"en_US","og_type":"article","og_title":"Harilik perovskia Salvia yangii \"Blue Spire\" - Tamme talu \u00fcrdiaed","og_description":"Harilik perovskia \"Blue Spire\" on h\u00f5bedaste hallide aromaatsete lehtede ja lillakas-siniste \u00f5isikutega 50-80 cm k\u00f5rgune p\u00fcsik kuiva v\u00f5i pararasniiske mullaga peenrasse. Arbmastab tuulevaikset kohta ja t\u00e4isp\u00e4ikest, kuid lepib ka poolvarjuga. Perovskia on ilus ka enne \u00f5itsemist, kuna \u00f5iepungad on sinakad ja j\u00e4tavad mulje, nagu taim \u00f5itseks.","og_url":"https:\/\/tammetalu.eu\/toode\/harilik-perovskia-blue-spire\/","og_site_name":"Tamme talu \u00fcrdiaed","article_publisher":"https:\/\/www.facebook.com\/TammeTaluUrdiaed\/?locale=et_EE","article_modified_time":"2026-05-04T05:49:17+00:00","og_image":[{"width":800,"height":800,"url":"https:\/\/tammetalu.eu\/wp-content\/uploads\/2025\/02\/Harilik_perovskia_perovskia_atriplicifolia_blue_spire_Tamme_talu_urdiaed.webp","type":"image\/webp"}],"twitter_card":"summary_large_image","twitter_misc":{"Est. reading time":"1 minute"},"schema":{"@context":"https:\/\/schema.org","@graph":[{"@type":"WebPage","@id":"https:\/\/tammetalu.eu\/toode\/harilik-perovskia-blue-spire\/","url":"https:\/\/tammetalu.eu\/toode\/harilik-perovskia-blue-spire\/","name":"Harilik perovskia Salvia yangii \"Blue Spire\" - Tamme talu \u00fcrdiaed","isPartOf":{"@id":"https:\/\/tammetalu.eu\/#website"},"primaryImageOfPage":{"@id":"https:\/\/tammetalu.eu\/toode\/harilik-perovskia-blue-spire\/#primaryimage"},"image":{"@id":"https:\/\/tammetalu.eu\/toode\/harilik-perovskia-blue-spire\/#primaryimage"},"thumbnailUrl":"https:\/\/tammetalu.eu\/wp-content\/uploads\/2025\/02\/Harilik_perovskia_perovskia_atriplicifolia_blue_spire_Tamme_talu_urdiaed.webp","datePublished":"2025-02-05T11:56:28+00:00","dateModified":"2026-05-04T05:49:17+00:00","description":"Harilik perovskia \"Blue Spire\" on h\u00f5bedaste hallide aromaatsete lehtede ja lillakas-siniste \u00f5isikutega 50-80 cm k\u00f5rgune p\u00fcsik kuiva v\u00f5i pararasniiske mullaga peenrasse. Arbmastab tuulevaikset kohta ja t\u00e4isp\u00e4ikest, kuid lepib ka poolvarjuga. Perovskia on ilus ka enne \u00f5itsemist, kuna \u00f5iepungad on sinakad ja j\u00e4tavad mulje, nagu taim \u00f5itseks.","breadcrumb":{"@id":"https:\/\/tammetalu.eu\/toode\/harilik-perovskia-blue-spire\/#breadcrumb"},"inLanguage":"en-US","potentialAction":[{"@type":"ReadAction","target":["https:\/\/tammetalu.eu\/toode\/harilik-perovskia-blue-spire\/"]}]},{"@type":"ImageObject","inLanguage":"en-US","@id":"https:\/\/tammetalu.eu\/toode\/harilik-perovskia-blue-spire\/#primaryimage","url":"https:\/\/tammetalu.eu\/wp-content\/uploads\/2025\/02\/Harilik_perovskia_perovskia_atriplicifolia_blue_spire_Tamme_talu_urdiaed.webp","contentUrl":"https:\/\/tammetalu.eu\/wp-content\/uploads\/2025\/02\/Harilik_perovskia_perovskia_atriplicifolia_blue_spire_Tamme_talu_urdiaed.webp","width":800,"height":800,"caption":"Harilik_perovskia_perovskia_atriplicifolia_blue_spire_Tamme_talu_urdiaed"},{"@type":"BreadcrumbList","@id":"https:\/\/tammetalu.eu\/toode\/harilik-perovskia-blue-spire\/#breadcrumb","itemListElement":[{"@type":"ListItem","position":1,"name":"Home","item":"https:\/\/tammetalu.eu\/en\/esileht-eng\/"},{"@type":"ListItem","position":2,"name":"Shop","item":"https:\/\/tammetalu.eu\/en\/shop\/"},{"@type":"ListItem","position":3,"name":"Harilik perovskia Salvia yangii &#8220;Blue Spire&#8221;"}]},{"@type":"WebSite","@id":"https:\/\/tammetalu.eu\/#website","url":"https:\/\/tammetalu.eu\/","name":"Tamme talu \u00fcrdiaed","description":"K\u00e4sit\u00f6\u00f6na valmistatud tooted \u00fcrtidest, \u00fcrdiistikud, \u00fcrtide kollektsioonaed","publisher":{"@id":"https:\/\/tammetalu.eu\/#organization"},"alternateName":"Tamme talu","potentialAction":[{"@type":"SearchAction","target":{"@type":"EntryPoint","urlTemplate":"https:\/\/tammetalu.eu\/?s={search_term_string}"},"query-input":{"@type":"PropertyValueSpecification","valueRequired":true,"valueName":"search_term_string"}}],"inLanguage":"en-US"},{"@type":"Organization","@id":"https:\/\/tammetalu.eu\/#organization","name":"Tamme talu \u00fcrdiaed","alternateName":"Tamme talu","url":"https:\/\/tammetalu.eu\/","logo":{"@type":"ImageObject","inLanguage":"en-US","@id":"https:\/\/tammetalu.eu\/#\/schema\/logo\/image\/","url":"https:\/\/tammetalu.eu\/wp-content\/uploads\/2025\/01\/Tamme_talu_urdiaed.png","contentUrl":"https:\/\/tammetalu.eu\/wp-content\/uploads\/2025\/01\/Tamme_talu_urdiaed.png","width":560,"height":560,"caption":"Tamme talu \u00fcrdiaed"},"image":{"@id":"https:\/\/tammetalu.eu\/#\/schema\/logo\/image\/"},"sameAs":["https:\/\/www.facebook.com\/TammeTaluUrdiaed\/?locale=et_EE","https:\/\/www.instagram.com\/tammetaluurdiaed\/"]}]}},"_links":{"self":[{"href":"https:\/\/tammetalu.eu\/en\/wp-json\/wp\/v2\/product\/23805","targetHints":{"allow":["GET"]}}],"collection":[{"href":"https:\/\/tammetalu.eu\/en\/wp-json\/wp\/v2\/product"}],"about":[{"href":"https:\/\/tammetalu.eu\/en\/wp-json\/wp\/v2\/types\/product"}],"wp:featuredmedia":[{"embeddable":true,"href":"https:\/\/tammetalu.eu\/en\/wp-json\/wp\/v2\/media\/23806"}],"wp:attachment":[{"href":"https:\/\/tammetalu.eu\/en\/wp-json\/wp\/v2\/media?parent=23805"}],"wp:term":[{"taxonomy":"product_brand","embeddable":true,"href":"https:\/\/tammetalu.eu\/en\/wp-json\/wp\/v2\/product_brand?post=23805"},{"taxonomy":"product_cat","embeddable":true,"href":"https:\/\/tammetalu.eu\/en\/wp-json\/wp\/v2\/product_cat?post=23805"},{"taxonomy":"product_tag","embeddable":true,"href":"https:\/\/tammetalu.eu\/en\/wp-json\/wp\/v2\/product_tag?post=23805"}],"curies":[{"name":"wp","href":"https:\/\/api.w.org\/{rel}","templated":true}]}}