{"id":23887,"date":"2025-02-06T10:59:51","date_gmt":"2025-02-06T08:59:51","guid":{"rendered":"https:\/\/tammetalu.eu\/?post_type=product&#038;p=23887"},"modified":"2026-04-16T12:20:49","modified_gmt":"2026-04-16T09:20:49","slug":"vaike-mungalill-baby-orange","status":"publish","type":"product","link":"https:\/\/tammetalu.eu\/en\/product\/vaike-mungalill-baby-orange\/","title":{"rendered":"V\u00e4ike mungalill Tropaeolum minus &#8220;Baby Orange&#8221;"},"content":{"rendered":"","protected":false},"excerpt":{"rendered":"<p><em>Tropaeolum minus<\/em><\/p>\n<p>V\u00e4ikse mungalille ehk rahvap\u00e4raselt kressi sordil &#8220;Baby Orange&#8221;\u00a0 lehed on tumerohelised lehed ja oran\u017eid \u00f5ied. See mungalille sort kasvab kompaktse puhmikuna, mille laius on kuni 30 cm ja k\u00f5rgus kuni 30 cm.<\/p>\n<p>\u00d5itsemise aeg on juunist kuni s\u00fcgisk\u00fclmadeni v\u00e4lja. V\u00e4ga kaunis ja lihtsasti kasvatatv suvelill, maitsetaim ja ravimtaim, mille kasvatamine on igati j\u00f5ukohane ka algajale aednikule. Kressi kasvamiseks sobib t\u00e4isp\u00e4ike kuni vari. Kasvab tavalises parasniiskes viljakas aiamullas. Saab kasvatada r\u00f5du- ja terrassitaimena potis. Sobib kasutada l\u00f5ikelillena.<\/p>\n<p>Kressi v\u00fcrtsika maitsega lehti, \u00f5isi, \u00f5iepungi ja noori seemneid saab kasutada toorelt, kuumt\u00f6\u00f6deldult ja ka erinevate hoidistena. Suurt mungalille kasutatakse rahvameditsiinis antiseptilise vahendina ja r\u00f6ga lahtistajana, kuseteede infektsioonide, rindkere k\u00fclmetushaiguste ja juuste v\u00e4ljalangemise korral.<\/p>\n<p>&nbsp;<\/p>\n","protected":false},"featured_media":23888,"template":"","meta":{"_acf_changed":false,"_et_pb_use_builder":"","_et_pb_old_content":"","_et_gb_content_width":"","inline_featured_image":false},"product_brand":[],"product_cat":[186,200],"product_tag":[],"class_list":{"0":"post-23887","1":"product","2":"type-product","3":"status-publish","4":"has-post-thumbnail","6":"product_cat-maitse-ja-ravimtaimede-istikud","7":"product_cat-muud-maitsetaimed","9":"first","10":"instock","11":"sale","12":"taxable","13":"shipping-taxable","14":"purchasable","15":"product-type-simple"},"acf":[],"yoast_head":"<!-- This site is optimized with the Yoast SEO plugin v26.4 - https:\/\/yoast.com\/wordpress\/plugins\/seo\/ -->\n<title>V\u00e4ike mungalill Tropaeolum minus &quot;Baby Orange&quot; - Tamme talu \u00fcrdiaed<\/title>\n<meta name=\"description\" content=\"V\u00e4ikse mungalille ehk rahvap\u00e4raselt kressi sordil &quot;Baby Orange&quot;\u00a0 lehed on tumerohelised lehed ja oran\u017eid \u00f5ied. See mungalille sort kasvab kompaktse puhmikuna, mille laius on kuni 30 cm ja k\u00f5rgus kuni 30 cm.\" \/>\n<meta name=\"robots\" content=\"index, follow, max-snippet:-1, max-image-preview:large, max-video-preview:-1\" \/>\n<link rel=\"canonical\" href=\"https:\/\/tammetalu.eu\/toode\/vaike-mungalill-baby-orange\/\" \/>\n<meta property=\"og:locale\" content=\"en_US\" \/>\n<meta property=\"og:type\" content=\"article\" \/>\n<meta property=\"og:title\" content=\"V\u00e4ike mungalill Tropaeolum minus &quot;Baby Orange&quot; - Tamme talu \u00fcrdiaed\" \/>\n<meta property=\"og:description\" content=\"V\u00e4ikse mungalille ehk rahvap\u00e4raselt kressi sordil &quot;Baby Orange&quot;\u00a0 lehed on tumerohelised lehed ja oran\u017eid \u00f5ied. See mungalille sort kasvab kompaktse puhmikuna, mille laius on kuni 30 cm ja k\u00f5rgus kuni 30 cm.\" \/>\n<meta property=\"og:url\" content=\"https:\/\/tammetalu.eu\/toode\/vaike-mungalill-baby-orange\/\" \/>\n<meta property=\"og:site_name\" content=\"Tamme talu \u00fcrdiaed\" \/>\n<meta property=\"article:publisher\" content=\"https:\/\/www.facebook.com\/TammeTaluUrdiaed\/?locale=et_EE\" \/>\n<meta property=\"article:modified_time\" content=\"2026-04-16T09:20:49+00:00\" \/>\n<meta property=\"og:image\" content=\"https:\/\/tammetalu.eu\/wp-content\/uploads\/2025\/02\/Vaike_mungalill_Tropaeolum_minus_Baby_Orange_Tamme_talu_urdiaed.webp\" \/>\n\t<meta property=\"og:image:width\" content=\"800\" \/>\n\t<meta property=\"og:image:height\" content=\"800\" \/>\n\t<meta property=\"og:image:type\" content=\"image\/webp\" \/>\n<meta name=\"twitter:card\" content=\"summary_large_image\" \/>\n<meta name=\"twitter:label1\" content=\"Est. reading time\" \/>\n\t<meta name=\"twitter:data1\" content=\"1 minute\" \/>\n<script type=\"application\/ld+json\" class=\"yoast-schema-graph\">{\"@context\":\"https:\/\/schema.org\",\"@graph\":[{\"@type\":\"WebPage\",\"@id\":\"https:\/\/tammetalu.eu\/toode\/vaike-mungalill-baby-orange\/\",\"url\":\"https:\/\/tammetalu.eu\/toode\/vaike-mungalill-baby-orange\/\",\"name\":\"V\u00e4ike mungalill Tropaeolum minus \\\"Baby Orange\\\" - Tamme talu \u00fcrdiaed\",\"isPartOf\":{\"@id\":\"https:\/\/tammetalu.eu\/#website\"},\"primaryImageOfPage\":{\"@id\":\"https:\/\/tammetalu.eu\/toode\/vaike-mungalill-baby-orange\/#primaryimage\"},\"image\":{\"@id\":\"https:\/\/tammetalu.eu\/toode\/vaike-mungalill-baby-orange\/#primaryimage\"},\"thumbnailUrl\":\"https:\/\/tammetalu.eu\/wp-content\/uploads\/2025\/02\/Vaike_mungalill_Tropaeolum_minus_Baby_Orange_Tamme_talu_urdiaed.webp\",\"datePublished\":\"2025-02-06T08:59:51+00:00\",\"dateModified\":\"2026-04-16T09:20:49+00:00\",\"description\":\"V\u00e4ikse mungalille ehk rahvap\u00e4raselt kressi sordil \\\"Baby Orange\\\"\u00a0 lehed on tumerohelised lehed ja oran\u017eid \u00f5ied. See mungalille sort kasvab kompaktse puhmikuna, mille laius on kuni 30 cm ja k\u00f5rgus kuni 30 cm.\",\"breadcrumb\":{\"@id\":\"https:\/\/tammetalu.eu\/toode\/vaike-mungalill-baby-orange\/#breadcrumb\"},\"inLanguage\":\"en-US\",\"potentialAction\":[{\"@type\":\"ReadAction\",\"target\":[\"https:\/\/tammetalu.eu\/toode\/vaike-mungalill-baby-orange\/\"]}]},{\"@type\":\"ImageObject\",\"inLanguage\":\"en-US\",\"@id\":\"https:\/\/tammetalu.eu\/toode\/vaike-mungalill-baby-orange\/#primaryimage\",\"url\":\"https:\/\/tammetalu.eu\/wp-content\/uploads\/2025\/02\/Vaike_mungalill_Tropaeolum_minus_Baby_Orange_Tamme_talu_urdiaed.webp\",\"contentUrl\":\"https:\/\/tammetalu.eu\/wp-content\/uploads\/2025\/02\/Vaike_mungalill_Tropaeolum_minus_Baby_Orange_Tamme_talu_urdiaed.webp\",\"width\":800,\"height\":800,\"caption\":\"Vaike_mungalill_Tropaeolum_minus_Baby_Orange_Tamme_talu_urdiaed\"},{\"@type\":\"BreadcrumbList\",\"@id\":\"https:\/\/tammetalu.eu\/toode\/vaike-mungalill-baby-orange\/#breadcrumb\",\"itemListElement\":[{\"@type\":\"ListItem\",\"position\":1,\"name\":\"Home\",\"item\":\"https:\/\/tammetalu.eu\/en\/esileht-eng\/\"},{\"@type\":\"ListItem\",\"position\":2,\"name\":\"Shop\",\"item\":\"https:\/\/tammetalu.eu\/en\/shop\/\"},{\"@type\":\"ListItem\",\"position\":3,\"name\":\"V\u00e4ike mungalill Tropaeolum minus &#8220;Baby Orange&#8221;\"}]},{\"@type\":\"WebSite\",\"@id\":\"https:\/\/tammetalu.eu\/#website\",\"url\":\"https:\/\/tammetalu.eu\/\",\"name\":\"Tamme talu \u00fcrdiaed\",\"description\":\"K\u00e4sit\u00f6\u00f6na valmistatud tooted \u00fcrtidest, \u00fcrdiistikud, \u00fcrtide kollektsioonaed\",\"publisher\":{\"@id\":\"https:\/\/tammetalu.eu\/#organization\"},\"alternateName\":\"Tamme talu\",\"potentialAction\":[{\"@type\":\"SearchAction\",\"target\":{\"@type\":\"EntryPoint\",\"urlTemplate\":\"https:\/\/tammetalu.eu\/?s={search_term_string}\"},\"query-input\":{\"@type\":\"PropertyValueSpecification\",\"valueRequired\":true,\"valueName\":\"search_term_string\"}}],\"inLanguage\":\"en-US\"},{\"@type\":\"Organization\",\"@id\":\"https:\/\/tammetalu.eu\/#organization\",\"name\":\"Tamme talu \u00fcrdiaed\",\"alternateName\":\"Tamme talu\",\"url\":\"https:\/\/tammetalu.eu\/\",\"logo\":{\"@type\":\"ImageObject\",\"inLanguage\":\"en-US\",\"@id\":\"https:\/\/tammetalu.eu\/#\/schema\/logo\/image\/\",\"url\":\"https:\/\/tammetalu.eu\/wp-content\/uploads\/2025\/01\/Tamme_talu_urdiaed.png\",\"contentUrl\":\"https:\/\/tammetalu.eu\/wp-content\/uploads\/2025\/01\/Tamme_talu_urdiaed.png\",\"width\":560,\"height\":560,\"caption\":\"Tamme talu \u00fcrdiaed\"},\"image\":{\"@id\":\"https:\/\/tammetalu.eu\/#\/schema\/logo\/image\/\"},\"sameAs\":[\"https:\/\/www.facebook.com\/TammeTaluUrdiaed\/?locale=et_EE\",\"https:\/\/www.instagram.com\/tammetaluurdiaed\/\"]}]}<\/script>\n<!-- \/ Yoast SEO plugin. -->","yoast_head_json":{"title":"V\u00e4ike mungalill Tropaeolum minus \"Baby Orange\" - Tamme talu \u00fcrdiaed","description":"V\u00e4ikse mungalille ehk rahvap\u00e4raselt kressi sordil \"Baby Orange\"\u00a0 lehed on tumerohelised lehed ja oran\u017eid \u00f5ied. See mungalille sort kasvab kompaktse puhmikuna, mille laius on kuni 30 cm ja k\u00f5rgus kuni 30 cm.","robots":{"index":"index","follow":"follow","max-snippet":"max-snippet:-1","max-image-preview":"max-image-preview:large","max-video-preview":"max-video-preview:-1"},"canonical":"https:\/\/tammetalu.eu\/toode\/vaike-mungalill-baby-orange\/","og_locale":"en_US","og_type":"article","og_title":"V\u00e4ike mungalill Tropaeolum minus \"Baby Orange\" - Tamme talu \u00fcrdiaed","og_description":"V\u00e4ikse mungalille ehk rahvap\u00e4raselt kressi sordil \"Baby Orange\"\u00a0 lehed on tumerohelised lehed ja oran\u017eid \u00f5ied. See mungalille sort kasvab kompaktse puhmikuna, mille laius on kuni 30 cm ja k\u00f5rgus kuni 30 cm.","og_url":"https:\/\/tammetalu.eu\/toode\/vaike-mungalill-baby-orange\/","og_site_name":"Tamme talu \u00fcrdiaed","article_publisher":"https:\/\/www.facebook.com\/TammeTaluUrdiaed\/?locale=et_EE","article_modified_time":"2026-04-16T09:20:49+00:00","og_image":[{"width":800,"height":800,"url":"https:\/\/tammetalu.eu\/wp-content\/uploads\/2025\/02\/Vaike_mungalill_Tropaeolum_minus_Baby_Orange_Tamme_talu_urdiaed.webp","type":"image\/webp"}],"twitter_card":"summary_large_image","twitter_misc":{"Est. reading time":"1 minute"},"schema":{"@context":"https:\/\/schema.org","@graph":[{"@type":"WebPage","@id":"https:\/\/tammetalu.eu\/toode\/vaike-mungalill-baby-orange\/","url":"https:\/\/tammetalu.eu\/toode\/vaike-mungalill-baby-orange\/","name":"V\u00e4ike mungalill Tropaeolum minus \"Baby Orange\" - Tamme talu \u00fcrdiaed","isPartOf":{"@id":"https:\/\/tammetalu.eu\/#website"},"primaryImageOfPage":{"@id":"https:\/\/tammetalu.eu\/toode\/vaike-mungalill-baby-orange\/#primaryimage"},"image":{"@id":"https:\/\/tammetalu.eu\/toode\/vaike-mungalill-baby-orange\/#primaryimage"},"thumbnailUrl":"https:\/\/tammetalu.eu\/wp-content\/uploads\/2025\/02\/Vaike_mungalill_Tropaeolum_minus_Baby_Orange_Tamme_talu_urdiaed.webp","datePublished":"2025-02-06T08:59:51+00:00","dateModified":"2026-04-16T09:20:49+00:00","description":"V\u00e4ikse mungalille ehk rahvap\u00e4raselt kressi sordil \"Baby Orange\"\u00a0 lehed on tumerohelised lehed ja oran\u017eid \u00f5ied. See mungalille sort kasvab kompaktse puhmikuna, mille laius on kuni 30 cm ja k\u00f5rgus kuni 30 cm.","breadcrumb":{"@id":"https:\/\/tammetalu.eu\/toode\/vaike-mungalill-baby-orange\/#breadcrumb"},"inLanguage":"en-US","potentialAction":[{"@type":"ReadAction","target":["https:\/\/tammetalu.eu\/toode\/vaike-mungalill-baby-orange\/"]}]},{"@type":"ImageObject","inLanguage":"en-US","@id":"https:\/\/tammetalu.eu\/toode\/vaike-mungalill-baby-orange\/#primaryimage","url":"https:\/\/tammetalu.eu\/wp-content\/uploads\/2025\/02\/Vaike_mungalill_Tropaeolum_minus_Baby_Orange_Tamme_talu_urdiaed.webp","contentUrl":"https:\/\/tammetalu.eu\/wp-content\/uploads\/2025\/02\/Vaike_mungalill_Tropaeolum_minus_Baby_Orange_Tamme_talu_urdiaed.webp","width":800,"height":800,"caption":"Vaike_mungalill_Tropaeolum_minus_Baby_Orange_Tamme_talu_urdiaed"},{"@type":"BreadcrumbList","@id":"https:\/\/tammetalu.eu\/toode\/vaike-mungalill-baby-orange\/#breadcrumb","itemListElement":[{"@type":"ListItem","position":1,"name":"Home","item":"https:\/\/tammetalu.eu\/en\/esileht-eng\/"},{"@type":"ListItem","position":2,"name":"Shop","item":"https:\/\/tammetalu.eu\/en\/shop\/"},{"@type":"ListItem","position":3,"name":"V\u00e4ike mungalill Tropaeolum minus &#8220;Baby Orange&#8221;"}]},{"@type":"WebSite","@id":"https:\/\/tammetalu.eu\/#website","url":"https:\/\/tammetalu.eu\/","name":"Tamme talu \u00fcrdiaed","description":"K\u00e4sit\u00f6\u00f6na valmistatud tooted \u00fcrtidest, \u00fcrdiistikud, \u00fcrtide kollektsioonaed","publisher":{"@id":"https:\/\/tammetalu.eu\/#organization"},"alternateName":"Tamme talu","potentialAction":[{"@type":"SearchAction","target":{"@type":"EntryPoint","urlTemplate":"https:\/\/tammetalu.eu\/?s={search_term_string}"},"query-input":{"@type":"PropertyValueSpecification","valueRequired":true,"valueName":"search_term_string"}}],"inLanguage":"en-US"},{"@type":"Organization","@id":"https:\/\/tammetalu.eu\/#organization","name":"Tamme talu \u00fcrdiaed","alternateName":"Tamme talu","url":"https:\/\/tammetalu.eu\/","logo":{"@type":"ImageObject","inLanguage":"en-US","@id":"https:\/\/tammetalu.eu\/#\/schema\/logo\/image\/","url":"https:\/\/tammetalu.eu\/wp-content\/uploads\/2025\/01\/Tamme_talu_urdiaed.png","contentUrl":"https:\/\/tammetalu.eu\/wp-content\/uploads\/2025\/01\/Tamme_talu_urdiaed.png","width":560,"height":560,"caption":"Tamme talu \u00fcrdiaed"},"image":{"@id":"https:\/\/tammetalu.eu\/#\/schema\/logo\/image\/"},"sameAs":["https:\/\/www.facebook.com\/TammeTaluUrdiaed\/?locale=et_EE","https:\/\/www.instagram.com\/tammetaluurdiaed\/"]}]}},"_links":{"self":[{"href":"https:\/\/tammetalu.eu\/en\/wp-json\/wp\/v2\/product\/23887","targetHints":{"allow":["GET"]}}],"collection":[{"href":"https:\/\/tammetalu.eu\/en\/wp-json\/wp\/v2\/product"}],"about":[{"href":"https:\/\/tammetalu.eu\/en\/wp-json\/wp\/v2\/types\/product"}],"wp:featuredmedia":[{"embeddable":true,"href":"https:\/\/tammetalu.eu\/en\/wp-json\/wp\/v2\/media\/23888"}],"wp:attachment":[{"href":"https:\/\/tammetalu.eu\/en\/wp-json\/wp\/v2\/media?parent=23887"}],"wp:term":[{"taxonomy":"product_brand","embeddable":true,"href":"https:\/\/tammetalu.eu\/en\/wp-json\/wp\/v2\/product_brand?post=23887"},{"taxonomy":"product_cat","embeddable":true,"href":"https:\/\/tammetalu.eu\/en\/wp-json\/wp\/v2\/product_cat?post=23887"},{"taxonomy":"product_tag","embeddable":true,"href":"https:\/\/tammetalu.eu\/en\/wp-json\/wp\/v2\/product_tag?post=23887"}],"curies":[{"name":"wp","href":"https:\/\/api.w.org\/{rel}","templated":true}]}}