{"id":23961,"date":"2025-02-07T13:32:44","date_gmt":"2025-02-07T11:32:44","guid":{"rendered":"https:\/\/tammetalu.eu\/?post_type=product&#038;p=23961"},"modified":"2026-02-02T15:14:23","modified_gmt":"2026-02-02T13:14:23","slug":"piparmunt-basil","status":"publish","type":"product","link":"https:\/\/tammetalu.eu\/en\/product\/piparmunt-basil\/","title":{"rendered":"Sidrunm\u00fcnt basiilikum\u00fcnt Mentha xcitrata &#8220;Basil&#8221;"},"content":{"rendered":"","protected":false},"excerpt":{"rendered":"<p>Sidrunm\u00fcnt Mentha xcitrata \u201cBasil\u201d<\/p>\n<p>LAT:\u00a0 Mentha xcitrata \u201cBasil\u201d<\/p>\n<p>ENG: Basil Mint \u201cBasil\u201d<\/p>\n<p>RU:\u00a0 \u041c\u044f\u0442\u0430 \u201eBasil\u201c<\/p>\n<p>FI: Sitruunaminttu \u201eBasil\u201c<\/p>\n<p>Taimel on p\u00fcstised varred ja \u00fcmarad veidi krobelised punaka \u00e4\u00e4rega tumerohelised lehed ning helelillad \u00f5ied. Maitse ja l\u00f5hn sarnaneb basiilikule. \u00a0V\u00e4hen\u00f5udlik suhteliselt talvekindel l\u00fchiajaline p\u00fcsik poolvarjulise v\u00f5i p\u00e4ikeselise parasniiske mullaga kasvukohale. Levib juurev\u00f5sudega, seep\u00e4rast oleks hea taimele planeerida kohe istutades piisav kasvuruum. Paljundada saab k\u00f5ige h\u00f5lpsamalt juurev\u00f5sudega. Vajab kasvukoha uuendamist \u00fcle 3-4 aasta. V\u00e4ga k\u00fclmal lumeta talvel v\u00f5iks taime katta kuuseokste, kuivade puulehtede v\u00f5i turbaga.<\/p>\n<p>Sidrunm\u00fcnt sobib kasutamiseks nii soolastes kui magusates roogades ja tee valmistamiseks nii \u00fcksiktaimena kui teiste sobivate teetaimedega koos.<\/p>\n<p>On kergelt peavalu ja k\u00f5hupuhitusi leevendava toimega. Soodustab sapi n\u00f5ristust, v\u00e4hendab iiveldust ning gaaside teket. Vastun\u00e4idustused tarvitamisele on maksap\u00f5letik, sapikivit\u00f5bi, k\u00f5rvetised, refluks. Piparm\u00fcndile tihti omistatud rahustav toime ei ole teaduslikult t\u00f5estatud.<\/p>\n<p>K\u00f5rgus: kuni 0,45 m<\/p>\n<p>\u00d5itsemise aeg: VI-VIII<\/p>\n<p>Talvekindlus: Talvekindel<\/p>\n<p>Poti suurus : 9-12<\/p>\n","protected":false},"featured_media":23962,"template":"","meta":{"_acf_changed":false,"_et_pb_use_builder":"","_et_pb_old_content":"","_et_gb_content_width":"","inline_featured_image":false},"product_brand":[],"product_cat":[186,192],"product_tag":[],"class_list":{"0":"post-23961","1":"product","2":"type-product","3":"status-publish","4":"has-post-thumbnail","6":"product_cat-maitse-ja-ravimtaimede-istikud","7":"product_cat-mundid","9":"first","10":"outofstock","11":"sale","12":"taxable","13":"shipping-taxable","14":"purchasable","15":"product-type-simple"},"acf":[],"yoast_head":"<!-- This site is optimized with the Yoast SEO plugin v26.4 - https:\/\/yoast.com\/wordpress\/plugins\/seo\/ -->\n<title>Sidrunm\u00fcnt basiilikum\u00fcnt Mentha xcitrata &quot;Basil&quot; - Tamme talu \u00fcrdiaed<\/title>\n<meta name=\"description\" content=\"Maitsetaimena sobib kasutamiseks nii soolastes kui magusates roogades ja tee valmistamiseks. Rahvameditsiinis kasutatakse m\u00fcnditeed \u00f5htul rahustavaks joogiks. On peavalu ja k\u00f5hupuhitusi leevendava toimega.\" \/>\n<meta name=\"robots\" content=\"index, follow, max-snippet:-1, max-image-preview:large, max-video-preview:-1\" \/>\n<link rel=\"canonical\" href=\"https:\/\/tammetalu.eu\/toode\/piparmunt-basil\/\" \/>\n<meta property=\"og:locale\" content=\"en_US\" \/>\n<meta property=\"og:type\" content=\"article\" \/>\n<meta property=\"og:title\" content=\"Sidrunm\u00fcnt basiilikum\u00fcnt Mentha xcitrata &quot;Basil&quot; - Tamme talu \u00fcrdiaed\" \/>\n<meta property=\"og:description\" content=\"Maitsetaimena sobib kasutamiseks nii soolastes kui magusates roogades ja tee valmistamiseks. Rahvameditsiinis kasutatakse m\u00fcnditeed \u00f5htul rahustavaks joogiks. On peavalu ja k\u00f5hupuhitusi leevendava toimega.\" \/>\n<meta property=\"og:url\" content=\"https:\/\/tammetalu.eu\/toode\/piparmunt-basil\/\" \/>\n<meta property=\"og:site_name\" content=\"Tamme talu \u00fcrdiaed\" \/>\n<meta property=\"article:publisher\" content=\"https:\/\/www.facebook.com\/TammeTaluUrdiaed\/?locale=et_EE\" \/>\n<meta property=\"article:modified_time\" content=\"2026-02-02T13:14:23+00:00\" \/>\n<meta property=\"og:image\" content=\"https:\/\/tammetalu.eu\/wp-content\/uploads\/2025\/02\/Piparmunt_Mentha_x_piperita_Basil_Mint_Tamme_talu_urdiaed.jpg\" \/>\n\t<meta property=\"og:image:width\" content=\"800\" \/>\n\t<meta property=\"og:image:height\" content=\"800\" \/>\n\t<meta property=\"og:image:type\" content=\"image\/jpeg\" \/>\n<meta name=\"twitter:card\" content=\"summary_large_image\" \/>\n<meta name=\"twitter:label1\" content=\"Est. reading time\" \/>\n\t<meta name=\"twitter:data1\" content=\"1 minute\" \/>\n<script type=\"application\/ld+json\" class=\"yoast-schema-graph\">{\"@context\":\"https:\/\/schema.org\",\"@graph\":[{\"@type\":\"WebPage\",\"@id\":\"https:\/\/tammetalu.eu\/toode\/piparmunt-basil\/\",\"url\":\"https:\/\/tammetalu.eu\/toode\/piparmunt-basil\/\",\"name\":\"Sidrunm\u00fcnt basiilikum\u00fcnt Mentha xcitrata \\\"Basil\\\" - Tamme talu \u00fcrdiaed\",\"isPartOf\":{\"@id\":\"https:\/\/tammetalu.eu\/#website\"},\"primaryImageOfPage\":{\"@id\":\"https:\/\/tammetalu.eu\/toode\/piparmunt-basil\/#primaryimage\"},\"image\":{\"@id\":\"https:\/\/tammetalu.eu\/toode\/piparmunt-basil\/#primaryimage\"},\"thumbnailUrl\":\"https:\/\/tammetalu.eu\/wp-content\/uploads\/2025\/02\/Piparmunt_Mentha_x_piperita_Basil_Mint_Tamme_talu_urdiaed.jpg\",\"datePublished\":\"2025-02-07T11:32:44+00:00\",\"dateModified\":\"2026-02-02T13:14:23+00:00\",\"description\":\"Maitsetaimena sobib kasutamiseks nii soolastes kui magusates roogades ja tee valmistamiseks. Rahvameditsiinis kasutatakse m\u00fcnditeed \u00f5htul rahustavaks joogiks. On peavalu ja k\u00f5hupuhitusi leevendava toimega.\",\"breadcrumb\":{\"@id\":\"https:\/\/tammetalu.eu\/toode\/piparmunt-basil\/#breadcrumb\"},\"inLanguage\":\"en-US\",\"potentialAction\":[{\"@type\":\"ReadAction\",\"target\":[\"https:\/\/tammetalu.eu\/toode\/piparmunt-basil\/\"]}]},{\"@type\":\"ImageObject\",\"inLanguage\":\"en-US\",\"@id\":\"https:\/\/tammetalu.eu\/toode\/piparmunt-basil\/#primaryimage\",\"url\":\"https:\/\/tammetalu.eu\/wp-content\/uploads\/2025\/02\/Piparmunt_Mentha_x_piperita_Basil_Mint_Tamme_talu_urdiaed.jpg\",\"contentUrl\":\"https:\/\/tammetalu.eu\/wp-content\/uploads\/2025\/02\/Piparmunt_Mentha_x_piperita_Basil_Mint_Tamme_talu_urdiaed.jpg\",\"width\":800,\"height\":800,\"caption\":\"Piparmunt_Mentha_x_piperita_Basil_Mint_Tamme_talu_urdiaed\"},{\"@type\":\"BreadcrumbList\",\"@id\":\"https:\/\/tammetalu.eu\/toode\/piparmunt-basil\/#breadcrumb\",\"itemListElement\":[{\"@type\":\"ListItem\",\"position\":1,\"name\":\"Home\",\"item\":\"https:\/\/tammetalu.eu\/en\/esileht-eng\/\"},{\"@type\":\"ListItem\",\"position\":2,\"name\":\"Shop\",\"item\":\"https:\/\/tammetalu.eu\/en\/shop\/\"},{\"@type\":\"ListItem\",\"position\":3,\"name\":\"Sidrunm\u00fcnt basiilikum\u00fcnt Mentha xcitrata &#8220;Basil&#8221;\"}]},{\"@type\":\"WebSite\",\"@id\":\"https:\/\/tammetalu.eu\/#website\",\"url\":\"https:\/\/tammetalu.eu\/\",\"name\":\"Tamme talu \u00fcrdiaed\",\"description\":\"K\u00e4sit\u00f6\u00f6na valmistatud tooted \u00fcrtidest, \u00fcrdiistikud, \u00fcrtide kollektsioonaed\",\"publisher\":{\"@id\":\"https:\/\/tammetalu.eu\/#organization\"},\"alternateName\":\"Tamme talu\",\"potentialAction\":[{\"@type\":\"SearchAction\",\"target\":{\"@type\":\"EntryPoint\",\"urlTemplate\":\"https:\/\/tammetalu.eu\/?s={search_term_string}\"},\"query-input\":{\"@type\":\"PropertyValueSpecification\",\"valueRequired\":true,\"valueName\":\"search_term_string\"}}],\"inLanguage\":\"en-US\"},{\"@type\":\"Organization\",\"@id\":\"https:\/\/tammetalu.eu\/#organization\",\"name\":\"Tamme talu \u00fcrdiaed\",\"alternateName\":\"Tamme talu\",\"url\":\"https:\/\/tammetalu.eu\/\",\"logo\":{\"@type\":\"ImageObject\",\"inLanguage\":\"en-US\",\"@id\":\"https:\/\/tammetalu.eu\/#\/schema\/logo\/image\/\",\"url\":\"https:\/\/tammetalu.eu\/wp-content\/uploads\/2025\/01\/Tamme_talu_urdiaed.png\",\"contentUrl\":\"https:\/\/tammetalu.eu\/wp-content\/uploads\/2025\/01\/Tamme_talu_urdiaed.png\",\"width\":560,\"height\":560,\"caption\":\"Tamme talu \u00fcrdiaed\"},\"image\":{\"@id\":\"https:\/\/tammetalu.eu\/#\/schema\/logo\/image\/\"},\"sameAs\":[\"https:\/\/www.facebook.com\/TammeTaluUrdiaed\/?locale=et_EE\",\"https:\/\/www.instagram.com\/tammetaluurdiaed\/\"]}]}<\/script>\n<!-- \/ Yoast SEO plugin. -->","yoast_head_json":{"title":"Sidrunm\u00fcnt basiilikum\u00fcnt Mentha xcitrata \"Basil\" - Tamme talu \u00fcrdiaed","description":"Maitsetaimena sobib kasutamiseks nii soolastes kui magusates roogades ja tee valmistamiseks. Rahvameditsiinis kasutatakse m\u00fcnditeed \u00f5htul rahustavaks joogiks. On peavalu ja k\u00f5hupuhitusi leevendava toimega.","robots":{"index":"index","follow":"follow","max-snippet":"max-snippet:-1","max-image-preview":"max-image-preview:large","max-video-preview":"max-video-preview:-1"},"canonical":"https:\/\/tammetalu.eu\/toode\/piparmunt-basil\/","og_locale":"en_US","og_type":"article","og_title":"Sidrunm\u00fcnt basiilikum\u00fcnt Mentha xcitrata \"Basil\" - Tamme talu \u00fcrdiaed","og_description":"Maitsetaimena sobib kasutamiseks nii soolastes kui magusates roogades ja tee valmistamiseks. Rahvameditsiinis kasutatakse m\u00fcnditeed \u00f5htul rahustavaks joogiks. On peavalu ja k\u00f5hupuhitusi leevendava toimega.","og_url":"https:\/\/tammetalu.eu\/toode\/piparmunt-basil\/","og_site_name":"Tamme talu \u00fcrdiaed","article_publisher":"https:\/\/www.facebook.com\/TammeTaluUrdiaed\/?locale=et_EE","article_modified_time":"2026-02-02T13:14:23+00:00","og_image":[{"width":800,"height":800,"url":"https:\/\/tammetalu.eu\/wp-content\/uploads\/2025\/02\/Piparmunt_Mentha_x_piperita_Basil_Mint_Tamme_talu_urdiaed.jpg","type":"image\/jpeg"}],"twitter_card":"summary_large_image","twitter_misc":{"Est. reading time":"1 minute"},"schema":{"@context":"https:\/\/schema.org","@graph":[{"@type":"WebPage","@id":"https:\/\/tammetalu.eu\/toode\/piparmunt-basil\/","url":"https:\/\/tammetalu.eu\/toode\/piparmunt-basil\/","name":"Sidrunm\u00fcnt basiilikum\u00fcnt Mentha xcitrata \"Basil\" - Tamme talu \u00fcrdiaed","isPartOf":{"@id":"https:\/\/tammetalu.eu\/#website"},"primaryImageOfPage":{"@id":"https:\/\/tammetalu.eu\/toode\/piparmunt-basil\/#primaryimage"},"image":{"@id":"https:\/\/tammetalu.eu\/toode\/piparmunt-basil\/#primaryimage"},"thumbnailUrl":"https:\/\/tammetalu.eu\/wp-content\/uploads\/2025\/02\/Piparmunt_Mentha_x_piperita_Basil_Mint_Tamme_talu_urdiaed.jpg","datePublished":"2025-02-07T11:32:44+00:00","dateModified":"2026-02-02T13:14:23+00:00","description":"Maitsetaimena sobib kasutamiseks nii soolastes kui magusates roogades ja tee valmistamiseks. Rahvameditsiinis kasutatakse m\u00fcnditeed \u00f5htul rahustavaks joogiks. On peavalu ja k\u00f5hupuhitusi leevendava toimega.","breadcrumb":{"@id":"https:\/\/tammetalu.eu\/toode\/piparmunt-basil\/#breadcrumb"},"inLanguage":"en-US","potentialAction":[{"@type":"ReadAction","target":["https:\/\/tammetalu.eu\/toode\/piparmunt-basil\/"]}]},{"@type":"ImageObject","inLanguage":"en-US","@id":"https:\/\/tammetalu.eu\/toode\/piparmunt-basil\/#primaryimage","url":"https:\/\/tammetalu.eu\/wp-content\/uploads\/2025\/02\/Piparmunt_Mentha_x_piperita_Basil_Mint_Tamme_talu_urdiaed.jpg","contentUrl":"https:\/\/tammetalu.eu\/wp-content\/uploads\/2025\/02\/Piparmunt_Mentha_x_piperita_Basil_Mint_Tamme_talu_urdiaed.jpg","width":800,"height":800,"caption":"Piparmunt_Mentha_x_piperita_Basil_Mint_Tamme_talu_urdiaed"},{"@type":"BreadcrumbList","@id":"https:\/\/tammetalu.eu\/toode\/piparmunt-basil\/#breadcrumb","itemListElement":[{"@type":"ListItem","position":1,"name":"Home","item":"https:\/\/tammetalu.eu\/en\/esileht-eng\/"},{"@type":"ListItem","position":2,"name":"Shop","item":"https:\/\/tammetalu.eu\/en\/shop\/"},{"@type":"ListItem","position":3,"name":"Sidrunm\u00fcnt basiilikum\u00fcnt Mentha xcitrata &#8220;Basil&#8221;"}]},{"@type":"WebSite","@id":"https:\/\/tammetalu.eu\/#website","url":"https:\/\/tammetalu.eu\/","name":"Tamme talu \u00fcrdiaed","description":"K\u00e4sit\u00f6\u00f6na valmistatud tooted \u00fcrtidest, \u00fcrdiistikud, \u00fcrtide kollektsioonaed","publisher":{"@id":"https:\/\/tammetalu.eu\/#organization"},"alternateName":"Tamme talu","potentialAction":[{"@type":"SearchAction","target":{"@type":"EntryPoint","urlTemplate":"https:\/\/tammetalu.eu\/?s={search_term_string}"},"query-input":{"@type":"PropertyValueSpecification","valueRequired":true,"valueName":"search_term_string"}}],"inLanguage":"en-US"},{"@type":"Organization","@id":"https:\/\/tammetalu.eu\/#organization","name":"Tamme talu \u00fcrdiaed","alternateName":"Tamme talu","url":"https:\/\/tammetalu.eu\/","logo":{"@type":"ImageObject","inLanguage":"en-US","@id":"https:\/\/tammetalu.eu\/#\/schema\/logo\/image\/","url":"https:\/\/tammetalu.eu\/wp-content\/uploads\/2025\/01\/Tamme_talu_urdiaed.png","contentUrl":"https:\/\/tammetalu.eu\/wp-content\/uploads\/2025\/01\/Tamme_talu_urdiaed.png","width":560,"height":560,"caption":"Tamme talu \u00fcrdiaed"},"image":{"@id":"https:\/\/tammetalu.eu\/#\/schema\/logo\/image\/"},"sameAs":["https:\/\/www.facebook.com\/TammeTaluUrdiaed\/?locale=et_EE","https:\/\/www.instagram.com\/tammetaluurdiaed\/"]}]}},"_links":{"self":[{"href":"https:\/\/tammetalu.eu\/en\/wp-json\/wp\/v2\/product\/23961","targetHints":{"allow":["GET"]}}],"collection":[{"href":"https:\/\/tammetalu.eu\/en\/wp-json\/wp\/v2\/product"}],"about":[{"href":"https:\/\/tammetalu.eu\/en\/wp-json\/wp\/v2\/types\/product"}],"wp:featuredmedia":[{"embeddable":true,"href":"https:\/\/tammetalu.eu\/en\/wp-json\/wp\/v2\/media\/23962"}],"wp:attachment":[{"href":"https:\/\/tammetalu.eu\/en\/wp-json\/wp\/v2\/media?parent=23961"}],"wp:term":[{"taxonomy":"product_brand","embeddable":true,"href":"https:\/\/tammetalu.eu\/en\/wp-json\/wp\/v2\/product_brand?post=23961"},{"taxonomy":"product_cat","embeddable":true,"href":"https:\/\/tammetalu.eu\/en\/wp-json\/wp\/v2\/product_cat?post=23961"},{"taxonomy":"product_tag","embeddable":true,"href":"https:\/\/tammetalu.eu\/en\/wp-json\/wp\/v2\/product_tag?post=23961"}],"curies":[{"name":"wp","href":"https:\/\/api.w.org\/{rel}","templated":true}]}}