{"id":23991,"date":"2025-02-07T16:16:24","date_gmt":"2025-02-07T14:16:24","guid":{"rendered":"https:\/\/tammetalu.eu\/?post_type=product&#038;p=23991"},"modified":"2026-02-02T15:14:23","modified_gmt":"2026-02-02T13:14:23","slug":"kollane-lauk-allium-flavum","status":"publish","type":"product","link":"https:\/\/tammetalu.eu\/en\/product\/kollane-lauk-allium-flavum\/","title":{"rendered":"Kollane lauk Allium flavum"},"content":{"rendered":"","protected":false},"excerpt":{"rendered":"<p>Kollane lauk<em> Allium flavum<\/em><\/p>\n<p>LAT: \u00a0<em>Allium flavum<\/em><\/p>\n<p>ENG: \u00a0yellow-flowered garlic<\/p>\n<p>RU: \u00a0\u041b\u0443\u043a \u0436\u0451\u043b\u0442\u044b\u0439<\/p>\n<p>FI: \u00a0Rikkilaukka<\/p>\n<p>Kollasel laugul on kitsad hallikad lehed ning kaarduvate raagudega kellukjad puhaskollased \u00f5ied. On v\u00e4hen\u00f5udlik ja kasvab pea igasugusel pinnasel eelistades p\u00e4ikeselist parasniiske mullaga kasukohta.<\/p>\n<p>Kollast lauku saab lisaks peenrale kasvatada ka potis.<\/p>\n<p>Kollase laugu k\u00f5ik osad on s\u00f6\u00f6davad ja tarvitatakse toidus nagu sibulat ning k\u00fc\u00fcslauku.<\/p>\n<p>Laukudes sisalduvad bioaktiivsed \u00fchendid h\u00f5lmavad peamiselt v\u00e4\u00e4velorgaanilisi \u00fchendeid, pol\u00fcfenoole, toidukiudaineid ja saponiine. Flavonoididel, eriti laukudest p\u00e4rit flavonoolidel, on t\u00f5estatud antioks\u00fcdantne, v\u00e4hivastane, diabeedivastane ja antimikroobne toime.<\/p>\n<p>K\u00f5rgus: kuni 0,6 m<\/p>\n<p>\u00d5itsemise aeg: VII<\/p>\n<p>Talvekindlus: Talvekindel<\/p>\n<p>&nbsp;<\/p>\n","protected":false},"featured_media":23992,"template":"","meta":{"_acf_changed":false,"_et_pb_use_builder":"","_et_pb_old_content":"","_et_gb_content_width":"","inline_featured_image":false},"product_brand":[],"product_cat":[186,201,203],"product_tag":[],"class_list":{"0":"post-23991","1":"product","2":"type-product","3":"status-publish","4":"has-post-thumbnail","6":"product_cat-maitse-ja-ravimtaimede-istikud","7":"product_cat-laugud","8":"product_cat-ponevad-koogiviljad","10":"first","11":"outofstock","12":"sale","13":"taxable","14":"shipping-taxable","15":"purchasable","16":"product-type-simple"},"acf":[],"yoast_head":"<!-- This site is optimized with the Yoast SEO plugin v26.4 - https:\/\/yoast.com\/wordpress\/plugins\/seo\/ -->\n<title>Kollane lauk Allium flavum - Tamme talu \u00fcrdiaed<\/title>\n<meta name=\"robots\" content=\"index, follow, max-snippet:-1, max-image-preview:large, max-video-preview:-1\" \/>\n<link rel=\"canonical\" href=\"https:\/\/tammetalu.eu\/toode\/kollane-lauk-allium-flavum\/\" \/>\n<meta property=\"og:locale\" content=\"en_US\" \/>\n<meta property=\"og:type\" content=\"article\" \/>\n<meta property=\"og:title\" content=\"Kollane lauk Allium flavum - Tamme talu \u00fcrdiaed\" \/>\n<meta property=\"og:description\" content=\"Kollane lauk Allium flavum  LAT: \u00a0Allium flavum  ENG: \u00a0yellow-flowered garlic  RU: \u00a0\u041b\u0443\u043a \u0436\u0451\u043b\u0442\u044b\u0439  FI: \u00a0Rikkilaukka  Kollasel laugul on kitsad hallikad lehed ning kaarduvate raagudega kellukjad puhaskollased \u00f5ied. On v\u00e4hen\u00f5udlik ja kasvab pea igasugusel pinnasel eelistades p\u00e4ikeselist parasniiske mullaga kasukohta.  Kollast lauku saab lisaks peenrale kasvatada ka potis.  Kollase laugu k\u00f5ik osad on s\u00f6\u00f6davad ja tarvitatakse toidus nagu sibulat ning k\u00fc\u00fcslauku.  Laukudes sisalduvad bioaktiivsed \u00fchendid h\u00f5lmavad peamiselt v\u00e4\u00e4velorgaanilisi \u00fchendeid, pol\u00fcfenoole, toidukiudaineid ja saponiine. Flavonoididel, eriti laukudest p\u00e4rit flavonoolidel, on t\u00f5estatud antioks\u00fcdantne, v\u00e4hivastane, diabeedivastane ja antimikroobne toime.  K\u00f5rgus: kuni 0,6 m  \u00d5itsemise aeg: VII  Talvekindlus: Talvekindel  &nbsp;\" \/>\n<meta property=\"og:url\" content=\"https:\/\/tammetalu.eu\/toode\/kollane-lauk-allium-flavum\/\" \/>\n<meta property=\"og:site_name\" content=\"Tamme talu \u00fcrdiaed\" \/>\n<meta property=\"article:publisher\" content=\"https:\/\/www.facebook.com\/TammeTaluUrdiaed\/?locale=et_EE\" \/>\n<meta property=\"article:modified_time\" content=\"2026-02-02T13:14:23+00:00\" \/>\n<meta property=\"og:image\" content=\"https:\/\/tammetalu.eu\/wp-content\/uploads\/2025\/02\/Kollane_lauk_allium_flavum_Tamme_talu_urdiaed.jpg\" \/>\n\t<meta property=\"og:image:width\" content=\"400\" \/>\n\t<meta property=\"og:image:height\" content=\"500\" \/>\n\t<meta property=\"og:image:type\" content=\"image\/jpeg\" \/>\n<meta name=\"twitter:card\" content=\"summary_large_image\" \/>\n<meta name=\"twitter:label1\" content=\"Est. reading time\" \/>\n\t<meta name=\"twitter:data1\" content=\"1 minute\" \/>\n<script type=\"application\/ld+json\" class=\"yoast-schema-graph\">{\"@context\":\"https:\/\/schema.org\",\"@graph\":[{\"@type\":\"WebPage\",\"@id\":\"https:\/\/tammetalu.eu\/toode\/kollane-lauk-allium-flavum\/\",\"url\":\"https:\/\/tammetalu.eu\/toode\/kollane-lauk-allium-flavum\/\",\"name\":\"Kollane lauk Allium flavum - Tamme talu \u00fcrdiaed\",\"isPartOf\":{\"@id\":\"https:\/\/tammetalu.eu\/#website\"},\"primaryImageOfPage\":{\"@id\":\"https:\/\/tammetalu.eu\/toode\/kollane-lauk-allium-flavum\/#primaryimage\"},\"image\":{\"@id\":\"https:\/\/tammetalu.eu\/toode\/kollane-lauk-allium-flavum\/#primaryimage\"},\"thumbnailUrl\":\"https:\/\/tammetalu.eu\/wp-content\/uploads\/2025\/02\/Kollane_lauk_allium_flavum_Tamme_talu_urdiaed.jpg\",\"datePublished\":\"2025-02-07T14:16:24+00:00\",\"dateModified\":\"2026-02-02T13:14:23+00:00\",\"breadcrumb\":{\"@id\":\"https:\/\/tammetalu.eu\/toode\/kollane-lauk-allium-flavum\/#breadcrumb\"},\"inLanguage\":\"en-US\",\"potentialAction\":[{\"@type\":\"ReadAction\",\"target\":[\"https:\/\/tammetalu.eu\/toode\/kollane-lauk-allium-flavum\/\"]}]},{\"@type\":\"ImageObject\",\"inLanguage\":\"en-US\",\"@id\":\"https:\/\/tammetalu.eu\/toode\/kollane-lauk-allium-flavum\/#primaryimage\",\"url\":\"https:\/\/tammetalu.eu\/wp-content\/uploads\/2025\/02\/Kollane_lauk_allium_flavum_Tamme_talu_urdiaed.jpg\",\"contentUrl\":\"https:\/\/tammetalu.eu\/wp-content\/uploads\/2025\/02\/Kollane_lauk_allium_flavum_Tamme_talu_urdiaed.jpg\",\"width\":400,\"height\":500,\"caption\":\"Kollane_lauk_allium_flavum_Tamme_talu_urdiaed\"},{\"@type\":\"BreadcrumbList\",\"@id\":\"https:\/\/tammetalu.eu\/toode\/kollane-lauk-allium-flavum\/#breadcrumb\",\"itemListElement\":[{\"@type\":\"ListItem\",\"position\":1,\"name\":\"Home\",\"item\":\"https:\/\/tammetalu.eu\/en\/esileht-eng\/\"},{\"@type\":\"ListItem\",\"position\":2,\"name\":\"Shop\",\"item\":\"https:\/\/tammetalu.eu\/en\/shop\/\"},{\"@type\":\"ListItem\",\"position\":3,\"name\":\"Kollane lauk Allium flavum\"}]},{\"@type\":\"WebSite\",\"@id\":\"https:\/\/tammetalu.eu\/#website\",\"url\":\"https:\/\/tammetalu.eu\/\",\"name\":\"Tamme talu \u00fcrdiaed\",\"description\":\"K\u00e4sit\u00f6\u00f6na valmistatud tooted \u00fcrtidest, \u00fcrdiistikud, \u00fcrtide kollektsioonaed\",\"publisher\":{\"@id\":\"https:\/\/tammetalu.eu\/#organization\"},\"alternateName\":\"Tamme talu\",\"potentialAction\":[{\"@type\":\"SearchAction\",\"target\":{\"@type\":\"EntryPoint\",\"urlTemplate\":\"https:\/\/tammetalu.eu\/?s={search_term_string}\"},\"query-input\":{\"@type\":\"PropertyValueSpecification\",\"valueRequired\":true,\"valueName\":\"search_term_string\"}}],\"inLanguage\":\"en-US\"},{\"@type\":\"Organization\",\"@id\":\"https:\/\/tammetalu.eu\/#organization\",\"name\":\"Tamme talu \u00fcrdiaed\",\"alternateName\":\"Tamme talu\",\"url\":\"https:\/\/tammetalu.eu\/\",\"logo\":{\"@type\":\"ImageObject\",\"inLanguage\":\"en-US\",\"@id\":\"https:\/\/tammetalu.eu\/#\/schema\/logo\/image\/\",\"url\":\"https:\/\/tammetalu.eu\/wp-content\/uploads\/2025\/01\/Tamme_talu_urdiaed.png\",\"contentUrl\":\"https:\/\/tammetalu.eu\/wp-content\/uploads\/2025\/01\/Tamme_talu_urdiaed.png\",\"width\":560,\"height\":560,\"caption\":\"Tamme talu \u00fcrdiaed\"},\"image\":{\"@id\":\"https:\/\/tammetalu.eu\/#\/schema\/logo\/image\/\"},\"sameAs\":[\"https:\/\/www.facebook.com\/TammeTaluUrdiaed\/?locale=et_EE\",\"https:\/\/www.instagram.com\/tammetaluurdiaed\/\"]}]}<\/script>\n<!-- \/ Yoast SEO plugin. -->","yoast_head_json":{"title":"Kollane lauk Allium flavum - Tamme talu \u00fcrdiaed","robots":{"index":"index","follow":"follow","max-snippet":"max-snippet:-1","max-image-preview":"max-image-preview:large","max-video-preview":"max-video-preview:-1"},"canonical":"https:\/\/tammetalu.eu\/toode\/kollane-lauk-allium-flavum\/","og_locale":"en_US","og_type":"article","og_title":"Kollane lauk Allium flavum - Tamme talu \u00fcrdiaed","og_description":"Kollane lauk Allium flavum  LAT: \u00a0Allium flavum  ENG: \u00a0yellow-flowered garlic  RU: \u00a0\u041b\u0443\u043a \u0436\u0451\u043b\u0442\u044b\u0439  FI: \u00a0Rikkilaukka  Kollasel laugul on kitsad hallikad lehed ning kaarduvate raagudega kellukjad puhaskollased \u00f5ied. On v\u00e4hen\u00f5udlik ja kasvab pea igasugusel pinnasel eelistades p\u00e4ikeselist parasniiske mullaga kasukohta.  Kollast lauku saab lisaks peenrale kasvatada ka potis.  Kollase laugu k\u00f5ik osad on s\u00f6\u00f6davad ja tarvitatakse toidus nagu sibulat ning k\u00fc\u00fcslauku.  Laukudes sisalduvad bioaktiivsed \u00fchendid h\u00f5lmavad peamiselt v\u00e4\u00e4velorgaanilisi \u00fchendeid, pol\u00fcfenoole, toidukiudaineid ja saponiine. Flavonoididel, eriti laukudest p\u00e4rit flavonoolidel, on t\u00f5estatud antioks\u00fcdantne, v\u00e4hivastane, diabeedivastane ja antimikroobne toime.  K\u00f5rgus: kuni 0,6 m  \u00d5itsemise aeg: VII  Talvekindlus: Talvekindel  &nbsp;","og_url":"https:\/\/tammetalu.eu\/toode\/kollane-lauk-allium-flavum\/","og_site_name":"Tamme talu \u00fcrdiaed","article_publisher":"https:\/\/www.facebook.com\/TammeTaluUrdiaed\/?locale=et_EE","article_modified_time":"2026-02-02T13:14:23+00:00","og_image":[{"width":400,"height":500,"url":"https:\/\/tammetalu.eu\/wp-content\/uploads\/2025\/02\/Kollane_lauk_allium_flavum_Tamme_talu_urdiaed.jpg","type":"image\/jpeg"}],"twitter_card":"summary_large_image","twitter_misc":{"Est. reading time":"1 minute"},"schema":{"@context":"https:\/\/schema.org","@graph":[{"@type":"WebPage","@id":"https:\/\/tammetalu.eu\/toode\/kollane-lauk-allium-flavum\/","url":"https:\/\/tammetalu.eu\/toode\/kollane-lauk-allium-flavum\/","name":"Kollane lauk Allium flavum - Tamme talu \u00fcrdiaed","isPartOf":{"@id":"https:\/\/tammetalu.eu\/#website"},"primaryImageOfPage":{"@id":"https:\/\/tammetalu.eu\/toode\/kollane-lauk-allium-flavum\/#primaryimage"},"image":{"@id":"https:\/\/tammetalu.eu\/toode\/kollane-lauk-allium-flavum\/#primaryimage"},"thumbnailUrl":"https:\/\/tammetalu.eu\/wp-content\/uploads\/2025\/02\/Kollane_lauk_allium_flavum_Tamme_talu_urdiaed.jpg","datePublished":"2025-02-07T14:16:24+00:00","dateModified":"2026-02-02T13:14:23+00:00","breadcrumb":{"@id":"https:\/\/tammetalu.eu\/toode\/kollane-lauk-allium-flavum\/#breadcrumb"},"inLanguage":"en-US","potentialAction":[{"@type":"ReadAction","target":["https:\/\/tammetalu.eu\/toode\/kollane-lauk-allium-flavum\/"]}]},{"@type":"ImageObject","inLanguage":"en-US","@id":"https:\/\/tammetalu.eu\/toode\/kollane-lauk-allium-flavum\/#primaryimage","url":"https:\/\/tammetalu.eu\/wp-content\/uploads\/2025\/02\/Kollane_lauk_allium_flavum_Tamme_talu_urdiaed.jpg","contentUrl":"https:\/\/tammetalu.eu\/wp-content\/uploads\/2025\/02\/Kollane_lauk_allium_flavum_Tamme_talu_urdiaed.jpg","width":400,"height":500,"caption":"Kollane_lauk_allium_flavum_Tamme_talu_urdiaed"},{"@type":"BreadcrumbList","@id":"https:\/\/tammetalu.eu\/toode\/kollane-lauk-allium-flavum\/#breadcrumb","itemListElement":[{"@type":"ListItem","position":1,"name":"Home","item":"https:\/\/tammetalu.eu\/en\/esileht-eng\/"},{"@type":"ListItem","position":2,"name":"Shop","item":"https:\/\/tammetalu.eu\/en\/shop\/"},{"@type":"ListItem","position":3,"name":"Kollane lauk Allium flavum"}]},{"@type":"WebSite","@id":"https:\/\/tammetalu.eu\/#website","url":"https:\/\/tammetalu.eu\/","name":"Tamme talu \u00fcrdiaed","description":"K\u00e4sit\u00f6\u00f6na valmistatud tooted \u00fcrtidest, \u00fcrdiistikud, \u00fcrtide kollektsioonaed","publisher":{"@id":"https:\/\/tammetalu.eu\/#organization"},"alternateName":"Tamme talu","potentialAction":[{"@type":"SearchAction","target":{"@type":"EntryPoint","urlTemplate":"https:\/\/tammetalu.eu\/?s={search_term_string}"},"query-input":{"@type":"PropertyValueSpecification","valueRequired":true,"valueName":"search_term_string"}}],"inLanguage":"en-US"},{"@type":"Organization","@id":"https:\/\/tammetalu.eu\/#organization","name":"Tamme talu \u00fcrdiaed","alternateName":"Tamme talu","url":"https:\/\/tammetalu.eu\/","logo":{"@type":"ImageObject","inLanguage":"en-US","@id":"https:\/\/tammetalu.eu\/#\/schema\/logo\/image\/","url":"https:\/\/tammetalu.eu\/wp-content\/uploads\/2025\/01\/Tamme_talu_urdiaed.png","contentUrl":"https:\/\/tammetalu.eu\/wp-content\/uploads\/2025\/01\/Tamme_talu_urdiaed.png","width":560,"height":560,"caption":"Tamme talu \u00fcrdiaed"},"image":{"@id":"https:\/\/tammetalu.eu\/#\/schema\/logo\/image\/"},"sameAs":["https:\/\/www.facebook.com\/TammeTaluUrdiaed\/?locale=et_EE","https:\/\/www.instagram.com\/tammetaluurdiaed\/"]}]}},"_links":{"self":[{"href":"https:\/\/tammetalu.eu\/en\/wp-json\/wp\/v2\/product\/23991","targetHints":{"allow":["GET"]}}],"collection":[{"href":"https:\/\/tammetalu.eu\/en\/wp-json\/wp\/v2\/product"}],"about":[{"href":"https:\/\/tammetalu.eu\/en\/wp-json\/wp\/v2\/types\/product"}],"wp:featuredmedia":[{"embeddable":true,"href":"https:\/\/tammetalu.eu\/en\/wp-json\/wp\/v2\/media\/23992"}],"wp:attachment":[{"href":"https:\/\/tammetalu.eu\/en\/wp-json\/wp\/v2\/media?parent=23991"}],"wp:term":[{"taxonomy":"product_brand","embeddable":true,"href":"https:\/\/tammetalu.eu\/en\/wp-json\/wp\/v2\/product_brand?post=23991"},{"taxonomy":"product_cat","embeddable":true,"href":"https:\/\/tammetalu.eu\/en\/wp-json\/wp\/v2\/product_cat?post=23991"},{"taxonomy":"product_tag","embeddable":true,"href":"https:\/\/tammetalu.eu\/en\/wp-json\/wp\/v2\/product_tag?post=23991"}],"curies":[{"name":"wp","href":"https:\/\/api.w.org\/{rel}","templated":true}]}}