{"id":24628,"date":"2025-04-06T21:57:10","date_gmt":"2025-04-06T18:57:10","guid":{"rendered":"https:\/\/tammetalu.eu\/?post_type=product&#038;p=24628"},"modified":"2026-04-22T08:02:12","modified_gmt":"2026-04-22T05:02:12","slug":"sidrun-liivatee-thymus-xcitriodorus-rose","status":"publish","type":"product","link":"https:\/\/tammetalu.eu\/en\/product\/sidrun-liivatee-thymus-xcitriodorus-rose\/","title":{"rendered":"Sidrun-liivatee Thymus xcitriodorus &#8220;Rose&#8221;"},"content":{"rendered":"","protected":false},"excerpt":{"rendered":"<p>Sidrun-liivatee <em>Thymus xcitriodorus &#8220;<\/em>Summerdreams Rose&#8221;<\/p>\n<p>LAT: \u00a0<em>Thymus xcitriodorus<\/em> &#8221; Summerdreams Rose&#8221;<\/p>\n<p>ENG: \u00a0Lemon thyme &#8221; Summerdreams Rose&#8221;<\/p>\n<p>RU: \u0422\u0438\u043c\u044c\u044f\u043d \u043b\u0438\u043c\u043e\u043d\u043d\u043e\u043f\u0430\u0445\u043d\u0443\u0449\u0438\u0439 &#8221; Summerdreams Rose&#8221;<\/p>\n<p>FI: \u00a0\u00a0Sitruuna-ajuruoho &#8221; Summerdreams Rose&#8221;<\/p>\n<p>Sidrun-liivatee sort &#8221; Summerdreams Rose&#8221; on hallikasroheliste v\u00e4heldaste nahkjate lehtedega v\u00e4ga tihe ja aromaatne sidrunliivatee sort. Maitse on veidi v\u00fcrtsikas, mis on segunenud sidruni maitsega, l\u00f5hn meenutab roosi l\u00f5hna. Taim ei n\u00f5ua palju hoolt kasvatamisel. Sobib eriti h\u00e4sti istutamiseks potti, r\u00f5dukasti, k\u00e4iguteede \u00e4\u00e4rde, kivide vahele, tugim\u00fc\u00fcridele ja kuiva liivase v\u00f5i kruusase mullaga peenrasse v\u00f5i kuiva liivase mullaga loodusaeda. \u00d5ied on sellel sordil heleroosad. Peale \u00f5itsemist v\u00f5ib taime v\u00e4limuse korrastamiseks v\u00f5rseid k\u00e4rpida. Paljundada saab taime k\u00f5ige h\u00f5lpsamalt jagamise teel. Suhteliselt \u00a0talvekindel.<\/p>\n<p>K\u00f6\u00f6gis sobib pea k\u00f5ikide roogade maitsestamiseks. Lisaks saab sidrun-liivateest valmistada v\u00e4ga maitsva tee. Liivatee lisatakse toitudele juba valmistamise ajal, kuna kannatab pikemat kuumutamist.<\/p>\n<p>Liivateed kasutatakse r\u00f6ga lahtistava\u00a0 ja mikroobivastase vahendina. Pidurdab k\u00f5hugaaside teket. Kasutatakse k\u00fclmetushaiguste korral, palavikulangetamiseks, uriinierituse soodustamiseks ja gripivaevuste v\u00e4hendamiseks. V\u00e4lispidiselt kasutatakse kompressi ja vannina, sest liivateel on liigesep\u00f5letikku vaigistav toime. Liivatee aur leevendab kuiva k\u00f6ha.<\/p>\n<p>K\u00f5rgus: kuni 0,20 m<\/p>\n<p>\u00d5itsemise aeg: VI-VII<\/p>\n<p>Talvekindlus: Suhteliselt talvekindel<\/p>\n<p>Poti suurus: 9-11<\/p>\n","protected":false},"featured_media":23635,"template":"","meta":{"_acf_changed":false,"_et_pb_use_builder":"","_et_pb_old_content":"","_et_gb_content_width":"","inline_featured_image":false},"product_brand":[],"product_cat":[186,194],"product_tag":[],"class_list":{"0":"post-24628","1":"product","2":"type-product","3":"status-publish","4":"has-post-thumbnail","6":"product_cat-maitse-ja-ravimtaimede-istikud","7":"product_cat-liivateed","9":"first","10":"instock","11":"sale","12":"taxable","13":"shipping-taxable","14":"purchasable","15":"product-type-simple"},"acf":[],"yoast_head":"<!-- This site is optimized with the Yoast SEO plugin v26.4 - https:\/\/yoast.com\/wordpress\/plugins\/seo\/ -->\n<title>Sidrun-liivatee Thymus xcitriodorus &quot;Rose&quot; - Tamme talu \u00fcrdiaed<\/title>\n<meta name=\"robots\" content=\"index, follow, max-snippet:-1, max-image-preview:large, max-video-preview:-1\" \/>\n<link rel=\"canonical\" href=\"https:\/\/tammetalu.eu\/toode\/sidrun-liivatee-thymus-xcitriodorus-rose\/\" \/>\n<meta property=\"og:locale\" content=\"en_US\" \/>\n<meta property=\"og:type\" content=\"article\" \/>\n<meta property=\"og:title\" content=\"Sidrun-liivatee Thymus xcitriodorus &quot;Rose&quot; - Tamme talu \u00fcrdiaed\" \/>\n<meta property=\"og:description\" content=\"Sidrun-liivatee Thymus xcitriodorus &quot;Summerdreams Rose&quot;  LAT: \u00a0Thymus xcitriodorus &quot; Summerdreams Rose&quot;  ENG: \u00a0Lemon thyme &quot; Summerdreams Rose&quot;  RU: \u0422\u0438\u043c\u044c\u044f\u043d \u043b\u0438\u043c\u043e\u043d\u043d\u043e\u043f\u0430\u0445\u043d\u0443\u0449\u0438\u0439 &quot; Summerdreams Rose&quot;  FI: \u00a0\u00a0Sitruuna-ajuruoho &quot; Summerdreams Rose&quot;  Sidrun-liivatee sort &quot; Summerdreams Rose&quot; on hallikasroheliste v\u00e4heldaste nahkjate lehtedega v\u00e4ga tihe ja aromaatne sidrunliivatee sort. Maitse on veidi v\u00fcrtsikas, mis on segunenud sidruni maitsega, l\u00f5hn meenutab roosi l\u00f5hna. Taim ei n\u00f5ua palju hoolt kasvatamisel. Sobib eriti h\u00e4sti istutamiseks potti, r\u00f5dukasti, k\u00e4iguteede \u00e4\u00e4rde, kivide vahele, tugim\u00fc\u00fcridele ja kuiva liivase v\u00f5i kruusase mullaga peenrasse v\u00f5i kuiva liivase mullaga loodusaeda. \u00d5ied on sellel sordil heleroosad. Peale \u00f5itsemist v\u00f5ib taime v\u00e4limuse korrastamiseks v\u00f5rseid k\u00e4rpida. Paljundada saab taime k\u00f5ige h\u00f5lpsamalt jagamise teel. Suhteliselt \u00a0talvekindel.  K\u00f6\u00f6gis sobib pea k\u00f5ikide roogade maitsestamiseks. Lisaks saab sidrun-liivateest valmistada v\u00e4ga maitsva tee. Liivatee lisatakse toitudele juba valmistamise ajal, kuna kannatab pikemat kuumutamist.  Liivateed kasutatakse r\u00f6ga lahtistava\u00a0 ja mikroobivastase vahendina. Pidurdab k\u00f5hugaaside teket. Kasutatakse k\u00fclmetushaiguste korral, palavikulangetamiseks, uriinierituse soodustamiseks ja gripivaevuste v\u00e4hendamiseks. V\u00e4lispidiselt kasutatakse kompressi ja vannina, sest liivateel on liigesep\u00f5letikku vaigistav toime. Liivatee aur leevendab kuiva k\u00f6ha.  K\u00f5rgus: kuni 0,20 m  \u00d5itsemise aeg: VI-VII  Talvekindlus: Suhteliselt talvekindel  Poti suurus: 9-11\" \/>\n<meta property=\"og:url\" content=\"https:\/\/tammetalu.eu\/toode\/sidrun-liivatee-thymus-xcitriodorus-rose\/\" \/>\n<meta property=\"og:site_name\" content=\"Tamme talu \u00fcrdiaed\" \/>\n<meta property=\"article:publisher\" content=\"https:\/\/www.facebook.com\/TammeTaluUrdiaed\/?locale=et_EE\" \/>\n<meta property=\"article:modified_time\" content=\"2026-04-22T05:02:12+00:00\" \/>\n<meta property=\"og:image\" content=\"https:\/\/tammetalu.eu\/wp-content\/uploads\/2025\/01\/Sidrun_liivatee_Thymus-cit.-var.Spicy_tamme_talu_urdiaed.webp\" \/>\n\t<meta property=\"og:image:width\" content=\"600\" \/>\n\t<meta property=\"og:image:height\" content=\"600\" \/>\n\t<meta property=\"og:image:type\" content=\"image\/webp\" \/>\n<meta name=\"twitter:card\" content=\"summary_large_image\" \/>\n<meta name=\"twitter:label1\" content=\"Est. reading time\" \/>\n\t<meta name=\"twitter:data1\" content=\"1 minute\" \/>\n<script type=\"application\/ld+json\" class=\"yoast-schema-graph\">{\"@context\":\"https:\/\/schema.org\",\"@graph\":[{\"@type\":\"WebPage\",\"@id\":\"https:\/\/tammetalu.eu\/toode\/sidrun-liivatee-thymus-xcitriodorus-rose\/\",\"url\":\"https:\/\/tammetalu.eu\/toode\/sidrun-liivatee-thymus-xcitriodorus-rose\/\",\"name\":\"Sidrun-liivatee Thymus xcitriodorus \\\"Rose\\\" - Tamme talu \u00fcrdiaed\",\"isPartOf\":{\"@id\":\"https:\/\/tammetalu.eu\/#website\"},\"primaryImageOfPage\":{\"@id\":\"https:\/\/tammetalu.eu\/toode\/sidrun-liivatee-thymus-xcitriodorus-rose\/#primaryimage\"},\"image\":{\"@id\":\"https:\/\/tammetalu.eu\/toode\/sidrun-liivatee-thymus-xcitriodorus-rose\/#primaryimage\"},\"thumbnailUrl\":\"https:\/\/tammetalu.eu\/wp-content\/uploads\/2025\/01\/Sidrun_liivatee_Thymus-cit.-var.Spicy_tamme_talu_urdiaed.webp\",\"datePublished\":\"2025-04-06T18:57:10+00:00\",\"dateModified\":\"2026-04-22T05:02:12+00:00\",\"breadcrumb\":{\"@id\":\"https:\/\/tammetalu.eu\/toode\/sidrun-liivatee-thymus-xcitriodorus-rose\/#breadcrumb\"},\"inLanguage\":\"en-US\",\"potentialAction\":[{\"@type\":\"ReadAction\",\"target\":[\"https:\/\/tammetalu.eu\/toode\/sidrun-liivatee-thymus-xcitriodorus-rose\/\"]}]},{\"@type\":\"ImageObject\",\"inLanguage\":\"en-US\",\"@id\":\"https:\/\/tammetalu.eu\/toode\/sidrun-liivatee-thymus-xcitriodorus-rose\/#primaryimage\",\"url\":\"https:\/\/tammetalu.eu\/wp-content\/uploads\/2025\/01\/Sidrun_liivatee_Thymus-cit.-var.Spicy_tamme_talu_urdiaed.webp\",\"contentUrl\":\"https:\/\/tammetalu.eu\/wp-content\/uploads\/2025\/01\/Sidrun_liivatee_Thymus-cit.-var.Spicy_tamme_talu_urdiaed.webp\",\"width\":600,\"height\":600,\"caption\":\"Sidrun_liivatee_Thymus-cit.-var.Spicy_tamme_talu_urdiaed\"},{\"@type\":\"BreadcrumbList\",\"@id\":\"https:\/\/tammetalu.eu\/toode\/sidrun-liivatee-thymus-xcitriodorus-rose\/#breadcrumb\",\"itemListElement\":[{\"@type\":\"ListItem\",\"position\":1,\"name\":\"Home\",\"item\":\"https:\/\/tammetalu.eu\/en\/esileht-eng\/\"},{\"@type\":\"ListItem\",\"position\":2,\"name\":\"Shop\",\"item\":\"https:\/\/tammetalu.eu\/en\/shop\/\"},{\"@type\":\"ListItem\",\"position\":3,\"name\":\"Sidrun-liivatee Thymus xcitriodorus &#8220;Rose&#8221;\"}]},{\"@type\":\"WebSite\",\"@id\":\"https:\/\/tammetalu.eu\/#website\",\"url\":\"https:\/\/tammetalu.eu\/\",\"name\":\"Tamme talu \u00fcrdiaed\",\"description\":\"K\u00e4sit\u00f6\u00f6na valmistatud tooted \u00fcrtidest, \u00fcrdiistikud, \u00fcrtide kollektsioonaed\",\"publisher\":{\"@id\":\"https:\/\/tammetalu.eu\/#organization\"},\"alternateName\":\"Tamme talu\",\"potentialAction\":[{\"@type\":\"SearchAction\",\"target\":{\"@type\":\"EntryPoint\",\"urlTemplate\":\"https:\/\/tammetalu.eu\/?s={search_term_string}\"},\"query-input\":{\"@type\":\"PropertyValueSpecification\",\"valueRequired\":true,\"valueName\":\"search_term_string\"}}],\"inLanguage\":\"en-US\"},{\"@type\":\"Organization\",\"@id\":\"https:\/\/tammetalu.eu\/#organization\",\"name\":\"Tamme talu \u00fcrdiaed\",\"alternateName\":\"Tamme talu\",\"url\":\"https:\/\/tammetalu.eu\/\",\"logo\":{\"@type\":\"ImageObject\",\"inLanguage\":\"en-US\",\"@id\":\"https:\/\/tammetalu.eu\/#\/schema\/logo\/image\/\",\"url\":\"https:\/\/tammetalu.eu\/wp-content\/uploads\/2025\/01\/Tamme_talu_urdiaed.png\",\"contentUrl\":\"https:\/\/tammetalu.eu\/wp-content\/uploads\/2025\/01\/Tamme_talu_urdiaed.png\",\"width\":560,\"height\":560,\"caption\":\"Tamme talu \u00fcrdiaed\"},\"image\":{\"@id\":\"https:\/\/tammetalu.eu\/#\/schema\/logo\/image\/\"},\"sameAs\":[\"https:\/\/www.facebook.com\/TammeTaluUrdiaed\/?locale=et_EE\",\"https:\/\/www.instagram.com\/tammetaluurdiaed\/\"]}]}<\/script>\n<!-- \/ Yoast SEO plugin. -->","yoast_head_json":{"title":"Sidrun-liivatee Thymus xcitriodorus \"Rose\" - Tamme talu \u00fcrdiaed","robots":{"index":"index","follow":"follow","max-snippet":"max-snippet:-1","max-image-preview":"max-image-preview:large","max-video-preview":"max-video-preview:-1"},"canonical":"https:\/\/tammetalu.eu\/toode\/sidrun-liivatee-thymus-xcitriodorus-rose\/","og_locale":"en_US","og_type":"article","og_title":"Sidrun-liivatee Thymus xcitriodorus \"Rose\" - Tamme talu \u00fcrdiaed","og_description":"Sidrun-liivatee Thymus xcitriodorus \"Summerdreams Rose\"  LAT: \u00a0Thymus xcitriodorus \" Summerdreams Rose\"  ENG: \u00a0Lemon thyme \" Summerdreams Rose\"  RU: \u0422\u0438\u043c\u044c\u044f\u043d \u043b\u0438\u043c\u043e\u043d\u043d\u043e\u043f\u0430\u0445\u043d\u0443\u0449\u0438\u0439 \" Summerdreams Rose\"  FI: \u00a0\u00a0Sitruuna-ajuruoho \" Summerdreams Rose\"  Sidrun-liivatee sort \" Summerdreams Rose\" on hallikasroheliste v\u00e4heldaste nahkjate lehtedega v\u00e4ga tihe ja aromaatne sidrunliivatee sort. Maitse on veidi v\u00fcrtsikas, mis on segunenud sidruni maitsega, l\u00f5hn meenutab roosi l\u00f5hna. Taim ei n\u00f5ua palju hoolt kasvatamisel. Sobib eriti h\u00e4sti istutamiseks potti, r\u00f5dukasti, k\u00e4iguteede \u00e4\u00e4rde, kivide vahele, tugim\u00fc\u00fcridele ja kuiva liivase v\u00f5i kruusase mullaga peenrasse v\u00f5i kuiva liivase mullaga loodusaeda. \u00d5ied on sellel sordil heleroosad. Peale \u00f5itsemist v\u00f5ib taime v\u00e4limuse korrastamiseks v\u00f5rseid k\u00e4rpida. Paljundada saab taime k\u00f5ige h\u00f5lpsamalt jagamise teel. Suhteliselt \u00a0talvekindel.  K\u00f6\u00f6gis sobib pea k\u00f5ikide roogade maitsestamiseks. Lisaks saab sidrun-liivateest valmistada v\u00e4ga maitsva tee. Liivatee lisatakse toitudele juba valmistamise ajal, kuna kannatab pikemat kuumutamist.  Liivateed kasutatakse r\u00f6ga lahtistava\u00a0 ja mikroobivastase vahendina. Pidurdab k\u00f5hugaaside teket. Kasutatakse k\u00fclmetushaiguste korral, palavikulangetamiseks, uriinierituse soodustamiseks ja gripivaevuste v\u00e4hendamiseks. V\u00e4lispidiselt kasutatakse kompressi ja vannina, sest liivateel on liigesep\u00f5letikku vaigistav toime. Liivatee aur leevendab kuiva k\u00f6ha.  K\u00f5rgus: kuni 0,20 m  \u00d5itsemise aeg: VI-VII  Talvekindlus: Suhteliselt talvekindel  Poti suurus: 9-11","og_url":"https:\/\/tammetalu.eu\/toode\/sidrun-liivatee-thymus-xcitriodorus-rose\/","og_site_name":"Tamme talu \u00fcrdiaed","article_publisher":"https:\/\/www.facebook.com\/TammeTaluUrdiaed\/?locale=et_EE","article_modified_time":"2026-04-22T05:02:12+00:00","og_image":[{"width":600,"height":600,"url":"https:\/\/tammetalu.eu\/wp-content\/uploads\/2025\/01\/Sidrun_liivatee_Thymus-cit.-var.Spicy_tamme_talu_urdiaed.webp","type":"image\/webp"}],"twitter_card":"summary_large_image","twitter_misc":{"Est. reading time":"1 minute"},"schema":{"@context":"https:\/\/schema.org","@graph":[{"@type":"WebPage","@id":"https:\/\/tammetalu.eu\/toode\/sidrun-liivatee-thymus-xcitriodorus-rose\/","url":"https:\/\/tammetalu.eu\/toode\/sidrun-liivatee-thymus-xcitriodorus-rose\/","name":"Sidrun-liivatee Thymus xcitriodorus \"Rose\" - Tamme talu \u00fcrdiaed","isPartOf":{"@id":"https:\/\/tammetalu.eu\/#website"},"primaryImageOfPage":{"@id":"https:\/\/tammetalu.eu\/toode\/sidrun-liivatee-thymus-xcitriodorus-rose\/#primaryimage"},"image":{"@id":"https:\/\/tammetalu.eu\/toode\/sidrun-liivatee-thymus-xcitriodorus-rose\/#primaryimage"},"thumbnailUrl":"https:\/\/tammetalu.eu\/wp-content\/uploads\/2025\/01\/Sidrun_liivatee_Thymus-cit.-var.Spicy_tamme_talu_urdiaed.webp","datePublished":"2025-04-06T18:57:10+00:00","dateModified":"2026-04-22T05:02:12+00:00","breadcrumb":{"@id":"https:\/\/tammetalu.eu\/toode\/sidrun-liivatee-thymus-xcitriodorus-rose\/#breadcrumb"},"inLanguage":"en-US","potentialAction":[{"@type":"ReadAction","target":["https:\/\/tammetalu.eu\/toode\/sidrun-liivatee-thymus-xcitriodorus-rose\/"]}]},{"@type":"ImageObject","inLanguage":"en-US","@id":"https:\/\/tammetalu.eu\/toode\/sidrun-liivatee-thymus-xcitriodorus-rose\/#primaryimage","url":"https:\/\/tammetalu.eu\/wp-content\/uploads\/2025\/01\/Sidrun_liivatee_Thymus-cit.-var.Spicy_tamme_talu_urdiaed.webp","contentUrl":"https:\/\/tammetalu.eu\/wp-content\/uploads\/2025\/01\/Sidrun_liivatee_Thymus-cit.-var.Spicy_tamme_talu_urdiaed.webp","width":600,"height":600,"caption":"Sidrun_liivatee_Thymus-cit.-var.Spicy_tamme_talu_urdiaed"},{"@type":"BreadcrumbList","@id":"https:\/\/tammetalu.eu\/toode\/sidrun-liivatee-thymus-xcitriodorus-rose\/#breadcrumb","itemListElement":[{"@type":"ListItem","position":1,"name":"Home","item":"https:\/\/tammetalu.eu\/en\/esileht-eng\/"},{"@type":"ListItem","position":2,"name":"Shop","item":"https:\/\/tammetalu.eu\/en\/shop\/"},{"@type":"ListItem","position":3,"name":"Sidrun-liivatee Thymus xcitriodorus &#8220;Rose&#8221;"}]},{"@type":"WebSite","@id":"https:\/\/tammetalu.eu\/#website","url":"https:\/\/tammetalu.eu\/","name":"Tamme talu \u00fcrdiaed","description":"K\u00e4sit\u00f6\u00f6na valmistatud tooted \u00fcrtidest, \u00fcrdiistikud, \u00fcrtide kollektsioonaed","publisher":{"@id":"https:\/\/tammetalu.eu\/#organization"},"alternateName":"Tamme talu","potentialAction":[{"@type":"SearchAction","target":{"@type":"EntryPoint","urlTemplate":"https:\/\/tammetalu.eu\/?s={search_term_string}"},"query-input":{"@type":"PropertyValueSpecification","valueRequired":true,"valueName":"search_term_string"}}],"inLanguage":"en-US"},{"@type":"Organization","@id":"https:\/\/tammetalu.eu\/#organization","name":"Tamme talu \u00fcrdiaed","alternateName":"Tamme talu","url":"https:\/\/tammetalu.eu\/","logo":{"@type":"ImageObject","inLanguage":"en-US","@id":"https:\/\/tammetalu.eu\/#\/schema\/logo\/image\/","url":"https:\/\/tammetalu.eu\/wp-content\/uploads\/2025\/01\/Tamme_talu_urdiaed.png","contentUrl":"https:\/\/tammetalu.eu\/wp-content\/uploads\/2025\/01\/Tamme_talu_urdiaed.png","width":560,"height":560,"caption":"Tamme talu \u00fcrdiaed"},"image":{"@id":"https:\/\/tammetalu.eu\/#\/schema\/logo\/image\/"},"sameAs":["https:\/\/www.facebook.com\/TammeTaluUrdiaed\/?locale=et_EE","https:\/\/www.instagram.com\/tammetaluurdiaed\/"]}]}},"_links":{"self":[{"href":"https:\/\/tammetalu.eu\/en\/wp-json\/wp\/v2\/product\/24628","targetHints":{"allow":["GET"]}}],"collection":[{"href":"https:\/\/tammetalu.eu\/en\/wp-json\/wp\/v2\/product"}],"about":[{"href":"https:\/\/tammetalu.eu\/en\/wp-json\/wp\/v2\/types\/product"}],"wp:featuredmedia":[{"embeddable":true,"href":"https:\/\/tammetalu.eu\/en\/wp-json\/wp\/v2\/media\/23635"}],"wp:attachment":[{"href":"https:\/\/tammetalu.eu\/en\/wp-json\/wp\/v2\/media?parent=24628"}],"wp:term":[{"taxonomy":"product_brand","embeddable":true,"href":"https:\/\/tammetalu.eu\/en\/wp-json\/wp\/v2\/product_brand?post=24628"},{"taxonomy":"product_cat","embeddable":true,"href":"https:\/\/tammetalu.eu\/en\/wp-json\/wp\/v2\/product_cat?post=24628"},{"taxonomy":"product_tag","embeddable":true,"href":"https:\/\/tammetalu.eu\/en\/wp-json\/wp\/v2\/product_tag?post=24628"}],"curies":[{"name":"wp","href":"https:\/\/api.w.org\/{rel}","templated":true}]}}