{"id":24745,"date":"2025-04-14T22:33:39","date_gmt":"2025-04-14T19:33:39","guid":{"rendered":"https:\/\/tammetalu.eu\/?post_type=product&#038;p=24745"},"modified":"2026-03-30T04:34:24","modified_gmt":"2026-03-30T01:34:24","slug":"kariibi-paprika-capsicum-chinense-biquinho","status":"publish","type":"product","link":"https:\/\/tammetalu.eu\/en\/product\/kariibi-paprika-capsicum-chinense-biquinho\/","title":{"rendered":"Kariibi paprika Capsicum chinense &#8220;Biquinho&#8221;"},"content":{"rendered":"","protected":false},"excerpt":{"rendered":"<p>LAT: \u00a0<em>Capsicum chinense<\/em><\/p>\n<p>ENG: \u00a0&#8220;little beak&#8221; chilli<\/p>\n<p>Biquinho t\u0161illi on p\u00f5nev sort, mis on vallutanud t\u0161illihuviliste s\u00fcdamed ja maitsemeeled kogu maailmas. See ainulaadne Brasiiliast p\u00e4rit t\u0161illi kuulub kariibi paprika <em>Capsicum chinense<\/em> liiki, mille hulka kuuluvad inimesele teadaolevad kuumimad paprikad. Kuid erinevalt oma tulistest kolleegidest on Biquinho t\u0161illil mahe kuumusaste, mis j\u00e4\u00e4b vahemikku 500 kuni 1000 Scoville&#8217;i \u00fchikut, muutes selle s\u00f6\u00f6davaks isegi k\u00f5ige madalama v\u00fcrtsitaluvusega inimestele.<\/p>\n<p>Minu isiklik kogemus Biquinho t\u0161illi kasvatamisel on olnud v\u00e4ga hea, kuna seda liiki on kerge kasvatada. Tillukesed pisarakujulised punased kaunad, mis meenutavad taime okstel rippuvaid v\u00e4ikeseid juveele. Lisaks on taim v\u00e4ga saagikas. Kasvatada saab taime kasvuhoones, r\u00f5dul, terrassil v\u00f5i p\u00e4ikeselisel peenral tuulevaiksel kohal. Tuleb arvestada, et nii nagu k\u00f5ik paprikad, on taim k\u00fclma\u00f5rn ja v\u00e4lja istudada enne ei tohi, kui \u00f6\u00f6k\u00fclmad on m\u00f6\u00f6dunud.<\/p>\n<p>V\u00e4ikseid tilgakujulisi kaunu saab tarvitada v\u00e4rskelt. Lihtsaim viis viljade s\u00e4ilitamiseks on marineerimine magusas \u00e4\u00e4dikamarinaadis.<\/p>\n<p>Brasiilias on Biquinho t\u0161illil eriline koht kulinaarsetes traditsioonides, kus seda kasutatakse mitmesugustes roogades, et lisada peent kuumust ja puuviljamaitset.<\/p>\n<p>K\u00f5rgus: 1 m<\/p>\n<p>\u00d5itsemise aeg: VI-VIII<\/p>\n<p>Talvekindlus: Ei ole talvekindel<\/p>\n<p>Poti suurus: 11-12<\/p>\n","protected":false},"featured_media":25123,"template":"","meta":{"_acf_changed":false,"_et_pb_use_builder":"","_et_pb_old_content":"","_et_gb_content_width":"","inline_featured_image":false},"product_brand":[],"product_cat":[186,203],"product_tag":[],"class_list":{"0":"post-24745","1":"product","2":"type-product","3":"status-publish","4":"has-post-thumbnail","6":"product_cat-maitse-ja-ravimtaimede-istikud","7":"product_cat-ponevad-koogiviljad","9":"first","10":"outofstock","11":"sale","12":"taxable","13":"shipping-taxable","14":"purchasable","15":"product-type-simple"},"acf":[],"yoast_head":"<!-- This site is optimized with the Yoast SEO plugin v26.4 - https:\/\/yoast.com\/wordpress\/plugins\/seo\/ -->\n<title>Kariibi paprika Capsicum chinense &quot;Biquinho&quot; - Tamme talu \u00fcrdiaed<\/title>\n<meta name=\"description\" content=\"Kariibi paprika &quot;Biquinho&quot; on p\u00f5nev sort, mis on vallutanud t\u0161illihuviliste s\u00fcdamed ja maitsemeeled kogu maailmas. See ainulaadne Brasiiliast p\u00e4rit t\u0161illi kuulub kariibi paprika Capsicum chinense liiki, mille hulka kuuluvad inimesele teadaolevad kuumimad paprikad. Kuid erinevalt oma tulistest kolleegidest on Biquinho t\u0161illil mahe kuumusaste, mis j\u00e4\u00e4b vahemikku 500 kuni 1000 Scoville&#039;i \u00fchikut, muutes selle s\u00f6\u00f6davaks isegi k\u00f5ige madalama v\u00fcrtsitaluvusega inimestele.\" \/>\n<meta name=\"robots\" content=\"index, follow, max-snippet:-1, max-image-preview:large, max-video-preview:-1\" \/>\n<link rel=\"canonical\" href=\"https:\/\/tammetalu.eu\/toode\/kariibi-paprika-capsicum-chinense-biquinho\/\" \/>\n<meta property=\"og:locale\" content=\"en_US\" \/>\n<meta property=\"og:type\" content=\"article\" \/>\n<meta property=\"og:title\" content=\"Kariibi paprika Capsicum chinense &quot;Biquinho&quot; - Tamme talu \u00fcrdiaed\" \/>\n<meta property=\"og:description\" content=\"Kariibi paprika &quot;Biquinho&quot; on p\u00f5nev sort, mis on vallutanud t\u0161illihuviliste s\u00fcdamed ja maitsemeeled kogu maailmas. See ainulaadne Brasiiliast p\u00e4rit t\u0161illi kuulub kariibi paprika Capsicum chinense liiki, mille hulka kuuluvad inimesele teadaolevad kuumimad paprikad. Kuid erinevalt oma tulistest kolleegidest on Biquinho t\u0161illil mahe kuumusaste, mis j\u00e4\u00e4b vahemikku 500 kuni 1000 Scoville&#039;i \u00fchikut, muutes selle s\u00f6\u00f6davaks isegi k\u00f5ige madalama v\u00fcrtsitaluvusega inimestele.\" \/>\n<meta property=\"og:url\" content=\"https:\/\/tammetalu.eu\/toode\/kariibi-paprika-capsicum-chinense-biquinho\/\" \/>\n<meta property=\"og:site_name\" content=\"Tamme talu \u00fcrdiaed\" \/>\n<meta property=\"article:publisher\" content=\"https:\/\/www.facebook.com\/TammeTaluUrdiaed\/?locale=et_EE\" \/>\n<meta property=\"article:modified_time\" content=\"2026-03-30T01:34:24+00:00\" \/>\n<meta property=\"og:image\" content=\"https:\/\/tammetalu.eu\/wp-content\/uploads\/2025\/04\/Kariibi_paprika_Biquinho_Tamme_talu_urdiaed.webp\" \/>\n\t<meta property=\"og:image:width\" content=\"300\" \/>\n\t<meta property=\"og:image:height\" content=\"300\" \/>\n\t<meta property=\"og:image:type\" content=\"image\/webp\" \/>\n<meta name=\"twitter:card\" content=\"summary_large_image\" \/>\n<meta name=\"twitter:label1\" content=\"Est. reading time\" \/>\n\t<meta name=\"twitter:data1\" content=\"1 minute\" \/>\n<script type=\"application\/ld+json\" class=\"yoast-schema-graph\">{\"@context\":\"https:\/\/schema.org\",\"@graph\":[{\"@type\":\"WebPage\",\"@id\":\"https:\/\/tammetalu.eu\/toode\/kariibi-paprika-capsicum-chinense-biquinho\/\",\"url\":\"https:\/\/tammetalu.eu\/toode\/kariibi-paprika-capsicum-chinense-biquinho\/\",\"name\":\"Kariibi paprika Capsicum chinense \\\"Biquinho\\\" - Tamme talu \u00fcrdiaed\",\"isPartOf\":{\"@id\":\"https:\/\/tammetalu.eu\/#website\"},\"primaryImageOfPage\":{\"@id\":\"https:\/\/tammetalu.eu\/toode\/kariibi-paprika-capsicum-chinense-biquinho\/#primaryimage\"},\"image\":{\"@id\":\"https:\/\/tammetalu.eu\/toode\/kariibi-paprika-capsicum-chinense-biquinho\/#primaryimage\"},\"thumbnailUrl\":\"https:\/\/tammetalu.eu\/wp-content\/uploads\/2025\/04\/Kariibi_paprika_Biquinho_Tamme_talu_urdiaed.webp\",\"datePublished\":\"2025-04-14T19:33:39+00:00\",\"dateModified\":\"2026-03-30T01:34:24+00:00\",\"description\":\"Kariibi paprika \\\"Biquinho\\\" on p\u00f5nev sort, mis on vallutanud t\u0161illihuviliste s\u00fcdamed ja maitsemeeled kogu maailmas. See ainulaadne Brasiiliast p\u00e4rit t\u0161illi kuulub kariibi paprika Capsicum chinense liiki, mille hulka kuuluvad inimesele teadaolevad kuumimad paprikad. Kuid erinevalt oma tulistest kolleegidest on Biquinho t\u0161illil mahe kuumusaste, mis j\u00e4\u00e4b vahemikku 500 kuni 1000 Scoville'i \u00fchikut, muutes selle s\u00f6\u00f6davaks isegi k\u00f5ige madalama v\u00fcrtsitaluvusega inimestele.\",\"breadcrumb\":{\"@id\":\"https:\/\/tammetalu.eu\/toode\/kariibi-paprika-capsicum-chinense-biquinho\/#breadcrumb\"},\"inLanguage\":\"en-US\",\"potentialAction\":[{\"@type\":\"ReadAction\",\"target\":[\"https:\/\/tammetalu.eu\/toode\/kariibi-paprika-capsicum-chinense-biquinho\/\"]}]},{\"@type\":\"ImageObject\",\"inLanguage\":\"en-US\",\"@id\":\"https:\/\/tammetalu.eu\/toode\/kariibi-paprika-capsicum-chinense-biquinho\/#primaryimage\",\"url\":\"https:\/\/tammetalu.eu\/wp-content\/uploads\/2025\/04\/Kariibi_paprika_Biquinho_Tamme_talu_urdiaed.webp\",\"contentUrl\":\"https:\/\/tammetalu.eu\/wp-content\/uploads\/2025\/04\/Kariibi_paprika_Biquinho_Tamme_talu_urdiaed.webp\",\"width\":300,\"height\":300,\"caption\":\"kariibi paprika, t\u0161illi, tamme talu \u00fcrdiaed\"},{\"@type\":\"BreadcrumbList\",\"@id\":\"https:\/\/tammetalu.eu\/toode\/kariibi-paprika-capsicum-chinense-biquinho\/#breadcrumb\",\"itemListElement\":[{\"@type\":\"ListItem\",\"position\":1,\"name\":\"Home\",\"item\":\"https:\/\/tammetalu.eu\/en\/esileht-eng\/\"},{\"@type\":\"ListItem\",\"position\":2,\"name\":\"Shop\",\"item\":\"https:\/\/tammetalu.eu\/en\/shop\/\"},{\"@type\":\"ListItem\",\"position\":3,\"name\":\"Kariibi paprika Capsicum chinense &#8220;Biquinho&#8221;\"}]},{\"@type\":\"WebSite\",\"@id\":\"https:\/\/tammetalu.eu\/#website\",\"url\":\"https:\/\/tammetalu.eu\/\",\"name\":\"Tamme talu \u00fcrdiaed\",\"description\":\"K\u00e4sit\u00f6\u00f6na valmistatud tooted \u00fcrtidest, \u00fcrdiistikud, \u00fcrtide kollektsioonaed\",\"publisher\":{\"@id\":\"https:\/\/tammetalu.eu\/#organization\"},\"alternateName\":\"Tamme talu\",\"potentialAction\":[{\"@type\":\"SearchAction\",\"target\":{\"@type\":\"EntryPoint\",\"urlTemplate\":\"https:\/\/tammetalu.eu\/?s={search_term_string}\"},\"query-input\":{\"@type\":\"PropertyValueSpecification\",\"valueRequired\":true,\"valueName\":\"search_term_string\"}}],\"inLanguage\":\"en-US\"},{\"@type\":\"Organization\",\"@id\":\"https:\/\/tammetalu.eu\/#organization\",\"name\":\"Tamme talu \u00fcrdiaed\",\"alternateName\":\"Tamme talu\",\"url\":\"https:\/\/tammetalu.eu\/\",\"logo\":{\"@type\":\"ImageObject\",\"inLanguage\":\"en-US\",\"@id\":\"https:\/\/tammetalu.eu\/#\/schema\/logo\/image\/\",\"url\":\"https:\/\/tammetalu.eu\/wp-content\/uploads\/2025\/01\/Tamme_talu_urdiaed.png\",\"contentUrl\":\"https:\/\/tammetalu.eu\/wp-content\/uploads\/2025\/01\/Tamme_talu_urdiaed.png\",\"width\":560,\"height\":560,\"caption\":\"Tamme talu \u00fcrdiaed\"},\"image\":{\"@id\":\"https:\/\/tammetalu.eu\/#\/schema\/logo\/image\/\"},\"sameAs\":[\"https:\/\/www.facebook.com\/TammeTaluUrdiaed\/?locale=et_EE\",\"https:\/\/www.instagram.com\/tammetaluurdiaed\/\"]}]}<\/script>\n<!-- \/ Yoast SEO plugin. -->","yoast_head_json":{"title":"Kariibi paprika Capsicum chinense \"Biquinho\" - Tamme talu \u00fcrdiaed","description":"Kariibi paprika \"Biquinho\" on p\u00f5nev sort, mis on vallutanud t\u0161illihuviliste s\u00fcdamed ja maitsemeeled kogu maailmas. See ainulaadne Brasiiliast p\u00e4rit t\u0161illi kuulub kariibi paprika Capsicum chinense liiki, mille hulka kuuluvad inimesele teadaolevad kuumimad paprikad. Kuid erinevalt oma tulistest kolleegidest on Biquinho t\u0161illil mahe kuumusaste, mis j\u00e4\u00e4b vahemikku 500 kuni 1000 Scoville'i \u00fchikut, muutes selle s\u00f6\u00f6davaks isegi k\u00f5ige madalama v\u00fcrtsitaluvusega inimestele.","robots":{"index":"index","follow":"follow","max-snippet":"max-snippet:-1","max-image-preview":"max-image-preview:large","max-video-preview":"max-video-preview:-1"},"canonical":"https:\/\/tammetalu.eu\/toode\/kariibi-paprika-capsicum-chinense-biquinho\/","og_locale":"en_US","og_type":"article","og_title":"Kariibi paprika Capsicum chinense \"Biquinho\" - Tamme talu \u00fcrdiaed","og_description":"Kariibi paprika \"Biquinho\" on p\u00f5nev sort, mis on vallutanud t\u0161illihuviliste s\u00fcdamed ja maitsemeeled kogu maailmas. See ainulaadne Brasiiliast p\u00e4rit t\u0161illi kuulub kariibi paprika Capsicum chinense liiki, mille hulka kuuluvad inimesele teadaolevad kuumimad paprikad. Kuid erinevalt oma tulistest kolleegidest on Biquinho t\u0161illil mahe kuumusaste, mis j\u00e4\u00e4b vahemikku 500 kuni 1000 Scoville'i \u00fchikut, muutes selle s\u00f6\u00f6davaks isegi k\u00f5ige madalama v\u00fcrtsitaluvusega inimestele.","og_url":"https:\/\/tammetalu.eu\/toode\/kariibi-paprika-capsicum-chinense-biquinho\/","og_site_name":"Tamme talu \u00fcrdiaed","article_publisher":"https:\/\/www.facebook.com\/TammeTaluUrdiaed\/?locale=et_EE","article_modified_time":"2026-03-30T01:34:24+00:00","og_image":[{"width":300,"height":300,"url":"https:\/\/tammetalu.eu\/wp-content\/uploads\/2025\/04\/Kariibi_paprika_Biquinho_Tamme_talu_urdiaed.webp","type":"image\/webp"}],"twitter_card":"summary_large_image","twitter_misc":{"Est. reading time":"1 minute"},"schema":{"@context":"https:\/\/schema.org","@graph":[{"@type":"WebPage","@id":"https:\/\/tammetalu.eu\/toode\/kariibi-paprika-capsicum-chinense-biquinho\/","url":"https:\/\/tammetalu.eu\/toode\/kariibi-paprika-capsicum-chinense-biquinho\/","name":"Kariibi paprika Capsicum chinense \"Biquinho\" - Tamme talu \u00fcrdiaed","isPartOf":{"@id":"https:\/\/tammetalu.eu\/#website"},"primaryImageOfPage":{"@id":"https:\/\/tammetalu.eu\/toode\/kariibi-paprika-capsicum-chinense-biquinho\/#primaryimage"},"image":{"@id":"https:\/\/tammetalu.eu\/toode\/kariibi-paprika-capsicum-chinense-biquinho\/#primaryimage"},"thumbnailUrl":"https:\/\/tammetalu.eu\/wp-content\/uploads\/2025\/04\/Kariibi_paprika_Biquinho_Tamme_talu_urdiaed.webp","datePublished":"2025-04-14T19:33:39+00:00","dateModified":"2026-03-30T01:34:24+00:00","description":"Kariibi paprika \"Biquinho\" on p\u00f5nev sort, mis on vallutanud t\u0161illihuviliste s\u00fcdamed ja maitsemeeled kogu maailmas. See ainulaadne Brasiiliast p\u00e4rit t\u0161illi kuulub kariibi paprika Capsicum chinense liiki, mille hulka kuuluvad inimesele teadaolevad kuumimad paprikad. Kuid erinevalt oma tulistest kolleegidest on Biquinho t\u0161illil mahe kuumusaste, mis j\u00e4\u00e4b vahemikku 500 kuni 1000 Scoville'i \u00fchikut, muutes selle s\u00f6\u00f6davaks isegi k\u00f5ige madalama v\u00fcrtsitaluvusega inimestele.","breadcrumb":{"@id":"https:\/\/tammetalu.eu\/toode\/kariibi-paprika-capsicum-chinense-biquinho\/#breadcrumb"},"inLanguage":"en-US","potentialAction":[{"@type":"ReadAction","target":["https:\/\/tammetalu.eu\/toode\/kariibi-paprika-capsicum-chinense-biquinho\/"]}]},{"@type":"ImageObject","inLanguage":"en-US","@id":"https:\/\/tammetalu.eu\/toode\/kariibi-paprika-capsicum-chinense-biquinho\/#primaryimage","url":"https:\/\/tammetalu.eu\/wp-content\/uploads\/2025\/04\/Kariibi_paprika_Biquinho_Tamme_talu_urdiaed.webp","contentUrl":"https:\/\/tammetalu.eu\/wp-content\/uploads\/2025\/04\/Kariibi_paprika_Biquinho_Tamme_talu_urdiaed.webp","width":300,"height":300,"caption":"kariibi paprika, t\u0161illi, tamme talu \u00fcrdiaed"},{"@type":"BreadcrumbList","@id":"https:\/\/tammetalu.eu\/toode\/kariibi-paprika-capsicum-chinense-biquinho\/#breadcrumb","itemListElement":[{"@type":"ListItem","position":1,"name":"Home","item":"https:\/\/tammetalu.eu\/en\/esileht-eng\/"},{"@type":"ListItem","position":2,"name":"Shop","item":"https:\/\/tammetalu.eu\/en\/shop\/"},{"@type":"ListItem","position":3,"name":"Kariibi paprika Capsicum chinense &#8220;Biquinho&#8221;"}]},{"@type":"WebSite","@id":"https:\/\/tammetalu.eu\/#website","url":"https:\/\/tammetalu.eu\/","name":"Tamme talu \u00fcrdiaed","description":"K\u00e4sit\u00f6\u00f6na valmistatud tooted \u00fcrtidest, \u00fcrdiistikud, \u00fcrtide kollektsioonaed","publisher":{"@id":"https:\/\/tammetalu.eu\/#organization"},"alternateName":"Tamme talu","potentialAction":[{"@type":"SearchAction","target":{"@type":"EntryPoint","urlTemplate":"https:\/\/tammetalu.eu\/?s={search_term_string}"},"query-input":{"@type":"PropertyValueSpecification","valueRequired":true,"valueName":"search_term_string"}}],"inLanguage":"en-US"},{"@type":"Organization","@id":"https:\/\/tammetalu.eu\/#organization","name":"Tamme talu \u00fcrdiaed","alternateName":"Tamme talu","url":"https:\/\/tammetalu.eu\/","logo":{"@type":"ImageObject","inLanguage":"en-US","@id":"https:\/\/tammetalu.eu\/#\/schema\/logo\/image\/","url":"https:\/\/tammetalu.eu\/wp-content\/uploads\/2025\/01\/Tamme_talu_urdiaed.png","contentUrl":"https:\/\/tammetalu.eu\/wp-content\/uploads\/2025\/01\/Tamme_talu_urdiaed.png","width":560,"height":560,"caption":"Tamme talu \u00fcrdiaed"},"image":{"@id":"https:\/\/tammetalu.eu\/#\/schema\/logo\/image\/"},"sameAs":["https:\/\/www.facebook.com\/TammeTaluUrdiaed\/?locale=et_EE","https:\/\/www.instagram.com\/tammetaluurdiaed\/"]}]}},"_links":{"self":[{"href":"https:\/\/tammetalu.eu\/en\/wp-json\/wp\/v2\/product\/24745","targetHints":{"allow":["GET"]}}],"collection":[{"href":"https:\/\/tammetalu.eu\/en\/wp-json\/wp\/v2\/product"}],"about":[{"href":"https:\/\/tammetalu.eu\/en\/wp-json\/wp\/v2\/types\/product"}],"wp:featuredmedia":[{"embeddable":true,"href":"https:\/\/tammetalu.eu\/en\/wp-json\/wp\/v2\/media\/25123"}],"wp:attachment":[{"href":"https:\/\/tammetalu.eu\/en\/wp-json\/wp\/v2\/media?parent=24745"}],"wp:term":[{"taxonomy":"product_brand","embeddable":true,"href":"https:\/\/tammetalu.eu\/en\/wp-json\/wp\/v2\/product_brand?post=24745"},{"taxonomy":"product_cat","embeddable":true,"href":"https:\/\/tammetalu.eu\/en\/wp-json\/wp\/v2\/product_cat?post=24745"},{"taxonomy":"product_tag","embeddable":true,"href":"https:\/\/tammetalu.eu\/en\/wp-json\/wp\/v2\/product_tag?post=24745"}],"curies":[{"name":"wp","href":"https:\/\/api.w.org\/{rel}","templated":true}]}}