{"id":26505,"date":"2022-10-26T19:43:11","date_gmt":"2022-10-26T16:43:11","guid":{"rendered":"https:\/\/tammetalu.eu\/toode\/gift-set-enjoying-the-moment\/"},"modified":"2022-10-26T19:43:11","modified_gmt":"2022-10-26T16:43:11","slug":"gift-set-enjoying-the-moment","status":"publish","type":"product","link":"https:\/\/tammetalu.eu\/en\/product\/gift-set-enjoying-the-moment\/","title":{"rendered":"Gift set &#8220;Enjoying the moment&#8221;"},"content":{"rendered":"","protected":false},"excerpt":{"rendered":"<p>The gift set includes Junimperium handmade gin, Tamme Farm&#8217;s aromatic lemon verbena and raspberry tea and Herb Garden honey. Junimperium Blended Dry gin contains the world&#8217;s best juniper berries and, in addition to other flavorings, a secret ingredient grown in the fields of Tamme Farm.<\/p>\n<p>Elur\u00f5\u00f5mu tea is a blend of juicy raspberries and refreshing lemon balm. Herb Garden honey complements the gift with a honey-sweet note. A truly pleasant combination for enjoying beautiful moments!<\/p>\n<p>The box has a transparent lid, tied with a red silk ribbon and a beautifully designed card with a lovely message on the side. The gift giver can add the recipient&#8217;s name to the card.<\/p>\n<p>When creating gift boxes, we consider an environmentally friendly and &#8220;less waste&#8221; mindset important. That is why we use <span style=\"color: #339966;\"><a style=\"color: #339966;\" href=\"https:\/\/raiku.co\/\">RAIKU<\/a><\/span> 100% natural, compostable and environmentally friendly packaging material, which is made of wood, as the contents of the box. It looks beautiful, stylish and luxurious.<\/p>\n<p>Delight your loved ones and business partners with gifts created with love, coming from Tamme Farm!<\/p>\n<p>Attention! This contains alcohol. Alcohol can be harmful to your health.<\/p>\n","protected":false},"featured_media":26094,"template":"","meta":{"_acf_changed":false,"_et_pb_use_builder":"","_et_pb_old_content":"","_et_gb_content_width":"","inline_featured_image":false},"product_brand":[],"product_cat":[245,226],"product_tag":[],"class_list":{"0":"post-26505","1":"product","2":"type-product","3":"status-publish","4":"has-post-thumbnail","6":"product_cat-gift-ideas","7":"product_cat-gift-sets","9":"first","10":"instock","11":"taxable","12":"shipping-taxable","13":"purchasable","14":"product-type-simple"},"acf":[],"yoast_head":"<!-- This site is optimized with the Yoast SEO plugin v27.5 - https:\/\/yoast.com\/product\/yoast-seo-wordpress\/ -->\n<title>Gift set Enjoying a moment from the Tamme farm herb garden<\/title>\n<meta name=\"description\" content=\"Order the Enjoying the Moment gift set from the Tamme Farm Herb Garden online store. Contains Elur\u00f5\u00f5mu tea, Herb Garden honey, and Junimperium handmade gin in a beautiful glass jar.\" \/>\n<meta name=\"robots\" content=\"index, follow, max-snippet:-1, max-image-preview:large, max-video-preview:-1\" \/>\n<link rel=\"canonical\" href=\"https:\/\/tammetalu.eu\/en\/product\/gift-set-enjoying-the-moment\/\" \/>\n<meta property=\"og:locale\" content=\"en_US\" \/>\n<meta property=\"og:type\" content=\"article\" \/>\n<meta property=\"og:title\" content=\"Gift set Enjoying a moment from the Tamme farm herb garden\" \/>\n<meta property=\"og:description\" content=\"Order the Enjoying the Moment gift set from the Tamme Farm Herb Garden online store. Contains Elur\u00f5\u00f5mu tea, Herb Garden honey, and Junimperium handmade gin in a beautiful glass jar.\" \/>\n<meta property=\"og:url\" content=\"https:\/\/tammetalu.eu\/en\/product\/gift-set-enjoying-the-moment\/\" \/>\n<meta property=\"og:site_name\" content=\"Tamme talu \u00fcrdiaed\" \/>\n<meta property=\"article:publisher\" content=\"https:\/\/www.facebook.com\/TammeTaluUrdiaed\/?locale=et_EE\" \/>\n<meta property=\"og:image\" content=\"https:\/\/tammetalu.eu\/wp-content\/uploads\/2022\/10\/Tamme-talu-urdiaed-nautides-hetke.jpg\" \/>\n\t<meta property=\"og:image:width\" content=\"1365\" \/>\n\t<meta property=\"og:image:height\" content=\"2048\" \/>\n\t<meta property=\"og:image:type\" content=\"image\/jpeg\" \/>\n<meta name=\"twitter:card\" content=\"summary_large_image\" \/>\n<script type=\"application\/ld+json\" class=\"yoast-schema-graph\">{\"@context\":\"https:\\\/\\\/schema.org\",\"@graph\":[{\"@type\":\"WebPage\",\"@id\":\"https:\\\/\\\/tammetalu.eu\\\/en\\\/product\\\/gift-set-enjoying-the-moment\\\/\",\"url\":\"https:\\\/\\\/tammetalu.eu\\\/en\\\/product\\\/gift-set-enjoying-the-moment\\\/\",\"name\":\"Gift set Enjoying a moment from the Tamme farm herb garden\",\"isPartOf\":{\"@id\":\"https:\\\/\\\/tammetalu.eu\\\/#website\"},\"primaryImageOfPage\":{\"@id\":\"https:\\\/\\\/tammetalu.eu\\\/en\\\/product\\\/gift-set-enjoying-the-moment\\\/#primaryimage\"},\"image\":{\"@id\":\"https:\\\/\\\/tammetalu.eu\\\/en\\\/product\\\/gift-set-enjoying-the-moment\\\/#primaryimage\"},\"thumbnailUrl\":\"https:\\\/\\\/tammetalu.eu\\\/wp-content\\\/uploads\\\/2022\\\/10\\\/Tamme-talu-urdiaed-nautides-hetke.jpg\",\"datePublished\":\"2022-10-26T16:43:11+00:00\",\"description\":\"Order the Enjoying the Moment gift set from the Tamme Farm Herb Garden online store. Contains Elur\u00f5\u00f5mu tea, Herb Garden honey, and Junimperium handmade gin in a beautiful glass jar.\",\"breadcrumb\":{\"@id\":\"https:\\\/\\\/tammetalu.eu\\\/en\\\/product\\\/gift-set-enjoying-the-moment\\\/#breadcrumb\"},\"inLanguage\":\"en-US\",\"potentialAction\":[{\"@type\":\"ReadAction\",\"target\":[\"https:\\\/\\\/tammetalu.eu\\\/en\\\/product\\\/gift-set-enjoying-the-moment\\\/\"]}]},{\"@type\":\"ImageObject\",\"inLanguage\":\"en-US\",\"@id\":\"https:\\\/\\\/tammetalu.eu\\\/en\\\/product\\\/gift-set-enjoying-the-moment\\\/#primaryimage\",\"url\":\"https:\\\/\\\/tammetalu.eu\\\/wp-content\\\/uploads\\\/2022\\\/10\\\/Tamme-talu-urdiaed-nautides-hetke.jpg\",\"contentUrl\":\"https:\\\/\\\/tammetalu.eu\\\/wp-content\\\/uploads\\\/2022\\\/10\\\/Tamme-talu-urdiaed-nautides-hetke.jpg\",\"width\":1365,\"height\":2048,\"caption\":\"tamme farm herb garden, gift set enjoying the moment, junimperium, business gift, gift box\"},{\"@type\":\"BreadcrumbList\",\"@id\":\"https:\\\/\\\/tammetalu.eu\\\/en\\\/product\\\/gift-set-enjoying-the-moment\\\/#breadcrumb\",\"itemListElement\":[{\"@type\":\"ListItem\",\"position\":1,\"name\":\"Home\",\"item\":\"https:\\\/\\\/tammetalu.eu\\\/en\\\/esileht-eng\\\/\"},{\"@type\":\"ListItem\",\"position\":2,\"name\":\"Shop\",\"item\":\"https:\\\/\\\/tammetalu.eu\\\/en\\\/shop\\\/\"},{\"@type\":\"ListItem\",\"position\":3,\"name\":\"Gift set &#8220;Enjoying the moment&#8221;\"}]},{\"@type\":\"WebSite\",\"@id\":\"https:\\\/\\\/tammetalu.eu\\\/#website\",\"url\":\"https:\\\/\\\/tammetalu.eu\\\/\",\"name\":\"Tamme talu \u00fcrdiaed\",\"description\":\"K\u00e4sit\u00f6\u00f6na valmistatud tooted \u00fcrtidest, \u00fcrdiistikud, \u00fcrtide kollektsioonaed\",\"publisher\":{\"@id\":\"https:\\\/\\\/tammetalu.eu\\\/#organization\"},\"alternateName\":\"Tamme talu\",\"potentialAction\":[{\"@type\":\"SearchAction\",\"target\":{\"@type\":\"EntryPoint\",\"urlTemplate\":\"https:\\\/\\\/tammetalu.eu\\\/?s={search_term_string}\"},\"query-input\":{\"@type\":\"PropertyValueSpecification\",\"valueRequired\":true,\"valueName\":\"search_term_string\"}}],\"inLanguage\":\"en-US\"},{\"@type\":\"Organization\",\"@id\":\"https:\\\/\\\/tammetalu.eu\\\/#organization\",\"name\":\"Tamme talu \u00fcrdiaed\",\"alternateName\":\"Tamme talu\",\"url\":\"https:\\\/\\\/tammetalu.eu\\\/\",\"logo\":{\"@type\":\"ImageObject\",\"inLanguage\":\"en-US\",\"@id\":\"https:\\\/\\\/tammetalu.eu\\\/#\\\/schema\\\/logo\\\/image\\\/\",\"url\":\"https:\\\/\\\/tammetalu.eu\\\/wp-content\\\/uploads\\\/2025\\\/01\\\/Tamme_talu_urdiaed.png\",\"contentUrl\":\"https:\\\/\\\/tammetalu.eu\\\/wp-content\\\/uploads\\\/2025\\\/01\\\/Tamme_talu_urdiaed.png\",\"width\":560,\"height\":560,\"caption\":\"Tamme talu \u00fcrdiaed\"},\"image\":{\"@id\":\"https:\\\/\\\/tammetalu.eu\\\/#\\\/schema\\\/logo\\\/image\\\/\"},\"sameAs\":[\"https:\\\/\\\/www.facebook.com\\\/TammeTaluUrdiaed\\\/?locale=et_EE\",\"https:\\\/\\\/www.instagram.com\\\/tammetaluurdiaed\\\/\"]}]}<\/script>\n<!-- \/ Yoast SEO plugin. -->","yoast_head_json":{"title":"Gift set Enjoying a moment from the Tamme farm herb garden","description":"Order the Enjoying the Moment gift set from the Tamme Farm Herb Garden online store. Contains Elur\u00f5\u00f5mu tea, Herb Garden honey, and Junimperium handmade gin in a beautiful glass jar.","robots":{"index":"index","follow":"follow","max-snippet":"max-snippet:-1","max-image-preview":"max-image-preview:large","max-video-preview":"max-video-preview:-1"},"canonical":"https:\/\/tammetalu.eu\/en\/product\/gift-set-enjoying-the-moment\/","og_locale":"en_US","og_type":"article","og_title":"Gift set Enjoying a moment from the Tamme farm herb garden","og_description":"Order the Enjoying the Moment gift set from the Tamme Farm Herb Garden online store. Contains Elur\u00f5\u00f5mu tea, Herb Garden honey, and Junimperium handmade gin in a beautiful glass jar.","og_url":"https:\/\/tammetalu.eu\/en\/product\/gift-set-enjoying-the-moment\/","og_site_name":"Tamme talu \u00fcrdiaed","article_publisher":"https:\/\/www.facebook.com\/TammeTaluUrdiaed\/?locale=et_EE","og_image":[{"width":1365,"height":2048,"url":"https:\/\/tammetalu.eu\/wp-content\/uploads\/2022\/10\/Tamme-talu-urdiaed-nautides-hetke.jpg","type":"image\/jpeg"}],"twitter_card":"summary_large_image","schema":{"@context":"https:\/\/schema.org","@graph":[{"@type":"WebPage","@id":"https:\/\/tammetalu.eu\/en\/product\/gift-set-enjoying-the-moment\/","url":"https:\/\/tammetalu.eu\/en\/product\/gift-set-enjoying-the-moment\/","name":"Gift set Enjoying a moment from the Tamme farm herb garden","isPartOf":{"@id":"https:\/\/tammetalu.eu\/#website"},"primaryImageOfPage":{"@id":"https:\/\/tammetalu.eu\/en\/product\/gift-set-enjoying-the-moment\/#primaryimage"},"image":{"@id":"https:\/\/tammetalu.eu\/en\/product\/gift-set-enjoying-the-moment\/#primaryimage"},"thumbnailUrl":"https:\/\/tammetalu.eu\/wp-content\/uploads\/2022\/10\/Tamme-talu-urdiaed-nautides-hetke.jpg","datePublished":"2022-10-26T16:43:11+00:00","description":"Order the Enjoying the Moment gift set from the Tamme Farm Herb Garden online store. Contains Elur\u00f5\u00f5mu tea, Herb Garden honey, and Junimperium handmade gin in a beautiful glass jar.","breadcrumb":{"@id":"https:\/\/tammetalu.eu\/en\/product\/gift-set-enjoying-the-moment\/#breadcrumb"},"inLanguage":"en-US","potentialAction":[{"@type":"ReadAction","target":["https:\/\/tammetalu.eu\/en\/product\/gift-set-enjoying-the-moment\/"]}]},{"@type":"ImageObject","inLanguage":"en-US","@id":"https:\/\/tammetalu.eu\/en\/product\/gift-set-enjoying-the-moment\/#primaryimage","url":"https:\/\/tammetalu.eu\/wp-content\/uploads\/2022\/10\/Tamme-talu-urdiaed-nautides-hetke.jpg","contentUrl":"https:\/\/tammetalu.eu\/wp-content\/uploads\/2022\/10\/Tamme-talu-urdiaed-nautides-hetke.jpg","width":1365,"height":2048,"caption":"tamme farm herb garden, gift set enjoying the moment, junimperium, business gift, gift box"},{"@type":"BreadcrumbList","@id":"https:\/\/tammetalu.eu\/en\/product\/gift-set-enjoying-the-moment\/#breadcrumb","itemListElement":[{"@type":"ListItem","position":1,"name":"Home","item":"https:\/\/tammetalu.eu\/en\/esileht-eng\/"},{"@type":"ListItem","position":2,"name":"Shop","item":"https:\/\/tammetalu.eu\/en\/shop\/"},{"@type":"ListItem","position":3,"name":"Gift set &#8220;Enjoying the moment&#8221;"}]},{"@type":"WebSite","@id":"https:\/\/tammetalu.eu\/#website","url":"https:\/\/tammetalu.eu\/","name":"Tamme talu \u00fcrdiaed","description":"K\u00e4sit\u00f6\u00f6na valmistatud tooted \u00fcrtidest, \u00fcrdiistikud, \u00fcrtide kollektsioonaed","publisher":{"@id":"https:\/\/tammetalu.eu\/#organization"},"alternateName":"Tamme talu","potentialAction":[{"@type":"SearchAction","target":{"@type":"EntryPoint","urlTemplate":"https:\/\/tammetalu.eu\/?s={search_term_string}"},"query-input":{"@type":"PropertyValueSpecification","valueRequired":true,"valueName":"search_term_string"}}],"inLanguage":"en-US"},{"@type":"Organization","@id":"https:\/\/tammetalu.eu\/#organization","name":"Tamme talu \u00fcrdiaed","alternateName":"Tamme talu","url":"https:\/\/tammetalu.eu\/","logo":{"@type":"ImageObject","inLanguage":"en-US","@id":"https:\/\/tammetalu.eu\/#\/schema\/logo\/image\/","url":"https:\/\/tammetalu.eu\/wp-content\/uploads\/2025\/01\/Tamme_talu_urdiaed.png","contentUrl":"https:\/\/tammetalu.eu\/wp-content\/uploads\/2025\/01\/Tamme_talu_urdiaed.png","width":560,"height":560,"caption":"Tamme talu \u00fcrdiaed"},"image":{"@id":"https:\/\/tammetalu.eu\/#\/schema\/logo\/image\/"},"sameAs":["https:\/\/www.facebook.com\/TammeTaluUrdiaed\/?locale=et_EE","https:\/\/www.instagram.com\/tammetaluurdiaed\/"]}]}},"_links":{"self":[{"href":"https:\/\/tammetalu.eu\/en\/wp-json\/wp\/v2\/product\/26505","targetHints":{"allow":["GET"]}}],"collection":[{"href":"https:\/\/tammetalu.eu\/en\/wp-json\/wp\/v2\/product"}],"about":[{"href":"https:\/\/tammetalu.eu\/en\/wp-json\/wp\/v2\/types\/product"}],"wp:featuredmedia":[{"embeddable":true,"href":"https:\/\/tammetalu.eu\/en\/wp-json\/wp\/v2\/media\/26094"}],"wp:attachment":[{"href":"https:\/\/tammetalu.eu\/en\/wp-json\/wp\/v2\/media?parent=26505"}],"wp:term":[{"taxonomy":"product_brand","embeddable":true,"href":"https:\/\/tammetalu.eu\/en\/wp-json\/wp\/v2\/product_brand?post=26505"},{"taxonomy":"product_cat","embeddable":true,"href":"https:\/\/tammetalu.eu\/en\/wp-json\/wp\/v2\/product_cat?post=26505"},{"taxonomy":"product_tag","embeddable":true,"href":"https:\/\/tammetalu.eu\/en\/wp-json\/wp\/v2\/product_tag?post=26505"}],"curies":[{"name":"wp","href":"https:\/\/api.w.org\/{rel}","templated":true}]}}