{"id":26509,"date":"2022-10-20T12:50:57","date_gmt":"2022-10-20T09:50:57","guid":{"rendered":"https:\/\/tammetalu.eu\/toode\/gift-set-warm-greetings\/"},"modified":"2022-10-20T12:50:57","modified_gmt":"2022-10-20T09:50:57","slug":"gift-set-warm-greetings","status":"publish","type":"product","link":"https:\/\/tammetalu.eu\/en\/product\/gift-set-warm-greetings\/","title":{"rendered":"Gift set &#8220;Warm greetings&#8221;"},"content":{"rendered":"","protected":false},"excerpt":{"rendered":"<p>The gift set &#8220;Warm Greetings&#8221; is full of hot flavor delights for cooking, eating with roasts, and enhancing a snack platter. <\/p>\n<p>It is known that chili creates a pleasantly warm feeling in the body, just like a hot greeting from a good friend, loved one, or business partner.<\/p>\n<p>In the box you will find Hot Mouthful, Organic Chillies in Marinade, Spicy Herb salt, and Cider Jelly with Chilli. <br \/>The box has a transparent lid, tied with a red silk ribbon, and a beautifully designed card with a lovely message on the side. The gift giver can add the name of the recipient to the card. You can be sure that this gift will delight every lover of hot flavors.<\/p>\n<p>When creating gift boxes, we consider an environmentally friendly and &#8220;less waste&#8221; mindset to be important. That is why we use <span style=\"color: #339966;\"><a style=\"color: #339966;\" href=\"https:\/\/raiku.co\/\">RAIKU<\/a><\/span> 100% natural, compostable, and environmentally friendly packaging material, which is made from wood, as the contents of the box. Beautiful, stylish and luxurious in appearance.<\/p>\n<p>Delight your loved ones and business partners with gifts created with love, coming from Tamme Farm!<\/p>\n","protected":false},"featured_media":26109,"template":"","meta":{"_acf_changed":false,"_et_pb_use_builder":"","_et_pb_old_content":"","_et_gb_content_width":"","inline_featured_image":false},"product_brand":[],"product_cat":[245,226],"product_tag":[],"class_list":{"0":"post-26509","1":"product","2":"type-product","3":"status-publish","4":"has-post-thumbnail","6":"product_cat-gift-ideas","7":"product_cat-gift-sets","9":"first","10":"instock","11":"sale","12":"taxable","13":"shipping-taxable","14":"purchasable","15":"product-type-simple"},"acf":[],"yoast_head":"<!-- This site is optimized with the Yoast SEO plugin v27.5 - https:\/\/yoast.com\/product\/yoast-seo-wordpress\/ -->\n<title>Gift set &quot;Warm greetings&quot; - Tamme talu \u00fcrdiaed<\/title>\n<meta name=\"description\" content=\"Warm greetings is a gift set full of spicy flavors. Delight your loved ones and business partners with gifts created with love, coming from Tamme Farm!\" \/>\n<meta name=\"robots\" content=\"index, follow, max-snippet:-1, max-image-preview:large, max-video-preview:-1\" \/>\n<link rel=\"canonical\" href=\"https:\/\/tammetalu.eu\/en\/product\/gift-set-warm-greetings\/\" \/>\n<meta property=\"og:locale\" content=\"en_US\" \/>\n<meta property=\"og:type\" content=\"article\" \/>\n<meta property=\"og:title\" content=\"Gift set &quot;Warm greetings&quot; - Tamme talu \u00fcrdiaed\" \/>\n<meta property=\"og:description\" content=\"Warm greetings is a gift set full of spicy flavors. Delight your loved ones and business partners with gifts created with love, coming from Tamme Farm!\" \/>\n<meta property=\"og:url\" content=\"https:\/\/tammetalu.eu\/en\/product\/gift-set-warm-greetings\/\" \/>\n<meta property=\"og:site_name\" content=\"Tamme talu \u00fcrdiaed\" \/>\n<meta property=\"article:publisher\" content=\"https:\/\/www.facebook.com\/TammeTaluUrdiaed\/?locale=et_EE\" \/>\n<meta property=\"og:image\" content=\"https:\/\/tammetalu.eu\/wp-content\/uploads\/2022\/10\/Tamme-talu-urdiaed-kuum-tervitus.jpg\" \/>\n\t<meta property=\"og:image:width\" content=\"1365\" \/>\n\t<meta property=\"og:image:height\" content=\"2048\" \/>\n\t<meta property=\"og:image:type\" content=\"image\/jpeg\" \/>\n<meta name=\"twitter:card\" content=\"summary_large_image\" \/>\n<script type=\"application\/ld+json\" class=\"yoast-schema-graph\">{\"@context\":\"https:\\\/\\\/schema.org\",\"@graph\":[{\"@type\":\"WebPage\",\"@id\":\"https:\\\/\\\/tammetalu.eu\\\/en\\\/product\\\/gift-set-warm-greetings\\\/\",\"url\":\"https:\\\/\\\/tammetalu.eu\\\/en\\\/product\\\/gift-set-warm-greetings\\\/\",\"name\":\"Gift set \\\"Warm greetings\\\" - Tamme talu \u00fcrdiaed\",\"isPartOf\":{\"@id\":\"https:\\\/\\\/tammetalu.eu\\\/#website\"},\"primaryImageOfPage\":{\"@id\":\"https:\\\/\\\/tammetalu.eu\\\/en\\\/product\\\/gift-set-warm-greetings\\\/#primaryimage\"},\"image\":{\"@id\":\"https:\\\/\\\/tammetalu.eu\\\/en\\\/product\\\/gift-set-warm-greetings\\\/#primaryimage\"},\"thumbnailUrl\":\"https:\\\/\\\/tammetalu.eu\\\/wp-content\\\/uploads\\\/2022\\\/10\\\/Tamme-talu-urdiaed-kuum-tervitus.jpg\",\"datePublished\":\"2022-10-20T09:50:57+00:00\",\"description\":\"Warm greetings is a gift set full of spicy flavors. Delight your loved ones and business partners with gifts created with love, coming from Tamme Farm!\",\"breadcrumb\":{\"@id\":\"https:\\\/\\\/tammetalu.eu\\\/en\\\/product\\\/gift-set-warm-greetings\\\/#breadcrumb\"},\"inLanguage\":\"en-US\",\"potentialAction\":[{\"@type\":\"ReadAction\",\"target\":[\"https:\\\/\\\/tammetalu.eu\\\/en\\\/product\\\/gift-set-warm-greetings\\\/\"]}]},{\"@type\":\"ImageObject\",\"inLanguage\":\"en-US\",\"@id\":\"https:\\\/\\\/tammetalu.eu\\\/en\\\/product\\\/gift-set-warm-greetings\\\/#primaryimage\",\"url\":\"https:\\\/\\\/tammetalu.eu\\\/wp-content\\\/uploads\\\/2022\\\/10\\\/Tamme-talu-urdiaed-kuum-tervitus.jpg\",\"contentUrl\":\"https:\\\/\\\/tammetalu.eu\\\/wp-content\\\/uploads\\\/2022\\\/10\\\/Tamme-talu-urdiaed-kuum-tervitus.jpg\",\"width\":1365,\"height\":2048,\"caption\":\"tamme talu \u00fcrdiaed, kuum tervitus, kinkekarp, kinkekomplekt, \u00e4rikingitus\"},{\"@type\":\"BreadcrumbList\",\"@id\":\"https:\\\/\\\/tammetalu.eu\\\/en\\\/product\\\/gift-set-warm-greetings\\\/#breadcrumb\",\"itemListElement\":[{\"@type\":\"ListItem\",\"position\":1,\"name\":\"Home\",\"item\":\"https:\\\/\\\/tammetalu.eu\\\/en\\\/esileht-eng\\\/\"},{\"@type\":\"ListItem\",\"position\":2,\"name\":\"Shop\",\"item\":\"https:\\\/\\\/tammetalu.eu\\\/en\\\/shop\\\/\"},{\"@type\":\"ListItem\",\"position\":3,\"name\":\"Gift set &#8220;Warm greetings&#8221;\"}]},{\"@type\":\"WebSite\",\"@id\":\"https:\\\/\\\/tammetalu.eu\\\/#website\",\"url\":\"https:\\\/\\\/tammetalu.eu\\\/\",\"name\":\"Tamme talu \u00fcrdiaed\",\"description\":\"K\u00e4sit\u00f6\u00f6na valmistatud tooted \u00fcrtidest, \u00fcrdiistikud, \u00fcrtide kollektsioonaed\",\"publisher\":{\"@id\":\"https:\\\/\\\/tammetalu.eu\\\/#organization\"},\"alternateName\":\"Tamme talu\",\"potentialAction\":[{\"@type\":\"SearchAction\",\"target\":{\"@type\":\"EntryPoint\",\"urlTemplate\":\"https:\\\/\\\/tammetalu.eu\\\/?s={search_term_string}\"},\"query-input\":{\"@type\":\"PropertyValueSpecification\",\"valueRequired\":true,\"valueName\":\"search_term_string\"}}],\"inLanguage\":\"en-US\"},{\"@type\":\"Organization\",\"@id\":\"https:\\\/\\\/tammetalu.eu\\\/#organization\",\"name\":\"Tamme talu \u00fcrdiaed\",\"alternateName\":\"Tamme talu\",\"url\":\"https:\\\/\\\/tammetalu.eu\\\/\",\"logo\":{\"@type\":\"ImageObject\",\"inLanguage\":\"en-US\",\"@id\":\"https:\\\/\\\/tammetalu.eu\\\/#\\\/schema\\\/logo\\\/image\\\/\",\"url\":\"https:\\\/\\\/tammetalu.eu\\\/wp-content\\\/uploads\\\/2025\\\/01\\\/Tamme_talu_urdiaed.png\",\"contentUrl\":\"https:\\\/\\\/tammetalu.eu\\\/wp-content\\\/uploads\\\/2025\\\/01\\\/Tamme_talu_urdiaed.png\",\"width\":560,\"height\":560,\"caption\":\"Tamme talu \u00fcrdiaed\"},\"image\":{\"@id\":\"https:\\\/\\\/tammetalu.eu\\\/#\\\/schema\\\/logo\\\/image\\\/\"},\"sameAs\":[\"https:\\\/\\\/www.facebook.com\\\/TammeTaluUrdiaed\\\/?locale=et_EE\",\"https:\\\/\\\/www.instagram.com\\\/tammetaluurdiaed\\\/\"]}]}<\/script>\n<!-- \/ Yoast SEO plugin. -->","yoast_head_json":{"title":"Gift set \"Warm greetings\" - Tamme talu \u00fcrdiaed","description":"Warm greetings is a gift set full of spicy flavors. Delight your loved ones and business partners with gifts created with love, coming from Tamme Farm!","robots":{"index":"index","follow":"follow","max-snippet":"max-snippet:-1","max-image-preview":"max-image-preview:large","max-video-preview":"max-video-preview:-1"},"canonical":"https:\/\/tammetalu.eu\/en\/product\/gift-set-warm-greetings\/","og_locale":"en_US","og_type":"article","og_title":"Gift set \"Warm greetings\" - Tamme talu \u00fcrdiaed","og_description":"Warm greetings is a gift set full of spicy flavors. Delight your loved ones and business partners with gifts created with love, coming from Tamme Farm!","og_url":"https:\/\/tammetalu.eu\/en\/product\/gift-set-warm-greetings\/","og_site_name":"Tamme talu \u00fcrdiaed","article_publisher":"https:\/\/www.facebook.com\/TammeTaluUrdiaed\/?locale=et_EE","og_image":[{"width":1365,"height":2048,"url":"https:\/\/tammetalu.eu\/wp-content\/uploads\/2022\/10\/Tamme-talu-urdiaed-kuum-tervitus.jpg","type":"image\/jpeg"}],"twitter_card":"summary_large_image","schema":{"@context":"https:\/\/schema.org","@graph":[{"@type":"WebPage","@id":"https:\/\/tammetalu.eu\/en\/product\/gift-set-warm-greetings\/","url":"https:\/\/tammetalu.eu\/en\/product\/gift-set-warm-greetings\/","name":"Gift set \"Warm greetings\" - Tamme talu \u00fcrdiaed","isPartOf":{"@id":"https:\/\/tammetalu.eu\/#website"},"primaryImageOfPage":{"@id":"https:\/\/tammetalu.eu\/en\/product\/gift-set-warm-greetings\/#primaryimage"},"image":{"@id":"https:\/\/tammetalu.eu\/en\/product\/gift-set-warm-greetings\/#primaryimage"},"thumbnailUrl":"https:\/\/tammetalu.eu\/wp-content\/uploads\/2022\/10\/Tamme-talu-urdiaed-kuum-tervitus.jpg","datePublished":"2022-10-20T09:50:57+00:00","description":"Warm greetings is a gift set full of spicy flavors. Delight your loved ones and business partners with gifts created with love, coming from Tamme Farm!","breadcrumb":{"@id":"https:\/\/tammetalu.eu\/en\/product\/gift-set-warm-greetings\/#breadcrumb"},"inLanguage":"en-US","potentialAction":[{"@type":"ReadAction","target":["https:\/\/tammetalu.eu\/en\/product\/gift-set-warm-greetings\/"]}]},{"@type":"ImageObject","inLanguage":"en-US","@id":"https:\/\/tammetalu.eu\/en\/product\/gift-set-warm-greetings\/#primaryimage","url":"https:\/\/tammetalu.eu\/wp-content\/uploads\/2022\/10\/Tamme-talu-urdiaed-kuum-tervitus.jpg","contentUrl":"https:\/\/tammetalu.eu\/wp-content\/uploads\/2022\/10\/Tamme-talu-urdiaed-kuum-tervitus.jpg","width":1365,"height":2048,"caption":"tamme talu \u00fcrdiaed, kuum tervitus, kinkekarp, kinkekomplekt, \u00e4rikingitus"},{"@type":"BreadcrumbList","@id":"https:\/\/tammetalu.eu\/en\/product\/gift-set-warm-greetings\/#breadcrumb","itemListElement":[{"@type":"ListItem","position":1,"name":"Home","item":"https:\/\/tammetalu.eu\/en\/esileht-eng\/"},{"@type":"ListItem","position":2,"name":"Shop","item":"https:\/\/tammetalu.eu\/en\/shop\/"},{"@type":"ListItem","position":3,"name":"Gift set &#8220;Warm greetings&#8221;"}]},{"@type":"WebSite","@id":"https:\/\/tammetalu.eu\/#website","url":"https:\/\/tammetalu.eu\/","name":"Tamme talu \u00fcrdiaed","description":"K\u00e4sit\u00f6\u00f6na valmistatud tooted \u00fcrtidest, \u00fcrdiistikud, \u00fcrtide kollektsioonaed","publisher":{"@id":"https:\/\/tammetalu.eu\/#organization"},"alternateName":"Tamme talu","potentialAction":[{"@type":"SearchAction","target":{"@type":"EntryPoint","urlTemplate":"https:\/\/tammetalu.eu\/?s={search_term_string}"},"query-input":{"@type":"PropertyValueSpecification","valueRequired":true,"valueName":"search_term_string"}}],"inLanguage":"en-US"},{"@type":"Organization","@id":"https:\/\/tammetalu.eu\/#organization","name":"Tamme talu \u00fcrdiaed","alternateName":"Tamme talu","url":"https:\/\/tammetalu.eu\/","logo":{"@type":"ImageObject","inLanguage":"en-US","@id":"https:\/\/tammetalu.eu\/#\/schema\/logo\/image\/","url":"https:\/\/tammetalu.eu\/wp-content\/uploads\/2025\/01\/Tamme_talu_urdiaed.png","contentUrl":"https:\/\/tammetalu.eu\/wp-content\/uploads\/2025\/01\/Tamme_talu_urdiaed.png","width":560,"height":560,"caption":"Tamme talu \u00fcrdiaed"},"image":{"@id":"https:\/\/tammetalu.eu\/#\/schema\/logo\/image\/"},"sameAs":["https:\/\/www.facebook.com\/TammeTaluUrdiaed\/?locale=et_EE","https:\/\/www.instagram.com\/tammetaluurdiaed\/"]}]}},"_links":{"self":[{"href":"https:\/\/tammetalu.eu\/en\/wp-json\/wp\/v2\/product\/26509","targetHints":{"allow":["GET"]}}],"collection":[{"href":"https:\/\/tammetalu.eu\/en\/wp-json\/wp\/v2\/product"}],"about":[{"href":"https:\/\/tammetalu.eu\/en\/wp-json\/wp\/v2\/types\/product"}],"wp:featuredmedia":[{"embeddable":true,"href":"https:\/\/tammetalu.eu\/en\/wp-json\/wp\/v2\/media\/26109"}],"wp:attachment":[{"href":"https:\/\/tammetalu.eu\/en\/wp-json\/wp\/v2\/media?parent=26509"}],"wp:term":[{"taxonomy":"product_brand","embeddable":true,"href":"https:\/\/tammetalu.eu\/en\/wp-json\/wp\/v2\/product_brand?post=26509"},{"taxonomy":"product_cat","embeddable":true,"href":"https:\/\/tammetalu.eu\/en\/wp-json\/wp\/v2\/product_cat?post=26509"},{"taxonomy":"product_tag","embeddable":true,"href":"https:\/\/tammetalu.eu\/en\/wp-json\/wp\/v2\/product_tag?post=26509"}],"curies":[{"name":"wp","href":"https:\/\/api.w.org\/{rel}","templated":true}]}}