{"id":26513,"date":"2022-08-09T09:05:53","date_gmt":"2022-08-09T06:05:53","guid":{"rendered":"https:\/\/tammetalu.eu\/toode\/gift-set-sparkling-moments\/"},"modified":"2022-08-09T09:05:53","modified_gmt":"2022-08-09T06:05:53","slug":"gift-set-sparkling-moments","status":"publish","type":"product","link":"https:\/\/tammetalu.eu\/en\/product\/gift-set-sparkling-moments\/","title":{"rendered":"Gift set &#8220;Sparkling Moments&#8221;"},"content":{"rendered":"<p>Chilli-onion marmalade is a pleasantly spicy sauce for true meat lovers. Enjoy a richly flavoured side dish with roast pork, grilled meat or vegetable dishes.<br \/>Currant sauce is a slightly spicy sauce that is sour with currants and spicy with chilli. Herbs add depth of flavour. Enjoy with cooked beef, lamb or poultry.<br \/>Winter jam is an ideal accompaniment to blood sausages and roast pork.<br \/>Herb garden honey is collected from Tamme Farm&#8217;s flourishing tea and herb field. The honey is particularly golden and bursting with the flavours of various herbs.<br \/>Herb salt for poultry is suitable for flavouring pasta, poultry dishes, soups and broths.<br \/>Borage herb salt is a richly flavoured mixture of freeze-dried borage and herbs grown in Tamme Farm&#8217;s garden. Perfect for flavouring meat and pasta dishes, sauces, soups and vegetables.<br \/>Good Thoughts Tea is suitable for drinking in dark and cold weather. A cup of warm tea during a break gives your thoughts a fresh direction. In addition, the tea has a pleasant taste and aroma.<br \/>Tea of Joy is a tea made from organically grown juicy raspberries and refreshing lemon verbena, which is particularly tasty. The tea is packaged in a nice glass jar.<br \/>Blackcurrant jam is handmade from organically grown blackcurrants. Does not contain artificial colors, flavors or preservatives. Ingredients: blackcurrant jam [blackcurrant puree at least 35%,<br \/>sugar, agave syrup, thickener (pectin), inulin].<\/p>\n","protected":false},"excerpt":{"rendered":"<p>The &#8220;Sparkling Moments&#8221; gift set contains a rich variety of delicious flavors. A gift that brings joy to the eye, heart, and taste at the same time \u2013 full of scents, flavors, and warmth straight from the Tamme farm herb garden.<\/p>\n<p>The box has a transparent lid, tied with a beautiful red silk ribbon, and a beautifully designed card with a lovely message on the side. The gift giver can add the recipient&#8217;s name to the card. The box measures 34 x 34 x 100 cm.<\/p>\n<p>The set includes: Chilli-onion marmalade, Winter jam, Herb garden honey, Herb salt for poultry, Joy of Life tea, Good thoughts tea, Blackcurrant marmalade, Borage herb salt, Hot Currant.<\/p>\n<p>When creating gift boxes, we consider an environmentally friendly and &#8220;less waste&#8221; mindset to be important. That&#8217;s why we use <span style=\"color: #339966;\"><a style=\"color: #339966;\" href=\"https:\/\/raiku.co\/\">RAIKU<\/a><\/span>&#8216;s 100% natural, compostable and environmentally friendly packaging material, made from wood, as the contents of the box. Beautiful, stylish and luxurious in appearance.<\/p>\n<p>Delight your loved ones, friends, colleagues or business partners with gifts created with love, coming from Tamme Farm!<\/p>\n","protected":false},"featured_media":26046,"template":"","meta":{"_acf_changed":false,"_et_pb_use_builder":"","_et_pb_old_content":"","_et_gb_content_width":"","inline_featured_image":false},"product_brand":[],"product_cat":[245,226],"product_tag":[],"class_list":{"0":"post-26513","1":"product","2":"type-product","3":"status-publish","4":"has-post-thumbnail","6":"product_cat-gift-ideas","7":"product_cat-gift-sets","9":"first","10":"instock","11":"taxable","12":"shipping-taxable","13":"purchasable","14":"product-type-simple"},"acf":[],"yoast_head":"<!-- This site is optimized with the Yoast SEO plugin v27.5 - https:\/\/yoast.com\/product\/yoast-seo-wordpress\/ -->\n<title>Gift set &quot;Sparkling Moments&quot; - Tamme talu \u00fcrdiaed<\/title>\n<meta name=\"description\" content=\"The gift set &quot;Sparkling Moments&quot; contains many great flavors. Discover Tamme Farm products - handmade jams, herbal salts, chillis and teas. The beautifully packaged gift set is a great choice as a gift for a colleague, business partner or family member - natural, Estonian and tastefully presented.\" \/>\n<meta name=\"robots\" content=\"index, follow, max-snippet:-1, max-image-preview:large, max-video-preview:-1\" \/>\n<link rel=\"canonical\" href=\"https:\/\/tammetalu.eu\/en\/product\/gift-set-sparkling-moments\/\" \/>\n<meta property=\"og:locale\" content=\"en_US\" \/>\n<meta property=\"og:type\" content=\"article\" \/>\n<meta property=\"og:title\" content=\"Gift set &quot;Sparkling Moments&quot; - Tamme talu \u00fcrdiaed\" \/>\n<meta property=\"og:description\" content=\"The gift set &quot;Sparkling Moments&quot; contains many great flavors. Discover Tamme Farm products - handmade jams, herbal salts, chillis and teas. The beautifully packaged gift set is a great choice as a gift for a colleague, business partner or family member - natural, Estonian and tastefully presented.\" \/>\n<meta property=\"og:url\" content=\"https:\/\/tammetalu.eu\/en\/product\/gift-set-sparkling-moments\/\" \/>\n<meta property=\"og:site_name\" content=\"Tamme talu \u00fcrdiaed\" \/>\n<meta property=\"article:publisher\" content=\"https:\/\/www.facebook.com\/TammeTaluUrdiaed\/?locale=et_EE\" \/>\n<meta property=\"og:image\" content=\"https:\/\/tammetalu.eu\/wp-content\/uploads\/2022\/08\/tamme-talu-urdiaed-sarisevad-hetked.jpg\" \/>\n\t<meta property=\"og:image:width\" content=\"1365\" \/>\n\t<meta property=\"og:image:height\" content=\"2048\" \/>\n\t<meta property=\"og:image:type\" content=\"image\/jpeg\" \/>\n<meta name=\"twitter:card\" content=\"summary_large_image\" \/>\n<meta name=\"twitter:label1\" content=\"Est. reading time\" \/>\n\t<meta name=\"twitter:data1\" content=\"1 minute\" \/>\n<script type=\"application\/ld+json\" class=\"yoast-schema-graph\">{\"@context\":\"https:\\\/\\\/schema.org\",\"@graph\":[{\"@type\":\"WebPage\",\"@id\":\"https:\\\/\\\/tammetalu.eu\\\/en\\\/product\\\/gift-set-sparkling-moments\\\/\",\"url\":\"https:\\\/\\\/tammetalu.eu\\\/en\\\/product\\\/gift-set-sparkling-moments\\\/\",\"name\":\"Gift set \\\"Sparkling Moments\\\" - Tamme talu \u00fcrdiaed\",\"isPartOf\":{\"@id\":\"https:\\\/\\\/tammetalu.eu\\\/#website\"},\"primaryImageOfPage\":{\"@id\":\"https:\\\/\\\/tammetalu.eu\\\/en\\\/product\\\/gift-set-sparkling-moments\\\/#primaryimage\"},\"image\":{\"@id\":\"https:\\\/\\\/tammetalu.eu\\\/en\\\/product\\\/gift-set-sparkling-moments\\\/#primaryimage\"},\"thumbnailUrl\":\"https:\\\/\\\/tammetalu.eu\\\/wp-content\\\/uploads\\\/2022\\\/08\\\/tamme-talu-urdiaed-sarisevad-hetked.jpg\",\"datePublished\":\"2022-08-09T06:05:53+00:00\",\"description\":\"The gift set \\\"Sparkling Moments\\\" contains many great flavors. Discover Tamme Farm products - handmade jams, herbal salts, chillis and teas. The beautifully packaged gift set is a great choice as a gift for a colleague, business partner or family member - natural, Estonian and tastefully presented.\",\"breadcrumb\":{\"@id\":\"https:\\\/\\\/tammetalu.eu\\\/en\\\/product\\\/gift-set-sparkling-moments\\\/#breadcrumb\"},\"inLanguage\":\"en-US\",\"potentialAction\":[{\"@type\":\"ReadAction\",\"target\":[\"https:\\\/\\\/tammetalu.eu\\\/en\\\/product\\\/gift-set-sparkling-moments\\\/\"]}]},{\"@type\":\"ImageObject\",\"inLanguage\":\"en-US\",\"@id\":\"https:\\\/\\\/tammetalu.eu\\\/en\\\/product\\\/gift-set-sparkling-moments\\\/#primaryimage\",\"url\":\"https:\\\/\\\/tammetalu.eu\\\/wp-content\\\/uploads\\\/2022\\\/08\\\/tamme-talu-urdiaed-sarisevad-hetked.jpg\",\"contentUrl\":\"https:\\\/\\\/tammetalu.eu\\\/wp-content\\\/uploads\\\/2022\\\/08\\\/tamme-talu-urdiaed-sarisevad-hetked.jpg\",\"width\":1365,\"height\":2048,\"caption\":\"tamme talu \u00fcrdiaed, s\u00e4risevad hetked, kinkekomplekt, kinkekarp, j\u00f5ulud, \u00e4rikingitused\"},{\"@type\":\"BreadcrumbList\",\"@id\":\"https:\\\/\\\/tammetalu.eu\\\/en\\\/product\\\/gift-set-sparkling-moments\\\/#breadcrumb\",\"itemListElement\":[{\"@type\":\"ListItem\",\"position\":1,\"name\":\"Home\",\"item\":\"https:\\\/\\\/tammetalu.eu\\\/en\\\/esileht-eng\\\/\"},{\"@type\":\"ListItem\",\"position\":2,\"name\":\"Shop\",\"item\":\"https:\\\/\\\/tammetalu.eu\\\/en\\\/shop\\\/\"},{\"@type\":\"ListItem\",\"position\":3,\"name\":\"Gift set &#8220;Sparkling Moments&#8221;\"}]},{\"@type\":\"WebSite\",\"@id\":\"https:\\\/\\\/tammetalu.eu\\\/#website\",\"url\":\"https:\\\/\\\/tammetalu.eu\\\/\",\"name\":\"Tamme talu \u00fcrdiaed\",\"description\":\"K\u00e4sit\u00f6\u00f6na valmistatud tooted \u00fcrtidest, \u00fcrdiistikud, \u00fcrtide kollektsioonaed\",\"publisher\":{\"@id\":\"https:\\\/\\\/tammetalu.eu\\\/#organization\"},\"alternateName\":\"Tamme talu\",\"potentialAction\":[{\"@type\":\"SearchAction\",\"target\":{\"@type\":\"EntryPoint\",\"urlTemplate\":\"https:\\\/\\\/tammetalu.eu\\\/?s={search_term_string}\"},\"query-input\":{\"@type\":\"PropertyValueSpecification\",\"valueRequired\":true,\"valueName\":\"search_term_string\"}}],\"inLanguage\":\"en-US\"},{\"@type\":\"Organization\",\"@id\":\"https:\\\/\\\/tammetalu.eu\\\/#organization\",\"name\":\"Tamme talu \u00fcrdiaed\",\"alternateName\":\"Tamme talu\",\"url\":\"https:\\\/\\\/tammetalu.eu\\\/\",\"logo\":{\"@type\":\"ImageObject\",\"inLanguage\":\"en-US\",\"@id\":\"https:\\\/\\\/tammetalu.eu\\\/#\\\/schema\\\/logo\\\/image\\\/\",\"url\":\"https:\\\/\\\/tammetalu.eu\\\/wp-content\\\/uploads\\\/2025\\\/01\\\/Tamme_talu_urdiaed.png\",\"contentUrl\":\"https:\\\/\\\/tammetalu.eu\\\/wp-content\\\/uploads\\\/2025\\\/01\\\/Tamme_talu_urdiaed.png\",\"width\":560,\"height\":560,\"caption\":\"Tamme talu \u00fcrdiaed\"},\"image\":{\"@id\":\"https:\\\/\\\/tammetalu.eu\\\/#\\\/schema\\\/logo\\\/image\\\/\"},\"sameAs\":[\"https:\\\/\\\/www.facebook.com\\\/TammeTaluUrdiaed\\\/?locale=et_EE\",\"https:\\\/\\\/www.instagram.com\\\/tammetaluurdiaed\\\/\"]}]}<\/script>\n<!-- \/ Yoast SEO plugin. -->","yoast_head_json":{"title":"Gift set \"Sparkling Moments\" - Tamme talu \u00fcrdiaed","description":"The gift set \"Sparkling Moments\" contains many great flavors. Discover Tamme Farm products - handmade jams, herbal salts, chillis and teas. The beautifully packaged gift set is a great choice as a gift for a colleague, business partner or family member - natural, Estonian and tastefully presented.","robots":{"index":"index","follow":"follow","max-snippet":"max-snippet:-1","max-image-preview":"max-image-preview:large","max-video-preview":"max-video-preview:-1"},"canonical":"https:\/\/tammetalu.eu\/en\/product\/gift-set-sparkling-moments\/","og_locale":"en_US","og_type":"article","og_title":"Gift set \"Sparkling Moments\" - Tamme talu \u00fcrdiaed","og_description":"The gift set \"Sparkling Moments\" contains many great flavors. Discover Tamme Farm products - handmade jams, herbal salts, chillis and teas. The beautifully packaged gift set is a great choice as a gift for a colleague, business partner or family member - natural, Estonian and tastefully presented.","og_url":"https:\/\/tammetalu.eu\/en\/product\/gift-set-sparkling-moments\/","og_site_name":"Tamme talu \u00fcrdiaed","article_publisher":"https:\/\/www.facebook.com\/TammeTaluUrdiaed\/?locale=et_EE","og_image":[{"width":1365,"height":2048,"url":"https:\/\/tammetalu.eu\/wp-content\/uploads\/2022\/08\/tamme-talu-urdiaed-sarisevad-hetked.jpg","type":"image\/jpeg"}],"twitter_card":"summary_large_image","twitter_misc":{"Est. reading time":"1 minute"},"schema":{"@context":"https:\/\/schema.org","@graph":[{"@type":"WebPage","@id":"https:\/\/tammetalu.eu\/en\/product\/gift-set-sparkling-moments\/","url":"https:\/\/tammetalu.eu\/en\/product\/gift-set-sparkling-moments\/","name":"Gift set \"Sparkling Moments\" - Tamme talu \u00fcrdiaed","isPartOf":{"@id":"https:\/\/tammetalu.eu\/#website"},"primaryImageOfPage":{"@id":"https:\/\/tammetalu.eu\/en\/product\/gift-set-sparkling-moments\/#primaryimage"},"image":{"@id":"https:\/\/tammetalu.eu\/en\/product\/gift-set-sparkling-moments\/#primaryimage"},"thumbnailUrl":"https:\/\/tammetalu.eu\/wp-content\/uploads\/2022\/08\/tamme-talu-urdiaed-sarisevad-hetked.jpg","datePublished":"2022-08-09T06:05:53+00:00","description":"The gift set \"Sparkling Moments\" contains many great flavors. Discover Tamme Farm products - handmade jams, herbal salts, chillis and teas. The beautifully packaged gift set is a great choice as a gift for a colleague, business partner or family member - natural, Estonian and tastefully presented.","breadcrumb":{"@id":"https:\/\/tammetalu.eu\/en\/product\/gift-set-sparkling-moments\/#breadcrumb"},"inLanguage":"en-US","potentialAction":[{"@type":"ReadAction","target":["https:\/\/tammetalu.eu\/en\/product\/gift-set-sparkling-moments\/"]}]},{"@type":"ImageObject","inLanguage":"en-US","@id":"https:\/\/tammetalu.eu\/en\/product\/gift-set-sparkling-moments\/#primaryimage","url":"https:\/\/tammetalu.eu\/wp-content\/uploads\/2022\/08\/tamme-talu-urdiaed-sarisevad-hetked.jpg","contentUrl":"https:\/\/tammetalu.eu\/wp-content\/uploads\/2022\/08\/tamme-talu-urdiaed-sarisevad-hetked.jpg","width":1365,"height":2048,"caption":"tamme talu \u00fcrdiaed, s\u00e4risevad hetked, kinkekomplekt, kinkekarp, j\u00f5ulud, \u00e4rikingitused"},{"@type":"BreadcrumbList","@id":"https:\/\/tammetalu.eu\/en\/product\/gift-set-sparkling-moments\/#breadcrumb","itemListElement":[{"@type":"ListItem","position":1,"name":"Home","item":"https:\/\/tammetalu.eu\/en\/esileht-eng\/"},{"@type":"ListItem","position":2,"name":"Shop","item":"https:\/\/tammetalu.eu\/en\/shop\/"},{"@type":"ListItem","position":3,"name":"Gift set &#8220;Sparkling Moments&#8221;"}]},{"@type":"WebSite","@id":"https:\/\/tammetalu.eu\/#website","url":"https:\/\/tammetalu.eu\/","name":"Tamme talu \u00fcrdiaed","description":"K\u00e4sit\u00f6\u00f6na valmistatud tooted \u00fcrtidest, \u00fcrdiistikud, \u00fcrtide kollektsioonaed","publisher":{"@id":"https:\/\/tammetalu.eu\/#organization"},"alternateName":"Tamme talu","potentialAction":[{"@type":"SearchAction","target":{"@type":"EntryPoint","urlTemplate":"https:\/\/tammetalu.eu\/?s={search_term_string}"},"query-input":{"@type":"PropertyValueSpecification","valueRequired":true,"valueName":"search_term_string"}}],"inLanguage":"en-US"},{"@type":"Organization","@id":"https:\/\/tammetalu.eu\/#organization","name":"Tamme talu \u00fcrdiaed","alternateName":"Tamme talu","url":"https:\/\/tammetalu.eu\/","logo":{"@type":"ImageObject","inLanguage":"en-US","@id":"https:\/\/tammetalu.eu\/#\/schema\/logo\/image\/","url":"https:\/\/tammetalu.eu\/wp-content\/uploads\/2025\/01\/Tamme_talu_urdiaed.png","contentUrl":"https:\/\/tammetalu.eu\/wp-content\/uploads\/2025\/01\/Tamme_talu_urdiaed.png","width":560,"height":560,"caption":"Tamme talu \u00fcrdiaed"},"image":{"@id":"https:\/\/tammetalu.eu\/#\/schema\/logo\/image\/"},"sameAs":["https:\/\/www.facebook.com\/TammeTaluUrdiaed\/?locale=et_EE","https:\/\/www.instagram.com\/tammetaluurdiaed\/"]}]}},"_links":{"self":[{"href":"https:\/\/tammetalu.eu\/en\/wp-json\/wp\/v2\/product\/26513","targetHints":{"allow":["GET"]}}],"collection":[{"href":"https:\/\/tammetalu.eu\/en\/wp-json\/wp\/v2\/product"}],"about":[{"href":"https:\/\/tammetalu.eu\/en\/wp-json\/wp\/v2\/types\/product"}],"wp:featuredmedia":[{"embeddable":true,"href":"https:\/\/tammetalu.eu\/en\/wp-json\/wp\/v2\/media\/26046"}],"wp:attachment":[{"href":"https:\/\/tammetalu.eu\/en\/wp-json\/wp\/v2\/media?parent=26513"}],"wp:term":[{"taxonomy":"product_brand","embeddable":true,"href":"https:\/\/tammetalu.eu\/en\/wp-json\/wp\/v2\/product_brand?post=26513"},{"taxonomy":"product_cat","embeddable":true,"href":"https:\/\/tammetalu.eu\/en\/wp-json\/wp\/v2\/product_cat?post=26513"},{"taxonomy":"product_tag","embeddable":true,"href":"https:\/\/tammetalu.eu\/en\/wp-json\/wp\/v2\/product_tag?post=26513"}],"curies":[{"name":"wp","href":"https:\/\/api.w.org\/{rel}","templated":true}]}}