{"id":26519,"date":"2022-08-09T09:03:52","date_gmt":"2022-08-09T06:03:52","guid":{"rendered":"https:\/\/tammetalu.eu\/toode\/gift-set-a-gift-makes-your-eyes-sparkle\/"},"modified":"2025-12-12T15:35:05","modified_gmt":"2025-12-12T13:35:05","slug":"gift-set-a-gift-makes-your-eyes-sparkle","status":"publish","type":"product","link":"https:\/\/tammetalu.eu\/en\/product\/gift-set-a-gift-makes-your-eyes-sparkle\/","title":{"rendered":"Gift set &#8220;A gift makes your eyes sparkle&#8221;"},"content":{"rendered":"","protected":false},"excerpt":{"rendered":"<p>The gift set &#8220;Gift makes the eyes sparkle&#8221; contains all the essential Tamme farm herb salts for seasoning food, which will make every home chef eyes sparkle. The selection includes Herb Salt for Salad, Herb Salt for Fish, Herb Salt for Meat and Herb Salt for Good Soup.<\/p>\n<p>The box has a transparent lid, tied with a red silk ribbon and a beautifully designed card with a lovely message on the side. The gift giver can add the recipient&#8217;s name to the card.<\/p>\n<p>When creating gift boxes, we consider an environmentally friendly and &#8220;less waste&#8221; mindset important. That is why we use <span style=\"color: #339966;\"><a style=\"color: #339966;\" href=\"https:\/\/raiku.co\/\">RAIKU<\/a><\/span> 100% natural, compostable and environmentally friendly packaging material made from wood as the contents of the box. Beautiful in appearance, stylish and luxurious.<\/p>\n<p>Delight your loved ones with gifts created with love that come from Tamme farm!<\/p>\n","protected":false},"featured_media":26119,"template":"","meta":{"_acf_changed":false,"_et_pb_use_builder":"","_et_pb_old_content":"","_et_gb_content_width":"","inline_featured_image":false},"product_brand":[],"product_cat":[245,226],"product_tag":[],"class_list":{"0":"post-26519","1":"product","2":"type-product","3":"status-publish","4":"has-post-thumbnail","6":"product_cat-gift-ideas","7":"product_cat-gift-sets","9":"first","10":"instock","11":"sale","12":"taxable","13":"shipping-taxable","14":"purchasable","15":"product-type-simple"},"acf":[],"yoast_head":"<!-- This site is optimized with the Yoast SEO plugin v27.5 - https:\/\/yoast.com\/product\/yoast-seo-wordpress\/ -->\n<title>Gift set A gift makes your eyes sparkle<\/title>\n<meta name=\"description\" content=\"The Gift Makes Your Eyes Shine gift set contains all the Tamme Farm herb salts needed to season food, which will make every home chef&#039;s eyes shine.\" \/>\n<meta name=\"robots\" content=\"index, follow, max-snippet:-1, max-image-preview:large, max-video-preview:-1\" \/>\n<link rel=\"canonical\" href=\"https:\/\/tammetalu.eu\/en\/product\/gift-set-a-gift-makes-your-eyes-sparkle\/\" \/>\n<meta property=\"og:locale\" content=\"en_US\" \/>\n<meta property=\"og:type\" content=\"article\" \/>\n<meta property=\"og:title\" content=\"Gift set A gift makes your eyes sparkle\" \/>\n<meta property=\"og:description\" content=\"The Gift Makes Your Eyes Shine gift set contains all the Tamme Farm herb salts needed to season food, which will make every home chef&#039;s eyes shine.\" \/>\n<meta property=\"og:url\" content=\"https:\/\/tammetalu.eu\/en\/product\/gift-set-a-gift-makes-your-eyes-sparkle\/\" \/>\n<meta property=\"og:site_name\" content=\"Tamme talu \u00fcrdiaed\" \/>\n<meta property=\"article:publisher\" content=\"https:\/\/www.facebook.com\/TammeTaluUrdiaed\/?locale=et_EE\" \/>\n<meta property=\"article:modified_time\" content=\"2025-12-12T13:35:05+00:00\" \/>\n<meta property=\"og:image\" content=\"https:\/\/tammetalu.eu\/wp-content\/uploads\/2022\/08\/Tamme_talu_urdiaed_silmad-sarama.jpg\" \/>\n\t<meta property=\"og:image:width\" content=\"1365\" \/>\n\t<meta property=\"og:image:height\" content=\"2048\" \/>\n\t<meta property=\"og:image:type\" content=\"image\/jpeg\" \/>\n<meta name=\"twitter:card\" content=\"summary_large_image\" \/>\n<script type=\"application\/ld+json\" class=\"yoast-schema-graph\">{\"@context\":\"https:\\\/\\\/schema.org\",\"@graph\":[{\"@type\":\"WebPage\",\"@id\":\"https:\\\/\\\/tammetalu.eu\\\/en\\\/product\\\/gift-set-a-gift-makes-your-eyes-sparkle\\\/\",\"url\":\"https:\\\/\\\/tammetalu.eu\\\/en\\\/product\\\/gift-set-a-gift-makes-your-eyes-sparkle\\\/\",\"name\":\"Gift set A gift makes your eyes sparkle\",\"isPartOf\":{\"@id\":\"https:\\\/\\\/tammetalu.eu\\\/#website\"},\"primaryImageOfPage\":{\"@id\":\"https:\\\/\\\/tammetalu.eu\\\/en\\\/product\\\/gift-set-a-gift-makes-your-eyes-sparkle\\\/#primaryimage\"},\"image\":{\"@id\":\"https:\\\/\\\/tammetalu.eu\\\/en\\\/product\\\/gift-set-a-gift-makes-your-eyes-sparkle\\\/#primaryimage\"},\"thumbnailUrl\":\"https:\\\/\\\/tammetalu.eu\\\/wp-content\\\/uploads\\\/2022\\\/08\\\/Tamme_talu_urdiaed_silmad-sarama.jpg\",\"datePublished\":\"2022-08-09T06:03:52+00:00\",\"dateModified\":\"2025-12-12T13:35:05+00:00\",\"description\":\"The Gift Makes Your Eyes Shine gift set contains all the Tamme Farm herb salts needed to season food, which will make every home chef's eyes shine.\",\"breadcrumb\":{\"@id\":\"https:\\\/\\\/tammetalu.eu\\\/en\\\/product\\\/gift-set-a-gift-makes-your-eyes-sparkle\\\/#breadcrumb\"},\"inLanguage\":\"en-US\",\"potentialAction\":[{\"@type\":\"ReadAction\",\"target\":[\"https:\\\/\\\/tammetalu.eu\\\/en\\\/product\\\/gift-set-a-gift-makes-your-eyes-sparkle\\\/\"]}]},{\"@type\":\"ImageObject\",\"inLanguage\":\"en-US\",\"@id\":\"https:\\\/\\\/tammetalu.eu\\\/en\\\/product\\\/gift-set-a-gift-makes-your-eyes-sparkle\\\/#primaryimage\",\"url\":\"https:\\\/\\\/tammetalu.eu\\\/wp-content\\\/uploads\\\/2022\\\/08\\\/Tamme_talu_urdiaed_silmad-sarama.jpg\",\"contentUrl\":\"https:\\\/\\\/tammetalu.eu\\\/wp-content\\\/uploads\\\/2022\\\/08\\\/Tamme_talu_urdiaed_silmad-sarama.jpg\",\"width\":1365,\"height\":2048,\"caption\":\"tamme talu \u00fcrdiaed, j\u00f5ulukink paneb silmad s\u00e4rama, kinkepakk, \u00e4rikingitus\"},{\"@type\":\"BreadcrumbList\",\"@id\":\"https:\\\/\\\/tammetalu.eu\\\/en\\\/product\\\/gift-set-a-gift-makes-your-eyes-sparkle\\\/#breadcrumb\",\"itemListElement\":[{\"@type\":\"ListItem\",\"position\":1,\"name\":\"Home\",\"item\":\"https:\\\/\\\/tammetalu.eu\\\/en\\\/esileht-eng\\\/\"},{\"@type\":\"ListItem\",\"position\":2,\"name\":\"Shop\",\"item\":\"https:\\\/\\\/tammetalu.eu\\\/en\\\/shop\\\/\"},{\"@type\":\"ListItem\",\"position\":3,\"name\":\"Gift set &#8220;A gift makes your eyes sparkle&#8221;\"}]},{\"@type\":\"WebSite\",\"@id\":\"https:\\\/\\\/tammetalu.eu\\\/#website\",\"url\":\"https:\\\/\\\/tammetalu.eu\\\/\",\"name\":\"Tamme talu \u00fcrdiaed\",\"description\":\"K\u00e4sit\u00f6\u00f6na valmistatud tooted \u00fcrtidest, \u00fcrdiistikud, \u00fcrtide kollektsioonaed\",\"publisher\":{\"@id\":\"https:\\\/\\\/tammetalu.eu\\\/#organization\"},\"alternateName\":\"Tamme talu\",\"potentialAction\":[{\"@type\":\"SearchAction\",\"target\":{\"@type\":\"EntryPoint\",\"urlTemplate\":\"https:\\\/\\\/tammetalu.eu\\\/?s={search_term_string}\"},\"query-input\":{\"@type\":\"PropertyValueSpecification\",\"valueRequired\":true,\"valueName\":\"search_term_string\"}}],\"inLanguage\":\"en-US\"},{\"@type\":\"Organization\",\"@id\":\"https:\\\/\\\/tammetalu.eu\\\/#organization\",\"name\":\"Tamme talu \u00fcrdiaed\",\"alternateName\":\"Tamme talu\",\"url\":\"https:\\\/\\\/tammetalu.eu\\\/\",\"logo\":{\"@type\":\"ImageObject\",\"inLanguage\":\"en-US\",\"@id\":\"https:\\\/\\\/tammetalu.eu\\\/#\\\/schema\\\/logo\\\/image\\\/\",\"url\":\"https:\\\/\\\/tammetalu.eu\\\/wp-content\\\/uploads\\\/2025\\\/01\\\/Tamme_talu_urdiaed.png\",\"contentUrl\":\"https:\\\/\\\/tammetalu.eu\\\/wp-content\\\/uploads\\\/2025\\\/01\\\/Tamme_talu_urdiaed.png\",\"width\":560,\"height\":560,\"caption\":\"Tamme talu \u00fcrdiaed\"},\"image\":{\"@id\":\"https:\\\/\\\/tammetalu.eu\\\/#\\\/schema\\\/logo\\\/image\\\/\"},\"sameAs\":[\"https:\\\/\\\/www.facebook.com\\\/TammeTaluUrdiaed\\\/?locale=et_EE\",\"https:\\\/\\\/www.instagram.com\\\/tammetaluurdiaed\\\/\"]}]}<\/script>\n<!-- \/ Yoast SEO plugin. -->","yoast_head_json":{"title":"Gift set A gift makes your eyes sparkle","description":"The Gift Makes Your Eyes Shine gift set contains all the Tamme Farm herb salts needed to season food, which will make every home chef's eyes shine.","robots":{"index":"index","follow":"follow","max-snippet":"max-snippet:-1","max-image-preview":"max-image-preview:large","max-video-preview":"max-video-preview:-1"},"canonical":"https:\/\/tammetalu.eu\/en\/product\/gift-set-a-gift-makes-your-eyes-sparkle\/","og_locale":"en_US","og_type":"article","og_title":"Gift set A gift makes your eyes sparkle","og_description":"The Gift Makes Your Eyes Shine gift set contains all the Tamme Farm herb salts needed to season food, which will make every home chef's eyes shine.","og_url":"https:\/\/tammetalu.eu\/en\/product\/gift-set-a-gift-makes-your-eyes-sparkle\/","og_site_name":"Tamme talu \u00fcrdiaed","article_publisher":"https:\/\/www.facebook.com\/TammeTaluUrdiaed\/?locale=et_EE","article_modified_time":"2025-12-12T13:35:05+00:00","og_image":[{"width":1365,"height":2048,"url":"https:\/\/tammetalu.eu\/wp-content\/uploads\/2022\/08\/Tamme_talu_urdiaed_silmad-sarama.jpg","type":"image\/jpeg"}],"twitter_card":"summary_large_image","schema":{"@context":"https:\/\/schema.org","@graph":[{"@type":"WebPage","@id":"https:\/\/tammetalu.eu\/en\/product\/gift-set-a-gift-makes-your-eyes-sparkle\/","url":"https:\/\/tammetalu.eu\/en\/product\/gift-set-a-gift-makes-your-eyes-sparkle\/","name":"Gift set A gift makes your eyes sparkle","isPartOf":{"@id":"https:\/\/tammetalu.eu\/#website"},"primaryImageOfPage":{"@id":"https:\/\/tammetalu.eu\/en\/product\/gift-set-a-gift-makes-your-eyes-sparkle\/#primaryimage"},"image":{"@id":"https:\/\/tammetalu.eu\/en\/product\/gift-set-a-gift-makes-your-eyes-sparkle\/#primaryimage"},"thumbnailUrl":"https:\/\/tammetalu.eu\/wp-content\/uploads\/2022\/08\/Tamme_talu_urdiaed_silmad-sarama.jpg","datePublished":"2022-08-09T06:03:52+00:00","dateModified":"2025-12-12T13:35:05+00:00","description":"The Gift Makes Your Eyes Shine gift set contains all the Tamme Farm herb salts needed to season food, which will make every home chef's eyes shine.","breadcrumb":{"@id":"https:\/\/tammetalu.eu\/en\/product\/gift-set-a-gift-makes-your-eyes-sparkle\/#breadcrumb"},"inLanguage":"en-US","potentialAction":[{"@type":"ReadAction","target":["https:\/\/tammetalu.eu\/en\/product\/gift-set-a-gift-makes-your-eyes-sparkle\/"]}]},{"@type":"ImageObject","inLanguage":"en-US","@id":"https:\/\/tammetalu.eu\/en\/product\/gift-set-a-gift-makes-your-eyes-sparkle\/#primaryimage","url":"https:\/\/tammetalu.eu\/wp-content\/uploads\/2022\/08\/Tamme_talu_urdiaed_silmad-sarama.jpg","contentUrl":"https:\/\/tammetalu.eu\/wp-content\/uploads\/2022\/08\/Tamme_talu_urdiaed_silmad-sarama.jpg","width":1365,"height":2048,"caption":"tamme talu \u00fcrdiaed, j\u00f5ulukink paneb silmad s\u00e4rama, kinkepakk, \u00e4rikingitus"},{"@type":"BreadcrumbList","@id":"https:\/\/tammetalu.eu\/en\/product\/gift-set-a-gift-makes-your-eyes-sparkle\/#breadcrumb","itemListElement":[{"@type":"ListItem","position":1,"name":"Home","item":"https:\/\/tammetalu.eu\/en\/esileht-eng\/"},{"@type":"ListItem","position":2,"name":"Shop","item":"https:\/\/tammetalu.eu\/en\/shop\/"},{"@type":"ListItem","position":3,"name":"Gift set &#8220;A gift makes your eyes sparkle&#8221;"}]},{"@type":"WebSite","@id":"https:\/\/tammetalu.eu\/#website","url":"https:\/\/tammetalu.eu\/","name":"Tamme talu \u00fcrdiaed","description":"K\u00e4sit\u00f6\u00f6na valmistatud tooted \u00fcrtidest, \u00fcrdiistikud, \u00fcrtide kollektsioonaed","publisher":{"@id":"https:\/\/tammetalu.eu\/#organization"},"alternateName":"Tamme talu","potentialAction":[{"@type":"SearchAction","target":{"@type":"EntryPoint","urlTemplate":"https:\/\/tammetalu.eu\/?s={search_term_string}"},"query-input":{"@type":"PropertyValueSpecification","valueRequired":true,"valueName":"search_term_string"}}],"inLanguage":"en-US"},{"@type":"Organization","@id":"https:\/\/tammetalu.eu\/#organization","name":"Tamme talu \u00fcrdiaed","alternateName":"Tamme talu","url":"https:\/\/tammetalu.eu\/","logo":{"@type":"ImageObject","inLanguage":"en-US","@id":"https:\/\/tammetalu.eu\/#\/schema\/logo\/image\/","url":"https:\/\/tammetalu.eu\/wp-content\/uploads\/2025\/01\/Tamme_talu_urdiaed.png","contentUrl":"https:\/\/tammetalu.eu\/wp-content\/uploads\/2025\/01\/Tamme_talu_urdiaed.png","width":560,"height":560,"caption":"Tamme talu \u00fcrdiaed"},"image":{"@id":"https:\/\/tammetalu.eu\/#\/schema\/logo\/image\/"},"sameAs":["https:\/\/www.facebook.com\/TammeTaluUrdiaed\/?locale=et_EE","https:\/\/www.instagram.com\/tammetaluurdiaed\/"]}]}},"_links":{"self":[{"href":"https:\/\/tammetalu.eu\/en\/wp-json\/wp\/v2\/product\/26519","targetHints":{"allow":["GET"]}}],"collection":[{"href":"https:\/\/tammetalu.eu\/en\/wp-json\/wp\/v2\/product"}],"about":[{"href":"https:\/\/tammetalu.eu\/en\/wp-json\/wp\/v2\/types\/product"}],"wp:featuredmedia":[{"embeddable":true,"href":"https:\/\/tammetalu.eu\/en\/wp-json\/wp\/v2\/media\/26119"}],"wp:attachment":[{"href":"https:\/\/tammetalu.eu\/en\/wp-json\/wp\/v2\/media?parent=26519"}],"wp:term":[{"taxonomy":"product_brand","embeddable":true,"href":"https:\/\/tammetalu.eu\/en\/wp-json\/wp\/v2\/product_brand?post=26519"},{"taxonomy":"product_cat","embeddable":true,"href":"https:\/\/tammetalu.eu\/en\/wp-json\/wp\/v2\/product_cat?post=26519"},{"taxonomy":"product_tag","embeddable":true,"href":"https:\/\/tammetalu.eu\/en\/wp-json\/wp\/v2\/product_tag?post=26519"}],"curies":[{"name":"wp","href":"https:\/\/api.w.org\/{rel}","templated":true}]}}