{"id":26529,"date":"2022-08-09T09:03:29","date_gmt":"2022-08-09T06:03:29","guid":{"rendered":"https:\/\/tammetalu.eu\/toode\/gift-set-a-gift-basket-full-of-christmas-joy\/"},"modified":"2022-08-09T09:03:29","modified_gmt":"2022-08-09T06:03:29","slug":"gift-set-a-gift-basket-full-of-christmas-joy","status":"publish","type":"product","link":"https:\/\/tammetalu.eu\/en\/product\/gift-set-a-gift-basket-full-of-christmas-joy\/","title":{"rendered":"Gift set &#8220;A gift basket full of Christmas joy&#8221;"},"content":{"rendered":"<p>Herb oil with chili is a slightly spicy flavoring oil, in which we have used the finest Estonian rapeseed oil and home-grown hot chili pods. Dried garlic pieces and thyme add flavor. Use herb oil to season salad dressings and marinades.<br \/>Sun jam is a jam with a truly bright golden yellow color. Pleasantly sweet and delicious, with a slight chili pungency and a deep brandy flavor. Enjoy with various mild-tasting cheeses (e.g. Brie cheese).<br \/>Wisdom tea has a joyful effect on the mood and the body. A cup of aromatic and delicious herbal tea has a refreshing effect on the mind and wise thoughts can come calmly.<br \/>Hot Currant is a slightly spicy sauce, which is sour from currants and spicy from chili. Herbs add depth of flavor. Enjoy with cooked meat, lamb or poultry.<\/p>\n","protected":false},"excerpt":{"rendered":"<p>&#8220;A gift basket full of Christmas joy&#8221; is suitable as a gift for a good friend, relative or business partner. The tasty products of Tamme farm are packed in a nice woven basket &#8211; Herb Oil, Sun Jam, Wisdom Tea, Currant Syrup and Herb Salt for Salad.<\/p>\n<p>The package is tied with a silk ribbon, on which is a beautifully designed card with a beautiful message. The gift giver can add the name of the recipient to the card.<\/p>\n<p>When creating gift boxes, we consider an environmentally friendly and &#8220;less waste&#8221; mindset important. That is why we use <span style=\"color: #339966;\"><a style=\"color: #339966;\" href=\"https:\/\/raiku.co\/\">RAIKU<\/a> <\/span>100% natural, compostable and environmentally friendly packaging material, which is made of wood, as the contents of the box. Beautiful, stylish and luxurious in appearance.<\/p>\n<p>Delight your loved ones and business partners with gifts created with love, which come from Tamme farm!<\/p>\n","protected":false},"featured_media":26163,"template":"","meta":{"_acf_changed":false,"_et_pb_use_builder":"","_et_pb_old_content":"","_et_gb_content_width":"","inline_featured_image":false},"product_brand":[],"product_cat":[245,226],"product_tag":[],"class_list":{"0":"post-26529","1":"product","2":"type-product","3":"status-publish","4":"has-post-thumbnail","6":"product_cat-gift-ideas","7":"product_cat-gift-sets","9":"first","10":"instock","11":"taxable","12":"shipping-taxable","13":"purchasable","14":"product-type-simple"},"acf":[],"yoast_head":"<!-- This site is optimized with the Yoast SEO plugin v27.5 - https:\/\/yoast.com\/product\/yoast-seo-wordpress\/ -->\n<title>Gift set &quot;A gift basket full of Christmas joy&quot; - Tamme talu \u00fcrdiaed<\/title>\n<meta name=\"description\" content=\"A gift basket full of Christmas joy is perfect for a good friend, relative or business partner. The gift set includes delicious products from Tamme Farm.\" \/>\n<meta name=\"robots\" content=\"index, follow, max-snippet:-1, max-image-preview:large, max-video-preview:-1\" \/>\n<link rel=\"canonical\" href=\"https:\/\/tammetalu.eu\/en\/product\/gift-set-a-gift-basket-full-of-christmas-joy\/\" \/>\n<meta property=\"og:locale\" content=\"en_US\" \/>\n<meta property=\"og:type\" content=\"article\" \/>\n<meta property=\"og:title\" content=\"Gift set &quot;A gift basket full of Christmas joy&quot; - Tamme talu \u00fcrdiaed\" \/>\n<meta property=\"og:description\" content=\"A gift basket full of Christmas joy is perfect for a good friend, relative or business partner. The gift set includes delicious products from Tamme Farm.\" \/>\n<meta property=\"og:url\" content=\"https:\/\/tammetalu.eu\/en\/product\/gift-set-a-gift-basket-full-of-christmas-joy\/\" \/>\n<meta property=\"og:site_name\" content=\"Tamme talu \u00fcrdiaed\" \/>\n<meta property=\"article:publisher\" content=\"https:\/\/www.facebook.com\/TammeTaluUrdiaed\/?locale=et_EE\" \/>\n<meta property=\"og:image\" content=\"https:\/\/tammetalu.eu\/wp-content\/uploads\/2022\/08\/tamme-talu-urdiaed-jouluroomu-tais-kingikorv.jpg\" \/>\n\t<meta property=\"og:image:width\" content=\"1365\" \/>\n\t<meta property=\"og:image:height\" content=\"2048\" \/>\n\t<meta property=\"og:image:type\" content=\"image\/jpeg\" \/>\n<meta name=\"twitter:card\" content=\"summary_large_image\" \/>\n<meta name=\"twitter:label1\" content=\"Est. reading time\" \/>\n\t<meta name=\"twitter:data1\" content=\"1 minute\" \/>\n<script type=\"application\/ld+json\" class=\"yoast-schema-graph\">{\"@context\":\"https:\\\/\\\/schema.org\",\"@graph\":[{\"@type\":\"WebPage\",\"@id\":\"https:\\\/\\\/tammetalu.eu\\\/en\\\/product\\\/gift-set-a-gift-basket-full-of-christmas-joy\\\/\",\"url\":\"https:\\\/\\\/tammetalu.eu\\\/en\\\/product\\\/gift-set-a-gift-basket-full-of-christmas-joy\\\/\",\"name\":\"Gift set \\\"A gift basket full of Christmas joy\\\" - Tamme talu \u00fcrdiaed\",\"isPartOf\":{\"@id\":\"https:\\\/\\\/tammetalu.eu\\\/#website\"},\"primaryImageOfPage\":{\"@id\":\"https:\\\/\\\/tammetalu.eu\\\/en\\\/product\\\/gift-set-a-gift-basket-full-of-christmas-joy\\\/#primaryimage\"},\"image\":{\"@id\":\"https:\\\/\\\/tammetalu.eu\\\/en\\\/product\\\/gift-set-a-gift-basket-full-of-christmas-joy\\\/#primaryimage\"},\"thumbnailUrl\":\"https:\\\/\\\/tammetalu.eu\\\/wp-content\\\/uploads\\\/2022\\\/08\\\/tamme-talu-urdiaed-jouluroomu-tais-kingikorv.jpg\",\"datePublished\":\"2022-08-09T06:03:29+00:00\",\"description\":\"A gift basket full of Christmas joy is perfect for a good friend, relative or business partner. The gift set includes delicious products from Tamme Farm.\",\"breadcrumb\":{\"@id\":\"https:\\\/\\\/tammetalu.eu\\\/en\\\/product\\\/gift-set-a-gift-basket-full-of-christmas-joy\\\/#breadcrumb\"},\"inLanguage\":\"en-US\",\"potentialAction\":[{\"@type\":\"ReadAction\",\"target\":[\"https:\\\/\\\/tammetalu.eu\\\/en\\\/product\\\/gift-set-a-gift-basket-full-of-christmas-joy\\\/\"]}]},{\"@type\":\"ImageObject\",\"inLanguage\":\"en-US\",\"@id\":\"https:\\\/\\\/tammetalu.eu\\\/en\\\/product\\\/gift-set-a-gift-basket-full-of-christmas-joy\\\/#primaryimage\",\"url\":\"https:\\\/\\\/tammetalu.eu\\\/wp-content\\\/uploads\\\/2022\\\/08\\\/tamme-talu-urdiaed-jouluroomu-tais-kingikorv.jpg\",\"contentUrl\":\"https:\\\/\\\/tammetalu.eu\\\/wp-content\\\/uploads\\\/2022\\\/08\\\/tamme-talu-urdiaed-jouluroomu-tais-kingikorv.jpg\",\"width\":1365,\"height\":2048,\"caption\":\"tamme talu \u00fcrdiaed, j\u00f5ulur\u00f5\u00f5mu t\u00e4is kingikorv, kinkepakk, \u00e4rikingitus, j\u00f5ulukink\"},{\"@type\":\"BreadcrumbList\",\"@id\":\"https:\\\/\\\/tammetalu.eu\\\/en\\\/product\\\/gift-set-a-gift-basket-full-of-christmas-joy\\\/#breadcrumb\",\"itemListElement\":[{\"@type\":\"ListItem\",\"position\":1,\"name\":\"Home\",\"item\":\"https:\\\/\\\/tammetalu.eu\\\/en\\\/esileht-eng\\\/\"},{\"@type\":\"ListItem\",\"position\":2,\"name\":\"Shop\",\"item\":\"https:\\\/\\\/tammetalu.eu\\\/en\\\/shop\\\/\"},{\"@type\":\"ListItem\",\"position\":3,\"name\":\"Gift set &#8220;A gift basket full of Christmas joy&#8221;\"}]},{\"@type\":\"WebSite\",\"@id\":\"https:\\\/\\\/tammetalu.eu\\\/#website\",\"url\":\"https:\\\/\\\/tammetalu.eu\\\/\",\"name\":\"Tamme talu \u00fcrdiaed\",\"description\":\"K\u00e4sit\u00f6\u00f6na valmistatud tooted \u00fcrtidest, \u00fcrdiistikud, \u00fcrtide kollektsioonaed\",\"publisher\":{\"@id\":\"https:\\\/\\\/tammetalu.eu\\\/#organization\"},\"alternateName\":\"Tamme talu\",\"potentialAction\":[{\"@type\":\"SearchAction\",\"target\":{\"@type\":\"EntryPoint\",\"urlTemplate\":\"https:\\\/\\\/tammetalu.eu\\\/?s={search_term_string}\"},\"query-input\":{\"@type\":\"PropertyValueSpecification\",\"valueRequired\":true,\"valueName\":\"search_term_string\"}}],\"inLanguage\":\"en-US\"},{\"@type\":\"Organization\",\"@id\":\"https:\\\/\\\/tammetalu.eu\\\/#organization\",\"name\":\"Tamme talu \u00fcrdiaed\",\"alternateName\":\"Tamme talu\",\"url\":\"https:\\\/\\\/tammetalu.eu\\\/\",\"logo\":{\"@type\":\"ImageObject\",\"inLanguage\":\"en-US\",\"@id\":\"https:\\\/\\\/tammetalu.eu\\\/#\\\/schema\\\/logo\\\/image\\\/\",\"url\":\"https:\\\/\\\/tammetalu.eu\\\/wp-content\\\/uploads\\\/2025\\\/01\\\/Tamme_talu_urdiaed.png\",\"contentUrl\":\"https:\\\/\\\/tammetalu.eu\\\/wp-content\\\/uploads\\\/2025\\\/01\\\/Tamme_talu_urdiaed.png\",\"width\":560,\"height\":560,\"caption\":\"Tamme talu \u00fcrdiaed\"},\"image\":{\"@id\":\"https:\\\/\\\/tammetalu.eu\\\/#\\\/schema\\\/logo\\\/image\\\/\"},\"sameAs\":[\"https:\\\/\\\/www.facebook.com\\\/TammeTaluUrdiaed\\\/?locale=et_EE\",\"https:\\\/\\\/www.instagram.com\\\/tammetaluurdiaed\\\/\"]}]}<\/script>\n<!-- \/ Yoast SEO plugin. -->","yoast_head_json":{"title":"Gift set \"A gift basket full of Christmas joy\" - Tamme talu \u00fcrdiaed","description":"A gift basket full of Christmas joy is perfect for a good friend, relative or business partner. The gift set includes delicious products from Tamme Farm.","robots":{"index":"index","follow":"follow","max-snippet":"max-snippet:-1","max-image-preview":"max-image-preview:large","max-video-preview":"max-video-preview:-1"},"canonical":"https:\/\/tammetalu.eu\/en\/product\/gift-set-a-gift-basket-full-of-christmas-joy\/","og_locale":"en_US","og_type":"article","og_title":"Gift set \"A gift basket full of Christmas joy\" - Tamme talu \u00fcrdiaed","og_description":"A gift basket full of Christmas joy is perfect for a good friend, relative or business partner. The gift set includes delicious products from Tamme Farm.","og_url":"https:\/\/tammetalu.eu\/en\/product\/gift-set-a-gift-basket-full-of-christmas-joy\/","og_site_name":"Tamme talu \u00fcrdiaed","article_publisher":"https:\/\/www.facebook.com\/TammeTaluUrdiaed\/?locale=et_EE","og_image":[{"width":1365,"height":2048,"url":"https:\/\/tammetalu.eu\/wp-content\/uploads\/2022\/08\/tamme-talu-urdiaed-jouluroomu-tais-kingikorv.jpg","type":"image\/jpeg"}],"twitter_card":"summary_large_image","twitter_misc":{"Est. reading time":"1 minute"},"schema":{"@context":"https:\/\/schema.org","@graph":[{"@type":"WebPage","@id":"https:\/\/tammetalu.eu\/en\/product\/gift-set-a-gift-basket-full-of-christmas-joy\/","url":"https:\/\/tammetalu.eu\/en\/product\/gift-set-a-gift-basket-full-of-christmas-joy\/","name":"Gift set \"A gift basket full of Christmas joy\" - Tamme talu \u00fcrdiaed","isPartOf":{"@id":"https:\/\/tammetalu.eu\/#website"},"primaryImageOfPage":{"@id":"https:\/\/tammetalu.eu\/en\/product\/gift-set-a-gift-basket-full-of-christmas-joy\/#primaryimage"},"image":{"@id":"https:\/\/tammetalu.eu\/en\/product\/gift-set-a-gift-basket-full-of-christmas-joy\/#primaryimage"},"thumbnailUrl":"https:\/\/tammetalu.eu\/wp-content\/uploads\/2022\/08\/tamme-talu-urdiaed-jouluroomu-tais-kingikorv.jpg","datePublished":"2022-08-09T06:03:29+00:00","description":"A gift basket full of Christmas joy is perfect for a good friend, relative or business partner. The gift set includes delicious products from Tamme Farm.","breadcrumb":{"@id":"https:\/\/tammetalu.eu\/en\/product\/gift-set-a-gift-basket-full-of-christmas-joy\/#breadcrumb"},"inLanguage":"en-US","potentialAction":[{"@type":"ReadAction","target":["https:\/\/tammetalu.eu\/en\/product\/gift-set-a-gift-basket-full-of-christmas-joy\/"]}]},{"@type":"ImageObject","inLanguage":"en-US","@id":"https:\/\/tammetalu.eu\/en\/product\/gift-set-a-gift-basket-full-of-christmas-joy\/#primaryimage","url":"https:\/\/tammetalu.eu\/wp-content\/uploads\/2022\/08\/tamme-talu-urdiaed-jouluroomu-tais-kingikorv.jpg","contentUrl":"https:\/\/tammetalu.eu\/wp-content\/uploads\/2022\/08\/tamme-talu-urdiaed-jouluroomu-tais-kingikorv.jpg","width":1365,"height":2048,"caption":"tamme talu \u00fcrdiaed, j\u00f5ulur\u00f5\u00f5mu t\u00e4is kingikorv, kinkepakk, \u00e4rikingitus, j\u00f5ulukink"},{"@type":"BreadcrumbList","@id":"https:\/\/tammetalu.eu\/en\/product\/gift-set-a-gift-basket-full-of-christmas-joy\/#breadcrumb","itemListElement":[{"@type":"ListItem","position":1,"name":"Home","item":"https:\/\/tammetalu.eu\/en\/esileht-eng\/"},{"@type":"ListItem","position":2,"name":"Shop","item":"https:\/\/tammetalu.eu\/en\/shop\/"},{"@type":"ListItem","position":3,"name":"Gift set &#8220;A gift basket full of Christmas joy&#8221;"}]},{"@type":"WebSite","@id":"https:\/\/tammetalu.eu\/#website","url":"https:\/\/tammetalu.eu\/","name":"Tamme talu \u00fcrdiaed","description":"K\u00e4sit\u00f6\u00f6na valmistatud tooted \u00fcrtidest, \u00fcrdiistikud, \u00fcrtide kollektsioonaed","publisher":{"@id":"https:\/\/tammetalu.eu\/#organization"},"alternateName":"Tamme talu","potentialAction":[{"@type":"SearchAction","target":{"@type":"EntryPoint","urlTemplate":"https:\/\/tammetalu.eu\/?s={search_term_string}"},"query-input":{"@type":"PropertyValueSpecification","valueRequired":true,"valueName":"search_term_string"}}],"inLanguage":"en-US"},{"@type":"Organization","@id":"https:\/\/tammetalu.eu\/#organization","name":"Tamme talu \u00fcrdiaed","alternateName":"Tamme talu","url":"https:\/\/tammetalu.eu\/","logo":{"@type":"ImageObject","inLanguage":"en-US","@id":"https:\/\/tammetalu.eu\/#\/schema\/logo\/image\/","url":"https:\/\/tammetalu.eu\/wp-content\/uploads\/2025\/01\/Tamme_talu_urdiaed.png","contentUrl":"https:\/\/tammetalu.eu\/wp-content\/uploads\/2025\/01\/Tamme_talu_urdiaed.png","width":560,"height":560,"caption":"Tamme talu \u00fcrdiaed"},"image":{"@id":"https:\/\/tammetalu.eu\/#\/schema\/logo\/image\/"},"sameAs":["https:\/\/www.facebook.com\/TammeTaluUrdiaed\/?locale=et_EE","https:\/\/www.instagram.com\/tammetaluurdiaed\/"]}]}},"_links":{"self":[{"href":"https:\/\/tammetalu.eu\/en\/wp-json\/wp\/v2\/product\/26529","targetHints":{"allow":["GET"]}}],"collection":[{"href":"https:\/\/tammetalu.eu\/en\/wp-json\/wp\/v2\/product"}],"about":[{"href":"https:\/\/tammetalu.eu\/en\/wp-json\/wp\/v2\/types\/product"}],"wp:featuredmedia":[{"embeddable":true,"href":"https:\/\/tammetalu.eu\/en\/wp-json\/wp\/v2\/media\/26163"}],"wp:attachment":[{"href":"https:\/\/tammetalu.eu\/en\/wp-json\/wp\/v2\/media?parent=26529"}],"wp:term":[{"taxonomy":"product_brand","embeddable":true,"href":"https:\/\/tammetalu.eu\/en\/wp-json\/wp\/v2\/product_brand?post=26529"},{"taxonomy":"product_cat","embeddable":true,"href":"https:\/\/tammetalu.eu\/en\/wp-json\/wp\/v2\/product_cat?post=26529"},{"taxonomy":"product_tag","embeddable":true,"href":"https:\/\/tammetalu.eu\/en\/wp-json\/wp\/v2\/product_tag?post=26529"}],"curies":[{"name":"wp","href":"https:\/\/api.w.org\/{rel}","templated":true}]}}