{"id":27349,"date":"2026-04-15T16:09:42","date_gmt":"2026-04-15T13:09:42","guid":{"rendered":"https:\/\/tammetalu.eu\/?post_type=product&#038;p=27349"},"modified":"2026-04-16T13:03:37","modified_gmt":"2026-04-16T10:03:37","slug":"kaldlauk-allium-cernuum","status":"publish","type":"product","link":"https:\/\/tammetalu.eu\/en\/product\/kaldlauk-allium-cernuum\/","title":{"rendered":"Kaldlauk Allium cernuum"},"content":{"rendered":"","protected":false},"excerpt":{"rendered":"<p data-start=\"0\" data-end=\"240\">Kaldlauk (<em data-start=\"10\" data-end=\"26\">Allium cernuum<\/em>) on elegantne ja dekoratiivne lauk, mida iseloomustavad \u00f5rnalt allapoole kaarduvad roosakad kuni lillakad \u00f5isikud. See loodusl\u00e4hedane p\u00fcsik sobib suurep\u00e4raselt p\u00fcsikupeenrasse, kiviktaimlasse ja metsikumasse aeda.<\/p>\n<p data-start=\"242\" data-end=\"450\">Taim \u00f5itseb suve keskpaigas ning meelitab ligi mesilasi ja liblikaid. Kaldlauk on v\u00e4hen\u00f5udlik, talvekindel ja kasvab h\u00e4sti p\u00e4ikeselises kuni poolvarjulises kasvukohas, eelistades h\u00e4sti vett l\u00e4bilaskvat mulda. Lehed on s\u00f6\u00f6davad. K\u00f5rgus 0,3 &#8211; 0,7 m.<\/p>\n<p data-start=\"452\" data-end=\"496\"><strong data-start=\"452\" data-end=\"496\">Miks valida kaldlauk (<em data-start=\"476\" data-end=\"492\">Allium cernuum<\/em>)?<\/strong><\/p>\n<ul data-start=\"497\" data-end=\"619\">\n<li data-section-id=\"12qc46m\" data-start=\"497\" data-end=\"528\">Unikaalsed rippuvad \u00f5isikud<\/li>\n<li data-section-id=\"1f8ppzr\" data-start=\"529\" data-end=\"559\">Sobib loodusl\u00e4hedasse aeda<\/li>\n<li data-section-id=\"1iisxg9\" data-start=\"560\" data-end=\"585\">Hea tolmeldajate taim<\/li>\n<li data-section-id=\"144ydtm\" data-start=\"586\" data-end=\"619\">Lihtne hooldada ja vastupidav<\/li>\n<\/ul>\n<p data-start=\"621\" data-end=\"722\" data-is-last-node=\"\" data-is-only-node=\"\">Kaldlauk on ideaalne valik, kui soovid oma aeda lisada \u00f5rna liikumist, looduslikku ilu ja elurikkust.<\/p>\n","protected":false},"featured_media":27355,"template":"","meta":{"_acf_changed":false,"_et_pb_use_builder":"","_et_pb_old_content":"","_et_gb_content_width":"","inline_featured_image":false},"product_brand":[],"product_cat":[201],"product_tag":[],"class_list":{"0":"post-27349","1":"product","2":"type-product","3":"status-publish","4":"has-post-thumbnail","6":"product_cat-laugud","8":"first","9":"instock","10":"sale","11":"taxable","12":"shipping-taxable","13":"purchasable","14":"product-type-simple"},"acf":[],"yoast_head":"<!-- This site is optimized with the Yoast SEO plugin v26.4 - https:\/\/yoast.com\/wordpress\/plugins\/seo\/ -->\n<title>Kaldlauk Allium cernuum - Tamme talu \u00fcrdiaed<\/title>\n<meta name=\"robots\" content=\"index, follow, max-snippet:-1, max-image-preview:large, max-video-preview:-1\" \/>\n<link rel=\"canonical\" href=\"https:\/\/tammetalu.eu\/toode\/kaldlauk-allium-cernuum\/\" \/>\n<meta property=\"og:locale\" content=\"en_US\" \/>\n<meta property=\"og:type\" content=\"article\" \/>\n<meta property=\"og:title\" content=\"Kaldlauk Allium cernuum - Tamme talu \u00fcrdiaed\" \/>\n<meta property=\"og:description\" content=\"Kaldlauk (Allium cernuum) on elegantne ja dekoratiivne lauk, mida iseloomustavad \u00f5rnalt allapoole kaarduvad roosakad kuni lillakad \u00f5isikud. See loodusl\u00e4hedane p\u00fcsik sobib suurep\u00e4raselt p\u00fcsikupeenrasse, kiviktaimlasse ja metsikumasse aeda. Taim \u00f5itseb suve keskpaigas ning meelitab ligi mesilasi ja liblikaid. Kaldlauk on v\u00e4hen\u00f5udlik, talvekindel ja kasvab h\u00e4sti p\u00e4ikeselises kuni poolvarjulises kasvukohas, eelistades h\u00e4sti vett l\u00e4bilaskvat mulda. Lehed on s\u00f6\u00f6davad. K\u00f5rgus 0,3 - 0,7 m. Miks valida kaldlauk (Allium cernuum)?    Unikaalsed rippuvad \u00f5isikud  Sobib loodusl\u00e4hedasse aeda  Hea tolmeldajate taim  Lihtne hooldada ja vastupidav  Kaldlauk on ideaalne valik, kui soovid oma aeda lisada \u00f5rna liikumist, looduslikku ilu ja elurikkust.\" \/>\n<meta property=\"og:url\" content=\"https:\/\/tammetalu.eu\/toode\/kaldlauk-allium-cernuum\/\" \/>\n<meta property=\"og:site_name\" content=\"Tamme talu \u00fcrdiaed\" \/>\n<meta property=\"article:publisher\" content=\"https:\/\/www.facebook.com\/TammeTaluUrdiaed\/?locale=et_EE\" \/>\n<meta property=\"article:modified_time\" content=\"2026-04-16T10:03:37+00:00\" \/>\n<meta property=\"og:image\" content=\"https:\/\/tammetalu.eu\/wp-content\/uploads\/2026\/04\/Kaldlauk_Allium_cernuum_tamme_talu_urdiaed-1.jpg\" \/>\n\t<meta property=\"og:image:width\" content=\"800\" \/>\n\t<meta property=\"og:image:height\" content=\"600\" \/>\n\t<meta property=\"og:image:type\" content=\"image\/jpeg\" \/>\n<meta name=\"twitter:card\" content=\"summary_large_image\" \/>\n<meta name=\"twitter:label1\" content=\"Est. reading time\" \/>\n\t<meta name=\"twitter:data1\" content=\"1 minute\" \/>\n<script type=\"application\/ld+json\" class=\"yoast-schema-graph\">{\"@context\":\"https:\/\/schema.org\",\"@graph\":[{\"@type\":\"WebPage\",\"@id\":\"https:\/\/tammetalu.eu\/toode\/kaldlauk-allium-cernuum\/\",\"url\":\"https:\/\/tammetalu.eu\/toode\/kaldlauk-allium-cernuum\/\",\"name\":\"Kaldlauk Allium cernuum - Tamme talu \u00fcrdiaed\",\"isPartOf\":{\"@id\":\"https:\/\/tammetalu.eu\/#website\"},\"primaryImageOfPage\":{\"@id\":\"https:\/\/tammetalu.eu\/toode\/kaldlauk-allium-cernuum\/#primaryimage\"},\"image\":{\"@id\":\"https:\/\/tammetalu.eu\/toode\/kaldlauk-allium-cernuum\/#primaryimage\"},\"thumbnailUrl\":\"https:\/\/tammetalu.eu\/wp-content\/uploads\/2026\/04\/Kaldlauk_Allium_cernuum_tamme_talu_urdiaed-1.jpg\",\"datePublished\":\"2026-04-15T13:09:42+00:00\",\"dateModified\":\"2026-04-16T10:03:37+00:00\",\"breadcrumb\":{\"@id\":\"https:\/\/tammetalu.eu\/toode\/kaldlauk-allium-cernuum\/#breadcrumb\"},\"inLanguage\":\"en-US\",\"potentialAction\":[{\"@type\":\"ReadAction\",\"target\":[\"https:\/\/tammetalu.eu\/toode\/kaldlauk-allium-cernuum\/\"]}]},{\"@type\":\"ImageObject\",\"inLanguage\":\"en-US\",\"@id\":\"https:\/\/tammetalu.eu\/toode\/kaldlauk-allium-cernuum\/#primaryimage\",\"url\":\"https:\/\/tammetalu.eu\/wp-content\/uploads\/2026\/04\/Kaldlauk_Allium_cernuum_tamme_talu_urdiaed-1.jpg\",\"contentUrl\":\"https:\/\/tammetalu.eu\/wp-content\/uploads\/2026\/04\/Kaldlauk_Allium_cernuum_tamme_talu_urdiaed-1.jpg\",\"width\":800,\"height\":600},{\"@type\":\"BreadcrumbList\",\"@id\":\"https:\/\/tammetalu.eu\/toode\/kaldlauk-allium-cernuum\/#breadcrumb\",\"itemListElement\":[{\"@type\":\"ListItem\",\"position\":1,\"name\":\"Home\",\"item\":\"https:\/\/tammetalu.eu\/en\/esileht-eng\/\"},{\"@type\":\"ListItem\",\"position\":2,\"name\":\"Shop\",\"item\":\"https:\/\/tammetalu.eu\/en\/shop\/\"},{\"@type\":\"ListItem\",\"position\":3,\"name\":\"Kaldlauk Allium cernuum\"}]},{\"@type\":\"WebSite\",\"@id\":\"https:\/\/tammetalu.eu\/#website\",\"url\":\"https:\/\/tammetalu.eu\/\",\"name\":\"Tamme talu \u00fcrdiaed\",\"description\":\"K\u00e4sit\u00f6\u00f6na valmistatud tooted \u00fcrtidest, \u00fcrdiistikud, \u00fcrtide kollektsioonaed\",\"publisher\":{\"@id\":\"https:\/\/tammetalu.eu\/#organization\"},\"alternateName\":\"Tamme talu\",\"potentialAction\":[{\"@type\":\"SearchAction\",\"target\":{\"@type\":\"EntryPoint\",\"urlTemplate\":\"https:\/\/tammetalu.eu\/?s={search_term_string}\"},\"query-input\":{\"@type\":\"PropertyValueSpecification\",\"valueRequired\":true,\"valueName\":\"search_term_string\"}}],\"inLanguage\":\"en-US\"},{\"@type\":\"Organization\",\"@id\":\"https:\/\/tammetalu.eu\/#organization\",\"name\":\"Tamme talu \u00fcrdiaed\",\"alternateName\":\"Tamme talu\",\"url\":\"https:\/\/tammetalu.eu\/\",\"logo\":{\"@type\":\"ImageObject\",\"inLanguage\":\"en-US\",\"@id\":\"https:\/\/tammetalu.eu\/#\/schema\/logo\/image\/\",\"url\":\"https:\/\/tammetalu.eu\/wp-content\/uploads\/2025\/01\/Tamme_talu_urdiaed.png\",\"contentUrl\":\"https:\/\/tammetalu.eu\/wp-content\/uploads\/2025\/01\/Tamme_talu_urdiaed.png\",\"width\":560,\"height\":560,\"caption\":\"Tamme talu \u00fcrdiaed\"},\"image\":{\"@id\":\"https:\/\/tammetalu.eu\/#\/schema\/logo\/image\/\"},\"sameAs\":[\"https:\/\/www.facebook.com\/TammeTaluUrdiaed\/?locale=et_EE\",\"https:\/\/www.instagram.com\/tammetaluurdiaed\/\"]}]}<\/script>\n<!-- \/ Yoast SEO plugin. -->","yoast_head_json":{"title":"Kaldlauk Allium cernuum - Tamme talu \u00fcrdiaed","robots":{"index":"index","follow":"follow","max-snippet":"max-snippet:-1","max-image-preview":"max-image-preview:large","max-video-preview":"max-video-preview:-1"},"canonical":"https:\/\/tammetalu.eu\/toode\/kaldlauk-allium-cernuum\/","og_locale":"en_US","og_type":"article","og_title":"Kaldlauk Allium cernuum - Tamme talu \u00fcrdiaed","og_description":"Kaldlauk (Allium cernuum) on elegantne ja dekoratiivne lauk, mida iseloomustavad \u00f5rnalt allapoole kaarduvad roosakad kuni lillakad \u00f5isikud. See loodusl\u00e4hedane p\u00fcsik sobib suurep\u00e4raselt p\u00fcsikupeenrasse, kiviktaimlasse ja metsikumasse aeda. Taim \u00f5itseb suve keskpaigas ning meelitab ligi mesilasi ja liblikaid. Kaldlauk on v\u00e4hen\u00f5udlik, talvekindel ja kasvab h\u00e4sti p\u00e4ikeselises kuni poolvarjulises kasvukohas, eelistades h\u00e4sti vett l\u00e4bilaskvat mulda. Lehed on s\u00f6\u00f6davad. K\u00f5rgus 0,3 - 0,7 m. Miks valida kaldlauk (Allium cernuum)?    Unikaalsed rippuvad \u00f5isikud  Sobib loodusl\u00e4hedasse aeda  Hea tolmeldajate taim  Lihtne hooldada ja vastupidav  Kaldlauk on ideaalne valik, kui soovid oma aeda lisada \u00f5rna liikumist, looduslikku ilu ja elurikkust.","og_url":"https:\/\/tammetalu.eu\/toode\/kaldlauk-allium-cernuum\/","og_site_name":"Tamme talu \u00fcrdiaed","article_publisher":"https:\/\/www.facebook.com\/TammeTaluUrdiaed\/?locale=et_EE","article_modified_time":"2026-04-16T10:03:37+00:00","og_image":[{"width":800,"height":600,"url":"https:\/\/tammetalu.eu\/wp-content\/uploads\/2026\/04\/Kaldlauk_Allium_cernuum_tamme_talu_urdiaed-1.jpg","type":"image\/jpeg"}],"twitter_card":"summary_large_image","twitter_misc":{"Est. reading time":"1 minute"},"schema":{"@context":"https:\/\/schema.org","@graph":[{"@type":"WebPage","@id":"https:\/\/tammetalu.eu\/toode\/kaldlauk-allium-cernuum\/","url":"https:\/\/tammetalu.eu\/toode\/kaldlauk-allium-cernuum\/","name":"Kaldlauk Allium cernuum - Tamme talu \u00fcrdiaed","isPartOf":{"@id":"https:\/\/tammetalu.eu\/#website"},"primaryImageOfPage":{"@id":"https:\/\/tammetalu.eu\/toode\/kaldlauk-allium-cernuum\/#primaryimage"},"image":{"@id":"https:\/\/tammetalu.eu\/toode\/kaldlauk-allium-cernuum\/#primaryimage"},"thumbnailUrl":"https:\/\/tammetalu.eu\/wp-content\/uploads\/2026\/04\/Kaldlauk_Allium_cernuum_tamme_talu_urdiaed-1.jpg","datePublished":"2026-04-15T13:09:42+00:00","dateModified":"2026-04-16T10:03:37+00:00","breadcrumb":{"@id":"https:\/\/tammetalu.eu\/toode\/kaldlauk-allium-cernuum\/#breadcrumb"},"inLanguage":"en-US","potentialAction":[{"@type":"ReadAction","target":["https:\/\/tammetalu.eu\/toode\/kaldlauk-allium-cernuum\/"]}]},{"@type":"ImageObject","inLanguage":"en-US","@id":"https:\/\/tammetalu.eu\/toode\/kaldlauk-allium-cernuum\/#primaryimage","url":"https:\/\/tammetalu.eu\/wp-content\/uploads\/2026\/04\/Kaldlauk_Allium_cernuum_tamme_talu_urdiaed-1.jpg","contentUrl":"https:\/\/tammetalu.eu\/wp-content\/uploads\/2026\/04\/Kaldlauk_Allium_cernuum_tamme_talu_urdiaed-1.jpg","width":800,"height":600},{"@type":"BreadcrumbList","@id":"https:\/\/tammetalu.eu\/toode\/kaldlauk-allium-cernuum\/#breadcrumb","itemListElement":[{"@type":"ListItem","position":1,"name":"Home","item":"https:\/\/tammetalu.eu\/en\/esileht-eng\/"},{"@type":"ListItem","position":2,"name":"Shop","item":"https:\/\/tammetalu.eu\/en\/shop\/"},{"@type":"ListItem","position":3,"name":"Kaldlauk Allium cernuum"}]},{"@type":"WebSite","@id":"https:\/\/tammetalu.eu\/#website","url":"https:\/\/tammetalu.eu\/","name":"Tamme talu \u00fcrdiaed","description":"K\u00e4sit\u00f6\u00f6na valmistatud tooted \u00fcrtidest, \u00fcrdiistikud, \u00fcrtide kollektsioonaed","publisher":{"@id":"https:\/\/tammetalu.eu\/#organization"},"alternateName":"Tamme talu","potentialAction":[{"@type":"SearchAction","target":{"@type":"EntryPoint","urlTemplate":"https:\/\/tammetalu.eu\/?s={search_term_string}"},"query-input":{"@type":"PropertyValueSpecification","valueRequired":true,"valueName":"search_term_string"}}],"inLanguage":"en-US"},{"@type":"Organization","@id":"https:\/\/tammetalu.eu\/#organization","name":"Tamme talu \u00fcrdiaed","alternateName":"Tamme talu","url":"https:\/\/tammetalu.eu\/","logo":{"@type":"ImageObject","inLanguage":"en-US","@id":"https:\/\/tammetalu.eu\/#\/schema\/logo\/image\/","url":"https:\/\/tammetalu.eu\/wp-content\/uploads\/2025\/01\/Tamme_talu_urdiaed.png","contentUrl":"https:\/\/tammetalu.eu\/wp-content\/uploads\/2025\/01\/Tamme_talu_urdiaed.png","width":560,"height":560,"caption":"Tamme talu \u00fcrdiaed"},"image":{"@id":"https:\/\/tammetalu.eu\/#\/schema\/logo\/image\/"},"sameAs":["https:\/\/www.facebook.com\/TammeTaluUrdiaed\/?locale=et_EE","https:\/\/www.instagram.com\/tammetaluurdiaed\/"]}]}},"_links":{"self":[{"href":"https:\/\/tammetalu.eu\/en\/wp-json\/wp\/v2\/product\/27349","targetHints":{"allow":["GET"]}}],"collection":[{"href":"https:\/\/tammetalu.eu\/en\/wp-json\/wp\/v2\/product"}],"about":[{"href":"https:\/\/tammetalu.eu\/en\/wp-json\/wp\/v2\/types\/product"}],"wp:featuredmedia":[{"embeddable":true,"href":"https:\/\/tammetalu.eu\/en\/wp-json\/wp\/v2\/media\/27355"}],"wp:attachment":[{"href":"https:\/\/tammetalu.eu\/en\/wp-json\/wp\/v2\/media?parent=27349"}],"wp:term":[{"taxonomy":"product_brand","embeddable":true,"href":"https:\/\/tammetalu.eu\/en\/wp-json\/wp\/v2\/product_brand?post=27349"},{"taxonomy":"product_cat","embeddable":true,"href":"https:\/\/tammetalu.eu\/en\/wp-json\/wp\/v2\/product_cat?post=27349"},{"taxonomy":"product_tag","embeddable":true,"href":"https:\/\/tammetalu.eu\/en\/wp-json\/wp\/v2\/product_tag?post=27349"}],"curies":[{"name":"wp","href":"https:\/\/api.w.org\/{rel}","templated":true}]}}