{"id":2161,"date":"2018-03-26T10:31:44","date_gmt":"2018-03-26T07:31:44","guid":{"rendered":"https:\/\/tammetalu.eu\/?page_id=2161"},"modified":"2018-03-26T10:36:28","modified_gmt":"2018-03-26T07:36:28","slug":"tamme-tilalla","status":"publish","type":"page","link":"https:\/\/tammetalu.eu\/fi\/tamme-tilalla\/","title":{"rendered":"Tamme tilalla"},"content":{"rendered":"<h2>Tammen tilalla<\/h2>\n<h1>\u00dcRDIAED JA TALUPOOD<\/h1>\n<p>Tamme talu \u00fcrdiaias kasvab p\u00f5nevaid taimi igast maailma nurgast. Lisaks veel p\u00f5nevaid v\u00f5i unustatud k\u00f6\u00f6givilju ja s\u00f6\u00f6gik\u00f5lbulikke ilutaimi.<\/p>\n<p><a href=\"\/koik-tooted\/\"> K\u00fclasta e-poodi \u00bb <\/a><\/p>\n<h2>Viimased uudised<\/h2>\n<h2>Blogi<\/h2>\n<p>[wp_show_posts id=&#8221;910&#8243;]<\/p>\n<h2>Tamme Aiandustalu<\/h2>\n<h2>Enimhinnatud tooted<\/h2>\n<div class=\"woocommerce columns-4 \"><ul class=\"products columns-4\">\n<li class=\"product type-product post-19029 status-publish first instock product_cat-marjateed-urtidega product_cat-teed has-post-thumbnail featured taxable shipping-taxable purchasable product-type-simple\">\n\t<a href=\"https:\/\/tammetalu.eu\/fi\/toode\/mahe-vaarika-mustsostratee-piparmundiga-puramiid\/\" class=\"woocommerce-LoopProduct-link woocommerce-loop-product__link\"><span class=\"et_shop_image\"><img loading=\"lazy\" decoding=\"async\" width=\"400\" height=\"500\" src=\"https:\/\/tammetalu.eu\/wp-content\/uploads\/2023\/10\/Mahe-Vaarika-mustsostratee-piparmundiga-Tamme-talu-urdiaed-400x500.jpg\" class=\"attachment-woocommerce_thumbnail size-woocommerce_thumbnail\" alt=\"Mahe-Vaarika-mustsostratee-piparmundiga-Tamme-talu-urdiaed\" \/><span class=\"et_overlay\"><\/span><\/span><h2 class=\"woocommerce-loop-product__title\">Mahe Vaarika-musts\u00f5stratee piparm\u00fcndiga p\u00fcramiid<\/h2>\n\t<span class=\"price\"><span class=\"woocommerce-Price-amount amount\"><bdi>5.99&nbsp;<span class=\"woocommerce-Price-currencySymbol\">&euro;<\/span><\/bdi><\/span><\/span>\n<\/a><a href=\"\/fi\/wp-json\/wp\/v2\/pages\/2161?add-to-cart=19029\" aria-describedby=\"woocommerce_loop_add_to_cart_link_describedby_19029\" data-quantity=\"1\" class=\"button product_type_simple add_to_cart_button ajax_add_to_cart\" data-product_id=\"19029\" data-product_sku=\"4742801001287\" aria-label=\"Lis\u00e4\u00e4 ostoskoriin: &ldquo;Mahe Vaarika-musts\u00f5stratee piparm\u00fcndiga p\u00fcramiid&rdquo;\" rel=\"nofollow\" data-success_message=\"&ldquo;Mahe Vaarika-musts\u00f5stratee piparm\u00fcndiga p\u00fcramiid&rdquo; on lis\u00e4tty ostoskoriin\" role=\"button\">Lis\u00e4\u00e4 ostoskoriin<\/a>\t<span id=\"woocommerce_loop_add_to_cart_link_describedby_19029\" class=\"screen-reader-text\">\n\t\t\t<\/span>\n<\/li>\n<li class=\"product type-product post-19028 status-publish instock product_cat-marjateed-urtidega product_cat-teed has-post-thumbnail featured taxable shipping-taxable purchasable product-type-simple\">\n\t<a href=\"https:\/\/tammetalu.eu\/fi\/toode\/mahe-minu-lemmiktee-puramiid\/\" class=\"woocommerce-LoopProduct-link woocommerce-loop-product__link\"><span class=\"et_shop_image\"><img loading=\"lazy\" decoding=\"async\" width=\"400\" height=\"500\" src=\"https:\/\/tammetalu.eu\/wp-content\/uploads\/2023\/10\/Mahe-Minu-lemmiktee-puramiid-400x500.jpg\" class=\"attachment-woocommerce_thumbnail size-woocommerce_thumbnail\" alt=\"Mahe-Minu-lemmiktee-puramiid\" \/><span class=\"et_overlay\"><\/span><\/span><h2 class=\"woocommerce-loop-product__title\">Mahe Minu lemmiktee p\u00fcramiid<\/h2>\n\t<span class=\"price\"><span class=\"woocommerce-Price-amount amount\"><bdi>5.49&nbsp;<span class=\"woocommerce-Price-currencySymbol\">&euro;<\/span><\/bdi><\/span><\/span>\n<\/a><a href=\"\/fi\/wp-json\/wp\/v2\/pages\/2161?add-to-cart=19028\" aria-describedby=\"woocommerce_loop_add_to_cart_link_describedby_19028\" data-quantity=\"1\" class=\"button product_type_simple add_to_cart_button ajax_add_to_cart\" data-product_id=\"19028\" data-product_sku=\"4742801001294\" aria-label=\"Lis\u00e4\u00e4 ostoskoriin: &ldquo;Mahe Minu lemmiktee p\u00fcramiid&rdquo;\" rel=\"nofollow\" data-success_message=\"&ldquo;Mahe Minu lemmiktee p\u00fcramiid&rdquo; on lis\u00e4tty ostoskoriin\" role=\"button\">Lis\u00e4\u00e4 ostoskoriin<\/a>\t<span id=\"woocommerce_loop_add_to_cart_link_describedby_19028\" class=\"screen-reader-text\">\n\t\t\t<\/span>\n<\/li>\n<li class=\"product type-product post-18973 status-publish instock product_cat-taimeteed product_cat-teed has-post-thumbnail featured taxable shipping-taxable purchasable product-type-simple\">\n\t<a href=\"https:\/\/tammetalu.eu\/fi\/toode\/mahe-hea-tuju-tee-teepakid\/\" class=\"woocommerce-LoopProduct-link woocommerce-loop-product__link\"><span class=\"et_shop_image\"><img loading=\"lazy\" decoding=\"async\" width=\"400\" height=\"500\" src=\"https:\/\/tammetalu.eu\/wp-content\/uploads\/2023\/09\/Mahe-Hea-tuju-tee-Tamme-talu-urdiaed-400x500.jpg\" class=\"attachment-woocommerce_thumbnail size-woocommerce_thumbnail\" alt=\"Mahe-Hea-tuju-tee-Tamme-talu-urdiaed, taimeteed\" \/><span class=\"et_overlay\"><\/span><\/span><h2 class=\"woocommerce-loop-product__title\">Mahe Hea tuju tee p\u00fcramiid<\/h2>\n\t<span class=\"price\"><span class=\"woocommerce-Price-amount amount\"><bdi>5.49&nbsp;<span class=\"woocommerce-Price-currencySymbol\">&euro;<\/span><\/bdi><\/span><\/span>\n<\/a><a href=\"\/fi\/wp-json\/wp\/v2\/pages\/2161?add-to-cart=18973\" aria-describedby=\"woocommerce_loop_add_to_cart_link_describedby_18973\" data-quantity=\"1\" class=\"button product_type_simple add_to_cart_button ajax_add_to_cart\" data-product_id=\"18973\" data-product_sku=\"4742801001270\" aria-label=\"Lis\u00e4\u00e4 ostoskoriin: &ldquo;Mahe Hea tuju tee p\u00fcramiid&rdquo;\" rel=\"nofollow\" data-success_message=\"&ldquo;Mahe Hea tuju tee p\u00fcramiid&rdquo; on lis\u00e4tty ostoskoriin\" role=\"button\">Lis\u00e4\u00e4 ostoskoriin<\/a>\t<span id=\"woocommerce_loop_add_to_cart_link_describedby_18973\" class=\"screen-reader-text\">\n\t\t\t<\/span>\n<\/li>\n<li class=\"product type-product post-16324 status-publish last instock product_cat-marjateed-urtidega has-post-thumbnail featured taxable shipping-taxable purchasable product-type-simple\">\n\t<a href=\"https:\/\/tammetalu.eu\/fi\/toode\/minu-lemmiktee-20g\/\" class=\"woocommerce-LoopProduct-link woocommerce-loop-product__link\"><span class=\"et_shop_image\"><img loading=\"lazy\" decoding=\"async\" width=\"400\" height=\"500\" src=\"https:\/\/tammetalu.eu\/wp-content\/uploads\/2022\/08\/Oko_Minu-lemmiktee-tamme-talu-urdiaed-400x500.jpg\" class=\"attachment-woocommerce_thumbnail size-woocommerce_thumbnail\" alt=\"Oko_Minu-lemmiktee-tamme-talu-urdiaed\" \/><span class=\"et_overlay\"><\/span><\/span><h2 class=\"woocommerce-loop-product__title\">MAHE Minu lemmiktee 20g<\/h2>\n\t<span class=\"price\"><span class=\"woocommerce-Price-amount amount\"><bdi>4.20&nbsp;<span class=\"woocommerce-Price-currencySymbol\">&euro;<\/span><\/bdi><\/span><\/span>\n<\/a><a href=\"\/fi\/wp-json\/wp\/v2\/pages\/2161?add-to-cart=16324\" aria-describedby=\"woocommerce_loop_add_to_cart_link_describedby_16324\" data-quantity=\"1\" class=\"button product_type_simple add_to_cart_button ajax_add_to_cart\" data-product_id=\"16324\" data-product_sku=\"4742801001300\" aria-label=\"Lis\u00e4\u00e4 ostoskoriin: &ldquo;MAHE Minu lemmiktee 20g&rdquo;\" rel=\"nofollow\" data-success_message=\"&ldquo;MAHE Minu lemmiktee 20g&rdquo; on lis\u00e4tty ostoskoriin\" role=\"button\">Lis\u00e4\u00e4 ostoskoriin<\/a>\t<span id=\"woocommerce_loop_add_to_cart_link_describedby_16324\" class=\"screen-reader-text\">\n\t\t\t<\/span>\n<\/li>\n<\/ul>\n<\/div>\n<h2>Tere tulemast Tamme talu<\/h2>\n<h2>Maitsete ja l\u00f5hnade lummavasse maailma!<\/h2>\n<p>Meeldima hakanud taimi saate m\u00fc\u00fcgiplatsilt kaasa osta. Maitser\u00e4nnakust v\u00e4sinutele on\u00a0 puhkehetkeks\u00a0 aiakohvik, kus pakume teed, kohvi ja karastusjooke.<\/p>\n<p>Tamme talus \u00a0suure armastuse ja hoolega kasvatatud \u00fcrtidest, marjadest ja k\u00f6\u00f6giviljadest valmivad maitsvad ja tervislikud tooted kohapealses talutootmises. Mitmek\u00fclgsest \u00a0toodete valikust leiab oma lemmikmaitse nii teravalt tuliste kui leebelt magusate maitsete austaja.<\/p>\n<p><a href=\"\/koik-tooted\/\"> K\u00fclasta e-poodi \u00bb <\/a><\/p>\n<h2>Leia meie pakutavad<\/h2>\n<h2>Uued tooted<\/h2>\n<div class=\"woocommerce columns-4 \"><ul class=\"products columns-4\">\n<li class=\"product type-product post-27230 status-publish first instock product_cat-maitse-ja-ravimtaimede-istikud product_cat-ponevad-koogiviljad has-post-thumbnail sale taxable shipping-taxable purchasable product-type-simple\">\n\t<a href=\"https:\/\/tammetalu.eu\/fi\/toode\/mugul-leekurt-amazone-phlomis-tuberosa\/\" class=\"woocommerce-LoopProduct-link woocommerce-loop-product__link\">\n\t<span class='onsale'>-20%<\/span>\n\t<span class=\"et_shop_image\"><img loading=\"lazy\" decoding=\"async\" width=\"400\" height=\"500\" src=\"https:\/\/tammetalu.eu\/wp-content\/uploads\/2026\/04\/Mugul-leekurt-phlomoides-tuberosa-tamme-talu-urdiaed-400x500.jpg\" class=\"attachment-woocommerce_thumbnail size-woocommerce_thumbnail\" alt=\"Mugul-leekurt-phlomoides-tuberosa-tamme-talu-urdiaed\" \/><span class=\"et_overlay\"><\/span><\/span><h2 class=\"woocommerce-loop-product__title\">Mugul-leek\u00fcrt &#8221;Amazone&#8221; Phlomis tuberosa<\/h2>\n\t<span class=\"price\"><del aria-hidden=\"true\"><span class=\"woocommerce-Price-amount amount\"><bdi>6.25&nbsp;<span class=\"woocommerce-Price-currencySymbol\">&euro;<\/span><\/bdi><\/span><\/del> <span class=\"screen-reader-text\">Alkuper\u00e4inen hinta oli: 6.25&nbsp;&euro;.<\/span><ins aria-hidden=\"true\"><span class=\"woocommerce-Price-amount amount\"><bdi>5.00&nbsp;<span class=\"woocommerce-Price-currencySymbol\">&euro;<\/span><\/bdi><\/span><\/ins><span class=\"screen-reader-text\">Nykyinen hinta on: 5.00&nbsp;&euro;.<\/span><\/span>\n<\/a><a href=\"\/fi\/wp-json\/wp\/v2\/pages\/2161?add-to-cart=27230\" aria-describedby=\"woocommerce_loop_add_to_cart_link_describedby_27230\" data-quantity=\"1\" class=\"button product_type_simple add_to_cart_button ajax_add_to_cart\" data-product_id=\"27230\" data-product_sku=\"4742801007791\" aria-label=\"Lis\u00e4\u00e4 ostoskoriin: &ldquo;Mugul-leek\u00fcrt &quot;Amazone&quot; Phlomis tuberosa&rdquo;\" rel=\"nofollow\" data-success_message=\"&ldquo;Mugul-leek\u00fcrt &quot;Amazone&quot; Phlomis tuberosa&rdquo; on lis\u00e4tty ostoskoriin\" role=\"button\">Lis\u00e4\u00e4 ostoskoriin<\/a>\t<span id=\"woocommerce_loop_add_to_cart_link_describedby_27230\" class=\"screen-reader-text\">\n\t\t\t<\/span>\n<\/li>\n<li class=\"product type-product post-27218 status-publish instock product_cat-muud-maitsetaimed has-post-thumbnail sale taxable shipping-taxable purchasable product-type-simple\">\n\t<a href=\"https:\/\/tammetalu.eu\/fi\/toode\/harilik-maajalg-variegata-glechoma-hederacea\/\" class=\"woocommerce-LoopProduct-link woocommerce-loop-product__link\">\n\t<span class='onsale'>-20%<\/span>\n\t<span class=\"et_shop_image\"><img loading=\"lazy\" decoding=\"async\" width=\"320\" height=\"480\" src=\"https:\/\/tammetalu.eu\/wp-content\/uploads\/2026\/04\/Harilik-maajalg-tamme-talu-urdiaed-glechoma-hederacea.jpg\" class=\"attachment-woocommerce_thumbnail size-woocommerce_thumbnail\" alt=\"Harilik-maajalg-tamme-talu-urdiaed-glechoma-hederacea\" srcset=\"https:\/\/tammetalu.eu\/wp-content\/uploads\/2026\/04\/Harilik-maajalg-tamme-talu-urdiaed-glechoma-hederacea.jpg 320w, https:\/\/tammetalu.eu\/wp-content\/uploads\/2026\/04\/Harilik-maajalg-tamme-talu-urdiaed-glechoma-hederacea-200x300.jpg 200w, https:\/\/tammetalu.eu\/wp-content\/uploads\/2026\/04\/Harilik-maajalg-tamme-talu-urdiaed-glechoma-hederacea-64x96.jpg 64w\" sizes=\"(max-width: 320px) 100vw, 320px\" \/><span class=\"et_overlay\"><\/span><\/span><h2 class=\"woocommerce-loop-product__title\">Harilik maajalg &#8221;Variegata&#8221; Glechoma hederacea<\/h2>\n\t<span class=\"price\"><del aria-hidden=\"true\"><span class=\"woocommerce-Price-amount amount\"><bdi>4.99&nbsp;<span class=\"woocommerce-Price-currencySymbol\">&euro;<\/span><\/bdi><\/span><\/del> <span class=\"screen-reader-text\">Alkuper\u00e4inen hinta oli: 4.99&nbsp;&euro;.<\/span><ins aria-hidden=\"true\"><span class=\"woocommerce-Price-amount amount\"><bdi>3.99&nbsp;<span class=\"woocommerce-Price-currencySymbol\">&euro;<\/span><\/bdi><\/span><\/ins><span class=\"screen-reader-text\">Nykyinen hinta on: 3.99&nbsp;&euro;.<\/span><\/span>\n<\/a><a href=\"\/fi\/wp-json\/wp\/v2\/pages\/2161?add-to-cart=27218\" aria-describedby=\"woocommerce_loop_add_to_cart_link_describedby_27218\" data-quantity=\"1\" class=\"button product_type_simple add_to_cart_button ajax_add_to_cart\" data-product_id=\"27218\" data-product_sku=\"4742801007807\" aria-label=\"Lis\u00e4\u00e4 ostoskoriin: &ldquo;Harilik maajalg &quot;Variegata&quot; Glechoma hederacea&rdquo;\" rel=\"nofollow\" data-success_message=\"&ldquo;Harilik maajalg &quot;Variegata&quot; Glechoma hederacea&rdquo; on lis\u00e4tty ostoskoriin\" role=\"button\">Lis\u00e4\u00e4 ostoskoriin<\/a>\t<span id=\"woocommerce_loop_add_to_cart_link_describedby_27218\" class=\"screen-reader-text\">\n\t\t\t<\/span>\n<\/li>\n<li class=\"product type-product post-26656 status-publish instock product_cat-liivateed product_cat-maitse-ja-ravimtaimede-istikud has-post-thumbnail sale taxable shipping-taxable purchasable product-type-simple\">\n\t<a href=\"https:\/\/tammetalu.eu\/fi\/toode\/aed-liivatee-faustini\/\" class=\"woocommerce-LoopProduct-link woocommerce-loop-product__link\">\n\t<span class='onsale'>-20%<\/span>\n\t<span class=\"et_shop_image\"><img loading=\"lazy\" decoding=\"async\" width=\"400\" height=\"500\" src=\"https:\/\/tammetalu.eu\/wp-content\/uploads\/2022\/08\/Aed-liivatee-fredo-tamme-talu-urdiaed-5-400x500.jpg\" class=\"attachment-woocommerce_thumbnail size-woocommerce_thumbnail\" alt=\"Aed-liivatee &quot;Faustini&quot;\" \/><span class=\"et_overlay\"><\/span><\/span><h2 class=\"woocommerce-loop-product__title\">Aed-liivatee &#8221;Faustini&#8221;<\/h2>\n\t<span class=\"price\"><del aria-hidden=\"true\"><span class=\"woocommerce-Price-amount amount\"><bdi>4.99&nbsp;<span class=\"woocommerce-Price-currencySymbol\">&euro;<\/span><\/bdi><\/span><\/del> <span class=\"screen-reader-text\">Alkuper\u00e4inen hinta oli: 4.99&nbsp;&euro;.<\/span><ins aria-hidden=\"true\"><span class=\"woocommerce-Price-amount amount\"><bdi>3.99&nbsp;<span class=\"woocommerce-Price-currencySymbol\">&euro;<\/span><\/bdi><\/span><\/ins><span class=\"screen-reader-text\">Nykyinen hinta on: 3.99&nbsp;&euro;.<\/span><\/span>\n<\/a><a href=\"\/fi\/wp-json\/wp\/v2\/pages\/2161?add-to-cart=26656\" aria-describedby=\"woocommerce_loop_add_to_cart_link_describedby_26656\" data-quantity=\"1\" class=\"button product_type_simple add_to_cart_button ajax_add_to_cart\" data-product_id=\"26656\" data-product_sku=\"4742801003137\" aria-label=\"Lis\u00e4\u00e4 ostoskoriin: &ldquo;Aed-liivatee &quot;Faustini&quot;&rdquo;\" rel=\"nofollow\" data-success_message=\"&ldquo;Aed-liivatee &quot;Faustini&quot;&rdquo; on lis\u00e4tty ostoskoriin\" role=\"button\">Lis\u00e4\u00e4 ostoskoriin<\/a>\t<span id=\"woocommerce_loop_add_to_cart_link_describedby_26656\" class=\"screen-reader-text\">\n\t\t\t<\/span>\n<\/li>\n<li class=\"product type-product post-25483 status-publish last instock product_cat-lavendlid product_cat-maitse-ja-ravimtaimede-istikud product_cat-rohenappude-lemmikud has-post-thumbnail sale taxable shipping-taxable purchasable product-type-simple\">\n\t<a href=\"https:\/\/tammetalu.eu\/fi\/toode\/tahklavendel-blue-scent-early\/\" class=\"woocommerce-LoopProduct-link woocommerce-loop-product__link\">\n\t<span class='onsale'>-20%<\/span>\n\t<span class=\"et_shop_image\"><img loading=\"lazy\" decoding=\"async\" width=\"400\" height=\"500\" src=\"https:\/\/tammetalu.eu\/wp-content\/uploads\/2025\/06\/Tahklavendel_lavandula_angustifolia_blue_scent_early_tamme_talu_urdiaed-400x500.webp\" class=\"attachment-woocommerce_thumbnail size-woocommerce_thumbnail\" alt=\"t\u00e4hklavendel blue scent early, lavandula angustifolia, tamme talu \u00fcrdiaed, lavendliistikud\" \/><span class=\"et_overlay\"><\/span><\/span><h2 class=\"woocommerce-loop-product__title\">T\u00e4hklavendel &#8221;Blue Scent Early&#8221;<\/h2>\n\t<span class=\"price\"><del aria-hidden=\"true\"><span class=\"woocommerce-Price-amount amount\"><bdi>4.99&nbsp;<span class=\"woocommerce-Price-currencySymbol\">&euro;<\/span><\/bdi><\/span><\/del> <span class=\"screen-reader-text\">Alkuper\u00e4inen hinta oli: 4.99&nbsp;&euro;.<\/span><ins aria-hidden=\"true\"><span class=\"woocommerce-Price-amount amount\"><bdi>3.99&nbsp;<span class=\"woocommerce-Price-currencySymbol\">&euro;<\/span><\/bdi><\/span><\/ins><span class=\"screen-reader-text\">Nykyinen hinta on: 3.99&nbsp;&euro;.<\/span><\/span>\n<\/a><a href=\"\/fi\/wp-json\/wp\/v2\/pages\/2161?add-to-cart=25483\" aria-describedby=\"woocommerce_loop_add_to_cart_link_describedby_25483\" data-quantity=\"1\" class=\"button product_type_simple add_to_cart_button ajax_add_to_cart\" data-product_id=\"25483\" data-product_sku=\"4742801007265\" aria-label=\"Lis\u00e4\u00e4 ostoskoriin: &ldquo;T\u00e4hklavendel &quot;Blue Scent Early&quot;&rdquo;\" rel=\"nofollow\" data-success_message=\"&ldquo;T\u00e4hklavendel &quot;Blue Scent Early&quot;&rdquo; on lis\u00e4tty ostoskoriin\" role=\"button\">Lis\u00e4\u00e4 ostoskoriin<\/a>\t<span id=\"woocommerce_loop_add_to_cart_link_describedby_25483\" class=\"screen-reader-text\">\n\t\t\t<\/span>\n<\/li>\n<\/ul>\n<\/div>\n<h2>Tamme talust p\u00e4rit<\/h2>\n<h2>Taime- ja marjateed<\/h2>\n<p><a href=\"\/tootekategooria\/urdi-ja-taimeteed\/\"> Vaata tooteid \u00bb <\/a><\/p>\n<h2>K\u00fclasta meie<\/h2>\n<h2>Talupoodi<\/h2>\n<p><a href=\"\/koik-tooted\/\"> K\u00fclasta e-poodi \u00bb <\/a><\/p>\n<h2>K\u00e4sitsi valmistatud<\/h2>\n<h2>\u00dcrdi- ja maitsesoolad<\/h2>\n<p><a href=\"\/tootekategooria\/urdi-ja-maitsesoolad\/\"> Vaata tooteid \u00bb <\/a><\/p>\n","protected":false},"excerpt":{"rendered":"<p>Tammen tilalla \u00dcRDIAED JA TALUPOOD Tamme talu \u00fcrdiaias kasvab p\u00f5nevaid taimi igast maailma nurgast. Lisaks veel p\u00f5nevaid v\u00f5i unustatud k\u00f6\u00f6givilju ja s\u00f6\u00f6gik\u00f5lbulikke ilutaimi. K\u00fclasta e-poodi \u00bb Viimased uudised Blogi [wp_show_posts id=&#8221;910&#8243;] Tamme Aiandustalu Enimhinnatud tooted Tere tulemast Tamme talu Maitsete ja l\u00f5hnade lummavasse maailma! Meeldima hakanud taimi saate m\u00fc\u00fcgiplatsilt kaasa osta. Maitser\u00e4nnakust v\u00e4sinutele on\u00a0 puhkehetkeks\u00a0 [&hellip;]<\/p>\n","protected":false},"author":1,"featured_media":0,"parent":0,"menu_order":0,"comment_status":"closed","ping_status":"closed","template":"","meta":{"_acf_changed":false,"_et_pb_use_builder":"","_et_pb_old_content":"","_et_gb_content_width":"","inline_featured_image":false,"footnotes":""},"class_list":["post-2161","page","type-page","status-publish","hentry"],"acf":[],"yoast_head":"<!-- This site is optimized with the Yoast SEO plugin v26.4 - https:\/\/yoast.com\/wordpress\/plugins\/seo\/ -->\n<title>Tamme tilalla - Tamme talu \u00fcrdiaed<\/title>\n<meta name=\"robots\" content=\"index, follow, max-snippet:-1, max-image-preview:large, max-video-preview:-1\" \/>\n<link rel=\"canonical\" href=\"https:\/\/tammetalu.eu\/fi\/tamme-tilalla\/\" \/>\n<meta property=\"og:locale\" content=\"fi_FI\" \/>\n<meta property=\"og:type\" content=\"article\" \/>\n<meta property=\"og:title\" content=\"Tamme tilalla - Tamme talu \u00fcrdiaed\" \/>\n<meta property=\"og:description\" content=\"Tammen tilalla \u00dcRDIAED JA TALUPOOD Tamme talu \u00fcrdiaias kasvab p\u00f5nevaid taimi igast maailma nurgast. Lisaks veel p\u00f5nevaid v\u00f5i unustatud k\u00f6\u00f6givilju ja s\u00f6\u00f6gik\u00f5lbulikke ilutaimi. K\u00fclasta e-poodi \u00bb Viimased uudised Blogi [wp_show_posts id=&#8221;910&#8243;] Tamme Aiandustalu Enimhinnatud tooted Tere tulemast Tamme talu Maitsete ja l\u00f5hnade lummavasse maailma! Meeldima hakanud taimi saate m\u00fc\u00fcgiplatsilt kaasa osta. Maitser\u00e4nnakust v\u00e4sinutele on\u00a0 puhkehetkeks\u00a0 [&hellip;]\" \/>\n<meta property=\"og:url\" content=\"https:\/\/tammetalu.eu\/fi\/tamme-tilalla\/\" \/>\n<meta property=\"og:site_name\" content=\"Tamme talu \u00fcrdiaed\" \/>\n<meta property=\"article:publisher\" content=\"https:\/\/www.facebook.com\/TammeTaluUrdiaed\/?locale=et_EE\" \/>\n<meta property=\"article:modified_time\" content=\"2018-03-26T07:36:28+00:00\" \/>\n<meta name=\"twitter:card\" content=\"summary_large_image\" \/>\n<meta name=\"twitter:label1\" content=\"Arvioitu lukuaika\" \/>\n\t<meta name=\"twitter:data1\" content=\"1 minuutti\" \/>\n<script type=\"application\/ld+json\" class=\"yoast-schema-graph\">{\"@context\":\"https:\/\/schema.org\",\"@graph\":[{\"@type\":\"WebPage\",\"@id\":\"https:\/\/tammetalu.eu\/fi\/tamme-tilalla\/\",\"url\":\"https:\/\/tammetalu.eu\/fi\/tamme-tilalla\/\",\"name\":\"Tamme tilalla - Tamme talu \u00fcrdiaed\",\"isPartOf\":{\"@id\":\"https:\/\/tammetalu.eu\/#website\"},\"datePublished\":\"2018-03-26T07:31:44+00:00\",\"dateModified\":\"2018-03-26T07:36:28+00:00\",\"breadcrumb\":{\"@id\":\"https:\/\/tammetalu.eu\/fi\/tamme-tilalla\/#breadcrumb\"},\"inLanguage\":\"fi\",\"potentialAction\":[{\"@type\":\"ReadAction\",\"target\":[\"https:\/\/tammetalu.eu\/fi\/tamme-tilalla\/\"]}]},{\"@type\":\"BreadcrumbList\",\"@id\":\"https:\/\/tammetalu.eu\/fi\/tamme-tilalla\/#breadcrumb\",\"itemListElement\":[{\"@type\":\"ListItem\",\"position\":1,\"name\":\"Home\",\"item\":\"https:\/\/tammetalu.eu\/fi\/etusivu\/\"},{\"@type\":\"ListItem\",\"position\":2,\"name\":\"Tamme tilalla\"}]},{\"@type\":\"WebSite\",\"@id\":\"https:\/\/tammetalu.eu\/#website\",\"url\":\"https:\/\/tammetalu.eu\/\",\"name\":\"Tamme talu \u00fcrdiaed\",\"description\":\"K\u00e4sit\u00f6\u00f6na valmistatud tooted \u00fcrtidest, \u00fcrdiistikud, \u00fcrtide kollektsioonaed\",\"publisher\":{\"@id\":\"https:\/\/tammetalu.eu\/#organization\"},\"alternateName\":\"Tamme talu\",\"potentialAction\":[{\"@type\":\"SearchAction\",\"target\":{\"@type\":\"EntryPoint\",\"urlTemplate\":\"https:\/\/tammetalu.eu\/?s={search_term_string}\"},\"query-input\":{\"@type\":\"PropertyValueSpecification\",\"valueRequired\":true,\"valueName\":\"search_term_string\"}}],\"inLanguage\":\"fi\"},{\"@type\":\"Organization\",\"@id\":\"https:\/\/tammetalu.eu\/#organization\",\"name\":\"Tamme talu \u00fcrdiaed\",\"alternateName\":\"Tamme talu\",\"url\":\"https:\/\/tammetalu.eu\/\",\"logo\":{\"@type\":\"ImageObject\",\"inLanguage\":\"fi\",\"@id\":\"https:\/\/tammetalu.eu\/#\/schema\/logo\/image\/\",\"url\":\"https:\/\/tammetalu.eu\/wp-content\/uploads\/2025\/01\/Tamme_talu_urdiaed.png\",\"contentUrl\":\"https:\/\/tammetalu.eu\/wp-content\/uploads\/2025\/01\/Tamme_talu_urdiaed.png\",\"width\":560,\"height\":560,\"caption\":\"Tamme talu \u00fcrdiaed\"},\"image\":{\"@id\":\"https:\/\/tammetalu.eu\/#\/schema\/logo\/image\/\"},\"sameAs\":[\"https:\/\/www.facebook.com\/TammeTaluUrdiaed\/?locale=et_EE\",\"https:\/\/www.instagram.com\/tammetaluurdiaed\/\"]}]}<\/script>\n<!-- \/ Yoast SEO plugin. -->","yoast_head_json":{"title":"Tamme tilalla - Tamme talu \u00fcrdiaed","robots":{"index":"index","follow":"follow","max-snippet":"max-snippet:-1","max-image-preview":"max-image-preview:large","max-video-preview":"max-video-preview:-1"},"canonical":"https:\/\/tammetalu.eu\/fi\/tamme-tilalla\/","og_locale":"fi_FI","og_type":"article","og_title":"Tamme tilalla - Tamme talu \u00fcrdiaed","og_description":"Tammen tilalla \u00dcRDIAED JA TALUPOOD Tamme talu \u00fcrdiaias kasvab p\u00f5nevaid taimi igast maailma nurgast. Lisaks veel p\u00f5nevaid v\u00f5i unustatud k\u00f6\u00f6givilju ja s\u00f6\u00f6gik\u00f5lbulikke ilutaimi. K\u00fclasta e-poodi \u00bb Viimased uudised Blogi [wp_show_posts id=&#8221;910&#8243;] Tamme Aiandustalu Enimhinnatud tooted Tere tulemast Tamme talu Maitsete ja l\u00f5hnade lummavasse maailma! Meeldima hakanud taimi saate m\u00fc\u00fcgiplatsilt kaasa osta. Maitser\u00e4nnakust v\u00e4sinutele on\u00a0 puhkehetkeks\u00a0 [&hellip;]","og_url":"https:\/\/tammetalu.eu\/fi\/tamme-tilalla\/","og_site_name":"Tamme talu \u00fcrdiaed","article_publisher":"https:\/\/www.facebook.com\/TammeTaluUrdiaed\/?locale=et_EE","article_modified_time":"2018-03-26T07:36:28+00:00","twitter_card":"summary_large_image","twitter_misc":{"Arvioitu lukuaika":"1 minuutti"},"schema":{"@context":"https:\/\/schema.org","@graph":[{"@type":"WebPage","@id":"https:\/\/tammetalu.eu\/fi\/tamme-tilalla\/","url":"https:\/\/tammetalu.eu\/fi\/tamme-tilalla\/","name":"Tamme tilalla - Tamme talu \u00fcrdiaed","isPartOf":{"@id":"https:\/\/tammetalu.eu\/#website"},"datePublished":"2018-03-26T07:31:44+00:00","dateModified":"2018-03-26T07:36:28+00:00","breadcrumb":{"@id":"https:\/\/tammetalu.eu\/fi\/tamme-tilalla\/#breadcrumb"},"inLanguage":"fi","potentialAction":[{"@type":"ReadAction","target":["https:\/\/tammetalu.eu\/fi\/tamme-tilalla\/"]}]},{"@type":"BreadcrumbList","@id":"https:\/\/tammetalu.eu\/fi\/tamme-tilalla\/#breadcrumb","itemListElement":[{"@type":"ListItem","position":1,"name":"Home","item":"https:\/\/tammetalu.eu\/fi\/etusivu\/"},{"@type":"ListItem","position":2,"name":"Tamme tilalla"}]},{"@type":"WebSite","@id":"https:\/\/tammetalu.eu\/#website","url":"https:\/\/tammetalu.eu\/","name":"Tamme talu \u00fcrdiaed","description":"K\u00e4sit\u00f6\u00f6na valmistatud tooted \u00fcrtidest, \u00fcrdiistikud, \u00fcrtide kollektsioonaed","publisher":{"@id":"https:\/\/tammetalu.eu\/#organization"},"alternateName":"Tamme talu","potentialAction":[{"@type":"SearchAction","target":{"@type":"EntryPoint","urlTemplate":"https:\/\/tammetalu.eu\/?s={search_term_string}"},"query-input":{"@type":"PropertyValueSpecification","valueRequired":true,"valueName":"search_term_string"}}],"inLanguage":"fi"},{"@type":"Organization","@id":"https:\/\/tammetalu.eu\/#organization","name":"Tamme talu \u00fcrdiaed","alternateName":"Tamme talu","url":"https:\/\/tammetalu.eu\/","logo":{"@type":"ImageObject","inLanguage":"fi","@id":"https:\/\/tammetalu.eu\/#\/schema\/logo\/image\/","url":"https:\/\/tammetalu.eu\/wp-content\/uploads\/2025\/01\/Tamme_talu_urdiaed.png","contentUrl":"https:\/\/tammetalu.eu\/wp-content\/uploads\/2025\/01\/Tamme_talu_urdiaed.png","width":560,"height":560,"caption":"Tamme talu \u00fcrdiaed"},"image":{"@id":"https:\/\/tammetalu.eu\/#\/schema\/logo\/image\/"},"sameAs":["https:\/\/www.facebook.com\/TammeTaluUrdiaed\/?locale=et_EE","https:\/\/www.instagram.com\/tammetaluurdiaed\/"]}]}},"_links":{"self":[{"href":"https:\/\/tammetalu.eu\/fi\/wp-json\/wp\/v2\/pages\/2161","targetHints":{"allow":["GET"]}}],"collection":[{"href":"https:\/\/tammetalu.eu\/fi\/wp-json\/wp\/v2\/pages"}],"about":[{"href":"https:\/\/tammetalu.eu\/fi\/wp-json\/wp\/v2\/types\/page"}],"author":[{"embeddable":true,"href":"https:\/\/tammetalu.eu\/fi\/wp-json\/wp\/v2\/users\/1"}],"replies":[{"embeddable":true,"href":"https:\/\/tammetalu.eu\/fi\/wp-json\/wp\/v2\/comments?post=2161"}],"version-history":[{"count":3,"href":"https:\/\/tammetalu.eu\/fi\/wp-json\/wp\/v2\/pages\/2161\/revisions"}],"predecessor-version":[{"id":2167,"href":"https:\/\/tammetalu.eu\/fi\/wp-json\/wp\/v2\/pages\/2161\/revisions\/2167"}],"wp:attachment":[{"href":"https:\/\/tammetalu.eu\/fi\/wp-json\/wp\/v2\/media?parent=2161"}],"curies":[{"name":"wp","href":"https:\/\/api.w.org\/{rel}","templated":true}]}}