{"id":22183,"date":"2024-11-20T18:11:39","date_gmt":"2024-11-20T16:11:39","guid":{"rendered":"https:\/\/tammetalu.eu\/meista\/"},"modified":"2024-11-21T10:15:08","modified_gmt":"2024-11-21T08:15:08","slug":"meista","status":"publish","type":"page","link":"https:\/\/tammetalu.eu\/fi\/meista\/","title":{"rendered":"Meist\u00e4"},"content":{"rendered":"<p>[et_pb_section fb_built=&#8221;1&#8243; _builder_version=&#8221;4.18.0&#8243; _module_preset=&#8221;default&#8221; use_background_color_gradient=&#8221;on&#8221; background_color_gradient_stops=&#8221;rgba(0,0,0,0.36) 0%|rgba(0,0,0,0.11) 100%&#8221; background_color_gradient_overlays_image=&#8221;on&#8221; background_color_gradient_start=&#8221;rgba(0,0,0,0.36)&#8221; background_color_gradient_end=&#8221;rgba(0,0,0,0.11)&#8221; background_image=&#8221;https:\/\/tammetalu.eu\/wp-content\/uploads\/2022\/10\/tammetalu-aug2022-173-scaled.jpg&#8221; height=&#8221;157px&#8221; custom_margin=&#8221;||5px|||&#8221; custom_padding=&#8221;0px||5px|||&#8221; global_colors_info=&#8221;{}&#8221;][\/et_pb_section][et_pb_section fb_built=&#8221;1&#8243; _builder_version=&#8221;4.16&#8243; _module_preset=&#8221;default&#8221; custom_padding=&#8221;||0px|||&#8221; global_colors_info=&#8221;{}&#8221;][et_pb_row _builder_version=&#8221;4.16&#8243; _module_preset=&#8221;default&#8221; custom_padding=&#8221;36px||36px||true|&#8221; global_colors_info=&#8221;{}&#8221;][et_pb_column type=&#8221;4_4&#8243; _builder_version=&#8221;4.16&#8243; _module_preset=&#8221;default&#8221; global_colors_info=&#8221;{}&#8221;][\/et_pb_column][\/et_pb_row][et_pb_row column_structure=&#8221;2_5,3_5&#8243; _builder_version=&#8221;4.16&#8243; _module_preset=&#8221;default&#8221; custom_margin=&#8221;1px|auto|27px|auto|false|&#8221; global_colors_info=&#8221;{}&#8221;][et_pb_column type=&#8221;2_5&#8243; _builder_version=&#8221;4.16&#8243; _module_preset=&#8221;default&#8221; global_colors_info=&#8221;{}&#8221;][et_pb_image src=&#8221;https:\/\/tammetalu.eu\/wp-content\/uploads\/2022\/04\/tammetalu-2-100-scaled.jpg&#8221; title_text=&#8221;tammetalu-2-100&#8243; _builder_version=&#8221;4.16&#8243; _module_preset=&#8221;default&#8221; max_width=&#8221;82%&#8221; global_colors_info=&#8221;{}&#8221;][\/et_pb_image][\/et_pb_column][et_pb_column type=&#8221;3_5&#8243; _builder_version=&#8221;4.16&#8243; _module_preset=&#8221;default&#8221; global_colors_info=&#8221;{}&#8221;][et_pb_text _builder_version=&#8221;4.16&#8243; _module_preset=&#8221;default&#8221; header_font=&#8221;Forum||||||||&#8221; header_font_size=&#8221;41px&#8221; header_letter_spacing=&#8221;1px&#8221; global_colors_info=&#8221;{}&#8221;]<\/p>\n<h1>Meist\u00e4<\/h1>\n<p>[\/et_pb_text][et_pb_text _builder_version=&#8221;4.16&#8243; _module_preset=&#8221;default&#8221; text_font=&#8221;Poppins|300|||||||&#8221; text_text_color=&#8221;#000000&#8243; text_font_size=&#8221;16px&#8221; text_line_height=&#8221;1.8em&#8221; global_colors_info=&#8221;{}&#8221;]<\/p>\n<p>Tammen tilan yrttipuutarha sai alkunsa yhdest\u00e4 pienest\u00e4 basilikan taimesta, jonka ostin kokeilumieless\u00e4 vuonna 2001 opiskellessani R\u00e4pinan puutarhakoulussa. Olin juuri muuttanut maalle enk\u00e4 tiennyt paljoakaan yrttien kasvattamisesta.<\/p>\n<p>Ensimm\u00e4isen\u00e4 kes\u00e4n\u00e4 yksin\u00e4inen basilikan taimi nautti t\u00e4ydest\u00e4 huomiostani ja huolenpidostani, mutta seuraavana vuonna perustin jo useita suuria yrttipenkkej\u00e4. Salaper\u00e4isen yrttien maailman ovi oli auki eik\u00e4 paluuta en\u00e4\u00e4 ollut. Yrttipenkkej\u00e4 ja uusia j\u00e4nnitt\u00e4vi\u00e4 lajikkeita tuli yh\u00e4 lis\u00e4\u00e4.<\/p>\n<p>Pian yrttien rinnalle tulivat reippaat chilit, joiden kasvatusta kokeilin useita vuosia, ennen kuin l\u00f6ysin olosuhteisiimme sopivimmat tuliset lajikkeet.<\/p>\n<p>Aluksi yrtit ja chilit rikastuttivat vain oman perheemme ruokap\u00f6yt\u00e4\u00e4, mutta sitten aloin valmistaa s\u00e4ilykkeit\u00e4, yrttiteen ja yrttisuoloja my\u00f6s myyntiin. Harrastustani saattoi jokutsua perheyritykseksi.<\/p>\n<p>Nyky\u00e4\u00e4n Tammen tilan yrttipuutarhassa kasvaa yli 500 tuoksu-, mauste- ja l\u00e4\u00e4keyrttilajia ja -lajiketta, joiden ihmeelliset v\u00e4rit, huumaavat aromit ja runsaat maut lumoavat puutarhan vierailijat ja maukkaat tuotteet ilahduttavat Tammen tilan vieraita.<\/p>\n<p>[\/et_pb_text][\/et_pb_column][\/et_pb_row][et_pb_row _builder_version=&#8221;4.16&#8243; _module_preset=&#8221;default&#8221; custom_margin=&#8221;1px|auto|2px|auto|false|&#8221; global_colors_info=&#8221;{}&#8221;][et_pb_column type=&#8221;4_4&#8243; _builder_version=&#8221;4.16&#8243; _module_preset=&#8221;default&#8221; global_colors_info=&#8221;{}&#8221;][et_pb_text _builder_version=&#8221;4.16&#8243; _module_preset=&#8221;default&#8221; header_font=&#8221;Forum||||||||&#8221; header_font_size=&#8221;41px&#8221; header_letter_spacing=&#8221;1px&#8221; global_colors_info=&#8221;{}&#8221;]<\/p>\n<h1>Vertaansa vailla olevat makuyhdistelm\u00e4t<\/h1>\n<p>[\/et_pb_text][et_pb_text _builder_version=&#8221;4.18.0&#8243; _module_preset=&#8221;default&#8221; text_font=&#8221;Poppins|300|||||||&#8221; text_text_color=&#8221;#000000&#8243; text_font_size=&#8221;16px&#8221; text_line_height=&#8221;1.8em&#8221; global_colors_info=&#8221;{}&#8221;]<\/p>\n<p>Vuosien mittaan olen hionut Tammen tilan yrttipuutarhan gourmet- ja maustehillojen, marinoitujen chilien, yrtti\u00f6ljyjen,maustesuolojen sek\u00e4 yrtti- ja marjateiden makuja.Ne ovat omaleimaisia, j\u00e4nnitt\u00e4vi\u00e4 ja t\u00e4ysin vastustamattomia.<\/p>\n<p>Riitt\u00e4\u00e4 kun mainitsen ihan vain nimelt\u00e4 muutaman, kuten mansikkahillo basilikalla, vadelmahillo piparmintulla, siiderihyytel\u00f6 chilill\u00e4 tai sipulimauste, niin suu alkaa jo vettym\u00e4\u00e4n ja haluat tiet\u00e4\u00e4, milt\u00e4 ne kaikki oikeasti maistuvat ja mit\u00e4 j\u00e4nnitt\u00e4v\u00e4\u00e4 muuta voimme tarjota sinulle!<\/p>\n<p>N\u00e4it\u00e4 ja kaikkia muita Tammen tilan yrttipuutarhan tuotteita voit ostaa tilalta paikan p\u00e4\u00e4lt\u00e4, verkkokaupastamme sek\u00e4 monista kaupoista ymp\u00e4ri Viroa.<\/p>\n<p>K\u00e4yt\u00e4mme tuotteissamme mauste- ja teeyrttej\u00e4, jotka eiv\u00e4t ole jalostusty\u00f6n tulosta, vaan ovat luonnonlajeja, joita voi erinomaisesti kasvattaa Viron ilmastossa. Kasveissa ovat s\u00e4ilyneet kaikki luonnon antamat makuominaisuudet sellaisina kuin luonto on ne luonut &#8211; villein\u00e4, sitkein\u00e4, elinvoimaisina ja vahvoina.<\/p>\n<p>Emme k\u00e4yt\u00e4 kasviemme kasvatukseen keinolannoitteita tai kasvinsuojeluaineita &#8211; voin ylpe\u00e4n\u00e4 sanoa, ett\u00e4 Tammen tila on tunnustettu luomutuottaja. Pakkauksemme ovat ymp\u00e4rist\u00f6yst\u00e4v\u00e4llisi\u00e4 ja kierr\u00e4tett\u00e4vi\u00e4.<\/p>\n<p>Kuluttaja-asiakkaiden lis\u00e4ksi olemme ajatelleet my\u00f6s yrityksi\u00e4. Tarjoamme liikelahjoiksi j\u00e4nnitt\u00e4vi\u00e4 paketteja erikoiss\u00e4ilykkeist\u00e4 ja muista tuotteista, ja k\u00e4yt\u00e4mme haluttaessa yrityksesi logolla varustettuja etikettej\u00e4 tai pakkauksia. Kysy rohkeasti tarjousta!<\/p>\n<p>[\/et_pb_text][\/et_pb_column][\/et_pb_row][et_pb_row _builder_version=&#8221;4.16&#8243; _module_preset=&#8221;default&#8221; custom_margin=&#8221;1px|auto|110px|auto|false|&#8221; global_colors_info=&#8221;{}&#8221;][et_pb_column type=&#8221;4_4&#8243; _builder_version=&#8221;4.16&#8243; _module_preset=&#8221;default&#8221; global_colors_info=&#8221;{}&#8221;][et_pb_text _builder_version=&#8221;4.16&#8243; _module_preset=&#8221;default&#8221; header_font=&#8221;Forum||||||||&#8221; header_font_size=&#8221;41px&#8221; header_letter_spacing=&#8221;1px&#8221; global_colors_info=&#8221;{}&#8221;]<\/p>\n<h1>Lumoava yrttipuutarha puodin ja kahvilan kera<\/h1>\n<p>[\/et_pb_text][et_pb_text _builder_version=&#8221;4.18.0&#8243; _module_preset=&#8221;default&#8221; text_font=&#8221;Poppins|300|||||||&#8221; text_text_color=&#8221;#000000&#8243; text_font_size=&#8221;16px&#8221; text_line_height=&#8221;1.8em&#8221; global_colors_info=&#8221;{}&#8221;]<\/p>\n<p>Emme pid\u00e4 Tammen tilan yrttipuutarhan taikaa itsell\u00e4mme, vaan jaamme sit\u00e4 mielell\u00e4mme my\u00f6s rakkaille vieraillemme.<\/p>\n<p>Odotamme sinua rehev\u00e4\u00e4n ja v\u00e4rikk\u00e4\u00e4seen puutarhaamme, jotta voisimme esitell\u00e4 sinulle ruukuissa ja penkeiss\u00e4 kasvavia rakkaita suosikkejamme. Kierroksen j\u00e4lkeen tarjoamme sinulle yrttipuutarhan kahvilassa maukasta hyv\u00e4n mielen teet\u00e4 sek\u00e4 yrttipiirakoita ja kutsumme tekem\u00e4\u00e4n ostoksia Tammen tilan yrttipuotiin. T\u00e4\u00e4ll\u00e4 sinua odottaa runsas valikoima tilalla valmistettuja luonnollisia teesekoituksia, juustohilloja, mausteita ja muita j\u00e4nnitt\u00e4vi\u00e4 yrttituotteita.<\/p>\n<p>Saattaa k\u00e4yd\u00e4 niin, ett\u00e4 tuoksurikkaassa puutarhassa k\u00e4vely innostaa sinutkin tutustumaan yrttien maailmaan ja kasvattamaan n\u00e4it\u00e4 erityisi\u00e4 kasveja itse. N\u00e4ill\u00e4 mahtavilla salaisuuksia t\u00e4ynn\u00e4 olevilla kasveilla on jokaisella oma luonteensa ja tahtonsa, puhumattakaan ainutlaatuisista tuoksuista ja mauista, joiden l\u00f6yt\u00e4miseen ei koskaan kyll\u00e4sty.<\/p>\n<p>Meilt\u00e4 saat sek\u00e4 tunnetumpien ett\u00e4 eksoottisten mausteyrttien taimia mukaan. Mutta varoituksen sanana mainittakoon, ett\u00e4 yrttien kasvatus voi olla \u00e4\u00e4rimm\u00e4isen tarttuvaa ja aiheuttaa riippuvuutta!<\/p>\n<p>Satunnaisesta ostoksestani alkanut intohimo ei osoita mit\u00e4\u00e4n hiipumisen merkkej\u00e4. Olen tartuttanut yrttien kasvatuksen sek\u00e4 perheeseeni ett\u00e4 aina iloisiin ty\u00f6ntekij\u00f6ihimme Eeviin, Elviin ja Katriniin. Yhdess\u00e4 huolehdimme kasveista ja puutarhavieraistammesek\u00e4 valmistamme myyntiin erityisen maukkaita Tammen tilan yrttipuutarhan tuotteita.<\/p>\n<p>Maukkaisiin tapaamisiin Tammen tilalla!<br \/>Heli Viedehof<br \/>Tammen tilan yrttipuutarhan em\u00e4nt\u00e4<\/p>\n<p>[\/et_pb_text][\/et_pb_column][\/et_pb_row][\/et_pb_section]<\/p>\n","protected":false},"excerpt":{"rendered":"<p>Meist\u00e4Tammen tilan yrttipuutarha sai alkunsa yhdest\u00e4 pienest\u00e4 basilikan taimesta, jonka ostin kokeilumieless\u00e4 vuonna 2001 opiskellessani R\u00e4pinan puutarhakoulussa. Olin juuri muuttanut maalle enk\u00e4 tiennyt paljoakaan yrttien kasvattamisesta. Ensimm\u00e4isen\u00e4 kes\u00e4n\u00e4 yksin\u00e4inen basilikan taimi nautti t\u00e4ydest\u00e4 huomiostani ja huolenpidostani, mutta seuraavana vuonna perustin jo useita suuria yrttipenkkej\u00e4. Salaper\u00e4isen yrttien maailman ovi oli auki eik\u00e4 paluuta en\u00e4\u00e4 ollut. Yrttipenkkej\u00e4 [&hellip;]<\/p>\n","protected":false},"author":6,"featured_media":0,"parent":0,"menu_order":0,"comment_status":"closed","ping_status":"closed","template":"","meta":{"_acf_changed":false,"_et_pb_use_builder":"on","_et_pb_old_content":"","_et_gb_content_width":"","inline_featured_image":false,"footnotes":""},"class_list":["post-22183","page","type-page","status-publish","hentry"],"acf":[],"yoast_head":"<!-- This site is optimized with the Yoast SEO plugin v27.5 - https:\/\/yoast.com\/product\/yoast-seo-wordpress\/ -->\n<title>Meist\u00e4 - Tamme talu \u00fcrdiaed<\/title>\n<meta name=\"robots\" content=\"index, follow, max-snippet:-1, max-image-preview:large, max-video-preview:-1\" \/>\n<link rel=\"canonical\" href=\"https:\/\/tammetalu.eu\/fi\/meista\/\" \/>\n<meta property=\"og:locale\" content=\"fi_FI\" \/>\n<meta property=\"og:type\" content=\"article\" \/>\n<meta property=\"og:title\" content=\"Meist\u00e4 - Tamme talu \u00fcrdiaed\" \/>\n<meta property=\"og:description\" content=\"Meist\u00e4Tammen tilan yrttipuutarha sai alkunsa yhdest\u00e4 pienest\u00e4 basilikan taimesta, jonka ostin kokeilumieless\u00e4 vuonna 2001 opiskellessani R\u00e4pinan puutarhakoulussa. Olin juuri muuttanut maalle enk\u00e4 tiennyt paljoakaan yrttien kasvattamisesta. Ensimm\u00e4isen\u00e4 kes\u00e4n\u00e4 yksin\u00e4inen basilikan taimi nautti t\u00e4ydest\u00e4 huomiostani ja huolenpidostani, mutta seuraavana vuonna perustin jo useita suuria yrttipenkkej\u00e4. Salaper\u00e4isen yrttien maailman ovi oli auki eik\u00e4 paluuta en\u00e4\u00e4 ollut. Yrttipenkkej\u00e4 [&hellip;]\" \/>\n<meta property=\"og:url\" content=\"https:\/\/tammetalu.eu\/fi\/meista\/\" \/>\n<meta property=\"og:site_name\" content=\"Tamme talu \u00fcrdiaed\" \/>\n<meta property=\"article:publisher\" content=\"https:\/\/www.facebook.com\/TammeTaluUrdiaed\/?locale=et_EE\" \/>\n<meta property=\"article:modified_time\" content=\"2024-11-21T08:15:08+00:00\" \/>\n<meta name=\"twitter:card\" content=\"summary_large_image\" \/>\n<meta name=\"twitter:label1\" content=\"Arvioitu lukuaika\" \/>\n\t<meta name=\"twitter:data1\" content=\"5 minuuttia\" \/>\n<script type=\"application\/ld+json\" class=\"yoast-schema-graph\">{\"@context\":\"https:\\\/\\\/schema.org\",\"@graph\":[{\"@type\":\"WebPage\",\"@id\":\"https:\\\/\\\/tammetalu.eu\\\/fi\\\/meista\\\/\",\"url\":\"https:\\\/\\\/tammetalu.eu\\\/fi\\\/meista\\\/\",\"name\":\"Meist\u00e4 - Tamme talu \u00fcrdiaed\",\"isPartOf\":{\"@id\":\"https:\\\/\\\/tammetalu.eu\\\/#website\"},\"datePublished\":\"2024-11-20T16:11:39+00:00\",\"dateModified\":\"2024-11-21T08:15:08+00:00\",\"breadcrumb\":{\"@id\":\"https:\\\/\\\/tammetalu.eu\\\/fi\\\/meista\\\/#breadcrumb\"},\"inLanguage\":\"fi\",\"potentialAction\":[{\"@type\":\"ReadAction\",\"target\":[\"https:\\\/\\\/tammetalu.eu\\\/fi\\\/meista\\\/\"]}]},{\"@type\":\"BreadcrumbList\",\"@id\":\"https:\\\/\\\/tammetalu.eu\\\/fi\\\/meista\\\/#breadcrumb\",\"itemListElement\":[{\"@type\":\"ListItem\",\"position\":1,\"name\":\"Home\",\"item\":\"https:\\\/\\\/tammetalu.eu\\\/fi\\\/etusivu\\\/\"},{\"@type\":\"ListItem\",\"position\":2,\"name\":\"Meist\u00e4\"}]},{\"@type\":\"WebSite\",\"@id\":\"https:\\\/\\\/tammetalu.eu\\\/#website\",\"url\":\"https:\\\/\\\/tammetalu.eu\\\/\",\"name\":\"Tamme talu \u00fcrdiaed\",\"description\":\"K\u00e4sit\u00f6\u00f6na valmistatud tooted \u00fcrtidest, \u00fcrdiistikud, \u00fcrtide kollektsioonaed\",\"publisher\":{\"@id\":\"https:\\\/\\\/tammetalu.eu\\\/#organization\"},\"alternateName\":\"Tamme talu\",\"potentialAction\":[{\"@type\":\"SearchAction\",\"target\":{\"@type\":\"EntryPoint\",\"urlTemplate\":\"https:\\\/\\\/tammetalu.eu\\\/?s={search_term_string}\"},\"query-input\":{\"@type\":\"PropertyValueSpecification\",\"valueRequired\":true,\"valueName\":\"search_term_string\"}}],\"inLanguage\":\"fi\"},{\"@type\":\"Organization\",\"@id\":\"https:\\\/\\\/tammetalu.eu\\\/#organization\",\"name\":\"Tamme talu \u00fcrdiaed\",\"alternateName\":\"Tamme talu\",\"url\":\"https:\\\/\\\/tammetalu.eu\\\/\",\"logo\":{\"@type\":\"ImageObject\",\"inLanguage\":\"fi\",\"@id\":\"https:\\\/\\\/tammetalu.eu\\\/#\\\/schema\\\/logo\\\/image\\\/\",\"url\":\"https:\\\/\\\/tammetalu.eu\\\/wp-content\\\/uploads\\\/2025\\\/01\\\/Tamme_talu_urdiaed.png\",\"contentUrl\":\"https:\\\/\\\/tammetalu.eu\\\/wp-content\\\/uploads\\\/2025\\\/01\\\/Tamme_talu_urdiaed.png\",\"width\":560,\"height\":560,\"caption\":\"Tamme talu \u00fcrdiaed\"},\"image\":{\"@id\":\"https:\\\/\\\/tammetalu.eu\\\/#\\\/schema\\\/logo\\\/image\\\/\"},\"sameAs\":[\"https:\\\/\\\/www.facebook.com\\\/TammeTaluUrdiaed\\\/?locale=et_EE\",\"https:\\\/\\\/www.instagram.com\\\/tammetaluurdiaed\\\/\"]}]}<\/script>\n<!-- \/ Yoast SEO plugin. -->","yoast_head_json":{"title":"Meist\u00e4 - Tamme talu \u00fcrdiaed","robots":{"index":"index","follow":"follow","max-snippet":"max-snippet:-1","max-image-preview":"max-image-preview:large","max-video-preview":"max-video-preview:-1"},"canonical":"https:\/\/tammetalu.eu\/fi\/meista\/","og_locale":"fi_FI","og_type":"article","og_title":"Meist\u00e4 - Tamme talu \u00fcrdiaed","og_description":"Meist\u00e4Tammen tilan yrttipuutarha sai alkunsa yhdest\u00e4 pienest\u00e4 basilikan taimesta, jonka ostin kokeilumieless\u00e4 vuonna 2001 opiskellessani R\u00e4pinan puutarhakoulussa. Olin juuri muuttanut maalle enk\u00e4 tiennyt paljoakaan yrttien kasvattamisesta. Ensimm\u00e4isen\u00e4 kes\u00e4n\u00e4 yksin\u00e4inen basilikan taimi nautti t\u00e4ydest\u00e4 huomiostani ja huolenpidostani, mutta seuraavana vuonna perustin jo useita suuria yrttipenkkej\u00e4. Salaper\u00e4isen yrttien maailman ovi oli auki eik\u00e4 paluuta en\u00e4\u00e4 ollut. Yrttipenkkej\u00e4 [&hellip;]","og_url":"https:\/\/tammetalu.eu\/fi\/meista\/","og_site_name":"Tamme talu \u00fcrdiaed","article_publisher":"https:\/\/www.facebook.com\/TammeTaluUrdiaed\/?locale=et_EE","article_modified_time":"2024-11-21T08:15:08+00:00","twitter_card":"summary_large_image","twitter_misc":{"Arvioitu lukuaika":"5 minuuttia"},"schema":{"@context":"https:\/\/schema.org","@graph":[{"@type":"WebPage","@id":"https:\/\/tammetalu.eu\/fi\/meista\/","url":"https:\/\/tammetalu.eu\/fi\/meista\/","name":"Meist\u00e4 - Tamme talu \u00fcrdiaed","isPartOf":{"@id":"https:\/\/tammetalu.eu\/#website"},"datePublished":"2024-11-20T16:11:39+00:00","dateModified":"2024-11-21T08:15:08+00:00","breadcrumb":{"@id":"https:\/\/tammetalu.eu\/fi\/meista\/#breadcrumb"},"inLanguage":"fi","potentialAction":[{"@type":"ReadAction","target":["https:\/\/tammetalu.eu\/fi\/meista\/"]}]},{"@type":"BreadcrumbList","@id":"https:\/\/tammetalu.eu\/fi\/meista\/#breadcrumb","itemListElement":[{"@type":"ListItem","position":1,"name":"Home","item":"https:\/\/tammetalu.eu\/fi\/etusivu\/"},{"@type":"ListItem","position":2,"name":"Meist\u00e4"}]},{"@type":"WebSite","@id":"https:\/\/tammetalu.eu\/#website","url":"https:\/\/tammetalu.eu\/","name":"Tamme talu \u00fcrdiaed","description":"K\u00e4sit\u00f6\u00f6na valmistatud tooted \u00fcrtidest, \u00fcrdiistikud, \u00fcrtide kollektsioonaed","publisher":{"@id":"https:\/\/tammetalu.eu\/#organization"},"alternateName":"Tamme talu","potentialAction":[{"@type":"SearchAction","target":{"@type":"EntryPoint","urlTemplate":"https:\/\/tammetalu.eu\/?s={search_term_string}"},"query-input":{"@type":"PropertyValueSpecification","valueRequired":true,"valueName":"search_term_string"}}],"inLanguage":"fi"},{"@type":"Organization","@id":"https:\/\/tammetalu.eu\/#organization","name":"Tamme talu \u00fcrdiaed","alternateName":"Tamme talu","url":"https:\/\/tammetalu.eu\/","logo":{"@type":"ImageObject","inLanguage":"fi","@id":"https:\/\/tammetalu.eu\/#\/schema\/logo\/image\/","url":"https:\/\/tammetalu.eu\/wp-content\/uploads\/2025\/01\/Tamme_talu_urdiaed.png","contentUrl":"https:\/\/tammetalu.eu\/wp-content\/uploads\/2025\/01\/Tamme_talu_urdiaed.png","width":560,"height":560,"caption":"Tamme talu \u00fcrdiaed"},"image":{"@id":"https:\/\/tammetalu.eu\/#\/schema\/logo\/image\/"},"sameAs":["https:\/\/www.facebook.com\/TammeTaluUrdiaed\/?locale=et_EE","https:\/\/www.instagram.com\/tammetaluurdiaed\/"]}]}},"_links":{"self":[{"href":"https:\/\/tammetalu.eu\/fi\/wp-json\/wp\/v2\/pages\/22183","targetHints":{"allow":["GET"]}}],"collection":[{"href":"https:\/\/tammetalu.eu\/fi\/wp-json\/wp\/v2\/pages"}],"about":[{"href":"https:\/\/tammetalu.eu\/fi\/wp-json\/wp\/v2\/types\/page"}],"author":[{"embeddable":true,"href":"https:\/\/tammetalu.eu\/fi\/wp-json\/wp\/v2\/users\/6"}],"replies":[{"embeddable":true,"href":"https:\/\/tammetalu.eu\/fi\/wp-json\/wp\/v2\/comments?post=22183"}],"version-history":[{"count":4,"href":"https:\/\/tammetalu.eu\/fi\/wp-json\/wp\/v2\/pages\/22183\/revisions"}],"predecessor-version":[{"id":22230,"href":"https:\/\/tammetalu.eu\/fi\/wp-json\/wp\/v2\/pages\/22183\/revisions\/22230"}],"wp:attachment":[{"href":"https:\/\/tammetalu.eu\/fi\/wp-json\/wp\/v2\/media?parent=22183"}],"curies":[{"name":"wp","href":"https:\/\/api.w.org\/{rel}","templated":true}]}}