{"id":22193,"date":"2024-11-20T18:30:29","date_gmt":"2024-11-20T16:30:29","guid":{"rendered":"https:\/\/tammetalu.eu\/ota-yhteytta\/"},"modified":"2024-11-20T18:30:30","modified_gmt":"2024-11-20T16:30:30","slug":"ota-yhteytta","status":"publish","type":"page","link":"https:\/\/tammetalu.eu\/fi\/ota-yhteytta\/","title":{"rendered":"Ota yhteytt\u00e4"},"content":{"rendered":"<p>[et_pb_section fb_built=&#8221;1&#8243; _builder_version=&#8221;4.16&#8243; _module_preset=&#8221;default&#8221; use_background_color_gradient=&#8221;on&#8221; background_color_gradient_stops=&#8221;rgba(0,0,0,0.15) 0%|rgba(0,0,0,0.27) 100%&#8221; background_color_gradient_overlays_image=&#8221;on&#8221; background_color_gradient_start=&#8221;rgba(0,0,0,0.15)&#8221; background_color_gradient_end=&#8221;rgba(0,0,0,0.27)&#8221; background_image=&#8221;https:\/\/tammetalu.eu\/wp-content\/uploads\/2022\/04\/DSC4613.jpg&#8221; height=&#8221;193px&#8221; global_colors_info=&#8221;{}&#8221;][\/et_pb_section][et_pb_section fb_built=&#8221;1&#8243; _builder_version=&#8221;4.16&#8243; _module_preset=&#8221;default&#8221; global_colors_info=&#8221;{}&#8221;][et_pb_row _builder_version=&#8221;4.16&#8243; _module_preset=&#8221;default&#8221; custom_margin=&#8221;61px|auto||auto||&#8221; global_colors_info=&#8221;{}&#8221;][et_pb_column type=&#8221;4_4&#8243; _builder_version=&#8221;4.16&#8243; _module_preset=&#8221;default&#8221; global_colors_info=&#8221;{}&#8221;][et_pb_text _builder_version=&#8221;4.16&#8243; _module_preset=&#8221;default&#8221; header_font=&#8221;Forum||||||||&#8221; header_3_font=&#8221;Forum||||||||&#8221; header_3_font_size=&#8221;41px&#8221; custom_padding=&#8221;||0px|||&#8221; global_colors_info=&#8221;{}&#8221;]<\/p>\n<h3>Ota yhteytt\u00e4<\/h3>\n<p>&nbsp;<\/p>\n<p>[\/et_pb_text][\/et_pb_column][\/et_pb_row][et_pb_row column_structure=&#8221;1_2,1_2&#8243; _builder_version=&#8221;4.16&#8243; _module_preset=&#8221;default&#8221; custom_padding=&#8221;4px||||false|false&#8221; global_colors_info=&#8221;{}&#8221;][et_pb_column type=&#8221;1_2&#8243; _builder_version=&#8221;4.16&#8243; _module_preset=&#8221;default&#8221; global_colors_info=&#8221;{}&#8221;][et_pb_text _builder_version=&#8221;4.27.0&#8243; _module_preset=&#8221;default&#8221; text_font=&#8221;Poppins|300|||||||&#8221; text_text_color=&#8221;#000000&#8243; text_font_size=&#8221;18px&#8221; text_line_height=&#8221;2.1em&#8221; header_3_font=&#8221;Forum||||||||&#8221; header_3_font_size=&#8221;41px&#8221; global_colors_info=&#8221;{}&#8221;]<\/p>\n<h3>Tammen Tilan Yrttipuutarha ja tuotanto<\/h3>\n<p>Tamme, Maldan kyl\u00e4, P\u00e4rnu, P\u00e4rnumaa, 88314<\/p>\n<h3>Vierailutiedot<\/h3>\n<p>Odotamme sinua vierailulle toukokuusta lokakuuhun ma-pe 8.00-15.00. Olemme suljettu juhlapyhin\u00e4.<\/p>\n<p>Jos haluat vierailla normaalien aukioloaikojen ulkopuolella tai viikonloppuna, ilmoitathan tulostasi etuk\u00e4teen puhelimitse +372 5625 3075.<\/p>\n<h3>Kontaktit<\/h3>\n<p><strong>Heli Viedehof &#8211; <\/strong>Tilan vierailun varaaminen, kasvien kasvatus<br \/>+372 5625 3075<br \/><a href=\"mailto:tamme.aiandustalu@gmail.com\">tamme.aiandustalu@gmail.com<\/a><\/p>\n<p style=\"text-align: left;\"><strong>Elisabeth Viedehof &#8211; <\/strong>myynti, markkinointi, verkkokauppa<br \/>+372 5669 7664<br \/><a href=\"mailto:Mailto%20herbs.elisabeth@gmail.com\">herbs.elisabeth@gmail.com<\/a><\/p>\n<h4>\u00a0<\/h4>\n<h4>Herbs O\u00dc nykyinen tili<\/h4>\n<p>EE722200221069679578 Swedbank AS<\/p>\n<p>Seuraa tekemisi\u00e4mme sosiaalisessa mediassa<\/p>\n<ul>\n<li><a href=\"https:\/\/www.facebook.com\/TammeTaluUrdiaed\/\" target=\"_blank\" rel=\"noopener\">Facebook<\/a><\/li>\n<li><a href=\"https:\/\/www.instagram.com\/tammetalu\/?hl=en\">Instagram<\/a><\/li>\n<\/ul>\n<p>[\/et_pb_text][\/et_pb_column][et_pb_column type=&#8221;1_2&#8243; _builder_version=&#8221;4.16&#8243; _module_preset=&#8221;default&#8221; global_colors_info=&#8221;{}&#8221;][et_pb_code _builder_version=&#8221;4.16&#8243; _module_preset=&#8221;default&#8221; global_colors_info=&#8221;{}&#8221;]<iframe src=\"https:\/\/www.google.com\/maps\/embed?pb=!1m14!1m8!1m3!1d8350.996835403534!2d24.3210209!3d58.4481976!3m2!1i1024!2i768!4f13.1!3m3!1m2!1s0x0%3A0x8786acfe8cfb62b7!2sTamme%20talu%20%C3%BCrdiaed!5e0!3m2!1sen!2see!4v1655706385141!5m2!1sen!2see\" width=\"600\" height=\"450\" style=\"border:0;\" allowfullscreen=\"\" loading=\"lazy\" referrerpolicy=\"no-referrer-when-downgrade\"><\/iframe>[\/et_pb_code][\/et_pb_column][\/et_pb_row][\/et_pb_section]<\/p>\n","protected":false},"excerpt":{"rendered":"<p>Ota yhteytt\u00e4 &nbsp;Tammen Tilan Yrttipuutarha ja tuotanto Tamme, Maldan kyl\u00e4, P\u00e4rnu, P\u00e4rnumaa, 88314 Vierailutiedot Odotamme sinua vierailulle toukokuusta lokakuuhun ma-pe 8.00-15.00. Olemme suljettu juhlapyhin\u00e4. Jos haluat vierailla normaalien aukioloaikojen ulkopuolella tai viikonloppuna, ilmoitathan tulostasi etuk\u00e4teen puhelimitse +372 5625 3075. Kontaktit Heli Viedehof &#8211; Tilan vierailun varaaminen, kasvien kasvatus+372 5625 3075tamme.aiandustalu@gmail.com Elisabeth Viedehof &#8211; myynti, markkinointi, [&hellip;]<\/p>\n","protected":false},"author":1,"featured_media":0,"parent":0,"menu_order":19,"comment_status":"closed","ping_status":"closed","template":"","meta":{"_acf_changed":false,"_et_pb_use_builder":"on","_et_pb_old_content":"","_et_gb_content_width":"","inline_featured_image":false,"footnotes":""},"class_list":["post-22193","page","type-page","status-publish","hentry"],"acf":[],"yoast_head":"<!-- This site is optimized with the Yoast SEO plugin v27.5 - https:\/\/yoast.com\/product\/yoast-seo-wordpress\/ -->\n<title>Ota yhteytt\u00e4 - Tamme talu \u00fcrdiaed<\/title>\n<meta name=\"robots\" content=\"index, follow, max-snippet:-1, max-image-preview:large, max-video-preview:-1\" \/>\n<link rel=\"canonical\" href=\"https:\/\/tammetalu.eu\/fi\/ota-yhteytta\/\" \/>\n<meta property=\"og:locale\" content=\"fi_FI\" \/>\n<meta property=\"og:type\" content=\"article\" \/>\n<meta property=\"og:title\" content=\"Ota yhteytt\u00e4 - Tamme talu \u00fcrdiaed\" \/>\n<meta property=\"og:description\" content=\"Ota yhteytt\u00e4 &nbsp;Tammen Tilan Yrttipuutarha ja tuotanto Tamme, Maldan kyl\u00e4, P\u00e4rnu, P\u00e4rnumaa, 88314 Vierailutiedot Odotamme sinua vierailulle toukokuusta lokakuuhun ma-pe 8.00-15.00. Olemme suljettu juhlapyhin\u00e4. Jos haluat vierailla normaalien aukioloaikojen ulkopuolella tai viikonloppuna, ilmoitathan tulostasi etuk\u00e4teen puhelimitse +372 5625 3075. Kontaktit Heli Viedehof - Tilan vierailun varaaminen, kasvien kasvatus+372 5625 3075tamme.aiandustalu@gmail.com Elisabeth Viedehof - myynti, markkinointi, [&hellip;]\" \/>\n<meta property=\"og:url\" content=\"https:\/\/tammetalu.eu\/fi\/ota-yhteytta\/\" \/>\n<meta property=\"og:site_name\" content=\"Tamme talu \u00fcrdiaed\" \/>\n<meta property=\"article:publisher\" content=\"https:\/\/www.facebook.com\/TammeTaluUrdiaed\/?locale=et_EE\" \/>\n<meta property=\"article:modified_time\" content=\"2024-11-20T16:30:30+00:00\" \/>\n<meta name=\"twitter:card\" content=\"summary_large_image\" \/>\n<meta name=\"twitter:label1\" content=\"Arvioitu lukuaika\" \/>\n\t<meta name=\"twitter:data1\" content=\"2 minuuttia\" \/>\n<script type=\"application\/ld+json\" class=\"yoast-schema-graph\">{\"@context\":\"https:\\\/\\\/schema.org\",\"@graph\":[{\"@type\":\"WebPage\",\"@id\":\"https:\\\/\\\/tammetalu.eu\\\/fi\\\/ota-yhteytta\\\/\",\"url\":\"https:\\\/\\\/tammetalu.eu\\\/fi\\\/ota-yhteytta\\\/\",\"name\":\"Ota yhteytt\u00e4 - Tamme talu \u00fcrdiaed\",\"isPartOf\":{\"@id\":\"https:\\\/\\\/tammetalu.eu\\\/#website\"},\"datePublished\":\"2024-11-20T16:30:29+00:00\",\"dateModified\":\"2024-11-20T16:30:30+00:00\",\"breadcrumb\":{\"@id\":\"https:\\\/\\\/tammetalu.eu\\\/fi\\\/ota-yhteytta\\\/#breadcrumb\"},\"inLanguage\":\"fi\",\"potentialAction\":[{\"@type\":\"ReadAction\",\"target\":[\"https:\\\/\\\/tammetalu.eu\\\/fi\\\/ota-yhteytta\\\/\"]}]},{\"@type\":\"BreadcrumbList\",\"@id\":\"https:\\\/\\\/tammetalu.eu\\\/fi\\\/ota-yhteytta\\\/#breadcrumb\",\"itemListElement\":[{\"@type\":\"ListItem\",\"position\":1,\"name\":\"Home\",\"item\":\"https:\\\/\\\/tammetalu.eu\\\/fi\\\/etusivu\\\/\"},{\"@type\":\"ListItem\",\"position\":2,\"name\":\"Ota yhteytt\u00e4\"}]},{\"@type\":\"WebSite\",\"@id\":\"https:\\\/\\\/tammetalu.eu\\\/#website\",\"url\":\"https:\\\/\\\/tammetalu.eu\\\/\",\"name\":\"Tamme talu \u00fcrdiaed\",\"description\":\"K\u00e4sit\u00f6\u00f6na valmistatud tooted \u00fcrtidest, \u00fcrdiistikud, \u00fcrtide kollektsioonaed\",\"publisher\":{\"@id\":\"https:\\\/\\\/tammetalu.eu\\\/#organization\"},\"alternateName\":\"Tamme talu\",\"potentialAction\":[{\"@type\":\"SearchAction\",\"target\":{\"@type\":\"EntryPoint\",\"urlTemplate\":\"https:\\\/\\\/tammetalu.eu\\\/?s={search_term_string}\"},\"query-input\":{\"@type\":\"PropertyValueSpecification\",\"valueRequired\":true,\"valueName\":\"search_term_string\"}}],\"inLanguage\":\"fi\"},{\"@type\":\"Organization\",\"@id\":\"https:\\\/\\\/tammetalu.eu\\\/#organization\",\"name\":\"Tamme talu \u00fcrdiaed\",\"alternateName\":\"Tamme talu\",\"url\":\"https:\\\/\\\/tammetalu.eu\\\/\",\"logo\":{\"@type\":\"ImageObject\",\"inLanguage\":\"fi\",\"@id\":\"https:\\\/\\\/tammetalu.eu\\\/#\\\/schema\\\/logo\\\/image\\\/\",\"url\":\"https:\\\/\\\/tammetalu.eu\\\/wp-content\\\/uploads\\\/2025\\\/01\\\/Tamme_talu_urdiaed.png\",\"contentUrl\":\"https:\\\/\\\/tammetalu.eu\\\/wp-content\\\/uploads\\\/2025\\\/01\\\/Tamme_talu_urdiaed.png\",\"width\":560,\"height\":560,\"caption\":\"Tamme talu \u00fcrdiaed\"},\"image\":{\"@id\":\"https:\\\/\\\/tammetalu.eu\\\/#\\\/schema\\\/logo\\\/image\\\/\"},\"sameAs\":[\"https:\\\/\\\/www.facebook.com\\\/TammeTaluUrdiaed\\\/?locale=et_EE\",\"https:\\\/\\\/www.instagram.com\\\/tammetaluurdiaed\\\/\"]}]}<\/script>\n<!-- \/ Yoast SEO plugin. -->","yoast_head_json":{"title":"Ota yhteytt\u00e4 - Tamme talu \u00fcrdiaed","robots":{"index":"index","follow":"follow","max-snippet":"max-snippet:-1","max-image-preview":"max-image-preview:large","max-video-preview":"max-video-preview:-1"},"canonical":"https:\/\/tammetalu.eu\/fi\/ota-yhteytta\/","og_locale":"fi_FI","og_type":"article","og_title":"Ota yhteytt\u00e4 - Tamme talu \u00fcrdiaed","og_description":"Ota yhteytt\u00e4 &nbsp;Tammen Tilan Yrttipuutarha ja tuotanto Tamme, Maldan kyl\u00e4, P\u00e4rnu, P\u00e4rnumaa, 88314 Vierailutiedot Odotamme sinua vierailulle toukokuusta lokakuuhun ma-pe 8.00-15.00. Olemme suljettu juhlapyhin\u00e4. Jos haluat vierailla normaalien aukioloaikojen ulkopuolella tai viikonloppuna, ilmoitathan tulostasi etuk\u00e4teen puhelimitse +372 5625 3075. Kontaktit Heli Viedehof - Tilan vierailun varaaminen, kasvien kasvatus+372 5625 3075tamme.aiandustalu@gmail.com Elisabeth Viedehof - myynti, markkinointi, [&hellip;]","og_url":"https:\/\/tammetalu.eu\/fi\/ota-yhteytta\/","og_site_name":"Tamme talu \u00fcrdiaed","article_publisher":"https:\/\/www.facebook.com\/TammeTaluUrdiaed\/?locale=et_EE","article_modified_time":"2024-11-20T16:30:30+00:00","twitter_card":"summary_large_image","twitter_misc":{"Arvioitu lukuaika":"2 minuuttia"},"schema":{"@context":"https:\/\/schema.org","@graph":[{"@type":"WebPage","@id":"https:\/\/tammetalu.eu\/fi\/ota-yhteytta\/","url":"https:\/\/tammetalu.eu\/fi\/ota-yhteytta\/","name":"Ota yhteytt\u00e4 - Tamme talu \u00fcrdiaed","isPartOf":{"@id":"https:\/\/tammetalu.eu\/#website"},"datePublished":"2024-11-20T16:30:29+00:00","dateModified":"2024-11-20T16:30:30+00:00","breadcrumb":{"@id":"https:\/\/tammetalu.eu\/fi\/ota-yhteytta\/#breadcrumb"},"inLanguage":"fi","potentialAction":[{"@type":"ReadAction","target":["https:\/\/tammetalu.eu\/fi\/ota-yhteytta\/"]}]},{"@type":"BreadcrumbList","@id":"https:\/\/tammetalu.eu\/fi\/ota-yhteytta\/#breadcrumb","itemListElement":[{"@type":"ListItem","position":1,"name":"Home","item":"https:\/\/tammetalu.eu\/fi\/etusivu\/"},{"@type":"ListItem","position":2,"name":"Ota yhteytt\u00e4"}]},{"@type":"WebSite","@id":"https:\/\/tammetalu.eu\/#website","url":"https:\/\/tammetalu.eu\/","name":"Tamme talu \u00fcrdiaed","description":"K\u00e4sit\u00f6\u00f6na valmistatud tooted \u00fcrtidest, \u00fcrdiistikud, \u00fcrtide kollektsioonaed","publisher":{"@id":"https:\/\/tammetalu.eu\/#organization"},"alternateName":"Tamme talu","potentialAction":[{"@type":"SearchAction","target":{"@type":"EntryPoint","urlTemplate":"https:\/\/tammetalu.eu\/?s={search_term_string}"},"query-input":{"@type":"PropertyValueSpecification","valueRequired":true,"valueName":"search_term_string"}}],"inLanguage":"fi"},{"@type":"Organization","@id":"https:\/\/tammetalu.eu\/#organization","name":"Tamme talu \u00fcrdiaed","alternateName":"Tamme talu","url":"https:\/\/tammetalu.eu\/","logo":{"@type":"ImageObject","inLanguage":"fi","@id":"https:\/\/tammetalu.eu\/#\/schema\/logo\/image\/","url":"https:\/\/tammetalu.eu\/wp-content\/uploads\/2025\/01\/Tamme_talu_urdiaed.png","contentUrl":"https:\/\/tammetalu.eu\/wp-content\/uploads\/2025\/01\/Tamme_talu_urdiaed.png","width":560,"height":560,"caption":"Tamme talu \u00fcrdiaed"},"image":{"@id":"https:\/\/tammetalu.eu\/#\/schema\/logo\/image\/"},"sameAs":["https:\/\/www.facebook.com\/TammeTaluUrdiaed\/?locale=et_EE","https:\/\/www.instagram.com\/tammetaluurdiaed\/"]}]}},"_links":{"self":[{"href":"https:\/\/tammetalu.eu\/fi\/wp-json\/wp\/v2\/pages\/22193","targetHints":{"allow":["GET"]}}],"collection":[{"href":"https:\/\/tammetalu.eu\/fi\/wp-json\/wp\/v2\/pages"}],"about":[{"href":"https:\/\/tammetalu.eu\/fi\/wp-json\/wp\/v2\/types\/page"}],"author":[{"embeddable":true,"href":"https:\/\/tammetalu.eu\/fi\/wp-json\/wp\/v2\/users\/1"}],"replies":[{"embeddable":true,"href":"https:\/\/tammetalu.eu\/fi\/wp-json\/wp\/v2\/comments?post=22193"}],"version-history":[{"count":2,"href":"https:\/\/tammetalu.eu\/fi\/wp-json\/wp\/v2\/pages\/22193\/revisions"}],"predecessor-version":[{"id":22195,"href":"https:\/\/tammetalu.eu\/fi\/wp-json\/wp\/v2\/pages\/22193\/revisions\/22195"}],"wp:attachment":[{"href":"https:\/\/tammetalu.eu\/fi\/wp-json\/wp\/v2\/media?parent=22193"}],"curies":[{"name":"wp","href":"https:\/\/api.w.org\/{rel}","templated":true}]}}