{"id":15318,"date":"2022-08-09T09:02:42","date_gmt":"2022-08-09T06:02:42","guid":{"rendered":"https:\/\/tammetalu.eu?post_type=product&#038;p=15318"},"modified":"2024-11-10T05:08:39","modified_gmt":"2024-11-10T03:08:39","slug":"urdisool-kalale-85g","status":"publish","type":"product","link":"https:\/\/tammetalu.eu\/fi\/toode\/urdisool-kalale-85g\/","title":{"rendered":"\u00dcrdisool kalale 85g"},"content":{"rendered":"","protected":false},"excerpt":{"rendered":"<p>35,76 \u20ac\/kg<\/p>\n<p>\u00dcrdisool kalale muudab erinevad kalaroad t\u00f5eliselt maitsekaks. Lisa maitseaine nii valgele kui ka punasele kalale. Anna maitset kalasuppidele, kastmetele ning isegi k\u00f6\u00f6giviljadele. Kui teed ahjukala, siis raputa maitseaine lihtsalt kala peale ning pane ahju. Soovi korral v\u00f5id m\u00e4ssida ka fooliumisse koos v\u00f5i t\u00fckkidega. Tulemuseks on eriti maitsekas, h\u00f5rk ja mahlane kala.<\/p>\n<p>Koostisosad: meresool (48%), till, petersell, porrulauk, piparrohi.<\/p>\n<p>Kui\u00a0esimene purk\u00a0on otsa l\u00f5ppenud, soovitame tellida\u00a0<span style=\"color: #008000;\"><strong><a style=\"color: #008000;\" href=\"https:\/\/tammetalu.eu\/toode\/taitepakend-urdisool-kalale-250g\/\">t\u00e4itepakendi<\/a><\/strong><\/span>, et purki taast\u00e4ita. Selliselt kulub v\u00e4hem pakendit ja hoiad loodust. Lisaks on soodsam hind.<\/p>\n","protected":false},"featured_media":15381,"template":"","meta":{"_acf_changed":false,"_et_pb_use_builder":"","_et_pb_old_content":"","_et_gb_content_width":"","inline_featured_image":false},"product_brand":[],"product_cat":[177],"product_tag":[67],"class_list":{"0":"post-15318","1":"product","2":"type-product","3":"status-publish","4":"has-post-thumbnail","6":"product_cat-urdisoolad","7":"product_tag-urdisoolad","9":"first","10":"instock","11":"taxable","12":"shipping-taxable","13":"purchasable","14":"product-type-simple"},"acf":[],"yoast_head":"<!-- This site is optimized with the Yoast SEO plugin v27.5 - https:\/\/yoast.com\/product\/yoast-seo-wordpress\/ -->\n<title>\u00dcrdisool kalale - \u00dcrdisoolad ja \u00fcrdisegud Tamme talu \u00fcrdiaiast<\/title>\n<meta name=\"description\" content=\"\u00dcrdisool kalale muudab erinevad kalaroad t\u00f5eliselt maitsekaks. Kasuta nii punase kui ka valge kala maitsestamiseks. Telli mugavalt Tamme talu e-poest!\" \/>\n<meta name=\"robots\" content=\"index, follow, max-snippet:-1, max-image-preview:large, max-video-preview:-1\" \/>\n<link rel=\"canonical\" href=\"https:\/\/tammetalu.eu\/toode\/urdisool-kalale-85g\/\" \/>\n<meta property=\"og:locale\" content=\"fi_FI\" \/>\n<meta property=\"og:type\" content=\"article\" \/>\n<meta property=\"og:title\" content=\"\u00dcrdisool kalale - \u00dcrdisoolad ja \u00fcrdisegud Tamme talu \u00fcrdiaiast\" \/>\n<meta property=\"og:description\" content=\"\u00dcrdisool kalale muudab erinevad kalaroad t\u00f5eliselt maitsekaks. Kasuta nii punase kui ka valge kala maitsestamiseks. Telli mugavalt Tamme talu e-poest!\" \/>\n<meta property=\"og:url\" content=\"https:\/\/tammetalu.eu\/toode\/urdisool-kalale-85g\/\" \/>\n<meta property=\"og:site_name\" content=\"Tamme talu \u00fcrdiaed\" \/>\n<meta property=\"article:publisher\" content=\"https:\/\/www.facebook.com\/TammeTaluUrdiaed\/?locale=et_EE\" \/>\n<meta property=\"article:modified_time\" content=\"2024-11-10T03:08:39+00:00\" \/>\n<meta property=\"og:image\" content=\"https:\/\/tammetalu.eu\/wp-content\/uploads\/2022\/08\/Urdisool_kalale-6.jpg\" \/>\n\t<meta property=\"og:image:width\" content=\"960\" \/>\n\t<meta property=\"og:image:height\" content=\"960\" \/>\n\t<meta property=\"og:image:type\" content=\"image\/jpeg\" \/>\n<meta name=\"twitter:card\" content=\"summary_large_image\" \/>\n<meta name=\"twitter:label1\" content=\"Arvioitu lukuaika\" \/>\n\t<meta name=\"twitter:data1\" content=\"1 minuutti\" \/>\n<script type=\"application\/ld+json\" class=\"yoast-schema-graph\">{\"@context\":\"https:\\\/\\\/schema.org\",\"@graph\":[{\"@type\":\"WebPage\",\"@id\":\"https:\\\/\\\/tammetalu.eu\\\/toode\\\/urdisool-kalale-85g\\\/\",\"url\":\"https:\\\/\\\/tammetalu.eu\\\/toode\\\/urdisool-kalale-85g\\\/\",\"name\":\"\u00dcrdisool kalale - \u00dcrdisoolad ja \u00fcrdisegud Tamme talu \u00fcrdiaiast\",\"isPartOf\":{\"@id\":\"https:\\\/\\\/tammetalu.eu\\\/#website\"},\"primaryImageOfPage\":{\"@id\":\"https:\\\/\\\/tammetalu.eu\\\/toode\\\/urdisool-kalale-85g\\\/#primaryimage\"},\"image\":{\"@id\":\"https:\\\/\\\/tammetalu.eu\\\/toode\\\/urdisool-kalale-85g\\\/#primaryimage\"},\"thumbnailUrl\":\"https:\\\/\\\/tammetalu.eu\\\/wp-content\\\/uploads\\\/2022\\\/08\\\/Urdisool_kalale-6.jpg\",\"datePublished\":\"2022-08-09T06:02:42+00:00\",\"dateModified\":\"2024-11-10T03:08:39+00:00\",\"description\":\"\u00dcrdisool kalale muudab erinevad kalaroad t\u00f5eliselt maitsekaks. Kasuta nii punase kui ka valge kala maitsestamiseks. Telli mugavalt Tamme talu e-poest!\",\"breadcrumb\":{\"@id\":\"https:\\\/\\\/tammetalu.eu\\\/toode\\\/urdisool-kalale-85g\\\/#breadcrumb\"},\"inLanguage\":\"fi\",\"potentialAction\":[{\"@type\":\"ReadAction\",\"target\":[\"https:\\\/\\\/tammetalu.eu\\\/toode\\\/urdisool-kalale-85g\\\/\"]}]},{\"@type\":\"ImageObject\",\"inLanguage\":\"fi\",\"@id\":\"https:\\\/\\\/tammetalu.eu\\\/toode\\\/urdisool-kalale-85g\\\/#primaryimage\",\"url\":\"https:\\\/\\\/tammetalu.eu\\\/wp-content\\\/uploads\\\/2022\\\/08\\\/Urdisool_kalale-6.jpg\",\"contentUrl\":\"https:\\\/\\\/tammetalu.eu\\\/wp-content\\\/uploads\\\/2022\\\/08\\\/Urdisool_kalale-6.jpg\",\"width\":960,\"height\":960},{\"@type\":\"BreadcrumbList\",\"@id\":\"https:\\\/\\\/tammetalu.eu\\\/toode\\\/urdisool-kalale-85g\\\/#breadcrumb\",\"itemListElement\":[{\"@type\":\"ListItem\",\"position\":1,\"name\":\"Home\",\"item\":\"https:\\\/\\\/tammetalu.eu\\\/fi\\\/etusivu\\\/\"},{\"@type\":\"ListItem\",\"position\":2,\"name\":\"Kaikki tuotteet\",\"item\":\"https:\\\/\\\/tammetalu.eu\\\/fi\\\/kaikki-tuotteet\\\/\"},{\"@type\":\"ListItem\",\"position\":3,\"name\":\"\u00dcrdisool kalale 85g\"}]},{\"@type\":\"WebSite\",\"@id\":\"https:\\\/\\\/tammetalu.eu\\\/#website\",\"url\":\"https:\\\/\\\/tammetalu.eu\\\/\",\"name\":\"Tamme talu \u00fcrdiaed\",\"description\":\"K\u00e4sit\u00f6\u00f6na valmistatud tooted \u00fcrtidest, \u00fcrdiistikud, \u00fcrtide kollektsioonaed\",\"publisher\":{\"@id\":\"https:\\\/\\\/tammetalu.eu\\\/#organization\"},\"alternateName\":\"Tamme talu\",\"potentialAction\":[{\"@type\":\"SearchAction\",\"target\":{\"@type\":\"EntryPoint\",\"urlTemplate\":\"https:\\\/\\\/tammetalu.eu\\\/?s={search_term_string}\"},\"query-input\":{\"@type\":\"PropertyValueSpecification\",\"valueRequired\":true,\"valueName\":\"search_term_string\"}}],\"inLanguage\":\"fi\"},{\"@type\":\"Organization\",\"@id\":\"https:\\\/\\\/tammetalu.eu\\\/#organization\",\"name\":\"Tamme talu \u00fcrdiaed\",\"alternateName\":\"Tamme talu\",\"url\":\"https:\\\/\\\/tammetalu.eu\\\/\",\"logo\":{\"@type\":\"ImageObject\",\"inLanguage\":\"fi\",\"@id\":\"https:\\\/\\\/tammetalu.eu\\\/#\\\/schema\\\/logo\\\/image\\\/\",\"url\":\"https:\\\/\\\/tammetalu.eu\\\/wp-content\\\/uploads\\\/2025\\\/01\\\/Tamme_talu_urdiaed.png\",\"contentUrl\":\"https:\\\/\\\/tammetalu.eu\\\/wp-content\\\/uploads\\\/2025\\\/01\\\/Tamme_talu_urdiaed.png\",\"width\":560,\"height\":560,\"caption\":\"Tamme talu \u00fcrdiaed\"},\"image\":{\"@id\":\"https:\\\/\\\/tammetalu.eu\\\/#\\\/schema\\\/logo\\\/image\\\/\"},\"sameAs\":[\"https:\\\/\\\/www.facebook.com\\\/TammeTaluUrdiaed\\\/?locale=et_EE\",\"https:\\\/\\\/www.instagram.com\\\/tammetaluurdiaed\\\/\"]}]}<\/script>\n<!-- \/ Yoast SEO plugin. -->","yoast_head_json":{"title":"\u00dcrdisool kalale - \u00dcrdisoolad ja \u00fcrdisegud Tamme talu \u00fcrdiaiast","description":"\u00dcrdisool kalale muudab erinevad kalaroad t\u00f5eliselt maitsekaks. Kasuta nii punase kui ka valge kala maitsestamiseks. Telli mugavalt Tamme talu e-poest!","robots":{"index":"index","follow":"follow","max-snippet":"max-snippet:-1","max-image-preview":"max-image-preview:large","max-video-preview":"max-video-preview:-1"},"canonical":"https:\/\/tammetalu.eu\/toode\/urdisool-kalale-85g\/","og_locale":"fi_FI","og_type":"article","og_title":"\u00dcrdisool kalale - \u00dcrdisoolad ja \u00fcrdisegud Tamme talu \u00fcrdiaiast","og_description":"\u00dcrdisool kalale muudab erinevad kalaroad t\u00f5eliselt maitsekaks. Kasuta nii punase kui ka valge kala maitsestamiseks. Telli mugavalt Tamme talu e-poest!","og_url":"https:\/\/tammetalu.eu\/toode\/urdisool-kalale-85g\/","og_site_name":"Tamme talu \u00fcrdiaed","article_publisher":"https:\/\/www.facebook.com\/TammeTaluUrdiaed\/?locale=et_EE","article_modified_time":"2024-11-10T03:08:39+00:00","og_image":[{"width":960,"height":960,"url":"https:\/\/tammetalu.eu\/wp-content\/uploads\/2022\/08\/Urdisool_kalale-6.jpg","type":"image\/jpeg"}],"twitter_card":"summary_large_image","twitter_misc":{"Arvioitu lukuaika":"1 minuutti"},"schema":{"@context":"https:\/\/schema.org","@graph":[{"@type":"WebPage","@id":"https:\/\/tammetalu.eu\/toode\/urdisool-kalale-85g\/","url":"https:\/\/tammetalu.eu\/toode\/urdisool-kalale-85g\/","name":"\u00dcrdisool kalale - \u00dcrdisoolad ja \u00fcrdisegud Tamme talu \u00fcrdiaiast","isPartOf":{"@id":"https:\/\/tammetalu.eu\/#website"},"primaryImageOfPage":{"@id":"https:\/\/tammetalu.eu\/toode\/urdisool-kalale-85g\/#primaryimage"},"image":{"@id":"https:\/\/tammetalu.eu\/toode\/urdisool-kalale-85g\/#primaryimage"},"thumbnailUrl":"https:\/\/tammetalu.eu\/wp-content\/uploads\/2022\/08\/Urdisool_kalale-6.jpg","datePublished":"2022-08-09T06:02:42+00:00","dateModified":"2024-11-10T03:08:39+00:00","description":"\u00dcrdisool kalale muudab erinevad kalaroad t\u00f5eliselt maitsekaks. Kasuta nii punase kui ka valge kala maitsestamiseks. Telli mugavalt Tamme talu e-poest!","breadcrumb":{"@id":"https:\/\/tammetalu.eu\/toode\/urdisool-kalale-85g\/#breadcrumb"},"inLanguage":"fi","potentialAction":[{"@type":"ReadAction","target":["https:\/\/tammetalu.eu\/toode\/urdisool-kalale-85g\/"]}]},{"@type":"ImageObject","inLanguage":"fi","@id":"https:\/\/tammetalu.eu\/toode\/urdisool-kalale-85g\/#primaryimage","url":"https:\/\/tammetalu.eu\/wp-content\/uploads\/2022\/08\/Urdisool_kalale-6.jpg","contentUrl":"https:\/\/tammetalu.eu\/wp-content\/uploads\/2022\/08\/Urdisool_kalale-6.jpg","width":960,"height":960},{"@type":"BreadcrumbList","@id":"https:\/\/tammetalu.eu\/toode\/urdisool-kalale-85g\/#breadcrumb","itemListElement":[{"@type":"ListItem","position":1,"name":"Home","item":"https:\/\/tammetalu.eu\/fi\/etusivu\/"},{"@type":"ListItem","position":2,"name":"Kaikki tuotteet","item":"https:\/\/tammetalu.eu\/fi\/kaikki-tuotteet\/"},{"@type":"ListItem","position":3,"name":"\u00dcrdisool kalale 85g"}]},{"@type":"WebSite","@id":"https:\/\/tammetalu.eu\/#website","url":"https:\/\/tammetalu.eu\/","name":"Tamme talu \u00fcrdiaed","description":"K\u00e4sit\u00f6\u00f6na valmistatud tooted \u00fcrtidest, \u00fcrdiistikud, \u00fcrtide kollektsioonaed","publisher":{"@id":"https:\/\/tammetalu.eu\/#organization"},"alternateName":"Tamme talu","potentialAction":[{"@type":"SearchAction","target":{"@type":"EntryPoint","urlTemplate":"https:\/\/tammetalu.eu\/?s={search_term_string}"},"query-input":{"@type":"PropertyValueSpecification","valueRequired":true,"valueName":"search_term_string"}}],"inLanguage":"fi"},{"@type":"Organization","@id":"https:\/\/tammetalu.eu\/#organization","name":"Tamme talu \u00fcrdiaed","alternateName":"Tamme talu","url":"https:\/\/tammetalu.eu\/","logo":{"@type":"ImageObject","inLanguage":"fi","@id":"https:\/\/tammetalu.eu\/#\/schema\/logo\/image\/","url":"https:\/\/tammetalu.eu\/wp-content\/uploads\/2025\/01\/Tamme_talu_urdiaed.png","contentUrl":"https:\/\/tammetalu.eu\/wp-content\/uploads\/2025\/01\/Tamme_talu_urdiaed.png","width":560,"height":560,"caption":"Tamme talu \u00fcrdiaed"},"image":{"@id":"https:\/\/tammetalu.eu\/#\/schema\/logo\/image\/"},"sameAs":["https:\/\/www.facebook.com\/TammeTaluUrdiaed\/?locale=et_EE","https:\/\/www.instagram.com\/tammetaluurdiaed\/"]}]}},"_links":{"self":[{"href":"https:\/\/tammetalu.eu\/fi\/wp-json\/wp\/v2\/product\/15318","targetHints":{"allow":["GET"]}}],"collection":[{"href":"https:\/\/tammetalu.eu\/fi\/wp-json\/wp\/v2\/product"}],"about":[{"href":"https:\/\/tammetalu.eu\/fi\/wp-json\/wp\/v2\/types\/product"}],"wp:featuredmedia":[{"embeddable":true,"href":"https:\/\/tammetalu.eu\/fi\/wp-json\/wp\/v2\/media\/15381"}],"wp:attachment":[{"href":"https:\/\/tammetalu.eu\/fi\/wp-json\/wp\/v2\/media?parent=15318"}],"wp:term":[{"taxonomy":"product_brand","embeddable":true,"href":"https:\/\/tammetalu.eu\/fi\/wp-json\/wp\/v2\/product_brand?post=15318"},{"taxonomy":"product_cat","embeddable":true,"href":"https:\/\/tammetalu.eu\/fi\/wp-json\/wp\/v2\/product_cat?post=15318"},{"taxonomy":"product_tag","embeddable":true,"href":"https:\/\/tammetalu.eu\/fi\/wp-json\/wp\/v2\/product_tag?post=15318"}],"curies":[{"name":"wp","href":"https:\/\/api.w.org\/{rel}","templated":true}]}}