{"id":15319,"date":"2022-08-09T09:02:42","date_gmt":"2022-08-09T06:02:42","guid":{"rendered":"https:\/\/tammetalu.eu?post_type=product&#038;p=15319"},"modified":"2024-11-10T03:20:46","modified_gmt":"2024-11-10T01:20:46","slug":"urdisool-lihale-85g","status":"publish","type":"product","link":"https:\/\/tammetalu.eu\/fi\/toode\/urdisool-lihale-85g\/","title":{"rendered":"\u00dcrdisool lihale 85g"},"content":{"rendered":"","protected":false},"excerpt":{"rendered":"<p>35,76 \u20ac\/kg<\/p>\n<p>\u00dcrdisool lihale annab sinu toitudele lihtsalt ja kiirelt rikkaliku maitse. Kasuta erinevate liha-, hakkliha-, pasta-\u00a0ja juurviljaroogade maitsestamiseks. Samuti sobib h\u00e4sti suppidesse, kastmetesse ja puljongitesse.<\/p>\n<p>Retseptisoovitus: Sega toores hakkliha Tamme talu \u00dcrdisool lihaga ning praetud sibulakuubikutega. Vormi segust meelep\u00e4rase suurusega pallid ning pane ahju k\u00fcpsema. Seej\u00e4rel s\u00f6\u00f6 ja naudi!<\/p>\n<p>Nipp: Pajaroogasid ja hautisi tehes lisa maitseaine toidu valmistamise l\u00f5pus, sest nii s\u00e4ilivad \u00fcrtide aroomid ja maitse intensiivsemalt.<\/p>\n<p>Koostisosad: meresool (48%), porrulauk, t\u00fc\u00fcmian, oregano, basiilik, k\u00fc\u00fcslauk.<\/p>\n<p>Kui\u00a0esimene purk\u00a0on otsa l\u00f5ppenud, soovitame tellida\u00a0<span style=\"color: #008000;\"><strong><a style=\"color: #008000;\" href=\"https:\/\/tammetalu.eu\/toode\/taitepakend-urdisool-lihale\/\">t\u00e4itepakendi<\/a><\/strong><\/span>, et purki taast\u00e4ita. Selliselt kulub v\u00e4hem pakendit ja hoiad loodust. Lisaks on soodsam hind.<\/p>\n","protected":false},"featured_media":15385,"template":"","meta":{"_acf_changed":false,"_et_pb_use_builder":"","_et_pb_old_content":"","_et_gb_content_width":"","inline_featured_image":false},"product_brand":[],"product_cat":[177],"product_tag":[67],"class_list":{"0":"post-15319","1":"product","2":"type-product","3":"status-publish","4":"has-post-thumbnail","6":"product_cat-urdisoolad","7":"product_tag-urdisoolad","9":"first","10":"instock","11":"taxable","12":"shipping-taxable","13":"purchasable","14":"product-type-simple"},"acf":[],"yoast_head":"<!-- This site is optimized with the Yoast SEO plugin v26.4 - https:\/\/yoast.com\/wordpress\/plugins\/seo\/ -->\n<title>\u00dcrdisool lihale - Tamme talu k\u00e4sitsi valmistatud \u00fcrdisoolad<\/title>\n<meta name=\"description\" content=\"\u00dcrdisool lihale annab toitudele lihtsalt ja kiirelt rikkaliku maitse. Kasuta liha-, pasta-\u00a0ja juurviljaroogade maitsestamiseks. Telli mugavalt e-poest!\" \/>\n<meta name=\"robots\" content=\"index, follow, max-snippet:-1, max-image-preview:large, max-video-preview:-1\" \/>\n<link rel=\"canonical\" href=\"https:\/\/tammetalu.eu\/toode\/urdisool-lihale-85g\/\" \/>\n<meta property=\"og:locale\" content=\"fi_FI\" \/>\n<meta property=\"og:type\" content=\"article\" \/>\n<meta property=\"og:title\" content=\"\u00dcrdisool lihale - Tamme talu k\u00e4sitsi valmistatud \u00fcrdisoolad\" \/>\n<meta property=\"og:description\" content=\"\u00dcrdisool lihale annab toitudele lihtsalt ja kiirelt rikkaliku maitse. Kasuta liha-, pasta-\u00a0ja juurviljaroogade maitsestamiseks. Telli mugavalt e-poest!\" \/>\n<meta property=\"og:url\" content=\"https:\/\/tammetalu.eu\/toode\/urdisool-lihale-85g\/\" \/>\n<meta property=\"og:site_name\" content=\"Tamme talu \u00fcrdiaed\" \/>\n<meta property=\"article:publisher\" content=\"https:\/\/www.facebook.com\/TammeTaluUrdiaed\/?locale=et_EE\" \/>\n<meta property=\"article:modified_time\" content=\"2024-11-10T01:20:46+00:00\" \/>\n<meta property=\"og:image\" content=\"https:\/\/tammetalu.eu\/wp-content\/uploads\/2022\/08\/Urdisool_lihale-6.jpg\" \/>\n\t<meta property=\"og:image:width\" content=\"960\" \/>\n\t<meta property=\"og:image:height\" content=\"960\" \/>\n\t<meta property=\"og:image:type\" content=\"image\/jpeg\" \/>\n<meta name=\"twitter:card\" content=\"summary_large_image\" \/>\n<meta name=\"twitter:label1\" content=\"Arvioitu lukuaika\" \/>\n\t<meta name=\"twitter:data1\" content=\"1 minuutti\" \/>\n<script type=\"application\/ld+json\" class=\"yoast-schema-graph\">{\"@context\":\"https:\/\/schema.org\",\"@graph\":[{\"@type\":\"WebPage\",\"@id\":\"https:\/\/tammetalu.eu\/toode\/urdisool-lihale-85g\/\",\"url\":\"https:\/\/tammetalu.eu\/toode\/urdisool-lihale-85g\/\",\"name\":\"\u00dcrdisool lihale - Tamme talu k\u00e4sitsi valmistatud \u00fcrdisoolad\",\"isPartOf\":{\"@id\":\"https:\/\/tammetalu.eu\/#website\"},\"primaryImageOfPage\":{\"@id\":\"https:\/\/tammetalu.eu\/toode\/urdisool-lihale-85g\/#primaryimage\"},\"image\":{\"@id\":\"https:\/\/tammetalu.eu\/toode\/urdisool-lihale-85g\/#primaryimage\"},\"thumbnailUrl\":\"https:\/\/tammetalu.eu\/wp-content\/uploads\/2022\/08\/Urdisool_lihale-6.jpg\",\"datePublished\":\"2022-08-09T06:02:42+00:00\",\"dateModified\":\"2024-11-10T01:20:46+00:00\",\"description\":\"\u00dcrdisool lihale annab toitudele lihtsalt ja kiirelt rikkaliku maitse. Kasuta liha-, pasta-\u00a0ja juurviljaroogade maitsestamiseks. Telli mugavalt e-poest!\",\"breadcrumb\":{\"@id\":\"https:\/\/tammetalu.eu\/toode\/urdisool-lihale-85g\/#breadcrumb\"},\"inLanguage\":\"fi\",\"potentialAction\":[{\"@type\":\"ReadAction\",\"target\":[\"https:\/\/tammetalu.eu\/toode\/urdisool-lihale-85g\/\"]}]},{\"@type\":\"ImageObject\",\"inLanguage\":\"fi\",\"@id\":\"https:\/\/tammetalu.eu\/toode\/urdisool-lihale-85g\/#primaryimage\",\"url\":\"https:\/\/tammetalu.eu\/wp-content\/uploads\/2022\/08\/Urdisool_lihale-6.jpg\",\"contentUrl\":\"https:\/\/tammetalu.eu\/wp-content\/uploads\/2022\/08\/Urdisool_lihale-6.jpg\",\"width\":960,\"height\":960},{\"@type\":\"BreadcrumbList\",\"@id\":\"https:\/\/tammetalu.eu\/toode\/urdisool-lihale-85g\/#breadcrumb\",\"itemListElement\":[{\"@type\":\"ListItem\",\"position\":1,\"name\":\"Home\",\"item\":\"https:\/\/tammetalu.eu\/fi\/etusivu\/\"},{\"@type\":\"ListItem\",\"position\":2,\"name\":\"Kaikki tuotteet\",\"item\":\"https:\/\/tammetalu.eu\/fi\/kaikki-tuotteet\/\"},{\"@type\":\"ListItem\",\"position\":3,\"name\":\"\u00dcrdisool lihale 85g\"}]},{\"@type\":\"WebSite\",\"@id\":\"https:\/\/tammetalu.eu\/#website\",\"url\":\"https:\/\/tammetalu.eu\/\",\"name\":\"Tamme talu \u00fcrdiaed\",\"description\":\"K\u00e4sit\u00f6\u00f6na valmistatud tooted \u00fcrtidest, \u00fcrdiistikud, \u00fcrtide kollektsioonaed\",\"publisher\":{\"@id\":\"https:\/\/tammetalu.eu\/#organization\"},\"alternateName\":\"Tamme talu\",\"potentialAction\":[{\"@type\":\"SearchAction\",\"target\":{\"@type\":\"EntryPoint\",\"urlTemplate\":\"https:\/\/tammetalu.eu\/?s={search_term_string}\"},\"query-input\":{\"@type\":\"PropertyValueSpecification\",\"valueRequired\":true,\"valueName\":\"search_term_string\"}}],\"inLanguage\":\"fi\"},{\"@type\":\"Organization\",\"@id\":\"https:\/\/tammetalu.eu\/#organization\",\"name\":\"Tamme talu \u00fcrdiaed\",\"alternateName\":\"Tamme talu\",\"url\":\"https:\/\/tammetalu.eu\/\",\"logo\":{\"@type\":\"ImageObject\",\"inLanguage\":\"fi\",\"@id\":\"https:\/\/tammetalu.eu\/#\/schema\/logo\/image\/\",\"url\":\"https:\/\/tammetalu.eu\/wp-content\/uploads\/2025\/01\/Tamme_talu_urdiaed.png\",\"contentUrl\":\"https:\/\/tammetalu.eu\/wp-content\/uploads\/2025\/01\/Tamme_talu_urdiaed.png\",\"width\":560,\"height\":560,\"caption\":\"Tamme talu \u00fcrdiaed\"},\"image\":{\"@id\":\"https:\/\/tammetalu.eu\/#\/schema\/logo\/image\/\"},\"sameAs\":[\"https:\/\/www.facebook.com\/TammeTaluUrdiaed\/?locale=et_EE\",\"https:\/\/www.instagram.com\/tammetaluurdiaed\/\"]}]}<\/script>\n<!-- \/ Yoast SEO plugin. -->","yoast_head_json":{"title":"\u00dcrdisool lihale - Tamme talu k\u00e4sitsi valmistatud \u00fcrdisoolad","description":"\u00dcrdisool lihale annab toitudele lihtsalt ja kiirelt rikkaliku maitse. Kasuta liha-, pasta-\u00a0ja juurviljaroogade maitsestamiseks. Telli mugavalt e-poest!","robots":{"index":"index","follow":"follow","max-snippet":"max-snippet:-1","max-image-preview":"max-image-preview:large","max-video-preview":"max-video-preview:-1"},"canonical":"https:\/\/tammetalu.eu\/toode\/urdisool-lihale-85g\/","og_locale":"fi_FI","og_type":"article","og_title":"\u00dcrdisool lihale - Tamme talu k\u00e4sitsi valmistatud \u00fcrdisoolad","og_description":"\u00dcrdisool lihale annab toitudele lihtsalt ja kiirelt rikkaliku maitse. Kasuta liha-, pasta-\u00a0ja juurviljaroogade maitsestamiseks. Telli mugavalt e-poest!","og_url":"https:\/\/tammetalu.eu\/toode\/urdisool-lihale-85g\/","og_site_name":"Tamme talu \u00fcrdiaed","article_publisher":"https:\/\/www.facebook.com\/TammeTaluUrdiaed\/?locale=et_EE","article_modified_time":"2024-11-10T01:20:46+00:00","og_image":[{"width":960,"height":960,"url":"https:\/\/tammetalu.eu\/wp-content\/uploads\/2022\/08\/Urdisool_lihale-6.jpg","type":"image\/jpeg"}],"twitter_card":"summary_large_image","twitter_misc":{"Arvioitu lukuaika":"1 minuutti"},"schema":{"@context":"https:\/\/schema.org","@graph":[{"@type":"WebPage","@id":"https:\/\/tammetalu.eu\/toode\/urdisool-lihale-85g\/","url":"https:\/\/tammetalu.eu\/toode\/urdisool-lihale-85g\/","name":"\u00dcrdisool lihale - Tamme talu k\u00e4sitsi valmistatud \u00fcrdisoolad","isPartOf":{"@id":"https:\/\/tammetalu.eu\/#website"},"primaryImageOfPage":{"@id":"https:\/\/tammetalu.eu\/toode\/urdisool-lihale-85g\/#primaryimage"},"image":{"@id":"https:\/\/tammetalu.eu\/toode\/urdisool-lihale-85g\/#primaryimage"},"thumbnailUrl":"https:\/\/tammetalu.eu\/wp-content\/uploads\/2022\/08\/Urdisool_lihale-6.jpg","datePublished":"2022-08-09T06:02:42+00:00","dateModified":"2024-11-10T01:20:46+00:00","description":"\u00dcrdisool lihale annab toitudele lihtsalt ja kiirelt rikkaliku maitse. Kasuta liha-, pasta-\u00a0ja juurviljaroogade maitsestamiseks. Telli mugavalt e-poest!","breadcrumb":{"@id":"https:\/\/tammetalu.eu\/toode\/urdisool-lihale-85g\/#breadcrumb"},"inLanguage":"fi","potentialAction":[{"@type":"ReadAction","target":["https:\/\/tammetalu.eu\/toode\/urdisool-lihale-85g\/"]}]},{"@type":"ImageObject","inLanguage":"fi","@id":"https:\/\/tammetalu.eu\/toode\/urdisool-lihale-85g\/#primaryimage","url":"https:\/\/tammetalu.eu\/wp-content\/uploads\/2022\/08\/Urdisool_lihale-6.jpg","contentUrl":"https:\/\/tammetalu.eu\/wp-content\/uploads\/2022\/08\/Urdisool_lihale-6.jpg","width":960,"height":960},{"@type":"BreadcrumbList","@id":"https:\/\/tammetalu.eu\/toode\/urdisool-lihale-85g\/#breadcrumb","itemListElement":[{"@type":"ListItem","position":1,"name":"Home","item":"https:\/\/tammetalu.eu\/fi\/etusivu\/"},{"@type":"ListItem","position":2,"name":"Kaikki tuotteet","item":"https:\/\/tammetalu.eu\/fi\/kaikki-tuotteet\/"},{"@type":"ListItem","position":3,"name":"\u00dcrdisool lihale 85g"}]},{"@type":"WebSite","@id":"https:\/\/tammetalu.eu\/#website","url":"https:\/\/tammetalu.eu\/","name":"Tamme talu \u00fcrdiaed","description":"K\u00e4sit\u00f6\u00f6na valmistatud tooted \u00fcrtidest, \u00fcrdiistikud, \u00fcrtide kollektsioonaed","publisher":{"@id":"https:\/\/tammetalu.eu\/#organization"},"alternateName":"Tamme talu","potentialAction":[{"@type":"SearchAction","target":{"@type":"EntryPoint","urlTemplate":"https:\/\/tammetalu.eu\/?s={search_term_string}"},"query-input":{"@type":"PropertyValueSpecification","valueRequired":true,"valueName":"search_term_string"}}],"inLanguage":"fi"},{"@type":"Organization","@id":"https:\/\/tammetalu.eu\/#organization","name":"Tamme talu \u00fcrdiaed","alternateName":"Tamme talu","url":"https:\/\/tammetalu.eu\/","logo":{"@type":"ImageObject","inLanguage":"fi","@id":"https:\/\/tammetalu.eu\/#\/schema\/logo\/image\/","url":"https:\/\/tammetalu.eu\/wp-content\/uploads\/2025\/01\/Tamme_talu_urdiaed.png","contentUrl":"https:\/\/tammetalu.eu\/wp-content\/uploads\/2025\/01\/Tamme_talu_urdiaed.png","width":560,"height":560,"caption":"Tamme talu \u00fcrdiaed"},"image":{"@id":"https:\/\/tammetalu.eu\/#\/schema\/logo\/image\/"},"sameAs":["https:\/\/www.facebook.com\/TammeTaluUrdiaed\/?locale=et_EE","https:\/\/www.instagram.com\/tammetaluurdiaed\/"]}]}},"_links":{"self":[{"href":"https:\/\/tammetalu.eu\/fi\/wp-json\/wp\/v2\/product\/15319","targetHints":{"allow":["GET"]}}],"collection":[{"href":"https:\/\/tammetalu.eu\/fi\/wp-json\/wp\/v2\/product"}],"about":[{"href":"https:\/\/tammetalu.eu\/fi\/wp-json\/wp\/v2\/types\/product"}],"wp:featuredmedia":[{"embeddable":true,"href":"https:\/\/tammetalu.eu\/fi\/wp-json\/wp\/v2\/media\/15385"}],"wp:attachment":[{"href":"https:\/\/tammetalu.eu\/fi\/wp-json\/wp\/v2\/media?parent=15319"}],"wp:term":[{"taxonomy":"product_brand","embeddable":true,"href":"https:\/\/tammetalu.eu\/fi\/wp-json\/wp\/v2\/product_brand?post=15319"},{"taxonomy":"product_cat","embeddable":true,"href":"https:\/\/tammetalu.eu\/fi\/wp-json\/wp\/v2\/product_cat?post=15319"},{"taxonomy":"product_tag","embeddable":true,"href":"https:\/\/tammetalu.eu\/fi\/wp-json\/wp\/v2\/product_tag?post=15319"}],"curies":[{"name":"wp","href":"https:\/\/api.w.org\/{rel}","templated":true}]}}