{"id":15400,"date":"2022-08-09T09:03:05","date_gmt":"2022-08-09T06:03:05","guid":{"rendered":"https:\/\/tammetalu.eu?post_type=product&#038;p=15400"},"modified":"2024-09-17T14:54:20","modified_gmt":"2024-09-17T11:54:20","slug":"tsillid-marinaadis-130g","status":"publish","type":"product","link":"https:\/\/tammetalu.eu\/fi\/toode\/tsillid-marinaadis-130g\/","title":{"rendered":"MAHE T\u0161illid marinaadis 130g"},"content":{"rendered":"<table style=\"font-weight: 400; border-color: #ccc8c8; border-style: solid; height: 327px;\" border=\"1\" width=\"378\">\n<tbody>\n<tr style=\"height: 95px;\">\n<td style=\"height: 95px; width: 254.525px;\">Toitumisalane teave 100g toote kohta<br \/>\nNutrition information per 100 g<\/td>\n<td style=\"height: 95px; width: 108.675px;\"><\/td>\n<\/tr>\n<tr style=\"height: 29px;\">\n<td style=\"height: 29px; width: 254.525px;\">Energiasisaldus<br \/>\nEnergy<\/td>\n<td style=\"height: 29px; width: 108.675px;\">113kJ\/27kcal<\/td>\n<\/tr>\n<tr style=\"height: 52px;\">\n<td style=\"height: 52px; width: 254.525px;\">Rasvad<br \/>\nFat<br \/>\n-millest k\u00fcllastunud rasvhapped 0g<br \/>\n-saturated fats 0g<\/td>\n<td style=\"height: 52px; width: 108.675px;\">0,1g<\/td>\n<\/tr>\n<tr style=\"height: 62px;\">\n<td style=\"height: 62px; width: 254.525px;\">S\u00fcsivesikud<br \/>\nCarbohydrate<br \/>\n-millest suhkrud<br \/>\n-Sugars<\/td>\n<td style=\"height: 62px; width: 108.675px;\">5,5g<\/p>\n<p>2g<\/td>\n<\/tr>\n<tr style=\"height: 14px;\">\n<td style=\"height: 14px; width: 254.525px;\">Valgud<br \/>\nProtein<\/td>\n<td style=\"height: 14px; width: 108.675px;\">1,4g<\/td>\n<\/tr>\n<tr style=\"height: 75px;\">\n<td style=\"height: 75px; width: 254.525px;\">Soolad<br \/>\nSalt<\/td>\n<td style=\"height: 75px; width: 108.675px;\">4g<\/td>\n<\/tr>\n<\/tbody>\n<\/table>\n","protected":false},"excerpt":{"rendered":"<p>38,38\u20ac\/kg<\/p>\n<p>Juba nende v\u00e4ikeste punaste kaunade n\u00e4gemine t\u00f5stab tuju, eks ole!<br \/>\nK\u00f5ik t\u0161illikaunad on Tamme talus mahedalt kasvatatud ja purki panemiseks hoolega v\u00e4lja valitud, et saaksid oma toidulauda nende abil tulisemaks ja \u00e4kilisemaks muuta.<br \/>\nMarinaadis t\u0161illi s\u00e4ilib k\u00fclmkapis kaua, isegi siis, kui oled purgi lahti teinud. L\u00f5ika t\u0161illit\u00fckikesi salati, kastme, supi v\u00f5i pajaroa maitsestamiseks. Kui oled t\u00f5eline v\u00fcrtsis\u00f5ber, siis s\u00f6\u00f6 t\u0161illit kasv\u00f5i terve kauna kaupa.<\/p>\n<p>Nipp: l\u00f5ika k\u00f6\u00f6gik\u00e4\u00e4ridega kaunast t\u00e4pselt nii suured t\u00fckid, kui soovid.<\/p>\n<p>Koostisosad: t\u0161illi (60 g)*, vesi, viina\u00e4\u00e4dikas*, sool, suhkur*.<\/p>\n<p>*Kontrollitud mahep\u00f5llumajandusest<\/p>\n","protected":false},"featured_media":16692,"template":"","meta":{"_acf_changed":false,"_et_pb_use_builder":"","_et_pb_old_content":"","_et_gb_content_width":"","inline_featured_image":false},"product_brand":[],"product_cat":[181],"product_tag":[],"class_list":{"0":"post-15400","1":"product","2":"type-product","3":"status-publish","4":"has-post-thumbnail","6":"product_cat-tsillid-marinaadis","8":"first","9":"instock","10":"taxable","11":"shipping-taxable","12":"purchasable","13":"product-type-simple"},"acf":[],"yoast_head":"<!-- This site is optimized with the Yoast SEO plugin v26.4 - https:\/\/yoast.com\/wordpress\/plugins\/seo\/ -->\n<title>\u00d6KO T\u0161illikaunad marinaadis - tammetalu.eu<\/title>\n<meta name=\"description\" content=\"T\u0161illikaunad marinaadis - Tamme talu k\u00e4sitsi valmistatud tooted. Koostisosad: t\u0161illi, k\u00fc\u00fcslauk, sool, suhkur, \u00e4\u00e4dikas. Vaata l\u00e4hemalt!\" \/>\n<meta name=\"robots\" content=\"index, follow, max-snippet:-1, max-image-preview:large, max-video-preview:-1\" \/>\n<link rel=\"canonical\" href=\"https:\/\/tammetalu.eu\/toode\/tsillid-marinaadis-130g\/\" \/>\n<meta property=\"og:locale\" content=\"fi_FI\" \/>\n<meta property=\"og:type\" content=\"article\" \/>\n<meta property=\"og:title\" content=\"\u00d6KO T\u0161illikaunad marinaadis - tammetalu.eu\" \/>\n<meta property=\"og:description\" content=\"T\u0161illikaunad marinaadis - Tamme talu k\u00e4sitsi valmistatud tooted. Koostisosad: t\u0161illi, k\u00fc\u00fcslauk, sool, suhkur, \u00e4\u00e4dikas. Vaata l\u00e4hemalt!\" \/>\n<meta property=\"og:url\" content=\"https:\/\/tammetalu.eu\/toode\/tsillid-marinaadis-130g\/\" \/>\n<meta property=\"og:site_name\" content=\"Tamme talu \u00fcrdiaed\" \/>\n<meta property=\"article:publisher\" content=\"https:\/\/www.facebook.com\/TammeTaluUrdiaed\/?locale=et_EE\" \/>\n<meta property=\"article:modified_time\" content=\"2024-09-17T11:54:20+00:00\" \/>\n<meta property=\"og:image\" content=\"https:\/\/tammetalu.eu\/wp-content\/uploads\/2022\/08\/Oko_Tsillid_marinaadis.jpg\" \/>\n\t<meta property=\"og:image:width\" content=\"960\" \/>\n\t<meta property=\"og:image:height\" content=\"960\" \/>\n\t<meta property=\"og:image:type\" content=\"image\/jpeg\" \/>\n<meta name=\"twitter:card\" content=\"summary_large_image\" \/>\n<meta name=\"twitter:label1\" content=\"Arvioitu lukuaika\" \/>\n\t<meta name=\"twitter:data1\" content=\"1 minuutti\" \/>\n<script type=\"application\/ld+json\" class=\"yoast-schema-graph\">{\"@context\":\"https:\/\/schema.org\",\"@graph\":[{\"@type\":\"WebPage\",\"@id\":\"https:\/\/tammetalu.eu\/toode\/tsillid-marinaadis-130g\/\",\"url\":\"https:\/\/tammetalu.eu\/toode\/tsillid-marinaadis-130g\/\",\"name\":\"\u00d6KO T\u0161illikaunad marinaadis - tammetalu.eu\",\"isPartOf\":{\"@id\":\"https:\/\/tammetalu.eu\/#website\"},\"primaryImageOfPage\":{\"@id\":\"https:\/\/tammetalu.eu\/toode\/tsillid-marinaadis-130g\/#primaryimage\"},\"image\":{\"@id\":\"https:\/\/tammetalu.eu\/toode\/tsillid-marinaadis-130g\/#primaryimage\"},\"thumbnailUrl\":\"https:\/\/tammetalu.eu\/wp-content\/uploads\/2022\/08\/Oko_Tsillid_marinaadis.jpg\",\"datePublished\":\"2022-08-09T06:03:05+00:00\",\"dateModified\":\"2024-09-17T11:54:20+00:00\",\"description\":\"T\u0161illikaunad marinaadis - Tamme talu k\u00e4sitsi valmistatud tooted. Koostisosad: t\u0161illi, k\u00fc\u00fcslauk, sool, suhkur, \u00e4\u00e4dikas. Vaata l\u00e4hemalt!\",\"breadcrumb\":{\"@id\":\"https:\/\/tammetalu.eu\/toode\/tsillid-marinaadis-130g\/#breadcrumb\"},\"inLanguage\":\"fi\",\"potentialAction\":[{\"@type\":\"ReadAction\",\"target\":[\"https:\/\/tammetalu.eu\/toode\/tsillid-marinaadis-130g\/\"]}]},{\"@type\":\"ImageObject\",\"inLanguage\":\"fi\",\"@id\":\"https:\/\/tammetalu.eu\/toode\/tsillid-marinaadis-130g\/#primaryimage\",\"url\":\"https:\/\/tammetalu.eu\/wp-content\/uploads\/2022\/08\/Oko_Tsillid_marinaadis.jpg\",\"contentUrl\":\"https:\/\/tammetalu.eu\/wp-content\/uploads\/2022\/08\/Oko_Tsillid_marinaadis.jpg\",\"width\":960,\"height\":960,\"caption\":\"Oko_Tsillid_marinaadis\"},{\"@type\":\"BreadcrumbList\",\"@id\":\"https:\/\/tammetalu.eu\/toode\/tsillid-marinaadis-130g\/#breadcrumb\",\"itemListElement\":[{\"@type\":\"ListItem\",\"position\":1,\"name\":\"Home\",\"item\":\"https:\/\/tammetalu.eu\/fi\/etusivu\/\"},{\"@type\":\"ListItem\",\"position\":2,\"name\":\"Kaikki tuotteet\",\"item\":\"https:\/\/tammetalu.eu\/fi\/kaikki-tuotteet\/\"},{\"@type\":\"ListItem\",\"position\":3,\"name\":\"MAHE T\u0161illid marinaadis 130g\"}]},{\"@type\":\"WebSite\",\"@id\":\"https:\/\/tammetalu.eu\/#website\",\"url\":\"https:\/\/tammetalu.eu\/\",\"name\":\"Tamme talu \u00fcrdiaed\",\"description\":\"K\u00e4sit\u00f6\u00f6na valmistatud tooted \u00fcrtidest, \u00fcrdiistikud, \u00fcrtide kollektsioonaed\",\"publisher\":{\"@id\":\"https:\/\/tammetalu.eu\/#organization\"},\"alternateName\":\"Tamme talu\",\"potentialAction\":[{\"@type\":\"SearchAction\",\"target\":{\"@type\":\"EntryPoint\",\"urlTemplate\":\"https:\/\/tammetalu.eu\/?s={search_term_string}\"},\"query-input\":{\"@type\":\"PropertyValueSpecification\",\"valueRequired\":true,\"valueName\":\"search_term_string\"}}],\"inLanguage\":\"fi\"},{\"@type\":\"Organization\",\"@id\":\"https:\/\/tammetalu.eu\/#organization\",\"name\":\"Tamme talu \u00fcrdiaed\",\"alternateName\":\"Tamme talu\",\"url\":\"https:\/\/tammetalu.eu\/\",\"logo\":{\"@type\":\"ImageObject\",\"inLanguage\":\"fi\",\"@id\":\"https:\/\/tammetalu.eu\/#\/schema\/logo\/image\/\",\"url\":\"https:\/\/tammetalu.eu\/wp-content\/uploads\/2025\/01\/Tamme_talu_urdiaed.png\",\"contentUrl\":\"https:\/\/tammetalu.eu\/wp-content\/uploads\/2025\/01\/Tamme_talu_urdiaed.png\",\"width\":560,\"height\":560,\"caption\":\"Tamme talu \u00fcrdiaed\"},\"image\":{\"@id\":\"https:\/\/tammetalu.eu\/#\/schema\/logo\/image\/\"},\"sameAs\":[\"https:\/\/www.facebook.com\/TammeTaluUrdiaed\/?locale=et_EE\",\"https:\/\/www.instagram.com\/tammetaluurdiaed\/\"]}]}<\/script>\n<!-- \/ Yoast SEO plugin. -->","yoast_head_json":{"title":"\u00d6KO T\u0161illikaunad marinaadis - tammetalu.eu","description":"T\u0161illikaunad marinaadis - Tamme talu k\u00e4sitsi valmistatud tooted. Koostisosad: t\u0161illi, k\u00fc\u00fcslauk, sool, suhkur, \u00e4\u00e4dikas. Vaata l\u00e4hemalt!","robots":{"index":"index","follow":"follow","max-snippet":"max-snippet:-1","max-image-preview":"max-image-preview:large","max-video-preview":"max-video-preview:-1"},"canonical":"https:\/\/tammetalu.eu\/toode\/tsillid-marinaadis-130g\/","og_locale":"fi_FI","og_type":"article","og_title":"\u00d6KO T\u0161illikaunad marinaadis - tammetalu.eu","og_description":"T\u0161illikaunad marinaadis - Tamme talu k\u00e4sitsi valmistatud tooted. Koostisosad: t\u0161illi, k\u00fc\u00fcslauk, sool, suhkur, \u00e4\u00e4dikas. Vaata l\u00e4hemalt!","og_url":"https:\/\/tammetalu.eu\/toode\/tsillid-marinaadis-130g\/","og_site_name":"Tamme talu \u00fcrdiaed","article_publisher":"https:\/\/www.facebook.com\/TammeTaluUrdiaed\/?locale=et_EE","article_modified_time":"2024-09-17T11:54:20+00:00","og_image":[{"width":960,"height":960,"url":"https:\/\/tammetalu.eu\/wp-content\/uploads\/2022\/08\/Oko_Tsillid_marinaadis.jpg","type":"image\/jpeg"}],"twitter_card":"summary_large_image","twitter_misc":{"Arvioitu lukuaika":"1 minuutti"},"schema":{"@context":"https:\/\/schema.org","@graph":[{"@type":"WebPage","@id":"https:\/\/tammetalu.eu\/toode\/tsillid-marinaadis-130g\/","url":"https:\/\/tammetalu.eu\/toode\/tsillid-marinaadis-130g\/","name":"\u00d6KO T\u0161illikaunad marinaadis - tammetalu.eu","isPartOf":{"@id":"https:\/\/tammetalu.eu\/#website"},"primaryImageOfPage":{"@id":"https:\/\/tammetalu.eu\/toode\/tsillid-marinaadis-130g\/#primaryimage"},"image":{"@id":"https:\/\/tammetalu.eu\/toode\/tsillid-marinaadis-130g\/#primaryimage"},"thumbnailUrl":"https:\/\/tammetalu.eu\/wp-content\/uploads\/2022\/08\/Oko_Tsillid_marinaadis.jpg","datePublished":"2022-08-09T06:03:05+00:00","dateModified":"2024-09-17T11:54:20+00:00","description":"T\u0161illikaunad marinaadis - Tamme talu k\u00e4sitsi valmistatud tooted. Koostisosad: t\u0161illi, k\u00fc\u00fcslauk, sool, suhkur, \u00e4\u00e4dikas. Vaata l\u00e4hemalt!","breadcrumb":{"@id":"https:\/\/tammetalu.eu\/toode\/tsillid-marinaadis-130g\/#breadcrumb"},"inLanguage":"fi","potentialAction":[{"@type":"ReadAction","target":["https:\/\/tammetalu.eu\/toode\/tsillid-marinaadis-130g\/"]}]},{"@type":"ImageObject","inLanguage":"fi","@id":"https:\/\/tammetalu.eu\/toode\/tsillid-marinaadis-130g\/#primaryimage","url":"https:\/\/tammetalu.eu\/wp-content\/uploads\/2022\/08\/Oko_Tsillid_marinaadis.jpg","contentUrl":"https:\/\/tammetalu.eu\/wp-content\/uploads\/2022\/08\/Oko_Tsillid_marinaadis.jpg","width":960,"height":960,"caption":"Oko_Tsillid_marinaadis"},{"@type":"BreadcrumbList","@id":"https:\/\/tammetalu.eu\/toode\/tsillid-marinaadis-130g\/#breadcrumb","itemListElement":[{"@type":"ListItem","position":1,"name":"Home","item":"https:\/\/tammetalu.eu\/fi\/etusivu\/"},{"@type":"ListItem","position":2,"name":"Kaikki tuotteet","item":"https:\/\/tammetalu.eu\/fi\/kaikki-tuotteet\/"},{"@type":"ListItem","position":3,"name":"MAHE T\u0161illid marinaadis 130g"}]},{"@type":"WebSite","@id":"https:\/\/tammetalu.eu\/#website","url":"https:\/\/tammetalu.eu\/","name":"Tamme talu \u00fcrdiaed","description":"K\u00e4sit\u00f6\u00f6na valmistatud tooted \u00fcrtidest, \u00fcrdiistikud, \u00fcrtide kollektsioonaed","publisher":{"@id":"https:\/\/tammetalu.eu\/#organization"},"alternateName":"Tamme talu","potentialAction":[{"@type":"SearchAction","target":{"@type":"EntryPoint","urlTemplate":"https:\/\/tammetalu.eu\/?s={search_term_string}"},"query-input":{"@type":"PropertyValueSpecification","valueRequired":true,"valueName":"search_term_string"}}],"inLanguage":"fi"},{"@type":"Organization","@id":"https:\/\/tammetalu.eu\/#organization","name":"Tamme talu \u00fcrdiaed","alternateName":"Tamme talu","url":"https:\/\/tammetalu.eu\/","logo":{"@type":"ImageObject","inLanguage":"fi","@id":"https:\/\/tammetalu.eu\/#\/schema\/logo\/image\/","url":"https:\/\/tammetalu.eu\/wp-content\/uploads\/2025\/01\/Tamme_talu_urdiaed.png","contentUrl":"https:\/\/tammetalu.eu\/wp-content\/uploads\/2025\/01\/Tamme_talu_urdiaed.png","width":560,"height":560,"caption":"Tamme talu \u00fcrdiaed"},"image":{"@id":"https:\/\/tammetalu.eu\/#\/schema\/logo\/image\/"},"sameAs":["https:\/\/www.facebook.com\/TammeTaluUrdiaed\/?locale=et_EE","https:\/\/www.instagram.com\/tammetaluurdiaed\/"]}]}},"_links":{"self":[{"href":"https:\/\/tammetalu.eu\/fi\/wp-json\/wp\/v2\/product\/15400","targetHints":{"allow":["GET"]}}],"collection":[{"href":"https:\/\/tammetalu.eu\/fi\/wp-json\/wp\/v2\/product"}],"about":[{"href":"https:\/\/tammetalu.eu\/fi\/wp-json\/wp\/v2\/types\/product"}],"wp:featuredmedia":[{"embeddable":true,"href":"https:\/\/tammetalu.eu\/fi\/wp-json\/wp\/v2\/media\/16692"}],"wp:attachment":[{"href":"https:\/\/tammetalu.eu\/fi\/wp-json\/wp\/v2\/media?parent=15400"}],"wp:term":[{"taxonomy":"product_brand","embeddable":true,"href":"https:\/\/tammetalu.eu\/fi\/wp-json\/wp\/v2\/product_brand?post=15400"},{"taxonomy":"product_cat","embeddable":true,"href":"https:\/\/tammetalu.eu\/fi\/wp-json\/wp\/v2\/product_cat?post=15400"},{"taxonomy":"product_tag","embeddable":true,"href":"https:\/\/tammetalu.eu\/fi\/wp-json\/wp\/v2\/product_tag?post=15400"}],"curies":[{"name":"wp","href":"https:\/\/api.w.org\/{rel}","templated":true}]}}