{"id":15403,"date":"2022-08-09T09:03:05","date_gmt":"2022-08-09T06:03:05","guid":{"rendered":"https:\/\/tammetalu.eu?post_type=product&#038;p=15403"},"modified":"2025-01-08T12:39:32","modified_gmt":"2025-01-08T10:39:32","slug":"kolme-mundi-tee-20g","status":"publish","type":"product","link":"https:\/\/tammetalu.eu\/fi\/toode\/kolme-mundi-tee-20g\/","title":{"rendered":"MAHE Kolme m\u00fcndi tee 20g"},"content":{"rendered":"","protected":false},"excerpt":{"rendered":"<p>199,50 \u20ac\/kg<\/p>\n<p>Taimetee<\/p>\n<p>Kolme m\u00fcndi tee on t\u00f5eliselt v\u00e4rske ja hea, sest sisaldab kolme erinevat m\u00fcnti. Tee on maitsev nii\u00a0 kuumalt kui ka k\u00fclmalt koos sidruni ja meega. Rahvameditsiinis hinnatakse piparm\u00fcnti rahustava ja l\u00f5\u00f5gastava toime t\u00f5ttu.<\/p>\n<p>Koostisosad: piparm\u00fcnt*, rohem\u00fcnt*, \u00f5unm\u00fcnt*<\/p>\n<p>*Kontrollitud mahep\u00f5llumajandusest<\/p>\n","protected":false},"featured_media":16682,"template":"","meta":{"_acf_changed":false,"_et_pb_use_builder":"","_et_pb_old_content":"","_et_gb_content_width":"","inline_featured_image":false},"product_brand":[],"product_cat":[182],"product_tag":[70],"class_list":{"0":"post-15403","1":"product","2":"type-product","3":"status-publish","4":"has-post-thumbnail","6":"product_cat-taimeteed","7":"product_tag-urditeed","9":"first","10":"instock","11":"taxable","12":"shipping-taxable","13":"purchasable","14":"product-type-simple"},"acf":[],"yoast_head":"<!-- This site is optimized with the Yoast SEO plugin v26.4 - https:\/\/yoast.com\/wordpress\/plugins\/seo\/ -->\n<title>Kolme m\u00fcndi tee - Tamme talu k\u00e4sitsi valmistatud \u00fcrdi- ja marjateed<\/title>\n<meta name=\"description\" content=\"Kolme m\u00fcndi tee. Tamme talu k\u00e4sitsi valmistatud \u00fcrdi- ja marjateed. Koostis: rohem\u00fcnt, \u00f5unm\u00fcnt, piparm\u00fcnt. Vaata l\u00e4hemalt ja telli ka endale!\" \/>\n<meta name=\"robots\" content=\"index, follow, max-snippet:-1, max-image-preview:large, max-video-preview:-1\" \/>\n<link rel=\"canonical\" href=\"https:\/\/tammetalu.eu\/toode\/kolme-mundi-tee-20g\/\" \/>\n<meta property=\"og:locale\" content=\"fi_FI\" \/>\n<meta property=\"og:type\" content=\"article\" \/>\n<meta property=\"og:title\" content=\"Kolme m\u00fcndi tee - Tamme talu k\u00e4sitsi valmistatud \u00fcrdi- ja marjateed\" \/>\n<meta property=\"og:description\" content=\"Kolme m\u00fcndi tee. Tamme talu k\u00e4sitsi valmistatud \u00fcrdi- ja marjateed. Koostis: rohem\u00fcnt, \u00f5unm\u00fcnt, piparm\u00fcnt. Vaata l\u00e4hemalt ja telli ka endale!\" \/>\n<meta property=\"og:url\" content=\"https:\/\/tammetalu.eu\/toode\/kolme-mundi-tee-20g\/\" \/>\n<meta property=\"og:site_name\" content=\"Tamme talu \u00fcrdiaed\" \/>\n<meta property=\"article:publisher\" content=\"https:\/\/www.facebook.com\/TammeTaluUrdiaed\/?locale=et_EE\" \/>\n<meta property=\"article:modified_time\" content=\"2025-01-08T10:39:32+00:00\" \/>\n<meta property=\"og:image\" content=\"https:\/\/tammetalu.eu\/wp-content\/uploads\/2022\/08\/Oko_Kolme_mundi_tee-1.jpg\" \/>\n\t<meta property=\"og:image:width\" content=\"960\" \/>\n\t<meta property=\"og:image:height\" content=\"960\" \/>\n\t<meta property=\"og:image:type\" content=\"image\/jpeg\" \/>\n<meta name=\"twitter:card\" content=\"summary_large_image\" \/>\n<script type=\"application\/ld+json\" class=\"yoast-schema-graph\">{\"@context\":\"https:\/\/schema.org\",\"@graph\":[{\"@type\":\"WebPage\",\"@id\":\"https:\/\/tammetalu.eu\/toode\/kolme-mundi-tee-20g\/\",\"url\":\"https:\/\/tammetalu.eu\/toode\/kolme-mundi-tee-20g\/\",\"name\":\"Kolme m\u00fcndi tee - Tamme talu k\u00e4sitsi valmistatud \u00fcrdi- ja marjateed\",\"isPartOf\":{\"@id\":\"https:\/\/tammetalu.eu\/#website\"},\"primaryImageOfPage\":{\"@id\":\"https:\/\/tammetalu.eu\/toode\/kolme-mundi-tee-20g\/#primaryimage\"},\"image\":{\"@id\":\"https:\/\/tammetalu.eu\/toode\/kolme-mundi-tee-20g\/#primaryimage\"},\"thumbnailUrl\":\"https:\/\/tammetalu.eu\/wp-content\/uploads\/2022\/08\/Oko_Kolme_mundi_tee-1.jpg\",\"datePublished\":\"2022-08-09T06:03:05+00:00\",\"dateModified\":\"2025-01-08T10:39:32+00:00\",\"description\":\"Kolme m\u00fcndi tee. Tamme talu k\u00e4sitsi valmistatud \u00fcrdi- ja marjateed. Koostis: rohem\u00fcnt, \u00f5unm\u00fcnt, piparm\u00fcnt. Vaata l\u00e4hemalt ja telli ka endale!\",\"breadcrumb\":{\"@id\":\"https:\/\/tammetalu.eu\/toode\/kolme-mundi-tee-20g\/#breadcrumb\"},\"inLanguage\":\"fi\",\"potentialAction\":[{\"@type\":\"ReadAction\",\"target\":[\"https:\/\/tammetalu.eu\/toode\/kolme-mundi-tee-20g\/\"]}]},{\"@type\":\"ImageObject\",\"inLanguage\":\"fi\",\"@id\":\"https:\/\/tammetalu.eu\/toode\/kolme-mundi-tee-20g\/#primaryimage\",\"url\":\"https:\/\/tammetalu.eu\/wp-content\/uploads\/2022\/08\/Oko_Kolme_mundi_tee-1.jpg\",\"contentUrl\":\"https:\/\/tammetalu.eu\/wp-content\/uploads\/2022\/08\/Oko_Kolme_mundi_tee-1.jpg\",\"width\":960,\"height\":960,\"caption\":\"Oko_Kolme_mundi_tee\"},{\"@type\":\"BreadcrumbList\",\"@id\":\"https:\/\/tammetalu.eu\/toode\/kolme-mundi-tee-20g\/#breadcrumb\",\"itemListElement\":[{\"@type\":\"ListItem\",\"position\":1,\"name\":\"Home\",\"item\":\"https:\/\/tammetalu.eu\/fi\/etusivu\/\"},{\"@type\":\"ListItem\",\"position\":2,\"name\":\"Kaikki tuotteet\",\"item\":\"https:\/\/tammetalu.eu\/fi\/kaikki-tuotteet\/\"},{\"@type\":\"ListItem\",\"position\":3,\"name\":\"MAHE Kolme m\u00fcndi tee 20g\"}]},{\"@type\":\"WebSite\",\"@id\":\"https:\/\/tammetalu.eu\/#website\",\"url\":\"https:\/\/tammetalu.eu\/\",\"name\":\"Tamme talu \u00fcrdiaed\",\"description\":\"K\u00e4sit\u00f6\u00f6na valmistatud tooted \u00fcrtidest, \u00fcrdiistikud, \u00fcrtide kollektsioonaed\",\"publisher\":{\"@id\":\"https:\/\/tammetalu.eu\/#organization\"},\"alternateName\":\"Tamme talu\",\"potentialAction\":[{\"@type\":\"SearchAction\",\"target\":{\"@type\":\"EntryPoint\",\"urlTemplate\":\"https:\/\/tammetalu.eu\/?s={search_term_string}\"},\"query-input\":{\"@type\":\"PropertyValueSpecification\",\"valueRequired\":true,\"valueName\":\"search_term_string\"}}],\"inLanguage\":\"fi\"},{\"@type\":\"Organization\",\"@id\":\"https:\/\/tammetalu.eu\/#organization\",\"name\":\"Tamme talu \u00fcrdiaed\",\"alternateName\":\"Tamme talu\",\"url\":\"https:\/\/tammetalu.eu\/\",\"logo\":{\"@type\":\"ImageObject\",\"inLanguage\":\"fi\",\"@id\":\"https:\/\/tammetalu.eu\/#\/schema\/logo\/image\/\",\"url\":\"https:\/\/tammetalu.eu\/wp-content\/uploads\/2025\/01\/Tamme_talu_urdiaed.png\",\"contentUrl\":\"https:\/\/tammetalu.eu\/wp-content\/uploads\/2025\/01\/Tamme_talu_urdiaed.png\",\"width\":560,\"height\":560,\"caption\":\"Tamme talu \u00fcrdiaed\"},\"image\":{\"@id\":\"https:\/\/tammetalu.eu\/#\/schema\/logo\/image\/\"},\"sameAs\":[\"https:\/\/www.facebook.com\/TammeTaluUrdiaed\/?locale=et_EE\",\"https:\/\/www.instagram.com\/tammetaluurdiaed\/\"]}]}<\/script>\n<!-- \/ Yoast SEO plugin. -->","yoast_head_json":{"title":"Kolme m\u00fcndi tee - Tamme talu k\u00e4sitsi valmistatud \u00fcrdi- ja marjateed","description":"Kolme m\u00fcndi tee. Tamme talu k\u00e4sitsi valmistatud \u00fcrdi- ja marjateed. Koostis: rohem\u00fcnt, \u00f5unm\u00fcnt, piparm\u00fcnt. Vaata l\u00e4hemalt ja telli ka endale!","robots":{"index":"index","follow":"follow","max-snippet":"max-snippet:-1","max-image-preview":"max-image-preview:large","max-video-preview":"max-video-preview:-1"},"canonical":"https:\/\/tammetalu.eu\/toode\/kolme-mundi-tee-20g\/","og_locale":"fi_FI","og_type":"article","og_title":"Kolme m\u00fcndi tee - Tamme talu k\u00e4sitsi valmistatud \u00fcrdi- ja marjateed","og_description":"Kolme m\u00fcndi tee. Tamme talu k\u00e4sitsi valmistatud \u00fcrdi- ja marjateed. Koostis: rohem\u00fcnt, \u00f5unm\u00fcnt, piparm\u00fcnt. Vaata l\u00e4hemalt ja telli ka endale!","og_url":"https:\/\/tammetalu.eu\/toode\/kolme-mundi-tee-20g\/","og_site_name":"Tamme talu \u00fcrdiaed","article_publisher":"https:\/\/www.facebook.com\/TammeTaluUrdiaed\/?locale=et_EE","article_modified_time":"2025-01-08T10:39:32+00:00","og_image":[{"width":960,"height":960,"url":"https:\/\/tammetalu.eu\/wp-content\/uploads\/2022\/08\/Oko_Kolme_mundi_tee-1.jpg","type":"image\/jpeg"}],"twitter_card":"summary_large_image","schema":{"@context":"https:\/\/schema.org","@graph":[{"@type":"WebPage","@id":"https:\/\/tammetalu.eu\/toode\/kolme-mundi-tee-20g\/","url":"https:\/\/tammetalu.eu\/toode\/kolme-mundi-tee-20g\/","name":"Kolme m\u00fcndi tee - Tamme talu k\u00e4sitsi valmistatud \u00fcrdi- ja marjateed","isPartOf":{"@id":"https:\/\/tammetalu.eu\/#website"},"primaryImageOfPage":{"@id":"https:\/\/tammetalu.eu\/toode\/kolme-mundi-tee-20g\/#primaryimage"},"image":{"@id":"https:\/\/tammetalu.eu\/toode\/kolme-mundi-tee-20g\/#primaryimage"},"thumbnailUrl":"https:\/\/tammetalu.eu\/wp-content\/uploads\/2022\/08\/Oko_Kolme_mundi_tee-1.jpg","datePublished":"2022-08-09T06:03:05+00:00","dateModified":"2025-01-08T10:39:32+00:00","description":"Kolme m\u00fcndi tee. Tamme talu k\u00e4sitsi valmistatud \u00fcrdi- ja marjateed. Koostis: rohem\u00fcnt, \u00f5unm\u00fcnt, piparm\u00fcnt. Vaata l\u00e4hemalt ja telli ka endale!","breadcrumb":{"@id":"https:\/\/tammetalu.eu\/toode\/kolme-mundi-tee-20g\/#breadcrumb"},"inLanguage":"fi","potentialAction":[{"@type":"ReadAction","target":["https:\/\/tammetalu.eu\/toode\/kolme-mundi-tee-20g\/"]}]},{"@type":"ImageObject","inLanguage":"fi","@id":"https:\/\/tammetalu.eu\/toode\/kolme-mundi-tee-20g\/#primaryimage","url":"https:\/\/tammetalu.eu\/wp-content\/uploads\/2022\/08\/Oko_Kolme_mundi_tee-1.jpg","contentUrl":"https:\/\/tammetalu.eu\/wp-content\/uploads\/2022\/08\/Oko_Kolme_mundi_tee-1.jpg","width":960,"height":960,"caption":"Oko_Kolme_mundi_tee"},{"@type":"BreadcrumbList","@id":"https:\/\/tammetalu.eu\/toode\/kolme-mundi-tee-20g\/#breadcrumb","itemListElement":[{"@type":"ListItem","position":1,"name":"Home","item":"https:\/\/tammetalu.eu\/fi\/etusivu\/"},{"@type":"ListItem","position":2,"name":"Kaikki tuotteet","item":"https:\/\/tammetalu.eu\/fi\/kaikki-tuotteet\/"},{"@type":"ListItem","position":3,"name":"MAHE Kolme m\u00fcndi tee 20g"}]},{"@type":"WebSite","@id":"https:\/\/tammetalu.eu\/#website","url":"https:\/\/tammetalu.eu\/","name":"Tamme talu \u00fcrdiaed","description":"K\u00e4sit\u00f6\u00f6na valmistatud tooted \u00fcrtidest, \u00fcrdiistikud, \u00fcrtide kollektsioonaed","publisher":{"@id":"https:\/\/tammetalu.eu\/#organization"},"alternateName":"Tamme talu","potentialAction":[{"@type":"SearchAction","target":{"@type":"EntryPoint","urlTemplate":"https:\/\/tammetalu.eu\/?s={search_term_string}"},"query-input":{"@type":"PropertyValueSpecification","valueRequired":true,"valueName":"search_term_string"}}],"inLanguage":"fi"},{"@type":"Organization","@id":"https:\/\/tammetalu.eu\/#organization","name":"Tamme talu \u00fcrdiaed","alternateName":"Tamme talu","url":"https:\/\/tammetalu.eu\/","logo":{"@type":"ImageObject","inLanguage":"fi","@id":"https:\/\/tammetalu.eu\/#\/schema\/logo\/image\/","url":"https:\/\/tammetalu.eu\/wp-content\/uploads\/2025\/01\/Tamme_talu_urdiaed.png","contentUrl":"https:\/\/tammetalu.eu\/wp-content\/uploads\/2025\/01\/Tamme_talu_urdiaed.png","width":560,"height":560,"caption":"Tamme talu \u00fcrdiaed"},"image":{"@id":"https:\/\/tammetalu.eu\/#\/schema\/logo\/image\/"},"sameAs":["https:\/\/www.facebook.com\/TammeTaluUrdiaed\/?locale=et_EE","https:\/\/www.instagram.com\/tammetaluurdiaed\/"]}]}},"_links":{"self":[{"href":"https:\/\/tammetalu.eu\/fi\/wp-json\/wp\/v2\/product\/15403","targetHints":{"allow":["GET"]}}],"collection":[{"href":"https:\/\/tammetalu.eu\/fi\/wp-json\/wp\/v2\/product"}],"about":[{"href":"https:\/\/tammetalu.eu\/fi\/wp-json\/wp\/v2\/types\/product"}],"wp:featuredmedia":[{"embeddable":true,"href":"https:\/\/tammetalu.eu\/fi\/wp-json\/wp\/v2\/media\/16682"}],"wp:attachment":[{"href":"https:\/\/tammetalu.eu\/fi\/wp-json\/wp\/v2\/media?parent=15403"}],"wp:term":[{"taxonomy":"product_brand","embeddable":true,"href":"https:\/\/tammetalu.eu\/fi\/wp-json\/wp\/v2\/product_brand?post=15403"},{"taxonomy":"product_cat","embeddable":true,"href":"https:\/\/tammetalu.eu\/fi\/wp-json\/wp\/v2\/product_cat?post=15403"},{"taxonomy":"product_tag","embeddable":true,"href":"https:\/\/tammetalu.eu\/fi\/wp-json\/wp\/v2\/product_tag?post=15403"}],"curies":[{"name":"wp","href":"https:\/\/api.w.org\/{rel}","templated":true}]}}