{"id":15411,"date":"2022-08-09T09:03:06","date_gmt":"2022-08-09T06:03:06","guid":{"rendered":"https:\/\/tammetalu.eu?post_type=product&#038;p=15411"},"modified":"2025-09-12T10:53:28","modified_gmt":"2025-09-12T07:53:28","slug":"maasikatee-basiilikuga-25g","status":"publish","type":"product","link":"https:\/\/tammetalu.eu\/fi\/toode\/maasikatee-basiilikuga-25g\/","title":{"rendered":"MAHE Maasikatee basiilikuga 25g"},"content":{"rendered":"","protected":false},"excerpt":{"rendered":"<p>159,60 \u20ac\/kg<\/p>\n<p>Marjatee<\/p>\n<p>Maasikatee basiilikuga on just \u00f5ige tee kui soovid nautida suviseid maitseid magusatest maasikatest koos riukaliku basiilikuga. Maasikad annavad joogile k\u00fcpsetele maasikatele omase maitse ja aroomi, basiilik lisab teele leebelt v\u00fcrtsika alatooni ning \u00f5un annab v\u00e4rske ja hapuka alatooni. Tee sobib joomiseks ka jahutatuna koos sidruniviiluga.<\/p>\n<p>Koostisosad: k\u00fclmkuivatatud maasikad*, k\u00fclmkuivatatud \u00f5unat\u00fckid*, maasikalehed*, basiilik*<\/p>\n<p>*Kontrollitud mahep\u00f5llumajandusest.<\/p>\n","protected":false},"featured_media":16624,"template":"","meta":{"_acf_changed":false,"_et_pb_use_builder":"","_et_pb_old_content":"","_et_gb_content_width":"","inline_featured_image":false},"product_brand":[],"product_cat":[183],"product_tag":[71],"class_list":{"0":"post-15411","1":"product","2":"type-product","3":"status-publish","4":"has-post-thumbnail","6":"product_cat-marjateed-urtidega","7":"product_tag-marjateed","9":"first","10":"instock","11":"taxable","12":"shipping-taxable","13":"purchasable","14":"product-type-simple"},"acf":[],"yoast_head":"<!-- This site is optimized with the Yoast SEO plugin v26.4 - https:\/\/yoast.com\/wordpress\/plugins\/seo\/ -->\n<title>\u00d6KO Maasikatee basiilikuga - Tamme talu taime- ja marjateed<\/title>\n<meta name=\"description\" content=\"Maasikatee basiilikuga - Tamme talu taime- ja marjateed. Maasikatee basiilikuga on just \u00f5ige tee kui soovid nautida suviseid maitseid magusatest maasikatest\" \/>\n<meta name=\"robots\" content=\"index, follow, max-snippet:-1, max-image-preview:large, max-video-preview:-1\" \/>\n<link rel=\"canonical\" href=\"https:\/\/tammetalu.eu\/toode\/maasikatee-basiilikuga-25g\/\" \/>\n<meta property=\"og:locale\" content=\"fi_FI\" \/>\n<meta property=\"og:type\" content=\"article\" \/>\n<meta property=\"og:title\" content=\"\u00d6KO Maasikatee basiilikuga - Tamme talu taime- ja marjateed\" \/>\n<meta property=\"og:description\" content=\"Maasikatee basiilikuga - Tamme talu taime- ja marjateed. Maasikatee basiilikuga on just \u00f5ige tee kui soovid nautida suviseid maitseid magusatest maasikatest\" \/>\n<meta property=\"og:url\" content=\"https:\/\/tammetalu.eu\/toode\/maasikatee-basiilikuga-25g\/\" \/>\n<meta property=\"og:site_name\" content=\"Tamme talu \u00fcrdiaed\" \/>\n<meta property=\"article:publisher\" content=\"https:\/\/www.facebook.com\/TammeTaluUrdiaed\/?locale=et_EE\" \/>\n<meta property=\"article:modified_time\" content=\"2025-09-12T07:53:28+00:00\" \/>\n<meta property=\"og:image\" content=\"https:\/\/tammetalu.eu\/wp-content\/uploads\/2022\/08\/Oko_Maasikatee_basiilikuga.jpg\" \/>\n\t<meta property=\"og:image:width\" content=\"960\" \/>\n\t<meta property=\"og:image:height\" content=\"960\" \/>\n\t<meta property=\"og:image:type\" content=\"image\/jpeg\" \/>\n<meta name=\"twitter:card\" content=\"summary_large_image\" \/>\n<meta name=\"twitter:label1\" content=\"Arvioitu lukuaika\" \/>\n\t<meta name=\"twitter:data1\" content=\"1 minuutti\" \/>\n<script type=\"application\/ld+json\" class=\"yoast-schema-graph\">{\"@context\":\"https:\/\/schema.org\",\"@graph\":[{\"@type\":\"WebPage\",\"@id\":\"https:\/\/tammetalu.eu\/toode\/maasikatee-basiilikuga-25g\/\",\"url\":\"https:\/\/tammetalu.eu\/toode\/maasikatee-basiilikuga-25g\/\",\"name\":\"\u00d6KO Maasikatee basiilikuga - Tamme talu taime- ja marjateed\",\"isPartOf\":{\"@id\":\"https:\/\/tammetalu.eu\/#website\"},\"primaryImageOfPage\":{\"@id\":\"https:\/\/tammetalu.eu\/toode\/maasikatee-basiilikuga-25g\/#primaryimage\"},\"image\":{\"@id\":\"https:\/\/tammetalu.eu\/toode\/maasikatee-basiilikuga-25g\/#primaryimage\"},\"thumbnailUrl\":\"https:\/\/tammetalu.eu\/wp-content\/uploads\/2022\/08\/Oko_Maasikatee_basiilikuga.jpg\",\"datePublished\":\"2022-08-09T06:03:06+00:00\",\"dateModified\":\"2025-09-12T07:53:28+00:00\",\"description\":\"Maasikatee basiilikuga - Tamme talu taime- ja marjateed. Maasikatee basiilikuga on just \u00f5ige tee kui soovid nautida suviseid maitseid magusatest maasikatest\",\"breadcrumb\":{\"@id\":\"https:\/\/tammetalu.eu\/toode\/maasikatee-basiilikuga-25g\/#breadcrumb\"},\"inLanguage\":\"fi\",\"potentialAction\":[{\"@type\":\"ReadAction\",\"target\":[\"https:\/\/tammetalu.eu\/toode\/maasikatee-basiilikuga-25g\/\"]}]},{\"@type\":\"ImageObject\",\"inLanguage\":\"fi\",\"@id\":\"https:\/\/tammetalu.eu\/toode\/maasikatee-basiilikuga-25g\/#primaryimage\",\"url\":\"https:\/\/tammetalu.eu\/wp-content\/uploads\/2022\/08\/Oko_Maasikatee_basiilikuga.jpg\",\"contentUrl\":\"https:\/\/tammetalu.eu\/wp-content\/uploads\/2022\/08\/Oko_Maasikatee_basiilikuga.jpg\",\"width\":960,\"height\":960,\"caption\":\"Oko_Maasikatee_basiilikuga\"},{\"@type\":\"BreadcrumbList\",\"@id\":\"https:\/\/tammetalu.eu\/toode\/maasikatee-basiilikuga-25g\/#breadcrumb\",\"itemListElement\":[{\"@type\":\"ListItem\",\"position\":1,\"name\":\"Home\",\"item\":\"https:\/\/tammetalu.eu\/fi\/etusivu\/\"},{\"@type\":\"ListItem\",\"position\":2,\"name\":\"Kaikki tuotteet\",\"item\":\"https:\/\/tammetalu.eu\/fi\/kaikki-tuotteet\/\"},{\"@type\":\"ListItem\",\"position\":3,\"name\":\"MAHE Maasikatee basiilikuga 25g\"}]},{\"@type\":\"WebSite\",\"@id\":\"https:\/\/tammetalu.eu\/#website\",\"url\":\"https:\/\/tammetalu.eu\/\",\"name\":\"Tamme talu \u00fcrdiaed\",\"description\":\"K\u00e4sit\u00f6\u00f6na valmistatud tooted \u00fcrtidest, \u00fcrdiistikud, \u00fcrtide kollektsioonaed\",\"publisher\":{\"@id\":\"https:\/\/tammetalu.eu\/#organization\"},\"alternateName\":\"Tamme talu\",\"potentialAction\":[{\"@type\":\"SearchAction\",\"target\":{\"@type\":\"EntryPoint\",\"urlTemplate\":\"https:\/\/tammetalu.eu\/?s={search_term_string}\"},\"query-input\":{\"@type\":\"PropertyValueSpecification\",\"valueRequired\":true,\"valueName\":\"search_term_string\"}}],\"inLanguage\":\"fi\"},{\"@type\":\"Organization\",\"@id\":\"https:\/\/tammetalu.eu\/#organization\",\"name\":\"Tamme talu \u00fcrdiaed\",\"alternateName\":\"Tamme talu\",\"url\":\"https:\/\/tammetalu.eu\/\",\"logo\":{\"@type\":\"ImageObject\",\"inLanguage\":\"fi\",\"@id\":\"https:\/\/tammetalu.eu\/#\/schema\/logo\/image\/\",\"url\":\"https:\/\/tammetalu.eu\/wp-content\/uploads\/2025\/01\/Tamme_talu_urdiaed.png\",\"contentUrl\":\"https:\/\/tammetalu.eu\/wp-content\/uploads\/2025\/01\/Tamme_talu_urdiaed.png\",\"width\":560,\"height\":560,\"caption\":\"Tamme talu \u00fcrdiaed\"},\"image\":{\"@id\":\"https:\/\/tammetalu.eu\/#\/schema\/logo\/image\/\"},\"sameAs\":[\"https:\/\/www.facebook.com\/TammeTaluUrdiaed\/?locale=et_EE\",\"https:\/\/www.instagram.com\/tammetaluurdiaed\/\"]}]}<\/script>\n<!-- \/ Yoast SEO plugin. -->","yoast_head_json":{"title":"\u00d6KO Maasikatee basiilikuga - Tamme talu taime- ja marjateed","description":"Maasikatee basiilikuga - Tamme talu taime- ja marjateed. Maasikatee basiilikuga on just \u00f5ige tee kui soovid nautida suviseid maitseid magusatest maasikatest","robots":{"index":"index","follow":"follow","max-snippet":"max-snippet:-1","max-image-preview":"max-image-preview:large","max-video-preview":"max-video-preview:-1"},"canonical":"https:\/\/tammetalu.eu\/toode\/maasikatee-basiilikuga-25g\/","og_locale":"fi_FI","og_type":"article","og_title":"\u00d6KO Maasikatee basiilikuga - Tamme talu taime- ja marjateed","og_description":"Maasikatee basiilikuga - Tamme talu taime- ja marjateed. Maasikatee basiilikuga on just \u00f5ige tee kui soovid nautida suviseid maitseid magusatest maasikatest","og_url":"https:\/\/tammetalu.eu\/toode\/maasikatee-basiilikuga-25g\/","og_site_name":"Tamme talu \u00fcrdiaed","article_publisher":"https:\/\/www.facebook.com\/TammeTaluUrdiaed\/?locale=et_EE","article_modified_time":"2025-09-12T07:53:28+00:00","og_image":[{"width":960,"height":960,"url":"https:\/\/tammetalu.eu\/wp-content\/uploads\/2022\/08\/Oko_Maasikatee_basiilikuga.jpg","type":"image\/jpeg"}],"twitter_card":"summary_large_image","twitter_misc":{"Arvioitu lukuaika":"1 minuutti"},"schema":{"@context":"https:\/\/schema.org","@graph":[{"@type":"WebPage","@id":"https:\/\/tammetalu.eu\/toode\/maasikatee-basiilikuga-25g\/","url":"https:\/\/tammetalu.eu\/toode\/maasikatee-basiilikuga-25g\/","name":"\u00d6KO Maasikatee basiilikuga - Tamme talu taime- ja marjateed","isPartOf":{"@id":"https:\/\/tammetalu.eu\/#website"},"primaryImageOfPage":{"@id":"https:\/\/tammetalu.eu\/toode\/maasikatee-basiilikuga-25g\/#primaryimage"},"image":{"@id":"https:\/\/tammetalu.eu\/toode\/maasikatee-basiilikuga-25g\/#primaryimage"},"thumbnailUrl":"https:\/\/tammetalu.eu\/wp-content\/uploads\/2022\/08\/Oko_Maasikatee_basiilikuga.jpg","datePublished":"2022-08-09T06:03:06+00:00","dateModified":"2025-09-12T07:53:28+00:00","description":"Maasikatee basiilikuga - Tamme talu taime- ja marjateed. Maasikatee basiilikuga on just \u00f5ige tee kui soovid nautida suviseid maitseid magusatest maasikatest","breadcrumb":{"@id":"https:\/\/tammetalu.eu\/toode\/maasikatee-basiilikuga-25g\/#breadcrumb"},"inLanguage":"fi","potentialAction":[{"@type":"ReadAction","target":["https:\/\/tammetalu.eu\/toode\/maasikatee-basiilikuga-25g\/"]}]},{"@type":"ImageObject","inLanguage":"fi","@id":"https:\/\/tammetalu.eu\/toode\/maasikatee-basiilikuga-25g\/#primaryimage","url":"https:\/\/tammetalu.eu\/wp-content\/uploads\/2022\/08\/Oko_Maasikatee_basiilikuga.jpg","contentUrl":"https:\/\/tammetalu.eu\/wp-content\/uploads\/2022\/08\/Oko_Maasikatee_basiilikuga.jpg","width":960,"height":960,"caption":"Oko_Maasikatee_basiilikuga"},{"@type":"BreadcrumbList","@id":"https:\/\/tammetalu.eu\/toode\/maasikatee-basiilikuga-25g\/#breadcrumb","itemListElement":[{"@type":"ListItem","position":1,"name":"Home","item":"https:\/\/tammetalu.eu\/fi\/etusivu\/"},{"@type":"ListItem","position":2,"name":"Kaikki tuotteet","item":"https:\/\/tammetalu.eu\/fi\/kaikki-tuotteet\/"},{"@type":"ListItem","position":3,"name":"MAHE Maasikatee basiilikuga 25g"}]},{"@type":"WebSite","@id":"https:\/\/tammetalu.eu\/#website","url":"https:\/\/tammetalu.eu\/","name":"Tamme talu \u00fcrdiaed","description":"K\u00e4sit\u00f6\u00f6na valmistatud tooted \u00fcrtidest, \u00fcrdiistikud, \u00fcrtide kollektsioonaed","publisher":{"@id":"https:\/\/tammetalu.eu\/#organization"},"alternateName":"Tamme talu","potentialAction":[{"@type":"SearchAction","target":{"@type":"EntryPoint","urlTemplate":"https:\/\/tammetalu.eu\/?s={search_term_string}"},"query-input":{"@type":"PropertyValueSpecification","valueRequired":true,"valueName":"search_term_string"}}],"inLanguage":"fi"},{"@type":"Organization","@id":"https:\/\/tammetalu.eu\/#organization","name":"Tamme talu \u00fcrdiaed","alternateName":"Tamme talu","url":"https:\/\/tammetalu.eu\/","logo":{"@type":"ImageObject","inLanguage":"fi","@id":"https:\/\/tammetalu.eu\/#\/schema\/logo\/image\/","url":"https:\/\/tammetalu.eu\/wp-content\/uploads\/2025\/01\/Tamme_talu_urdiaed.png","contentUrl":"https:\/\/tammetalu.eu\/wp-content\/uploads\/2025\/01\/Tamme_talu_urdiaed.png","width":560,"height":560,"caption":"Tamme talu \u00fcrdiaed"},"image":{"@id":"https:\/\/tammetalu.eu\/#\/schema\/logo\/image\/"},"sameAs":["https:\/\/www.facebook.com\/TammeTaluUrdiaed\/?locale=et_EE","https:\/\/www.instagram.com\/tammetaluurdiaed\/"]}]}},"_links":{"self":[{"href":"https:\/\/tammetalu.eu\/fi\/wp-json\/wp\/v2\/product\/15411","targetHints":{"allow":["GET"]}}],"collection":[{"href":"https:\/\/tammetalu.eu\/fi\/wp-json\/wp\/v2\/product"}],"about":[{"href":"https:\/\/tammetalu.eu\/fi\/wp-json\/wp\/v2\/types\/product"}],"wp:featuredmedia":[{"embeddable":true,"href":"https:\/\/tammetalu.eu\/fi\/wp-json\/wp\/v2\/media\/16624"}],"wp:attachment":[{"href":"https:\/\/tammetalu.eu\/fi\/wp-json\/wp\/v2\/media?parent=15411"}],"wp:term":[{"taxonomy":"product_brand","embeddable":true,"href":"https:\/\/tammetalu.eu\/fi\/wp-json\/wp\/v2\/product_brand?post=15411"},{"taxonomy":"product_cat","embeddable":true,"href":"https:\/\/tammetalu.eu\/fi\/wp-json\/wp\/v2\/product_cat?post=15411"},{"taxonomy":"product_tag","embeddable":true,"href":"https:\/\/tammetalu.eu\/fi\/wp-json\/wp\/v2\/product_tag?post=15411"}],"curies":[{"name":"wp","href":"https:\/\/api.w.org\/{rel}","templated":true}]}}