{"id":15475,"date":"2022-08-09T09:03:28","date_gmt":"2022-08-09T06:03:28","guid":{"rendered":"https:\/\/tammetalu.eu?post_type=product&#038;p=15475"},"modified":"2025-01-08T12:47:31","modified_gmt":"2025-01-08T10:47:31","slug":"mustikatee-melissiga-25g","status":"publish","type":"product","link":"https:\/\/tammetalu.eu\/fi\/toode\/mustikatee-melissiga-25g\/","title":{"rendered":"MAHE Mustikatee melissiga 25g"},"content":{"rendered":"","protected":false},"excerpt":{"rendered":"<p>167,6 \u20ac\/kg<\/p>\n<p>Marjatee<\/p>\n<p>Naudi tassikest teed, mis on t\u00e4is tervist pakatavaid mustikaid. Mustikad annavad joogile k\u00fcpsete mustikate maitse ja aroomi. Meliss t\u00e4iendab tee \u00a0maitsebuketti h\u00f5rgutava sidrunise mekiga. Jahutatud tee koos sidruni- v\u00f5i apelsiniviilu ja j\u00e4\u00e4ga sobib janukustutuseks ka kuumal suvep\u00e4eval. Juba joomiseks parajaks jahtunud teele v\u00f5ib maitse j\u00e4rgi \u00a0lisada veidi mett v\u00f5i suhkrut.<\/p>\n<p>Koostisosad: k\u00fclmkuivatatud mustikad*, mustikalehed*, meliss*<\/p>\n<p>*Kontrollitud mahep\u00f5llumajandusest<\/p>\n","protected":false},"featured_media":16640,"template":"","meta":{"_acf_changed":false,"_et_pb_use_builder":"","_et_pb_old_content":"","_et_gb_content_width":"","inline_featured_image":false},"product_brand":[],"product_cat":[183],"product_tag":[],"class_list":{"0":"post-15475","1":"product","2":"type-product","3":"status-publish","4":"has-post-thumbnail","6":"product_cat-marjateed-urtidega","8":"first","9":"instock","10":"taxable","11":"shipping-taxable","12":"purchasable","13":"product-type-simple"},"acf":[],"yoast_head":"<!-- This site is optimized with the Yoast SEO plugin v26.4 - https:\/\/yoast.com\/wordpress\/plugins\/seo\/ -->\n<title>MAHE Mustikatee melissiga 25g - Tamme talu \u00fcrdiaed<\/title>\n<meta name=\"description\" content=\"Naudi teed, mis on t\u00e4is tervist pakatavaid mustikaid. Mustikad annavad joogile k\u00fcpsete mustikate maitse ja aroomi. Meliss t\u00e4iendab tee \u00a0maitsebuketti.\" \/>\n<meta name=\"robots\" content=\"index, follow, max-snippet:-1, max-image-preview:large, max-video-preview:-1\" \/>\n<link rel=\"canonical\" href=\"https:\/\/tammetalu.eu\/toode\/mustikatee-melissiga-25g\/\" \/>\n<meta property=\"og:locale\" content=\"fi_FI\" \/>\n<meta property=\"og:type\" content=\"article\" \/>\n<meta property=\"og:title\" content=\"MAHE Mustikatee melissiga 25g - Tamme talu \u00fcrdiaed\" \/>\n<meta property=\"og:description\" content=\"Naudi teed, mis on t\u00e4is tervist pakatavaid mustikaid. Mustikad annavad joogile k\u00fcpsete mustikate maitse ja aroomi. Meliss t\u00e4iendab tee \u00a0maitsebuketti.\" \/>\n<meta property=\"og:url\" content=\"https:\/\/tammetalu.eu\/toode\/mustikatee-melissiga-25g\/\" \/>\n<meta property=\"og:site_name\" content=\"Tamme talu \u00fcrdiaed\" \/>\n<meta property=\"article:publisher\" content=\"https:\/\/www.facebook.com\/TammeTaluUrdiaed\/?locale=et_EE\" \/>\n<meta property=\"article:modified_time\" content=\"2025-01-08T10:47:31+00:00\" \/>\n<meta property=\"og:image\" content=\"https:\/\/tammetalu.eu\/wp-content\/uploads\/2022\/08\/Oko_Mustikatee_melissiga.jpg\" \/>\n\t<meta property=\"og:image:width\" content=\"960\" \/>\n\t<meta property=\"og:image:height\" content=\"960\" \/>\n\t<meta property=\"og:image:type\" content=\"image\/jpeg\" \/>\n<meta name=\"twitter:card\" content=\"summary_large_image\" \/>\n<script type=\"application\/ld+json\" class=\"yoast-schema-graph\">{\"@context\":\"https:\/\/schema.org\",\"@graph\":[{\"@type\":\"WebPage\",\"@id\":\"https:\/\/tammetalu.eu\/toode\/mustikatee-melissiga-25g\/\",\"url\":\"https:\/\/tammetalu.eu\/toode\/mustikatee-melissiga-25g\/\",\"name\":\"MAHE Mustikatee melissiga 25g - Tamme talu \u00fcrdiaed\",\"isPartOf\":{\"@id\":\"https:\/\/tammetalu.eu\/#website\"},\"primaryImageOfPage\":{\"@id\":\"https:\/\/tammetalu.eu\/toode\/mustikatee-melissiga-25g\/#primaryimage\"},\"image\":{\"@id\":\"https:\/\/tammetalu.eu\/toode\/mustikatee-melissiga-25g\/#primaryimage\"},\"thumbnailUrl\":\"https:\/\/tammetalu.eu\/wp-content\/uploads\/2022\/08\/Oko_Mustikatee_melissiga.jpg\",\"datePublished\":\"2022-08-09T06:03:28+00:00\",\"dateModified\":\"2025-01-08T10:47:31+00:00\",\"description\":\"Naudi teed, mis on t\u00e4is tervist pakatavaid mustikaid. Mustikad annavad joogile k\u00fcpsete mustikate maitse ja aroomi. Meliss t\u00e4iendab tee \u00a0maitsebuketti.\",\"breadcrumb\":{\"@id\":\"https:\/\/tammetalu.eu\/toode\/mustikatee-melissiga-25g\/#breadcrumb\"},\"inLanguage\":\"fi\",\"potentialAction\":[{\"@type\":\"ReadAction\",\"target\":[\"https:\/\/tammetalu.eu\/toode\/mustikatee-melissiga-25g\/\"]}]},{\"@type\":\"ImageObject\",\"inLanguage\":\"fi\",\"@id\":\"https:\/\/tammetalu.eu\/toode\/mustikatee-melissiga-25g\/#primaryimage\",\"url\":\"https:\/\/tammetalu.eu\/wp-content\/uploads\/2022\/08\/Oko_Mustikatee_melissiga.jpg\",\"contentUrl\":\"https:\/\/tammetalu.eu\/wp-content\/uploads\/2022\/08\/Oko_Mustikatee_melissiga.jpg\",\"width\":960,\"height\":960,\"caption\":\"Oko_Mustikatee_melissiga\"},{\"@type\":\"BreadcrumbList\",\"@id\":\"https:\/\/tammetalu.eu\/toode\/mustikatee-melissiga-25g\/#breadcrumb\",\"itemListElement\":[{\"@type\":\"ListItem\",\"position\":1,\"name\":\"Home\",\"item\":\"https:\/\/tammetalu.eu\/fi\/etusivu\/\"},{\"@type\":\"ListItem\",\"position\":2,\"name\":\"Kaikki tuotteet\",\"item\":\"https:\/\/tammetalu.eu\/fi\/kaikki-tuotteet\/\"},{\"@type\":\"ListItem\",\"position\":3,\"name\":\"MAHE Mustikatee melissiga 25g\"}]},{\"@type\":\"WebSite\",\"@id\":\"https:\/\/tammetalu.eu\/#website\",\"url\":\"https:\/\/tammetalu.eu\/\",\"name\":\"Tamme talu \u00fcrdiaed\",\"description\":\"K\u00e4sit\u00f6\u00f6na valmistatud tooted \u00fcrtidest, \u00fcrdiistikud, \u00fcrtide kollektsioonaed\",\"publisher\":{\"@id\":\"https:\/\/tammetalu.eu\/#organization\"},\"alternateName\":\"Tamme talu\",\"potentialAction\":[{\"@type\":\"SearchAction\",\"target\":{\"@type\":\"EntryPoint\",\"urlTemplate\":\"https:\/\/tammetalu.eu\/?s={search_term_string}\"},\"query-input\":{\"@type\":\"PropertyValueSpecification\",\"valueRequired\":true,\"valueName\":\"search_term_string\"}}],\"inLanguage\":\"fi\"},{\"@type\":\"Organization\",\"@id\":\"https:\/\/tammetalu.eu\/#organization\",\"name\":\"Tamme talu \u00fcrdiaed\",\"alternateName\":\"Tamme talu\",\"url\":\"https:\/\/tammetalu.eu\/\",\"logo\":{\"@type\":\"ImageObject\",\"inLanguage\":\"fi\",\"@id\":\"https:\/\/tammetalu.eu\/#\/schema\/logo\/image\/\",\"url\":\"https:\/\/tammetalu.eu\/wp-content\/uploads\/2025\/01\/Tamme_talu_urdiaed.png\",\"contentUrl\":\"https:\/\/tammetalu.eu\/wp-content\/uploads\/2025\/01\/Tamme_talu_urdiaed.png\",\"width\":560,\"height\":560,\"caption\":\"Tamme talu \u00fcrdiaed\"},\"image\":{\"@id\":\"https:\/\/tammetalu.eu\/#\/schema\/logo\/image\/\"},\"sameAs\":[\"https:\/\/www.facebook.com\/TammeTaluUrdiaed\/?locale=et_EE\",\"https:\/\/www.instagram.com\/tammetaluurdiaed\/\"]}]}<\/script>\n<!-- \/ Yoast SEO plugin. -->","yoast_head_json":{"title":"MAHE Mustikatee melissiga 25g - Tamme talu \u00fcrdiaed","description":"Naudi teed, mis on t\u00e4is tervist pakatavaid mustikaid. Mustikad annavad joogile k\u00fcpsete mustikate maitse ja aroomi. Meliss t\u00e4iendab tee \u00a0maitsebuketti.","robots":{"index":"index","follow":"follow","max-snippet":"max-snippet:-1","max-image-preview":"max-image-preview:large","max-video-preview":"max-video-preview:-1"},"canonical":"https:\/\/tammetalu.eu\/toode\/mustikatee-melissiga-25g\/","og_locale":"fi_FI","og_type":"article","og_title":"MAHE Mustikatee melissiga 25g - Tamme talu \u00fcrdiaed","og_description":"Naudi teed, mis on t\u00e4is tervist pakatavaid mustikaid. Mustikad annavad joogile k\u00fcpsete mustikate maitse ja aroomi. Meliss t\u00e4iendab tee \u00a0maitsebuketti.","og_url":"https:\/\/tammetalu.eu\/toode\/mustikatee-melissiga-25g\/","og_site_name":"Tamme talu \u00fcrdiaed","article_publisher":"https:\/\/www.facebook.com\/TammeTaluUrdiaed\/?locale=et_EE","article_modified_time":"2025-01-08T10:47:31+00:00","og_image":[{"width":960,"height":960,"url":"https:\/\/tammetalu.eu\/wp-content\/uploads\/2022\/08\/Oko_Mustikatee_melissiga.jpg","type":"image\/jpeg"}],"twitter_card":"summary_large_image","schema":{"@context":"https:\/\/schema.org","@graph":[{"@type":"WebPage","@id":"https:\/\/tammetalu.eu\/toode\/mustikatee-melissiga-25g\/","url":"https:\/\/tammetalu.eu\/toode\/mustikatee-melissiga-25g\/","name":"MAHE Mustikatee melissiga 25g - Tamme talu \u00fcrdiaed","isPartOf":{"@id":"https:\/\/tammetalu.eu\/#website"},"primaryImageOfPage":{"@id":"https:\/\/tammetalu.eu\/toode\/mustikatee-melissiga-25g\/#primaryimage"},"image":{"@id":"https:\/\/tammetalu.eu\/toode\/mustikatee-melissiga-25g\/#primaryimage"},"thumbnailUrl":"https:\/\/tammetalu.eu\/wp-content\/uploads\/2022\/08\/Oko_Mustikatee_melissiga.jpg","datePublished":"2022-08-09T06:03:28+00:00","dateModified":"2025-01-08T10:47:31+00:00","description":"Naudi teed, mis on t\u00e4is tervist pakatavaid mustikaid. Mustikad annavad joogile k\u00fcpsete mustikate maitse ja aroomi. Meliss t\u00e4iendab tee \u00a0maitsebuketti.","breadcrumb":{"@id":"https:\/\/tammetalu.eu\/toode\/mustikatee-melissiga-25g\/#breadcrumb"},"inLanguage":"fi","potentialAction":[{"@type":"ReadAction","target":["https:\/\/tammetalu.eu\/toode\/mustikatee-melissiga-25g\/"]}]},{"@type":"ImageObject","inLanguage":"fi","@id":"https:\/\/tammetalu.eu\/toode\/mustikatee-melissiga-25g\/#primaryimage","url":"https:\/\/tammetalu.eu\/wp-content\/uploads\/2022\/08\/Oko_Mustikatee_melissiga.jpg","contentUrl":"https:\/\/tammetalu.eu\/wp-content\/uploads\/2022\/08\/Oko_Mustikatee_melissiga.jpg","width":960,"height":960,"caption":"Oko_Mustikatee_melissiga"},{"@type":"BreadcrumbList","@id":"https:\/\/tammetalu.eu\/toode\/mustikatee-melissiga-25g\/#breadcrumb","itemListElement":[{"@type":"ListItem","position":1,"name":"Home","item":"https:\/\/tammetalu.eu\/fi\/etusivu\/"},{"@type":"ListItem","position":2,"name":"Kaikki tuotteet","item":"https:\/\/tammetalu.eu\/fi\/kaikki-tuotteet\/"},{"@type":"ListItem","position":3,"name":"MAHE Mustikatee melissiga 25g"}]},{"@type":"WebSite","@id":"https:\/\/tammetalu.eu\/#website","url":"https:\/\/tammetalu.eu\/","name":"Tamme talu \u00fcrdiaed","description":"K\u00e4sit\u00f6\u00f6na valmistatud tooted \u00fcrtidest, \u00fcrdiistikud, \u00fcrtide kollektsioonaed","publisher":{"@id":"https:\/\/tammetalu.eu\/#organization"},"alternateName":"Tamme talu","potentialAction":[{"@type":"SearchAction","target":{"@type":"EntryPoint","urlTemplate":"https:\/\/tammetalu.eu\/?s={search_term_string}"},"query-input":{"@type":"PropertyValueSpecification","valueRequired":true,"valueName":"search_term_string"}}],"inLanguage":"fi"},{"@type":"Organization","@id":"https:\/\/tammetalu.eu\/#organization","name":"Tamme talu \u00fcrdiaed","alternateName":"Tamme talu","url":"https:\/\/tammetalu.eu\/","logo":{"@type":"ImageObject","inLanguage":"fi","@id":"https:\/\/tammetalu.eu\/#\/schema\/logo\/image\/","url":"https:\/\/tammetalu.eu\/wp-content\/uploads\/2025\/01\/Tamme_talu_urdiaed.png","contentUrl":"https:\/\/tammetalu.eu\/wp-content\/uploads\/2025\/01\/Tamme_talu_urdiaed.png","width":560,"height":560,"caption":"Tamme talu \u00fcrdiaed"},"image":{"@id":"https:\/\/tammetalu.eu\/#\/schema\/logo\/image\/"},"sameAs":["https:\/\/www.facebook.com\/TammeTaluUrdiaed\/?locale=et_EE","https:\/\/www.instagram.com\/tammetaluurdiaed\/"]}]}},"_links":{"self":[{"href":"https:\/\/tammetalu.eu\/fi\/wp-json\/wp\/v2\/product\/15475","targetHints":{"allow":["GET"]}}],"collection":[{"href":"https:\/\/tammetalu.eu\/fi\/wp-json\/wp\/v2\/product"}],"about":[{"href":"https:\/\/tammetalu.eu\/fi\/wp-json\/wp\/v2\/types\/product"}],"wp:featuredmedia":[{"embeddable":true,"href":"https:\/\/tammetalu.eu\/fi\/wp-json\/wp\/v2\/media\/16640"}],"wp:attachment":[{"href":"https:\/\/tammetalu.eu\/fi\/wp-json\/wp\/v2\/media?parent=15475"}],"wp:term":[{"taxonomy":"product_brand","embeddable":true,"href":"https:\/\/tammetalu.eu\/fi\/wp-json\/wp\/v2\/product_brand?post=15475"},{"taxonomy":"product_cat","embeddable":true,"href":"https:\/\/tammetalu.eu\/fi\/wp-json\/wp\/v2\/product_cat?post=15475"},{"taxonomy":"product_tag","embeddable":true,"href":"https:\/\/tammetalu.eu\/fi\/wp-json\/wp\/v2\/product_tag?post=15475"}],"curies":[{"name":"wp","href":"https:\/\/api.w.org\/{rel}","templated":true}]}}