{"id":15481,"date":"2022-08-09T09:03:28","date_gmt":"2022-08-09T06:03:28","guid":{"rendered":"https:\/\/tammetalu.eu?post_type=product&#038;p=15481"},"modified":"2024-09-17T14:58:01","modified_gmt":"2024-09-17T11:58:01","slug":"siidrizelee-150g","status":"publish","type":"product","link":"https:\/\/tammetalu.eu\/fi\/toode\/siidrizelee-150g\/","title":{"rendered":"Siidri\u017eelee 150g"},"content":{"rendered":"<p>Siidri\u017eeleed tuntakse h\u00e4sti P\u00f5hja-Hispaanias, ajaloolises siidrivalmistamise piirkonnas, kust meiegi selle valmistamise idee saime.<\/p>\n<p>\u017delee tarrendajana kasutame looduslikku pektiini, mida saab m\u00f5nedest puuviljadest ja marjadest. Pektiin parandab ainevahetust, v\u00e4hendab kolesterooli hulka veres, taastab soole mikrofloorat ja k\u00f5rvaldab toksiine.<\/p>\n<table style=\"font-weight: 400; border-color: #ccc8c8; border-style: solid; height: 327px;\" border=\"1\" width=\"378\">\n<tbody>\n<tr style=\"height: 95px;\">\n<td style=\"height: 95px; width: 253.688px;\">Toitumisalane teave 100g toote kohta<br \/>\nNutrition information per 100 g<\/td>\n<td style=\"height: 95px; width: 108.312px;\"><\/td>\n<\/tr>\n<tr style=\"height: 29px;\">\n<td style=\"height: 29px; width: 253.688px;\">Energiasisaldus<br \/>\nEnergy<\/td>\n<td style=\"height: 29px; width: 108.312px;\">691kJ\/163kcal<\/td>\n<\/tr>\n<tr style=\"height: 52px;\">\n<td style=\"height: 52px; width: 253.688px;\">Rasvad<br \/>\nFat<br \/>\n-millest k\u00fcllastunud rasvhapped 0g<br \/>\n-saturated fats 0g<\/td>\n<td style=\"height: 52px; width: 108.312px;\">0,1g<\/td>\n<\/tr>\n<tr style=\"height: 62px;\">\n<td style=\"height: 62px; width: 253.688px;\">S\u00fcsivesikud<br \/>\nCarbohydrate<br \/>\n-millest suhkrud<br \/>\n-Sugars<\/td>\n<td style=\"height: 62px; width: 108.312px;\">40g<\/p>\n<p>36g<\/td>\n<\/tr>\n<tr style=\"height: 14px;\">\n<td style=\"height: 14px; width: 253.688px;\">Valgud<br \/>\nProtein<\/td>\n<td style=\"height: 14px; width: 108.312px;\">0,7g<\/td>\n<\/tr>\n<tr style=\"height: 75px;\">\n<td style=\"height: 75px; width: 253.688px;\">Soolad<br \/>\nSalt<\/td>\n<td style=\"height: 75px; width: 108.312px;\">0,02g<\/td>\n<\/tr>\n<\/tbody>\n<\/table>\n","protected":false},"excerpt":{"rendered":"<p><strong>33,26\u20ac\/kg<\/strong><\/p>\n<p>Piisab vaid \u00f6elda \u201esiidri\u017eelee\u201c, kui juba hakkabki suu vett jooksma!<br \/>\nEriliselt maitsekas ja h\u00f5rk \u017eelee on valmistatud Jaanihanso naturaalsest k\u00e4sit\u00f6\u00f6siidrist. See sobib suurep\u00e4raselt k\u00fclmlauasn\u00e4kkide, eriti h\u00e4sti aga juustude, prosciutto v\u00f5i Serrano singi k\u00f5rvale. Samuti ka linnu- v\u00f5i taise sealiha maitset t\u00e4iendama.<\/p>\n<p>Enne serveerimist tuleks \u017eeleed hoida k\u00fclmkapis, toatemperatuuril muutub see aja jooksul vedelamaks.<\/p>\n<p>Kui soovid, et suupistete vaagen oleks eriti rikkalik, siis tutvu ka teiste\u00a0<span style=\"color: #339966;\"><strong><a style=\"color: #339966;\" href=\"https:\/\/tammetalu.eu\/tootekategooria\/hoidised-ja-urdioli\/juustumoosid\/\">juustumoosidega siin.<\/a><\/strong><\/span><\/p>\n<p>Koostisosad: \u00f5unasiider 55%, suhkur, paksendaja (pektiin)<\/p>\n","protected":false},"featured_media":16587,"template":"","meta":{"_acf_changed":false,"_et_pb_use_builder":"on","_et_pb_old_content":"Siidri\u017eeleed tuntakse h\u00e4sti P\u00f5hja-Hispaanias, ajaloolises siidrivalmistamise piirkonnas, kust meiegi selle valmistamise idee saime.\r\n\r\n\u017delee tarrendajana kasutame looduslikku pektiini, mida saab m\u00f5nedest puuviljadest ja marjadest. Pektiin parandab ainevahetust, v\u00e4hendab kolesterooli hulka veres, taastab soole mikrofloorat ja k\u00f5rvaldab toksiine.\r\n<table style=\"font-weight: 400; border-color: #ccc8c8; border-style: solid; height: 327px;\" border=\"1\" width=\"378\">\r\n<tbody>\r\n<tr style=\"height: 95px;\">\r\n<td style=\"height: 95px; width: 253.688px;\">Toitumisalane teave 100g toote kohta\r\nNutrition information per 100 g<\/td>\r\n<td style=\"height: 95px; width: 108.312px;\"><\/td>\r\n<\/tr>\r\n<tr style=\"height: 29px;\">\r\n<td style=\"height: 29px; width: 253.688px;\">Energiasisaldus\r\nEnergy<\/td>\r\n<td style=\"height: 29px; width: 108.312px;\">691kJ\/163kcal<\/td>\r\n<\/tr>\r\n<tr style=\"height: 52px;\">\r\n<td style=\"height: 52px; width: 253.688px;\">Rasvad\r\nFat\r\n-millest k\u00fcllastunud rasvhapped 0g\r\n-saturated fats 0g<\/td>\r\n<td style=\"height: 52px; width: 108.312px;\">0,1g<\/td>\r\n<\/tr>\r\n<tr style=\"height: 62px;\">\r\n<td style=\"height: 62px; width: 253.688px;\">S\u00fcsivesikud\r\nCarbohydrate\r\n-millest suhkrud\r\n-Sugars<\/td>\r\n<td style=\"height: 62px; width: 108.312px;\">40g\r\n\r\n36g<\/td>\r\n<\/tr>\r\n<tr style=\"height: 14px;\">\r\n<td style=\"height: 14px; width: 253.688px;\">Valgud\r\nProtein<\/td>\r\n<td style=\"height: 14px; width: 108.312px;\">0,7g<\/td>\r\n<\/tr>\r\n<tr style=\"height: 75px;\">\r\n<td style=\"height: 75px; width: 253.688px;\">Soolad\r\nSalt<\/td>\r\n<td style=\"height: 75px; width: 108.312px;\">0,02g<\/td>\r\n<\/tr>\r\n<\/tbody>\r\n<\/table>","_et_gb_content_width":"","inline_featured_image":false},"product_brand":[],"product_cat":[190,179],"product_tag":[],"class_list":{"0":"post-15481","1":"product","2":"type-product","3":"status-publish","4":"has-post-thumbnail","6":"product_cat-hoidised-ja-urdioli","7":"product_cat-juustumoosid","9":"first","10":"instock","11":"taxable","12":"shipping-taxable","13":"purchasable","14":"product-type-simple"},"acf":[],"yoast_head":"<!-- This site is optimized with the Yoast SEO plugin v26.4 - https:\/\/yoast.com\/wordpress\/plugins\/seo\/ -->\n<title>Siidri\u017eelee 150g - tammetalu.eu<\/title>\n<meta name=\"description\" content=\"Eriliselt maitsekas \u017eelee on valmistatud Jaanihanso naturaalsest k\u00e4sit\u00f6\u00f6siidrist. Sobib suurep\u00e4raselt k\u00fclmlauasn\u00e4kkide k\u00f5rvale.\" \/>\n<meta name=\"robots\" content=\"index, follow, max-snippet:-1, max-image-preview:large, max-video-preview:-1\" \/>\n<link rel=\"canonical\" href=\"https:\/\/tammetalu.eu\/toode\/siidrizelee-150g\/\" \/>\n<meta property=\"og:locale\" content=\"fi_FI\" \/>\n<meta property=\"og:type\" content=\"article\" \/>\n<meta property=\"og:title\" content=\"Siidri\u017eelee 150g - tammetalu.eu\" \/>\n<meta property=\"og:description\" content=\"Eriliselt maitsekas \u017eelee on valmistatud Jaanihanso naturaalsest k\u00e4sit\u00f6\u00f6siidrist. Sobib suurep\u00e4raselt k\u00fclmlauasn\u00e4kkide k\u00f5rvale.\" \/>\n<meta property=\"og:url\" content=\"https:\/\/tammetalu.eu\/toode\/siidrizelee-150g\/\" \/>\n<meta property=\"og:site_name\" content=\"Tamme talu \u00fcrdiaed\" \/>\n<meta property=\"article:publisher\" content=\"https:\/\/www.facebook.com\/TammeTaluUrdiaed\/?locale=et_EE\" \/>\n<meta property=\"article:modified_time\" content=\"2024-09-17T11:58:01+00:00\" \/>\n<meta property=\"og:image\" content=\"https:\/\/tammetalu.eu\/wp-content\/uploads\/2022\/08\/Siidrizelee.jpg\" \/>\n\t<meta property=\"og:image:width\" content=\"960\" \/>\n\t<meta property=\"og:image:height\" content=\"960\" \/>\n\t<meta property=\"og:image:type\" content=\"image\/jpeg\" \/>\n<meta name=\"twitter:card\" content=\"summary_large_image\" \/>\n<meta name=\"twitter:label1\" content=\"Arvioitu lukuaika\" \/>\n\t<meta name=\"twitter:data1\" content=\"1 minuutti\" \/>\n<script type=\"application\/ld+json\" class=\"yoast-schema-graph\">{\"@context\":\"https:\/\/schema.org\",\"@graph\":[{\"@type\":\"WebPage\",\"@id\":\"https:\/\/tammetalu.eu\/toode\/siidrizelee-150g\/\",\"url\":\"https:\/\/tammetalu.eu\/toode\/siidrizelee-150g\/\",\"name\":\"Siidri\u017eelee 150g - tammetalu.eu\",\"isPartOf\":{\"@id\":\"https:\/\/tammetalu.eu\/#website\"},\"primaryImageOfPage\":{\"@id\":\"https:\/\/tammetalu.eu\/toode\/siidrizelee-150g\/#primaryimage\"},\"image\":{\"@id\":\"https:\/\/tammetalu.eu\/toode\/siidrizelee-150g\/#primaryimage\"},\"thumbnailUrl\":\"https:\/\/tammetalu.eu\/wp-content\/uploads\/2022\/08\/Siidrizelee.jpg\",\"datePublished\":\"2022-08-09T06:03:28+00:00\",\"dateModified\":\"2024-09-17T11:58:01+00:00\",\"description\":\"Eriliselt maitsekas \u017eelee on valmistatud Jaanihanso naturaalsest k\u00e4sit\u00f6\u00f6siidrist. Sobib suurep\u00e4raselt k\u00fclmlauasn\u00e4kkide k\u00f5rvale.\",\"breadcrumb\":{\"@id\":\"https:\/\/tammetalu.eu\/toode\/siidrizelee-150g\/#breadcrumb\"},\"inLanguage\":\"fi\",\"potentialAction\":[{\"@type\":\"ReadAction\",\"target\":[\"https:\/\/tammetalu.eu\/toode\/siidrizelee-150g\/\"]}]},{\"@type\":\"ImageObject\",\"inLanguage\":\"fi\",\"@id\":\"https:\/\/tammetalu.eu\/toode\/siidrizelee-150g\/#primaryimage\",\"url\":\"https:\/\/tammetalu.eu\/wp-content\/uploads\/2022\/08\/Siidrizelee.jpg\",\"contentUrl\":\"https:\/\/tammetalu.eu\/wp-content\/uploads\/2022\/08\/Siidrizelee.jpg\",\"width\":960,\"height\":960,\"caption\":\"Siidri\u017eelee\"},{\"@type\":\"BreadcrumbList\",\"@id\":\"https:\/\/tammetalu.eu\/toode\/siidrizelee-150g\/#breadcrumb\",\"itemListElement\":[{\"@type\":\"ListItem\",\"position\":1,\"name\":\"Home\",\"item\":\"https:\/\/tammetalu.eu\/fi\/etusivu\/\"},{\"@type\":\"ListItem\",\"position\":2,\"name\":\"Kaikki tuotteet\",\"item\":\"https:\/\/tammetalu.eu\/fi\/kaikki-tuotteet\/\"},{\"@type\":\"ListItem\",\"position\":3,\"name\":\"Siidri\u017eelee 150g\"}]},{\"@type\":\"WebSite\",\"@id\":\"https:\/\/tammetalu.eu\/#website\",\"url\":\"https:\/\/tammetalu.eu\/\",\"name\":\"Tamme talu \u00fcrdiaed\",\"description\":\"K\u00e4sit\u00f6\u00f6na valmistatud tooted \u00fcrtidest, \u00fcrdiistikud, \u00fcrtide kollektsioonaed\",\"publisher\":{\"@id\":\"https:\/\/tammetalu.eu\/#organization\"},\"alternateName\":\"Tamme talu\",\"potentialAction\":[{\"@type\":\"SearchAction\",\"target\":{\"@type\":\"EntryPoint\",\"urlTemplate\":\"https:\/\/tammetalu.eu\/?s={search_term_string}\"},\"query-input\":{\"@type\":\"PropertyValueSpecification\",\"valueRequired\":true,\"valueName\":\"search_term_string\"}}],\"inLanguage\":\"fi\"},{\"@type\":\"Organization\",\"@id\":\"https:\/\/tammetalu.eu\/#organization\",\"name\":\"Tamme talu \u00fcrdiaed\",\"alternateName\":\"Tamme talu\",\"url\":\"https:\/\/tammetalu.eu\/\",\"logo\":{\"@type\":\"ImageObject\",\"inLanguage\":\"fi\",\"@id\":\"https:\/\/tammetalu.eu\/#\/schema\/logo\/image\/\",\"url\":\"https:\/\/tammetalu.eu\/wp-content\/uploads\/2025\/01\/Tamme_talu_urdiaed.png\",\"contentUrl\":\"https:\/\/tammetalu.eu\/wp-content\/uploads\/2025\/01\/Tamme_talu_urdiaed.png\",\"width\":560,\"height\":560,\"caption\":\"Tamme talu \u00fcrdiaed\"},\"image\":{\"@id\":\"https:\/\/tammetalu.eu\/#\/schema\/logo\/image\/\"},\"sameAs\":[\"https:\/\/www.facebook.com\/TammeTaluUrdiaed\/?locale=et_EE\",\"https:\/\/www.instagram.com\/tammetaluurdiaed\/\"]}]}<\/script>\n<!-- \/ Yoast SEO plugin. -->","yoast_head_json":{"title":"Siidri\u017eelee 150g - tammetalu.eu","description":"Eriliselt maitsekas \u017eelee on valmistatud Jaanihanso naturaalsest k\u00e4sit\u00f6\u00f6siidrist. Sobib suurep\u00e4raselt k\u00fclmlauasn\u00e4kkide k\u00f5rvale.","robots":{"index":"index","follow":"follow","max-snippet":"max-snippet:-1","max-image-preview":"max-image-preview:large","max-video-preview":"max-video-preview:-1"},"canonical":"https:\/\/tammetalu.eu\/toode\/siidrizelee-150g\/","og_locale":"fi_FI","og_type":"article","og_title":"Siidri\u017eelee 150g - tammetalu.eu","og_description":"Eriliselt maitsekas \u017eelee on valmistatud Jaanihanso naturaalsest k\u00e4sit\u00f6\u00f6siidrist. Sobib suurep\u00e4raselt k\u00fclmlauasn\u00e4kkide k\u00f5rvale.","og_url":"https:\/\/tammetalu.eu\/toode\/siidrizelee-150g\/","og_site_name":"Tamme talu \u00fcrdiaed","article_publisher":"https:\/\/www.facebook.com\/TammeTaluUrdiaed\/?locale=et_EE","article_modified_time":"2024-09-17T11:58:01+00:00","og_image":[{"width":960,"height":960,"url":"https:\/\/tammetalu.eu\/wp-content\/uploads\/2022\/08\/Siidrizelee.jpg","type":"image\/jpeg"}],"twitter_card":"summary_large_image","twitter_misc":{"Arvioitu lukuaika":"1 minuutti"},"schema":{"@context":"https:\/\/schema.org","@graph":[{"@type":"WebPage","@id":"https:\/\/tammetalu.eu\/toode\/siidrizelee-150g\/","url":"https:\/\/tammetalu.eu\/toode\/siidrizelee-150g\/","name":"Siidri\u017eelee 150g - tammetalu.eu","isPartOf":{"@id":"https:\/\/tammetalu.eu\/#website"},"primaryImageOfPage":{"@id":"https:\/\/tammetalu.eu\/toode\/siidrizelee-150g\/#primaryimage"},"image":{"@id":"https:\/\/tammetalu.eu\/toode\/siidrizelee-150g\/#primaryimage"},"thumbnailUrl":"https:\/\/tammetalu.eu\/wp-content\/uploads\/2022\/08\/Siidrizelee.jpg","datePublished":"2022-08-09T06:03:28+00:00","dateModified":"2024-09-17T11:58:01+00:00","description":"Eriliselt maitsekas \u017eelee on valmistatud Jaanihanso naturaalsest k\u00e4sit\u00f6\u00f6siidrist. Sobib suurep\u00e4raselt k\u00fclmlauasn\u00e4kkide k\u00f5rvale.","breadcrumb":{"@id":"https:\/\/tammetalu.eu\/toode\/siidrizelee-150g\/#breadcrumb"},"inLanguage":"fi","potentialAction":[{"@type":"ReadAction","target":["https:\/\/tammetalu.eu\/toode\/siidrizelee-150g\/"]}]},{"@type":"ImageObject","inLanguage":"fi","@id":"https:\/\/tammetalu.eu\/toode\/siidrizelee-150g\/#primaryimage","url":"https:\/\/tammetalu.eu\/wp-content\/uploads\/2022\/08\/Siidrizelee.jpg","contentUrl":"https:\/\/tammetalu.eu\/wp-content\/uploads\/2022\/08\/Siidrizelee.jpg","width":960,"height":960,"caption":"Siidri\u017eelee"},{"@type":"BreadcrumbList","@id":"https:\/\/tammetalu.eu\/toode\/siidrizelee-150g\/#breadcrumb","itemListElement":[{"@type":"ListItem","position":1,"name":"Home","item":"https:\/\/tammetalu.eu\/fi\/etusivu\/"},{"@type":"ListItem","position":2,"name":"Kaikki tuotteet","item":"https:\/\/tammetalu.eu\/fi\/kaikki-tuotteet\/"},{"@type":"ListItem","position":3,"name":"Siidri\u017eelee 150g"}]},{"@type":"WebSite","@id":"https:\/\/tammetalu.eu\/#website","url":"https:\/\/tammetalu.eu\/","name":"Tamme talu \u00fcrdiaed","description":"K\u00e4sit\u00f6\u00f6na valmistatud tooted \u00fcrtidest, \u00fcrdiistikud, \u00fcrtide kollektsioonaed","publisher":{"@id":"https:\/\/tammetalu.eu\/#organization"},"alternateName":"Tamme talu","potentialAction":[{"@type":"SearchAction","target":{"@type":"EntryPoint","urlTemplate":"https:\/\/tammetalu.eu\/?s={search_term_string}"},"query-input":{"@type":"PropertyValueSpecification","valueRequired":true,"valueName":"search_term_string"}}],"inLanguage":"fi"},{"@type":"Organization","@id":"https:\/\/tammetalu.eu\/#organization","name":"Tamme talu \u00fcrdiaed","alternateName":"Tamme talu","url":"https:\/\/tammetalu.eu\/","logo":{"@type":"ImageObject","inLanguage":"fi","@id":"https:\/\/tammetalu.eu\/#\/schema\/logo\/image\/","url":"https:\/\/tammetalu.eu\/wp-content\/uploads\/2025\/01\/Tamme_talu_urdiaed.png","contentUrl":"https:\/\/tammetalu.eu\/wp-content\/uploads\/2025\/01\/Tamme_talu_urdiaed.png","width":560,"height":560,"caption":"Tamme talu \u00fcrdiaed"},"image":{"@id":"https:\/\/tammetalu.eu\/#\/schema\/logo\/image\/"},"sameAs":["https:\/\/www.facebook.com\/TammeTaluUrdiaed\/?locale=et_EE","https:\/\/www.instagram.com\/tammetaluurdiaed\/"]}]}},"_links":{"self":[{"href":"https:\/\/tammetalu.eu\/fi\/wp-json\/wp\/v2\/product\/15481","targetHints":{"allow":["GET"]}}],"collection":[{"href":"https:\/\/tammetalu.eu\/fi\/wp-json\/wp\/v2\/product"}],"about":[{"href":"https:\/\/tammetalu.eu\/fi\/wp-json\/wp\/v2\/types\/product"}],"wp:featuredmedia":[{"embeddable":true,"href":"https:\/\/tammetalu.eu\/fi\/wp-json\/wp\/v2\/media\/16587"}],"wp:attachment":[{"href":"https:\/\/tammetalu.eu\/fi\/wp-json\/wp\/v2\/media?parent=15481"}],"wp:term":[{"taxonomy":"product_brand","embeddable":true,"href":"https:\/\/tammetalu.eu\/fi\/wp-json\/wp\/v2\/product_brand?post=15481"},{"taxonomy":"product_cat","embeddable":true,"href":"https:\/\/tammetalu.eu\/fi\/wp-json\/wp\/v2\/product_cat?post=15481"},{"taxonomy":"product_tag","embeddable":true,"href":"https:\/\/tammetalu.eu\/fi\/wp-json\/wp\/v2\/product_tag?post=15481"}],"curies":[{"name":"wp","href":"https:\/\/api.w.org\/{rel}","templated":true}]}}