{"id":15600,"date":"2022-08-09T09:04:13","date_gmt":"2022-08-09T06:04:13","guid":{"rendered":"https:\/\/tammetalu.eu?post_type=product&#038;p=15600"},"modified":"2025-01-08T12:37:14","modified_gmt":"2025-01-08T10:37:14","slug":"tere-hommikust-tee-15g","status":"publish","type":"product","link":"https:\/\/tammetalu.eu\/fi\/toode\/tere-hommikust-tee-15g\/","title":{"rendered":"MAHE Tere hommikust tee 15g"},"content":{"rendered":"","protected":false},"excerpt":{"rendered":"<p>266 \u20ac\/kg<\/p>\n<p>Taimetee<\/p>\n<p>Tere hommikust! Kuldkollane hommikutee sillerdab teekruusis nagu soojalt s\u00e4rav p\u00e4ike ning pilgutab Sulle r\u00f5\u00f5msalt silma. Kummel teeb k\u00f5hule pehme\u00a0pai, saialill kindlustab rahuliku meele ning \u00fcheksav\u00e4gine annab p\u00e4evale \u00fcheksast \u201csalav\u00e4est\u201d koosneva \u00a0j\u00f5u. Sind ootab \u00fcks kaunis p\u00e4ev!<\/p>\n<p>Koostisosad: kummel*, saialill*, \u00fcheksav\u00e4gise \u00f5ied*<\/p>\n<p>*Kontrollitud mahep\u00f5llumajandusest<\/p>\n","protected":false},"featured_media":16595,"template":"","meta":{"_acf_changed":false,"_et_pb_use_builder":"","_et_pb_old_content":"","_et_gb_content_width":"","inline_featured_image":false},"product_brand":[],"product_cat":[182],"product_tag":[],"class_list":{"0":"post-15600","1":"product","2":"type-product","3":"status-publish","4":"has-post-thumbnail","6":"product_cat-taimeteed","8":"first","9":"instock","10":"taxable","11":"shipping-taxable","12":"purchasable","13":"product-type-simple"},"acf":[],"yoast_head":"<!-- This site is optimized with the Yoast SEO plugin v26.4 - https:\/\/yoast.com\/wordpress\/plugins\/seo\/ -->\n<title>MAHE Tere hommikust tee 15g - Tamme talu \u00fcrdiaed<\/title>\n<meta name=\"description\" content=\"Kuldkollane hommikutee sillerdab teekruusis nagu soojalt s\u00e4rav p\u00e4ike ning pilgutab Sulle r\u00f5\u00f5msalt silma. Koostisosad: kummel, saialill, \u00fcheksav\u00e4gise \u00f5ied\" \/>\n<meta name=\"robots\" content=\"index, follow, max-snippet:-1, max-image-preview:large, max-video-preview:-1\" \/>\n<link rel=\"canonical\" href=\"https:\/\/tammetalu.eu\/toode\/tere-hommikust-tee-15g\/\" \/>\n<meta property=\"og:locale\" content=\"fi_FI\" \/>\n<meta property=\"og:type\" content=\"article\" \/>\n<meta property=\"og:title\" content=\"MAHE Tere hommikust tee 15g - Tamme talu \u00fcrdiaed\" \/>\n<meta property=\"og:description\" content=\"Kuldkollane hommikutee sillerdab teekruusis nagu soojalt s\u00e4rav p\u00e4ike ning pilgutab Sulle r\u00f5\u00f5msalt silma. Koostisosad: kummel, saialill, \u00fcheksav\u00e4gise \u00f5ied\" \/>\n<meta property=\"og:url\" content=\"https:\/\/tammetalu.eu\/toode\/tere-hommikust-tee-15g\/\" \/>\n<meta property=\"og:site_name\" content=\"Tamme talu \u00fcrdiaed\" \/>\n<meta property=\"article:publisher\" content=\"https:\/\/www.facebook.com\/TammeTaluUrdiaed\/?locale=et_EE\" \/>\n<meta property=\"article:modified_time\" content=\"2025-01-08T10:37:14+00:00\" \/>\n<meta property=\"og:image\" content=\"https:\/\/tammetalu.eu\/wp-content\/uploads\/2022\/08\/Oko_Tere_hommikust_taimetee.jpg\" \/>\n\t<meta property=\"og:image:width\" content=\"960\" \/>\n\t<meta property=\"og:image:height\" content=\"960\" \/>\n\t<meta property=\"og:image:type\" content=\"image\/jpeg\" \/>\n<meta name=\"twitter:card\" content=\"summary_large_image\" \/>\n<meta name=\"twitter:label1\" content=\"Arvioitu lukuaika\" \/>\n\t<meta name=\"twitter:data1\" content=\"1 minuutti\" \/>\n<script type=\"application\/ld+json\" class=\"yoast-schema-graph\">{\"@context\":\"https:\/\/schema.org\",\"@graph\":[{\"@type\":\"WebPage\",\"@id\":\"https:\/\/tammetalu.eu\/toode\/tere-hommikust-tee-15g\/\",\"url\":\"https:\/\/tammetalu.eu\/toode\/tere-hommikust-tee-15g\/\",\"name\":\"MAHE Tere hommikust tee 15g - Tamme talu \u00fcrdiaed\",\"isPartOf\":{\"@id\":\"https:\/\/tammetalu.eu\/#website\"},\"primaryImageOfPage\":{\"@id\":\"https:\/\/tammetalu.eu\/toode\/tere-hommikust-tee-15g\/#primaryimage\"},\"image\":{\"@id\":\"https:\/\/tammetalu.eu\/toode\/tere-hommikust-tee-15g\/#primaryimage\"},\"thumbnailUrl\":\"https:\/\/tammetalu.eu\/wp-content\/uploads\/2022\/08\/Oko_Tere_hommikust_taimetee.jpg\",\"datePublished\":\"2022-08-09T06:04:13+00:00\",\"dateModified\":\"2025-01-08T10:37:14+00:00\",\"description\":\"Kuldkollane hommikutee sillerdab teekruusis nagu soojalt s\u00e4rav p\u00e4ike ning pilgutab Sulle r\u00f5\u00f5msalt silma. Koostisosad: kummel, saialill, \u00fcheksav\u00e4gise \u00f5ied\",\"breadcrumb\":{\"@id\":\"https:\/\/tammetalu.eu\/toode\/tere-hommikust-tee-15g\/#breadcrumb\"},\"inLanguage\":\"fi\",\"potentialAction\":[{\"@type\":\"ReadAction\",\"target\":[\"https:\/\/tammetalu.eu\/toode\/tere-hommikust-tee-15g\/\"]}]},{\"@type\":\"ImageObject\",\"inLanguage\":\"fi\",\"@id\":\"https:\/\/tammetalu.eu\/toode\/tere-hommikust-tee-15g\/#primaryimage\",\"url\":\"https:\/\/tammetalu.eu\/wp-content\/uploads\/2022\/08\/Oko_Tere_hommikust_taimetee.jpg\",\"contentUrl\":\"https:\/\/tammetalu.eu\/wp-content\/uploads\/2022\/08\/Oko_Tere_hommikust_taimetee.jpg\",\"width\":960,\"height\":960,\"caption\":\"Oko_Tere_hommikust_taimetee\"},{\"@type\":\"BreadcrumbList\",\"@id\":\"https:\/\/tammetalu.eu\/toode\/tere-hommikust-tee-15g\/#breadcrumb\",\"itemListElement\":[{\"@type\":\"ListItem\",\"position\":1,\"name\":\"Home\",\"item\":\"https:\/\/tammetalu.eu\/fi\/etusivu\/\"},{\"@type\":\"ListItem\",\"position\":2,\"name\":\"Kaikki tuotteet\",\"item\":\"https:\/\/tammetalu.eu\/fi\/kaikki-tuotteet\/\"},{\"@type\":\"ListItem\",\"position\":3,\"name\":\"MAHE Tere hommikust tee 15g\"}]},{\"@type\":\"WebSite\",\"@id\":\"https:\/\/tammetalu.eu\/#website\",\"url\":\"https:\/\/tammetalu.eu\/\",\"name\":\"Tamme talu \u00fcrdiaed\",\"description\":\"K\u00e4sit\u00f6\u00f6na valmistatud tooted \u00fcrtidest, \u00fcrdiistikud, \u00fcrtide kollektsioonaed\",\"publisher\":{\"@id\":\"https:\/\/tammetalu.eu\/#organization\"},\"alternateName\":\"Tamme talu\",\"potentialAction\":[{\"@type\":\"SearchAction\",\"target\":{\"@type\":\"EntryPoint\",\"urlTemplate\":\"https:\/\/tammetalu.eu\/?s={search_term_string}\"},\"query-input\":{\"@type\":\"PropertyValueSpecification\",\"valueRequired\":true,\"valueName\":\"search_term_string\"}}],\"inLanguage\":\"fi\"},{\"@type\":\"Organization\",\"@id\":\"https:\/\/tammetalu.eu\/#organization\",\"name\":\"Tamme talu \u00fcrdiaed\",\"alternateName\":\"Tamme talu\",\"url\":\"https:\/\/tammetalu.eu\/\",\"logo\":{\"@type\":\"ImageObject\",\"inLanguage\":\"fi\",\"@id\":\"https:\/\/tammetalu.eu\/#\/schema\/logo\/image\/\",\"url\":\"https:\/\/tammetalu.eu\/wp-content\/uploads\/2025\/01\/Tamme_talu_urdiaed.png\",\"contentUrl\":\"https:\/\/tammetalu.eu\/wp-content\/uploads\/2025\/01\/Tamme_talu_urdiaed.png\",\"width\":560,\"height\":560,\"caption\":\"Tamme talu \u00fcrdiaed\"},\"image\":{\"@id\":\"https:\/\/tammetalu.eu\/#\/schema\/logo\/image\/\"},\"sameAs\":[\"https:\/\/www.facebook.com\/TammeTaluUrdiaed\/?locale=et_EE\",\"https:\/\/www.instagram.com\/tammetaluurdiaed\/\"]}]}<\/script>\n<!-- \/ Yoast SEO plugin. -->","yoast_head_json":{"title":"MAHE Tere hommikust tee 15g - Tamme talu \u00fcrdiaed","description":"Kuldkollane hommikutee sillerdab teekruusis nagu soojalt s\u00e4rav p\u00e4ike ning pilgutab Sulle r\u00f5\u00f5msalt silma. Koostisosad: kummel, saialill, \u00fcheksav\u00e4gise \u00f5ied","robots":{"index":"index","follow":"follow","max-snippet":"max-snippet:-1","max-image-preview":"max-image-preview:large","max-video-preview":"max-video-preview:-1"},"canonical":"https:\/\/tammetalu.eu\/toode\/tere-hommikust-tee-15g\/","og_locale":"fi_FI","og_type":"article","og_title":"MAHE Tere hommikust tee 15g - Tamme talu \u00fcrdiaed","og_description":"Kuldkollane hommikutee sillerdab teekruusis nagu soojalt s\u00e4rav p\u00e4ike ning pilgutab Sulle r\u00f5\u00f5msalt silma. Koostisosad: kummel, saialill, \u00fcheksav\u00e4gise \u00f5ied","og_url":"https:\/\/tammetalu.eu\/toode\/tere-hommikust-tee-15g\/","og_site_name":"Tamme talu \u00fcrdiaed","article_publisher":"https:\/\/www.facebook.com\/TammeTaluUrdiaed\/?locale=et_EE","article_modified_time":"2025-01-08T10:37:14+00:00","og_image":[{"width":960,"height":960,"url":"https:\/\/tammetalu.eu\/wp-content\/uploads\/2022\/08\/Oko_Tere_hommikust_taimetee.jpg","type":"image\/jpeg"}],"twitter_card":"summary_large_image","twitter_misc":{"Arvioitu lukuaika":"1 minuutti"},"schema":{"@context":"https:\/\/schema.org","@graph":[{"@type":"WebPage","@id":"https:\/\/tammetalu.eu\/toode\/tere-hommikust-tee-15g\/","url":"https:\/\/tammetalu.eu\/toode\/tere-hommikust-tee-15g\/","name":"MAHE Tere hommikust tee 15g - Tamme talu \u00fcrdiaed","isPartOf":{"@id":"https:\/\/tammetalu.eu\/#website"},"primaryImageOfPage":{"@id":"https:\/\/tammetalu.eu\/toode\/tere-hommikust-tee-15g\/#primaryimage"},"image":{"@id":"https:\/\/tammetalu.eu\/toode\/tere-hommikust-tee-15g\/#primaryimage"},"thumbnailUrl":"https:\/\/tammetalu.eu\/wp-content\/uploads\/2022\/08\/Oko_Tere_hommikust_taimetee.jpg","datePublished":"2022-08-09T06:04:13+00:00","dateModified":"2025-01-08T10:37:14+00:00","description":"Kuldkollane hommikutee sillerdab teekruusis nagu soojalt s\u00e4rav p\u00e4ike ning pilgutab Sulle r\u00f5\u00f5msalt silma. Koostisosad: kummel, saialill, \u00fcheksav\u00e4gise \u00f5ied","breadcrumb":{"@id":"https:\/\/tammetalu.eu\/toode\/tere-hommikust-tee-15g\/#breadcrumb"},"inLanguage":"fi","potentialAction":[{"@type":"ReadAction","target":["https:\/\/tammetalu.eu\/toode\/tere-hommikust-tee-15g\/"]}]},{"@type":"ImageObject","inLanguage":"fi","@id":"https:\/\/tammetalu.eu\/toode\/tere-hommikust-tee-15g\/#primaryimage","url":"https:\/\/tammetalu.eu\/wp-content\/uploads\/2022\/08\/Oko_Tere_hommikust_taimetee.jpg","contentUrl":"https:\/\/tammetalu.eu\/wp-content\/uploads\/2022\/08\/Oko_Tere_hommikust_taimetee.jpg","width":960,"height":960,"caption":"Oko_Tere_hommikust_taimetee"},{"@type":"BreadcrumbList","@id":"https:\/\/tammetalu.eu\/toode\/tere-hommikust-tee-15g\/#breadcrumb","itemListElement":[{"@type":"ListItem","position":1,"name":"Home","item":"https:\/\/tammetalu.eu\/fi\/etusivu\/"},{"@type":"ListItem","position":2,"name":"Kaikki tuotteet","item":"https:\/\/tammetalu.eu\/fi\/kaikki-tuotteet\/"},{"@type":"ListItem","position":3,"name":"MAHE Tere hommikust tee 15g"}]},{"@type":"WebSite","@id":"https:\/\/tammetalu.eu\/#website","url":"https:\/\/tammetalu.eu\/","name":"Tamme talu \u00fcrdiaed","description":"K\u00e4sit\u00f6\u00f6na valmistatud tooted \u00fcrtidest, \u00fcrdiistikud, \u00fcrtide kollektsioonaed","publisher":{"@id":"https:\/\/tammetalu.eu\/#organization"},"alternateName":"Tamme talu","potentialAction":[{"@type":"SearchAction","target":{"@type":"EntryPoint","urlTemplate":"https:\/\/tammetalu.eu\/?s={search_term_string}"},"query-input":{"@type":"PropertyValueSpecification","valueRequired":true,"valueName":"search_term_string"}}],"inLanguage":"fi"},{"@type":"Organization","@id":"https:\/\/tammetalu.eu\/#organization","name":"Tamme talu \u00fcrdiaed","alternateName":"Tamme talu","url":"https:\/\/tammetalu.eu\/","logo":{"@type":"ImageObject","inLanguage":"fi","@id":"https:\/\/tammetalu.eu\/#\/schema\/logo\/image\/","url":"https:\/\/tammetalu.eu\/wp-content\/uploads\/2025\/01\/Tamme_talu_urdiaed.png","contentUrl":"https:\/\/tammetalu.eu\/wp-content\/uploads\/2025\/01\/Tamme_talu_urdiaed.png","width":560,"height":560,"caption":"Tamme talu \u00fcrdiaed"},"image":{"@id":"https:\/\/tammetalu.eu\/#\/schema\/logo\/image\/"},"sameAs":["https:\/\/www.facebook.com\/TammeTaluUrdiaed\/?locale=et_EE","https:\/\/www.instagram.com\/tammetaluurdiaed\/"]}]}},"_links":{"self":[{"href":"https:\/\/tammetalu.eu\/fi\/wp-json\/wp\/v2\/product\/15600","targetHints":{"allow":["GET"]}}],"collection":[{"href":"https:\/\/tammetalu.eu\/fi\/wp-json\/wp\/v2\/product"}],"about":[{"href":"https:\/\/tammetalu.eu\/fi\/wp-json\/wp\/v2\/types\/product"}],"wp:featuredmedia":[{"embeddable":true,"href":"https:\/\/tammetalu.eu\/fi\/wp-json\/wp\/v2\/media\/16595"}],"wp:attachment":[{"href":"https:\/\/tammetalu.eu\/fi\/wp-json\/wp\/v2\/media?parent=15600"}],"wp:term":[{"taxonomy":"product_brand","embeddable":true,"href":"https:\/\/tammetalu.eu\/fi\/wp-json\/wp\/v2\/product_brand?post=15600"},{"taxonomy":"product_cat","embeddable":true,"href":"https:\/\/tammetalu.eu\/fi\/wp-json\/wp\/v2\/product_cat?post=15600"},{"taxonomy":"product_tag","embeddable":true,"href":"https:\/\/tammetalu.eu\/fi\/wp-json\/wp\/v2\/product_tag?post=15600"}],"curies":[{"name":"wp","href":"https:\/\/api.w.org\/{rel}","templated":true}]}}