{"id":15651,"date":"2022-08-09T09:04:34","date_gmt":"2022-08-09T06:04:34","guid":{"rendered":"https:\/\/tammetalu.eu?post_type=product&#038;p=15651"},"modified":"2026-04-15T18:18:38","modified_gmt":"2026-04-15T15:18:38","slug":"karulauk","status":"publish","type":"product","link":"https:\/\/tammetalu.eu\/fi\/toode\/karulauk\/","title":{"rendered":"Karulauk"},"content":{"rendered":"","protected":false},"excerpt":{"rendered":"<p><em>Allium ursinum<\/em><\/p>\n<p>Kuni 25 cm pikkuste heleroheliste lehtedega k\u00fclmakindel sibultaim, mis sobib kasvama nii varjulisse kui poolvarjulisse parasniiske mullaga kasvukohta. Juunis peale \u00f5itsemist lehed kuivavad.Vitamiinirikkaid k\u00fc\u00fcslaugumaitselisi\u00a0 mahlaseid lehti kasutatakse nii v\u00e4rskelt kui kuivatatult. Karulauk on kevadine organismi puhastaja, sest omab tugevat antibakteritsiidset ja toniseerivat m\u00f5ju ning on efektiivne ka igemehaiguste, arteroskleroosi, h\u00fcpertoonia ja ainevahetush\u00e4irete raviks. Karulauk sobib oma eluviisilt kasvama suuremate puude ja p\u00f5\u00f5saste alla, kus lehed j\u00e4\u00e4vad kevadel riisumata. Aastatega v\u00f5ib karulauk v\u00e4iksemates aedades muutuda t\u00fc\u00fctuks paljunejaks. Aga esimestel aastatel on taime juurdekas veidi kesine. Potis on kuni 5 taime.<\/p>\n","protected":false},"featured_media":15814,"template":"","meta":{"_acf_changed":false,"_et_pb_use_builder":"","_et_pb_old_content":"","_et_gb_content_width":"","inline_featured_image":false},"product_brand":[],"product_cat":[247,186,201,203],"product_tag":[],"class_list":{"0":"post-15651","1":"product","2":"type-product","3":"status-publish","4":"has-post-thumbnail","6":"product_cat-rohenappude-lemmikud","7":"product_cat-maitse-ja-ravimtaimede-istikud","8":"product_cat-laugud","9":"product_cat-ponevad-koogiviljad","11":"first","12":"instock","13":"sale","14":"taxable","15":"shipping-taxable","16":"purchasable","17":"product-type-simple"},"acf":[],"yoast_head":"<!-- This site is optimized with the Yoast SEO plugin v26.4 - https:\/\/yoast.com\/wordpress\/plugins\/seo\/ -->\n<title>Karulauk - Tamme talu \u00fcrdiaed<\/title>\n<meta name=\"description\" content=\"Kuni 25 cm pikkuste heleroheliste lehtedega k\u00fclmakindel sibultaim, mis sobib kasvama nii varjulisse kui poolvarjulisse parasniiske mullaga kasvukohta.\" \/>\n<meta name=\"robots\" content=\"index, follow, max-snippet:-1, max-image-preview:large, max-video-preview:-1\" \/>\n<link rel=\"canonical\" href=\"https:\/\/tammetalu.eu\/toode\/karulauk\/\" \/>\n<meta property=\"og:locale\" content=\"fi_FI\" \/>\n<meta property=\"og:type\" content=\"article\" \/>\n<meta property=\"og:title\" content=\"Karulauk - Tamme talu \u00fcrdiaed\" \/>\n<meta property=\"og:description\" content=\"Kuni 25 cm pikkuste heleroheliste lehtedega k\u00fclmakindel sibultaim, mis sobib kasvama nii varjulisse kui poolvarjulisse parasniiske mullaga kasvukohta.\" \/>\n<meta property=\"og:url\" content=\"https:\/\/tammetalu.eu\/toode\/karulauk\/\" \/>\n<meta property=\"og:site_name\" content=\"Tamme talu \u00fcrdiaed\" \/>\n<meta property=\"article:publisher\" content=\"https:\/\/www.facebook.com\/TammeTaluUrdiaed\/?locale=et_EE\" \/>\n<meta property=\"article:modified_time\" content=\"2026-04-15T15:18:38+00:00\" \/>\n<meta property=\"og:image\" content=\"https:\/\/tammetalu.eu\/wp-content\/uploads\/2022\/08\/Karulauk-6.jpeg\" \/>\n\t<meta property=\"og:image:width\" content=\"1024\" \/>\n\t<meta property=\"og:image:height\" content=\"1207\" \/>\n\t<meta property=\"og:image:type\" content=\"image\/jpeg\" \/>\n<meta name=\"twitter:card\" content=\"summary_large_image\" \/>\n<meta name=\"twitter:label1\" content=\"Arvioitu lukuaika\" \/>\n\t<meta name=\"twitter:data1\" content=\"1 minuutti\" \/>\n<script type=\"application\/ld+json\" class=\"yoast-schema-graph\">{\"@context\":\"https:\/\/schema.org\",\"@graph\":[{\"@type\":\"WebPage\",\"@id\":\"https:\/\/tammetalu.eu\/toode\/karulauk\/\",\"url\":\"https:\/\/tammetalu.eu\/toode\/karulauk\/\",\"name\":\"Karulauk - Tamme talu \u00fcrdiaed\",\"isPartOf\":{\"@id\":\"https:\/\/tammetalu.eu\/#website\"},\"primaryImageOfPage\":{\"@id\":\"https:\/\/tammetalu.eu\/toode\/karulauk\/#primaryimage\"},\"image\":{\"@id\":\"https:\/\/tammetalu.eu\/toode\/karulauk\/#primaryimage\"},\"thumbnailUrl\":\"https:\/\/tammetalu.eu\/wp-content\/uploads\/2022\/08\/Karulauk-6.jpeg\",\"datePublished\":\"2022-08-09T06:04:34+00:00\",\"dateModified\":\"2026-04-15T15:18:38+00:00\",\"description\":\"Kuni 25 cm pikkuste heleroheliste lehtedega k\u00fclmakindel sibultaim, mis sobib kasvama nii varjulisse kui poolvarjulisse parasniiske mullaga kasvukohta.\",\"breadcrumb\":{\"@id\":\"https:\/\/tammetalu.eu\/toode\/karulauk\/#breadcrumb\"},\"inLanguage\":\"fi\",\"potentialAction\":[{\"@type\":\"ReadAction\",\"target\":[\"https:\/\/tammetalu.eu\/toode\/karulauk\/\"]}]},{\"@type\":\"ImageObject\",\"inLanguage\":\"fi\",\"@id\":\"https:\/\/tammetalu.eu\/toode\/karulauk\/#primaryimage\",\"url\":\"https:\/\/tammetalu.eu\/wp-content\/uploads\/2022\/08\/Karulauk-6.jpeg\",\"contentUrl\":\"https:\/\/tammetalu.eu\/wp-content\/uploads\/2022\/08\/Karulauk-6.jpeg\",\"width\":1024,\"height\":1207},{\"@type\":\"BreadcrumbList\",\"@id\":\"https:\/\/tammetalu.eu\/toode\/karulauk\/#breadcrumb\",\"itemListElement\":[{\"@type\":\"ListItem\",\"position\":1,\"name\":\"Home\",\"item\":\"https:\/\/tammetalu.eu\/fi\/etusivu\/\"},{\"@type\":\"ListItem\",\"position\":2,\"name\":\"Kaikki tuotteet\",\"item\":\"https:\/\/tammetalu.eu\/fi\/kaikki-tuotteet\/\"},{\"@type\":\"ListItem\",\"position\":3,\"name\":\"Karulauk\"}]},{\"@type\":\"WebSite\",\"@id\":\"https:\/\/tammetalu.eu\/#website\",\"url\":\"https:\/\/tammetalu.eu\/\",\"name\":\"Tamme talu \u00fcrdiaed\",\"description\":\"K\u00e4sit\u00f6\u00f6na valmistatud tooted \u00fcrtidest, \u00fcrdiistikud, \u00fcrtide kollektsioonaed\",\"publisher\":{\"@id\":\"https:\/\/tammetalu.eu\/#organization\"},\"alternateName\":\"Tamme talu\",\"potentialAction\":[{\"@type\":\"SearchAction\",\"target\":{\"@type\":\"EntryPoint\",\"urlTemplate\":\"https:\/\/tammetalu.eu\/?s={search_term_string}\"},\"query-input\":{\"@type\":\"PropertyValueSpecification\",\"valueRequired\":true,\"valueName\":\"search_term_string\"}}],\"inLanguage\":\"fi\"},{\"@type\":\"Organization\",\"@id\":\"https:\/\/tammetalu.eu\/#organization\",\"name\":\"Tamme talu \u00fcrdiaed\",\"alternateName\":\"Tamme talu\",\"url\":\"https:\/\/tammetalu.eu\/\",\"logo\":{\"@type\":\"ImageObject\",\"inLanguage\":\"fi\",\"@id\":\"https:\/\/tammetalu.eu\/#\/schema\/logo\/image\/\",\"url\":\"https:\/\/tammetalu.eu\/wp-content\/uploads\/2025\/01\/Tamme_talu_urdiaed.png\",\"contentUrl\":\"https:\/\/tammetalu.eu\/wp-content\/uploads\/2025\/01\/Tamme_talu_urdiaed.png\",\"width\":560,\"height\":560,\"caption\":\"Tamme talu \u00fcrdiaed\"},\"image\":{\"@id\":\"https:\/\/tammetalu.eu\/#\/schema\/logo\/image\/\"},\"sameAs\":[\"https:\/\/www.facebook.com\/TammeTaluUrdiaed\/?locale=et_EE\",\"https:\/\/www.instagram.com\/tammetaluurdiaed\/\"]}]}<\/script>\n<!-- \/ Yoast SEO plugin. -->","yoast_head_json":{"title":"Karulauk - Tamme talu \u00fcrdiaed","description":"Kuni 25 cm pikkuste heleroheliste lehtedega k\u00fclmakindel sibultaim, mis sobib kasvama nii varjulisse kui poolvarjulisse parasniiske mullaga kasvukohta.","robots":{"index":"index","follow":"follow","max-snippet":"max-snippet:-1","max-image-preview":"max-image-preview:large","max-video-preview":"max-video-preview:-1"},"canonical":"https:\/\/tammetalu.eu\/toode\/karulauk\/","og_locale":"fi_FI","og_type":"article","og_title":"Karulauk - Tamme talu \u00fcrdiaed","og_description":"Kuni 25 cm pikkuste heleroheliste lehtedega k\u00fclmakindel sibultaim, mis sobib kasvama nii varjulisse kui poolvarjulisse parasniiske mullaga kasvukohta.","og_url":"https:\/\/tammetalu.eu\/toode\/karulauk\/","og_site_name":"Tamme talu \u00fcrdiaed","article_publisher":"https:\/\/www.facebook.com\/TammeTaluUrdiaed\/?locale=et_EE","article_modified_time":"2026-04-15T15:18:38+00:00","og_image":[{"width":1024,"height":1207,"url":"https:\/\/tammetalu.eu\/wp-content\/uploads\/2022\/08\/Karulauk-6.jpeg","type":"image\/jpeg"}],"twitter_card":"summary_large_image","twitter_misc":{"Arvioitu lukuaika":"1 minuutti"},"schema":{"@context":"https:\/\/schema.org","@graph":[{"@type":"WebPage","@id":"https:\/\/tammetalu.eu\/toode\/karulauk\/","url":"https:\/\/tammetalu.eu\/toode\/karulauk\/","name":"Karulauk - Tamme talu \u00fcrdiaed","isPartOf":{"@id":"https:\/\/tammetalu.eu\/#website"},"primaryImageOfPage":{"@id":"https:\/\/tammetalu.eu\/toode\/karulauk\/#primaryimage"},"image":{"@id":"https:\/\/tammetalu.eu\/toode\/karulauk\/#primaryimage"},"thumbnailUrl":"https:\/\/tammetalu.eu\/wp-content\/uploads\/2022\/08\/Karulauk-6.jpeg","datePublished":"2022-08-09T06:04:34+00:00","dateModified":"2026-04-15T15:18:38+00:00","description":"Kuni 25 cm pikkuste heleroheliste lehtedega k\u00fclmakindel sibultaim, mis sobib kasvama nii varjulisse kui poolvarjulisse parasniiske mullaga kasvukohta.","breadcrumb":{"@id":"https:\/\/tammetalu.eu\/toode\/karulauk\/#breadcrumb"},"inLanguage":"fi","potentialAction":[{"@type":"ReadAction","target":["https:\/\/tammetalu.eu\/toode\/karulauk\/"]}]},{"@type":"ImageObject","inLanguage":"fi","@id":"https:\/\/tammetalu.eu\/toode\/karulauk\/#primaryimage","url":"https:\/\/tammetalu.eu\/wp-content\/uploads\/2022\/08\/Karulauk-6.jpeg","contentUrl":"https:\/\/tammetalu.eu\/wp-content\/uploads\/2022\/08\/Karulauk-6.jpeg","width":1024,"height":1207},{"@type":"BreadcrumbList","@id":"https:\/\/tammetalu.eu\/toode\/karulauk\/#breadcrumb","itemListElement":[{"@type":"ListItem","position":1,"name":"Home","item":"https:\/\/tammetalu.eu\/fi\/etusivu\/"},{"@type":"ListItem","position":2,"name":"Kaikki tuotteet","item":"https:\/\/tammetalu.eu\/fi\/kaikki-tuotteet\/"},{"@type":"ListItem","position":3,"name":"Karulauk"}]},{"@type":"WebSite","@id":"https:\/\/tammetalu.eu\/#website","url":"https:\/\/tammetalu.eu\/","name":"Tamme talu \u00fcrdiaed","description":"K\u00e4sit\u00f6\u00f6na valmistatud tooted \u00fcrtidest, \u00fcrdiistikud, \u00fcrtide kollektsioonaed","publisher":{"@id":"https:\/\/tammetalu.eu\/#organization"},"alternateName":"Tamme talu","potentialAction":[{"@type":"SearchAction","target":{"@type":"EntryPoint","urlTemplate":"https:\/\/tammetalu.eu\/?s={search_term_string}"},"query-input":{"@type":"PropertyValueSpecification","valueRequired":true,"valueName":"search_term_string"}}],"inLanguage":"fi"},{"@type":"Organization","@id":"https:\/\/tammetalu.eu\/#organization","name":"Tamme talu \u00fcrdiaed","alternateName":"Tamme talu","url":"https:\/\/tammetalu.eu\/","logo":{"@type":"ImageObject","inLanguage":"fi","@id":"https:\/\/tammetalu.eu\/#\/schema\/logo\/image\/","url":"https:\/\/tammetalu.eu\/wp-content\/uploads\/2025\/01\/Tamme_talu_urdiaed.png","contentUrl":"https:\/\/tammetalu.eu\/wp-content\/uploads\/2025\/01\/Tamme_talu_urdiaed.png","width":560,"height":560,"caption":"Tamme talu \u00fcrdiaed"},"image":{"@id":"https:\/\/tammetalu.eu\/#\/schema\/logo\/image\/"},"sameAs":["https:\/\/www.facebook.com\/TammeTaluUrdiaed\/?locale=et_EE","https:\/\/www.instagram.com\/tammetaluurdiaed\/"]}]}},"_links":{"self":[{"href":"https:\/\/tammetalu.eu\/fi\/wp-json\/wp\/v2\/product\/15651","targetHints":{"allow":["GET"]}}],"collection":[{"href":"https:\/\/tammetalu.eu\/fi\/wp-json\/wp\/v2\/product"}],"about":[{"href":"https:\/\/tammetalu.eu\/fi\/wp-json\/wp\/v2\/types\/product"}],"wp:featuredmedia":[{"embeddable":true,"href":"https:\/\/tammetalu.eu\/fi\/wp-json\/wp\/v2\/media\/15814"}],"wp:attachment":[{"href":"https:\/\/tammetalu.eu\/fi\/wp-json\/wp\/v2\/media?parent=15651"}],"wp:term":[{"taxonomy":"product_brand","embeddable":true,"href":"https:\/\/tammetalu.eu\/fi\/wp-json\/wp\/v2\/product_brand?post=15651"},{"taxonomy":"product_cat","embeddable":true,"href":"https:\/\/tammetalu.eu\/fi\/wp-json\/wp\/v2\/product_cat?post=15651"},{"taxonomy":"product_tag","embeddable":true,"href":"https:\/\/tammetalu.eu\/fi\/wp-json\/wp\/v2\/product_tag?post=15651"}],"curies":[{"name":"wp","href":"https:\/\/api.w.org\/{rel}","templated":true}]}}