{"id":15653,"date":"2022-08-09T09:04:34","date_gmt":"2022-08-09T06:04:34","guid":{"rendered":"https:\/\/tammetalu.eu?post_type=product&#038;p=15653"},"modified":"2026-02-02T15:14:58","modified_gmt":"2026-02-02T13:14:58","slug":"lilla-kroonlauk-silver-lace","status":"publish","type":"product","link":"https:\/\/tammetalu.eu\/fi\/toode\/lilla-kroonlauk-silver-lace\/","title":{"rendered":"Lilla kroonlauk &#8221;Silver Lace&#8221;"},"content":{"rendered":"","protected":false},"excerpt":{"rendered":"<p><em>Tulbaghia violacea<\/em><\/p>\n<p>Veidi k\u00fc\u00fcslaugu maitseliste rohelise-valgekirjute lehtede ja lillakasroosade \u00f5isikutega k\u00fclmahell p\u00fcsik. Kasvab kuni 40-50 cm k\u00f5rguseks puhmaks. Suvel sobib taime kasvatada \u00f5ues potis, talveks vajab talvitumiseks siseruumi.<\/p>\n<p>See mitmeaastane taim on p\u00e4rit L\u00f5una-Aafrikast ning on v\u00e4rskendav valik aeda v\u00f5i konteineritesse. Eestis taime kasvatades peab t\u00e4hele panema seda, et \u00fcldiselt on taim k\u00fclmahell ja seep\u00e4rast teda peenral talvitada ei saa.<\/p>\n<ol>\n<li>L\u00f5hn: Taime lehed, \u00f5ied ja sibulad eritavad tugevat k\u00fc\u00fcslaugu l\u00f5hna, mis on segunenud sinepi, m\u00e4dar\u00f5ika ja sibula aroomiga. See v\u00f5ib olla kasvatajale nii meeldiv kui segav, olenevalt isiklikest eelistustest.<\/li>\n<li>Hooldus: Lilla kroonlauk eelistab p\u00e4ikeselist kasvukohta ja keskmise rammususega kuivemapoolset mulda. Lilla kroonlauk v\u00e4ga vastupidav taim, taludes h\u00e4sti p\u00f5uda ja kuumust. On v\u00e4ga vastupidav ja v\u00e4hen\u00f5udlik potis kasvatamiseks.<\/li>\n<li>Lilla kroonlaugu lehti ja \u00f5isi saab tarvitada toiduks aastaringselt. Sobib oma maitselt salatitesse, suppidesse, v\u00f5ileivale, prae k\u00f5rvale lisandiks ning soolaste roogade garneerimiseks.<\/li>\n<li>On oma kodumaal tuntud ka kui ravimtaim erinevate t\u00f5bede leevendamiseks.<\/li>\n<\/ol>\n<p>&nbsp;<\/p>\n<p>&nbsp;<\/p>\n","protected":false},"featured_media":18023,"template":"","meta":{"_acf_changed":false,"_et_pb_use_builder":"","_et_pb_old_content":"","_et_gb_content_width":"","inline_featured_image":false},"product_brand":[],"product_cat":[186,201,203],"product_tag":[],"class_list":{"0":"post-15653","1":"product","2":"type-product","3":"status-publish","4":"has-post-thumbnail","6":"product_cat-maitse-ja-ravimtaimede-istikud","7":"product_cat-laugud","8":"product_cat-ponevad-koogiviljad","10":"first","11":"outofstock","12":"sale","13":"taxable","14":"shipping-taxable","15":"purchasable","16":"product-type-simple"},"acf":[],"yoast_head":"<!-- This site is optimized with the Yoast SEO plugin v26.4 - https:\/\/yoast.com\/wordpress\/plugins\/seo\/ -->\n<title>Lilla kroonlauk &quot;Silver Lace&quot; - Tamme talu \u00fcrdiaed<\/title>\n<meta name=\"description\" content=\"Veidi k\u00fc\u00fcslaugu maitseliste rohelise-valgekirjute lehtede ja lillakasroosade \u00f5isikutega k\u00fclmahell p\u00fcsik. Kasvab kuni 40-50 cm k\u00f5rguseks puhmaks.\" \/>\n<meta name=\"robots\" content=\"index, follow, max-snippet:-1, max-image-preview:large, max-video-preview:-1\" \/>\n<link rel=\"canonical\" href=\"https:\/\/tammetalu.eu\/toode\/lilla-kroonlauk-silver-lace\/\" \/>\n<meta property=\"og:locale\" content=\"fi_FI\" \/>\n<meta property=\"og:type\" content=\"article\" \/>\n<meta property=\"og:title\" content=\"Lilla kroonlauk &quot;Silver Lace&quot; - Tamme talu \u00fcrdiaed\" \/>\n<meta property=\"og:description\" content=\"Veidi k\u00fc\u00fcslaugu maitseliste rohelise-valgekirjute lehtede ja lillakasroosade \u00f5isikutega k\u00fclmahell p\u00fcsik. Kasvab kuni 40-50 cm k\u00f5rguseks puhmaks.\" \/>\n<meta property=\"og:url\" content=\"https:\/\/tammetalu.eu\/toode\/lilla-kroonlauk-silver-lace\/\" \/>\n<meta property=\"og:site_name\" content=\"Tamme talu \u00fcrdiaed\" \/>\n<meta property=\"article:publisher\" content=\"https:\/\/www.facebook.com\/TammeTaluUrdiaed\/?locale=et_EE\" \/>\n<meta property=\"article:modified_time\" content=\"2026-02-02T13:14:58+00:00\" \/>\n<meta property=\"og:image\" content=\"https:\/\/tammetalu.eu\/wp-content\/uploads\/2022\/08\/Lilla_kroonlauk_silver_lace_tamme_talu_urdiaed-e1695840583211.jpg\" \/>\n\t<meta property=\"og:image:width\" content=\"851\" \/>\n\t<meta property=\"og:image:height\" content=\"1275\" \/>\n\t<meta property=\"og:image:type\" content=\"image\/jpeg\" \/>\n<meta name=\"twitter:card\" content=\"summary_large_image\" \/>\n<meta name=\"twitter:label1\" content=\"Arvioitu lukuaika\" \/>\n\t<meta name=\"twitter:data1\" content=\"1 minuutti\" \/>\n<script type=\"application\/ld+json\" class=\"yoast-schema-graph\">{\"@context\":\"https:\/\/schema.org\",\"@graph\":[{\"@type\":\"WebPage\",\"@id\":\"https:\/\/tammetalu.eu\/toode\/lilla-kroonlauk-silver-lace\/\",\"url\":\"https:\/\/tammetalu.eu\/toode\/lilla-kroonlauk-silver-lace\/\",\"name\":\"Lilla kroonlauk \\\"Silver Lace\\\" - Tamme talu \u00fcrdiaed\",\"isPartOf\":{\"@id\":\"https:\/\/tammetalu.eu\/#website\"},\"primaryImageOfPage\":{\"@id\":\"https:\/\/tammetalu.eu\/toode\/lilla-kroonlauk-silver-lace\/#primaryimage\"},\"image\":{\"@id\":\"https:\/\/tammetalu.eu\/toode\/lilla-kroonlauk-silver-lace\/#primaryimage\"},\"thumbnailUrl\":\"https:\/\/tammetalu.eu\/wp-content\/uploads\/2022\/08\/Lilla_kroonlauk_silver_lace_tamme_talu_urdiaed-e1695840583211.jpg\",\"datePublished\":\"2022-08-09T06:04:34+00:00\",\"dateModified\":\"2026-02-02T13:14:58+00:00\",\"description\":\"Veidi k\u00fc\u00fcslaugu maitseliste rohelise-valgekirjute lehtede ja lillakasroosade \u00f5isikutega k\u00fclmahell p\u00fcsik. Kasvab kuni 40-50 cm k\u00f5rguseks puhmaks.\",\"breadcrumb\":{\"@id\":\"https:\/\/tammetalu.eu\/toode\/lilla-kroonlauk-silver-lace\/#breadcrumb\"},\"inLanguage\":\"fi\",\"potentialAction\":[{\"@type\":\"ReadAction\",\"target\":[\"https:\/\/tammetalu.eu\/toode\/lilla-kroonlauk-silver-lace\/\"]}]},{\"@type\":\"ImageObject\",\"inLanguage\":\"fi\",\"@id\":\"https:\/\/tammetalu.eu\/toode\/lilla-kroonlauk-silver-lace\/#primaryimage\",\"url\":\"https:\/\/tammetalu.eu\/wp-content\/uploads\/2022\/08\/Lilla_kroonlauk_silver_lace_tamme_talu_urdiaed-e1695840583211.jpg\",\"contentUrl\":\"https:\/\/tammetalu.eu\/wp-content\/uploads\/2022\/08\/Lilla_kroonlauk_silver_lace_tamme_talu_urdiaed-e1695840583211.jpg\",\"width\":851,\"height\":1275,\"caption\":\"Lilla_kroonlauk_silver_lace_tamme_talu_urdiaed\"},{\"@type\":\"BreadcrumbList\",\"@id\":\"https:\/\/tammetalu.eu\/toode\/lilla-kroonlauk-silver-lace\/#breadcrumb\",\"itemListElement\":[{\"@type\":\"ListItem\",\"position\":1,\"name\":\"Home\",\"item\":\"https:\/\/tammetalu.eu\/fi\/etusivu\/\"},{\"@type\":\"ListItem\",\"position\":2,\"name\":\"Kaikki tuotteet\",\"item\":\"https:\/\/tammetalu.eu\/fi\/kaikki-tuotteet\/\"},{\"@type\":\"ListItem\",\"position\":3,\"name\":\"Lilla kroonlauk &#8220;Silver Lace&#8221;\"}]},{\"@type\":\"WebSite\",\"@id\":\"https:\/\/tammetalu.eu\/#website\",\"url\":\"https:\/\/tammetalu.eu\/\",\"name\":\"Tamme talu \u00fcrdiaed\",\"description\":\"K\u00e4sit\u00f6\u00f6na valmistatud tooted \u00fcrtidest, \u00fcrdiistikud, \u00fcrtide kollektsioonaed\",\"publisher\":{\"@id\":\"https:\/\/tammetalu.eu\/#organization\"},\"alternateName\":\"Tamme talu\",\"potentialAction\":[{\"@type\":\"SearchAction\",\"target\":{\"@type\":\"EntryPoint\",\"urlTemplate\":\"https:\/\/tammetalu.eu\/?s={search_term_string}\"},\"query-input\":{\"@type\":\"PropertyValueSpecification\",\"valueRequired\":true,\"valueName\":\"search_term_string\"}}],\"inLanguage\":\"fi\"},{\"@type\":\"Organization\",\"@id\":\"https:\/\/tammetalu.eu\/#organization\",\"name\":\"Tamme talu \u00fcrdiaed\",\"alternateName\":\"Tamme talu\",\"url\":\"https:\/\/tammetalu.eu\/\",\"logo\":{\"@type\":\"ImageObject\",\"inLanguage\":\"fi\",\"@id\":\"https:\/\/tammetalu.eu\/#\/schema\/logo\/image\/\",\"url\":\"https:\/\/tammetalu.eu\/wp-content\/uploads\/2025\/01\/Tamme_talu_urdiaed.png\",\"contentUrl\":\"https:\/\/tammetalu.eu\/wp-content\/uploads\/2025\/01\/Tamme_talu_urdiaed.png\",\"width\":560,\"height\":560,\"caption\":\"Tamme talu \u00fcrdiaed\"},\"image\":{\"@id\":\"https:\/\/tammetalu.eu\/#\/schema\/logo\/image\/\"},\"sameAs\":[\"https:\/\/www.facebook.com\/TammeTaluUrdiaed\/?locale=et_EE\",\"https:\/\/www.instagram.com\/tammetaluurdiaed\/\"]}]}<\/script>\n<!-- \/ Yoast SEO plugin. -->","yoast_head_json":{"title":"Lilla kroonlauk \"Silver Lace\" - Tamme talu \u00fcrdiaed","description":"Veidi k\u00fc\u00fcslaugu maitseliste rohelise-valgekirjute lehtede ja lillakasroosade \u00f5isikutega k\u00fclmahell p\u00fcsik. Kasvab kuni 40-50 cm k\u00f5rguseks puhmaks.","robots":{"index":"index","follow":"follow","max-snippet":"max-snippet:-1","max-image-preview":"max-image-preview:large","max-video-preview":"max-video-preview:-1"},"canonical":"https:\/\/tammetalu.eu\/toode\/lilla-kroonlauk-silver-lace\/","og_locale":"fi_FI","og_type":"article","og_title":"Lilla kroonlauk \"Silver Lace\" - Tamme talu \u00fcrdiaed","og_description":"Veidi k\u00fc\u00fcslaugu maitseliste rohelise-valgekirjute lehtede ja lillakasroosade \u00f5isikutega k\u00fclmahell p\u00fcsik. Kasvab kuni 40-50 cm k\u00f5rguseks puhmaks.","og_url":"https:\/\/tammetalu.eu\/toode\/lilla-kroonlauk-silver-lace\/","og_site_name":"Tamme talu \u00fcrdiaed","article_publisher":"https:\/\/www.facebook.com\/TammeTaluUrdiaed\/?locale=et_EE","article_modified_time":"2026-02-02T13:14:58+00:00","og_image":[{"width":851,"height":1275,"url":"https:\/\/tammetalu.eu\/wp-content\/uploads\/2022\/08\/Lilla_kroonlauk_silver_lace_tamme_talu_urdiaed-e1695840583211.jpg","type":"image\/jpeg"}],"twitter_card":"summary_large_image","twitter_misc":{"Arvioitu lukuaika":"1 minuutti"},"schema":{"@context":"https:\/\/schema.org","@graph":[{"@type":"WebPage","@id":"https:\/\/tammetalu.eu\/toode\/lilla-kroonlauk-silver-lace\/","url":"https:\/\/tammetalu.eu\/toode\/lilla-kroonlauk-silver-lace\/","name":"Lilla kroonlauk \"Silver Lace\" - Tamme talu \u00fcrdiaed","isPartOf":{"@id":"https:\/\/tammetalu.eu\/#website"},"primaryImageOfPage":{"@id":"https:\/\/tammetalu.eu\/toode\/lilla-kroonlauk-silver-lace\/#primaryimage"},"image":{"@id":"https:\/\/tammetalu.eu\/toode\/lilla-kroonlauk-silver-lace\/#primaryimage"},"thumbnailUrl":"https:\/\/tammetalu.eu\/wp-content\/uploads\/2022\/08\/Lilla_kroonlauk_silver_lace_tamme_talu_urdiaed-e1695840583211.jpg","datePublished":"2022-08-09T06:04:34+00:00","dateModified":"2026-02-02T13:14:58+00:00","description":"Veidi k\u00fc\u00fcslaugu maitseliste rohelise-valgekirjute lehtede ja lillakasroosade \u00f5isikutega k\u00fclmahell p\u00fcsik. Kasvab kuni 40-50 cm k\u00f5rguseks puhmaks.","breadcrumb":{"@id":"https:\/\/tammetalu.eu\/toode\/lilla-kroonlauk-silver-lace\/#breadcrumb"},"inLanguage":"fi","potentialAction":[{"@type":"ReadAction","target":["https:\/\/tammetalu.eu\/toode\/lilla-kroonlauk-silver-lace\/"]}]},{"@type":"ImageObject","inLanguage":"fi","@id":"https:\/\/tammetalu.eu\/toode\/lilla-kroonlauk-silver-lace\/#primaryimage","url":"https:\/\/tammetalu.eu\/wp-content\/uploads\/2022\/08\/Lilla_kroonlauk_silver_lace_tamme_talu_urdiaed-e1695840583211.jpg","contentUrl":"https:\/\/tammetalu.eu\/wp-content\/uploads\/2022\/08\/Lilla_kroonlauk_silver_lace_tamme_talu_urdiaed-e1695840583211.jpg","width":851,"height":1275,"caption":"Lilla_kroonlauk_silver_lace_tamme_talu_urdiaed"},{"@type":"BreadcrumbList","@id":"https:\/\/tammetalu.eu\/toode\/lilla-kroonlauk-silver-lace\/#breadcrumb","itemListElement":[{"@type":"ListItem","position":1,"name":"Home","item":"https:\/\/tammetalu.eu\/fi\/etusivu\/"},{"@type":"ListItem","position":2,"name":"Kaikki tuotteet","item":"https:\/\/tammetalu.eu\/fi\/kaikki-tuotteet\/"},{"@type":"ListItem","position":3,"name":"Lilla kroonlauk &#8220;Silver Lace&#8221;"}]},{"@type":"WebSite","@id":"https:\/\/tammetalu.eu\/#website","url":"https:\/\/tammetalu.eu\/","name":"Tamme talu \u00fcrdiaed","description":"K\u00e4sit\u00f6\u00f6na valmistatud tooted \u00fcrtidest, \u00fcrdiistikud, \u00fcrtide kollektsioonaed","publisher":{"@id":"https:\/\/tammetalu.eu\/#organization"},"alternateName":"Tamme talu","potentialAction":[{"@type":"SearchAction","target":{"@type":"EntryPoint","urlTemplate":"https:\/\/tammetalu.eu\/?s={search_term_string}"},"query-input":{"@type":"PropertyValueSpecification","valueRequired":true,"valueName":"search_term_string"}}],"inLanguage":"fi"},{"@type":"Organization","@id":"https:\/\/tammetalu.eu\/#organization","name":"Tamme talu \u00fcrdiaed","alternateName":"Tamme talu","url":"https:\/\/tammetalu.eu\/","logo":{"@type":"ImageObject","inLanguage":"fi","@id":"https:\/\/tammetalu.eu\/#\/schema\/logo\/image\/","url":"https:\/\/tammetalu.eu\/wp-content\/uploads\/2025\/01\/Tamme_talu_urdiaed.png","contentUrl":"https:\/\/tammetalu.eu\/wp-content\/uploads\/2025\/01\/Tamme_talu_urdiaed.png","width":560,"height":560,"caption":"Tamme talu \u00fcrdiaed"},"image":{"@id":"https:\/\/tammetalu.eu\/#\/schema\/logo\/image\/"},"sameAs":["https:\/\/www.facebook.com\/TammeTaluUrdiaed\/?locale=et_EE","https:\/\/www.instagram.com\/tammetaluurdiaed\/"]}]}},"_links":{"self":[{"href":"https:\/\/tammetalu.eu\/fi\/wp-json\/wp\/v2\/product\/15653","targetHints":{"allow":["GET"]}}],"collection":[{"href":"https:\/\/tammetalu.eu\/fi\/wp-json\/wp\/v2\/product"}],"about":[{"href":"https:\/\/tammetalu.eu\/fi\/wp-json\/wp\/v2\/types\/product"}],"wp:featuredmedia":[{"embeddable":true,"href":"https:\/\/tammetalu.eu\/fi\/wp-json\/wp\/v2\/media\/18023"}],"wp:attachment":[{"href":"https:\/\/tammetalu.eu\/fi\/wp-json\/wp\/v2\/media?parent=15653"}],"wp:term":[{"taxonomy":"product_brand","embeddable":true,"href":"https:\/\/tammetalu.eu\/fi\/wp-json\/wp\/v2\/product_brand?post=15653"},{"taxonomy":"product_cat","embeddable":true,"href":"https:\/\/tammetalu.eu\/fi\/wp-json\/wp\/v2\/product_cat?post=15653"},{"taxonomy":"product_tag","embeddable":true,"href":"https:\/\/tammetalu.eu\/fi\/wp-json\/wp\/v2\/product_tag?post=15653"}],"curies":[{"name":"wp","href":"https:\/\/api.w.org\/{rel}","templated":true}]}}