{"id":15724,"date":"2022-08-09T09:05:02","date_gmt":"2022-08-09T06:05:02","guid":{"rendered":"https:\/\/tammetalu.eu?post_type=product&#038;p=15724"},"modified":"2026-04-02T20:55:47","modified_gmt":"2026-04-02T17:55:47","slug":"sidrunmunt-chocolate-sokolaadimunt","status":"publish","type":"product","link":"https:\/\/tammetalu.eu\/fi\/toode\/sidrunmunt-chocolate-sokolaadimunt\/","title":{"rendered":"Sidrunm\u00fcnt\u00a0Mentha xcitrata \u201eChocolate\u201c"},"content":{"rendered":"","protected":false},"excerpt":{"rendered":"<p>Sidrunm\u00fcnt Mentha xcitrata \u201cSwiss Chocolate\u201d<\/p>\n<p>LAT:\u00a0 Mentha xcitrata \u201cChocolate\u201d<\/p>\n<p>ENG: Basil Mint \u201cChocolate\u201d<\/p>\n<p>RU:\u00a0 \u041c\u044f\u0442\u0430 \u201cChocolate\u201c<\/p>\n<p>FI: Sitruunaminttu \u201eChocolate\u201c<\/p>\n<p>Piparm\u00fcndimaitseline \u0161okolaad- nii l\u00f5hnab ja maitseb sidrunm\u00fcndi sort \u201cChocolate. On pikkade risoomidega kuni 60 cm k\u00f5rgune veidi k\u00fclmahell p\u00fcsik poolvarjulise v\u00f5i p\u00e4ikeselise parasniiske mullaga kasvukohale. Levib risoomidega, seep\u00e4rast oleks hea taimele planeerida kohe istutades piisav kasvuruum. Paljundada saab k\u00f5ige h\u00f5lpsamalt risoomidega. Sobilik sort kasvatamiseks suuremates pottides ja anumates ja amplites. V\u00e4hen\u00f5udlik suhteliselt talvekindel l\u00fchiajaline p\u00fcsik poolvarjulise v\u00f5i p\u00e4ikeselise parasniiske mullaga kasvukohale. Lumeta talvel v\u00f5iks taime katta.<\/p>\n<p>Sidrunm\u00fcnt sobib kasutamiseks nii soolastes kui magusates roogades ja tee valmistamiseks nii \u00fcksiktaimena kui teiste sobivate teetaimedega koos.<\/p>\n<p>Rahvameditsiinis kasutatakse m\u00fcnditeed \u00f5htul rahustavaks joogiks. On peavalu ja k\u00f5hupuhitusi leevendava toimega.<\/p>\n<p>K\u00f5rgus: kuni 0,6 m<\/p>\n<p>\u00d5itsemise aeg: VI-VIII<\/p>\n<p>Talvekindlus: Talvekindel<\/p>\n<p>Poti suurus : 9-11<\/p>\n","protected":false},"featured_media":18249,"template":"","meta":{"_acf_changed":false,"_et_pb_use_builder":"","_et_pb_old_content":"","_et_gb_content_width":"","inline_featured_image":false},"product_brand":[],"product_cat":[247,186,192],"product_tag":[],"class_list":{"0":"post-15724","1":"product","2":"type-product","3":"status-publish","4":"has-post-thumbnail","6":"product_cat-rohenappude-lemmikud","7":"product_cat-maitse-ja-ravimtaimede-istikud","8":"product_cat-mundid","10":"first","11":"instock","12":"sale","13":"taxable","14":"shipping-taxable","15":"purchasable","16":"product-type-simple"},"acf":[],"yoast_head":"<!-- This site is optimized with the Yoast SEO plugin v26.4 - https:\/\/yoast.com\/wordpress\/plugins\/seo\/ -->\n<title>Sidrunm\u00fcnt\u00a0Mentha xcitrata \u201eChocolate\u201c - Tamme talu \u00fcrdiaed<\/title>\n<meta name=\"description\" content=\"Magusalt mentooli ja \u0161okolaadi j\u00e4rele l\u00f5hnav 30-60 cm k\u00f5rgune veidi k\u00fclmahell p\u00fcsik poolvarjulise v\u00f5i p\u00e4ikeselise parasniiske mullaga kasvukohale.\" \/>\n<meta name=\"robots\" content=\"index, follow, max-snippet:-1, max-image-preview:large, max-video-preview:-1\" \/>\n<link rel=\"canonical\" href=\"https:\/\/tammetalu.eu\/toode\/sidrunmunt-chocolate-sokolaadimunt\/\" \/>\n<meta property=\"og:locale\" content=\"fi_FI\" \/>\n<meta property=\"og:type\" content=\"article\" \/>\n<meta property=\"og:title\" content=\"Sidrunm\u00fcnt\u00a0Mentha xcitrata \u201eChocolate\u201c - Tamme talu \u00fcrdiaed\" \/>\n<meta property=\"og:description\" content=\"Magusalt mentooli ja \u0161okolaadi j\u00e4rele l\u00f5hnav 30-60 cm k\u00f5rgune veidi k\u00fclmahell p\u00fcsik poolvarjulise v\u00f5i p\u00e4ikeselise parasniiske mullaga kasvukohale.\" \/>\n<meta property=\"og:url\" content=\"https:\/\/tammetalu.eu\/toode\/sidrunmunt-chocolate-sokolaadimunt\/\" \/>\n<meta property=\"og:site_name\" content=\"Tamme talu \u00fcrdiaed\" \/>\n<meta property=\"article:publisher\" content=\"https:\/\/www.facebook.com\/TammeTaluUrdiaed\/?locale=et_EE\" \/>\n<meta property=\"article:modified_time\" content=\"2026-04-02T17:55:47+00:00\" \/>\n<meta property=\"og:image\" content=\"https:\/\/tammetalu.eu\/wp-content\/uploads\/2022\/08\/Sidrunmunt-chocolate-Mentha-x-citrata-tamme-talu-urdiaed.jpg\" \/>\n\t<meta property=\"og:image:width\" content=\"1000\" \/>\n\t<meta property=\"og:image:height\" content=\"1000\" \/>\n\t<meta property=\"og:image:type\" content=\"image\/jpeg\" \/>\n<meta name=\"twitter:card\" content=\"summary_large_image\" \/>\n<meta name=\"twitter:label1\" content=\"Arvioitu lukuaika\" \/>\n\t<meta name=\"twitter:data1\" content=\"1 minuutti\" \/>\n<script type=\"application\/ld+json\" class=\"yoast-schema-graph\">{\"@context\":\"https:\/\/schema.org\",\"@graph\":[{\"@type\":\"WebPage\",\"@id\":\"https:\/\/tammetalu.eu\/toode\/sidrunmunt-chocolate-sokolaadimunt\/\",\"url\":\"https:\/\/tammetalu.eu\/toode\/sidrunmunt-chocolate-sokolaadimunt\/\",\"name\":\"Sidrunm\u00fcnt\u00a0Mentha xcitrata \u201eChocolate\u201c - Tamme talu \u00fcrdiaed\",\"isPartOf\":{\"@id\":\"https:\/\/tammetalu.eu\/#website\"},\"primaryImageOfPage\":{\"@id\":\"https:\/\/tammetalu.eu\/toode\/sidrunmunt-chocolate-sokolaadimunt\/#primaryimage\"},\"image\":{\"@id\":\"https:\/\/tammetalu.eu\/toode\/sidrunmunt-chocolate-sokolaadimunt\/#primaryimage\"},\"thumbnailUrl\":\"https:\/\/tammetalu.eu\/wp-content\/uploads\/2022\/08\/Sidrunmunt-chocolate-Mentha-x-citrata-tamme-talu-urdiaed.jpg\",\"datePublished\":\"2022-08-09T06:05:02+00:00\",\"dateModified\":\"2026-04-02T17:55:47+00:00\",\"description\":\"Magusalt mentooli ja \u0161okolaadi j\u00e4rele l\u00f5hnav 30-60 cm k\u00f5rgune veidi k\u00fclmahell p\u00fcsik poolvarjulise v\u00f5i p\u00e4ikeselise parasniiske mullaga kasvukohale.\",\"breadcrumb\":{\"@id\":\"https:\/\/tammetalu.eu\/toode\/sidrunmunt-chocolate-sokolaadimunt\/#breadcrumb\"},\"inLanguage\":\"fi\",\"potentialAction\":[{\"@type\":\"ReadAction\",\"target\":[\"https:\/\/tammetalu.eu\/toode\/sidrunmunt-chocolate-sokolaadimunt\/\"]}]},{\"@type\":\"ImageObject\",\"inLanguage\":\"fi\",\"@id\":\"https:\/\/tammetalu.eu\/toode\/sidrunmunt-chocolate-sokolaadimunt\/#primaryimage\",\"url\":\"https:\/\/tammetalu.eu\/wp-content\/uploads\/2022\/08\/Sidrunmunt-chocolate-Mentha-x-citrata-tamme-talu-urdiaed.jpg\",\"contentUrl\":\"https:\/\/tammetalu.eu\/wp-content\/uploads\/2022\/08\/Sidrunmunt-chocolate-Mentha-x-citrata-tamme-talu-urdiaed.jpg\",\"width\":1000,\"height\":1000,\"caption\":\"Sidrunmunt-chocolate-Mentha-x-citrata-tamme-talu-urdiaed\"},{\"@type\":\"BreadcrumbList\",\"@id\":\"https:\/\/tammetalu.eu\/toode\/sidrunmunt-chocolate-sokolaadimunt\/#breadcrumb\",\"itemListElement\":[{\"@type\":\"ListItem\",\"position\":1,\"name\":\"Home\",\"item\":\"https:\/\/tammetalu.eu\/fi\/etusivu\/\"},{\"@type\":\"ListItem\",\"position\":2,\"name\":\"Kaikki tuotteet\",\"item\":\"https:\/\/tammetalu.eu\/fi\/kaikki-tuotteet\/\"},{\"@type\":\"ListItem\",\"position\":3,\"name\":\"Sidrunm\u00fcnt\u00a0Mentha xcitrata \u201eChocolate\u201c\"}]},{\"@type\":\"WebSite\",\"@id\":\"https:\/\/tammetalu.eu\/#website\",\"url\":\"https:\/\/tammetalu.eu\/\",\"name\":\"Tamme talu \u00fcrdiaed\",\"description\":\"K\u00e4sit\u00f6\u00f6na valmistatud tooted \u00fcrtidest, \u00fcrdiistikud, \u00fcrtide kollektsioonaed\",\"publisher\":{\"@id\":\"https:\/\/tammetalu.eu\/#organization\"},\"alternateName\":\"Tamme talu\",\"potentialAction\":[{\"@type\":\"SearchAction\",\"target\":{\"@type\":\"EntryPoint\",\"urlTemplate\":\"https:\/\/tammetalu.eu\/?s={search_term_string}\"},\"query-input\":{\"@type\":\"PropertyValueSpecification\",\"valueRequired\":true,\"valueName\":\"search_term_string\"}}],\"inLanguage\":\"fi\"},{\"@type\":\"Organization\",\"@id\":\"https:\/\/tammetalu.eu\/#organization\",\"name\":\"Tamme talu \u00fcrdiaed\",\"alternateName\":\"Tamme talu\",\"url\":\"https:\/\/tammetalu.eu\/\",\"logo\":{\"@type\":\"ImageObject\",\"inLanguage\":\"fi\",\"@id\":\"https:\/\/tammetalu.eu\/#\/schema\/logo\/image\/\",\"url\":\"https:\/\/tammetalu.eu\/wp-content\/uploads\/2025\/01\/Tamme_talu_urdiaed.png\",\"contentUrl\":\"https:\/\/tammetalu.eu\/wp-content\/uploads\/2025\/01\/Tamme_talu_urdiaed.png\",\"width\":560,\"height\":560,\"caption\":\"Tamme talu \u00fcrdiaed\"},\"image\":{\"@id\":\"https:\/\/tammetalu.eu\/#\/schema\/logo\/image\/\"},\"sameAs\":[\"https:\/\/www.facebook.com\/TammeTaluUrdiaed\/?locale=et_EE\",\"https:\/\/www.instagram.com\/tammetaluurdiaed\/\"]}]}<\/script>\n<!-- \/ Yoast SEO plugin. -->","yoast_head_json":{"title":"Sidrunm\u00fcnt\u00a0Mentha xcitrata \u201eChocolate\u201c - Tamme talu \u00fcrdiaed","description":"Magusalt mentooli ja \u0161okolaadi j\u00e4rele l\u00f5hnav 30-60 cm k\u00f5rgune veidi k\u00fclmahell p\u00fcsik poolvarjulise v\u00f5i p\u00e4ikeselise parasniiske mullaga kasvukohale.","robots":{"index":"index","follow":"follow","max-snippet":"max-snippet:-1","max-image-preview":"max-image-preview:large","max-video-preview":"max-video-preview:-1"},"canonical":"https:\/\/tammetalu.eu\/toode\/sidrunmunt-chocolate-sokolaadimunt\/","og_locale":"fi_FI","og_type":"article","og_title":"Sidrunm\u00fcnt\u00a0Mentha xcitrata \u201eChocolate\u201c - Tamme talu \u00fcrdiaed","og_description":"Magusalt mentooli ja \u0161okolaadi j\u00e4rele l\u00f5hnav 30-60 cm k\u00f5rgune veidi k\u00fclmahell p\u00fcsik poolvarjulise v\u00f5i p\u00e4ikeselise parasniiske mullaga kasvukohale.","og_url":"https:\/\/tammetalu.eu\/toode\/sidrunmunt-chocolate-sokolaadimunt\/","og_site_name":"Tamme talu \u00fcrdiaed","article_publisher":"https:\/\/www.facebook.com\/TammeTaluUrdiaed\/?locale=et_EE","article_modified_time":"2026-04-02T17:55:47+00:00","og_image":[{"width":1000,"height":1000,"url":"https:\/\/tammetalu.eu\/wp-content\/uploads\/2022\/08\/Sidrunmunt-chocolate-Mentha-x-citrata-tamme-talu-urdiaed.jpg","type":"image\/jpeg"}],"twitter_card":"summary_large_image","twitter_misc":{"Arvioitu lukuaika":"1 minuutti"},"schema":{"@context":"https:\/\/schema.org","@graph":[{"@type":"WebPage","@id":"https:\/\/tammetalu.eu\/toode\/sidrunmunt-chocolate-sokolaadimunt\/","url":"https:\/\/tammetalu.eu\/toode\/sidrunmunt-chocolate-sokolaadimunt\/","name":"Sidrunm\u00fcnt\u00a0Mentha xcitrata \u201eChocolate\u201c - Tamme talu \u00fcrdiaed","isPartOf":{"@id":"https:\/\/tammetalu.eu\/#website"},"primaryImageOfPage":{"@id":"https:\/\/tammetalu.eu\/toode\/sidrunmunt-chocolate-sokolaadimunt\/#primaryimage"},"image":{"@id":"https:\/\/tammetalu.eu\/toode\/sidrunmunt-chocolate-sokolaadimunt\/#primaryimage"},"thumbnailUrl":"https:\/\/tammetalu.eu\/wp-content\/uploads\/2022\/08\/Sidrunmunt-chocolate-Mentha-x-citrata-tamme-talu-urdiaed.jpg","datePublished":"2022-08-09T06:05:02+00:00","dateModified":"2026-04-02T17:55:47+00:00","description":"Magusalt mentooli ja \u0161okolaadi j\u00e4rele l\u00f5hnav 30-60 cm k\u00f5rgune veidi k\u00fclmahell p\u00fcsik poolvarjulise v\u00f5i p\u00e4ikeselise parasniiske mullaga kasvukohale.","breadcrumb":{"@id":"https:\/\/tammetalu.eu\/toode\/sidrunmunt-chocolate-sokolaadimunt\/#breadcrumb"},"inLanguage":"fi","potentialAction":[{"@type":"ReadAction","target":["https:\/\/tammetalu.eu\/toode\/sidrunmunt-chocolate-sokolaadimunt\/"]}]},{"@type":"ImageObject","inLanguage":"fi","@id":"https:\/\/tammetalu.eu\/toode\/sidrunmunt-chocolate-sokolaadimunt\/#primaryimage","url":"https:\/\/tammetalu.eu\/wp-content\/uploads\/2022\/08\/Sidrunmunt-chocolate-Mentha-x-citrata-tamme-talu-urdiaed.jpg","contentUrl":"https:\/\/tammetalu.eu\/wp-content\/uploads\/2022\/08\/Sidrunmunt-chocolate-Mentha-x-citrata-tamme-talu-urdiaed.jpg","width":1000,"height":1000,"caption":"Sidrunmunt-chocolate-Mentha-x-citrata-tamme-talu-urdiaed"},{"@type":"BreadcrumbList","@id":"https:\/\/tammetalu.eu\/toode\/sidrunmunt-chocolate-sokolaadimunt\/#breadcrumb","itemListElement":[{"@type":"ListItem","position":1,"name":"Home","item":"https:\/\/tammetalu.eu\/fi\/etusivu\/"},{"@type":"ListItem","position":2,"name":"Kaikki tuotteet","item":"https:\/\/tammetalu.eu\/fi\/kaikki-tuotteet\/"},{"@type":"ListItem","position":3,"name":"Sidrunm\u00fcnt\u00a0Mentha xcitrata \u201eChocolate\u201c"}]},{"@type":"WebSite","@id":"https:\/\/tammetalu.eu\/#website","url":"https:\/\/tammetalu.eu\/","name":"Tamme talu \u00fcrdiaed","description":"K\u00e4sit\u00f6\u00f6na valmistatud tooted \u00fcrtidest, \u00fcrdiistikud, \u00fcrtide kollektsioonaed","publisher":{"@id":"https:\/\/tammetalu.eu\/#organization"},"alternateName":"Tamme talu","potentialAction":[{"@type":"SearchAction","target":{"@type":"EntryPoint","urlTemplate":"https:\/\/tammetalu.eu\/?s={search_term_string}"},"query-input":{"@type":"PropertyValueSpecification","valueRequired":true,"valueName":"search_term_string"}}],"inLanguage":"fi"},{"@type":"Organization","@id":"https:\/\/tammetalu.eu\/#organization","name":"Tamme talu \u00fcrdiaed","alternateName":"Tamme talu","url":"https:\/\/tammetalu.eu\/","logo":{"@type":"ImageObject","inLanguage":"fi","@id":"https:\/\/tammetalu.eu\/#\/schema\/logo\/image\/","url":"https:\/\/tammetalu.eu\/wp-content\/uploads\/2025\/01\/Tamme_talu_urdiaed.png","contentUrl":"https:\/\/tammetalu.eu\/wp-content\/uploads\/2025\/01\/Tamme_talu_urdiaed.png","width":560,"height":560,"caption":"Tamme talu \u00fcrdiaed"},"image":{"@id":"https:\/\/tammetalu.eu\/#\/schema\/logo\/image\/"},"sameAs":["https:\/\/www.facebook.com\/TammeTaluUrdiaed\/?locale=et_EE","https:\/\/www.instagram.com\/tammetaluurdiaed\/"]}]}},"_links":{"self":[{"href":"https:\/\/tammetalu.eu\/fi\/wp-json\/wp\/v2\/product\/15724","targetHints":{"allow":["GET"]}}],"collection":[{"href":"https:\/\/tammetalu.eu\/fi\/wp-json\/wp\/v2\/product"}],"about":[{"href":"https:\/\/tammetalu.eu\/fi\/wp-json\/wp\/v2\/types\/product"}],"wp:featuredmedia":[{"embeddable":true,"href":"https:\/\/tammetalu.eu\/fi\/wp-json\/wp\/v2\/media\/18249"}],"wp:attachment":[{"href":"https:\/\/tammetalu.eu\/fi\/wp-json\/wp\/v2\/media?parent=15724"}],"wp:term":[{"taxonomy":"product_brand","embeddable":true,"href":"https:\/\/tammetalu.eu\/fi\/wp-json\/wp\/v2\/product_brand?post=15724"},{"taxonomy":"product_cat","embeddable":true,"href":"https:\/\/tammetalu.eu\/fi\/wp-json\/wp\/v2\/product_cat?post=15724"},{"taxonomy":"product_tag","embeddable":true,"href":"https:\/\/tammetalu.eu\/fi\/wp-json\/wp\/v2\/product_tag?post=15724"}],"curies":[{"name":"wp","href":"https:\/\/api.w.org\/{rel}","templated":true}]}}