{"id":15725,"date":"2022-08-09T09:05:02","date_gmt":"2022-08-09T06:05:02","guid":{"rendered":"https:\/\/tammetalu.eu?post_type=product&#038;p=15725"},"modified":"2026-04-03T09:57:36","modified_gmt":"2026-04-03T06:57:36","slug":"harilik-piparmunt-black-mitcham","status":"publish","type":"product","link":"https:\/\/tammetalu.eu\/fi\/toode\/harilik-piparmunt-black-mitcham\/","title":{"rendered":"Must piparm\u00fcnt Mentha xpiperita var. piperita &#8221;Black Mitcham&#8221;"},"content":{"rendered":"","protected":false},"excerpt":{"rendered":"<p>Must piparm\u00fcnt <em>Mentha xpiperita var. piperita<\/em> \u201eBlack Mitcham\u201c<\/p>\n<p>LAT: \u00a0<em>Mentha xpiperita var. piperita <\/em>\u201eBlack Mitcham\u201c<\/p>\n<p>ENG: \u00a0English peppermint \u201eBlack Mitcham\u201c<\/p>\n<p>RU: \u00a0\u041c\u044f\u0442\u0430 \u043f\u0435\u0440\u0435\u0447\u043d\u0430\u044f \u201eBlack Mitcham\u201c<\/p>\n<p>FI: Piparminttu \u201eBlack Mitcham\u201c<\/p>\n<p>Magusalt mentooli j\u00e4rele l\u00f5hnav 30-60 cm k\u00f5rgune veidi k\u00fclmahell p\u00fcsik<\/p>\n<p>Taimel on p\u00fcstised tumepunased varred ja tumerohelised lehed ning lillad \u00f5ied. \u00a0\u00a0Maitse ja l\u00f5hn on h\u00e4sti magusalt piparm\u00fcndine. V\u00e4hen\u00f5udlik ja suhteliselt talvekindel l\u00fchiajaline p\u00fcsik poolvarjulise v\u00f5i p\u00e4ikeselise parasniiske mullaga kasvukohale. Levib juurev\u00f5sudega, seep\u00e4rast oleks hea taimele planeerida kohe istutades piisav kasvuruum. Paljundada saab k\u00f5ige h\u00f5lpsamalt juurev\u00f5sudega. Vajab kasvukoha uuendamist \u00fcle 3-4 aasta. V\u00e4ga k\u00fclmal lumeta talvel v\u00f5iks taime katta kuuseokste, kuivade puulehtede v\u00f5i turbaga.<\/p>\n<p>Piparm\u00fcnt sobib kasutamiseks nii soolastes kui magusates roogades ja tee valmistamiseks nii \u00fcksiktaimena kui teiste sobivate teetaimedega koos.<\/p>\n<p>On peavalu ja k\u00f5hupuhitusi leevendava toimega. Soodustab sapi n\u00f5ristust, v\u00e4hendab iiveldust ning gaaside teket ja valu seedekulglas ning maksa piirkonnas. Vastun\u00e4idustused piparm\u00fcndi tarvitamisele on maksap\u00f5letik, sapikivit\u00f5bi, k\u00f5rvetised, refluks. Piparm\u00fcndile tihti omistatud rahustav toime ei ole teaduslikult t\u00f5estatud.<\/p>\n<p>K\u00f5rgus: kuni 0,6 m<\/p>\n<p>\u00d5itsemise aeg: VI-VIII<\/p>\n<p>Talvekindlus: Talvekindel<\/p>\n<p>&nbsp;<\/p>\n","protected":false},"featured_media":18209,"template":"","meta":{"_acf_changed":false,"_et_pb_use_builder":"","_et_pb_old_content":"","_et_gb_content_width":"","inline_featured_image":false},"product_brand":[],"product_cat":[247,186,192],"product_tag":[],"class_list":{"0":"post-15725","1":"product","2":"type-product","3":"status-publish","4":"has-post-thumbnail","6":"product_cat-rohenappude-lemmikud","7":"product_cat-maitse-ja-ravimtaimede-istikud","8":"product_cat-mundid","10":"first","11":"instock","12":"sale","13":"taxable","14":"shipping-taxable","15":"purchasable","16":"product-type-simple"},"acf":[],"yoast_head":"<!-- This site is optimized with the Yoast SEO plugin v26.4 - https:\/\/yoast.com\/wordpress\/plugins\/seo\/ -->\n<title>Must piparm\u00fcnt Mentha xpiperita var. piperita &quot;Black Mitcham&quot; - Tamme talu \u00fcrdiaed<\/title>\n<meta name=\"description\" content=\"Magusalt mentooli j\u00e4rele l\u00f5hnav 30-60 cm k\u00f5rgune veidi k\u00fclmahell p\u00fcsik poolvarjulise v\u00f5i p\u00e4ikeselise parasniiske mullaga kasvukohale.\" \/>\n<meta name=\"robots\" content=\"index, follow, max-snippet:-1, max-image-preview:large, max-video-preview:-1\" \/>\n<link rel=\"canonical\" href=\"https:\/\/tammetalu.eu\/toode\/harilik-piparmunt-black-mitcham\/\" \/>\n<meta property=\"og:locale\" content=\"fi_FI\" \/>\n<meta property=\"og:type\" content=\"article\" \/>\n<meta property=\"og:title\" content=\"Must piparm\u00fcnt Mentha xpiperita var. piperita &quot;Black Mitcham&quot; - Tamme talu \u00fcrdiaed\" \/>\n<meta property=\"og:description\" content=\"Magusalt mentooli j\u00e4rele l\u00f5hnav 30-60 cm k\u00f5rgune veidi k\u00fclmahell p\u00fcsik poolvarjulise v\u00f5i p\u00e4ikeselise parasniiske mullaga kasvukohale.\" \/>\n<meta property=\"og:url\" content=\"https:\/\/tammetalu.eu\/toode\/harilik-piparmunt-black-mitcham\/\" \/>\n<meta property=\"og:site_name\" content=\"Tamme talu \u00fcrdiaed\" \/>\n<meta property=\"article:publisher\" content=\"https:\/\/www.facebook.com\/TammeTaluUrdiaed\/?locale=et_EE\" \/>\n<meta property=\"article:modified_time\" content=\"2026-04-03T06:57:36+00:00\" \/>\n<meta property=\"og:image\" content=\"https:\/\/tammetalu.eu\/wp-content\/uploads\/2022\/08\/Harilik-piparmunt-mentha-x-piperita-black-mitcham-tamme-talu-urdiaed.jpg\" \/>\n\t<meta property=\"og:image:width\" content=\"409\" \/>\n\t<meta property=\"og:image:height\" content=\"409\" \/>\n\t<meta property=\"og:image:type\" content=\"image\/jpeg\" \/>\n<meta name=\"twitter:card\" content=\"summary_large_image\" \/>\n<meta name=\"twitter:label1\" content=\"Arvioitu lukuaika\" \/>\n\t<meta name=\"twitter:data1\" content=\"1 minuutti\" \/>\n<script type=\"application\/ld+json\" class=\"yoast-schema-graph\">{\"@context\":\"https:\/\/schema.org\",\"@graph\":[{\"@type\":\"WebPage\",\"@id\":\"https:\/\/tammetalu.eu\/toode\/harilik-piparmunt-black-mitcham\/\",\"url\":\"https:\/\/tammetalu.eu\/toode\/harilik-piparmunt-black-mitcham\/\",\"name\":\"Must piparm\u00fcnt Mentha xpiperita var. piperita \\\"Black Mitcham\\\" - Tamme talu \u00fcrdiaed\",\"isPartOf\":{\"@id\":\"https:\/\/tammetalu.eu\/#website\"},\"primaryImageOfPage\":{\"@id\":\"https:\/\/tammetalu.eu\/toode\/harilik-piparmunt-black-mitcham\/#primaryimage\"},\"image\":{\"@id\":\"https:\/\/tammetalu.eu\/toode\/harilik-piparmunt-black-mitcham\/#primaryimage\"},\"thumbnailUrl\":\"https:\/\/tammetalu.eu\/wp-content\/uploads\/2022\/08\/Harilik-piparmunt-mentha-x-piperita-black-mitcham-tamme-talu-urdiaed.jpg\",\"datePublished\":\"2022-08-09T06:05:02+00:00\",\"dateModified\":\"2026-04-03T06:57:36+00:00\",\"description\":\"Magusalt mentooli j\u00e4rele l\u00f5hnav 30-60 cm k\u00f5rgune veidi k\u00fclmahell p\u00fcsik poolvarjulise v\u00f5i p\u00e4ikeselise parasniiske mullaga kasvukohale.\",\"breadcrumb\":{\"@id\":\"https:\/\/tammetalu.eu\/toode\/harilik-piparmunt-black-mitcham\/#breadcrumb\"},\"inLanguage\":\"fi\",\"potentialAction\":[{\"@type\":\"ReadAction\",\"target\":[\"https:\/\/tammetalu.eu\/toode\/harilik-piparmunt-black-mitcham\/\"]}]},{\"@type\":\"ImageObject\",\"inLanguage\":\"fi\",\"@id\":\"https:\/\/tammetalu.eu\/toode\/harilik-piparmunt-black-mitcham\/#primaryimage\",\"url\":\"https:\/\/tammetalu.eu\/wp-content\/uploads\/2022\/08\/Harilik-piparmunt-mentha-x-piperita-black-mitcham-tamme-talu-urdiaed.jpg\",\"contentUrl\":\"https:\/\/tammetalu.eu\/wp-content\/uploads\/2022\/08\/Harilik-piparmunt-mentha-x-piperita-black-mitcham-tamme-talu-urdiaed.jpg\",\"width\":409,\"height\":409,\"caption\":\"Harilik-piparmunt-mentha-x-piperita-black-mitcham-tamme-talu-urdiaed\"},{\"@type\":\"BreadcrumbList\",\"@id\":\"https:\/\/tammetalu.eu\/toode\/harilik-piparmunt-black-mitcham\/#breadcrumb\",\"itemListElement\":[{\"@type\":\"ListItem\",\"position\":1,\"name\":\"Home\",\"item\":\"https:\/\/tammetalu.eu\/fi\/etusivu\/\"},{\"@type\":\"ListItem\",\"position\":2,\"name\":\"Kaikki tuotteet\",\"item\":\"https:\/\/tammetalu.eu\/fi\/kaikki-tuotteet\/\"},{\"@type\":\"ListItem\",\"position\":3,\"name\":\"Must piparm\u00fcnt Mentha xpiperita var. piperita &#8220;Black Mitcham&#8221;\"}]},{\"@type\":\"WebSite\",\"@id\":\"https:\/\/tammetalu.eu\/#website\",\"url\":\"https:\/\/tammetalu.eu\/\",\"name\":\"Tamme talu \u00fcrdiaed\",\"description\":\"K\u00e4sit\u00f6\u00f6na valmistatud tooted \u00fcrtidest, \u00fcrdiistikud, \u00fcrtide kollektsioonaed\",\"publisher\":{\"@id\":\"https:\/\/tammetalu.eu\/#organization\"},\"alternateName\":\"Tamme talu\",\"potentialAction\":[{\"@type\":\"SearchAction\",\"target\":{\"@type\":\"EntryPoint\",\"urlTemplate\":\"https:\/\/tammetalu.eu\/?s={search_term_string}\"},\"query-input\":{\"@type\":\"PropertyValueSpecification\",\"valueRequired\":true,\"valueName\":\"search_term_string\"}}],\"inLanguage\":\"fi\"},{\"@type\":\"Organization\",\"@id\":\"https:\/\/tammetalu.eu\/#organization\",\"name\":\"Tamme talu \u00fcrdiaed\",\"alternateName\":\"Tamme talu\",\"url\":\"https:\/\/tammetalu.eu\/\",\"logo\":{\"@type\":\"ImageObject\",\"inLanguage\":\"fi\",\"@id\":\"https:\/\/tammetalu.eu\/#\/schema\/logo\/image\/\",\"url\":\"https:\/\/tammetalu.eu\/wp-content\/uploads\/2025\/01\/Tamme_talu_urdiaed.png\",\"contentUrl\":\"https:\/\/tammetalu.eu\/wp-content\/uploads\/2025\/01\/Tamme_talu_urdiaed.png\",\"width\":560,\"height\":560,\"caption\":\"Tamme talu \u00fcrdiaed\"},\"image\":{\"@id\":\"https:\/\/tammetalu.eu\/#\/schema\/logo\/image\/\"},\"sameAs\":[\"https:\/\/www.facebook.com\/TammeTaluUrdiaed\/?locale=et_EE\",\"https:\/\/www.instagram.com\/tammetaluurdiaed\/\"]}]}<\/script>\n<!-- \/ Yoast SEO plugin. -->","yoast_head_json":{"title":"Must piparm\u00fcnt Mentha xpiperita var. piperita \"Black Mitcham\" - Tamme talu \u00fcrdiaed","description":"Magusalt mentooli j\u00e4rele l\u00f5hnav 30-60 cm k\u00f5rgune veidi k\u00fclmahell p\u00fcsik poolvarjulise v\u00f5i p\u00e4ikeselise parasniiske mullaga kasvukohale.","robots":{"index":"index","follow":"follow","max-snippet":"max-snippet:-1","max-image-preview":"max-image-preview:large","max-video-preview":"max-video-preview:-1"},"canonical":"https:\/\/tammetalu.eu\/toode\/harilik-piparmunt-black-mitcham\/","og_locale":"fi_FI","og_type":"article","og_title":"Must piparm\u00fcnt Mentha xpiperita var. piperita \"Black Mitcham\" - Tamme talu \u00fcrdiaed","og_description":"Magusalt mentooli j\u00e4rele l\u00f5hnav 30-60 cm k\u00f5rgune veidi k\u00fclmahell p\u00fcsik poolvarjulise v\u00f5i p\u00e4ikeselise parasniiske mullaga kasvukohale.","og_url":"https:\/\/tammetalu.eu\/toode\/harilik-piparmunt-black-mitcham\/","og_site_name":"Tamme talu \u00fcrdiaed","article_publisher":"https:\/\/www.facebook.com\/TammeTaluUrdiaed\/?locale=et_EE","article_modified_time":"2026-04-03T06:57:36+00:00","og_image":[{"width":409,"height":409,"url":"https:\/\/tammetalu.eu\/wp-content\/uploads\/2022\/08\/Harilik-piparmunt-mentha-x-piperita-black-mitcham-tamme-talu-urdiaed.jpg","type":"image\/jpeg"}],"twitter_card":"summary_large_image","twitter_misc":{"Arvioitu lukuaika":"1 minuutti"},"schema":{"@context":"https:\/\/schema.org","@graph":[{"@type":"WebPage","@id":"https:\/\/tammetalu.eu\/toode\/harilik-piparmunt-black-mitcham\/","url":"https:\/\/tammetalu.eu\/toode\/harilik-piparmunt-black-mitcham\/","name":"Must piparm\u00fcnt Mentha xpiperita var. piperita \"Black Mitcham\" - Tamme talu \u00fcrdiaed","isPartOf":{"@id":"https:\/\/tammetalu.eu\/#website"},"primaryImageOfPage":{"@id":"https:\/\/tammetalu.eu\/toode\/harilik-piparmunt-black-mitcham\/#primaryimage"},"image":{"@id":"https:\/\/tammetalu.eu\/toode\/harilik-piparmunt-black-mitcham\/#primaryimage"},"thumbnailUrl":"https:\/\/tammetalu.eu\/wp-content\/uploads\/2022\/08\/Harilik-piparmunt-mentha-x-piperita-black-mitcham-tamme-talu-urdiaed.jpg","datePublished":"2022-08-09T06:05:02+00:00","dateModified":"2026-04-03T06:57:36+00:00","description":"Magusalt mentooli j\u00e4rele l\u00f5hnav 30-60 cm k\u00f5rgune veidi k\u00fclmahell p\u00fcsik poolvarjulise v\u00f5i p\u00e4ikeselise parasniiske mullaga kasvukohale.","breadcrumb":{"@id":"https:\/\/tammetalu.eu\/toode\/harilik-piparmunt-black-mitcham\/#breadcrumb"},"inLanguage":"fi","potentialAction":[{"@type":"ReadAction","target":["https:\/\/tammetalu.eu\/toode\/harilik-piparmunt-black-mitcham\/"]}]},{"@type":"ImageObject","inLanguage":"fi","@id":"https:\/\/tammetalu.eu\/toode\/harilik-piparmunt-black-mitcham\/#primaryimage","url":"https:\/\/tammetalu.eu\/wp-content\/uploads\/2022\/08\/Harilik-piparmunt-mentha-x-piperita-black-mitcham-tamme-talu-urdiaed.jpg","contentUrl":"https:\/\/tammetalu.eu\/wp-content\/uploads\/2022\/08\/Harilik-piparmunt-mentha-x-piperita-black-mitcham-tamme-talu-urdiaed.jpg","width":409,"height":409,"caption":"Harilik-piparmunt-mentha-x-piperita-black-mitcham-tamme-talu-urdiaed"},{"@type":"BreadcrumbList","@id":"https:\/\/tammetalu.eu\/toode\/harilik-piparmunt-black-mitcham\/#breadcrumb","itemListElement":[{"@type":"ListItem","position":1,"name":"Home","item":"https:\/\/tammetalu.eu\/fi\/etusivu\/"},{"@type":"ListItem","position":2,"name":"Kaikki tuotteet","item":"https:\/\/tammetalu.eu\/fi\/kaikki-tuotteet\/"},{"@type":"ListItem","position":3,"name":"Must piparm\u00fcnt Mentha xpiperita var. piperita &#8220;Black Mitcham&#8221;"}]},{"@type":"WebSite","@id":"https:\/\/tammetalu.eu\/#website","url":"https:\/\/tammetalu.eu\/","name":"Tamme talu \u00fcrdiaed","description":"K\u00e4sit\u00f6\u00f6na valmistatud tooted \u00fcrtidest, \u00fcrdiistikud, \u00fcrtide kollektsioonaed","publisher":{"@id":"https:\/\/tammetalu.eu\/#organization"},"alternateName":"Tamme talu","potentialAction":[{"@type":"SearchAction","target":{"@type":"EntryPoint","urlTemplate":"https:\/\/tammetalu.eu\/?s={search_term_string}"},"query-input":{"@type":"PropertyValueSpecification","valueRequired":true,"valueName":"search_term_string"}}],"inLanguage":"fi"},{"@type":"Organization","@id":"https:\/\/tammetalu.eu\/#organization","name":"Tamme talu \u00fcrdiaed","alternateName":"Tamme talu","url":"https:\/\/tammetalu.eu\/","logo":{"@type":"ImageObject","inLanguage":"fi","@id":"https:\/\/tammetalu.eu\/#\/schema\/logo\/image\/","url":"https:\/\/tammetalu.eu\/wp-content\/uploads\/2025\/01\/Tamme_talu_urdiaed.png","contentUrl":"https:\/\/tammetalu.eu\/wp-content\/uploads\/2025\/01\/Tamme_talu_urdiaed.png","width":560,"height":560,"caption":"Tamme talu \u00fcrdiaed"},"image":{"@id":"https:\/\/tammetalu.eu\/#\/schema\/logo\/image\/"},"sameAs":["https:\/\/www.facebook.com\/TammeTaluUrdiaed\/?locale=et_EE","https:\/\/www.instagram.com\/tammetaluurdiaed\/"]}]}},"_links":{"self":[{"href":"https:\/\/tammetalu.eu\/fi\/wp-json\/wp\/v2\/product\/15725","targetHints":{"allow":["GET"]}}],"collection":[{"href":"https:\/\/tammetalu.eu\/fi\/wp-json\/wp\/v2\/product"}],"about":[{"href":"https:\/\/tammetalu.eu\/fi\/wp-json\/wp\/v2\/types\/product"}],"wp:featuredmedia":[{"embeddable":true,"href":"https:\/\/tammetalu.eu\/fi\/wp-json\/wp\/v2\/media\/18209"}],"wp:attachment":[{"href":"https:\/\/tammetalu.eu\/fi\/wp-json\/wp\/v2\/media?parent=15725"}],"wp:term":[{"taxonomy":"product_brand","embeddable":true,"href":"https:\/\/tammetalu.eu\/fi\/wp-json\/wp\/v2\/product_brand?post=15725"},{"taxonomy":"product_cat","embeddable":true,"href":"https:\/\/tammetalu.eu\/fi\/wp-json\/wp\/v2\/product_cat?post=15725"},{"taxonomy":"product_tag","embeddable":true,"href":"https:\/\/tammetalu.eu\/fi\/wp-json\/wp\/v2\/product_tag?post=15725"}],"curies":[{"name":"wp","href":"https:\/\/api.w.org\/{rel}","templated":true}]}}