{"id":15726,"date":"2022-08-09T09:05:02","date_gmt":"2022-08-09T06:05:02","guid":{"rendered":"https:\/\/tammetalu.eu?post_type=product&#038;p=15726"},"modified":"2026-04-15T09:54:22","modified_gmt":"2026-04-15T06:54:22","slug":"rohemunt-marokko-maroko-munt","status":"publish","type":"product","link":"https:\/\/tammetalu.eu\/fi\/toode\/rohemunt-marokko-maroko-munt\/","title":{"rendered":"Rohem\u00fcnt Mentha spicata \u201eMarokko\u201c"},"content":{"rendered":"","protected":false},"excerpt":{"rendered":"<p>&nbsp;<\/p>\n<p>Rohem\u00fcnt <em>Mentha spicata <\/em>\u201cMarocco\u201d<\/p>\n<p>LAT:\u00a0 <em>Mentha spicata \u201c<\/em>Marocco\u201d<\/p>\n<p>ENG: Spearmint \u201cMarocco\u201d<\/p>\n<p>RU:\u00a0 \u041c\u044f\u0442\u0430 \u043a\u043e\u043b\u043e\u0441\u043e\u0432\u0430\u044f \u201cMarocco\u201d<\/p>\n<p>FI: Viherminttu \u201eMarocco\u201d<\/p>\n<p>Parima maitsega rohem\u00fcndi sort. Ilusad erkrohelised veidi krobelised lehed ja valged v\u00e4ikesed \u00f5ied, mis on koondunud tihedatesse t\u00e4hkjatesse \u00f5isikutesse. Levib juurev\u00f5sudega. On v\u00e4ga talvekindel. Oma kauni lehestiku ja kena kasvukuju t\u00f5ttu on maroko m\u00fcnt sobiv kasvatamiseks potitaimena r\u00f5dudel ja terrassidel. Taim vajab \u00fcle paari kolme aasta\u00a0 uuendamist ja seda on kerge teha noorte juurev\u00f5sudega, mis istutatakse uude kohta v\u00f5i anumasse umbrohupuhtasse mulda. Potis kasvatamisel on soovitatav\u00a0 taimi igal kevadel jagada. Maroko m\u00fcnt ei nakatu piparm\u00fcndi roostesse.<\/p>\n<p>Lehtedel on karge ja v\u00e4ga meeldiv m\u00fcndiaroom, millest saab valmistada t\u00e4iusliku maitsega klassikalise m\u00fcnditee. V\u00e4rskeid ja kuivatatud lehti kasutatakse erinevate roogade, jookide, kastmete ja k\u00fcpsetiste maitsestamiseks ning garneerimiseks. Eriti h\u00e4sti sobib kasutada erinevates kokteilides ja jahedates suvejookides. Rohem\u00fcnti kasutatakse rahvameditsiinis rahustava ja seedimist soodustava vahendina.<\/p>\n<p>Rohem\u00fcnti kasutatakse rahvameditsiinis k\u00f5hupuhitusi rahustava ja seedimist soodustava vahendina, kuid tema toime on oluliselt leebem kui piparm\u00fcndil.<\/p>\n<p>K\u00f5rgus: kuni 0,45 m<\/p>\n<p>\u00d5itsemise aeg: VI-VIII<\/p>\n<p>Talvekindlus: Talvekindel<\/p>\n<p>Poti suurus : 9-12<\/p>\n<p>&nbsp;<\/p>\n","protected":false},"featured_media":15882,"template":"","meta":{"_acf_changed":false,"_et_pb_use_builder":"","_et_pb_old_content":"","_et_gb_content_width":"","inline_featured_image":false},"product_brand":[],"product_cat":[247,186,192],"product_tag":[],"class_list":{"0":"post-15726","1":"product","2":"type-product","3":"status-publish","4":"has-post-thumbnail","6":"product_cat-rohenappude-lemmikud","7":"product_cat-maitse-ja-ravimtaimede-istikud","8":"product_cat-mundid","10":"first","11":"instock","12":"sale","13":"taxable","14":"shipping-taxable","15":"purchasable","16":"product-type-simple"},"acf":[],"yoast_head":"<!-- This site is optimized with the Yoast SEO plugin v26.4 - https:\/\/yoast.com\/wordpress\/plugins\/seo\/ -->\n<title>Rohem\u00fcnt Mentha spicata \u201eMarokko\u201c - Tamme talu \u00fcrdiaed<\/title>\n<meta name=\"description\" content=\"Parima maitsega rohem\u00fcndi sort. Ilusad rohelised veidi krobelised lehed ja valged v\u00e4ikesed \u00f5ied on koondunud tihedatesse t\u00e4hkjatesse \u00f5isikutesse.\" \/>\n<meta name=\"robots\" content=\"index, follow, max-snippet:-1, max-image-preview:large, max-video-preview:-1\" \/>\n<link rel=\"canonical\" href=\"https:\/\/tammetalu.eu\/toode\/rohemunt-marokko-maroko-munt\/\" \/>\n<meta property=\"og:locale\" content=\"fi_FI\" \/>\n<meta property=\"og:type\" content=\"article\" \/>\n<meta property=\"og:title\" content=\"Rohem\u00fcnt Mentha spicata \u201eMarokko\u201c - Tamme talu \u00fcrdiaed\" \/>\n<meta property=\"og:description\" content=\"Parima maitsega rohem\u00fcndi sort. Ilusad rohelised veidi krobelised lehed ja valged v\u00e4ikesed \u00f5ied on koondunud tihedatesse t\u00e4hkjatesse \u00f5isikutesse.\" \/>\n<meta property=\"og:url\" content=\"https:\/\/tammetalu.eu\/toode\/rohemunt-marokko-maroko-munt\/\" \/>\n<meta property=\"og:site_name\" content=\"Tamme talu \u00fcrdiaed\" \/>\n<meta property=\"article:publisher\" content=\"https:\/\/www.facebook.com\/TammeTaluUrdiaed\/?locale=et_EE\" \/>\n<meta property=\"article:modified_time\" content=\"2026-04-15T06:54:22+00:00\" \/>\n<meta property=\"og:image\" content=\"https:\/\/tammetalu.eu\/wp-content\/uploads\/2022\/08\/Maroko_munt-5.jpg\" \/>\n\t<meta property=\"og:image:width\" content=\"1024\" \/>\n\t<meta property=\"og:image:height\" content=\"698\" \/>\n\t<meta property=\"og:image:type\" content=\"image\/jpeg\" \/>\n<meta name=\"twitter:card\" content=\"summary_large_image\" \/>\n<meta name=\"twitter:label1\" content=\"Arvioitu lukuaika\" \/>\n\t<meta name=\"twitter:data1\" content=\"1 minuutti\" \/>\n<script type=\"application\/ld+json\" class=\"yoast-schema-graph\">{\"@context\":\"https:\/\/schema.org\",\"@graph\":[{\"@type\":\"WebPage\",\"@id\":\"https:\/\/tammetalu.eu\/toode\/rohemunt-marokko-maroko-munt\/\",\"url\":\"https:\/\/tammetalu.eu\/toode\/rohemunt-marokko-maroko-munt\/\",\"name\":\"Rohem\u00fcnt Mentha spicata \u201eMarokko\u201c - Tamme talu \u00fcrdiaed\",\"isPartOf\":{\"@id\":\"https:\/\/tammetalu.eu\/#website\"},\"primaryImageOfPage\":{\"@id\":\"https:\/\/tammetalu.eu\/toode\/rohemunt-marokko-maroko-munt\/#primaryimage\"},\"image\":{\"@id\":\"https:\/\/tammetalu.eu\/toode\/rohemunt-marokko-maroko-munt\/#primaryimage\"},\"thumbnailUrl\":\"https:\/\/tammetalu.eu\/wp-content\/uploads\/2022\/08\/Maroko_munt-5.jpg\",\"datePublished\":\"2022-08-09T06:05:02+00:00\",\"dateModified\":\"2026-04-15T06:54:22+00:00\",\"description\":\"Parima maitsega rohem\u00fcndi sort. Ilusad rohelised veidi krobelised lehed ja valged v\u00e4ikesed \u00f5ied on koondunud tihedatesse t\u00e4hkjatesse \u00f5isikutesse.\",\"breadcrumb\":{\"@id\":\"https:\/\/tammetalu.eu\/toode\/rohemunt-marokko-maroko-munt\/#breadcrumb\"},\"inLanguage\":\"fi\",\"potentialAction\":[{\"@type\":\"ReadAction\",\"target\":[\"https:\/\/tammetalu.eu\/toode\/rohemunt-marokko-maroko-munt\/\"]}]},{\"@type\":\"ImageObject\",\"inLanguage\":\"fi\",\"@id\":\"https:\/\/tammetalu.eu\/toode\/rohemunt-marokko-maroko-munt\/#primaryimage\",\"url\":\"https:\/\/tammetalu.eu\/wp-content\/uploads\/2022\/08\/Maroko_munt-5.jpg\",\"contentUrl\":\"https:\/\/tammetalu.eu\/wp-content\/uploads\/2022\/08\/Maroko_munt-5.jpg\",\"width\":1024,\"height\":698},{\"@type\":\"BreadcrumbList\",\"@id\":\"https:\/\/tammetalu.eu\/toode\/rohemunt-marokko-maroko-munt\/#breadcrumb\",\"itemListElement\":[{\"@type\":\"ListItem\",\"position\":1,\"name\":\"Home\",\"item\":\"https:\/\/tammetalu.eu\/fi\/etusivu\/\"},{\"@type\":\"ListItem\",\"position\":2,\"name\":\"Kaikki tuotteet\",\"item\":\"https:\/\/tammetalu.eu\/fi\/kaikki-tuotteet\/\"},{\"@type\":\"ListItem\",\"position\":3,\"name\":\"Rohem\u00fcnt Mentha spicata \u201eMarokko\u201c\"}]},{\"@type\":\"WebSite\",\"@id\":\"https:\/\/tammetalu.eu\/#website\",\"url\":\"https:\/\/tammetalu.eu\/\",\"name\":\"Tamme talu \u00fcrdiaed\",\"description\":\"K\u00e4sit\u00f6\u00f6na valmistatud tooted \u00fcrtidest, \u00fcrdiistikud, \u00fcrtide kollektsioonaed\",\"publisher\":{\"@id\":\"https:\/\/tammetalu.eu\/#organization\"},\"alternateName\":\"Tamme talu\",\"potentialAction\":[{\"@type\":\"SearchAction\",\"target\":{\"@type\":\"EntryPoint\",\"urlTemplate\":\"https:\/\/tammetalu.eu\/?s={search_term_string}\"},\"query-input\":{\"@type\":\"PropertyValueSpecification\",\"valueRequired\":true,\"valueName\":\"search_term_string\"}}],\"inLanguage\":\"fi\"},{\"@type\":\"Organization\",\"@id\":\"https:\/\/tammetalu.eu\/#organization\",\"name\":\"Tamme talu \u00fcrdiaed\",\"alternateName\":\"Tamme talu\",\"url\":\"https:\/\/tammetalu.eu\/\",\"logo\":{\"@type\":\"ImageObject\",\"inLanguage\":\"fi\",\"@id\":\"https:\/\/tammetalu.eu\/#\/schema\/logo\/image\/\",\"url\":\"https:\/\/tammetalu.eu\/wp-content\/uploads\/2025\/01\/Tamme_talu_urdiaed.png\",\"contentUrl\":\"https:\/\/tammetalu.eu\/wp-content\/uploads\/2025\/01\/Tamme_talu_urdiaed.png\",\"width\":560,\"height\":560,\"caption\":\"Tamme talu \u00fcrdiaed\"},\"image\":{\"@id\":\"https:\/\/tammetalu.eu\/#\/schema\/logo\/image\/\"},\"sameAs\":[\"https:\/\/www.facebook.com\/TammeTaluUrdiaed\/?locale=et_EE\",\"https:\/\/www.instagram.com\/tammetaluurdiaed\/\"]}]}<\/script>\n<!-- \/ Yoast SEO plugin. -->","yoast_head_json":{"title":"Rohem\u00fcnt Mentha spicata \u201eMarokko\u201c - Tamme talu \u00fcrdiaed","description":"Parima maitsega rohem\u00fcndi sort. Ilusad rohelised veidi krobelised lehed ja valged v\u00e4ikesed \u00f5ied on koondunud tihedatesse t\u00e4hkjatesse \u00f5isikutesse.","robots":{"index":"index","follow":"follow","max-snippet":"max-snippet:-1","max-image-preview":"max-image-preview:large","max-video-preview":"max-video-preview:-1"},"canonical":"https:\/\/tammetalu.eu\/toode\/rohemunt-marokko-maroko-munt\/","og_locale":"fi_FI","og_type":"article","og_title":"Rohem\u00fcnt Mentha spicata \u201eMarokko\u201c - Tamme talu \u00fcrdiaed","og_description":"Parima maitsega rohem\u00fcndi sort. Ilusad rohelised veidi krobelised lehed ja valged v\u00e4ikesed \u00f5ied on koondunud tihedatesse t\u00e4hkjatesse \u00f5isikutesse.","og_url":"https:\/\/tammetalu.eu\/toode\/rohemunt-marokko-maroko-munt\/","og_site_name":"Tamme talu \u00fcrdiaed","article_publisher":"https:\/\/www.facebook.com\/TammeTaluUrdiaed\/?locale=et_EE","article_modified_time":"2026-04-15T06:54:22+00:00","og_image":[{"width":1024,"height":698,"url":"https:\/\/tammetalu.eu\/wp-content\/uploads\/2022\/08\/Maroko_munt-5.jpg","type":"image\/jpeg"}],"twitter_card":"summary_large_image","twitter_misc":{"Arvioitu lukuaika":"1 minuutti"},"schema":{"@context":"https:\/\/schema.org","@graph":[{"@type":"WebPage","@id":"https:\/\/tammetalu.eu\/toode\/rohemunt-marokko-maroko-munt\/","url":"https:\/\/tammetalu.eu\/toode\/rohemunt-marokko-maroko-munt\/","name":"Rohem\u00fcnt Mentha spicata \u201eMarokko\u201c - Tamme talu \u00fcrdiaed","isPartOf":{"@id":"https:\/\/tammetalu.eu\/#website"},"primaryImageOfPage":{"@id":"https:\/\/tammetalu.eu\/toode\/rohemunt-marokko-maroko-munt\/#primaryimage"},"image":{"@id":"https:\/\/tammetalu.eu\/toode\/rohemunt-marokko-maroko-munt\/#primaryimage"},"thumbnailUrl":"https:\/\/tammetalu.eu\/wp-content\/uploads\/2022\/08\/Maroko_munt-5.jpg","datePublished":"2022-08-09T06:05:02+00:00","dateModified":"2026-04-15T06:54:22+00:00","description":"Parima maitsega rohem\u00fcndi sort. Ilusad rohelised veidi krobelised lehed ja valged v\u00e4ikesed \u00f5ied on koondunud tihedatesse t\u00e4hkjatesse \u00f5isikutesse.","breadcrumb":{"@id":"https:\/\/tammetalu.eu\/toode\/rohemunt-marokko-maroko-munt\/#breadcrumb"},"inLanguage":"fi","potentialAction":[{"@type":"ReadAction","target":["https:\/\/tammetalu.eu\/toode\/rohemunt-marokko-maroko-munt\/"]}]},{"@type":"ImageObject","inLanguage":"fi","@id":"https:\/\/tammetalu.eu\/toode\/rohemunt-marokko-maroko-munt\/#primaryimage","url":"https:\/\/tammetalu.eu\/wp-content\/uploads\/2022\/08\/Maroko_munt-5.jpg","contentUrl":"https:\/\/tammetalu.eu\/wp-content\/uploads\/2022\/08\/Maroko_munt-5.jpg","width":1024,"height":698},{"@type":"BreadcrumbList","@id":"https:\/\/tammetalu.eu\/toode\/rohemunt-marokko-maroko-munt\/#breadcrumb","itemListElement":[{"@type":"ListItem","position":1,"name":"Home","item":"https:\/\/tammetalu.eu\/fi\/etusivu\/"},{"@type":"ListItem","position":2,"name":"Kaikki tuotteet","item":"https:\/\/tammetalu.eu\/fi\/kaikki-tuotteet\/"},{"@type":"ListItem","position":3,"name":"Rohem\u00fcnt Mentha spicata \u201eMarokko\u201c"}]},{"@type":"WebSite","@id":"https:\/\/tammetalu.eu\/#website","url":"https:\/\/tammetalu.eu\/","name":"Tamme talu \u00fcrdiaed","description":"K\u00e4sit\u00f6\u00f6na valmistatud tooted \u00fcrtidest, \u00fcrdiistikud, \u00fcrtide kollektsioonaed","publisher":{"@id":"https:\/\/tammetalu.eu\/#organization"},"alternateName":"Tamme talu","potentialAction":[{"@type":"SearchAction","target":{"@type":"EntryPoint","urlTemplate":"https:\/\/tammetalu.eu\/?s={search_term_string}"},"query-input":{"@type":"PropertyValueSpecification","valueRequired":true,"valueName":"search_term_string"}}],"inLanguage":"fi"},{"@type":"Organization","@id":"https:\/\/tammetalu.eu\/#organization","name":"Tamme talu \u00fcrdiaed","alternateName":"Tamme talu","url":"https:\/\/tammetalu.eu\/","logo":{"@type":"ImageObject","inLanguage":"fi","@id":"https:\/\/tammetalu.eu\/#\/schema\/logo\/image\/","url":"https:\/\/tammetalu.eu\/wp-content\/uploads\/2025\/01\/Tamme_talu_urdiaed.png","contentUrl":"https:\/\/tammetalu.eu\/wp-content\/uploads\/2025\/01\/Tamme_talu_urdiaed.png","width":560,"height":560,"caption":"Tamme talu \u00fcrdiaed"},"image":{"@id":"https:\/\/tammetalu.eu\/#\/schema\/logo\/image\/"},"sameAs":["https:\/\/www.facebook.com\/TammeTaluUrdiaed\/?locale=et_EE","https:\/\/www.instagram.com\/tammetaluurdiaed\/"]}]}},"_links":{"self":[{"href":"https:\/\/tammetalu.eu\/fi\/wp-json\/wp\/v2\/product\/15726","targetHints":{"allow":["GET"]}}],"collection":[{"href":"https:\/\/tammetalu.eu\/fi\/wp-json\/wp\/v2\/product"}],"about":[{"href":"https:\/\/tammetalu.eu\/fi\/wp-json\/wp\/v2\/types\/product"}],"wp:featuredmedia":[{"embeddable":true,"href":"https:\/\/tammetalu.eu\/fi\/wp-json\/wp\/v2\/media\/15882"}],"wp:attachment":[{"href":"https:\/\/tammetalu.eu\/fi\/wp-json\/wp\/v2\/media?parent=15726"}],"wp:term":[{"taxonomy":"product_brand","embeddable":true,"href":"https:\/\/tammetalu.eu\/fi\/wp-json\/wp\/v2\/product_brand?post=15726"},{"taxonomy":"product_cat","embeddable":true,"href":"https:\/\/tammetalu.eu\/fi\/wp-json\/wp\/v2\/product_cat?post=15726"},{"taxonomy":"product_tag","embeddable":true,"href":"https:\/\/tammetalu.eu\/fi\/wp-json\/wp\/v2\/product_tag?post=15726"}],"curies":[{"name":"wp","href":"https:\/\/api.w.org\/{rel}","templated":true}]}}