{"id":15777,"date":"2022-08-09T09:05:30","date_gmt":"2022-08-09T06:05:30","guid":{"rendered":"https:\/\/tammetalu.eu?post_type=product&#038;p=15777"},"modified":"2026-04-22T11:49:45","modified_gmt":"2026-04-22T08:49:45","slug":"sidrunaloisia","status":"publish","type":"product","link":"https:\/\/tammetalu.eu\/fi\/toode\/sidrunaloisia\/","title":{"rendered":"Sidrunaloisia Aloysia citrodora"},"content":{"rendered":"","protected":false},"excerpt":{"rendered":"<p><em>Aloysia citriodora <\/em><\/p>\n<p>\u00dclimalt meeldiva sidrunikoore aroomi ja maitsega taim. Lehed on veidi kollakasrohelised ja karedad. V\u00f5rsed peenikesed ja pikad. Taime k\u00f5rgus on 1-1,2 m. Sidrunaloisia vajab j\u00f5udsaks kasvuks kuiva v\u00f5i parasniisket mulda ja p\u00e4ikeselist v\u00f5i poolvarjulist kasvukohta. Muld peab olema vett h\u00e4sti l\u00e4bilaskev ja viljakas, pigem lubjane. Sidrunaloisiat sobib kasvatada suuremas, 30-40 cm l\u00e4bim\u00f5\u00f5duga potis. Sidrunaloisia ei ole meie kliimas talvekindel. V\u00f5imalusel v\u00f5ib taimi proovida talvitada jahedates siseruumides.\u00a0 Lisaks on sidrunaloisia v\u00e4\u00e4rtuslik l\u00f5hnataim, kuna taime eeterlike \u00f5lide poolest\u00a0 rikkad lehed eritavad puudutamisel suurep\u00e4rast v\u00e4rkendavat sidruniaroomi, seep\u00e4rast on sidrunaloisiat m\u00f5istlik kasvatada nii r\u00f5du kui terrassitaimena istumiskoha l\u00e4hedal.\u00a0 Kasvukuju saab suunata v\u00f5rsete tiheda k\u00e4rpimisega. \u00c4ran\u00e4pistatud v\u00f5rsetipud sobivad kohe v\u00e4rskelt kasutamiseks nii teeks kui roogades, kuhu on soov lisada sidrunikoore maitset. Lehti on v\u00e4ga lihtne talveks kuivatada, nende maitse ja aroom s\u00e4ilib kaua. Sidrunaloisia tee m\u00f5jub l\u00f5\u00f5gastavalt ja rahustaval. Peale suuremat s\u00f6\u00f6gikorda tassikese\u00a0 sidrunaloisia tee joomine ergutab seedimist.<\/p>\n<p>Sidrunaloisia lehti ja rohtseid v\u00f5rseid kasutatakse k\u00f6\u00f6gis\u00a0 kala- ja kanaroogade maitsestamiseks, marinaadides, salatikastmetes, moosides, dessertides, k\u00fclmades ja kuumades jookides ning sorbettides.<\/p>\n<p>&nbsp;<\/p>\n","protected":false},"featured_media":23782,"template":"","meta":{"_acf_changed":false,"_et_pb_use_builder":"","_et_pb_old_content":"","_et_gb_content_width":"","inline_featured_image":false},"product_brand":[],"product_cat":[247,186,200],"product_tag":[],"class_list":{"0":"post-15777","1":"product","2":"type-product","3":"status-publish","4":"has-post-thumbnail","6":"product_cat-rohenappude-lemmikud","7":"product_cat-maitse-ja-ravimtaimede-istikud","8":"product_cat-muud-maitsetaimed","10":"first","11":"instock","12":"sale","13":"taxable","14":"shipping-taxable","15":"purchasable","16":"product-type-simple"},"acf":[],"yoast_head":"<!-- This site is optimized with the Yoast SEO plugin v26.4 - https:\/\/yoast.com\/wordpress\/plugins\/seo\/ -->\n<title>Sidrunaloisia Aloysia citrodora - Tamme talu \u00fcrdiaed<\/title>\n<meta name=\"description\" content=\"\u00dclimalt meeldiva sidrunikoore aroomi ja maitsega taim, mille lehed sobivad kasutamiseks nii soolastes kui magusates roogades ja tee valmistamiseks.\" \/>\n<meta name=\"robots\" content=\"index, follow, max-snippet:-1, max-image-preview:large, max-video-preview:-1\" \/>\n<link rel=\"canonical\" href=\"https:\/\/tammetalu.eu\/toode\/sidrunaloisia\/\" \/>\n<meta property=\"og:locale\" content=\"fi_FI\" \/>\n<meta property=\"og:type\" content=\"article\" \/>\n<meta property=\"og:title\" content=\"Sidrunaloisia Aloysia citrodora - Tamme talu \u00fcrdiaed\" \/>\n<meta property=\"og:description\" content=\"\u00dclimalt meeldiva sidrunikoore aroomi ja maitsega taim, mille lehed sobivad kasutamiseks nii soolastes kui magusates roogades ja tee valmistamiseks.\" \/>\n<meta property=\"og:url\" content=\"https:\/\/tammetalu.eu\/toode\/sidrunaloisia\/\" \/>\n<meta property=\"og:site_name\" content=\"Tamme talu \u00fcrdiaed\" \/>\n<meta property=\"article:publisher\" content=\"https:\/\/www.facebook.com\/TammeTaluUrdiaed\/?locale=et_EE\" \/>\n<meta property=\"article:modified_time\" content=\"2026-04-22T08:49:45+00:00\" \/>\n<meta property=\"og:image\" content=\"https:\/\/tammetalu.eu\/wp-content\/uploads\/2022\/08\/Sidrunaloisia_tamme_talu_urdiaed-1.jpg\" \/>\n\t<meta property=\"og:image:width\" content=\"1024\" \/>\n\t<meta property=\"og:image:height\" content=\"1534\" \/>\n\t<meta property=\"og:image:type\" content=\"image\/jpeg\" \/>\n<meta name=\"twitter:card\" content=\"summary_large_image\" \/>\n<meta name=\"twitter:label1\" content=\"Arvioitu lukuaika\" \/>\n\t<meta name=\"twitter:data1\" content=\"1 minuutti\" \/>\n<script type=\"application\/ld+json\" class=\"yoast-schema-graph\">{\"@context\":\"https:\/\/schema.org\",\"@graph\":[{\"@type\":\"WebPage\",\"@id\":\"https:\/\/tammetalu.eu\/toode\/sidrunaloisia\/\",\"url\":\"https:\/\/tammetalu.eu\/toode\/sidrunaloisia\/\",\"name\":\"Sidrunaloisia Aloysia citrodora - Tamme talu \u00fcrdiaed\",\"isPartOf\":{\"@id\":\"https:\/\/tammetalu.eu\/#website\"},\"primaryImageOfPage\":{\"@id\":\"https:\/\/tammetalu.eu\/toode\/sidrunaloisia\/#primaryimage\"},\"image\":{\"@id\":\"https:\/\/tammetalu.eu\/toode\/sidrunaloisia\/#primaryimage\"},\"thumbnailUrl\":\"https:\/\/tammetalu.eu\/wp-content\/uploads\/2022\/08\/Sidrunaloisia_tamme_talu_urdiaed-1.jpg\",\"datePublished\":\"2022-08-09T06:05:30+00:00\",\"dateModified\":\"2026-04-22T08:49:45+00:00\",\"description\":\"\u00dclimalt meeldiva sidrunikoore aroomi ja maitsega taim, mille lehed sobivad kasutamiseks nii soolastes kui magusates roogades ja tee valmistamiseks.\",\"breadcrumb\":{\"@id\":\"https:\/\/tammetalu.eu\/toode\/sidrunaloisia\/#breadcrumb\"},\"inLanguage\":\"fi\",\"potentialAction\":[{\"@type\":\"ReadAction\",\"target\":[\"https:\/\/tammetalu.eu\/toode\/sidrunaloisia\/\"]}]},{\"@type\":\"ImageObject\",\"inLanguage\":\"fi\",\"@id\":\"https:\/\/tammetalu.eu\/toode\/sidrunaloisia\/#primaryimage\",\"url\":\"https:\/\/tammetalu.eu\/wp-content\/uploads\/2022\/08\/Sidrunaloisia_tamme_talu_urdiaed-1.jpg\",\"contentUrl\":\"https:\/\/tammetalu.eu\/wp-content\/uploads\/2022\/08\/Sidrunaloisia_tamme_talu_urdiaed-1.jpg\",\"width\":1024,\"height\":1534,\"caption\":\"Sidrunaloisia_tamme_talu_urdiaed\"},{\"@type\":\"BreadcrumbList\",\"@id\":\"https:\/\/tammetalu.eu\/toode\/sidrunaloisia\/#breadcrumb\",\"itemListElement\":[{\"@type\":\"ListItem\",\"position\":1,\"name\":\"Home\",\"item\":\"https:\/\/tammetalu.eu\/fi\/etusivu\/\"},{\"@type\":\"ListItem\",\"position\":2,\"name\":\"Kaikki tuotteet\",\"item\":\"https:\/\/tammetalu.eu\/fi\/kaikki-tuotteet\/\"},{\"@type\":\"ListItem\",\"position\":3,\"name\":\"Sidrunaloisia Aloysia citrodora\"}]},{\"@type\":\"WebSite\",\"@id\":\"https:\/\/tammetalu.eu\/#website\",\"url\":\"https:\/\/tammetalu.eu\/\",\"name\":\"Tamme talu \u00fcrdiaed\",\"description\":\"K\u00e4sit\u00f6\u00f6na valmistatud tooted \u00fcrtidest, \u00fcrdiistikud, \u00fcrtide kollektsioonaed\",\"publisher\":{\"@id\":\"https:\/\/tammetalu.eu\/#organization\"},\"alternateName\":\"Tamme talu\",\"potentialAction\":[{\"@type\":\"SearchAction\",\"target\":{\"@type\":\"EntryPoint\",\"urlTemplate\":\"https:\/\/tammetalu.eu\/?s={search_term_string}\"},\"query-input\":{\"@type\":\"PropertyValueSpecification\",\"valueRequired\":true,\"valueName\":\"search_term_string\"}}],\"inLanguage\":\"fi\"},{\"@type\":\"Organization\",\"@id\":\"https:\/\/tammetalu.eu\/#organization\",\"name\":\"Tamme talu \u00fcrdiaed\",\"alternateName\":\"Tamme talu\",\"url\":\"https:\/\/tammetalu.eu\/\",\"logo\":{\"@type\":\"ImageObject\",\"inLanguage\":\"fi\",\"@id\":\"https:\/\/tammetalu.eu\/#\/schema\/logo\/image\/\",\"url\":\"https:\/\/tammetalu.eu\/wp-content\/uploads\/2025\/01\/Tamme_talu_urdiaed.png\",\"contentUrl\":\"https:\/\/tammetalu.eu\/wp-content\/uploads\/2025\/01\/Tamme_talu_urdiaed.png\",\"width\":560,\"height\":560,\"caption\":\"Tamme talu \u00fcrdiaed\"},\"image\":{\"@id\":\"https:\/\/tammetalu.eu\/#\/schema\/logo\/image\/\"},\"sameAs\":[\"https:\/\/www.facebook.com\/TammeTaluUrdiaed\/?locale=et_EE\",\"https:\/\/www.instagram.com\/tammetaluurdiaed\/\"]}]}<\/script>\n<!-- \/ Yoast SEO plugin. -->","yoast_head_json":{"title":"Sidrunaloisia Aloysia citrodora - Tamme talu \u00fcrdiaed","description":"\u00dclimalt meeldiva sidrunikoore aroomi ja maitsega taim, mille lehed sobivad kasutamiseks nii soolastes kui magusates roogades ja tee valmistamiseks.","robots":{"index":"index","follow":"follow","max-snippet":"max-snippet:-1","max-image-preview":"max-image-preview:large","max-video-preview":"max-video-preview:-1"},"canonical":"https:\/\/tammetalu.eu\/toode\/sidrunaloisia\/","og_locale":"fi_FI","og_type":"article","og_title":"Sidrunaloisia Aloysia citrodora - Tamme talu \u00fcrdiaed","og_description":"\u00dclimalt meeldiva sidrunikoore aroomi ja maitsega taim, mille lehed sobivad kasutamiseks nii soolastes kui magusates roogades ja tee valmistamiseks.","og_url":"https:\/\/tammetalu.eu\/toode\/sidrunaloisia\/","og_site_name":"Tamme talu \u00fcrdiaed","article_publisher":"https:\/\/www.facebook.com\/TammeTaluUrdiaed\/?locale=et_EE","article_modified_time":"2026-04-22T08:49:45+00:00","og_image":[{"width":1024,"height":1534,"url":"https:\/\/tammetalu.eu\/wp-content\/uploads\/2022\/08\/Sidrunaloisia_tamme_talu_urdiaed-1.jpg","type":"image\/jpeg"}],"twitter_card":"summary_large_image","twitter_misc":{"Arvioitu lukuaika":"1 minuutti"},"schema":{"@context":"https:\/\/schema.org","@graph":[{"@type":"WebPage","@id":"https:\/\/tammetalu.eu\/toode\/sidrunaloisia\/","url":"https:\/\/tammetalu.eu\/toode\/sidrunaloisia\/","name":"Sidrunaloisia Aloysia citrodora - Tamme talu \u00fcrdiaed","isPartOf":{"@id":"https:\/\/tammetalu.eu\/#website"},"primaryImageOfPage":{"@id":"https:\/\/tammetalu.eu\/toode\/sidrunaloisia\/#primaryimage"},"image":{"@id":"https:\/\/tammetalu.eu\/toode\/sidrunaloisia\/#primaryimage"},"thumbnailUrl":"https:\/\/tammetalu.eu\/wp-content\/uploads\/2022\/08\/Sidrunaloisia_tamme_talu_urdiaed-1.jpg","datePublished":"2022-08-09T06:05:30+00:00","dateModified":"2026-04-22T08:49:45+00:00","description":"\u00dclimalt meeldiva sidrunikoore aroomi ja maitsega taim, mille lehed sobivad kasutamiseks nii soolastes kui magusates roogades ja tee valmistamiseks.","breadcrumb":{"@id":"https:\/\/tammetalu.eu\/toode\/sidrunaloisia\/#breadcrumb"},"inLanguage":"fi","potentialAction":[{"@type":"ReadAction","target":["https:\/\/tammetalu.eu\/toode\/sidrunaloisia\/"]}]},{"@type":"ImageObject","inLanguage":"fi","@id":"https:\/\/tammetalu.eu\/toode\/sidrunaloisia\/#primaryimage","url":"https:\/\/tammetalu.eu\/wp-content\/uploads\/2022\/08\/Sidrunaloisia_tamme_talu_urdiaed-1.jpg","contentUrl":"https:\/\/tammetalu.eu\/wp-content\/uploads\/2022\/08\/Sidrunaloisia_tamme_talu_urdiaed-1.jpg","width":1024,"height":1534,"caption":"Sidrunaloisia_tamme_talu_urdiaed"},{"@type":"BreadcrumbList","@id":"https:\/\/tammetalu.eu\/toode\/sidrunaloisia\/#breadcrumb","itemListElement":[{"@type":"ListItem","position":1,"name":"Home","item":"https:\/\/tammetalu.eu\/fi\/etusivu\/"},{"@type":"ListItem","position":2,"name":"Kaikki tuotteet","item":"https:\/\/tammetalu.eu\/fi\/kaikki-tuotteet\/"},{"@type":"ListItem","position":3,"name":"Sidrunaloisia Aloysia citrodora"}]},{"@type":"WebSite","@id":"https:\/\/tammetalu.eu\/#website","url":"https:\/\/tammetalu.eu\/","name":"Tamme talu \u00fcrdiaed","description":"K\u00e4sit\u00f6\u00f6na valmistatud tooted \u00fcrtidest, \u00fcrdiistikud, \u00fcrtide kollektsioonaed","publisher":{"@id":"https:\/\/tammetalu.eu\/#organization"},"alternateName":"Tamme talu","potentialAction":[{"@type":"SearchAction","target":{"@type":"EntryPoint","urlTemplate":"https:\/\/tammetalu.eu\/?s={search_term_string}"},"query-input":{"@type":"PropertyValueSpecification","valueRequired":true,"valueName":"search_term_string"}}],"inLanguage":"fi"},{"@type":"Organization","@id":"https:\/\/tammetalu.eu\/#organization","name":"Tamme talu \u00fcrdiaed","alternateName":"Tamme talu","url":"https:\/\/tammetalu.eu\/","logo":{"@type":"ImageObject","inLanguage":"fi","@id":"https:\/\/tammetalu.eu\/#\/schema\/logo\/image\/","url":"https:\/\/tammetalu.eu\/wp-content\/uploads\/2025\/01\/Tamme_talu_urdiaed.png","contentUrl":"https:\/\/tammetalu.eu\/wp-content\/uploads\/2025\/01\/Tamme_talu_urdiaed.png","width":560,"height":560,"caption":"Tamme talu \u00fcrdiaed"},"image":{"@id":"https:\/\/tammetalu.eu\/#\/schema\/logo\/image\/"},"sameAs":["https:\/\/www.facebook.com\/TammeTaluUrdiaed\/?locale=et_EE","https:\/\/www.instagram.com\/tammetaluurdiaed\/"]}]}},"_links":{"self":[{"href":"https:\/\/tammetalu.eu\/fi\/wp-json\/wp\/v2\/product\/15777","targetHints":{"allow":["GET"]}}],"collection":[{"href":"https:\/\/tammetalu.eu\/fi\/wp-json\/wp\/v2\/product"}],"about":[{"href":"https:\/\/tammetalu.eu\/fi\/wp-json\/wp\/v2\/types\/product"}],"wp:featuredmedia":[{"embeddable":true,"href":"https:\/\/tammetalu.eu\/fi\/wp-json\/wp\/v2\/media\/23782"}],"wp:attachment":[{"href":"https:\/\/tammetalu.eu\/fi\/wp-json\/wp\/v2\/media?parent=15777"}],"wp:term":[{"taxonomy":"product_brand","embeddable":true,"href":"https:\/\/tammetalu.eu\/fi\/wp-json\/wp\/v2\/product_brand?post=15777"},{"taxonomy":"product_cat","embeddable":true,"href":"https:\/\/tammetalu.eu\/fi\/wp-json\/wp\/v2\/product_cat?post=15777"},{"taxonomy":"product_tag","embeddable":true,"href":"https:\/\/tammetalu.eu\/fi\/wp-json\/wp\/v2\/product_tag?post=15777"}],"curies":[{"name":"wp","href":"https:\/\/api.w.org\/{rel}","templated":true}]}}