{"id":15870,"date":"2022-08-09T09:07:00","date_gmt":"2022-08-09T06:07:00","guid":{"rendered":"https:\/\/tammetalu.eu?post_type=product&#038;p=15870"},"modified":"2026-05-04T08:49:40","modified_gmt":"2026-05-04T05:49:40","slug":"harilik-rosmariin-salvia-rosmarinus-abraxas","status":"publish","type":"product","link":"https:\/\/tammetalu.eu\/fi\/toode\/harilik-rosmariin-salvia-rosmarinus-abraxas\/","title":{"rendered":"Harilik rosmariin Salvia rosmarinus &#8221;Abraxas&#8221;"},"content":{"rendered":"","protected":false},"excerpt":{"rendered":"<p>Harilik rosmariin Salvia rosmarinus \u201eAbraxas\u201c<\/p>\n<p>LAT: \u00a0<em>Salvia rosmarinus<\/em> \u201eAbraxas\u201c<\/p>\n<p>ENG: \u00a0Rosemary \u201eAbraxas\u201c<\/p>\n<p>RU: \u0420\u043e\u0437\u043c\u0430\u0440\u0438\u043d \u043b\u0435\u043a\u0430\u0440\u0441\u0442\u0432\u0435\u043d\u043d\u044b\u0439 \u201eAbraxas\u201c<\/p>\n<p>FI: \u00a0\u00a0Rosmariini \u201eAbraxas\u201c<\/p>\n<p>Harilik rosmariin (<em>Salvia rosmarinus<\/em>) on nahkjate tumeroheliste lehtede ja erksate helesiniste \u00f5itega igihaljas maitse-, l\u00f5hna -ja ravimtaim. Sordil \u201eAbraxas\u201c on p\u00fcstised v\u00f5rsed. Sobib kasvatamiseks potis v\u00f5i r\u00f5dukastis. Rosmariin vajab kasvuks h\u00e4sti vett l\u00e4bilaskvat kruusasegust lubjast mulda ja poolvarjulist kuni p\u00e4ikeselist kasvukohta. Soovitav on rosmariini kasvatada potis, mille l\u00e4bim\u00f5\u00f5t esimesel aastal v\u00f5iks olla 20-25 cm. Enne pidevate s\u00fcgisvihmade saabumist tuleks rosmariin varju alla t\u00f5sta, sest liigne niiskus v\u00f5ib taime hukutada. Soojemal talvel v\u00f5ib taime talvitumiseks t\u00f5sta v\u00f5imaluse korral kuiva kasvuhoonesse. K\u00f5ige paremini talvitub rosmariin jahedas valges siseruumis. Taimele v\u00f5ib hukutavalt m\u00f5juda pigem liigne soojus ja \u00fclekastmine kui p\u00fcsivad k\u00fclmakraadid (kuni -5).<\/p>\n<p>Rosmariiniga maitsestatakse lamba- , veise, ulukiliha, metslinnuliha, kala, kartuli ja kaalikaroogasid. Rahvameditsiinis kasutatakse rosmariini toniseeriva vahendina j\u00f5uetuse ja s\u00fcdameneurooside korral, samuti sapiajatina.<\/p>\n<p>Rosmariinil on seedetegevust soodustav toime. Kasutatakse vereringeh\u00e4irete ja reuma korral. Mikroobidevastane. V\u00e4hendab k\u00f5hugaase ja spasme.<\/p>\n<p>K\u00f5rgus: kuni 1m<\/p>\n<p>\u00d5itsemise aeg: XII-II<\/p>\n<p>Talvekindlus: Ei ole talvekindel<\/p>\n<p>Poti suurus: 9-11<\/p>\n<p><strong>Loe l\u00e4hemalt rosmariini kasvatamise kohta<\/strong>\u00a0<span style=\"color: #008000;\"><strong><a style=\"color: #008000;\" href=\"https:\/\/tammetalu.eu\/rosmariini-kasvatamine\/\">siit<\/a><\/strong><\/span><\/p>\n","protected":false},"featured_media":15987,"template":"","meta":{"_acf_changed":false,"_et_pb_use_builder":"","_et_pb_old_content":"","_et_gb_content_width":"","inline_featured_image":false},"product_brand":[],"product_cat":[186,207],"product_tag":[],"class_list":{"0":"post-15870","1":"product","2":"type-product","3":"status-publish","4":"has-post-thumbnail","6":"product_cat-maitse-ja-ravimtaimede-istikud","7":"product_cat-rosmariinid","9":"first","10":"outofstock","11":"taxable","12":"shipping-taxable","13":"purchasable","14":"product-type-simple"},"acf":[],"yoast_head":"<!-- This site is optimized with the Yoast SEO plugin v27.5 - https:\/\/yoast.com\/product\/yoast-seo-wordpress\/ -->\n<title>Harilik rosmariin Salvia rosmarinus &quot;Abraxas&quot; - Tamme talu \u00fcrdiaed<\/title>\n<meta name=\"description\" content=\"Harilik rosmariin (Salvia rosmarinus) on nahkjate peenikeste hallikasoheliste lehtede ja erksate helesiniste \u00f5itega igihaljas maitse-, l\u00f5hna -ja ravimtaim. Rosmariin vajab kasvamiseks\u00a0 h\u00e4sti vett l\u00e4bilaskvat kruusast mulda ja poolvarjulist kuni p\u00e4ikeselist kasvukohta. Soovitav on rosmariini kasvatada potis, mille l\u00e4bim\u00f5\u00f5t esimesel aastal peaks olema 20-25 cm.\" \/>\n<meta name=\"robots\" content=\"index, follow, max-snippet:-1, max-image-preview:large, max-video-preview:-1\" \/>\n<link rel=\"canonical\" href=\"https:\/\/tammetalu.eu\/toode\/harilik-rosmariin-salvia-rosmarinus-abraxas\/\" \/>\n<meta property=\"og:locale\" content=\"fi_FI\" \/>\n<meta property=\"og:type\" content=\"article\" \/>\n<meta property=\"og:title\" content=\"Harilik rosmariin Salvia rosmarinus &quot;Abraxas&quot; - Tamme talu \u00fcrdiaed\" \/>\n<meta property=\"og:description\" content=\"Harilik rosmariin (Salvia rosmarinus) on nahkjate peenikeste hallikasoheliste lehtede ja erksate helesiniste \u00f5itega igihaljas maitse-, l\u00f5hna -ja ravimtaim. Rosmariin vajab kasvamiseks\u00a0 h\u00e4sti vett l\u00e4bilaskvat kruusast mulda ja poolvarjulist kuni p\u00e4ikeselist kasvukohta. Soovitav on rosmariini kasvatada potis, mille l\u00e4bim\u00f5\u00f5t esimesel aastal peaks olema 20-25 cm.\" \/>\n<meta property=\"og:url\" content=\"https:\/\/tammetalu.eu\/toode\/harilik-rosmariin-salvia-rosmarinus-abraxas\/\" \/>\n<meta property=\"og:site_name\" content=\"Tamme talu \u00fcrdiaed\" \/>\n<meta property=\"article:publisher\" content=\"https:\/\/www.facebook.com\/TammeTaluUrdiaed\/?locale=et_EE\" \/>\n<meta property=\"article:modified_time\" content=\"2026-05-04T05:49:40+00:00\" \/>\n<meta property=\"og:image\" content=\"https:\/\/tammetalu.eu\/wp-content\/uploads\/2022\/08\/Harilik-rosmariin-abraxas-tamme-talu-urdiaed-5.jpg\" \/>\n\t<meta property=\"og:image:width\" content=\"698\" \/>\n\t<meta property=\"og:image:height\" content=\"700\" \/>\n\t<meta property=\"og:image:type\" content=\"image\/jpeg\" \/>\n<meta name=\"twitter:card\" content=\"summary_large_image\" \/>\n<meta name=\"twitter:label1\" content=\"Arvioitu lukuaika\" \/>\n\t<meta name=\"twitter:data1\" content=\"1 minuutti\" \/>\n<script type=\"application\/ld+json\" class=\"yoast-schema-graph\">{\"@context\":\"https:\\\/\\\/schema.org\",\"@graph\":[{\"@type\":\"WebPage\",\"@id\":\"https:\\\/\\\/tammetalu.eu\\\/toode\\\/harilik-rosmariin-salvia-rosmarinus-abraxas\\\/\",\"url\":\"https:\\\/\\\/tammetalu.eu\\\/toode\\\/harilik-rosmariin-salvia-rosmarinus-abraxas\\\/\",\"name\":\"Harilik rosmariin Salvia rosmarinus \\\"Abraxas\\\" - Tamme talu \u00fcrdiaed\",\"isPartOf\":{\"@id\":\"https:\\\/\\\/tammetalu.eu\\\/#website\"},\"primaryImageOfPage\":{\"@id\":\"https:\\\/\\\/tammetalu.eu\\\/toode\\\/harilik-rosmariin-salvia-rosmarinus-abraxas\\\/#primaryimage\"},\"image\":{\"@id\":\"https:\\\/\\\/tammetalu.eu\\\/toode\\\/harilik-rosmariin-salvia-rosmarinus-abraxas\\\/#primaryimage\"},\"thumbnailUrl\":\"https:\\\/\\\/tammetalu.eu\\\/wp-content\\\/uploads\\\/2022\\\/08\\\/Harilik-rosmariin-abraxas-tamme-talu-urdiaed-5.jpg\",\"datePublished\":\"2022-08-09T06:07:00+00:00\",\"dateModified\":\"2026-05-04T05:49:40+00:00\",\"description\":\"Harilik rosmariin (Salvia rosmarinus) on nahkjate peenikeste hallikasoheliste lehtede ja erksate helesiniste \u00f5itega igihaljas maitse-, l\u00f5hna -ja ravimtaim. Rosmariin vajab kasvamiseks\u00a0 h\u00e4sti vett l\u00e4bilaskvat kruusast mulda ja poolvarjulist kuni p\u00e4ikeselist kasvukohta. Soovitav on rosmariini kasvatada potis, mille l\u00e4bim\u00f5\u00f5t esimesel aastal peaks olema 20-25 cm.\",\"breadcrumb\":{\"@id\":\"https:\\\/\\\/tammetalu.eu\\\/toode\\\/harilik-rosmariin-salvia-rosmarinus-abraxas\\\/#breadcrumb\"},\"inLanguage\":\"fi\",\"potentialAction\":[{\"@type\":\"ReadAction\",\"target\":[\"https:\\\/\\\/tammetalu.eu\\\/toode\\\/harilik-rosmariin-salvia-rosmarinus-abraxas\\\/\"]}]},{\"@type\":\"ImageObject\",\"inLanguage\":\"fi\",\"@id\":\"https:\\\/\\\/tammetalu.eu\\\/toode\\\/harilik-rosmariin-salvia-rosmarinus-abraxas\\\/#primaryimage\",\"url\":\"https:\\\/\\\/tammetalu.eu\\\/wp-content\\\/uploads\\\/2022\\\/08\\\/Harilik-rosmariin-abraxas-tamme-talu-urdiaed-5.jpg\",\"contentUrl\":\"https:\\\/\\\/tammetalu.eu\\\/wp-content\\\/uploads\\\/2022\\\/08\\\/Harilik-rosmariin-abraxas-tamme-talu-urdiaed-5.jpg\",\"width\":698,\"height\":700},{\"@type\":\"BreadcrumbList\",\"@id\":\"https:\\\/\\\/tammetalu.eu\\\/toode\\\/harilik-rosmariin-salvia-rosmarinus-abraxas\\\/#breadcrumb\",\"itemListElement\":[{\"@type\":\"ListItem\",\"position\":1,\"name\":\"Home\",\"item\":\"https:\\\/\\\/tammetalu.eu\\\/fi\\\/etusivu\\\/\"},{\"@type\":\"ListItem\",\"position\":2,\"name\":\"Kaikki tuotteet\",\"item\":\"https:\\\/\\\/tammetalu.eu\\\/fi\\\/kaikki-tuotteet\\\/\"},{\"@type\":\"ListItem\",\"position\":3,\"name\":\"Harilik rosmariin Salvia rosmarinus &#8220;Abraxas&#8221;\"}]},{\"@type\":\"WebSite\",\"@id\":\"https:\\\/\\\/tammetalu.eu\\\/#website\",\"url\":\"https:\\\/\\\/tammetalu.eu\\\/\",\"name\":\"Tamme talu \u00fcrdiaed\",\"description\":\"K\u00e4sit\u00f6\u00f6na valmistatud tooted \u00fcrtidest, \u00fcrdiistikud, \u00fcrtide kollektsioonaed\",\"publisher\":{\"@id\":\"https:\\\/\\\/tammetalu.eu\\\/#organization\"},\"alternateName\":\"Tamme talu\",\"potentialAction\":[{\"@type\":\"SearchAction\",\"target\":{\"@type\":\"EntryPoint\",\"urlTemplate\":\"https:\\\/\\\/tammetalu.eu\\\/?s={search_term_string}\"},\"query-input\":{\"@type\":\"PropertyValueSpecification\",\"valueRequired\":true,\"valueName\":\"search_term_string\"}}],\"inLanguage\":\"fi\"},{\"@type\":\"Organization\",\"@id\":\"https:\\\/\\\/tammetalu.eu\\\/#organization\",\"name\":\"Tamme talu \u00fcrdiaed\",\"alternateName\":\"Tamme talu\",\"url\":\"https:\\\/\\\/tammetalu.eu\\\/\",\"logo\":{\"@type\":\"ImageObject\",\"inLanguage\":\"fi\",\"@id\":\"https:\\\/\\\/tammetalu.eu\\\/#\\\/schema\\\/logo\\\/image\\\/\",\"url\":\"https:\\\/\\\/tammetalu.eu\\\/wp-content\\\/uploads\\\/2025\\\/01\\\/Tamme_talu_urdiaed.png\",\"contentUrl\":\"https:\\\/\\\/tammetalu.eu\\\/wp-content\\\/uploads\\\/2025\\\/01\\\/Tamme_talu_urdiaed.png\",\"width\":560,\"height\":560,\"caption\":\"Tamme talu \u00fcrdiaed\"},\"image\":{\"@id\":\"https:\\\/\\\/tammetalu.eu\\\/#\\\/schema\\\/logo\\\/image\\\/\"},\"sameAs\":[\"https:\\\/\\\/www.facebook.com\\\/TammeTaluUrdiaed\\\/?locale=et_EE\",\"https:\\\/\\\/www.instagram.com\\\/tammetaluurdiaed\\\/\"]}]}<\/script>\n<!-- \/ Yoast SEO plugin. -->","yoast_head_json":{"title":"Harilik rosmariin Salvia rosmarinus \"Abraxas\" - Tamme talu \u00fcrdiaed","description":"Harilik rosmariin (Salvia rosmarinus) on nahkjate peenikeste hallikasoheliste lehtede ja erksate helesiniste \u00f5itega igihaljas maitse-, l\u00f5hna -ja ravimtaim. Rosmariin vajab kasvamiseks\u00a0 h\u00e4sti vett l\u00e4bilaskvat kruusast mulda ja poolvarjulist kuni p\u00e4ikeselist kasvukohta. Soovitav on rosmariini kasvatada potis, mille l\u00e4bim\u00f5\u00f5t esimesel aastal peaks olema 20-25 cm.","robots":{"index":"index","follow":"follow","max-snippet":"max-snippet:-1","max-image-preview":"max-image-preview:large","max-video-preview":"max-video-preview:-1"},"canonical":"https:\/\/tammetalu.eu\/toode\/harilik-rosmariin-salvia-rosmarinus-abraxas\/","og_locale":"fi_FI","og_type":"article","og_title":"Harilik rosmariin Salvia rosmarinus \"Abraxas\" - Tamme talu \u00fcrdiaed","og_description":"Harilik rosmariin (Salvia rosmarinus) on nahkjate peenikeste hallikasoheliste lehtede ja erksate helesiniste \u00f5itega igihaljas maitse-, l\u00f5hna -ja ravimtaim. Rosmariin vajab kasvamiseks\u00a0 h\u00e4sti vett l\u00e4bilaskvat kruusast mulda ja poolvarjulist kuni p\u00e4ikeselist kasvukohta. Soovitav on rosmariini kasvatada potis, mille l\u00e4bim\u00f5\u00f5t esimesel aastal peaks olema 20-25 cm.","og_url":"https:\/\/tammetalu.eu\/toode\/harilik-rosmariin-salvia-rosmarinus-abraxas\/","og_site_name":"Tamme talu \u00fcrdiaed","article_publisher":"https:\/\/www.facebook.com\/TammeTaluUrdiaed\/?locale=et_EE","article_modified_time":"2026-05-04T05:49:40+00:00","og_image":[{"width":698,"height":700,"url":"https:\/\/tammetalu.eu\/wp-content\/uploads\/2022\/08\/Harilik-rosmariin-abraxas-tamme-talu-urdiaed-5.jpg","type":"image\/jpeg"}],"twitter_card":"summary_large_image","twitter_misc":{"Arvioitu lukuaika":"1 minuutti"},"schema":{"@context":"https:\/\/schema.org","@graph":[{"@type":"WebPage","@id":"https:\/\/tammetalu.eu\/toode\/harilik-rosmariin-salvia-rosmarinus-abraxas\/","url":"https:\/\/tammetalu.eu\/toode\/harilik-rosmariin-salvia-rosmarinus-abraxas\/","name":"Harilik rosmariin Salvia rosmarinus \"Abraxas\" - Tamme talu \u00fcrdiaed","isPartOf":{"@id":"https:\/\/tammetalu.eu\/#website"},"primaryImageOfPage":{"@id":"https:\/\/tammetalu.eu\/toode\/harilik-rosmariin-salvia-rosmarinus-abraxas\/#primaryimage"},"image":{"@id":"https:\/\/tammetalu.eu\/toode\/harilik-rosmariin-salvia-rosmarinus-abraxas\/#primaryimage"},"thumbnailUrl":"https:\/\/tammetalu.eu\/wp-content\/uploads\/2022\/08\/Harilik-rosmariin-abraxas-tamme-talu-urdiaed-5.jpg","datePublished":"2022-08-09T06:07:00+00:00","dateModified":"2026-05-04T05:49:40+00:00","description":"Harilik rosmariin (Salvia rosmarinus) on nahkjate peenikeste hallikasoheliste lehtede ja erksate helesiniste \u00f5itega igihaljas maitse-, l\u00f5hna -ja ravimtaim. Rosmariin vajab kasvamiseks\u00a0 h\u00e4sti vett l\u00e4bilaskvat kruusast mulda ja poolvarjulist kuni p\u00e4ikeselist kasvukohta. Soovitav on rosmariini kasvatada potis, mille l\u00e4bim\u00f5\u00f5t esimesel aastal peaks olema 20-25 cm.","breadcrumb":{"@id":"https:\/\/tammetalu.eu\/toode\/harilik-rosmariin-salvia-rosmarinus-abraxas\/#breadcrumb"},"inLanguage":"fi","potentialAction":[{"@type":"ReadAction","target":["https:\/\/tammetalu.eu\/toode\/harilik-rosmariin-salvia-rosmarinus-abraxas\/"]}]},{"@type":"ImageObject","inLanguage":"fi","@id":"https:\/\/tammetalu.eu\/toode\/harilik-rosmariin-salvia-rosmarinus-abraxas\/#primaryimage","url":"https:\/\/tammetalu.eu\/wp-content\/uploads\/2022\/08\/Harilik-rosmariin-abraxas-tamme-talu-urdiaed-5.jpg","contentUrl":"https:\/\/tammetalu.eu\/wp-content\/uploads\/2022\/08\/Harilik-rosmariin-abraxas-tamme-talu-urdiaed-5.jpg","width":698,"height":700},{"@type":"BreadcrumbList","@id":"https:\/\/tammetalu.eu\/toode\/harilik-rosmariin-salvia-rosmarinus-abraxas\/#breadcrumb","itemListElement":[{"@type":"ListItem","position":1,"name":"Home","item":"https:\/\/tammetalu.eu\/fi\/etusivu\/"},{"@type":"ListItem","position":2,"name":"Kaikki tuotteet","item":"https:\/\/tammetalu.eu\/fi\/kaikki-tuotteet\/"},{"@type":"ListItem","position":3,"name":"Harilik rosmariin Salvia rosmarinus &#8220;Abraxas&#8221;"}]},{"@type":"WebSite","@id":"https:\/\/tammetalu.eu\/#website","url":"https:\/\/tammetalu.eu\/","name":"Tamme talu \u00fcrdiaed","description":"K\u00e4sit\u00f6\u00f6na valmistatud tooted \u00fcrtidest, \u00fcrdiistikud, \u00fcrtide kollektsioonaed","publisher":{"@id":"https:\/\/tammetalu.eu\/#organization"},"alternateName":"Tamme talu","potentialAction":[{"@type":"SearchAction","target":{"@type":"EntryPoint","urlTemplate":"https:\/\/tammetalu.eu\/?s={search_term_string}"},"query-input":{"@type":"PropertyValueSpecification","valueRequired":true,"valueName":"search_term_string"}}],"inLanguage":"fi"},{"@type":"Organization","@id":"https:\/\/tammetalu.eu\/#organization","name":"Tamme talu \u00fcrdiaed","alternateName":"Tamme talu","url":"https:\/\/tammetalu.eu\/","logo":{"@type":"ImageObject","inLanguage":"fi","@id":"https:\/\/tammetalu.eu\/#\/schema\/logo\/image\/","url":"https:\/\/tammetalu.eu\/wp-content\/uploads\/2025\/01\/Tamme_talu_urdiaed.png","contentUrl":"https:\/\/tammetalu.eu\/wp-content\/uploads\/2025\/01\/Tamme_talu_urdiaed.png","width":560,"height":560,"caption":"Tamme talu \u00fcrdiaed"},"image":{"@id":"https:\/\/tammetalu.eu\/#\/schema\/logo\/image\/"},"sameAs":["https:\/\/www.facebook.com\/TammeTaluUrdiaed\/?locale=et_EE","https:\/\/www.instagram.com\/tammetaluurdiaed\/"]}]}},"_links":{"self":[{"href":"https:\/\/tammetalu.eu\/fi\/wp-json\/wp\/v2\/product\/15870","targetHints":{"allow":["GET"]}}],"collection":[{"href":"https:\/\/tammetalu.eu\/fi\/wp-json\/wp\/v2\/product"}],"about":[{"href":"https:\/\/tammetalu.eu\/fi\/wp-json\/wp\/v2\/types\/product"}],"wp:featuredmedia":[{"embeddable":true,"href":"https:\/\/tammetalu.eu\/fi\/wp-json\/wp\/v2\/media\/15987"}],"wp:attachment":[{"href":"https:\/\/tammetalu.eu\/fi\/wp-json\/wp\/v2\/media?parent=15870"}],"wp:term":[{"taxonomy":"product_brand","embeddable":true,"href":"https:\/\/tammetalu.eu\/fi\/wp-json\/wp\/v2\/product_brand?post=15870"},{"taxonomy":"product_cat","embeddable":true,"href":"https:\/\/tammetalu.eu\/fi\/wp-json\/wp\/v2\/product_cat?post=15870"},{"taxonomy":"product_tag","embeddable":true,"href":"https:\/\/tammetalu.eu\/fi\/wp-json\/wp\/v2\/product_tag?post=15870"}],"curies":[{"name":"wp","href":"https:\/\/api.w.org\/{rel}","templated":true}]}}