{"id":15895,"date":"2022-08-09T09:07:24","date_gmt":"2022-08-09T06:07:24","guid":{"rendered":"https:\/\/tammetalu.eu?post_type=product&#038;p=15895"},"modified":"2026-04-05T17:41:24","modified_gmt":"2026-04-05T14:41:24","slug":"magi-piparrohi","status":"publish","type":"product","link":"https:\/\/tammetalu.eu\/fi\/toode\/magi-piparrohi\/","title":{"rendered":"M\u00e4gi-piparrohi"},"content":{"rendered":"","protected":false},"excerpt":{"rendered":"<p><em>Satureja montana<\/em><\/p>\n<p>Nahkjate tumeroheliste v\u00e4heldaste lehtede ja valgete kuni valkjasroosade v\u00e4ikeste \u00f5itega v\u00e4ga k\u00fclmakindel aeglase kasvuga igihaljas taim. Aias edenemiseks vajab vett h\u00e4sti l\u00e4bi laskvat liivasegust mulda ja p\u00e4ikeselist v\u00f5i poolvarjulist kasvukohta. Aastaid v\u00f5ib kasvada \u00fchel ja samal kohal. Kevadel tuleb taime kindlasti p\u00fcgada, siis s\u00e4ilitab oma ilusa kasvukuju. Taime k\u00f5rgus 40-50 cm. Sobib kasvama kiviktaimlasse, \u00f5hema kuivema mullaga kasvukohta, kivide vahele. Saab p\u00fcgada madalaks hekiks, aga siis on \u00f5itsemine v\u00e4hene. Meeldib v\u00e4ga mesilastele. M\u00e4gi-piparrohi on oluliselt v\u00fcrtsikam oma maitselt kui aed-piparrohi (\u00fcheaastane).<\/p>\n<p>K\u00f6\u00f6gis asendab maitse musta pipart. Piparrohu v\u00e4rske v\u00f5i kuivatatud \u00fcrdiga maitsestamine v\u00e4hendab soola vajadust toidus. Sobib oa, kartuli, aedvilja, liha ja kalaroogadele maitseandjaks.<\/p>\n<p>Rahvameditsiinis kasutatakse piparrohtu eesk\u00e4tt s\u00f6\u00f6giisu ergutava ja seedimist soodustava vahendina.<\/p>\n<p><strong>Postiga saadetavad taimed pakime alati turvaliselt ja ilmastikukindlalt.<\/strong><\/p>\n","protected":false},"featured_media":16040,"template":"","meta":{"_acf_changed":false,"_et_pb_use_builder":"","_et_pb_old_content":"","_et_gb_content_width":"","inline_featured_image":false},"product_brand":[],"product_cat":[186,200],"product_tag":[],"class_list":{"0":"post-15895","1":"product","2":"type-product","3":"status-publish","4":"has-post-thumbnail","6":"product_cat-maitse-ja-ravimtaimede-istikud","7":"product_cat-muud-maitsetaimed","9":"first","10":"instock","11":"sale","12":"taxable","13":"shipping-taxable","14":"purchasable","15":"product-type-simple"},"acf":[],"yoast_head":"<!-- This site is optimized with the Yoast SEO plugin v26.4 - https:\/\/yoast.com\/wordpress\/plugins\/seo\/ -->\n<title>M\u00e4gi-piparrohi - Tamme talu \u00fcrdiaed<\/title>\n<meta name=\"robots\" content=\"index, follow, max-snippet:-1, max-image-preview:large, max-video-preview:-1\" \/>\n<link rel=\"canonical\" href=\"https:\/\/tammetalu.eu\/toode\/magi-piparrohi\/\" \/>\n<meta property=\"og:locale\" content=\"fi_FI\" \/>\n<meta property=\"og:type\" content=\"article\" \/>\n<meta property=\"og:title\" content=\"M\u00e4gi-piparrohi - Tamme talu \u00fcrdiaed\" \/>\n<meta property=\"og:description\" content=\"Satureja montana  Nahkjate tumeroheliste v\u00e4heldaste lehtede ja valgete kuni valkjasroosade v\u00e4ikeste \u00f5itega v\u00e4ga k\u00fclmakindel aeglase kasvuga igihaljas taim. Aias edenemiseks vajab vett h\u00e4sti l\u00e4bi laskvat liivasegust mulda ja p\u00e4ikeselist v\u00f5i poolvarjulist kasvukohta. Aastaid v\u00f5ib kasvada \u00fchel ja samal kohal. Kevadel tuleb taime kindlasti p\u00fcgada, siis s\u00e4ilitab oma ilusa kasvukuju. Taime k\u00f5rgus 40-50 cm. Sobib kasvama kiviktaimlasse, \u00f5hema kuivema mullaga kasvukohta, kivide vahele. Saab p\u00fcgada madalaks hekiks, aga siis on \u00f5itsemine v\u00e4hene. Meeldib v\u00e4ga mesilastele. M\u00e4gi-piparrohi on oluliselt v\u00fcrtsikam oma maitselt kui aed-piparrohi (\u00fcheaastane).  K\u00f6\u00f6gis asendab maitse musta pipart. Piparrohu v\u00e4rske v\u00f5i kuivatatud \u00fcrdiga maitsestamine v\u00e4hendab soola vajadust toidus. Sobib oa, kartuli, aedvilja, liha ja kalaroogadele maitseandjaks.  Rahvameditsiinis kasutatakse piparrohtu eesk\u00e4tt s\u00f6\u00f6giisu ergutava ja seedimist soodustava vahendina.  Postiga saadetavad taimed pakime alati turvaliselt ja ilmastikukindlalt.\" \/>\n<meta property=\"og:url\" content=\"https:\/\/tammetalu.eu\/toode\/magi-piparrohi\/\" \/>\n<meta property=\"og:site_name\" content=\"Tamme talu \u00fcrdiaed\" \/>\n<meta property=\"article:publisher\" content=\"https:\/\/www.facebook.com\/TammeTaluUrdiaed\/?locale=et_EE\" \/>\n<meta property=\"article:modified_time\" content=\"2026-04-05T14:41:24+00:00\" \/>\n<meta property=\"og:image\" content=\"https:\/\/tammetalu.eu\/wp-content\/uploads\/2022\/08\/Magi_piparrohi-5.jpg\" \/>\n\t<meta property=\"og:image:width\" content=\"1024\" \/>\n\t<meta property=\"og:image:height\" content=\"1168\" \/>\n\t<meta property=\"og:image:type\" content=\"image\/jpeg\" \/>\n<meta name=\"twitter:card\" content=\"summary_large_image\" \/>\n<meta name=\"twitter:label1\" content=\"Arvioitu lukuaika\" \/>\n\t<meta name=\"twitter:data1\" content=\"1 minuutti\" \/>\n<script type=\"application\/ld+json\" class=\"yoast-schema-graph\">{\"@context\":\"https:\/\/schema.org\",\"@graph\":[{\"@type\":\"WebPage\",\"@id\":\"https:\/\/tammetalu.eu\/toode\/magi-piparrohi\/\",\"url\":\"https:\/\/tammetalu.eu\/toode\/magi-piparrohi\/\",\"name\":\"M\u00e4gi-piparrohi - Tamme talu \u00fcrdiaed\",\"isPartOf\":{\"@id\":\"https:\/\/tammetalu.eu\/#website\"},\"primaryImageOfPage\":{\"@id\":\"https:\/\/tammetalu.eu\/toode\/magi-piparrohi\/#primaryimage\"},\"image\":{\"@id\":\"https:\/\/tammetalu.eu\/toode\/magi-piparrohi\/#primaryimage\"},\"thumbnailUrl\":\"https:\/\/tammetalu.eu\/wp-content\/uploads\/2022\/08\/Magi_piparrohi-5.jpg\",\"datePublished\":\"2022-08-09T06:07:24+00:00\",\"dateModified\":\"2026-04-05T14:41:24+00:00\",\"breadcrumb\":{\"@id\":\"https:\/\/tammetalu.eu\/toode\/magi-piparrohi\/#breadcrumb\"},\"inLanguage\":\"fi\",\"potentialAction\":[{\"@type\":\"ReadAction\",\"target\":[\"https:\/\/tammetalu.eu\/toode\/magi-piparrohi\/\"]}]},{\"@type\":\"ImageObject\",\"inLanguage\":\"fi\",\"@id\":\"https:\/\/tammetalu.eu\/toode\/magi-piparrohi\/#primaryimage\",\"url\":\"https:\/\/tammetalu.eu\/wp-content\/uploads\/2022\/08\/Magi_piparrohi-5.jpg\",\"contentUrl\":\"https:\/\/tammetalu.eu\/wp-content\/uploads\/2022\/08\/Magi_piparrohi-5.jpg\",\"width\":1024,\"height\":1168},{\"@type\":\"BreadcrumbList\",\"@id\":\"https:\/\/tammetalu.eu\/toode\/magi-piparrohi\/#breadcrumb\",\"itemListElement\":[{\"@type\":\"ListItem\",\"position\":1,\"name\":\"Home\",\"item\":\"https:\/\/tammetalu.eu\/fi\/etusivu\/\"},{\"@type\":\"ListItem\",\"position\":2,\"name\":\"Kaikki tuotteet\",\"item\":\"https:\/\/tammetalu.eu\/fi\/kaikki-tuotteet\/\"},{\"@type\":\"ListItem\",\"position\":3,\"name\":\"M\u00e4gi-piparrohi\"}]},{\"@type\":\"WebSite\",\"@id\":\"https:\/\/tammetalu.eu\/#website\",\"url\":\"https:\/\/tammetalu.eu\/\",\"name\":\"Tamme talu \u00fcrdiaed\",\"description\":\"K\u00e4sit\u00f6\u00f6na valmistatud tooted \u00fcrtidest, \u00fcrdiistikud, \u00fcrtide kollektsioonaed\",\"publisher\":{\"@id\":\"https:\/\/tammetalu.eu\/#organization\"},\"alternateName\":\"Tamme talu\",\"potentialAction\":[{\"@type\":\"SearchAction\",\"target\":{\"@type\":\"EntryPoint\",\"urlTemplate\":\"https:\/\/tammetalu.eu\/?s={search_term_string}\"},\"query-input\":{\"@type\":\"PropertyValueSpecification\",\"valueRequired\":true,\"valueName\":\"search_term_string\"}}],\"inLanguage\":\"fi\"},{\"@type\":\"Organization\",\"@id\":\"https:\/\/tammetalu.eu\/#organization\",\"name\":\"Tamme talu \u00fcrdiaed\",\"alternateName\":\"Tamme talu\",\"url\":\"https:\/\/tammetalu.eu\/\",\"logo\":{\"@type\":\"ImageObject\",\"inLanguage\":\"fi\",\"@id\":\"https:\/\/tammetalu.eu\/#\/schema\/logo\/image\/\",\"url\":\"https:\/\/tammetalu.eu\/wp-content\/uploads\/2025\/01\/Tamme_talu_urdiaed.png\",\"contentUrl\":\"https:\/\/tammetalu.eu\/wp-content\/uploads\/2025\/01\/Tamme_talu_urdiaed.png\",\"width\":560,\"height\":560,\"caption\":\"Tamme talu \u00fcrdiaed\"},\"image\":{\"@id\":\"https:\/\/tammetalu.eu\/#\/schema\/logo\/image\/\"},\"sameAs\":[\"https:\/\/www.facebook.com\/TammeTaluUrdiaed\/?locale=et_EE\",\"https:\/\/www.instagram.com\/tammetaluurdiaed\/\"]}]}<\/script>\n<!-- \/ Yoast SEO plugin. -->","yoast_head_json":{"title":"M\u00e4gi-piparrohi - Tamme talu \u00fcrdiaed","robots":{"index":"index","follow":"follow","max-snippet":"max-snippet:-1","max-image-preview":"max-image-preview:large","max-video-preview":"max-video-preview:-1"},"canonical":"https:\/\/tammetalu.eu\/toode\/magi-piparrohi\/","og_locale":"fi_FI","og_type":"article","og_title":"M\u00e4gi-piparrohi - Tamme talu \u00fcrdiaed","og_description":"Satureja montana  Nahkjate tumeroheliste v\u00e4heldaste lehtede ja valgete kuni valkjasroosade v\u00e4ikeste \u00f5itega v\u00e4ga k\u00fclmakindel aeglase kasvuga igihaljas taim. Aias edenemiseks vajab vett h\u00e4sti l\u00e4bi laskvat liivasegust mulda ja p\u00e4ikeselist v\u00f5i poolvarjulist kasvukohta. Aastaid v\u00f5ib kasvada \u00fchel ja samal kohal. Kevadel tuleb taime kindlasti p\u00fcgada, siis s\u00e4ilitab oma ilusa kasvukuju. Taime k\u00f5rgus 40-50 cm. Sobib kasvama kiviktaimlasse, \u00f5hema kuivema mullaga kasvukohta, kivide vahele. Saab p\u00fcgada madalaks hekiks, aga siis on \u00f5itsemine v\u00e4hene. Meeldib v\u00e4ga mesilastele. M\u00e4gi-piparrohi on oluliselt v\u00fcrtsikam oma maitselt kui aed-piparrohi (\u00fcheaastane).  K\u00f6\u00f6gis asendab maitse musta pipart. Piparrohu v\u00e4rske v\u00f5i kuivatatud \u00fcrdiga maitsestamine v\u00e4hendab soola vajadust toidus. Sobib oa, kartuli, aedvilja, liha ja kalaroogadele maitseandjaks.  Rahvameditsiinis kasutatakse piparrohtu eesk\u00e4tt s\u00f6\u00f6giisu ergutava ja seedimist soodustava vahendina.  Postiga saadetavad taimed pakime alati turvaliselt ja ilmastikukindlalt.","og_url":"https:\/\/tammetalu.eu\/toode\/magi-piparrohi\/","og_site_name":"Tamme talu \u00fcrdiaed","article_publisher":"https:\/\/www.facebook.com\/TammeTaluUrdiaed\/?locale=et_EE","article_modified_time":"2026-04-05T14:41:24+00:00","og_image":[{"width":1024,"height":1168,"url":"https:\/\/tammetalu.eu\/wp-content\/uploads\/2022\/08\/Magi_piparrohi-5.jpg","type":"image\/jpeg"}],"twitter_card":"summary_large_image","twitter_misc":{"Arvioitu lukuaika":"1 minuutti"},"schema":{"@context":"https:\/\/schema.org","@graph":[{"@type":"WebPage","@id":"https:\/\/tammetalu.eu\/toode\/magi-piparrohi\/","url":"https:\/\/tammetalu.eu\/toode\/magi-piparrohi\/","name":"M\u00e4gi-piparrohi - Tamme talu \u00fcrdiaed","isPartOf":{"@id":"https:\/\/tammetalu.eu\/#website"},"primaryImageOfPage":{"@id":"https:\/\/tammetalu.eu\/toode\/magi-piparrohi\/#primaryimage"},"image":{"@id":"https:\/\/tammetalu.eu\/toode\/magi-piparrohi\/#primaryimage"},"thumbnailUrl":"https:\/\/tammetalu.eu\/wp-content\/uploads\/2022\/08\/Magi_piparrohi-5.jpg","datePublished":"2022-08-09T06:07:24+00:00","dateModified":"2026-04-05T14:41:24+00:00","breadcrumb":{"@id":"https:\/\/tammetalu.eu\/toode\/magi-piparrohi\/#breadcrumb"},"inLanguage":"fi","potentialAction":[{"@type":"ReadAction","target":["https:\/\/tammetalu.eu\/toode\/magi-piparrohi\/"]}]},{"@type":"ImageObject","inLanguage":"fi","@id":"https:\/\/tammetalu.eu\/toode\/magi-piparrohi\/#primaryimage","url":"https:\/\/tammetalu.eu\/wp-content\/uploads\/2022\/08\/Magi_piparrohi-5.jpg","contentUrl":"https:\/\/tammetalu.eu\/wp-content\/uploads\/2022\/08\/Magi_piparrohi-5.jpg","width":1024,"height":1168},{"@type":"BreadcrumbList","@id":"https:\/\/tammetalu.eu\/toode\/magi-piparrohi\/#breadcrumb","itemListElement":[{"@type":"ListItem","position":1,"name":"Home","item":"https:\/\/tammetalu.eu\/fi\/etusivu\/"},{"@type":"ListItem","position":2,"name":"Kaikki tuotteet","item":"https:\/\/tammetalu.eu\/fi\/kaikki-tuotteet\/"},{"@type":"ListItem","position":3,"name":"M\u00e4gi-piparrohi"}]},{"@type":"WebSite","@id":"https:\/\/tammetalu.eu\/#website","url":"https:\/\/tammetalu.eu\/","name":"Tamme talu \u00fcrdiaed","description":"K\u00e4sit\u00f6\u00f6na valmistatud tooted \u00fcrtidest, \u00fcrdiistikud, \u00fcrtide kollektsioonaed","publisher":{"@id":"https:\/\/tammetalu.eu\/#organization"},"alternateName":"Tamme talu","potentialAction":[{"@type":"SearchAction","target":{"@type":"EntryPoint","urlTemplate":"https:\/\/tammetalu.eu\/?s={search_term_string}"},"query-input":{"@type":"PropertyValueSpecification","valueRequired":true,"valueName":"search_term_string"}}],"inLanguage":"fi"},{"@type":"Organization","@id":"https:\/\/tammetalu.eu\/#organization","name":"Tamme talu \u00fcrdiaed","alternateName":"Tamme talu","url":"https:\/\/tammetalu.eu\/","logo":{"@type":"ImageObject","inLanguage":"fi","@id":"https:\/\/tammetalu.eu\/#\/schema\/logo\/image\/","url":"https:\/\/tammetalu.eu\/wp-content\/uploads\/2025\/01\/Tamme_talu_urdiaed.png","contentUrl":"https:\/\/tammetalu.eu\/wp-content\/uploads\/2025\/01\/Tamme_talu_urdiaed.png","width":560,"height":560,"caption":"Tamme talu \u00fcrdiaed"},"image":{"@id":"https:\/\/tammetalu.eu\/#\/schema\/logo\/image\/"},"sameAs":["https:\/\/www.facebook.com\/TammeTaluUrdiaed\/?locale=et_EE","https:\/\/www.instagram.com\/tammetaluurdiaed\/"]}]}},"_links":{"self":[{"href":"https:\/\/tammetalu.eu\/fi\/wp-json\/wp\/v2\/product\/15895","targetHints":{"allow":["GET"]}}],"collection":[{"href":"https:\/\/tammetalu.eu\/fi\/wp-json\/wp\/v2\/product"}],"about":[{"href":"https:\/\/tammetalu.eu\/fi\/wp-json\/wp\/v2\/types\/product"}],"wp:featuredmedia":[{"embeddable":true,"href":"https:\/\/tammetalu.eu\/fi\/wp-json\/wp\/v2\/media\/16040"}],"wp:attachment":[{"href":"https:\/\/tammetalu.eu\/fi\/wp-json\/wp\/v2\/media?parent=15895"}],"wp:term":[{"taxonomy":"product_brand","embeddable":true,"href":"https:\/\/tammetalu.eu\/fi\/wp-json\/wp\/v2\/product_brand?post=15895"},{"taxonomy":"product_cat","embeddable":true,"href":"https:\/\/tammetalu.eu\/fi\/wp-json\/wp\/v2\/product_cat?post=15895"},{"taxonomy":"product_tag","embeddable":true,"href":"https:\/\/tammetalu.eu\/fi\/wp-json\/wp\/v2\/product_tag?post=15895"}],"curies":[{"name":"wp","href":"https:\/\/api.w.org\/{rel}","templated":true}]}}