{"id":15899,"date":"2022-08-09T09:07:25","date_gmt":"2022-08-09T06:07:25","guid":{"rendered":"https:\/\/tammetalu.eu?post_type=product&#038;p=15899"},"modified":"2026-04-16T17:03:02","modified_gmt":"2026-04-16T14:03:02","slug":"melon-maavits","status":"publish","type":"product","link":"https:\/\/tammetalu.eu\/fi\/toode\/melon-maavits\/","title":{"rendered":"Melon-maavits ehk pepiino Solanum muricatum"},"content":{"rendered":"","protected":false},"excerpt":{"rendered":"<p><em>Solanum muricatum<\/em><\/p>\n<p>Melon-maavits on v\u00e4ga dekoratiivsete l\u00e4ikivate s\u00fcgavroheliste lehtede ja ilusate helelillade \u00f5itega k\u00fclmahell p\u00fcsik L\u00f5una-Ameerikast.<\/p>\n<p>Viljad, mida nimetatakse pepiinodeks, on umbes rusikasuurused. Algselt rohelised viljad muutuvad valmides kollaseks, tarbimisk\u00fcpsuse saabudes tulevad n\u00e4htavale pruunikaslillad triibud.<\/p>\n<p>Viljad valmivad tavaliselt septembris-oktoobris ja viljaliha maitseb nagu melon ja pirn \u00fcheaegselt. K\u00fcps viljaliha on m\u00f5nusalt magus ja pehme, mida saab s\u00fc\u00fca lusikaga nagu k\u00fcpset kiivit.<\/p>\n<p>Taime k\u00f5rgus umbes 70-100 cm, kasvuhoones kasvatamisel v\u00f5ib sirguda kuni 2 meetriseks. Kasvamiseks vajab sooja ja p\u00e4ikeselist kuni poolvarjulist kasvukohta ja viljakat vett l\u00e4bi laskvat tavalist aiamulda.<\/p>\n<p>Melon-maavitsa soovitan kasvatada potitaimena r\u00f5dul ja terrassil nagu ilutaime juba ainu\u00fcksi tema ilusa l\u00e4ikiva ja terve lehestiku t\u00f5ttu. Lisaks on v\u00e4ga kenad ka taime \u00f5ied ja maitsvad viljad. Talub aias veidi kergemaid k\u00fclmakraade (kuni -3 C), kuid s\u00fcgisk\u00fclmade saabudes\u00a0 soovitan taimed siseruumidesse talvituma t\u00f5sta. Soojema talve korral on v\u00f5imalik, et taim elab rahuldavalt talve \u00fcle kuivas kasvuhoones. Talvel kaotab taim oma lehed, kuid kevadel lehtib uuesti.<\/p>\n<p>Paljundada saab melon maavitsa nii seemnete kui pistikutega. K\u00f5rgus 70-100 cm. Laius kuni 50 cm. \u00d5itsemisaeg juuli-september. Kasvukoht p\u00e4ikeseline kuni poolvarjuline.<\/p>\n","protected":false},"featured_media":23757,"template":"","meta":{"_acf_changed":false,"_et_pb_use_builder":"","_et_pb_old_content":"","_et_gb_content_width":"","inline_featured_image":false},"product_brand":[],"product_cat":[247,186,203],"product_tag":[],"class_list":{"0":"post-15899","1":"product","2":"type-product","3":"status-publish","4":"has-post-thumbnail","6":"product_cat-rohenappude-lemmikud","7":"product_cat-maitse-ja-ravimtaimede-istikud","8":"product_cat-ponevad-koogiviljad","10":"first","11":"outofstock","12":"sale","13":"taxable","14":"shipping-taxable","15":"purchasable","16":"product-type-simple"},"acf":[],"yoast_head":"<!-- This site is optimized with the Yoast SEO plugin v26.4 - https:\/\/yoast.com\/wordpress\/plugins\/seo\/ -->\n<title>Melon-maavits ehk pepiino Solanum muricatum - Tamme talu \u00fcrdiaed<\/title>\n<meta name=\"description\" content=\"Melon-maavits on v\u00e4ga dekoratiivsete l\u00e4ikivate s\u00fcgavroheliste lehtede ja ilusate helelillade \u00f5itega k\u00fclmahell p\u00fcsik L\u00f5una-Ameerikast. Viljad, mida nimetatakse pepiinodeks, on umbes rusikasuurused. Algselt rohelised viljad muutuvad valmides kollaseks, tarbimisk\u00fcpsuse saabudes tulevad n\u00e4htavale pruunikaslillad triibud.\" \/>\n<meta name=\"robots\" content=\"index, follow, max-snippet:-1, max-image-preview:large, max-video-preview:-1\" \/>\n<link rel=\"canonical\" href=\"https:\/\/tammetalu.eu\/toode\/melon-maavits\/\" \/>\n<meta property=\"og:locale\" content=\"fi_FI\" \/>\n<meta property=\"og:type\" content=\"article\" \/>\n<meta property=\"og:title\" content=\"Melon-maavits ehk pepiino Solanum muricatum - Tamme talu \u00fcrdiaed\" \/>\n<meta property=\"og:description\" content=\"Melon-maavits on v\u00e4ga dekoratiivsete l\u00e4ikivate s\u00fcgavroheliste lehtede ja ilusate helelillade \u00f5itega k\u00fclmahell p\u00fcsik L\u00f5una-Ameerikast. Viljad, mida nimetatakse pepiinodeks, on umbes rusikasuurused. Algselt rohelised viljad muutuvad valmides kollaseks, tarbimisk\u00fcpsuse saabudes tulevad n\u00e4htavale pruunikaslillad triibud.\" \/>\n<meta property=\"og:url\" content=\"https:\/\/tammetalu.eu\/toode\/melon-maavits\/\" \/>\n<meta property=\"og:site_name\" content=\"Tamme talu \u00fcrdiaed\" \/>\n<meta property=\"article:publisher\" content=\"https:\/\/www.facebook.com\/TammeTaluUrdiaed\/?locale=et_EE\" \/>\n<meta property=\"article:modified_time\" content=\"2026-04-16T14:03:02+00:00\" \/>\n<meta property=\"og:image\" content=\"https:\/\/tammetalu.eu\/wp-content\/uploads\/2022\/08\/Melon_maavits_tamme_talu_urdiaed.jpg\" \/>\n\t<meta property=\"og:image:width\" content=\"1024\" \/>\n\t<meta property=\"og:image:height\" content=\"1534\" \/>\n\t<meta property=\"og:image:type\" content=\"image\/jpeg\" \/>\n<meta name=\"twitter:card\" content=\"summary_large_image\" \/>\n<meta name=\"twitter:label1\" content=\"Arvioitu lukuaika\" \/>\n\t<meta name=\"twitter:data1\" content=\"1 minuutti\" \/>\n<script type=\"application\/ld+json\" class=\"yoast-schema-graph\">{\"@context\":\"https:\/\/schema.org\",\"@graph\":[{\"@type\":\"WebPage\",\"@id\":\"https:\/\/tammetalu.eu\/toode\/melon-maavits\/\",\"url\":\"https:\/\/tammetalu.eu\/toode\/melon-maavits\/\",\"name\":\"Melon-maavits ehk pepiino Solanum muricatum - Tamme talu \u00fcrdiaed\",\"isPartOf\":{\"@id\":\"https:\/\/tammetalu.eu\/#website\"},\"primaryImageOfPage\":{\"@id\":\"https:\/\/tammetalu.eu\/toode\/melon-maavits\/#primaryimage\"},\"image\":{\"@id\":\"https:\/\/tammetalu.eu\/toode\/melon-maavits\/#primaryimage\"},\"thumbnailUrl\":\"https:\/\/tammetalu.eu\/wp-content\/uploads\/2022\/08\/Melon_maavits_tamme_talu_urdiaed.jpg\",\"datePublished\":\"2022-08-09T06:07:25+00:00\",\"dateModified\":\"2026-04-16T14:03:02+00:00\",\"description\":\"Melon-maavits on v\u00e4ga dekoratiivsete l\u00e4ikivate s\u00fcgavroheliste lehtede ja ilusate helelillade \u00f5itega k\u00fclmahell p\u00fcsik L\u00f5una-Ameerikast. Viljad, mida nimetatakse pepiinodeks, on umbes rusikasuurused. Algselt rohelised viljad muutuvad valmides kollaseks, tarbimisk\u00fcpsuse saabudes tulevad n\u00e4htavale pruunikaslillad triibud.\",\"breadcrumb\":{\"@id\":\"https:\/\/tammetalu.eu\/toode\/melon-maavits\/#breadcrumb\"},\"inLanguage\":\"fi\",\"potentialAction\":[{\"@type\":\"ReadAction\",\"target\":[\"https:\/\/tammetalu.eu\/toode\/melon-maavits\/\"]}]},{\"@type\":\"ImageObject\",\"inLanguage\":\"fi\",\"@id\":\"https:\/\/tammetalu.eu\/toode\/melon-maavits\/#primaryimage\",\"url\":\"https:\/\/tammetalu.eu\/wp-content\/uploads\/2022\/08\/Melon_maavits_tamme_talu_urdiaed.jpg\",\"contentUrl\":\"https:\/\/tammetalu.eu\/wp-content\/uploads\/2022\/08\/Melon_maavits_tamme_talu_urdiaed.jpg\",\"width\":1024,\"height\":1534,\"caption\":\"Melon_maavits_tamme_talu_urdiaed\"},{\"@type\":\"BreadcrumbList\",\"@id\":\"https:\/\/tammetalu.eu\/toode\/melon-maavits\/#breadcrumb\",\"itemListElement\":[{\"@type\":\"ListItem\",\"position\":1,\"name\":\"Home\",\"item\":\"https:\/\/tammetalu.eu\/fi\/etusivu\/\"},{\"@type\":\"ListItem\",\"position\":2,\"name\":\"Kaikki tuotteet\",\"item\":\"https:\/\/tammetalu.eu\/fi\/kaikki-tuotteet\/\"},{\"@type\":\"ListItem\",\"position\":3,\"name\":\"Melon-maavits ehk pepiino Solanum muricatum\"}]},{\"@type\":\"WebSite\",\"@id\":\"https:\/\/tammetalu.eu\/#website\",\"url\":\"https:\/\/tammetalu.eu\/\",\"name\":\"Tamme talu \u00fcrdiaed\",\"description\":\"K\u00e4sit\u00f6\u00f6na valmistatud tooted \u00fcrtidest, \u00fcrdiistikud, \u00fcrtide kollektsioonaed\",\"publisher\":{\"@id\":\"https:\/\/tammetalu.eu\/#organization\"},\"alternateName\":\"Tamme talu\",\"potentialAction\":[{\"@type\":\"SearchAction\",\"target\":{\"@type\":\"EntryPoint\",\"urlTemplate\":\"https:\/\/tammetalu.eu\/?s={search_term_string}\"},\"query-input\":{\"@type\":\"PropertyValueSpecification\",\"valueRequired\":true,\"valueName\":\"search_term_string\"}}],\"inLanguage\":\"fi\"},{\"@type\":\"Organization\",\"@id\":\"https:\/\/tammetalu.eu\/#organization\",\"name\":\"Tamme talu \u00fcrdiaed\",\"alternateName\":\"Tamme talu\",\"url\":\"https:\/\/tammetalu.eu\/\",\"logo\":{\"@type\":\"ImageObject\",\"inLanguage\":\"fi\",\"@id\":\"https:\/\/tammetalu.eu\/#\/schema\/logo\/image\/\",\"url\":\"https:\/\/tammetalu.eu\/wp-content\/uploads\/2025\/01\/Tamme_talu_urdiaed.png\",\"contentUrl\":\"https:\/\/tammetalu.eu\/wp-content\/uploads\/2025\/01\/Tamme_talu_urdiaed.png\",\"width\":560,\"height\":560,\"caption\":\"Tamme talu \u00fcrdiaed\"},\"image\":{\"@id\":\"https:\/\/tammetalu.eu\/#\/schema\/logo\/image\/\"},\"sameAs\":[\"https:\/\/www.facebook.com\/TammeTaluUrdiaed\/?locale=et_EE\",\"https:\/\/www.instagram.com\/tammetaluurdiaed\/\"]}]}<\/script>\n<!-- \/ Yoast SEO plugin. -->","yoast_head_json":{"title":"Melon-maavits ehk pepiino Solanum muricatum - Tamme talu \u00fcrdiaed","description":"Melon-maavits on v\u00e4ga dekoratiivsete l\u00e4ikivate s\u00fcgavroheliste lehtede ja ilusate helelillade \u00f5itega k\u00fclmahell p\u00fcsik L\u00f5una-Ameerikast. Viljad, mida nimetatakse pepiinodeks, on umbes rusikasuurused. Algselt rohelised viljad muutuvad valmides kollaseks, tarbimisk\u00fcpsuse saabudes tulevad n\u00e4htavale pruunikaslillad triibud.","robots":{"index":"index","follow":"follow","max-snippet":"max-snippet:-1","max-image-preview":"max-image-preview:large","max-video-preview":"max-video-preview:-1"},"canonical":"https:\/\/tammetalu.eu\/toode\/melon-maavits\/","og_locale":"fi_FI","og_type":"article","og_title":"Melon-maavits ehk pepiino Solanum muricatum - Tamme talu \u00fcrdiaed","og_description":"Melon-maavits on v\u00e4ga dekoratiivsete l\u00e4ikivate s\u00fcgavroheliste lehtede ja ilusate helelillade \u00f5itega k\u00fclmahell p\u00fcsik L\u00f5una-Ameerikast. Viljad, mida nimetatakse pepiinodeks, on umbes rusikasuurused. Algselt rohelised viljad muutuvad valmides kollaseks, tarbimisk\u00fcpsuse saabudes tulevad n\u00e4htavale pruunikaslillad triibud.","og_url":"https:\/\/tammetalu.eu\/toode\/melon-maavits\/","og_site_name":"Tamme talu \u00fcrdiaed","article_publisher":"https:\/\/www.facebook.com\/TammeTaluUrdiaed\/?locale=et_EE","article_modified_time":"2026-04-16T14:03:02+00:00","og_image":[{"width":1024,"height":1534,"url":"https:\/\/tammetalu.eu\/wp-content\/uploads\/2022\/08\/Melon_maavits_tamme_talu_urdiaed.jpg","type":"image\/jpeg"}],"twitter_card":"summary_large_image","twitter_misc":{"Arvioitu lukuaika":"1 minuutti"},"schema":{"@context":"https:\/\/schema.org","@graph":[{"@type":"WebPage","@id":"https:\/\/tammetalu.eu\/toode\/melon-maavits\/","url":"https:\/\/tammetalu.eu\/toode\/melon-maavits\/","name":"Melon-maavits ehk pepiino Solanum muricatum - Tamme talu \u00fcrdiaed","isPartOf":{"@id":"https:\/\/tammetalu.eu\/#website"},"primaryImageOfPage":{"@id":"https:\/\/tammetalu.eu\/toode\/melon-maavits\/#primaryimage"},"image":{"@id":"https:\/\/tammetalu.eu\/toode\/melon-maavits\/#primaryimage"},"thumbnailUrl":"https:\/\/tammetalu.eu\/wp-content\/uploads\/2022\/08\/Melon_maavits_tamme_talu_urdiaed.jpg","datePublished":"2022-08-09T06:07:25+00:00","dateModified":"2026-04-16T14:03:02+00:00","description":"Melon-maavits on v\u00e4ga dekoratiivsete l\u00e4ikivate s\u00fcgavroheliste lehtede ja ilusate helelillade \u00f5itega k\u00fclmahell p\u00fcsik L\u00f5una-Ameerikast. Viljad, mida nimetatakse pepiinodeks, on umbes rusikasuurused. Algselt rohelised viljad muutuvad valmides kollaseks, tarbimisk\u00fcpsuse saabudes tulevad n\u00e4htavale pruunikaslillad triibud.","breadcrumb":{"@id":"https:\/\/tammetalu.eu\/toode\/melon-maavits\/#breadcrumb"},"inLanguage":"fi","potentialAction":[{"@type":"ReadAction","target":["https:\/\/tammetalu.eu\/toode\/melon-maavits\/"]}]},{"@type":"ImageObject","inLanguage":"fi","@id":"https:\/\/tammetalu.eu\/toode\/melon-maavits\/#primaryimage","url":"https:\/\/tammetalu.eu\/wp-content\/uploads\/2022\/08\/Melon_maavits_tamme_talu_urdiaed.jpg","contentUrl":"https:\/\/tammetalu.eu\/wp-content\/uploads\/2022\/08\/Melon_maavits_tamme_talu_urdiaed.jpg","width":1024,"height":1534,"caption":"Melon_maavits_tamme_talu_urdiaed"},{"@type":"BreadcrumbList","@id":"https:\/\/tammetalu.eu\/toode\/melon-maavits\/#breadcrumb","itemListElement":[{"@type":"ListItem","position":1,"name":"Home","item":"https:\/\/tammetalu.eu\/fi\/etusivu\/"},{"@type":"ListItem","position":2,"name":"Kaikki tuotteet","item":"https:\/\/tammetalu.eu\/fi\/kaikki-tuotteet\/"},{"@type":"ListItem","position":3,"name":"Melon-maavits ehk pepiino Solanum muricatum"}]},{"@type":"WebSite","@id":"https:\/\/tammetalu.eu\/#website","url":"https:\/\/tammetalu.eu\/","name":"Tamme talu \u00fcrdiaed","description":"K\u00e4sit\u00f6\u00f6na valmistatud tooted \u00fcrtidest, \u00fcrdiistikud, \u00fcrtide kollektsioonaed","publisher":{"@id":"https:\/\/tammetalu.eu\/#organization"},"alternateName":"Tamme talu","potentialAction":[{"@type":"SearchAction","target":{"@type":"EntryPoint","urlTemplate":"https:\/\/tammetalu.eu\/?s={search_term_string}"},"query-input":{"@type":"PropertyValueSpecification","valueRequired":true,"valueName":"search_term_string"}}],"inLanguage":"fi"},{"@type":"Organization","@id":"https:\/\/tammetalu.eu\/#organization","name":"Tamme talu \u00fcrdiaed","alternateName":"Tamme talu","url":"https:\/\/tammetalu.eu\/","logo":{"@type":"ImageObject","inLanguage":"fi","@id":"https:\/\/tammetalu.eu\/#\/schema\/logo\/image\/","url":"https:\/\/tammetalu.eu\/wp-content\/uploads\/2025\/01\/Tamme_talu_urdiaed.png","contentUrl":"https:\/\/tammetalu.eu\/wp-content\/uploads\/2025\/01\/Tamme_talu_urdiaed.png","width":560,"height":560,"caption":"Tamme talu \u00fcrdiaed"},"image":{"@id":"https:\/\/tammetalu.eu\/#\/schema\/logo\/image\/"},"sameAs":["https:\/\/www.facebook.com\/TammeTaluUrdiaed\/?locale=et_EE","https:\/\/www.instagram.com\/tammetaluurdiaed\/"]}]}},"_links":{"self":[{"href":"https:\/\/tammetalu.eu\/fi\/wp-json\/wp\/v2\/product\/15899","targetHints":{"allow":["GET"]}}],"collection":[{"href":"https:\/\/tammetalu.eu\/fi\/wp-json\/wp\/v2\/product"}],"about":[{"href":"https:\/\/tammetalu.eu\/fi\/wp-json\/wp\/v2\/types\/product"}],"wp:featuredmedia":[{"embeddable":true,"href":"https:\/\/tammetalu.eu\/fi\/wp-json\/wp\/v2\/media\/23757"}],"wp:attachment":[{"href":"https:\/\/tammetalu.eu\/fi\/wp-json\/wp\/v2\/media?parent=15899"}],"wp:term":[{"taxonomy":"product_brand","embeddable":true,"href":"https:\/\/tammetalu.eu\/fi\/wp-json\/wp\/v2\/product_brand?post=15899"},{"taxonomy":"product_cat","embeddable":true,"href":"https:\/\/tammetalu.eu\/fi\/wp-json\/wp\/v2\/product_cat?post=15899"},{"taxonomy":"product_tag","embeddable":true,"href":"https:\/\/tammetalu.eu\/fi\/wp-json\/wp\/v2\/product_tag?post=15899"}],"curies":[{"name":"wp","href":"https:\/\/api.w.org\/{rel}","templated":true}]}}