{"id":15946,"date":"2022-08-09T09:07:52","date_gmt":"2022-08-09T06:07:52","guid":{"rendered":"https:\/\/tammetalu.eu?post_type=product&#038;p=15946"},"modified":"2026-04-19T14:41:58","modified_gmt":"2026-04-19T11:41:58","slug":"harilik-pune","status":"publish","type":"product","link":"https:\/\/tammetalu.eu\/fi\/toode\/harilik-pune\/","title":{"rendered":"Harilik pune Origanum vulgare"},"content":{"rendered":"","protected":false},"excerpt":{"rendered":"<p>Harilik pune Origanum vulgare<\/p>\n<p>LAT: \u00a0<em>Origanum vulgare<\/em><\/p>\n<p>ENG:\u00a0 Oregano<\/p>\n<p>RU: \u00a0\u0414\u0443\u0448\u0438\u0446\u0430 \u043e\u0431\u044b\u043a\u043d\u043e\u0432\u0435\u043d\u043d\u0430\u044f<\/p>\n<p>FI: \u00a0M\u00e4kimeirami<\/p>\n<p>Harilik pune on Eesti looduses p\u00fcsikuna kasvav niidutaim. Taimel on rohelised piklikmunajad terveservalised lehekesed ja heleroosad kuni tumeroosad \u00f5isikud. Sirgub kuni 60 cm k\u00f5rguseks. Punele sobib \u00a0kuivapoolne kuni parasniiske aiamuld ja t\u00e4isp\u00e4ikeseline kuni poolvarjuline kasvukoht. Pune on mesilaste ja liblikate vaieldamatu lemmik aias. Pune on v\u00e4ga hea kuivema mullaga istutusalade, loodusaia ja lilleniidu taim, kuna \u00f5itseb pikalt, meelitab rohkelt tolmeldajaid ja \u00a0\u00f5itsemise ajal levib pune kasvukohas v\u00e4ga meeldiv l\u00f5hn. \u00d5itsev pune l\u00f5hnab nagu s\u00fcdasuvi.<\/p>\n<p>Punet v\u00f5ib suve jooksul mitmeid kordi julgelt k\u00e4rpida, seda ilusam ja kompaktsem taim v\u00e4lja n\u00e4eb. \u00a0On v\u00e4ga v\u00e4hen\u00f5udlik ja sobib suurep\u00e4raselt kasvatamiseks igale algajale aiapidajale. K\u00f6\u00f6gis kasutatakse punet eriti liha, juustu ja tomati maitsestamiseks. Ja muidugi Itaalia, Kreeka ja Mehhiko k\u00f6\u00f6gist inspireeritud road, need lausa n\u00f5uavad pune lisamist roogadesse. Pune lehti ja \u00f5isikuid saab kasutada aedvilja- ja pastatoitude, kana- ja sealiharoogade maitsestamiseks. Rahva seas levinud pune nimi on vorstirohi, sest \u00fckski h\u00e4sti maitsestatud veri- v\u00f5i tavaline vorst ilma puneta kuidagi l\u00e4bi ei saa.<\/p>\n<p>Rahvameditsiinis tarvitatakse pune teed k\u00f6ha ja k\u00fclmetuse puhul ja \u00f5htuseks rahustavaks joogiks. Punet peetakse naiste taimeks, mis aitavat naist tema s\u00fcnnist kuni surmani. Punest valmistatud teed ei soovitata pidevalt tarbida raseduse ajal.<\/p>\n<p>\u201eSeal kus on pune, sinna kurat ei tule\u201c<\/p>\n<p>K\u00f5rgus: kuni 0,60 m<\/p>\n<p>\u00d5itsemise aeg: VI-VIII<\/p>\n<p>Talvekindlus: t\u00e4iesti talvekindel<\/p>\n<p>Poti suurus: 9-12<\/p>\n","protected":false},"featured_media":16074,"template":"","meta":{"_acf_changed":false,"_et_pb_use_builder":"","_et_pb_old_content":"","_et_gb_content_width":"","inline_featured_image":false},"product_brand":[],"product_cat":[247,186,198],"product_tag":[],"class_list":{"0":"post-15946","1":"product","2":"type-product","3":"status-publish","4":"has-post-thumbnail","6":"product_cat-rohenappude-lemmikud","7":"product_cat-maitse-ja-ravimtaimede-istikud","8":"product_cat-puned","10":"first","11":"instock","12":"sale","13":"taxable","14":"shipping-taxable","15":"purchasable","16":"product-type-simple"},"acf":[],"yoast_head":"<!-- This site is optimized with the Yoast SEO plugin v26.4 - https:\/\/yoast.com\/wordpress\/plugins\/seo\/ -->\n<title>Harilik pune Origanum vulgare - Tamme talu \u00fcrdiaed<\/title>\n<meta name=\"robots\" content=\"index, follow, max-snippet:-1, max-image-preview:large, max-video-preview:-1\" \/>\n<link rel=\"canonical\" href=\"https:\/\/tammetalu.eu\/toode\/harilik-pune\/\" \/>\n<meta property=\"og:locale\" content=\"fi_FI\" \/>\n<meta property=\"og:type\" content=\"article\" \/>\n<meta property=\"og:title\" content=\"Harilik pune Origanum vulgare - Tamme talu \u00fcrdiaed\" \/>\n<meta property=\"og:description\" content=\"Harilik pune Origanum vulgare  LAT: \u00a0Origanum vulgare  ENG:\u00a0 Oregano  RU: \u00a0\u0414\u0443\u0448\u0438\u0446\u0430 \u043e\u0431\u044b\u043a\u043d\u043e\u0432\u0435\u043d\u043d\u0430\u044f  FI: \u00a0M\u00e4kimeirami  Harilik pune on Eesti looduses p\u00fcsikuna kasvav niidutaim. Taimel on rohelised piklikmunajad terveservalised lehekesed ja heleroosad kuni tumeroosad \u00f5isikud. Sirgub kuni 60 cm k\u00f5rguseks. Punele sobib \u00a0kuivapoolne kuni parasniiske aiamuld ja t\u00e4isp\u00e4ikeseline kuni poolvarjuline kasvukoht. Pune on mesilaste ja liblikate vaieldamatu lemmik aias. Pune on v\u00e4ga hea kuivema mullaga istutusalade, loodusaia ja lilleniidu taim, kuna \u00f5itseb pikalt, meelitab rohkelt tolmeldajaid ja \u00a0\u00f5itsemise ajal levib pune kasvukohas v\u00e4ga meeldiv l\u00f5hn. \u00d5itsev pune l\u00f5hnab nagu s\u00fcdasuvi.  Punet v\u00f5ib suve jooksul mitmeid kordi julgelt k\u00e4rpida, seda ilusam ja kompaktsem taim v\u00e4lja n\u00e4eb. \u00a0On v\u00e4ga v\u00e4hen\u00f5udlik ja sobib suurep\u00e4raselt kasvatamiseks igale algajale aiapidajale. K\u00f6\u00f6gis kasutatakse punet eriti liha, juustu ja tomati maitsestamiseks. Ja muidugi Itaalia, Kreeka ja Mehhiko k\u00f6\u00f6gist inspireeritud road, need lausa n\u00f5uavad pune lisamist roogadesse. Pune lehti ja \u00f5isikuid saab kasutada aedvilja- ja pastatoitude, kana- ja sealiharoogade maitsestamiseks. Rahva seas levinud pune nimi on vorstirohi, sest \u00fckski h\u00e4sti maitsestatud veri- v\u00f5i tavaline vorst ilma puneta kuidagi l\u00e4bi ei saa.  Rahvameditsiinis tarvitatakse pune teed k\u00f6ha ja k\u00fclmetuse puhul ja \u00f5htuseks rahustavaks joogiks. Punet peetakse naiste taimeks, mis aitavat naist tema s\u00fcnnist kuni surmani. Punest valmistatud teed ei soovitata pidevalt tarbida raseduse ajal.  \u201eSeal kus on pune, sinna kurat ei tule\u201c  K\u00f5rgus: kuni 0,60 m  \u00d5itsemise aeg: VI-VIII  Talvekindlus: t\u00e4iesti talvekindel  Poti suurus: 9-12\" \/>\n<meta property=\"og:url\" content=\"https:\/\/tammetalu.eu\/toode\/harilik-pune\/\" \/>\n<meta property=\"og:site_name\" content=\"Tamme talu \u00fcrdiaed\" \/>\n<meta property=\"article:publisher\" content=\"https:\/\/www.facebook.com\/TammeTaluUrdiaed\/?locale=et_EE\" \/>\n<meta property=\"article:modified_time\" content=\"2026-04-19T11:41:58+00:00\" \/>\n<meta property=\"og:image\" content=\"https:\/\/tammetalu.eu\/wp-content\/uploads\/2022\/08\/Harilik_pune-1-5.jpg\" \/>\n\t<meta property=\"og:image:width\" content=\"1024\" \/>\n\t<meta property=\"og:image:height\" content=\"1542\" \/>\n\t<meta property=\"og:image:type\" content=\"image\/jpeg\" \/>\n<meta name=\"twitter:card\" content=\"summary_large_image\" \/>\n<meta name=\"twitter:label1\" content=\"Arvioitu lukuaika\" \/>\n\t<meta name=\"twitter:data1\" content=\"1 minuutti\" \/>\n<script type=\"application\/ld+json\" class=\"yoast-schema-graph\">{\"@context\":\"https:\/\/schema.org\",\"@graph\":[{\"@type\":\"WebPage\",\"@id\":\"https:\/\/tammetalu.eu\/toode\/harilik-pune\/\",\"url\":\"https:\/\/tammetalu.eu\/toode\/harilik-pune\/\",\"name\":\"Harilik pune Origanum vulgare - Tamme talu \u00fcrdiaed\",\"isPartOf\":{\"@id\":\"https:\/\/tammetalu.eu\/#website\"},\"primaryImageOfPage\":{\"@id\":\"https:\/\/tammetalu.eu\/toode\/harilik-pune\/#primaryimage\"},\"image\":{\"@id\":\"https:\/\/tammetalu.eu\/toode\/harilik-pune\/#primaryimage\"},\"thumbnailUrl\":\"https:\/\/tammetalu.eu\/wp-content\/uploads\/2022\/08\/Harilik_pune-1-5.jpg\",\"datePublished\":\"2022-08-09T06:07:52+00:00\",\"dateModified\":\"2026-04-19T11:41:58+00:00\",\"breadcrumb\":{\"@id\":\"https:\/\/tammetalu.eu\/toode\/harilik-pune\/#breadcrumb\"},\"inLanguage\":\"fi\",\"potentialAction\":[{\"@type\":\"ReadAction\",\"target\":[\"https:\/\/tammetalu.eu\/toode\/harilik-pune\/\"]}]},{\"@type\":\"ImageObject\",\"inLanguage\":\"fi\",\"@id\":\"https:\/\/tammetalu.eu\/toode\/harilik-pune\/#primaryimage\",\"url\":\"https:\/\/tammetalu.eu\/wp-content\/uploads\/2022\/08\/Harilik_pune-1-5.jpg\",\"contentUrl\":\"https:\/\/tammetalu.eu\/wp-content\/uploads\/2022\/08\/Harilik_pune-1-5.jpg\",\"width\":1024,\"height\":1542},{\"@type\":\"BreadcrumbList\",\"@id\":\"https:\/\/tammetalu.eu\/toode\/harilik-pune\/#breadcrumb\",\"itemListElement\":[{\"@type\":\"ListItem\",\"position\":1,\"name\":\"Home\",\"item\":\"https:\/\/tammetalu.eu\/fi\/etusivu\/\"},{\"@type\":\"ListItem\",\"position\":2,\"name\":\"Kaikki tuotteet\",\"item\":\"https:\/\/tammetalu.eu\/fi\/kaikki-tuotteet\/\"},{\"@type\":\"ListItem\",\"position\":3,\"name\":\"Harilik pune Origanum vulgare\"}]},{\"@type\":\"WebSite\",\"@id\":\"https:\/\/tammetalu.eu\/#website\",\"url\":\"https:\/\/tammetalu.eu\/\",\"name\":\"Tamme talu \u00fcrdiaed\",\"description\":\"K\u00e4sit\u00f6\u00f6na valmistatud tooted \u00fcrtidest, \u00fcrdiistikud, \u00fcrtide kollektsioonaed\",\"publisher\":{\"@id\":\"https:\/\/tammetalu.eu\/#organization\"},\"alternateName\":\"Tamme talu\",\"potentialAction\":[{\"@type\":\"SearchAction\",\"target\":{\"@type\":\"EntryPoint\",\"urlTemplate\":\"https:\/\/tammetalu.eu\/?s={search_term_string}\"},\"query-input\":{\"@type\":\"PropertyValueSpecification\",\"valueRequired\":true,\"valueName\":\"search_term_string\"}}],\"inLanguage\":\"fi\"},{\"@type\":\"Organization\",\"@id\":\"https:\/\/tammetalu.eu\/#organization\",\"name\":\"Tamme talu \u00fcrdiaed\",\"alternateName\":\"Tamme talu\",\"url\":\"https:\/\/tammetalu.eu\/\",\"logo\":{\"@type\":\"ImageObject\",\"inLanguage\":\"fi\",\"@id\":\"https:\/\/tammetalu.eu\/#\/schema\/logo\/image\/\",\"url\":\"https:\/\/tammetalu.eu\/wp-content\/uploads\/2025\/01\/Tamme_talu_urdiaed.png\",\"contentUrl\":\"https:\/\/tammetalu.eu\/wp-content\/uploads\/2025\/01\/Tamme_talu_urdiaed.png\",\"width\":560,\"height\":560,\"caption\":\"Tamme talu \u00fcrdiaed\"},\"image\":{\"@id\":\"https:\/\/tammetalu.eu\/#\/schema\/logo\/image\/\"},\"sameAs\":[\"https:\/\/www.facebook.com\/TammeTaluUrdiaed\/?locale=et_EE\",\"https:\/\/www.instagram.com\/tammetaluurdiaed\/\"]}]}<\/script>\n<!-- \/ Yoast SEO plugin. -->","yoast_head_json":{"title":"Harilik pune Origanum vulgare - Tamme talu \u00fcrdiaed","robots":{"index":"index","follow":"follow","max-snippet":"max-snippet:-1","max-image-preview":"max-image-preview:large","max-video-preview":"max-video-preview:-1"},"canonical":"https:\/\/tammetalu.eu\/toode\/harilik-pune\/","og_locale":"fi_FI","og_type":"article","og_title":"Harilik pune Origanum vulgare - Tamme talu \u00fcrdiaed","og_description":"Harilik pune Origanum vulgare  LAT: \u00a0Origanum vulgare  ENG:\u00a0 Oregano  RU: \u00a0\u0414\u0443\u0448\u0438\u0446\u0430 \u043e\u0431\u044b\u043a\u043d\u043e\u0432\u0435\u043d\u043d\u0430\u044f  FI: \u00a0M\u00e4kimeirami  Harilik pune on Eesti looduses p\u00fcsikuna kasvav niidutaim. Taimel on rohelised piklikmunajad terveservalised lehekesed ja heleroosad kuni tumeroosad \u00f5isikud. Sirgub kuni 60 cm k\u00f5rguseks. Punele sobib \u00a0kuivapoolne kuni parasniiske aiamuld ja t\u00e4isp\u00e4ikeseline kuni poolvarjuline kasvukoht. Pune on mesilaste ja liblikate vaieldamatu lemmik aias. Pune on v\u00e4ga hea kuivema mullaga istutusalade, loodusaia ja lilleniidu taim, kuna \u00f5itseb pikalt, meelitab rohkelt tolmeldajaid ja \u00a0\u00f5itsemise ajal levib pune kasvukohas v\u00e4ga meeldiv l\u00f5hn. \u00d5itsev pune l\u00f5hnab nagu s\u00fcdasuvi.  Punet v\u00f5ib suve jooksul mitmeid kordi julgelt k\u00e4rpida, seda ilusam ja kompaktsem taim v\u00e4lja n\u00e4eb. \u00a0On v\u00e4ga v\u00e4hen\u00f5udlik ja sobib suurep\u00e4raselt kasvatamiseks igale algajale aiapidajale. K\u00f6\u00f6gis kasutatakse punet eriti liha, juustu ja tomati maitsestamiseks. Ja muidugi Itaalia, Kreeka ja Mehhiko k\u00f6\u00f6gist inspireeritud road, need lausa n\u00f5uavad pune lisamist roogadesse. Pune lehti ja \u00f5isikuid saab kasutada aedvilja- ja pastatoitude, kana- ja sealiharoogade maitsestamiseks. Rahva seas levinud pune nimi on vorstirohi, sest \u00fckski h\u00e4sti maitsestatud veri- v\u00f5i tavaline vorst ilma puneta kuidagi l\u00e4bi ei saa.  Rahvameditsiinis tarvitatakse pune teed k\u00f6ha ja k\u00fclmetuse puhul ja \u00f5htuseks rahustavaks joogiks. Punet peetakse naiste taimeks, mis aitavat naist tema s\u00fcnnist kuni surmani. Punest valmistatud teed ei soovitata pidevalt tarbida raseduse ajal.  \u201eSeal kus on pune, sinna kurat ei tule\u201c  K\u00f5rgus: kuni 0,60 m  \u00d5itsemise aeg: VI-VIII  Talvekindlus: t\u00e4iesti talvekindel  Poti suurus: 9-12","og_url":"https:\/\/tammetalu.eu\/toode\/harilik-pune\/","og_site_name":"Tamme talu \u00fcrdiaed","article_publisher":"https:\/\/www.facebook.com\/TammeTaluUrdiaed\/?locale=et_EE","article_modified_time":"2026-04-19T11:41:58+00:00","og_image":[{"width":1024,"height":1542,"url":"https:\/\/tammetalu.eu\/wp-content\/uploads\/2022\/08\/Harilik_pune-1-5.jpg","type":"image\/jpeg"}],"twitter_card":"summary_large_image","twitter_misc":{"Arvioitu lukuaika":"1 minuutti"},"schema":{"@context":"https:\/\/schema.org","@graph":[{"@type":"WebPage","@id":"https:\/\/tammetalu.eu\/toode\/harilik-pune\/","url":"https:\/\/tammetalu.eu\/toode\/harilik-pune\/","name":"Harilik pune Origanum vulgare - Tamme talu \u00fcrdiaed","isPartOf":{"@id":"https:\/\/tammetalu.eu\/#website"},"primaryImageOfPage":{"@id":"https:\/\/tammetalu.eu\/toode\/harilik-pune\/#primaryimage"},"image":{"@id":"https:\/\/tammetalu.eu\/toode\/harilik-pune\/#primaryimage"},"thumbnailUrl":"https:\/\/tammetalu.eu\/wp-content\/uploads\/2022\/08\/Harilik_pune-1-5.jpg","datePublished":"2022-08-09T06:07:52+00:00","dateModified":"2026-04-19T11:41:58+00:00","breadcrumb":{"@id":"https:\/\/tammetalu.eu\/toode\/harilik-pune\/#breadcrumb"},"inLanguage":"fi","potentialAction":[{"@type":"ReadAction","target":["https:\/\/tammetalu.eu\/toode\/harilik-pune\/"]}]},{"@type":"ImageObject","inLanguage":"fi","@id":"https:\/\/tammetalu.eu\/toode\/harilik-pune\/#primaryimage","url":"https:\/\/tammetalu.eu\/wp-content\/uploads\/2022\/08\/Harilik_pune-1-5.jpg","contentUrl":"https:\/\/tammetalu.eu\/wp-content\/uploads\/2022\/08\/Harilik_pune-1-5.jpg","width":1024,"height":1542},{"@type":"BreadcrumbList","@id":"https:\/\/tammetalu.eu\/toode\/harilik-pune\/#breadcrumb","itemListElement":[{"@type":"ListItem","position":1,"name":"Home","item":"https:\/\/tammetalu.eu\/fi\/etusivu\/"},{"@type":"ListItem","position":2,"name":"Kaikki tuotteet","item":"https:\/\/tammetalu.eu\/fi\/kaikki-tuotteet\/"},{"@type":"ListItem","position":3,"name":"Harilik pune Origanum vulgare"}]},{"@type":"WebSite","@id":"https:\/\/tammetalu.eu\/#website","url":"https:\/\/tammetalu.eu\/","name":"Tamme talu \u00fcrdiaed","description":"K\u00e4sit\u00f6\u00f6na valmistatud tooted \u00fcrtidest, \u00fcrdiistikud, \u00fcrtide kollektsioonaed","publisher":{"@id":"https:\/\/tammetalu.eu\/#organization"},"alternateName":"Tamme talu","potentialAction":[{"@type":"SearchAction","target":{"@type":"EntryPoint","urlTemplate":"https:\/\/tammetalu.eu\/?s={search_term_string}"},"query-input":{"@type":"PropertyValueSpecification","valueRequired":true,"valueName":"search_term_string"}}],"inLanguage":"fi"},{"@type":"Organization","@id":"https:\/\/tammetalu.eu\/#organization","name":"Tamme talu \u00fcrdiaed","alternateName":"Tamme talu","url":"https:\/\/tammetalu.eu\/","logo":{"@type":"ImageObject","inLanguage":"fi","@id":"https:\/\/tammetalu.eu\/#\/schema\/logo\/image\/","url":"https:\/\/tammetalu.eu\/wp-content\/uploads\/2025\/01\/Tamme_talu_urdiaed.png","contentUrl":"https:\/\/tammetalu.eu\/wp-content\/uploads\/2025\/01\/Tamme_talu_urdiaed.png","width":560,"height":560,"caption":"Tamme talu \u00fcrdiaed"},"image":{"@id":"https:\/\/tammetalu.eu\/#\/schema\/logo\/image\/"},"sameAs":["https:\/\/www.facebook.com\/TammeTaluUrdiaed\/?locale=et_EE","https:\/\/www.instagram.com\/tammetaluurdiaed\/"]}]}},"_links":{"self":[{"href":"https:\/\/tammetalu.eu\/fi\/wp-json\/wp\/v2\/product\/15946","targetHints":{"allow":["GET"]}}],"collection":[{"href":"https:\/\/tammetalu.eu\/fi\/wp-json\/wp\/v2\/product"}],"about":[{"href":"https:\/\/tammetalu.eu\/fi\/wp-json\/wp\/v2\/types\/product"}],"wp:featuredmedia":[{"embeddable":true,"href":"https:\/\/tammetalu.eu\/fi\/wp-json\/wp\/v2\/media\/16074"}],"wp:attachment":[{"href":"https:\/\/tammetalu.eu\/fi\/wp-json\/wp\/v2\/media?parent=15946"}],"wp:term":[{"taxonomy":"product_brand","embeddable":true,"href":"https:\/\/tammetalu.eu\/fi\/wp-json\/wp\/v2\/product_brand?post=15946"},{"taxonomy":"product_cat","embeddable":true,"href":"https:\/\/tammetalu.eu\/fi\/wp-json\/wp\/v2\/product_cat?post=15946"},{"taxonomy":"product_tag","embeddable":true,"href":"https:\/\/tammetalu.eu\/fi\/wp-json\/wp\/v2\/product_tag?post=15946"}],"curies":[{"name":"wp","href":"https:\/\/api.w.org\/{rel}","templated":true}]}}