{"id":15948,"date":"2022-08-09T09:07:52","date_gmt":"2022-08-09T06:07:52","guid":{"rendered":"https:\/\/tammetalu.eu?post_type=product&#038;p=15948"},"modified":"2026-05-04T08:49:40","modified_gmt":"2026-05-04T05:49:40","slug":"harilik-kikkaputk","status":"publish","type":"product","link":"https:\/\/tammetalu.eu\/fi\/toode\/harilik-kikkaputk\/","title":{"rendered":"Harilik kikkaputk"},"content":{"rendered":"<p>&nbsp;<\/p>\n<p>&nbsp;<\/p>\n","protected":false},"excerpt":{"rendered":"<p><em>Angelica archangelica<\/em><\/p>\n<p>Harilik kikkaputk on sarikaliste sugukonnast p\u00e4rit muljetavaldava v\u00e4limusega kaheaastane ravim- ja maitsetaim. Esimesel aastal kasvatab madala leheroseti ja\u00a0 teisel kasvuaastal kasvab soodsates tingimustes kuni 150 cm k\u00f5rguseks. Kikkaputke paljundatakse seemnetega, kuid taime kasvatamise ise\u00e4rasuseks on see, et seemned tuleb kindlasti k\u00fclvata s\u00fcgisel ja seemnetel s\u00e4ilib idanemisv\u00f5ime ainult \u00fcks aasta. Kikkaputkele sobib kasvamiseks k\u00f5ige paremini parasniiske kuni niiske viljakas muld ja t\u00e4isp\u00e4ikeseline kuni varjuline kasvukoht.<\/p>\n<p>Rahvameditsiinis tarvitatakse peamiselt kikkaputke\u00a0 juuri ja seemneid seedimist ja und soodustava vahendina. Lisaks leevendab kikkaputk maovaevusi ja k\u00fclmetushaigusi.<\/p>\n<p>Maitsetaimena kasutatakse kikkaputke v\u00e4rskeid lehti ja noori v\u00f5rseid, v\u00e4hem juuri. Noortest lehtedest saab maitsva tee.<\/p>\n<p><strong>Postiga saadetavad taimed pakime alati turvaliselt ja ilmastikukindlalt.<\/strong><\/p>\n","protected":false},"featured_media":16082,"template":"","meta":{"_acf_changed":false,"_et_pb_use_builder":"","_et_pb_old_content":"","_et_gb_content_width":"","inline_featured_image":false},"product_brand":[],"product_cat":[186,200],"product_tag":[],"class_list":{"0":"post-15948","1":"product","2":"type-product","3":"status-publish","4":"has-post-thumbnail","6":"product_cat-maitse-ja-ravimtaimede-istikud","7":"product_cat-muud-maitsetaimed","9":"first","10":"instock","11":"taxable","12":"shipping-taxable","13":"purchasable","14":"product-type-simple"},"acf":[],"yoast_head":"<!-- This site is optimized with the Yoast SEO plugin v27.5 - https:\/\/yoast.com\/product\/yoast-seo-wordpress\/ -->\n<title>Harilik kikkaputk - Tamme talu \u00fcrdiaed<\/title>\n<meta name=\"robots\" content=\"index, follow, max-snippet:-1, max-image-preview:large, max-video-preview:-1\" \/>\n<link rel=\"canonical\" href=\"https:\/\/tammetalu.eu\/toode\/harilik-kikkaputk\/\" \/>\n<meta property=\"og:locale\" content=\"fi_FI\" \/>\n<meta property=\"og:type\" content=\"article\" \/>\n<meta property=\"og:title\" content=\"Harilik kikkaputk - Tamme talu \u00fcrdiaed\" \/>\n<meta property=\"og:description\" content=\"Angelica archangelica  Harilik kikkaputk on sarikaliste sugukonnast p\u00e4rit muljetavaldava v\u00e4limusega kaheaastane ravim- ja maitsetaim. Esimesel aastal kasvatab madala leheroseti ja\u00a0 teisel kasvuaastal kasvab soodsates tingimustes kuni 150 cm k\u00f5rguseks. Kikkaputke paljundatakse seemnetega, kuid taime kasvatamise ise\u00e4rasuseks on see, et seemned tuleb kindlasti k\u00fclvata s\u00fcgisel ja seemnetel s\u00e4ilib idanemisv\u00f5ime ainult \u00fcks aasta. Kikkaputkele sobib kasvamiseks k\u00f5ige paremini parasniiske kuni niiske viljakas muld ja t\u00e4isp\u00e4ikeseline kuni varjuline kasvukoht.  Rahvameditsiinis tarvitatakse peamiselt kikkaputke\u00a0 juuri ja seemneid seedimist ja und soodustava vahendina. Lisaks leevendab kikkaputk maovaevusi ja k\u00fclmetushaigusi.  Maitsetaimena kasutatakse kikkaputke v\u00e4rskeid lehti ja noori v\u00f5rseid, v\u00e4hem juuri. Noortest lehtedest saab maitsva tee.  Postiga saadetavad taimed pakime alati turvaliselt ja ilmastikukindlalt.\" \/>\n<meta property=\"og:url\" content=\"https:\/\/tammetalu.eu\/toode\/harilik-kikkaputk\/\" \/>\n<meta property=\"og:site_name\" content=\"Tamme talu \u00fcrdiaed\" \/>\n<meta property=\"article:publisher\" content=\"https:\/\/www.facebook.com\/TammeTaluUrdiaed\/?locale=et_EE\" \/>\n<meta property=\"article:modified_time\" content=\"2026-05-04T05:49:40+00:00\" \/>\n<meta property=\"og:image\" content=\"https:\/\/tammetalu.eu\/wp-content\/uploads\/2022\/08\/Harilik_kitkaputk-5.jpg\" \/>\n\t<meta property=\"og:image:width\" content=\"800\" \/>\n\t<meta property=\"og:image:height\" content=\"800\" \/>\n\t<meta property=\"og:image:type\" content=\"image\/jpeg\" \/>\n<meta name=\"twitter:card\" content=\"summary_large_image\" \/>\n<script type=\"application\/ld+json\" class=\"yoast-schema-graph\">{\"@context\":\"https:\\\/\\\/schema.org\",\"@graph\":[{\"@type\":\"WebPage\",\"@id\":\"https:\\\/\\\/tammetalu.eu\\\/toode\\\/harilik-kikkaputk\\\/\",\"url\":\"https:\\\/\\\/tammetalu.eu\\\/toode\\\/harilik-kikkaputk\\\/\",\"name\":\"Harilik kikkaputk - Tamme talu \u00fcrdiaed\",\"isPartOf\":{\"@id\":\"https:\\\/\\\/tammetalu.eu\\\/#website\"},\"primaryImageOfPage\":{\"@id\":\"https:\\\/\\\/tammetalu.eu\\\/toode\\\/harilik-kikkaputk\\\/#primaryimage\"},\"image\":{\"@id\":\"https:\\\/\\\/tammetalu.eu\\\/toode\\\/harilik-kikkaputk\\\/#primaryimage\"},\"thumbnailUrl\":\"https:\\\/\\\/tammetalu.eu\\\/wp-content\\\/uploads\\\/2022\\\/08\\\/Harilik_kitkaputk-5.jpg\",\"datePublished\":\"2022-08-09T06:07:52+00:00\",\"dateModified\":\"2026-05-04T05:49:40+00:00\",\"breadcrumb\":{\"@id\":\"https:\\\/\\\/tammetalu.eu\\\/toode\\\/harilik-kikkaputk\\\/#breadcrumb\"},\"inLanguage\":\"fi\",\"potentialAction\":[{\"@type\":\"ReadAction\",\"target\":[\"https:\\\/\\\/tammetalu.eu\\\/toode\\\/harilik-kikkaputk\\\/\"]}]},{\"@type\":\"ImageObject\",\"inLanguage\":\"fi\",\"@id\":\"https:\\\/\\\/tammetalu.eu\\\/toode\\\/harilik-kikkaputk\\\/#primaryimage\",\"url\":\"https:\\\/\\\/tammetalu.eu\\\/wp-content\\\/uploads\\\/2022\\\/08\\\/Harilik_kitkaputk-5.jpg\",\"contentUrl\":\"https:\\\/\\\/tammetalu.eu\\\/wp-content\\\/uploads\\\/2022\\\/08\\\/Harilik_kitkaputk-5.jpg\",\"width\":800,\"height\":800},{\"@type\":\"BreadcrumbList\",\"@id\":\"https:\\\/\\\/tammetalu.eu\\\/toode\\\/harilik-kikkaputk\\\/#breadcrumb\",\"itemListElement\":[{\"@type\":\"ListItem\",\"position\":1,\"name\":\"Home\",\"item\":\"https:\\\/\\\/tammetalu.eu\\\/fi\\\/etusivu\\\/\"},{\"@type\":\"ListItem\",\"position\":2,\"name\":\"Kaikki tuotteet\",\"item\":\"https:\\\/\\\/tammetalu.eu\\\/fi\\\/kaikki-tuotteet\\\/\"},{\"@type\":\"ListItem\",\"position\":3,\"name\":\"Harilik kikkaputk\"}]},{\"@type\":\"WebSite\",\"@id\":\"https:\\\/\\\/tammetalu.eu\\\/#website\",\"url\":\"https:\\\/\\\/tammetalu.eu\\\/\",\"name\":\"Tamme talu \u00fcrdiaed\",\"description\":\"K\u00e4sit\u00f6\u00f6na valmistatud tooted \u00fcrtidest, \u00fcrdiistikud, \u00fcrtide kollektsioonaed\",\"publisher\":{\"@id\":\"https:\\\/\\\/tammetalu.eu\\\/#organization\"},\"alternateName\":\"Tamme talu\",\"potentialAction\":[{\"@type\":\"SearchAction\",\"target\":{\"@type\":\"EntryPoint\",\"urlTemplate\":\"https:\\\/\\\/tammetalu.eu\\\/?s={search_term_string}\"},\"query-input\":{\"@type\":\"PropertyValueSpecification\",\"valueRequired\":true,\"valueName\":\"search_term_string\"}}],\"inLanguage\":\"fi\"},{\"@type\":\"Organization\",\"@id\":\"https:\\\/\\\/tammetalu.eu\\\/#organization\",\"name\":\"Tamme talu \u00fcrdiaed\",\"alternateName\":\"Tamme talu\",\"url\":\"https:\\\/\\\/tammetalu.eu\\\/\",\"logo\":{\"@type\":\"ImageObject\",\"inLanguage\":\"fi\",\"@id\":\"https:\\\/\\\/tammetalu.eu\\\/#\\\/schema\\\/logo\\\/image\\\/\",\"url\":\"https:\\\/\\\/tammetalu.eu\\\/wp-content\\\/uploads\\\/2025\\\/01\\\/Tamme_talu_urdiaed.png\",\"contentUrl\":\"https:\\\/\\\/tammetalu.eu\\\/wp-content\\\/uploads\\\/2025\\\/01\\\/Tamme_talu_urdiaed.png\",\"width\":560,\"height\":560,\"caption\":\"Tamme talu \u00fcrdiaed\"},\"image\":{\"@id\":\"https:\\\/\\\/tammetalu.eu\\\/#\\\/schema\\\/logo\\\/image\\\/\"},\"sameAs\":[\"https:\\\/\\\/www.facebook.com\\\/TammeTaluUrdiaed\\\/?locale=et_EE\",\"https:\\\/\\\/www.instagram.com\\\/tammetaluurdiaed\\\/\"]}]}<\/script>\n<!-- \/ Yoast SEO plugin. -->","yoast_head_json":{"title":"Harilik kikkaputk - Tamme talu \u00fcrdiaed","robots":{"index":"index","follow":"follow","max-snippet":"max-snippet:-1","max-image-preview":"max-image-preview:large","max-video-preview":"max-video-preview:-1"},"canonical":"https:\/\/tammetalu.eu\/toode\/harilik-kikkaputk\/","og_locale":"fi_FI","og_type":"article","og_title":"Harilik kikkaputk - Tamme talu \u00fcrdiaed","og_description":"Angelica archangelica  Harilik kikkaputk on sarikaliste sugukonnast p\u00e4rit muljetavaldava v\u00e4limusega kaheaastane ravim- ja maitsetaim. Esimesel aastal kasvatab madala leheroseti ja\u00a0 teisel kasvuaastal kasvab soodsates tingimustes kuni 150 cm k\u00f5rguseks. Kikkaputke paljundatakse seemnetega, kuid taime kasvatamise ise\u00e4rasuseks on see, et seemned tuleb kindlasti k\u00fclvata s\u00fcgisel ja seemnetel s\u00e4ilib idanemisv\u00f5ime ainult \u00fcks aasta. Kikkaputkele sobib kasvamiseks k\u00f5ige paremini parasniiske kuni niiske viljakas muld ja t\u00e4isp\u00e4ikeseline kuni varjuline kasvukoht.  Rahvameditsiinis tarvitatakse peamiselt kikkaputke\u00a0 juuri ja seemneid seedimist ja und soodustava vahendina. Lisaks leevendab kikkaputk maovaevusi ja k\u00fclmetushaigusi.  Maitsetaimena kasutatakse kikkaputke v\u00e4rskeid lehti ja noori v\u00f5rseid, v\u00e4hem juuri. Noortest lehtedest saab maitsva tee.  Postiga saadetavad taimed pakime alati turvaliselt ja ilmastikukindlalt.","og_url":"https:\/\/tammetalu.eu\/toode\/harilik-kikkaputk\/","og_site_name":"Tamme talu \u00fcrdiaed","article_publisher":"https:\/\/www.facebook.com\/TammeTaluUrdiaed\/?locale=et_EE","article_modified_time":"2026-05-04T05:49:40+00:00","og_image":[{"width":800,"height":800,"url":"https:\/\/tammetalu.eu\/wp-content\/uploads\/2022\/08\/Harilik_kitkaputk-5.jpg","type":"image\/jpeg"}],"twitter_card":"summary_large_image","schema":{"@context":"https:\/\/schema.org","@graph":[{"@type":"WebPage","@id":"https:\/\/tammetalu.eu\/toode\/harilik-kikkaputk\/","url":"https:\/\/tammetalu.eu\/toode\/harilik-kikkaputk\/","name":"Harilik kikkaputk - Tamme talu \u00fcrdiaed","isPartOf":{"@id":"https:\/\/tammetalu.eu\/#website"},"primaryImageOfPage":{"@id":"https:\/\/tammetalu.eu\/toode\/harilik-kikkaputk\/#primaryimage"},"image":{"@id":"https:\/\/tammetalu.eu\/toode\/harilik-kikkaputk\/#primaryimage"},"thumbnailUrl":"https:\/\/tammetalu.eu\/wp-content\/uploads\/2022\/08\/Harilik_kitkaputk-5.jpg","datePublished":"2022-08-09T06:07:52+00:00","dateModified":"2026-05-04T05:49:40+00:00","breadcrumb":{"@id":"https:\/\/tammetalu.eu\/toode\/harilik-kikkaputk\/#breadcrumb"},"inLanguage":"fi","potentialAction":[{"@type":"ReadAction","target":["https:\/\/tammetalu.eu\/toode\/harilik-kikkaputk\/"]}]},{"@type":"ImageObject","inLanguage":"fi","@id":"https:\/\/tammetalu.eu\/toode\/harilik-kikkaputk\/#primaryimage","url":"https:\/\/tammetalu.eu\/wp-content\/uploads\/2022\/08\/Harilik_kitkaputk-5.jpg","contentUrl":"https:\/\/tammetalu.eu\/wp-content\/uploads\/2022\/08\/Harilik_kitkaputk-5.jpg","width":800,"height":800},{"@type":"BreadcrumbList","@id":"https:\/\/tammetalu.eu\/toode\/harilik-kikkaputk\/#breadcrumb","itemListElement":[{"@type":"ListItem","position":1,"name":"Home","item":"https:\/\/tammetalu.eu\/fi\/etusivu\/"},{"@type":"ListItem","position":2,"name":"Kaikki tuotteet","item":"https:\/\/tammetalu.eu\/fi\/kaikki-tuotteet\/"},{"@type":"ListItem","position":3,"name":"Harilik kikkaputk"}]},{"@type":"WebSite","@id":"https:\/\/tammetalu.eu\/#website","url":"https:\/\/tammetalu.eu\/","name":"Tamme talu \u00fcrdiaed","description":"K\u00e4sit\u00f6\u00f6na valmistatud tooted \u00fcrtidest, \u00fcrdiistikud, \u00fcrtide kollektsioonaed","publisher":{"@id":"https:\/\/tammetalu.eu\/#organization"},"alternateName":"Tamme talu","potentialAction":[{"@type":"SearchAction","target":{"@type":"EntryPoint","urlTemplate":"https:\/\/tammetalu.eu\/?s={search_term_string}"},"query-input":{"@type":"PropertyValueSpecification","valueRequired":true,"valueName":"search_term_string"}}],"inLanguage":"fi"},{"@type":"Organization","@id":"https:\/\/tammetalu.eu\/#organization","name":"Tamme talu \u00fcrdiaed","alternateName":"Tamme talu","url":"https:\/\/tammetalu.eu\/","logo":{"@type":"ImageObject","inLanguage":"fi","@id":"https:\/\/tammetalu.eu\/#\/schema\/logo\/image\/","url":"https:\/\/tammetalu.eu\/wp-content\/uploads\/2025\/01\/Tamme_talu_urdiaed.png","contentUrl":"https:\/\/tammetalu.eu\/wp-content\/uploads\/2025\/01\/Tamme_talu_urdiaed.png","width":560,"height":560,"caption":"Tamme talu \u00fcrdiaed"},"image":{"@id":"https:\/\/tammetalu.eu\/#\/schema\/logo\/image\/"},"sameAs":["https:\/\/www.facebook.com\/TammeTaluUrdiaed\/?locale=et_EE","https:\/\/www.instagram.com\/tammetaluurdiaed\/"]}]}},"_links":{"self":[{"href":"https:\/\/tammetalu.eu\/fi\/wp-json\/wp\/v2\/product\/15948","targetHints":{"allow":["GET"]}}],"collection":[{"href":"https:\/\/tammetalu.eu\/fi\/wp-json\/wp\/v2\/product"}],"about":[{"href":"https:\/\/tammetalu.eu\/fi\/wp-json\/wp\/v2\/types\/product"}],"wp:featuredmedia":[{"embeddable":true,"href":"https:\/\/tammetalu.eu\/fi\/wp-json\/wp\/v2\/media\/16082"}],"wp:attachment":[{"href":"https:\/\/tammetalu.eu\/fi\/wp-json\/wp\/v2\/media?parent=15948"}],"wp:term":[{"taxonomy":"product_brand","embeddable":true,"href":"https:\/\/tammetalu.eu\/fi\/wp-json\/wp\/v2\/product_brand?post=15948"},{"taxonomy":"product_cat","embeddable":true,"href":"https:\/\/tammetalu.eu\/fi\/wp-json\/wp\/v2\/product_cat?post=15948"},{"taxonomy":"product_tag","embeddable":true,"href":"https:\/\/tammetalu.eu\/fi\/wp-json\/wp\/v2\/product_tag?post=15948"}],"curies":[{"name":"wp","href":"https:\/\/api.w.org\/{rel}","templated":true}]}}