{"id":15950,"date":"2022-08-09T09:07:52","date_gmt":"2022-08-09T06:07:52","guid":{"rendered":"https:\/\/tammetalu.eu?post_type=product&#038;p=15950"},"modified":"2026-05-04T08:49:40","modified_gmt":"2026-05-04T05:49:40","slug":"niitlehine-peiulill","status":"publish","type":"product","link":"https:\/\/tammetalu.eu\/fi\/toode\/niitlehine-peiulill\/","title":{"rendered":"Niitlehine peiulill Tagetes filifolia"},"content":{"rendered":"","protected":false},"excerpt":{"rendered":"<p><em>Tagetes filifolia<\/em><\/p>\n<p>Uus ja huvitav meil \u00fcheaastane maitse-, l\u00f5hna- ja ravimtaim, mis on laialt levinud looduslik liik P\u00f5hja-Mehhikost Argentiinani. Puudutades vallandub taime lehtedelt v\u00e4ga meeldiv magusat lagritsat ja aniisi meenutav l\u00f5hn. V\u00e4ikesed helekollased \u00f5ied ja tillilaadsed h\u00e4sti l\u00f5hnavad lehed on maitselt magusapoolsed. Taime k\u00f5rgus kuni 40 cm. Kasvab tavalises aiamullas t\u00e4isp\u00e4ikeses v\u00f5i poolvarjus. Niitlehine peiulill on soojalembene taim, seega \u00f5ue peenrasse enne taimi istutada ei saa, kui \u00f6\u00f6k\u00fclma oht on m\u00f6\u00f6dunud. Niitlehist peiulille saab kasvatada r\u00f5dudel ja terrassidel koos teiste suvelillede ja maitsetaimedega, kus ta lisab oma \u00f5rna rohelise lehestikuga teiste taimede vahele kerget ja \u00f5hulist kontrasti.<\/p>\n<p>Rahvameditsiinis kasutatakse k\u00f6ha leevendajana ja diureetikumina.<\/p>\n<p>Maitsetaimena sobib k\u00f6\u00f6giviljatoitudesse, kala- ja kanalihast valmistatud roogadesse. Niitlehisest peiulillest saab maitsva, veidi magusa alatooniga tee. Taime saab talviseks tarvitamiseks kuivatada.<\/p>\n<p><strong>Postiga saadetavad taimed on pakime alati turvaliselt ja ilmastikukindlalt.<\/strong><\/p>\n","protected":false},"featured_media":16090,"template":"","meta":{"_acf_changed":false,"_et_pb_use_builder":"","_et_pb_old_content":"","_et_gb_content_width":"","inline_featured_image":false},"product_brand":[],"product_cat":[186,200],"product_tag":[],"class_list":{"0":"post-15950","1":"product","2":"type-product","3":"status-publish","4":"has-post-thumbnail","6":"product_cat-maitse-ja-ravimtaimede-istikud","7":"product_cat-muud-maitsetaimed","9":"first","10":"instock","11":"taxable","12":"shipping-taxable","13":"purchasable","14":"product-type-simple"},"acf":[],"yoast_head":"<!-- This site is optimized with the Yoast SEO plugin v27.5 - https:\/\/yoast.com\/product\/yoast-seo-wordpress\/ -->\n<title>Niitlehine peiulill Tagetes filifolia - Tamme talu \u00fcrdiaed<\/title>\n<meta name=\"robots\" content=\"index, follow, max-snippet:-1, max-image-preview:large, max-video-preview:-1\" \/>\n<link rel=\"canonical\" href=\"https:\/\/tammetalu.eu\/toode\/niitlehine-peiulill\/\" \/>\n<meta property=\"og:locale\" content=\"fi_FI\" \/>\n<meta property=\"og:type\" content=\"article\" \/>\n<meta property=\"og:title\" content=\"Niitlehine peiulill Tagetes filifolia - Tamme talu \u00fcrdiaed\" \/>\n<meta property=\"og:description\" content=\"Tagetes filifolia  Uus ja huvitav meil \u00fcheaastane maitse-, l\u00f5hna- ja ravimtaim, mis on laialt levinud looduslik liik P\u00f5hja-Mehhikost Argentiinani. Puudutades vallandub taime lehtedelt v\u00e4ga meeldiv magusat lagritsat ja aniisi meenutav l\u00f5hn. V\u00e4ikesed helekollased \u00f5ied ja tillilaadsed h\u00e4sti l\u00f5hnavad lehed on maitselt magusapoolsed. Taime k\u00f5rgus kuni 40 cm. Kasvab tavalises aiamullas t\u00e4isp\u00e4ikeses v\u00f5i poolvarjus. Niitlehine peiulill on soojalembene taim, seega \u00f5ue peenrasse enne taimi istutada ei saa, kui \u00f6\u00f6k\u00fclma oht on m\u00f6\u00f6dunud. Niitlehist peiulille saab kasvatada r\u00f5dudel ja terrassidel koos teiste suvelillede ja maitsetaimedega, kus ta lisab oma \u00f5rna rohelise lehestikuga teiste taimede vahele kerget ja \u00f5hulist kontrasti.  Rahvameditsiinis kasutatakse k\u00f6ha leevendajana ja diureetikumina.  Maitsetaimena sobib k\u00f6\u00f6giviljatoitudesse, kala- ja kanalihast valmistatud roogadesse. Niitlehisest peiulillest saab maitsva, veidi magusa alatooniga tee. Taime saab talviseks tarvitamiseks kuivatada.  Postiga saadetavad taimed on pakime alati turvaliselt ja ilmastikukindlalt.\" \/>\n<meta property=\"og:url\" content=\"https:\/\/tammetalu.eu\/toode\/niitlehine-peiulill\/\" \/>\n<meta property=\"og:site_name\" content=\"Tamme talu \u00fcrdiaed\" \/>\n<meta property=\"article:publisher\" content=\"https:\/\/www.facebook.com\/TammeTaluUrdiaed\/?locale=et_EE\" \/>\n<meta property=\"article:modified_time\" content=\"2026-05-04T05:49:40+00:00\" \/>\n<meta property=\"og:image\" content=\"https:\/\/tammetalu.eu\/wp-content\/uploads\/2022\/08\/tagetes-filifolia-5.jpeg\" \/>\n\t<meta property=\"og:image:width\" content=\"750\" \/>\n\t<meta property=\"og:image:height\" content=\"750\" \/>\n\t<meta property=\"og:image:type\" content=\"image\/jpeg\" \/>\n<meta name=\"twitter:card\" content=\"summary_large_image\" \/>\n<meta name=\"twitter:label1\" content=\"Arvioitu lukuaika\" \/>\n\t<meta name=\"twitter:data1\" content=\"1 minuutti\" \/>\n<script type=\"application\/ld+json\" class=\"yoast-schema-graph\">{\"@context\":\"https:\\\/\\\/schema.org\",\"@graph\":[{\"@type\":\"WebPage\",\"@id\":\"https:\\\/\\\/tammetalu.eu\\\/toode\\\/niitlehine-peiulill\\\/\",\"url\":\"https:\\\/\\\/tammetalu.eu\\\/toode\\\/niitlehine-peiulill\\\/\",\"name\":\"Niitlehine peiulill Tagetes filifolia - Tamme talu \u00fcrdiaed\",\"isPartOf\":{\"@id\":\"https:\\\/\\\/tammetalu.eu\\\/#website\"},\"primaryImageOfPage\":{\"@id\":\"https:\\\/\\\/tammetalu.eu\\\/toode\\\/niitlehine-peiulill\\\/#primaryimage\"},\"image\":{\"@id\":\"https:\\\/\\\/tammetalu.eu\\\/toode\\\/niitlehine-peiulill\\\/#primaryimage\"},\"thumbnailUrl\":\"https:\\\/\\\/tammetalu.eu\\\/wp-content\\\/uploads\\\/2022\\\/08\\\/tagetes-filifolia-5.jpeg\",\"datePublished\":\"2022-08-09T06:07:52+00:00\",\"dateModified\":\"2026-05-04T05:49:40+00:00\",\"breadcrumb\":{\"@id\":\"https:\\\/\\\/tammetalu.eu\\\/toode\\\/niitlehine-peiulill\\\/#breadcrumb\"},\"inLanguage\":\"fi\",\"potentialAction\":[{\"@type\":\"ReadAction\",\"target\":[\"https:\\\/\\\/tammetalu.eu\\\/toode\\\/niitlehine-peiulill\\\/\"]}]},{\"@type\":\"ImageObject\",\"inLanguage\":\"fi\",\"@id\":\"https:\\\/\\\/tammetalu.eu\\\/toode\\\/niitlehine-peiulill\\\/#primaryimage\",\"url\":\"https:\\\/\\\/tammetalu.eu\\\/wp-content\\\/uploads\\\/2022\\\/08\\\/tagetes-filifolia-5.jpeg\",\"contentUrl\":\"https:\\\/\\\/tammetalu.eu\\\/wp-content\\\/uploads\\\/2022\\\/08\\\/tagetes-filifolia-5.jpeg\",\"width\":750,\"height\":750},{\"@type\":\"BreadcrumbList\",\"@id\":\"https:\\\/\\\/tammetalu.eu\\\/toode\\\/niitlehine-peiulill\\\/#breadcrumb\",\"itemListElement\":[{\"@type\":\"ListItem\",\"position\":1,\"name\":\"Home\",\"item\":\"https:\\\/\\\/tammetalu.eu\\\/fi\\\/etusivu\\\/\"},{\"@type\":\"ListItem\",\"position\":2,\"name\":\"Kaikki tuotteet\",\"item\":\"https:\\\/\\\/tammetalu.eu\\\/fi\\\/kaikki-tuotteet\\\/\"},{\"@type\":\"ListItem\",\"position\":3,\"name\":\"Niitlehine peiulill Tagetes filifolia\"}]},{\"@type\":\"WebSite\",\"@id\":\"https:\\\/\\\/tammetalu.eu\\\/#website\",\"url\":\"https:\\\/\\\/tammetalu.eu\\\/\",\"name\":\"Tamme talu \u00fcrdiaed\",\"description\":\"K\u00e4sit\u00f6\u00f6na valmistatud tooted \u00fcrtidest, \u00fcrdiistikud, \u00fcrtide kollektsioonaed\",\"publisher\":{\"@id\":\"https:\\\/\\\/tammetalu.eu\\\/#organization\"},\"alternateName\":\"Tamme talu\",\"potentialAction\":[{\"@type\":\"SearchAction\",\"target\":{\"@type\":\"EntryPoint\",\"urlTemplate\":\"https:\\\/\\\/tammetalu.eu\\\/?s={search_term_string}\"},\"query-input\":{\"@type\":\"PropertyValueSpecification\",\"valueRequired\":true,\"valueName\":\"search_term_string\"}}],\"inLanguage\":\"fi\"},{\"@type\":\"Organization\",\"@id\":\"https:\\\/\\\/tammetalu.eu\\\/#organization\",\"name\":\"Tamme talu \u00fcrdiaed\",\"alternateName\":\"Tamme talu\",\"url\":\"https:\\\/\\\/tammetalu.eu\\\/\",\"logo\":{\"@type\":\"ImageObject\",\"inLanguage\":\"fi\",\"@id\":\"https:\\\/\\\/tammetalu.eu\\\/#\\\/schema\\\/logo\\\/image\\\/\",\"url\":\"https:\\\/\\\/tammetalu.eu\\\/wp-content\\\/uploads\\\/2025\\\/01\\\/Tamme_talu_urdiaed.png\",\"contentUrl\":\"https:\\\/\\\/tammetalu.eu\\\/wp-content\\\/uploads\\\/2025\\\/01\\\/Tamme_talu_urdiaed.png\",\"width\":560,\"height\":560,\"caption\":\"Tamme talu \u00fcrdiaed\"},\"image\":{\"@id\":\"https:\\\/\\\/tammetalu.eu\\\/#\\\/schema\\\/logo\\\/image\\\/\"},\"sameAs\":[\"https:\\\/\\\/www.facebook.com\\\/TammeTaluUrdiaed\\\/?locale=et_EE\",\"https:\\\/\\\/www.instagram.com\\\/tammetaluurdiaed\\\/\"]}]}<\/script>\n<!-- \/ Yoast SEO plugin. -->","yoast_head_json":{"title":"Niitlehine peiulill Tagetes filifolia - Tamme talu \u00fcrdiaed","robots":{"index":"index","follow":"follow","max-snippet":"max-snippet:-1","max-image-preview":"max-image-preview:large","max-video-preview":"max-video-preview:-1"},"canonical":"https:\/\/tammetalu.eu\/toode\/niitlehine-peiulill\/","og_locale":"fi_FI","og_type":"article","og_title":"Niitlehine peiulill Tagetes filifolia - Tamme talu \u00fcrdiaed","og_description":"Tagetes filifolia  Uus ja huvitav meil \u00fcheaastane maitse-, l\u00f5hna- ja ravimtaim, mis on laialt levinud looduslik liik P\u00f5hja-Mehhikost Argentiinani. Puudutades vallandub taime lehtedelt v\u00e4ga meeldiv magusat lagritsat ja aniisi meenutav l\u00f5hn. V\u00e4ikesed helekollased \u00f5ied ja tillilaadsed h\u00e4sti l\u00f5hnavad lehed on maitselt magusapoolsed. Taime k\u00f5rgus kuni 40 cm. Kasvab tavalises aiamullas t\u00e4isp\u00e4ikeses v\u00f5i poolvarjus. Niitlehine peiulill on soojalembene taim, seega \u00f5ue peenrasse enne taimi istutada ei saa, kui \u00f6\u00f6k\u00fclma oht on m\u00f6\u00f6dunud. Niitlehist peiulille saab kasvatada r\u00f5dudel ja terrassidel koos teiste suvelillede ja maitsetaimedega, kus ta lisab oma \u00f5rna rohelise lehestikuga teiste taimede vahele kerget ja \u00f5hulist kontrasti.  Rahvameditsiinis kasutatakse k\u00f6ha leevendajana ja diureetikumina.  Maitsetaimena sobib k\u00f6\u00f6giviljatoitudesse, kala- ja kanalihast valmistatud roogadesse. Niitlehisest peiulillest saab maitsva, veidi magusa alatooniga tee. Taime saab talviseks tarvitamiseks kuivatada.  Postiga saadetavad taimed on pakime alati turvaliselt ja ilmastikukindlalt.","og_url":"https:\/\/tammetalu.eu\/toode\/niitlehine-peiulill\/","og_site_name":"Tamme talu \u00fcrdiaed","article_publisher":"https:\/\/www.facebook.com\/TammeTaluUrdiaed\/?locale=et_EE","article_modified_time":"2026-05-04T05:49:40+00:00","og_image":[{"width":750,"height":750,"url":"https:\/\/tammetalu.eu\/wp-content\/uploads\/2022\/08\/tagetes-filifolia-5.jpeg","type":"image\/jpeg"}],"twitter_card":"summary_large_image","twitter_misc":{"Arvioitu lukuaika":"1 minuutti"},"schema":{"@context":"https:\/\/schema.org","@graph":[{"@type":"WebPage","@id":"https:\/\/tammetalu.eu\/toode\/niitlehine-peiulill\/","url":"https:\/\/tammetalu.eu\/toode\/niitlehine-peiulill\/","name":"Niitlehine peiulill Tagetes filifolia - Tamme talu \u00fcrdiaed","isPartOf":{"@id":"https:\/\/tammetalu.eu\/#website"},"primaryImageOfPage":{"@id":"https:\/\/tammetalu.eu\/toode\/niitlehine-peiulill\/#primaryimage"},"image":{"@id":"https:\/\/tammetalu.eu\/toode\/niitlehine-peiulill\/#primaryimage"},"thumbnailUrl":"https:\/\/tammetalu.eu\/wp-content\/uploads\/2022\/08\/tagetes-filifolia-5.jpeg","datePublished":"2022-08-09T06:07:52+00:00","dateModified":"2026-05-04T05:49:40+00:00","breadcrumb":{"@id":"https:\/\/tammetalu.eu\/toode\/niitlehine-peiulill\/#breadcrumb"},"inLanguage":"fi","potentialAction":[{"@type":"ReadAction","target":["https:\/\/tammetalu.eu\/toode\/niitlehine-peiulill\/"]}]},{"@type":"ImageObject","inLanguage":"fi","@id":"https:\/\/tammetalu.eu\/toode\/niitlehine-peiulill\/#primaryimage","url":"https:\/\/tammetalu.eu\/wp-content\/uploads\/2022\/08\/tagetes-filifolia-5.jpeg","contentUrl":"https:\/\/tammetalu.eu\/wp-content\/uploads\/2022\/08\/tagetes-filifolia-5.jpeg","width":750,"height":750},{"@type":"BreadcrumbList","@id":"https:\/\/tammetalu.eu\/toode\/niitlehine-peiulill\/#breadcrumb","itemListElement":[{"@type":"ListItem","position":1,"name":"Home","item":"https:\/\/tammetalu.eu\/fi\/etusivu\/"},{"@type":"ListItem","position":2,"name":"Kaikki tuotteet","item":"https:\/\/tammetalu.eu\/fi\/kaikki-tuotteet\/"},{"@type":"ListItem","position":3,"name":"Niitlehine peiulill Tagetes filifolia"}]},{"@type":"WebSite","@id":"https:\/\/tammetalu.eu\/#website","url":"https:\/\/tammetalu.eu\/","name":"Tamme talu \u00fcrdiaed","description":"K\u00e4sit\u00f6\u00f6na valmistatud tooted \u00fcrtidest, \u00fcrdiistikud, \u00fcrtide kollektsioonaed","publisher":{"@id":"https:\/\/tammetalu.eu\/#organization"},"alternateName":"Tamme talu","potentialAction":[{"@type":"SearchAction","target":{"@type":"EntryPoint","urlTemplate":"https:\/\/tammetalu.eu\/?s={search_term_string}"},"query-input":{"@type":"PropertyValueSpecification","valueRequired":true,"valueName":"search_term_string"}}],"inLanguage":"fi"},{"@type":"Organization","@id":"https:\/\/tammetalu.eu\/#organization","name":"Tamme talu \u00fcrdiaed","alternateName":"Tamme talu","url":"https:\/\/tammetalu.eu\/","logo":{"@type":"ImageObject","inLanguage":"fi","@id":"https:\/\/tammetalu.eu\/#\/schema\/logo\/image\/","url":"https:\/\/tammetalu.eu\/wp-content\/uploads\/2025\/01\/Tamme_talu_urdiaed.png","contentUrl":"https:\/\/tammetalu.eu\/wp-content\/uploads\/2025\/01\/Tamme_talu_urdiaed.png","width":560,"height":560,"caption":"Tamme talu \u00fcrdiaed"},"image":{"@id":"https:\/\/tammetalu.eu\/#\/schema\/logo\/image\/"},"sameAs":["https:\/\/www.facebook.com\/TammeTaluUrdiaed\/?locale=et_EE","https:\/\/www.instagram.com\/tammetaluurdiaed\/"]}]}},"_links":{"self":[{"href":"https:\/\/tammetalu.eu\/fi\/wp-json\/wp\/v2\/product\/15950","targetHints":{"allow":["GET"]}}],"collection":[{"href":"https:\/\/tammetalu.eu\/fi\/wp-json\/wp\/v2\/product"}],"about":[{"href":"https:\/\/tammetalu.eu\/fi\/wp-json\/wp\/v2\/types\/product"}],"wp:featuredmedia":[{"embeddable":true,"href":"https:\/\/tammetalu.eu\/fi\/wp-json\/wp\/v2\/media\/16090"}],"wp:attachment":[{"href":"https:\/\/tammetalu.eu\/fi\/wp-json\/wp\/v2\/media?parent=15950"}],"wp:term":[{"taxonomy":"product_brand","embeddable":true,"href":"https:\/\/tammetalu.eu\/fi\/wp-json\/wp\/v2\/product_brand?post=15950"},{"taxonomy":"product_cat","embeddable":true,"href":"https:\/\/tammetalu.eu\/fi\/wp-json\/wp\/v2\/product_cat?post=15950"},{"taxonomy":"product_tag","embeddable":true,"href":"https:\/\/tammetalu.eu\/fi\/wp-json\/wp\/v2\/product_tag?post=15950"}],"curies":[{"name":"wp","href":"https:\/\/api.w.org\/{rel}","templated":true}]}}