{"id":15996,"date":"2022-08-09T09:08:13","date_gmt":"2022-08-09T06:08:13","guid":{"rendered":"https:\/\/tammetalu.eu?post_type=product&#038;p=15996"},"modified":"2026-05-07T09:01:43","modified_gmt":"2026-05-07T06:01:43","slug":"harilik-noopkakar","status":"publish","type":"product","link":"https:\/\/tammetalu.eu\/fi\/toode\/harilik-noopkakar\/","title":{"rendered":"Harilik n\u00f6\u00f6pkakar kolmev\u00e4rviline"},"content":{"rendered":"","protected":false},"excerpt":{"rendered":"<p><em>Acmella oleracea<\/em><\/p>\n<p>Kollase, pruuni ja tumepunase kirjude n\u00f6\u00f6bi kujuliste \u00f5ite ja punaka varjundiga tumeroheliste lehtede ja pikkade v\u00f5rsetega \u00a0\u00fcheaastane suvelill, maitse- ja ravimtaim. V\u00e4ga p\u00f5nev v\u00fcrtsikas maitse, mis ei j\u00e4ta \u00fchtegi taime lehti maitsnud inimest \u00fcksk\u00f5ikseks! Sobib kasvatamiseks amplis, istutuskastis v\u00f5i peenras. Kasvamiseks vajab valget kuni poolvarjulist kasvukohta ja tavalist aiamulda. Enne \u00f6\u00f6k\u00fclmade m\u00f6\u00f6dumist peenrasse ei saa istutada, kuna n\u00f6\u00f6pkakar ei talu k\u00fclmakraade. \u00d5isi ja lehti \u00a0saab tarvitada liha- ja aedviljatoitude lisandina, rohelistes salatites ning roogade kaunistamiseks. T\u00f5eline \u00fcllataja maitse- ja suvelillede peenras.<\/p>\n<p>Puruks muljutud lehed p\u00e4rsivad hambavalu. Brasiilia rahvameditsiinis on taim kasutusel kui toonik, stimulant. Lisaks kasutatakse n\u00f6\u00f6pkakart k\u00f5rvavalu, igemehaiguste ning borrelioosi ja malaaria vastase ravimina.<\/p>\n<p>K\u00f5rgus: ca 40 cm<\/p>\n<p>Poti suurus: 11<\/p>\n<p>Ei ole talvekindel<\/p>\n<p>&nbsp;<\/p>\n","protected":false},"featured_media":16125,"template":"","meta":{"_acf_changed":false,"_et_pb_use_builder":"","_et_pb_old_content":"","_et_gb_content_width":"","inline_featured_image":false},"product_brand":[],"product_cat":[186,200],"product_tag":[],"class_list":{"0":"post-15996","1":"product","2":"type-product","3":"status-publish","4":"has-post-thumbnail","6":"product_cat-maitse-ja-ravimtaimede-istikud","7":"product_cat-muud-maitsetaimed","9":"first","10":"instock","11":"taxable","12":"shipping-taxable","13":"purchasable","14":"product-type-simple"},"acf":[],"yoast_head":"<!-- This site is optimized with the Yoast SEO plugin v27.5 - https:\/\/yoast.com\/product\/yoast-seo-wordpress\/ -->\n<title>Harilik n\u00f6\u00f6pkakar kolmev\u00e4rviline - Tamme talu \u00fcrdiaed<\/title>\n<meta name=\"robots\" content=\"index, follow, max-snippet:-1, max-image-preview:large, max-video-preview:-1\" \/>\n<link rel=\"canonical\" href=\"https:\/\/tammetalu.eu\/toode\/harilik-noopkakar\/\" \/>\n<meta property=\"og:locale\" content=\"fi_FI\" \/>\n<meta property=\"og:type\" content=\"article\" \/>\n<meta property=\"og:title\" content=\"Harilik n\u00f6\u00f6pkakar kolmev\u00e4rviline - Tamme talu \u00fcrdiaed\" \/>\n<meta property=\"og:description\" content=\"Acmella oleracea  Kollase, pruuni ja tumepunase kirjude n\u00f6\u00f6bi kujuliste \u00f5ite ja punaka varjundiga tumeroheliste lehtede ja pikkade v\u00f5rsetega \u00a0\u00fcheaastane suvelill, maitse- ja ravimtaim. V\u00e4ga p\u00f5nev v\u00fcrtsikas maitse, mis ei j\u00e4ta \u00fchtegi taime lehti maitsnud inimest \u00fcksk\u00f5ikseks! Sobib kasvatamiseks amplis, istutuskastis v\u00f5i peenras. Kasvamiseks vajab valget kuni poolvarjulist kasvukohta ja tavalist aiamulda. Enne \u00f6\u00f6k\u00fclmade m\u00f6\u00f6dumist peenrasse ei saa istutada, kuna n\u00f6\u00f6pkakar ei talu k\u00fclmakraade. \u00d5isi ja lehti \u00a0saab tarvitada liha- ja aedviljatoitude lisandina, rohelistes salatites ning roogade kaunistamiseks. T\u00f5eline \u00fcllataja maitse- ja suvelillede peenras.  Puruks muljutud lehed p\u00e4rsivad hambavalu. Brasiilia rahvameditsiinis on taim kasutusel kui toonik, stimulant. Lisaks kasutatakse n\u00f6\u00f6pkakart k\u00f5rvavalu, igemehaiguste ning borrelioosi ja malaaria vastase ravimina.  K\u00f5rgus: ca 40 cm  Poti suurus: 11  Ei ole talvekindel  &nbsp;\" \/>\n<meta property=\"og:url\" content=\"https:\/\/tammetalu.eu\/toode\/harilik-noopkakar\/\" \/>\n<meta property=\"og:site_name\" content=\"Tamme talu \u00fcrdiaed\" \/>\n<meta property=\"article:publisher\" content=\"https:\/\/www.facebook.com\/TammeTaluUrdiaed\/?locale=et_EE\" \/>\n<meta property=\"article:modified_time\" content=\"2026-05-07T06:01:43+00:00\" \/>\n<meta property=\"og:image\" content=\"https:\/\/tammetalu.eu\/wp-content\/uploads\/2022\/08\/Harilik-noopkakar-tamme-talu-urdiaed-5.jpg\" \/>\n\t<meta property=\"og:image:width\" content=\"800\" \/>\n\t<meta property=\"og:image:height\" content=\"800\" \/>\n\t<meta property=\"og:image:type\" content=\"image\/jpeg\" \/>\n<meta name=\"twitter:card\" content=\"summary_large_image\" \/>\n<meta name=\"twitter:label1\" content=\"Arvioitu lukuaika\" \/>\n\t<meta name=\"twitter:data1\" content=\"1 minuutti\" \/>\n<script type=\"application\/ld+json\" class=\"yoast-schema-graph\">{\"@context\":\"https:\\\/\\\/schema.org\",\"@graph\":[{\"@type\":\"WebPage\",\"@id\":\"https:\\\/\\\/tammetalu.eu\\\/toode\\\/harilik-noopkakar\\\/\",\"url\":\"https:\\\/\\\/tammetalu.eu\\\/toode\\\/harilik-noopkakar\\\/\",\"name\":\"Harilik n\u00f6\u00f6pkakar kolmev\u00e4rviline - Tamme talu \u00fcrdiaed\",\"isPartOf\":{\"@id\":\"https:\\\/\\\/tammetalu.eu\\\/#website\"},\"primaryImageOfPage\":{\"@id\":\"https:\\\/\\\/tammetalu.eu\\\/toode\\\/harilik-noopkakar\\\/#primaryimage\"},\"image\":{\"@id\":\"https:\\\/\\\/tammetalu.eu\\\/toode\\\/harilik-noopkakar\\\/#primaryimage\"},\"thumbnailUrl\":\"https:\\\/\\\/tammetalu.eu\\\/wp-content\\\/uploads\\\/2022\\\/08\\\/Harilik-noopkakar-tamme-talu-urdiaed-5.jpg\",\"datePublished\":\"2022-08-09T06:08:13+00:00\",\"dateModified\":\"2026-05-07T06:01:43+00:00\",\"breadcrumb\":{\"@id\":\"https:\\\/\\\/tammetalu.eu\\\/toode\\\/harilik-noopkakar\\\/#breadcrumb\"},\"inLanguage\":\"fi\",\"potentialAction\":[{\"@type\":\"ReadAction\",\"target\":[\"https:\\\/\\\/tammetalu.eu\\\/toode\\\/harilik-noopkakar\\\/\"]}]},{\"@type\":\"ImageObject\",\"inLanguage\":\"fi\",\"@id\":\"https:\\\/\\\/tammetalu.eu\\\/toode\\\/harilik-noopkakar\\\/#primaryimage\",\"url\":\"https:\\\/\\\/tammetalu.eu\\\/wp-content\\\/uploads\\\/2022\\\/08\\\/Harilik-noopkakar-tamme-talu-urdiaed-5.jpg\",\"contentUrl\":\"https:\\\/\\\/tammetalu.eu\\\/wp-content\\\/uploads\\\/2022\\\/08\\\/Harilik-noopkakar-tamme-talu-urdiaed-5.jpg\",\"width\":800,\"height\":800},{\"@type\":\"BreadcrumbList\",\"@id\":\"https:\\\/\\\/tammetalu.eu\\\/toode\\\/harilik-noopkakar\\\/#breadcrumb\",\"itemListElement\":[{\"@type\":\"ListItem\",\"position\":1,\"name\":\"Home\",\"item\":\"https:\\\/\\\/tammetalu.eu\\\/fi\\\/etusivu\\\/\"},{\"@type\":\"ListItem\",\"position\":2,\"name\":\"Kaikki tuotteet\",\"item\":\"https:\\\/\\\/tammetalu.eu\\\/fi\\\/kaikki-tuotteet\\\/\"},{\"@type\":\"ListItem\",\"position\":3,\"name\":\"Harilik n\u00f6\u00f6pkakar kolmev\u00e4rviline\"}]},{\"@type\":\"WebSite\",\"@id\":\"https:\\\/\\\/tammetalu.eu\\\/#website\",\"url\":\"https:\\\/\\\/tammetalu.eu\\\/\",\"name\":\"Tamme talu \u00fcrdiaed\",\"description\":\"K\u00e4sit\u00f6\u00f6na valmistatud tooted \u00fcrtidest, \u00fcrdiistikud, \u00fcrtide kollektsioonaed\",\"publisher\":{\"@id\":\"https:\\\/\\\/tammetalu.eu\\\/#organization\"},\"alternateName\":\"Tamme talu\",\"potentialAction\":[{\"@type\":\"SearchAction\",\"target\":{\"@type\":\"EntryPoint\",\"urlTemplate\":\"https:\\\/\\\/tammetalu.eu\\\/?s={search_term_string}\"},\"query-input\":{\"@type\":\"PropertyValueSpecification\",\"valueRequired\":true,\"valueName\":\"search_term_string\"}}],\"inLanguage\":\"fi\"},{\"@type\":\"Organization\",\"@id\":\"https:\\\/\\\/tammetalu.eu\\\/#organization\",\"name\":\"Tamme talu \u00fcrdiaed\",\"alternateName\":\"Tamme talu\",\"url\":\"https:\\\/\\\/tammetalu.eu\\\/\",\"logo\":{\"@type\":\"ImageObject\",\"inLanguage\":\"fi\",\"@id\":\"https:\\\/\\\/tammetalu.eu\\\/#\\\/schema\\\/logo\\\/image\\\/\",\"url\":\"https:\\\/\\\/tammetalu.eu\\\/wp-content\\\/uploads\\\/2025\\\/01\\\/Tamme_talu_urdiaed.png\",\"contentUrl\":\"https:\\\/\\\/tammetalu.eu\\\/wp-content\\\/uploads\\\/2025\\\/01\\\/Tamme_talu_urdiaed.png\",\"width\":560,\"height\":560,\"caption\":\"Tamme talu \u00fcrdiaed\"},\"image\":{\"@id\":\"https:\\\/\\\/tammetalu.eu\\\/#\\\/schema\\\/logo\\\/image\\\/\"},\"sameAs\":[\"https:\\\/\\\/www.facebook.com\\\/TammeTaluUrdiaed\\\/?locale=et_EE\",\"https:\\\/\\\/www.instagram.com\\\/tammetaluurdiaed\\\/\"]}]}<\/script>\n<!-- \/ Yoast SEO plugin. -->","yoast_head_json":{"title":"Harilik n\u00f6\u00f6pkakar kolmev\u00e4rviline - Tamme talu \u00fcrdiaed","robots":{"index":"index","follow":"follow","max-snippet":"max-snippet:-1","max-image-preview":"max-image-preview:large","max-video-preview":"max-video-preview:-1"},"canonical":"https:\/\/tammetalu.eu\/toode\/harilik-noopkakar\/","og_locale":"fi_FI","og_type":"article","og_title":"Harilik n\u00f6\u00f6pkakar kolmev\u00e4rviline - Tamme talu \u00fcrdiaed","og_description":"Acmella oleracea  Kollase, pruuni ja tumepunase kirjude n\u00f6\u00f6bi kujuliste \u00f5ite ja punaka varjundiga tumeroheliste lehtede ja pikkade v\u00f5rsetega \u00a0\u00fcheaastane suvelill, maitse- ja ravimtaim. V\u00e4ga p\u00f5nev v\u00fcrtsikas maitse, mis ei j\u00e4ta \u00fchtegi taime lehti maitsnud inimest \u00fcksk\u00f5ikseks! Sobib kasvatamiseks amplis, istutuskastis v\u00f5i peenras. Kasvamiseks vajab valget kuni poolvarjulist kasvukohta ja tavalist aiamulda. Enne \u00f6\u00f6k\u00fclmade m\u00f6\u00f6dumist peenrasse ei saa istutada, kuna n\u00f6\u00f6pkakar ei talu k\u00fclmakraade. \u00d5isi ja lehti \u00a0saab tarvitada liha- ja aedviljatoitude lisandina, rohelistes salatites ning roogade kaunistamiseks. T\u00f5eline \u00fcllataja maitse- ja suvelillede peenras.  Puruks muljutud lehed p\u00e4rsivad hambavalu. Brasiilia rahvameditsiinis on taim kasutusel kui toonik, stimulant. Lisaks kasutatakse n\u00f6\u00f6pkakart k\u00f5rvavalu, igemehaiguste ning borrelioosi ja malaaria vastase ravimina.  K\u00f5rgus: ca 40 cm  Poti suurus: 11  Ei ole talvekindel  &nbsp;","og_url":"https:\/\/tammetalu.eu\/toode\/harilik-noopkakar\/","og_site_name":"Tamme talu \u00fcrdiaed","article_publisher":"https:\/\/www.facebook.com\/TammeTaluUrdiaed\/?locale=et_EE","article_modified_time":"2026-05-07T06:01:43+00:00","og_image":[{"width":800,"height":800,"url":"https:\/\/tammetalu.eu\/wp-content\/uploads\/2022\/08\/Harilik-noopkakar-tamme-talu-urdiaed-5.jpg","type":"image\/jpeg"}],"twitter_card":"summary_large_image","twitter_misc":{"Arvioitu lukuaika":"1 minuutti"},"schema":{"@context":"https:\/\/schema.org","@graph":[{"@type":"WebPage","@id":"https:\/\/tammetalu.eu\/toode\/harilik-noopkakar\/","url":"https:\/\/tammetalu.eu\/toode\/harilik-noopkakar\/","name":"Harilik n\u00f6\u00f6pkakar kolmev\u00e4rviline - Tamme talu \u00fcrdiaed","isPartOf":{"@id":"https:\/\/tammetalu.eu\/#website"},"primaryImageOfPage":{"@id":"https:\/\/tammetalu.eu\/toode\/harilik-noopkakar\/#primaryimage"},"image":{"@id":"https:\/\/tammetalu.eu\/toode\/harilik-noopkakar\/#primaryimage"},"thumbnailUrl":"https:\/\/tammetalu.eu\/wp-content\/uploads\/2022\/08\/Harilik-noopkakar-tamme-talu-urdiaed-5.jpg","datePublished":"2022-08-09T06:08:13+00:00","dateModified":"2026-05-07T06:01:43+00:00","breadcrumb":{"@id":"https:\/\/tammetalu.eu\/toode\/harilik-noopkakar\/#breadcrumb"},"inLanguage":"fi","potentialAction":[{"@type":"ReadAction","target":["https:\/\/tammetalu.eu\/toode\/harilik-noopkakar\/"]}]},{"@type":"ImageObject","inLanguage":"fi","@id":"https:\/\/tammetalu.eu\/toode\/harilik-noopkakar\/#primaryimage","url":"https:\/\/tammetalu.eu\/wp-content\/uploads\/2022\/08\/Harilik-noopkakar-tamme-talu-urdiaed-5.jpg","contentUrl":"https:\/\/tammetalu.eu\/wp-content\/uploads\/2022\/08\/Harilik-noopkakar-tamme-talu-urdiaed-5.jpg","width":800,"height":800},{"@type":"BreadcrumbList","@id":"https:\/\/tammetalu.eu\/toode\/harilik-noopkakar\/#breadcrumb","itemListElement":[{"@type":"ListItem","position":1,"name":"Home","item":"https:\/\/tammetalu.eu\/fi\/etusivu\/"},{"@type":"ListItem","position":2,"name":"Kaikki tuotteet","item":"https:\/\/tammetalu.eu\/fi\/kaikki-tuotteet\/"},{"@type":"ListItem","position":3,"name":"Harilik n\u00f6\u00f6pkakar kolmev\u00e4rviline"}]},{"@type":"WebSite","@id":"https:\/\/tammetalu.eu\/#website","url":"https:\/\/tammetalu.eu\/","name":"Tamme talu \u00fcrdiaed","description":"K\u00e4sit\u00f6\u00f6na valmistatud tooted \u00fcrtidest, \u00fcrdiistikud, \u00fcrtide kollektsioonaed","publisher":{"@id":"https:\/\/tammetalu.eu\/#organization"},"alternateName":"Tamme talu","potentialAction":[{"@type":"SearchAction","target":{"@type":"EntryPoint","urlTemplate":"https:\/\/tammetalu.eu\/?s={search_term_string}"},"query-input":{"@type":"PropertyValueSpecification","valueRequired":true,"valueName":"search_term_string"}}],"inLanguage":"fi"},{"@type":"Organization","@id":"https:\/\/tammetalu.eu\/#organization","name":"Tamme talu \u00fcrdiaed","alternateName":"Tamme talu","url":"https:\/\/tammetalu.eu\/","logo":{"@type":"ImageObject","inLanguage":"fi","@id":"https:\/\/tammetalu.eu\/#\/schema\/logo\/image\/","url":"https:\/\/tammetalu.eu\/wp-content\/uploads\/2025\/01\/Tamme_talu_urdiaed.png","contentUrl":"https:\/\/tammetalu.eu\/wp-content\/uploads\/2025\/01\/Tamme_talu_urdiaed.png","width":560,"height":560,"caption":"Tamme talu \u00fcrdiaed"},"image":{"@id":"https:\/\/tammetalu.eu\/#\/schema\/logo\/image\/"},"sameAs":["https:\/\/www.facebook.com\/TammeTaluUrdiaed\/?locale=et_EE","https:\/\/www.instagram.com\/tammetaluurdiaed\/"]}]}},"_links":{"self":[{"href":"https:\/\/tammetalu.eu\/fi\/wp-json\/wp\/v2\/product\/15996","targetHints":{"allow":["GET"]}}],"collection":[{"href":"https:\/\/tammetalu.eu\/fi\/wp-json\/wp\/v2\/product"}],"about":[{"href":"https:\/\/tammetalu.eu\/fi\/wp-json\/wp\/v2\/types\/product"}],"wp:featuredmedia":[{"embeddable":true,"href":"https:\/\/tammetalu.eu\/fi\/wp-json\/wp\/v2\/media\/16125"}],"wp:attachment":[{"href":"https:\/\/tammetalu.eu\/fi\/wp-json\/wp\/v2\/media?parent=15996"}],"wp:term":[{"taxonomy":"product_brand","embeddable":true,"href":"https:\/\/tammetalu.eu\/fi\/wp-json\/wp\/v2\/product_brand?post=15996"},{"taxonomy":"product_cat","embeddable":true,"href":"https:\/\/tammetalu.eu\/fi\/wp-json\/wp\/v2\/product_cat?post=15996"},{"taxonomy":"product_tag","embeddable":true,"href":"https:\/\/tammetalu.eu\/fi\/wp-json\/wp\/v2\/product_tag?post=15996"}],"curies":[{"name":"wp","href":"https:\/\/api.w.org\/{rel}","templated":true}]}}