{"id":16031,"date":"2022-08-09T09:08:37","date_gmt":"2022-08-09T06:08:37","guid":{"rendered":"https:\/\/tammetalu.eu?post_type=product&#038;p=16031"},"modified":"2026-04-01T21:14:26","modified_gmt":"2026-04-01T18:14:26","slug":"harilik-pune-panta","status":"publish","type":"product","link":"https:\/\/tammetalu.eu\/fi\/toode\/harilik-pune-panta\/","title":{"rendered":"Harilik pune Origanum vulgare &#8221;Panta&#8221;"},"content":{"rendered":"","protected":false},"excerpt":{"rendered":"<p>Harilik pune Origanum vulgare \u201ePanta\u201c<\/p>\n<p>LAT: \u00a0<em>Origanum vulgare<\/em> \u201ePanta\u201c<\/p>\n<p>ENG: \u00a0Oregano \u00a0\u201ePanta\u201c<\/p>\n<p>RU: \u00a0\u0414\u0443\u0448\u0438\u0446\u0430 \u043e\u0431\u044b\u043a\u043d\u043e\u0432\u0435\u043d\u043d\u0430\u044f \u201cPanta\u201c<\/p>\n<p>FI: \u00a0M\u00e4kimeirami \u201ePanta\u201c<\/p>\n<p>V\u00e4heldast rohelise-valgekirjude lehekeste ja roosade \u00f5isikutega kuni 30 cm k\u00f5rgune \u00fcsna k\u00fclmakindel hariliku puneme sort. Punele sobib \u00a0kuivapoolne kuni parasniiske aiamuld ja t\u00e4isp\u00e4ikeseline kuni poolvarjuline kasvukoht. Pune on mesilaste ja liblikate vaieldamatu lemmik aias.<\/p>\n<p>Punet v\u00f5ib suve jooksul mitmeid kordi julgelt k\u00e4rpida, seda ilusam ja kompaktsem taim v\u00e4lja n\u00e4eb. \u00a0On v\u00e4ga v\u00e4hen\u00f5udlik ja sobib suurep\u00e4raselt kasvatamiseks igale algajale aiapidajale. K\u00f6\u00f6gis kasutatakse punet eriti liha, juustu ja tomati maitsestamiseks. Ja muidugi Itaalia, Kreeka ja Mehhiko k\u00f6\u00f6gist inspireeritud road, need lausa n\u00f5uavad pune lisamist roogadesse. Pune lehti ja \u00f5isikuid saab kasutada aedvilja- ja pastatoitude, kana- ja sealiharoogade maitsestamiseks. Rahva seas levinud pune nimi on vorstirohi, sest \u00fckski h\u00e4sti maitsestatud veri- v\u00f5i tavaline vorst ilma puneta kuidagi l\u00e4bi ei saa.<\/p>\n<p>Rahvameditsiinis tarvitatakse pune teed k\u00f6ha ja k\u00fclmetuse puhul ja \u00f5htuseks rahustavaks joogiks. Punet peetakse naiste taimeks, mis aitavat naist tema s\u00fcnnist kuni surmani. Punest valmistatud teed ei soovitata pidevalt tarbida raseduse ajal.<\/p>\n<p>\u201eSeal kus on pune, sinna kurat ei tule\u201c (vanarahva \u00fctlus)<\/p>\n<p>K\u00f5rgus: kuni 0,30 m<\/p>\n<p>\u00d5itsemise aeg: VI-VIII<\/p>\n<p>Talvekindlus: talvekindel<\/p>\n<p>Poti suurus: 9-12<\/p>\n","protected":false},"featured_media":16161,"template":"","meta":{"_acf_changed":false,"_et_pb_use_builder":"","_et_pb_old_content":"","_et_gb_content_width":"","inline_featured_image":false},"product_brand":[],"product_cat":[186,198],"product_tag":[],"class_list":{"0":"post-16031","1":"product","2":"type-product","3":"status-publish","4":"has-post-thumbnail","6":"product_cat-maitse-ja-ravimtaimede-istikud","7":"product_cat-puned","9":"first","10":"instock","11":"sale","12":"taxable","13":"shipping-taxable","14":"purchasable","15":"product-type-simple"},"acf":[],"yoast_head":"<!-- This site is optimized with the Yoast SEO plugin v26.4 - https:\/\/yoast.com\/wordpress\/plugins\/seo\/ -->\n<title>Harilik pune Origanum vulgare &quot;Panta&quot; - Tamme talu \u00fcrdiaed<\/title>\n<meta name=\"robots\" content=\"index, follow, max-snippet:-1, max-image-preview:large, max-video-preview:-1\" \/>\n<link rel=\"canonical\" href=\"https:\/\/tammetalu.eu\/toode\/harilik-pune-panta\/\" \/>\n<meta property=\"og:locale\" content=\"fi_FI\" \/>\n<meta property=\"og:type\" content=\"article\" \/>\n<meta property=\"og:title\" content=\"Harilik pune Origanum vulgare &quot;Panta&quot; - Tamme talu \u00fcrdiaed\" \/>\n<meta property=\"og:description\" content=\"Harilik pune Origanum vulgare \u201ePanta\u201c  LAT: \u00a0Origanum vulgare \u201ePanta\u201c  ENG: \u00a0Oregano \u00a0\u201ePanta\u201c  RU: \u00a0\u0414\u0443\u0448\u0438\u0446\u0430 \u043e\u0431\u044b\u043a\u043d\u043e\u0432\u0435\u043d\u043d\u0430\u044f \u201cPanta\u201c  FI: \u00a0M\u00e4kimeirami \u201ePanta\u201c  V\u00e4heldast rohelise-valgekirjude lehekeste ja roosade \u00f5isikutega kuni 30 cm k\u00f5rgune \u00fcsna k\u00fclmakindel hariliku puneme sort. Punele sobib \u00a0kuivapoolne kuni parasniiske aiamuld ja t\u00e4isp\u00e4ikeseline kuni poolvarjuline kasvukoht. Pune on mesilaste ja liblikate vaieldamatu lemmik aias.  Punet v\u00f5ib suve jooksul mitmeid kordi julgelt k\u00e4rpida, seda ilusam ja kompaktsem taim v\u00e4lja n\u00e4eb. \u00a0On v\u00e4ga v\u00e4hen\u00f5udlik ja sobib suurep\u00e4raselt kasvatamiseks igale algajale aiapidajale. K\u00f6\u00f6gis kasutatakse punet eriti liha, juustu ja tomati maitsestamiseks. Ja muidugi Itaalia, Kreeka ja Mehhiko k\u00f6\u00f6gist inspireeritud road, need lausa n\u00f5uavad pune lisamist roogadesse. Pune lehti ja \u00f5isikuid saab kasutada aedvilja- ja pastatoitude, kana- ja sealiharoogade maitsestamiseks. Rahva seas levinud pune nimi on vorstirohi, sest \u00fckski h\u00e4sti maitsestatud veri- v\u00f5i tavaline vorst ilma puneta kuidagi l\u00e4bi ei saa.  Rahvameditsiinis tarvitatakse pune teed k\u00f6ha ja k\u00fclmetuse puhul ja \u00f5htuseks rahustavaks joogiks. Punet peetakse naiste taimeks, mis aitavat naist tema s\u00fcnnist kuni surmani. Punest valmistatud teed ei soovitata pidevalt tarbida raseduse ajal.  \u201eSeal kus on pune, sinna kurat ei tule\u201c (vanarahva \u00fctlus)  K\u00f5rgus: kuni 0,30 m  \u00d5itsemise aeg: VI-VIII  Talvekindlus: talvekindel  Poti suurus: 9-12\" \/>\n<meta property=\"og:url\" content=\"https:\/\/tammetalu.eu\/toode\/harilik-pune-panta\/\" \/>\n<meta property=\"og:site_name\" content=\"Tamme talu \u00fcrdiaed\" \/>\n<meta property=\"article:publisher\" content=\"https:\/\/www.facebook.com\/TammeTaluUrdiaed\/?locale=et_EE\" \/>\n<meta property=\"article:modified_time\" content=\"2026-04-01T18:14:26+00:00\" \/>\n<meta property=\"og:image\" content=\"https:\/\/tammetalu.eu\/wp-content\/uploads\/2022\/08\/Harilik_pune_Panta-5.jpg\" \/>\n\t<meta property=\"og:image:width\" content=\"400\" \/>\n\t<meta property=\"og:image:height\" content=\"225\" \/>\n\t<meta property=\"og:image:type\" content=\"image\/jpeg\" \/>\n<meta name=\"twitter:card\" content=\"summary_large_image\" \/>\n<meta name=\"twitter:label1\" content=\"Arvioitu lukuaika\" \/>\n\t<meta name=\"twitter:data1\" content=\"1 minuutti\" \/>\n<script type=\"application\/ld+json\" class=\"yoast-schema-graph\">{\"@context\":\"https:\/\/schema.org\",\"@graph\":[{\"@type\":\"WebPage\",\"@id\":\"https:\/\/tammetalu.eu\/toode\/harilik-pune-panta\/\",\"url\":\"https:\/\/tammetalu.eu\/toode\/harilik-pune-panta\/\",\"name\":\"Harilik pune Origanum vulgare \\\"Panta\\\" - Tamme talu \u00fcrdiaed\",\"isPartOf\":{\"@id\":\"https:\/\/tammetalu.eu\/#website\"},\"primaryImageOfPage\":{\"@id\":\"https:\/\/tammetalu.eu\/toode\/harilik-pune-panta\/#primaryimage\"},\"image\":{\"@id\":\"https:\/\/tammetalu.eu\/toode\/harilik-pune-panta\/#primaryimage\"},\"thumbnailUrl\":\"https:\/\/tammetalu.eu\/wp-content\/uploads\/2022\/08\/Harilik_pune_Panta-5.jpg\",\"datePublished\":\"2022-08-09T06:08:37+00:00\",\"dateModified\":\"2026-04-01T18:14:26+00:00\",\"breadcrumb\":{\"@id\":\"https:\/\/tammetalu.eu\/toode\/harilik-pune-panta\/#breadcrumb\"},\"inLanguage\":\"fi\",\"potentialAction\":[{\"@type\":\"ReadAction\",\"target\":[\"https:\/\/tammetalu.eu\/toode\/harilik-pune-panta\/\"]}]},{\"@type\":\"ImageObject\",\"inLanguage\":\"fi\",\"@id\":\"https:\/\/tammetalu.eu\/toode\/harilik-pune-panta\/#primaryimage\",\"url\":\"https:\/\/tammetalu.eu\/wp-content\/uploads\/2022\/08\/Harilik_pune_Panta-5.jpg\",\"contentUrl\":\"https:\/\/tammetalu.eu\/wp-content\/uploads\/2022\/08\/Harilik_pune_Panta-5.jpg\",\"width\":400,\"height\":225},{\"@type\":\"BreadcrumbList\",\"@id\":\"https:\/\/tammetalu.eu\/toode\/harilik-pune-panta\/#breadcrumb\",\"itemListElement\":[{\"@type\":\"ListItem\",\"position\":1,\"name\":\"Home\",\"item\":\"https:\/\/tammetalu.eu\/fi\/etusivu\/\"},{\"@type\":\"ListItem\",\"position\":2,\"name\":\"Kaikki tuotteet\",\"item\":\"https:\/\/tammetalu.eu\/fi\/kaikki-tuotteet\/\"},{\"@type\":\"ListItem\",\"position\":3,\"name\":\"Harilik pune Origanum vulgare &#8220;Panta&#8221;\"}]},{\"@type\":\"WebSite\",\"@id\":\"https:\/\/tammetalu.eu\/#website\",\"url\":\"https:\/\/tammetalu.eu\/\",\"name\":\"Tamme talu \u00fcrdiaed\",\"description\":\"K\u00e4sit\u00f6\u00f6na valmistatud tooted \u00fcrtidest, \u00fcrdiistikud, \u00fcrtide kollektsioonaed\",\"publisher\":{\"@id\":\"https:\/\/tammetalu.eu\/#organization\"},\"alternateName\":\"Tamme talu\",\"potentialAction\":[{\"@type\":\"SearchAction\",\"target\":{\"@type\":\"EntryPoint\",\"urlTemplate\":\"https:\/\/tammetalu.eu\/?s={search_term_string}\"},\"query-input\":{\"@type\":\"PropertyValueSpecification\",\"valueRequired\":true,\"valueName\":\"search_term_string\"}}],\"inLanguage\":\"fi\"},{\"@type\":\"Organization\",\"@id\":\"https:\/\/tammetalu.eu\/#organization\",\"name\":\"Tamme talu \u00fcrdiaed\",\"alternateName\":\"Tamme talu\",\"url\":\"https:\/\/tammetalu.eu\/\",\"logo\":{\"@type\":\"ImageObject\",\"inLanguage\":\"fi\",\"@id\":\"https:\/\/tammetalu.eu\/#\/schema\/logo\/image\/\",\"url\":\"https:\/\/tammetalu.eu\/wp-content\/uploads\/2025\/01\/Tamme_talu_urdiaed.png\",\"contentUrl\":\"https:\/\/tammetalu.eu\/wp-content\/uploads\/2025\/01\/Tamme_talu_urdiaed.png\",\"width\":560,\"height\":560,\"caption\":\"Tamme talu \u00fcrdiaed\"},\"image\":{\"@id\":\"https:\/\/tammetalu.eu\/#\/schema\/logo\/image\/\"},\"sameAs\":[\"https:\/\/www.facebook.com\/TammeTaluUrdiaed\/?locale=et_EE\",\"https:\/\/www.instagram.com\/tammetaluurdiaed\/\"]}]}<\/script>\n<!-- \/ Yoast SEO plugin. -->","yoast_head_json":{"title":"Harilik pune Origanum vulgare \"Panta\" - Tamme talu \u00fcrdiaed","robots":{"index":"index","follow":"follow","max-snippet":"max-snippet:-1","max-image-preview":"max-image-preview:large","max-video-preview":"max-video-preview:-1"},"canonical":"https:\/\/tammetalu.eu\/toode\/harilik-pune-panta\/","og_locale":"fi_FI","og_type":"article","og_title":"Harilik pune Origanum vulgare \"Panta\" - Tamme talu \u00fcrdiaed","og_description":"Harilik pune Origanum vulgare \u201ePanta\u201c  LAT: \u00a0Origanum vulgare \u201ePanta\u201c  ENG: \u00a0Oregano \u00a0\u201ePanta\u201c  RU: \u00a0\u0414\u0443\u0448\u0438\u0446\u0430 \u043e\u0431\u044b\u043a\u043d\u043e\u0432\u0435\u043d\u043d\u0430\u044f \u201cPanta\u201c  FI: \u00a0M\u00e4kimeirami \u201ePanta\u201c  V\u00e4heldast rohelise-valgekirjude lehekeste ja roosade \u00f5isikutega kuni 30 cm k\u00f5rgune \u00fcsna k\u00fclmakindel hariliku puneme sort. Punele sobib \u00a0kuivapoolne kuni parasniiske aiamuld ja t\u00e4isp\u00e4ikeseline kuni poolvarjuline kasvukoht. Pune on mesilaste ja liblikate vaieldamatu lemmik aias.  Punet v\u00f5ib suve jooksul mitmeid kordi julgelt k\u00e4rpida, seda ilusam ja kompaktsem taim v\u00e4lja n\u00e4eb. \u00a0On v\u00e4ga v\u00e4hen\u00f5udlik ja sobib suurep\u00e4raselt kasvatamiseks igale algajale aiapidajale. K\u00f6\u00f6gis kasutatakse punet eriti liha, juustu ja tomati maitsestamiseks. Ja muidugi Itaalia, Kreeka ja Mehhiko k\u00f6\u00f6gist inspireeritud road, need lausa n\u00f5uavad pune lisamist roogadesse. Pune lehti ja \u00f5isikuid saab kasutada aedvilja- ja pastatoitude, kana- ja sealiharoogade maitsestamiseks. Rahva seas levinud pune nimi on vorstirohi, sest \u00fckski h\u00e4sti maitsestatud veri- v\u00f5i tavaline vorst ilma puneta kuidagi l\u00e4bi ei saa.  Rahvameditsiinis tarvitatakse pune teed k\u00f6ha ja k\u00fclmetuse puhul ja \u00f5htuseks rahustavaks joogiks. Punet peetakse naiste taimeks, mis aitavat naist tema s\u00fcnnist kuni surmani. Punest valmistatud teed ei soovitata pidevalt tarbida raseduse ajal.  \u201eSeal kus on pune, sinna kurat ei tule\u201c (vanarahva \u00fctlus)  K\u00f5rgus: kuni 0,30 m  \u00d5itsemise aeg: VI-VIII  Talvekindlus: talvekindel  Poti suurus: 9-12","og_url":"https:\/\/tammetalu.eu\/toode\/harilik-pune-panta\/","og_site_name":"Tamme talu \u00fcrdiaed","article_publisher":"https:\/\/www.facebook.com\/TammeTaluUrdiaed\/?locale=et_EE","article_modified_time":"2026-04-01T18:14:26+00:00","og_image":[{"width":400,"height":225,"url":"https:\/\/tammetalu.eu\/wp-content\/uploads\/2022\/08\/Harilik_pune_Panta-5.jpg","type":"image\/jpeg"}],"twitter_card":"summary_large_image","twitter_misc":{"Arvioitu lukuaika":"1 minuutti"},"schema":{"@context":"https:\/\/schema.org","@graph":[{"@type":"WebPage","@id":"https:\/\/tammetalu.eu\/toode\/harilik-pune-panta\/","url":"https:\/\/tammetalu.eu\/toode\/harilik-pune-panta\/","name":"Harilik pune Origanum vulgare \"Panta\" - Tamme talu \u00fcrdiaed","isPartOf":{"@id":"https:\/\/tammetalu.eu\/#website"},"primaryImageOfPage":{"@id":"https:\/\/tammetalu.eu\/toode\/harilik-pune-panta\/#primaryimage"},"image":{"@id":"https:\/\/tammetalu.eu\/toode\/harilik-pune-panta\/#primaryimage"},"thumbnailUrl":"https:\/\/tammetalu.eu\/wp-content\/uploads\/2022\/08\/Harilik_pune_Panta-5.jpg","datePublished":"2022-08-09T06:08:37+00:00","dateModified":"2026-04-01T18:14:26+00:00","breadcrumb":{"@id":"https:\/\/tammetalu.eu\/toode\/harilik-pune-panta\/#breadcrumb"},"inLanguage":"fi","potentialAction":[{"@type":"ReadAction","target":["https:\/\/tammetalu.eu\/toode\/harilik-pune-panta\/"]}]},{"@type":"ImageObject","inLanguage":"fi","@id":"https:\/\/tammetalu.eu\/toode\/harilik-pune-panta\/#primaryimage","url":"https:\/\/tammetalu.eu\/wp-content\/uploads\/2022\/08\/Harilik_pune_Panta-5.jpg","contentUrl":"https:\/\/tammetalu.eu\/wp-content\/uploads\/2022\/08\/Harilik_pune_Panta-5.jpg","width":400,"height":225},{"@type":"BreadcrumbList","@id":"https:\/\/tammetalu.eu\/toode\/harilik-pune-panta\/#breadcrumb","itemListElement":[{"@type":"ListItem","position":1,"name":"Home","item":"https:\/\/tammetalu.eu\/fi\/etusivu\/"},{"@type":"ListItem","position":2,"name":"Kaikki tuotteet","item":"https:\/\/tammetalu.eu\/fi\/kaikki-tuotteet\/"},{"@type":"ListItem","position":3,"name":"Harilik pune Origanum vulgare &#8220;Panta&#8221;"}]},{"@type":"WebSite","@id":"https:\/\/tammetalu.eu\/#website","url":"https:\/\/tammetalu.eu\/","name":"Tamme talu \u00fcrdiaed","description":"K\u00e4sit\u00f6\u00f6na valmistatud tooted \u00fcrtidest, \u00fcrdiistikud, \u00fcrtide kollektsioonaed","publisher":{"@id":"https:\/\/tammetalu.eu\/#organization"},"alternateName":"Tamme talu","potentialAction":[{"@type":"SearchAction","target":{"@type":"EntryPoint","urlTemplate":"https:\/\/tammetalu.eu\/?s={search_term_string}"},"query-input":{"@type":"PropertyValueSpecification","valueRequired":true,"valueName":"search_term_string"}}],"inLanguage":"fi"},{"@type":"Organization","@id":"https:\/\/tammetalu.eu\/#organization","name":"Tamme talu \u00fcrdiaed","alternateName":"Tamme talu","url":"https:\/\/tammetalu.eu\/","logo":{"@type":"ImageObject","inLanguage":"fi","@id":"https:\/\/tammetalu.eu\/#\/schema\/logo\/image\/","url":"https:\/\/tammetalu.eu\/wp-content\/uploads\/2025\/01\/Tamme_talu_urdiaed.png","contentUrl":"https:\/\/tammetalu.eu\/wp-content\/uploads\/2025\/01\/Tamme_talu_urdiaed.png","width":560,"height":560,"caption":"Tamme talu \u00fcrdiaed"},"image":{"@id":"https:\/\/tammetalu.eu\/#\/schema\/logo\/image\/"},"sameAs":["https:\/\/www.facebook.com\/TammeTaluUrdiaed\/?locale=et_EE","https:\/\/www.instagram.com\/tammetaluurdiaed\/"]}]}},"_links":{"self":[{"href":"https:\/\/tammetalu.eu\/fi\/wp-json\/wp\/v2\/product\/16031","targetHints":{"allow":["GET"]}}],"collection":[{"href":"https:\/\/tammetalu.eu\/fi\/wp-json\/wp\/v2\/product"}],"about":[{"href":"https:\/\/tammetalu.eu\/fi\/wp-json\/wp\/v2\/types\/product"}],"wp:featuredmedia":[{"embeddable":true,"href":"https:\/\/tammetalu.eu\/fi\/wp-json\/wp\/v2\/media\/16161"}],"wp:attachment":[{"href":"https:\/\/tammetalu.eu\/fi\/wp-json\/wp\/v2\/media?parent=16031"}],"wp:term":[{"taxonomy":"product_brand","embeddable":true,"href":"https:\/\/tammetalu.eu\/fi\/wp-json\/wp\/v2\/product_brand?post=16031"},{"taxonomy":"product_cat","embeddable":true,"href":"https:\/\/tammetalu.eu\/fi\/wp-json\/wp\/v2\/product_cat?post=16031"},{"taxonomy":"product_tag","embeddable":true,"href":"https:\/\/tammetalu.eu\/fi\/wp-json\/wp\/v2\/product_tag?post=16031"}],"curies":[{"name":"wp","href":"https:\/\/api.w.org\/{rel}","templated":true}]}}