{"id":16064,"date":"2022-08-09T09:09:00","date_gmt":"2022-08-09T06:09:00","guid":{"rendered":"https:\/\/tammetalu.eu?post_type=product&#038;p=16064"},"modified":"2026-05-07T13:39:16","modified_gmt":"2026-05-07T10:39:16","slug":"ruske-kosmos-chocolate","status":"publish","type":"product","link":"https:\/\/tammetalu.eu\/fi\/toode\/ruske-kosmos-chocolate\/","title":{"rendered":"Ruske kosmos Cosmos atrosanguineus &#8221;Chocolate&#8221;"},"content":{"rendered":"","protected":false},"excerpt":{"rendered":"<p><em>Cosmos atrosanguineus<\/em><\/p>\n<p>Ruske kosmose sordi &#8221;Chocolate&#8221;\u00a0 \u00f5itel on eriline tumeda \u0161okolaadi v\u00e4rv ja \u00f5rn aroom. V\u00e4ga kaunis suvelill, mille kasvatamine on sarnane daaliale. K\u00f5rgus 40-60 cm. Sobib t\u00e4isp\u00e4ike kuni poolvari. Kasvab tavalises viljakas aiamullas. Saab kasvatada r\u00f5du- ja terrassitaimena potis. Alates juulist \u00f5itseb kaua ja rikkalikult, kui \u00e4ra\u00f5itsenud \u00f5ied pidevalt \u00e4ra l\u00f5igata. Sobib kasutada l\u00f5ikelillena. Enne s\u00fcgisk\u00fclmi tuleb juured \u00fcles v\u00f5tta, puhastada\u00a0 ja kuiva kohta talvituma panna.<\/p>\n<p>Ruske kosmos meelitab aeda tolmeldajaid.<\/p>\n<p>Taime kasutamisest rahvameditsiinis on teateid tema kodumaalt Mehhikost, kus teda on kasutatud luude tugevdamiseks, nahaprobleemide raviks ning vereringeprobleemide parandamiseks.<\/p>\n","protected":false},"featured_media":16205,"template":"","meta":{"_acf_changed":false,"_et_pb_use_builder":"","_et_pb_old_content":"","_et_gb_content_width":"","inline_featured_image":false},"product_brand":[],"product_cat":[186,200,247],"product_tag":[],"class_list":{"0":"post-16064","1":"product","2":"type-product","3":"status-publish","4":"has-post-thumbnail","6":"product_cat-maitse-ja-ravimtaimede-istikud","7":"product_cat-muud-maitsetaimed","8":"product_cat-rohenappude-lemmikud","10":"first","11":"instock","12":"taxable","13":"shipping-taxable","14":"purchasable","15":"product-type-simple"},"acf":[],"yoast_head":"<!-- This site is optimized with the Yoast SEO plugin v27.5 - https:\/\/yoast.com\/product\/yoast-seo-wordpress\/ -->\n<title>Ruske kosmos Cosmos atrosanguineus &quot;Chocolate&quot; - Tamme talu \u00fcrdiaed<\/title>\n<meta name=\"robots\" content=\"index, follow, max-snippet:-1, max-image-preview:large, max-video-preview:-1\" \/>\n<link rel=\"canonical\" href=\"https:\/\/tammetalu.eu\/toode\/ruske-kosmos-chocolate\/\" \/>\n<meta property=\"og:locale\" content=\"fi_FI\" \/>\n<meta property=\"og:type\" content=\"article\" \/>\n<meta property=\"og:title\" content=\"Ruske kosmos Cosmos atrosanguineus &quot;Chocolate&quot; - Tamme talu \u00fcrdiaed\" \/>\n<meta property=\"og:description\" content=\"Cosmos atrosanguineus  Ruske kosmose sordi &quot;Chocolate&quot;\u00a0 \u00f5itel on eriline tumeda \u0161okolaadi v\u00e4rv ja \u00f5rn aroom. V\u00e4ga kaunis suvelill, mille kasvatamine on sarnane daaliale. K\u00f5rgus 40-60 cm. Sobib t\u00e4isp\u00e4ike kuni poolvari. Kasvab tavalises viljakas aiamullas. Saab kasvatada r\u00f5du- ja terrassitaimena potis. Alates juulist \u00f5itseb kaua ja rikkalikult, kui \u00e4ra\u00f5itsenud \u00f5ied pidevalt \u00e4ra l\u00f5igata. Sobib kasutada l\u00f5ikelillena. Enne s\u00fcgisk\u00fclmi tuleb juured \u00fcles v\u00f5tta, puhastada\u00a0 ja kuiva kohta talvituma panna.  Ruske kosmos meelitab aeda tolmeldajaid.  Taime kasutamisest rahvameditsiinis on teateid tema kodumaalt Mehhikost, kus teda on kasutatud luude tugevdamiseks, nahaprobleemide raviks ning vereringeprobleemide parandamiseks.\" \/>\n<meta property=\"og:url\" content=\"https:\/\/tammetalu.eu\/toode\/ruske-kosmos-chocolate\/\" \/>\n<meta property=\"og:site_name\" content=\"Tamme talu \u00fcrdiaed\" \/>\n<meta property=\"article:publisher\" content=\"https:\/\/www.facebook.com\/TammeTaluUrdiaed\/?locale=et_EE\" \/>\n<meta property=\"article:modified_time\" content=\"2026-05-07T10:39:16+00:00\" \/>\n<meta property=\"og:image\" content=\"https:\/\/tammetalu.eu\/wp-content\/uploads\/2022\/08\/Ruske-cosmos-Chocolate-tamme-talu-urdiaed-5.jpg\" \/>\n\t<meta property=\"og:image:width\" content=\"1024\" \/>\n\t<meta property=\"og:image:height\" content=\"1365\" \/>\n\t<meta property=\"og:image:type\" content=\"image\/jpeg\" \/>\n<meta name=\"twitter:card\" content=\"summary_large_image\" \/>\n<meta name=\"twitter:label1\" content=\"Arvioitu lukuaika\" \/>\n\t<meta name=\"twitter:data1\" content=\"1 minuutti\" \/>\n<script type=\"application\/ld+json\" class=\"yoast-schema-graph\">{\"@context\":\"https:\\\/\\\/schema.org\",\"@graph\":[{\"@type\":\"WebPage\",\"@id\":\"https:\\\/\\\/tammetalu.eu\\\/toode\\\/ruske-kosmos-chocolate\\\/\",\"url\":\"https:\\\/\\\/tammetalu.eu\\\/toode\\\/ruske-kosmos-chocolate\\\/\",\"name\":\"Ruske kosmos Cosmos atrosanguineus \\\"Chocolate\\\" - Tamme talu \u00fcrdiaed\",\"isPartOf\":{\"@id\":\"https:\\\/\\\/tammetalu.eu\\\/#website\"},\"primaryImageOfPage\":{\"@id\":\"https:\\\/\\\/tammetalu.eu\\\/toode\\\/ruske-kosmos-chocolate\\\/#primaryimage\"},\"image\":{\"@id\":\"https:\\\/\\\/tammetalu.eu\\\/toode\\\/ruske-kosmos-chocolate\\\/#primaryimage\"},\"thumbnailUrl\":\"https:\\\/\\\/tammetalu.eu\\\/wp-content\\\/uploads\\\/2022\\\/08\\\/Ruske-cosmos-Chocolate-tamme-talu-urdiaed-5.jpg\",\"datePublished\":\"2022-08-09T06:09:00+00:00\",\"dateModified\":\"2026-05-07T10:39:16+00:00\",\"breadcrumb\":{\"@id\":\"https:\\\/\\\/tammetalu.eu\\\/toode\\\/ruske-kosmos-chocolate\\\/#breadcrumb\"},\"inLanguage\":\"fi\",\"potentialAction\":[{\"@type\":\"ReadAction\",\"target\":[\"https:\\\/\\\/tammetalu.eu\\\/toode\\\/ruske-kosmos-chocolate\\\/\"]}]},{\"@type\":\"ImageObject\",\"inLanguage\":\"fi\",\"@id\":\"https:\\\/\\\/tammetalu.eu\\\/toode\\\/ruske-kosmos-chocolate\\\/#primaryimage\",\"url\":\"https:\\\/\\\/tammetalu.eu\\\/wp-content\\\/uploads\\\/2022\\\/08\\\/Ruske-cosmos-Chocolate-tamme-talu-urdiaed-5.jpg\",\"contentUrl\":\"https:\\\/\\\/tammetalu.eu\\\/wp-content\\\/uploads\\\/2022\\\/08\\\/Ruske-cosmos-Chocolate-tamme-talu-urdiaed-5.jpg\",\"width\":1024,\"height\":1365},{\"@type\":\"BreadcrumbList\",\"@id\":\"https:\\\/\\\/tammetalu.eu\\\/toode\\\/ruske-kosmos-chocolate\\\/#breadcrumb\",\"itemListElement\":[{\"@type\":\"ListItem\",\"position\":1,\"name\":\"Home\",\"item\":\"https:\\\/\\\/tammetalu.eu\\\/fi\\\/etusivu\\\/\"},{\"@type\":\"ListItem\",\"position\":2,\"name\":\"Kaikki tuotteet\",\"item\":\"https:\\\/\\\/tammetalu.eu\\\/fi\\\/kaikki-tuotteet\\\/\"},{\"@type\":\"ListItem\",\"position\":3,\"name\":\"Ruske kosmos Cosmos atrosanguineus &#8220;Chocolate&#8221;\"}]},{\"@type\":\"WebSite\",\"@id\":\"https:\\\/\\\/tammetalu.eu\\\/#website\",\"url\":\"https:\\\/\\\/tammetalu.eu\\\/\",\"name\":\"Tamme talu \u00fcrdiaed\",\"description\":\"K\u00e4sit\u00f6\u00f6na valmistatud tooted \u00fcrtidest, \u00fcrdiistikud, \u00fcrtide kollektsioonaed\",\"publisher\":{\"@id\":\"https:\\\/\\\/tammetalu.eu\\\/#organization\"},\"alternateName\":\"Tamme talu\",\"potentialAction\":[{\"@type\":\"SearchAction\",\"target\":{\"@type\":\"EntryPoint\",\"urlTemplate\":\"https:\\\/\\\/tammetalu.eu\\\/?s={search_term_string}\"},\"query-input\":{\"@type\":\"PropertyValueSpecification\",\"valueRequired\":true,\"valueName\":\"search_term_string\"}}],\"inLanguage\":\"fi\"},{\"@type\":\"Organization\",\"@id\":\"https:\\\/\\\/tammetalu.eu\\\/#organization\",\"name\":\"Tamme talu \u00fcrdiaed\",\"alternateName\":\"Tamme talu\",\"url\":\"https:\\\/\\\/tammetalu.eu\\\/\",\"logo\":{\"@type\":\"ImageObject\",\"inLanguage\":\"fi\",\"@id\":\"https:\\\/\\\/tammetalu.eu\\\/#\\\/schema\\\/logo\\\/image\\\/\",\"url\":\"https:\\\/\\\/tammetalu.eu\\\/wp-content\\\/uploads\\\/2025\\\/01\\\/Tamme_talu_urdiaed.png\",\"contentUrl\":\"https:\\\/\\\/tammetalu.eu\\\/wp-content\\\/uploads\\\/2025\\\/01\\\/Tamme_talu_urdiaed.png\",\"width\":560,\"height\":560,\"caption\":\"Tamme talu \u00fcrdiaed\"},\"image\":{\"@id\":\"https:\\\/\\\/tammetalu.eu\\\/#\\\/schema\\\/logo\\\/image\\\/\"},\"sameAs\":[\"https:\\\/\\\/www.facebook.com\\\/TammeTaluUrdiaed\\\/?locale=et_EE\",\"https:\\\/\\\/www.instagram.com\\\/tammetaluurdiaed\\\/\"]}]}<\/script>\n<!-- \/ Yoast SEO plugin. -->","yoast_head_json":{"title":"Ruske kosmos Cosmos atrosanguineus \"Chocolate\" - Tamme talu \u00fcrdiaed","robots":{"index":"index","follow":"follow","max-snippet":"max-snippet:-1","max-image-preview":"max-image-preview:large","max-video-preview":"max-video-preview:-1"},"canonical":"https:\/\/tammetalu.eu\/toode\/ruske-kosmos-chocolate\/","og_locale":"fi_FI","og_type":"article","og_title":"Ruske kosmos Cosmos atrosanguineus \"Chocolate\" - Tamme talu \u00fcrdiaed","og_description":"Cosmos atrosanguineus  Ruske kosmose sordi \"Chocolate\"\u00a0 \u00f5itel on eriline tumeda \u0161okolaadi v\u00e4rv ja \u00f5rn aroom. V\u00e4ga kaunis suvelill, mille kasvatamine on sarnane daaliale. K\u00f5rgus 40-60 cm. Sobib t\u00e4isp\u00e4ike kuni poolvari. Kasvab tavalises viljakas aiamullas. Saab kasvatada r\u00f5du- ja terrassitaimena potis. Alates juulist \u00f5itseb kaua ja rikkalikult, kui \u00e4ra\u00f5itsenud \u00f5ied pidevalt \u00e4ra l\u00f5igata. Sobib kasutada l\u00f5ikelillena. Enne s\u00fcgisk\u00fclmi tuleb juured \u00fcles v\u00f5tta, puhastada\u00a0 ja kuiva kohta talvituma panna.  Ruske kosmos meelitab aeda tolmeldajaid.  Taime kasutamisest rahvameditsiinis on teateid tema kodumaalt Mehhikost, kus teda on kasutatud luude tugevdamiseks, nahaprobleemide raviks ning vereringeprobleemide parandamiseks.","og_url":"https:\/\/tammetalu.eu\/toode\/ruske-kosmos-chocolate\/","og_site_name":"Tamme talu \u00fcrdiaed","article_publisher":"https:\/\/www.facebook.com\/TammeTaluUrdiaed\/?locale=et_EE","article_modified_time":"2026-05-07T10:39:16+00:00","og_image":[{"width":1024,"height":1365,"url":"https:\/\/tammetalu.eu\/wp-content\/uploads\/2022\/08\/Ruske-cosmos-Chocolate-tamme-talu-urdiaed-5.jpg","type":"image\/jpeg"}],"twitter_card":"summary_large_image","twitter_misc":{"Arvioitu lukuaika":"1 minuutti"},"schema":{"@context":"https:\/\/schema.org","@graph":[{"@type":"WebPage","@id":"https:\/\/tammetalu.eu\/toode\/ruske-kosmos-chocolate\/","url":"https:\/\/tammetalu.eu\/toode\/ruske-kosmos-chocolate\/","name":"Ruske kosmos Cosmos atrosanguineus \"Chocolate\" - Tamme talu \u00fcrdiaed","isPartOf":{"@id":"https:\/\/tammetalu.eu\/#website"},"primaryImageOfPage":{"@id":"https:\/\/tammetalu.eu\/toode\/ruske-kosmos-chocolate\/#primaryimage"},"image":{"@id":"https:\/\/tammetalu.eu\/toode\/ruske-kosmos-chocolate\/#primaryimage"},"thumbnailUrl":"https:\/\/tammetalu.eu\/wp-content\/uploads\/2022\/08\/Ruske-cosmos-Chocolate-tamme-talu-urdiaed-5.jpg","datePublished":"2022-08-09T06:09:00+00:00","dateModified":"2026-05-07T10:39:16+00:00","breadcrumb":{"@id":"https:\/\/tammetalu.eu\/toode\/ruske-kosmos-chocolate\/#breadcrumb"},"inLanguage":"fi","potentialAction":[{"@type":"ReadAction","target":["https:\/\/tammetalu.eu\/toode\/ruske-kosmos-chocolate\/"]}]},{"@type":"ImageObject","inLanguage":"fi","@id":"https:\/\/tammetalu.eu\/toode\/ruske-kosmos-chocolate\/#primaryimage","url":"https:\/\/tammetalu.eu\/wp-content\/uploads\/2022\/08\/Ruske-cosmos-Chocolate-tamme-talu-urdiaed-5.jpg","contentUrl":"https:\/\/tammetalu.eu\/wp-content\/uploads\/2022\/08\/Ruske-cosmos-Chocolate-tamme-talu-urdiaed-5.jpg","width":1024,"height":1365},{"@type":"BreadcrumbList","@id":"https:\/\/tammetalu.eu\/toode\/ruske-kosmos-chocolate\/#breadcrumb","itemListElement":[{"@type":"ListItem","position":1,"name":"Home","item":"https:\/\/tammetalu.eu\/fi\/etusivu\/"},{"@type":"ListItem","position":2,"name":"Kaikki tuotteet","item":"https:\/\/tammetalu.eu\/fi\/kaikki-tuotteet\/"},{"@type":"ListItem","position":3,"name":"Ruske kosmos Cosmos atrosanguineus &#8220;Chocolate&#8221;"}]},{"@type":"WebSite","@id":"https:\/\/tammetalu.eu\/#website","url":"https:\/\/tammetalu.eu\/","name":"Tamme talu \u00fcrdiaed","description":"K\u00e4sit\u00f6\u00f6na valmistatud tooted \u00fcrtidest, \u00fcrdiistikud, \u00fcrtide kollektsioonaed","publisher":{"@id":"https:\/\/tammetalu.eu\/#organization"},"alternateName":"Tamme talu","potentialAction":[{"@type":"SearchAction","target":{"@type":"EntryPoint","urlTemplate":"https:\/\/tammetalu.eu\/?s={search_term_string}"},"query-input":{"@type":"PropertyValueSpecification","valueRequired":true,"valueName":"search_term_string"}}],"inLanguage":"fi"},{"@type":"Organization","@id":"https:\/\/tammetalu.eu\/#organization","name":"Tamme talu \u00fcrdiaed","alternateName":"Tamme talu","url":"https:\/\/tammetalu.eu\/","logo":{"@type":"ImageObject","inLanguage":"fi","@id":"https:\/\/tammetalu.eu\/#\/schema\/logo\/image\/","url":"https:\/\/tammetalu.eu\/wp-content\/uploads\/2025\/01\/Tamme_talu_urdiaed.png","contentUrl":"https:\/\/tammetalu.eu\/wp-content\/uploads\/2025\/01\/Tamme_talu_urdiaed.png","width":560,"height":560,"caption":"Tamme talu \u00fcrdiaed"},"image":{"@id":"https:\/\/tammetalu.eu\/#\/schema\/logo\/image\/"},"sameAs":["https:\/\/www.facebook.com\/TammeTaluUrdiaed\/?locale=et_EE","https:\/\/www.instagram.com\/tammetaluurdiaed\/"]}]}},"_links":{"self":[{"href":"https:\/\/tammetalu.eu\/fi\/wp-json\/wp\/v2\/product\/16064","targetHints":{"allow":["GET"]}}],"collection":[{"href":"https:\/\/tammetalu.eu\/fi\/wp-json\/wp\/v2\/product"}],"about":[{"href":"https:\/\/tammetalu.eu\/fi\/wp-json\/wp\/v2\/types\/product"}],"wp:featuredmedia":[{"embeddable":true,"href":"https:\/\/tammetalu.eu\/fi\/wp-json\/wp\/v2\/media\/16205"}],"wp:attachment":[{"href":"https:\/\/tammetalu.eu\/fi\/wp-json\/wp\/v2\/media?parent=16064"}],"wp:term":[{"taxonomy":"product_brand","embeddable":true,"href":"https:\/\/tammetalu.eu\/fi\/wp-json\/wp\/v2\/product_brand?post=16064"},{"taxonomy":"product_cat","embeddable":true,"href":"https:\/\/tammetalu.eu\/fi\/wp-json\/wp\/v2\/product_cat?post=16064"},{"taxonomy":"product_tag","embeddable":true,"href":"https:\/\/tammetalu.eu\/fi\/wp-json\/wp\/v2\/product_tag?post=16064"}],"curies":[{"name":"wp","href":"https:\/\/api.w.org\/{rel}","templated":true}]}}