{"id":16119,"date":"2022-08-09T09:09:22","date_gmt":"2022-08-09T06:09:22","guid":{"rendered":"https:\/\/tammetalu.eu?post_type=product&#038;p=16119"},"modified":"2026-04-02T23:53:35","modified_gmt":"2026-04-02T20:53:35","slug":"faasseni-naistenoges-baby-cat","status":"publish","type":"product","link":"https:\/\/tammetalu.eu\/fi\/toode\/faasseni-naistenoges-baby-cat\/","title":{"rendered":"Faasseni naisten\u00f5ges &#8221;Baby Cat&#8221;"},"content":{"rendered":"","protected":false},"excerpt":{"rendered":"<p><em>Nepeta x\u00a0 faassenii<\/em><\/p>\n<p>Faasseni naisten\u00f5ges &#8221;Baby Cat&#8221; on ilusate siniste \u00f5isikute ja hallikasrohelise lehestikuga kuni 30 cm k\u00f5rgune v\u00e4ga vastupidav p\u00fcsik kuivema v\u00f5i parasniiske mullaga kasvukohta.<\/p>\n<p>Kasvamiseks sobib p\u00e4ikesepaisteline kuni poolvarjuline kasvukoht. Peale\u00a0 \u00e4ra\u00f5itsenud \u00f5isikute \u00fchtlast tagasil\u00f5ikamist saab\u00a0 ergutada taime teiskordse \u00f5itsemiseni.\u00a0<\/p>\n<p>See sort sobib kasvatamiseks potitaimena. \u00d5isi ja lehti v\u00f5ib kasutada toitude kaunistamiseks. Kasside meelistaim aias. \u00a0 \u00a0<\/p>\n","protected":false},"featured_media":16249,"template":"","meta":{"_acf_changed":false,"_et_pb_use_builder":"","_et_pb_old_content":"","_et_gb_content_width":"","inline_featured_image":false},"product_brand":[],"product_cat":[214,247,186],"product_tag":[],"class_list":{"0":"post-16119","1":"product","2":"type-product","3":"status-publish","4":"has-post-thumbnail","6":"product_cat-naistenogesed","7":"product_cat-rohenappude-lemmikud","8":"product_cat-maitse-ja-ravimtaimede-istikud","10":"first","11":"instock","12":"sale","13":"taxable","14":"shipping-taxable","15":"purchasable","16":"product-type-simple"},"acf":[],"yoast_head":"<!-- This site is optimized with the Yoast SEO plugin v26.4 - https:\/\/yoast.com\/wordpress\/plugins\/seo\/ -->\n<title>Faasseni naisten\u00f5ges &quot;Baby Cat&quot; - Tamme talu \u00fcrdiaed<\/title>\n<meta name=\"robots\" content=\"index, follow, max-snippet:-1, max-image-preview:large, max-video-preview:-1\" \/>\n<link rel=\"canonical\" href=\"https:\/\/tammetalu.eu\/toode\/faasseni-naistenoges-baby-cat\/\" \/>\n<meta property=\"og:locale\" content=\"fi_FI\" \/>\n<meta property=\"og:type\" content=\"article\" \/>\n<meta property=\"og:title\" content=\"Faasseni naisten\u00f5ges &quot;Baby Cat&quot; - Tamme talu \u00fcrdiaed\" \/>\n<meta property=\"og:description\" content=\"Nepeta x\u00a0 faasseniiFaasseni naisten\u00f5ges &quot;Baby Cat&quot; on ilusate siniste \u00f5isikute ja hallikasrohelise lehestikuga kuni 30 cm k\u00f5rgune v\u00e4ga vastupidav p\u00fcsik kuivema v\u00f5i parasniiske mullaga kasvukohta.Kasvamiseks sobib p\u00e4ikesepaisteline kuni poolvarjuline kasvukoht. Peale\u00a0 \u00e4ra\u00f5itsenud \u00f5isikute \u00fchtlast tagasil\u00f5ikamist saab\u00a0 ergutada taime teiskordse \u00f5itsemiseni.\u00a0See sort sobib kasvatamiseks potitaimena. \u00d5isi ja lehti v\u00f5ib kasutada toitude kaunistamiseks. Kasside meelistaim aias. \u00a0 \u00a0\" \/>\n<meta property=\"og:url\" content=\"https:\/\/tammetalu.eu\/toode\/faasseni-naistenoges-baby-cat\/\" \/>\n<meta property=\"og:site_name\" content=\"Tamme talu \u00fcrdiaed\" \/>\n<meta property=\"article:publisher\" content=\"https:\/\/www.facebook.com\/TammeTaluUrdiaed\/?locale=et_EE\" \/>\n<meta property=\"article:modified_time\" content=\"2026-04-02T20:53:35+00:00\" \/>\n<meta property=\"og:image\" content=\"https:\/\/tammetalu.eu\/wp-content\/uploads\/2022\/08\/faasseni-naistenoges-baby-cat-tamme-talu-urdiaed-5.jpg\" \/>\n\t<meta property=\"og:image:width\" content=\"900\" \/>\n\t<meta property=\"og:image:height\" content=\"900\" \/>\n\t<meta property=\"og:image:type\" content=\"image\/jpeg\" \/>\n<meta name=\"twitter:card\" content=\"summary_large_image\" \/>\n<meta name=\"twitter:label1\" content=\"Arvioitu lukuaika\" \/>\n\t<meta name=\"twitter:data1\" content=\"1 minuutti\" \/>\n<script type=\"application\/ld+json\" class=\"yoast-schema-graph\">{\"@context\":\"https:\/\/schema.org\",\"@graph\":[{\"@type\":\"WebPage\",\"@id\":\"https:\/\/tammetalu.eu\/toode\/faasseni-naistenoges-baby-cat\/\",\"url\":\"https:\/\/tammetalu.eu\/toode\/faasseni-naistenoges-baby-cat\/\",\"name\":\"Faasseni naisten\u00f5ges \\\"Baby Cat\\\" - Tamme talu \u00fcrdiaed\",\"isPartOf\":{\"@id\":\"https:\/\/tammetalu.eu\/#website\"},\"primaryImageOfPage\":{\"@id\":\"https:\/\/tammetalu.eu\/toode\/faasseni-naistenoges-baby-cat\/#primaryimage\"},\"image\":{\"@id\":\"https:\/\/tammetalu.eu\/toode\/faasseni-naistenoges-baby-cat\/#primaryimage\"},\"thumbnailUrl\":\"https:\/\/tammetalu.eu\/wp-content\/uploads\/2022\/08\/faasseni-naistenoges-baby-cat-tamme-talu-urdiaed-5.jpg\",\"datePublished\":\"2022-08-09T06:09:22+00:00\",\"dateModified\":\"2026-04-02T20:53:35+00:00\",\"breadcrumb\":{\"@id\":\"https:\/\/tammetalu.eu\/toode\/faasseni-naistenoges-baby-cat\/#breadcrumb\"},\"inLanguage\":\"fi\",\"potentialAction\":[{\"@type\":\"ReadAction\",\"target\":[\"https:\/\/tammetalu.eu\/toode\/faasseni-naistenoges-baby-cat\/\"]}]},{\"@type\":\"ImageObject\",\"inLanguage\":\"fi\",\"@id\":\"https:\/\/tammetalu.eu\/toode\/faasseni-naistenoges-baby-cat\/#primaryimage\",\"url\":\"https:\/\/tammetalu.eu\/wp-content\/uploads\/2022\/08\/faasseni-naistenoges-baby-cat-tamme-talu-urdiaed-5.jpg\",\"contentUrl\":\"https:\/\/tammetalu.eu\/wp-content\/uploads\/2022\/08\/faasseni-naistenoges-baby-cat-tamme-talu-urdiaed-5.jpg\",\"width\":900,\"height\":900},{\"@type\":\"BreadcrumbList\",\"@id\":\"https:\/\/tammetalu.eu\/toode\/faasseni-naistenoges-baby-cat\/#breadcrumb\",\"itemListElement\":[{\"@type\":\"ListItem\",\"position\":1,\"name\":\"Home\",\"item\":\"https:\/\/tammetalu.eu\/fi\/etusivu\/\"},{\"@type\":\"ListItem\",\"position\":2,\"name\":\"Kaikki tuotteet\",\"item\":\"https:\/\/tammetalu.eu\/fi\/kaikki-tuotteet\/\"},{\"@type\":\"ListItem\",\"position\":3,\"name\":\"Faasseni naisten\u00f5ges &#8220;Baby Cat&#8221;\"}]},{\"@type\":\"WebSite\",\"@id\":\"https:\/\/tammetalu.eu\/#website\",\"url\":\"https:\/\/tammetalu.eu\/\",\"name\":\"Tamme talu \u00fcrdiaed\",\"description\":\"K\u00e4sit\u00f6\u00f6na valmistatud tooted \u00fcrtidest, \u00fcrdiistikud, \u00fcrtide kollektsioonaed\",\"publisher\":{\"@id\":\"https:\/\/tammetalu.eu\/#organization\"},\"alternateName\":\"Tamme talu\",\"potentialAction\":[{\"@type\":\"SearchAction\",\"target\":{\"@type\":\"EntryPoint\",\"urlTemplate\":\"https:\/\/tammetalu.eu\/?s={search_term_string}\"},\"query-input\":{\"@type\":\"PropertyValueSpecification\",\"valueRequired\":true,\"valueName\":\"search_term_string\"}}],\"inLanguage\":\"fi\"},{\"@type\":\"Organization\",\"@id\":\"https:\/\/tammetalu.eu\/#organization\",\"name\":\"Tamme talu \u00fcrdiaed\",\"alternateName\":\"Tamme talu\",\"url\":\"https:\/\/tammetalu.eu\/\",\"logo\":{\"@type\":\"ImageObject\",\"inLanguage\":\"fi\",\"@id\":\"https:\/\/tammetalu.eu\/#\/schema\/logo\/image\/\",\"url\":\"https:\/\/tammetalu.eu\/wp-content\/uploads\/2025\/01\/Tamme_talu_urdiaed.png\",\"contentUrl\":\"https:\/\/tammetalu.eu\/wp-content\/uploads\/2025\/01\/Tamme_talu_urdiaed.png\",\"width\":560,\"height\":560,\"caption\":\"Tamme talu \u00fcrdiaed\"},\"image\":{\"@id\":\"https:\/\/tammetalu.eu\/#\/schema\/logo\/image\/\"},\"sameAs\":[\"https:\/\/www.facebook.com\/TammeTaluUrdiaed\/?locale=et_EE\",\"https:\/\/www.instagram.com\/tammetaluurdiaed\/\"]}]}<\/script>\n<!-- \/ Yoast SEO plugin. -->","yoast_head_json":{"title":"Faasseni naisten\u00f5ges \"Baby Cat\" - Tamme talu \u00fcrdiaed","robots":{"index":"index","follow":"follow","max-snippet":"max-snippet:-1","max-image-preview":"max-image-preview:large","max-video-preview":"max-video-preview:-1"},"canonical":"https:\/\/tammetalu.eu\/toode\/faasseni-naistenoges-baby-cat\/","og_locale":"fi_FI","og_type":"article","og_title":"Faasseni naisten\u00f5ges \"Baby Cat\" - Tamme talu \u00fcrdiaed","og_description":"Nepeta x\u00a0 faasseniiFaasseni naisten\u00f5ges \"Baby Cat\" on ilusate siniste \u00f5isikute ja hallikasrohelise lehestikuga kuni 30 cm k\u00f5rgune v\u00e4ga vastupidav p\u00fcsik kuivema v\u00f5i parasniiske mullaga kasvukohta.Kasvamiseks sobib p\u00e4ikesepaisteline kuni poolvarjuline kasvukoht. Peale\u00a0 \u00e4ra\u00f5itsenud \u00f5isikute \u00fchtlast tagasil\u00f5ikamist saab\u00a0 ergutada taime teiskordse \u00f5itsemiseni.\u00a0See sort sobib kasvatamiseks potitaimena. \u00d5isi ja lehti v\u00f5ib kasutada toitude kaunistamiseks. Kasside meelistaim aias. \u00a0 \u00a0","og_url":"https:\/\/tammetalu.eu\/toode\/faasseni-naistenoges-baby-cat\/","og_site_name":"Tamme talu \u00fcrdiaed","article_publisher":"https:\/\/www.facebook.com\/TammeTaluUrdiaed\/?locale=et_EE","article_modified_time":"2026-04-02T20:53:35+00:00","og_image":[{"width":900,"height":900,"url":"https:\/\/tammetalu.eu\/wp-content\/uploads\/2022\/08\/faasseni-naistenoges-baby-cat-tamme-talu-urdiaed-5.jpg","type":"image\/jpeg"}],"twitter_card":"summary_large_image","twitter_misc":{"Arvioitu lukuaika":"1 minuutti"},"schema":{"@context":"https:\/\/schema.org","@graph":[{"@type":"WebPage","@id":"https:\/\/tammetalu.eu\/toode\/faasseni-naistenoges-baby-cat\/","url":"https:\/\/tammetalu.eu\/toode\/faasseni-naistenoges-baby-cat\/","name":"Faasseni naisten\u00f5ges \"Baby Cat\" - Tamme talu \u00fcrdiaed","isPartOf":{"@id":"https:\/\/tammetalu.eu\/#website"},"primaryImageOfPage":{"@id":"https:\/\/tammetalu.eu\/toode\/faasseni-naistenoges-baby-cat\/#primaryimage"},"image":{"@id":"https:\/\/tammetalu.eu\/toode\/faasseni-naistenoges-baby-cat\/#primaryimage"},"thumbnailUrl":"https:\/\/tammetalu.eu\/wp-content\/uploads\/2022\/08\/faasseni-naistenoges-baby-cat-tamme-talu-urdiaed-5.jpg","datePublished":"2022-08-09T06:09:22+00:00","dateModified":"2026-04-02T20:53:35+00:00","breadcrumb":{"@id":"https:\/\/tammetalu.eu\/toode\/faasseni-naistenoges-baby-cat\/#breadcrumb"},"inLanguage":"fi","potentialAction":[{"@type":"ReadAction","target":["https:\/\/tammetalu.eu\/toode\/faasseni-naistenoges-baby-cat\/"]}]},{"@type":"ImageObject","inLanguage":"fi","@id":"https:\/\/tammetalu.eu\/toode\/faasseni-naistenoges-baby-cat\/#primaryimage","url":"https:\/\/tammetalu.eu\/wp-content\/uploads\/2022\/08\/faasseni-naistenoges-baby-cat-tamme-talu-urdiaed-5.jpg","contentUrl":"https:\/\/tammetalu.eu\/wp-content\/uploads\/2022\/08\/faasseni-naistenoges-baby-cat-tamme-talu-urdiaed-5.jpg","width":900,"height":900},{"@type":"BreadcrumbList","@id":"https:\/\/tammetalu.eu\/toode\/faasseni-naistenoges-baby-cat\/#breadcrumb","itemListElement":[{"@type":"ListItem","position":1,"name":"Home","item":"https:\/\/tammetalu.eu\/fi\/etusivu\/"},{"@type":"ListItem","position":2,"name":"Kaikki tuotteet","item":"https:\/\/tammetalu.eu\/fi\/kaikki-tuotteet\/"},{"@type":"ListItem","position":3,"name":"Faasseni naisten\u00f5ges &#8220;Baby Cat&#8221;"}]},{"@type":"WebSite","@id":"https:\/\/tammetalu.eu\/#website","url":"https:\/\/tammetalu.eu\/","name":"Tamme talu \u00fcrdiaed","description":"K\u00e4sit\u00f6\u00f6na valmistatud tooted \u00fcrtidest, \u00fcrdiistikud, \u00fcrtide kollektsioonaed","publisher":{"@id":"https:\/\/tammetalu.eu\/#organization"},"alternateName":"Tamme talu","potentialAction":[{"@type":"SearchAction","target":{"@type":"EntryPoint","urlTemplate":"https:\/\/tammetalu.eu\/?s={search_term_string}"},"query-input":{"@type":"PropertyValueSpecification","valueRequired":true,"valueName":"search_term_string"}}],"inLanguage":"fi"},{"@type":"Organization","@id":"https:\/\/tammetalu.eu\/#organization","name":"Tamme talu \u00fcrdiaed","alternateName":"Tamme talu","url":"https:\/\/tammetalu.eu\/","logo":{"@type":"ImageObject","inLanguage":"fi","@id":"https:\/\/tammetalu.eu\/#\/schema\/logo\/image\/","url":"https:\/\/tammetalu.eu\/wp-content\/uploads\/2025\/01\/Tamme_talu_urdiaed.png","contentUrl":"https:\/\/tammetalu.eu\/wp-content\/uploads\/2025\/01\/Tamme_talu_urdiaed.png","width":560,"height":560,"caption":"Tamme talu \u00fcrdiaed"},"image":{"@id":"https:\/\/tammetalu.eu\/#\/schema\/logo\/image\/"},"sameAs":["https:\/\/www.facebook.com\/TammeTaluUrdiaed\/?locale=et_EE","https:\/\/www.instagram.com\/tammetaluurdiaed\/"]}]}},"_links":{"self":[{"href":"https:\/\/tammetalu.eu\/fi\/wp-json\/wp\/v2\/product\/16119","targetHints":{"allow":["GET"]}}],"collection":[{"href":"https:\/\/tammetalu.eu\/fi\/wp-json\/wp\/v2\/product"}],"about":[{"href":"https:\/\/tammetalu.eu\/fi\/wp-json\/wp\/v2\/types\/product"}],"wp:featuredmedia":[{"embeddable":true,"href":"https:\/\/tammetalu.eu\/fi\/wp-json\/wp\/v2\/media\/16249"}],"wp:attachment":[{"href":"https:\/\/tammetalu.eu\/fi\/wp-json\/wp\/v2\/media?parent=16119"}],"wp:term":[{"taxonomy":"product_brand","embeddable":true,"href":"https:\/\/tammetalu.eu\/fi\/wp-json\/wp\/v2\/product_brand?post=16119"},{"taxonomy":"product_cat","embeddable":true,"href":"https:\/\/tammetalu.eu\/fi\/wp-json\/wp\/v2\/product_cat?post=16119"},{"taxonomy":"product_tag","embeddable":true,"href":"https:\/\/tammetalu.eu\/fi\/wp-json\/wp\/v2\/product_tag?post=16119"}],"curies":[{"name":"wp","href":"https:\/\/api.w.org\/{rel}","templated":true}]}}