{"id":16155,"date":"2022-08-09T09:09:43","date_gmt":"2022-08-09T06:09:43","guid":{"rendered":"https:\/\/tammetalu.eu?post_type=product&#038;p=16155"},"modified":"2026-05-04T08:49:38","modified_gmt":"2026-05-04T05:49:38","slug":"kivi-imar","status":"publish","type":"product","link":"https:\/\/tammetalu.eu\/fi\/toode\/kivi-imar\/","title":{"rendered":"Kivi-imar"},"content":{"rendered":"<p>Kivi-imar<\/p>\n<p><em>Polypodium vulgare<\/em><\/p>\n<p>Roheliste nahkjate lehtedega 10-30 cm k\u00f5rgune v\u00e4hen\u00f5udlik ja kena s\u00f5najalgtaim, mis kasvab h\u00e4sti\u00a0 kuivemas kruusases pinnases, kivim\u00fc\u00fcridel ja kiviaedadel. Talub nii t\u00e4isp\u00e4ikest kui varju. Taim on talvehaljas. Taim levib aeglaselt sooniliste tumepruunide risoomidega. \u00dcks v\u00e4heseid s\u00f5najalgtaimi, mida kasutatakse ravim- ja toidutaimena. Taime risoomid on magusad ja meenutavad maitselt lagritsat.<\/p>\n","protected":false},"excerpt":{"rendered":"<p>Kivi-imar Polypodium vulgare Roheliste nahkjate lehtedega 10-30 cm k\u00f5rgune v\u00e4hen\u00f5udlik ja kena s\u00f5najalgtaim, mis kasvab h\u00e4sti\u00a0 kuivemas kruusases pinnases, kivim\u00fc\u00fcridel ja kiviaedadel. Talub nii t\u00e4isp\u00e4ikest kui varju. Taim on talvehaljas. Taim levib aeglaselt sooniliste tumepruunide risoomidega. \u00dcks v\u00e4heseid s\u00f5najalgtaimi, mida kasutatakse ravim- ja toidutaimena. Taime risoomid on magusad ja meenutavad maitselt lagritsat.<\/p>\n","protected":false},"featured_media":16280,"template":"","meta":{"_acf_changed":false,"_et_pb_use_builder":"","_et_pb_old_content":"","_et_gb_content_width":"","inline_featured_image":false},"product_brand":[],"product_cat":[186,200],"product_tag":[],"class_list":{"0":"post-16155","1":"product","2":"type-product","3":"status-publish","4":"has-post-thumbnail","6":"product_cat-maitse-ja-ravimtaimede-istikud","7":"product_cat-muud-maitsetaimed","9":"first","10":"instock","11":"taxable","12":"shipping-taxable","13":"purchasable","14":"product-type-simple"},"acf":[],"yoast_head":"<!-- This site is optimized with the Yoast SEO plugin v27.5 - https:\/\/yoast.com\/product\/yoast-seo-wordpress\/ -->\n<title>Kivi-imar - Tamme talu \u00fcrdiaed<\/title>\n<meta name=\"robots\" content=\"index, follow, max-snippet:-1, max-image-preview:large, max-video-preview:-1\" \/>\n<link rel=\"canonical\" href=\"https:\/\/tammetalu.eu\/toode\/kivi-imar\/\" \/>\n<meta property=\"og:locale\" content=\"fi_FI\" \/>\n<meta property=\"og:type\" content=\"article\" \/>\n<meta property=\"og:title\" content=\"Kivi-imar - Tamme talu \u00fcrdiaed\" \/>\n<meta property=\"og:description\" content=\"Kivi-imar Polypodium vulgare Roheliste nahkjate lehtedega 10-30 cm k\u00f5rgune v\u00e4hen\u00f5udlik ja kena s\u00f5najalgtaim, mis kasvab h\u00e4sti\u00a0 kuivemas kruusases pinnases, kivim\u00fc\u00fcridel ja kiviaedadel. Talub nii t\u00e4isp\u00e4ikest kui varju. Taim on talvehaljas. Taim levib aeglaselt sooniliste tumepruunide risoomidega. \u00dcks v\u00e4heseid s\u00f5najalgtaimi, mida kasutatakse ravim- ja toidutaimena. Taime risoomid on magusad ja meenutavad maitselt lagritsat.\" \/>\n<meta property=\"og:url\" content=\"https:\/\/tammetalu.eu\/toode\/kivi-imar\/\" \/>\n<meta property=\"og:site_name\" content=\"Tamme talu \u00fcrdiaed\" \/>\n<meta property=\"article:publisher\" content=\"https:\/\/www.facebook.com\/TammeTaluUrdiaed\/?locale=et_EE\" \/>\n<meta property=\"article:modified_time\" content=\"2026-05-04T05:49:38+00:00\" \/>\n<meta property=\"og:image\" content=\"https:\/\/tammetalu.eu\/wp-content\/uploads\/2022\/08\/Kivi-imar-tamme-talu-urdiaed-5.jpeg\" \/>\n\t<meta property=\"og:image:width\" content=\"675\" \/>\n\t<meta property=\"og:image:height\" content=\"675\" \/>\n\t<meta property=\"og:image:type\" content=\"image\/jpeg\" \/>\n<meta name=\"twitter:card\" content=\"summary_large_image\" \/>\n<meta name=\"twitter:label1\" content=\"Arvioitu lukuaika\" \/>\n\t<meta name=\"twitter:data1\" content=\"1 minuutti\" \/>\n<script type=\"application\/ld+json\" class=\"yoast-schema-graph\">{\"@context\":\"https:\\\/\\\/schema.org\",\"@graph\":[{\"@type\":\"WebPage\",\"@id\":\"https:\\\/\\\/tammetalu.eu\\\/toode\\\/kivi-imar\\\/\",\"url\":\"https:\\\/\\\/tammetalu.eu\\\/toode\\\/kivi-imar\\\/\",\"name\":\"Kivi-imar - Tamme talu \u00fcrdiaed\",\"isPartOf\":{\"@id\":\"https:\\\/\\\/tammetalu.eu\\\/#website\"},\"primaryImageOfPage\":{\"@id\":\"https:\\\/\\\/tammetalu.eu\\\/toode\\\/kivi-imar\\\/#primaryimage\"},\"image\":{\"@id\":\"https:\\\/\\\/tammetalu.eu\\\/toode\\\/kivi-imar\\\/#primaryimage\"},\"thumbnailUrl\":\"https:\\\/\\\/tammetalu.eu\\\/wp-content\\\/uploads\\\/2022\\\/08\\\/Kivi-imar-tamme-talu-urdiaed-5.jpeg\",\"datePublished\":\"2022-08-09T06:09:43+00:00\",\"dateModified\":\"2026-05-04T05:49:38+00:00\",\"breadcrumb\":{\"@id\":\"https:\\\/\\\/tammetalu.eu\\\/toode\\\/kivi-imar\\\/#breadcrumb\"},\"inLanguage\":\"fi\",\"potentialAction\":[{\"@type\":\"ReadAction\",\"target\":[\"https:\\\/\\\/tammetalu.eu\\\/toode\\\/kivi-imar\\\/\"]}]},{\"@type\":\"ImageObject\",\"inLanguage\":\"fi\",\"@id\":\"https:\\\/\\\/tammetalu.eu\\\/toode\\\/kivi-imar\\\/#primaryimage\",\"url\":\"https:\\\/\\\/tammetalu.eu\\\/wp-content\\\/uploads\\\/2022\\\/08\\\/Kivi-imar-tamme-talu-urdiaed-5.jpeg\",\"contentUrl\":\"https:\\\/\\\/tammetalu.eu\\\/wp-content\\\/uploads\\\/2022\\\/08\\\/Kivi-imar-tamme-talu-urdiaed-5.jpeg\",\"width\":675,\"height\":675},{\"@type\":\"BreadcrumbList\",\"@id\":\"https:\\\/\\\/tammetalu.eu\\\/toode\\\/kivi-imar\\\/#breadcrumb\",\"itemListElement\":[{\"@type\":\"ListItem\",\"position\":1,\"name\":\"Home\",\"item\":\"https:\\\/\\\/tammetalu.eu\\\/fi\\\/etusivu\\\/\"},{\"@type\":\"ListItem\",\"position\":2,\"name\":\"Kaikki tuotteet\",\"item\":\"https:\\\/\\\/tammetalu.eu\\\/fi\\\/kaikki-tuotteet\\\/\"},{\"@type\":\"ListItem\",\"position\":3,\"name\":\"Kivi-imar\"}]},{\"@type\":\"WebSite\",\"@id\":\"https:\\\/\\\/tammetalu.eu\\\/#website\",\"url\":\"https:\\\/\\\/tammetalu.eu\\\/\",\"name\":\"Tamme talu \u00fcrdiaed\",\"description\":\"K\u00e4sit\u00f6\u00f6na valmistatud tooted \u00fcrtidest, \u00fcrdiistikud, \u00fcrtide kollektsioonaed\",\"publisher\":{\"@id\":\"https:\\\/\\\/tammetalu.eu\\\/#organization\"},\"alternateName\":\"Tamme talu\",\"potentialAction\":[{\"@type\":\"SearchAction\",\"target\":{\"@type\":\"EntryPoint\",\"urlTemplate\":\"https:\\\/\\\/tammetalu.eu\\\/?s={search_term_string}\"},\"query-input\":{\"@type\":\"PropertyValueSpecification\",\"valueRequired\":true,\"valueName\":\"search_term_string\"}}],\"inLanguage\":\"fi\"},{\"@type\":\"Organization\",\"@id\":\"https:\\\/\\\/tammetalu.eu\\\/#organization\",\"name\":\"Tamme talu \u00fcrdiaed\",\"alternateName\":\"Tamme talu\",\"url\":\"https:\\\/\\\/tammetalu.eu\\\/\",\"logo\":{\"@type\":\"ImageObject\",\"inLanguage\":\"fi\",\"@id\":\"https:\\\/\\\/tammetalu.eu\\\/#\\\/schema\\\/logo\\\/image\\\/\",\"url\":\"https:\\\/\\\/tammetalu.eu\\\/wp-content\\\/uploads\\\/2025\\\/01\\\/Tamme_talu_urdiaed.png\",\"contentUrl\":\"https:\\\/\\\/tammetalu.eu\\\/wp-content\\\/uploads\\\/2025\\\/01\\\/Tamme_talu_urdiaed.png\",\"width\":560,\"height\":560,\"caption\":\"Tamme talu \u00fcrdiaed\"},\"image\":{\"@id\":\"https:\\\/\\\/tammetalu.eu\\\/#\\\/schema\\\/logo\\\/image\\\/\"},\"sameAs\":[\"https:\\\/\\\/www.facebook.com\\\/TammeTaluUrdiaed\\\/?locale=et_EE\",\"https:\\\/\\\/www.instagram.com\\\/tammetaluurdiaed\\\/\"]}]}<\/script>\n<!-- \/ Yoast SEO plugin. -->","yoast_head_json":{"title":"Kivi-imar - Tamme talu \u00fcrdiaed","robots":{"index":"index","follow":"follow","max-snippet":"max-snippet:-1","max-image-preview":"max-image-preview:large","max-video-preview":"max-video-preview:-1"},"canonical":"https:\/\/tammetalu.eu\/toode\/kivi-imar\/","og_locale":"fi_FI","og_type":"article","og_title":"Kivi-imar - Tamme talu \u00fcrdiaed","og_description":"Kivi-imar Polypodium vulgare Roheliste nahkjate lehtedega 10-30 cm k\u00f5rgune v\u00e4hen\u00f5udlik ja kena s\u00f5najalgtaim, mis kasvab h\u00e4sti\u00a0 kuivemas kruusases pinnases, kivim\u00fc\u00fcridel ja kiviaedadel. Talub nii t\u00e4isp\u00e4ikest kui varju. Taim on talvehaljas. Taim levib aeglaselt sooniliste tumepruunide risoomidega. \u00dcks v\u00e4heseid s\u00f5najalgtaimi, mida kasutatakse ravim- ja toidutaimena. Taime risoomid on magusad ja meenutavad maitselt lagritsat.","og_url":"https:\/\/tammetalu.eu\/toode\/kivi-imar\/","og_site_name":"Tamme talu \u00fcrdiaed","article_publisher":"https:\/\/www.facebook.com\/TammeTaluUrdiaed\/?locale=et_EE","article_modified_time":"2026-05-04T05:49:38+00:00","og_image":[{"width":675,"height":675,"url":"https:\/\/tammetalu.eu\/wp-content\/uploads\/2022\/08\/Kivi-imar-tamme-talu-urdiaed-5.jpeg","type":"image\/jpeg"}],"twitter_card":"summary_large_image","twitter_misc":{"Arvioitu lukuaika":"1 minuutti"},"schema":{"@context":"https:\/\/schema.org","@graph":[{"@type":"WebPage","@id":"https:\/\/tammetalu.eu\/toode\/kivi-imar\/","url":"https:\/\/tammetalu.eu\/toode\/kivi-imar\/","name":"Kivi-imar - Tamme talu \u00fcrdiaed","isPartOf":{"@id":"https:\/\/tammetalu.eu\/#website"},"primaryImageOfPage":{"@id":"https:\/\/tammetalu.eu\/toode\/kivi-imar\/#primaryimage"},"image":{"@id":"https:\/\/tammetalu.eu\/toode\/kivi-imar\/#primaryimage"},"thumbnailUrl":"https:\/\/tammetalu.eu\/wp-content\/uploads\/2022\/08\/Kivi-imar-tamme-talu-urdiaed-5.jpeg","datePublished":"2022-08-09T06:09:43+00:00","dateModified":"2026-05-04T05:49:38+00:00","breadcrumb":{"@id":"https:\/\/tammetalu.eu\/toode\/kivi-imar\/#breadcrumb"},"inLanguage":"fi","potentialAction":[{"@type":"ReadAction","target":["https:\/\/tammetalu.eu\/toode\/kivi-imar\/"]}]},{"@type":"ImageObject","inLanguage":"fi","@id":"https:\/\/tammetalu.eu\/toode\/kivi-imar\/#primaryimage","url":"https:\/\/tammetalu.eu\/wp-content\/uploads\/2022\/08\/Kivi-imar-tamme-talu-urdiaed-5.jpeg","contentUrl":"https:\/\/tammetalu.eu\/wp-content\/uploads\/2022\/08\/Kivi-imar-tamme-talu-urdiaed-5.jpeg","width":675,"height":675},{"@type":"BreadcrumbList","@id":"https:\/\/tammetalu.eu\/toode\/kivi-imar\/#breadcrumb","itemListElement":[{"@type":"ListItem","position":1,"name":"Home","item":"https:\/\/tammetalu.eu\/fi\/etusivu\/"},{"@type":"ListItem","position":2,"name":"Kaikki tuotteet","item":"https:\/\/tammetalu.eu\/fi\/kaikki-tuotteet\/"},{"@type":"ListItem","position":3,"name":"Kivi-imar"}]},{"@type":"WebSite","@id":"https:\/\/tammetalu.eu\/#website","url":"https:\/\/tammetalu.eu\/","name":"Tamme talu \u00fcrdiaed","description":"K\u00e4sit\u00f6\u00f6na valmistatud tooted \u00fcrtidest, \u00fcrdiistikud, \u00fcrtide kollektsioonaed","publisher":{"@id":"https:\/\/tammetalu.eu\/#organization"},"alternateName":"Tamme talu","potentialAction":[{"@type":"SearchAction","target":{"@type":"EntryPoint","urlTemplate":"https:\/\/tammetalu.eu\/?s={search_term_string}"},"query-input":{"@type":"PropertyValueSpecification","valueRequired":true,"valueName":"search_term_string"}}],"inLanguage":"fi"},{"@type":"Organization","@id":"https:\/\/tammetalu.eu\/#organization","name":"Tamme talu \u00fcrdiaed","alternateName":"Tamme talu","url":"https:\/\/tammetalu.eu\/","logo":{"@type":"ImageObject","inLanguage":"fi","@id":"https:\/\/tammetalu.eu\/#\/schema\/logo\/image\/","url":"https:\/\/tammetalu.eu\/wp-content\/uploads\/2025\/01\/Tamme_talu_urdiaed.png","contentUrl":"https:\/\/tammetalu.eu\/wp-content\/uploads\/2025\/01\/Tamme_talu_urdiaed.png","width":560,"height":560,"caption":"Tamme talu \u00fcrdiaed"},"image":{"@id":"https:\/\/tammetalu.eu\/#\/schema\/logo\/image\/"},"sameAs":["https:\/\/www.facebook.com\/TammeTaluUrdiaed\/?locale=et_EE","https:\/\/www.instagram.com\/tammetaluurdiaed\/"]}]}},"_links":{"self":[{"href":"https:\/\/tammetalu.eu\/fi\/wp-json\/wp\/v2\/product\/16155","targetHints":{"allow":["GET"]}}],"collection":[{"href":"https:\/\/tammetalu.eu\/fi\/wp-json\/wp\/v2\/product"}],"about":[{"href":"https:\/\/tammetalu.eu\/fi\/wp-json\/wp\/v2\/types\/product"}],"wp:featuredmedia":[{"embeddable":true,"href":"https:\/\/tammetalu.eu\/fi\/wp-json\/wp\/v2\/media\/16280"}],"wp:attachment":[{"href":"https:\/\/tammetalu.eu\/fi\/wp-json\/wp\/v2\/media?parent=16155"}],"wp:term":[{"taxonomy":"product_brand","embeddable":true,"href":"https:\/\/tammetalu.eu\/fi\/wp-json\/wp\/v2\/product_brand?post=16155"},{"taxonomy":"product_cat","embeddable":true,"href":"https:\/\/tammetalu.eu\/fi\/wp-json\/wp\/v2\/product_cat?post=16155"},{"taxonomy":"product_tag","embeddable":true,"href":"https:\/\/tammetalu.eu\/fi\/wp-json\/wp\/v2\/product_tag?post=16155"}],"curies":[{"name":"wp","href":"https:\/\/api.w.org\/{rel}","templated":true}]}}