{"id":16156,"date":"2022-08-09T09:09:44","date_gmt":"2022-08-09T06:09:44","guid":{"rendered":"https:\/\/tammetalu.eu?post_type=product&#038;p=16156"},"modified":"2026-04-16T19:48:17","modified_gmt":"2026-04-16T16:48:17","slug":"ameerika-helmikpooris-melting-fire","status":"publish","type":"product","link":"https:\/\/tammetalu.eu\/fi\/toode\/ameerika-helmikpooris-melting-fire\/","title":{"rendered":"Ameerika helmikp\u00f6\u00f6ris Heuchera americana &#8221;Melting Fire&#8221;"},"content":{"rendered":"<p>.<\/p>\n","protected":false},"excerpt":{"rendered":"<p>Ameerika helmikp\u00f6\u00f6ris Heuchera americana \u201eMelting Fire\u201c<\/p>\n<p>LAT: <em>Heuchera americana \u201e<\/em>Melting Fire\u201c<\/p>\n<p>ENG: American alumroot \u201eMelting Fire\u201c<\/p>\n<p>RU: \u0413\u0435\u0439\u0445\u0435\u0440\u0430 \u0430\u043c\u0435\u0440\u0438\u043a\u0430\u043d\u0441\u043a\u0430\u044f \u201eMelting Fire\u201c<\/p>\n<p>FI: Keijunkukat \u201eMelting Fire\u201c<\/p>\n<p>Dekoratiivsete tumepunaste lehtede ja peeneraoliste valkjasroosade pitsiliste \u00f5isikutega v\u00e4ga vastupidav talihaljas p\u00fcsik nii peenrasse kui suuremasse potti. Taime k\u00f5rgus kuni 45 cm. Kasvab nii t\u00e4isp\u00e4ikeses kui varjus. Heaks kasvuks vajab parasniisket kuni niisket huumusrikast mulda. Paljundada saab jagamisega.<\/p>\n<p>Ameerika rahvameditsiinis on helmikp\u00f6\u00f6rise juurtest valmistatud pulber kasutusel kui verejooksu peatav vahend. Toimib kootavalt ja p\u00f5letikuvastaselt. Seespidiselt kasutatakse k\u00f5hulahtisuse, d\u00fcsenteeria ja maohaavandite ravis ning vere h\u00fc\u00fcbimist soodustava vahendina. On kasutatud ka v\u00e4hiravis.<\/p>\n<p>K\u00f5rgus: kuni 0,45 m<\/p>\n<p>Laius: kuni 0,50m<\/p>\n<p>\u00d5itsemise aeg: VI-VII<\/p>\n<p>Talvekindlus: V\u00e4ga hea<\/p>\n<p>Poti suurus: 9-11<\/p>\n","protected":false},"featured_media":16284,"template":"","meta":{"_acf_changed":false,"_et_pb_use_builder":"","_et_pb_old_content":"","_et_gb_content_width":"","inline_featured_image":false},"product_brand":[],"product_cat":[186,200],"product_tag":[],"class_list":{"0":"post-16156","1":"product","2":"type-product","3":"status-publish","4":"has-post-thumbnail","6":"product_cat-maitse-ja-ravimtaimede-istikud","7":"product_cat-muud-maitsetaimed","9":"first","10":"instock","11":"sale","12":"taxable","13":"shipping-taxable","14":"purchasable","15":"product-type-simple"},"acf":[],"yoast_head":"<!-- This site is optimized with the Yoast SEO plugin v26.4 - https:\/\/yoast.com\/wordpress\/plugins\/seo\/ -->\n<title>Ameerika helmikp\u00f6\u00f6ris Heuchera americana &quot;Melting Fire&quot; - Tamme talu \u00fcrdiaed<\/title>\n<meta name=\"robots\" content=\"index, follow, max-snippet:-1, max-image-preview:large, max-video-preview:-1\" \/>\n<link rel=\"canonical\" href=\"https:\/\/tammetalu.eu\/toode\/ameerika-helmikpooris-melting-fire\/\" \/>\n<meta property=\"og:locale\" content=\"fi_FI\" \/>\n<meta property=\"og:type\" content=\"article\" \/>\n<meta property=\"og:title\" content=\"Ameerika helmikp\u00f6\u00f6ris Heuchera americana &quot;Melting Fire&quot; - Tamme talu \u00fcrdiaed\" \/>\n<meta property=\"og:description\" content=\"Ameerika helmikp\u00f6\u00f6ris Heuchera americana \u201eMelting Fire\u201c  LAT: Heuchera americana \u201eMelting Fire\u201c  ENG: American alumroot \u201eMelting Fire\u201c  RU: \u0413\u0435\u0439\u0445\u0435\u0440\u0430 \u0430\u043c\u0435\u0440\u0438\u043a\u0430\u043d\u0441\u043a\u0430\u044f \u201eMelting Fire\u201c  FI: Keijunkukat \u201eMelting Fire\u201c  Dekoratiivsete tumepunaste lehtede ja peeneraoliste valkjasroosade pitsiliste \u00f5isikutega v\u00e4ga vastupidav talihaljas p\u00fcsik nii peenrasse kui suuremasse potti. Taime k\u00f5rgus kuni 45 cm. Kasvab nii t\u00e4isp\u00e4ikeses kui varjus. Heaks kasvuks vajab parasniisket kuni niisket huumusrikast mulda. Paljundada saab jagamisega.  Ameerika rahvameditsiinis on helmikp\u00f6\u00f6rise juurtest valmistatud pulber kasutusel kui verejooksu peatav vahend. Toimib kootavalt ja p\u00f5letikuvastaselt. Seespidiselt kasutatakse k\u00f5hulahtisuse, d\u00fcsenteeria ja maohaavandite ravis ning vere h\u00fc\u00fcbimist soodustava vahendina. On kasutatud ka v\u00e4hiravis.  K\u00f5rgus: kuni 0,45 m  Laius: kuni 0,50m  \u00d5itsemise aeg: VI-VII  Talvekindlus: V\u00e4ga hea  Poti suurus: 9-11\" \/>\n<meta property=\"og:url\" content=\"https:\/\/tammetalu.eu\/toode\/ameerika-helmikpooris-melting-fire\/\" \/>\n<meta property=\"og:site_name\" content=\"Tamme talu \u00fcrdiaed\" \/>\n<meta property=\"article:publisher\" content=\"https:\/\/www.facebook.com\/TammeTaluUrdiaed\/?locale=et_EE\" \/>\n<meta property=\"article:modified_time\" content=\"2026-04-16T16:48:17+00:00\" \/>\n<meta property=\"og:image\" content=\"https:\/\/tammetalu.eu\/wp-content\/uploads\/2022\/08\/ameerika-helmikpooris-melting-fire-tamme-talu-urdiaed-5.jpg\" \/>\n\t<meta property=\"og:image:width\" content=\"470\" \/>\n\t<meta property=\"og:image:height\" content=\"470\" \/>\n\t<meta property=\"og:image:type\" content=\"image\/jpeg\" \/>\n<meta name=\"twitter:card\" content=\"summary_large_image\" \/>\n<meta name=\"twitter:label1\" content=\"Arvioitu lukuaika\" \/>\n\t<meta name=\"twitter:data1\" content=\"1 minuutti\" \/>\n<script type=\"application\/ld+json\" class=\"yoast-schema-graph\">{\"@context\":\"https:\/\/schema.org\",\"@graph\":[{\"@type\":\"WebPage\",\"@id\":\"https:\/\/tammetalu.eu\/toode\/ameerika-helmikpooris-melting-fire\/\",\"url\":\"https:\/\/tammetalu.eu\/toode\/ameerika-helmikpooris-melting-fire\/\",\"name\":\"Ameerika helmikp\u00f6\u00f6ris Heuchera americana \\\"Melting Fire\\\" - Tamme talu \u00fcrdiaed\",\"isPartOf\":{\"@id\":\"https:\/\/tammetalu.eu\/#website\"},\"primaryImageOfPage\":{\"@id\":\"https:\/\/tammetalu.eu\/toode\/ameerika-helmikpooris-melting-fire\/#primaryimage\"},\"image\":{\"@id\":\"https:\/\/tammetalu.eu\/toode\/ameerika-helmikpooris-melting-fire\/#primaryimage\"},\"thumbnailUrl\":\"https:\/\/tammetalu.eu\/wp-content\/uploads\/2022\/08\/ameerika-helmikpooris-melting-fire-tamme-talu-urdiaed-5.jpg\",\"datePublished\":\"2022-08-09T06:09:44+00:00\",\"dateModified\":\"2026-04-16T16:48:17+00:00\",\"breadcrumb\":{\"@id\":\"https:\/\/tammetalu.eu\/toode\/ameerika-helmikpooris-melting-fire\/#breadcrumb\"},\"inLanguage\":\"fi\",\"potentialAction\":[{\"@type\":\"ReadAction\",\"target\":[\"https:\/\/tammetalu.eu\/toode\/ameerika-helmikpooris-melting-fire\/\"]}]},{\"@type\":\"ImageObject\",\"inLanguage\":\"fi\",\"@id\":\"https:\/\/tammetalu.eu\/toode\/ameerika-helmikpooris-melting-fire\/#primaryimage\",\"url\":\"https:\/\/tammetalu.eu\/wp-content\/uploads\/2022\/08\/ameerika-helmikpooris-melting-fire-tamme-talu-urdiaed-5.jpg\",\"contentUrl\":\"https:\/\/tammetalu.eu\/wp-content\/uploads\/2022\/08\/ameerika-helmikpooris-melting-fire-tamme-talu-urdiaed-5.jpg\",\"width\":470,\"height\":470},{\"@type\":\"BreadcrumbList\",\"@id\":\"https:\/\/tammetalu.eu\/toode\/ameerika-helmikpooris-melting-fire\/#breadcrumb\",\"itemListElement\":[{\"@type\":\"ListItem\",\"position\":1,\"name\":\"Home\",\"item\":\"https:\/\/tammetalu.eu\/fi\/etusivu\/\"},{\"@type\":\"ListItem\",\"position\":2,\"name\":\"Kaikki tuotteet\",\"item\":\"https:\/\/tammetalu.eu\/fi\/kaikki-tuotteet\/\"},{\"@type\":\"ListItem\",\"position\":3,\"name\":\"Ameerika helmikp\u00f6\u00f6ris Heuchera americana &#8220;Melting Fire&#8221;\"}]},{\"@type\":\"WebSite\",\"@id\":\"https:\/\/tammetalu.eu\/#website\",\"url\":\"https:\/\/tammetalu.eu\/\",\"name\":\"Tamme talu \u00fcrdiaed\",\"description\":\"K\u00e4sit\u00f6\u00f6na valmistatud tooted \u00fcrtidest, \u00fcrdiistikud, \u00fcrtide kollektsioonaed\",\"publisher\":{\"@id\":\"https:\/\/tammetalu.eu\/#organization\"},\"alternateName\":\"Tamme talu\",\"potentialAction\":[{\"@type\":\"SearchAction\",\"target\":{\"@type\":\"EntryPoint\",\"urlTemplate\":\"https:\/\/tammetalu.eu\/?s={search_term_string}\"},\"query-input\":{\"@type\":\"PropertyValueSpecification\",\"valueRequired\":true,\"valueName\":\"search_term_string\"}}],\"inLanguage\":\"fi\"},{\"@type\":\"Organization\",\"@id\":\"https:\/\/tammetalu.eu\/#organization\",\"name\":\"Tamme talu \u00fcrdiaed\",\"alternateName\":\"Tamme talu\",\"url\":\"https:\/\/tammetalu.eu\/\",\"logo\":{\"@type\":\"ImageObject\",\"inLanguage\":\"fi\",\"@id\":\"https:\/\/tammetalu.eu\/#\/schema\/logo\/image\/\",\"url\":\"https:\/\/tammetalu.eu\/wp-content\/uploads\/2025\/01\/Tamme_talu_urdiaed.png\",\"contentUrl\":\"https:\/\/tammetalu.eu\/wp-content\/uploads\/2025\/01\/Tamme_talu_urdiaed.png\",\"width\":560,\"height\":560,\"caption\":\"Tamme talu \u00fcrdiaed\"},\"image\":{\"@id\":\"https:\/\/tammetalu.eu\/#\/schema\/logo\/image\/\"},\"sameAs\":[\"https:\/\/www.facebook.com\/TammeTaluUrdiaed\/?locale=et_EE\",\"https:\/\/www.instagram.com\/tammetaluurdiaed\/\"]}]}<\/script>\n<!-- \/ Yoast SEO plugin. -->","yoast_head_json":{"title":"Ameerika helmikp\u00f6\u00f6ris Heuchera americana \"Melting Fire\" - Tamme talu \u00fcrdiaed","robots":{"index":"index","follow":"follow","max-snippet":"max-snippet:-1","max-image-preview":"max-image-preview:large","max-video-preview":"max-video-preview:-1"},"canonical":"https:\/\/tammetalu.eu\/toode\/ameerika-helmikpooris-melting-fire\/","og_locale":"fi_FI","og_type":"article","og_title":"Ameerika helmikp\u00f6\u00f6ris Heuchera americana \"Melting Fire\" - Tamme talu \u00fcrdiaed","og_description":"Ameerika helmikp\u00f6\u00f6ris Heuchera americana \u201eMelting Fire\u201c  LAT: Heuchera americana \u201eMelting Fire\u201c  ENG: American alumroot \u201eMelting Fire\u201c  RU: \u0413\u0435\u0439\u0445\u0435\u0440\u0430 \u0430\u043c\u0435\u0440\u0438\u043a\u0430\u043d\u0441\u043a\u0430\u044f \u201eMelting Fire\u201c  FI: Keijunkukat \u201eMelting Fire\u201c  Dekoratiivsete tumepunaste lehtede ja peeneraoliste valkjasroosade pitsiliste \u00f5isikutega v\u00e4ga vastupidav talihaljas p\u00fcsik nii peenrasse kui suuremasse potti. Taime k\u00f5rgus kuni 45 cm. Kasvab nii t\u00e4isp\u00e4ikeses kui varjus. Heaks kasvuks vajab parasniisket kuni niisket huumusrikast mulda. Paljundada saab jagamisega.  Ameerika rahvameditsiinis on helmikp\u00f6\u00f6rise juurtest valmistatud pulber kasutusel kui verejooksu peatav vahend. Toimib kootavalt ja p\u00f5letikuvastaselt. Seespidiselt kasutatakse k\u00f5hulahtisuse, d\u00fcsenteeria ja maohaavandite ravis ning vere h\u00fc\u00fcbimist soodustava vahendina. On kasutatud ka v\u00e4hiravis.  K\u00f5rgus: kuni 0,45 m  Laius: kuni 0,50m  \u00d5itsemise aeg: VI-VII  Talvekindlus: V\u00e4ga hea  Poti suurus: 9-11","og_url":"https:\/\/tammetalu.eu\/toode\/ameerika-helmikpooris-melting-fire\/","og_site_name":"Tamme talu \u00fcrdiaed","article_publisher":"https:\/\/www.facebook.com\/TammeTaluUrdiaed\/?locale=et_EE","article_modified_time":"2026-04-16T16:48:17+00:00","og_image":[{"width":470,"height":470,"url":"https:\/\/tammetalu.eu\/wp-content\/uploads\/2022\/08\/ameerika-helmikpooris-melting-fire-tamme-talu-urdiaed-5.jpg","type":"image\/jpeg"}],"twitter_card":"summary_large_image","twitter_misc":{"Arvioitu lukuaika":"1 minuutti"},"schema":{"@context":"https:\/\/schema.org","@graph":[{"@type":"WebPage","@id":"https:\/\/tammetalu.eu\/toode\/ameerika-helmikpooris-melting-fire\/","url":"https:\/\/tammetalu.eu\/toode\/ameerika-helmikpooris-melting-fire\/","name":"Ameerika helmikp\u00f6\u00f6ris Heuchera americana \"Melting Fire\" - Tamme talu \u00fcrdiaed","isPartOf":{"@id":"https:\/\/tammetalu.eu\/#website"},"primaryImageOfPage":{"@id":"https:\/\/tammetalu.eu\/toode\/ameerika-helmikpooris-melting-fire\/#primaryimage"},"image":{"@id":"https:\/\/tammetalu.eu\/toode\/ameerika-helmikpooris-melting-fire\/#primaryimage"},"thumbnailUrl":"https:\/\/tammetalu.eu\/wp-content\/uploads\/2022\/08\/ameerika-helmikpooris-melting-fire-tamme-talu-urdiaed-5.jpg","datePublished":"2022-08-09T06:09:44+00:00","dateModified":"2026-04-16T16:48:17+00:00","breadcrumb":{"@id":"https:\/\/tammetalu.eu\/toode\/ameerika-helmikpooris-melting-fire\/#breadcrumb"},"inLanguage":"fi","potentialAction":[{"@type":"ReadAction","target":["https:\/\/tammetalu.eu\/toode\/ameerika-helmikpooris-melting-fire\/"]}]},{"@type":"ImageObject","inLanguage":"fi","@id":"https:\/\/tammetalu.eu\/toode\/ameerika-helmikpooris-melting-fire\/#primaryimage","url":"https:\/\/tammetalu.eu\/wp-content\/uploads\/2022\/08\/ameerika-helmikpooris-melting-fire-tamme-talu-urdiaed-5.jpg","contentUrl":"https:\/\/tammetalu.eu\/wp-content\/uploads\/2022\/08\/ameerika-helmikpooris-melting-fire-tamme-talu-urdiaed-5.jpg","width":470,"height":470},{"@type":"BreadcrumbList","@id":"https:\/\/tammetalu.eu\/toode\/ameerika-helmikpooris-melting-fire\/#breadcrumb","itemListElement":[{"@type":"ListItem","position":1,"name":"Home","item":"https:\/\/tammetalu.eu\/fi\/etusivu\/"},{"@type":"ListItem","position":2,"name":"Kaikki tuotteet","item":"https:\/\/tammetalu.eu\/fi\/kaikki-tuotteet\/"},{"@type":"ListItem","position":3,"name":"Ameerika helmikp\u00f6\u00f6ris Heuchera americana &#8220;Melting Fire&#8221;"}]},{"@type":"WebSite","@id":"https:\/\/tammetalu.eu\/#website","url":"https:\/\/tammetalu.eu\/","name":"Tamme talu \u00fcrdiaed","description":"K\u00e4sit\u00f6\u00f6na valmistatud tooted \u00fcrtidest, \u00fcrdiistikud, \u00fcrtide kollektsioonaed","publisher":{"@id":"https:\/\/tammetalu.eu\/#organization"},"alternateName":"Tamme talu","potentialAction":[{"@type":"SearchAction","target":{"@type":"EntryPoint","urlTemplate":"https:\/\/tammetalu.eu\/?s={search_term_string}"},"query-input":{"@type":"PropertyValueSpecification","valueRequired":true,"valueName":"search_term_string"}}],"inLanguage":"fi"},{"@type":"Organization","@id":"https:\/\/tammetalu.eu\/#organization","name":"Tamme talu \u00fcrdiaed","alternateName":"Tamme talu","url":"https:\/\/tammetalu.eu\/","logo":{"@type":"ImageObject","inLanguage":"fi","@id":"https:\/\/tammetalu.eu\/#\/schema\/logo\/image\/","url":"https:\/\/tammetalu.eu\/wp-content\/uploads\/2025\/01\/Tamme_talu_urdiaed.png","contentUrl":"https:\/\/tammetalu.eu\/wp-content\/uploads\/2025\/01\/Tamme_talu_urdiaed.png","width":560,"height":560,"caption":"Tamme talu \u00fcrdiaed"},"image":{"@id":"https:\/\/tammetalu.eu\/#\/schema\/logo\/image\/"},"sameAs":["https:\/\/www.facebook.com\/TammeTaluUrdiaed\/?locale=et_EE","https:\/\/www.instagram.com\/tammetaluurdiaed\/"]}]}},"_links":{"self":[{"href":"https:\/\/tammetalu.eu\/fi\/wp-json\/wp\/v2\/product\/16156","targetHints":{"allow":["GET"]}}],"collection":[{"href":"https:\/\/tammetalu.eu\/fi\/wp-json\/wp\/v2\/product"}],"about":[{"href":"https:\/\/tammetalu.eu\/fi\/wp-json\/wp\/v2\/types\/product"}],"wp:featuredmedia":[{"embeddable":true,"href":"https:\/\/tammetalu.eu\/fi\/wp-json\/wp\/v2\/media\/16284"}],"wp:attachment":[{"href":"https:\/\/tammetalu.eu\/fi\/wp-json\/wp\/v2\/media?parent=16156"}],"wp:term":[{"taxonomy":"product_brand","embeddable":true,"href":"https:\/\/tammetalu.eu\/fi\/wp-json\/wp\/v2\/product_brand?post=16156"},{"taxonomy":"product_cat","embeddable":true,"href":"https:\/\/tammetalu.eu\/fi\/wp-json\/wp\/v2\/product_cat?post=16156"},{"taxonomy":"product_tag","embeddable":true,"href":"https:\/\/tammetalu.eu\/fi\/wp-json\/wp\/v2\/product_tag?post=16156"}],"curies":[{"name":"wp","href":"https:\/\/api.w.org\/{rel}","templated":true}]}}