{"id":16200,"date":"2022-08-09T09:10:07","date_gmt":"2022-08-09T06:10:07","guid":{"rendered":"https:\/\/tammetalu.eu?post_type=product&#038;p=16200"},"modified":"2026-02-02T15:14:53","modified_gmt":"2026-02-02T13:14:53","slug":"ounmunt","status":"publish","type":"product","link":"https:\/\/tammetalu.eu\/fi\/toode\/ounmunt\/","title":{"rendered":"\u00d5unm\u00fcnt Mentha suaveolens"},"content":{"rendered":"<p>&nbsp;<\/p>\n<p>&nbsp;<\/p>\n","protected":false},"excerpt":{"rendered":"<p>\u00d5unm\u00fcnt <em>Mentha suaveolens<\/em><\/p>\n<p>LAT:\u00a0 <em>Mentha suaveolens <\/em><\/p>\n<p>ENG: Apple mint<\/p>\n<p>RU:\u00a0 \u041c\u044f\u0442a \u0431\u043b\u0430\u0433\u043e\u0440\u043e\u0434\u043d\u0430\u044f<\/p>\n<p>FI: Omenaminttu<\/p>\n<p>N\u00f5rgalt mentooli ja puuvilja j\u00e4rele l\u00f5hnav\u00a0 kuni 1,2 m k\u00f5rgune v\u00e4ga dekoratiivse v\u00e4limusega p\u00fcsik poolvarjulisse kuni p\u00e4ikeselisse parasniiske mullaga kasvukohta. Taimel on hallikasrohelised pehmekarvased lehed, mida on kerge kuivatada. Levib juurev\u00f5sudega, seep\u00e4rast oleks hea taimele planeerida kohe istutades piisav kasvuruum. V\u00e4ga k\u00fclmal lumeta talvel v\u00f5iks taime katta kuuseokste, kuivade puulehtede v\u00f5i turbaga.<\/p>\n<p>\u00d5unm\u00fcnt on v\u00e4ga j\u00f5ulise kasvuga , seep\u00e4rast ei ole see liik parim valik kasvatamiseks r\u00f5dukastis, potis v\u00f5i v\u00e4iksemas peenras.<\/p>\n<p>Sobib kasutamiseks magusates roogades ja mahedamaitselise m\u00fcnditee valmistamiseks. Oma leebe maitse t\u00f5ttu sobib v\u00e4ikelastele ja inimestele, kes ei saa suure mentoolisisaldusega m\u00fcnte kasutada.<\/p>\n<p>Aitab k\u00f5hupuhituse korral, sobib \u00f5htul rahustavaks teeks ka neile inimestele, kes rohem\u00fcnti ja piparm\u00fcnti liiga tugevamaitseliseks peavad.<\/p>\n<p>K\u00f5rgus: kuni 1,2 m<\/p>\n<p>\u00d5itsemise aeg: VI-VIII<\/p>\n<p>Talvekindlus: Talvekindel<\/p>\n<p>Poti suurus : 9-12<\/p>\n<p>&nbsp;<\/p>\n","protected":false},"featured_media":16341,"template":"","meta":{"_acf_changed":false,"_et_pb_use_builder":"","_et_pb_old_content":"","_et_gb_content_width":"","inline_featured_image":false},"product_brand":[],"product_cat":[186,192],"product_tag":[],"class_list":{"0":"post-16200","1":"product","2":"type-product","3":"status-publish","4":"has-post-thumbnail","6":"product_cat-maitse-ja-ravimtaimede-istikud","7":"product_cat-mundid","9":"first","10":"outofstock","11":"sale","12":"taxable","13":"shipping-taxable","14":"purchasable","15":"product-type-simple"},"acf":[],"yoast_head":"<!-- This site is optimized with the Yoast SEO plugin v26.4 - https:\/\/yoast.com\/wordpress\/plugins\/seo\/ -->\n<title>\u00d5unm\u00fcnt Mentha suaveolens - Tamme talu \u00fcrdiaed<\/title>\n<meta name=\"robots\" content=\"index, follow, max-snippet:-1, max-image-preview:large, max-video-preview:-1\" \/>\n<link rel=\"canonical\" href=\"https:\/\/tammetalu.eu\/toode\/ounmunt\/\" \/>\n<meta property=\"og:locale\" content=\"fi_FI\" \/>\n<meta property=\"og:type\" content=\"article\" \/>\n<meta property=\"og:title\" content=\"\u00d5unm\u00fcnt Mentha suaveolens - Tamme talu \u00fcrdiaed\" \/>\n<meta property=\"og:description\" content=\"\u00d5unm\u00fcnt Mentha suaveolens  LAT:\u00a0 Mentha suaveolens   ENG: Apple mint  RU:\u00a0 \u041c\u044f\u0442a \u0431\u043b\u0430\u0433\u043e\u0440\u043e\u0434\u043d\u0430\u044f  FI: Omenaminttu  N\u00f5rgalt mentooli ja puuvilja j\u00e4rele l\u00f5hnav\u00a0 kuni 1,2 m k\u00f5rgune v\u00e4ga dekoratiivse v\u00e4limusega p\u00fcsik poolvarjulisse kuni p\u00e4ikeselisse parasniiske mullaga kasvukohta. Taimel on hallikasrohelised pehmekarvased lehed, mida on kerge kuivatada. Levib juurev\u00f5sudega, seep\u00e4rast oleks hea taimele planeerida kohe istutades piisav kasvuruum. V\u00e4ga k\u00fclmal lumeta talvel v\u00f5iks taime katta kuuseokste, kuivade puulehtede v\u00f5i turbaga.  \u00d5unm\u00fcnt on v\u00e4ga j\u00f5ulise kasvuga , seep\u00e4rast ei ole see liik parim valik kasvatamiseks r\u00f5dukastis, potis v\u00f5i v\u00e4iksemas peenras.  Sobib kasutamiseks magusates roogades ja mahedamaitselise m\u00fcnditee valmistamiseks. Oma leebe maitse t\u00f5ttu sobib v\u00e4ikelastele ja inimestele, kes ei saa suure mentoolisisaldusega m\u00fcnte kasutada.  Aitab k\u00f5hupuhituse korral, sobib \u00f5htul rahustavaks teeks ka neile inimestele, kes rohem\u00fcnti ja piparm\u00fcnti liiga tugevamaitseliseks peavad.  K\u00f5rgus: kuni 1,2 m  \u00d5itsemise aeg: VI-VIII  Talvekindlus: Talvekindel  Poti suurus : 9-12  &nbsp;\" \/>\n<meta property=\"og:url\" content=\"https:\/\/tammetalu.eu\/toode\/ounmunt\/\" \/>\n<meta property=\"og:site_name\" content=\"Tamme talu \u00fcrdiaed\" \/>\n<meta property=\"article:publisher\" content=\"https:\/\/www.facebook.com\/TammeTaluUrdiaed\/?locale=et_EE\" \/>\n<meta property=\"article:modified_time\" content=\"2026-02-02T13:14:53+00:00\" \/>\n<meta property=\"og:image\" content=\"https:\/\/tammetalu.eu\/wp-content\/uploads\/2022\/08\/Mentha_suaveolens_tamme_talu_urdiaed-5.jpg\" \/>\n\t<meta property=\"og:image:width\" content=\"1000\" \/>\n\t<meta property=\"og:image:height\" content=\"665\" \/>\n\t<meta property=\"og:image:type\" content=\"image\/jpeg\" \/>\n<meta name=\"twitter:card\" content=\"summary_large_image\" \/>\n<meta name=\"twitter:label1\" content=\"Arvioitu lukuaika\" \/>\n\t<meta name=\"twitter:data1\" content=\"1 minuutti\" \/>\n<script type=\"application\/ld+json\" class=\"yoast-schema-graph\">{\"@context\":\"https:\/\/schema.org\",\"@graph\":[{\"@type\":\"WebPage\",\"@id\":\"https:\/\/tammetalu.eu\/toode\/ounmunt\/\",\"url\":\"https:\/\/tammetalu.eu\/toode\/ounmunt\/\",\"name\":\"\u00d5unm\u00fcnt Mentha suaveolens - Tamme talu \u00fcrdiaed\",\"isPartOf\":{\"@id\":\"https:\/\/tammetalu.eu\/#website\"},\"primaryImageOfPage\":{\"@id\":\"https:\/\/tammetalu.eu\/toode\/ounmunt\/#primaryimage\"},\"image\":{\"@id\":\"https:\/\/tammetalu.eu\/toode\/ounmunt\/#primaryimage\"},\"thumbnailUrl\":\"https:\/\/tammetalu.eu\/wp-content\/uploads\/2022\/08\/Mentha_suaveolens_tamme_talu_urdiaed-5.jpg\",\"datePublished\":\"2022-08-09T06:10:07+00:00\",\"dateModified\":\"2026-02-02T13:14:53+00:00\",\"breadcrumb\":{\"@id\":\"https:\/\/tammetalu.eu\/toode\/ounmunt\/#breadcrumb\"},\"inLanguage\":\"fi\",\"potentialAction\":[{\"@type\":\"ReadAction\",\"target\":[\"https:\/\/tammetalu.eu\/toode\/ounmunt\/\"]}]},{\"@type\":\"ImageObject\",\"inLanguage\":\"fi\",\"@id\":\"https:\/\/tammetalu.eu\/toode\/ounmunt\/#primaryimage\",\"url\":\"https:\/\/tammetalu.eu\/wp-content\/uploads\/2022\/08\/Mentha_suaveolens_tamme_talu_urdiaed-5.jpg\",\"contentUrl\":\"https:\/\/tammetalu.eu\/wp-content\/uploads\/2022\/08\/Mentha_suaveolens_tamme_talu_urdiaed-5.jpg\",\"width\":1000,\"height\":665},{\"@type\":\"BreadcrumbList\",\"@id\":\"https:\/\/tammetalu.eu\/toode\/ounmunt\/#breadcrumb\",\"itemListElement\":[{\"@type\":\"ListItem\",\"position\":1,\"name\":\"Home\",\"item\":\"https:\/\/tammetalu.eu\/fi\/etusivu\/\"},{\"@type\":\"ListItem\",\"position\":2,\"name\":\"Kaikki tuotteet\",\"item\":\"https:\/\/tammetalu.eu\/fi\/kaikki-tuotteet\/\"},{\"@type\":\"ListItem\",\"position\":3,\"name\":\"\u00d5unm\u00fcnt Mentha suaveolens\"}]},{\"@type\":\"WebSite\",\"@id\":\"https:\/\/tammetalu.eu\/#website\",\"url\":\"https:\/\/tammetalu.eu\/\",\"name\":\"Tamme talu \u00fcrdiaed\",\"description\":\"K\u00e4sit\u00f6\u00f6na valmistatud tooted \u00fcrtidest, \u00fcrdiistikud, \u00fcrtide kollektsioonaed\",\"publisher\":{\"@id\":\"https:\/\/tammetalu.eu\/#organization\"},\"alternateName\":\"Tamme talu\",\"potentialAction\":[{\"@type\":\"SearchAction\",\"target\":{\"@type\":\"EntryPoint\",\"urlTemplate\":\"https:\/\/tammetalu.eu\/?s={search_term_string}\"},\"query-input\":{\"@type\":\"PropertyValueSpecification\",\"valueRequired\":true,\"valueName\":\"search_term_string\"}}],\"inLanguage\":\"fi\"},{\"@type\":\"Organization\",\"@id\":\"https:\/\/tammetalu.eu\/#organization\",\"name\":\"Tamme talu \u00fcrdiaed\",\"alternateName\":\"Tamme talu\",\"url\":\"https:\/\/tammetalu.eu\/\",\"logo\":{\"@type\":\"ImageObject\",\"inLanguage\":\"fi\",\"@id\":\"https:\/\/tammetalu.eu\/#\/schema\/logo\/image\/\",\"url\":\"https:\/\/tammetalu.eu\/wp-content\/uploads\/2025\/01\/Tamme_talu_urdiaed.png\",\"contentUrl\":\"https:\/\/tammetalu.eu\/wp-content\/uploads\/2025\/01\/Tamme_talu_urdiaed.png\",\"width\":560,\"height\":560,\"caption\":\"Tamme talu \u00fcrdiaed\"},\"image\":{\"@id\":\"https:\/\/tammetalu.eu\/#\/schema\/logo\/image\/\"},\"sameAs\":[\"https:\/\/www.facebook.com\/TammeTaluUrdiaed\/?locale=et_EE\",\"https:\/\/www.instagram.com\/tammetaluurdiaed\/\"]}]}<\/script>\n<!-- \/ Yoast SEO plugin. -->","yoast_head_json":{"title":"\u00d5unm\u00fcnt Mentha suaveolens - Tamme talu \u00fcrdiaed","robots":{"index":"index","follow":"follow","max-snippet":"max-snippet:-1","max-image-preview":"max-image-preview:large","max-video-preview":"max-video-preview:-1"},"canonical":"https:\/\/tammetalu.eu\/toode\/ounmunt\/","og_locale":"fi_FI","og_type":"article","og_title":"\u00d5unm\u00fcnt Mentha suaveolens - Tamme talu \u00fcrdiaed","og_description":"\u00d5unm\u00fcnt Mentha suaveolens  LAT:\u00a0 Mentha suaveolens   ENG: Apple mint  RU:\u00a0 \u041c\u044f\u0442a \u0431\u043b\u0430\u0433\u043e\u0440\u043e\u0434\u043d\u0430\u044f  FI: Omenaminttu  N\u00f5rgalt mentooli ja puuvilja j\u00e4rele l\u00f5hnav\u00a0 kuni 1,2 m k\u00f5rgune v\u00e4ga dekoratiivse v\u00e4limusega p\u00fcsik poolvarjulisse kuni p\u00e4ikeselisse parasniiske mullaga kasvukohta. Taimel on hallikasrohelised pehmekarvased lehed, mida on kerge kuivatada. Levib juurev\u00f5sudega, seep\u00e4rast oleks hea taimele planeerida kohe istutades piisav kasvuruum. V\u00e4ga k\u00fclmal lumeta talvel v\u00f5iks taime katta kuuseokste, kuivade puulehtede v\u00f5i turbaga.  \u00d5unm\u00fcnt on v\u00e4ga j\u00f5ulise kasvuga , seep\u00e4rast ei ole see liik parim valik kasvatamiseks r\u00f5dukastis, potis v\u00f5i v\u00e4iksemas peenras.  Sobib kasutamiseks magusates roogades ja mahedamaitselise m\u00fcnditee valmistamiseks. Oma leebe maitse t\u00f5ttu sobib v\u00e4ikelastele ja inimestele, kes ei saa suure mentoolisisaldusega m\u00fcnte kasutada.  Aitab k\u00f5hupuhituse korral, sobib \u00f5htul rahustavaks teeks ka neile inimestele, kes rohem\u00fcnti ja piparm\u00fcnti liiga tugevamaitseliseks peavad.  K\u00f5rgus: kuni 1,2 m  \u00d5itsemise aeg: VI-VIII  Talvekindlus: Talvekindel  Poti suurus : 9-12  &nbsp;","og_url":"https:\/\/tammetalu.eu\/toode\/ounmunt\/","og_site_name":"Tamme talu \u00fcrdiaed","article_publisher":"https:\/\/www.facebook.com\/TammeTaluUrdiaed\/?locale=et_EE","article_modified_time":"2026-02-02T13:14:53+00:00","og_image":[{"width":1000,"height":665,"url":"https:\/\/tammetalu.eu\/wp-content\/uploads\/2022\/08\/Mentha_suaveolens_tamme_talu_urdiaed-5.jpg","type":"image\/jpeg"}],"twitter_card":"summary_large_image","twitter_misc":{"Arvioitu lukuaika":"1 minuutti"},"schema":{"@context":"https:\/\/schema.org","@graph":[{"@type":"WebPage","@id":"https:\/\/tammetalu.eu\/toode\/ounmunt\/","url":"https:\/\/tammetalu.eu\/toode\/ounmunt\/","name":"\u00d5unm\u00fcnt Mentha suaveolens - Tamme talu \u00fcrdiaed","isPartOf":{"@id":"https:\/\/tammetalu.eu\/#website"},"primaryImageOfPage":{"@id":"https:\/\/tammetalu.eu\/toode\/ounmunt\/#primaryimage"},"image":{"@id":"https:\/\/tammetalu.eu\/toode\/ounmunt\/#primaryimage"},"thumbnailUrl":"https:\/\/tammetalu.eu\/wp-content\/uploads\/2022\/08\/Mentha_suaveolens_tamme_talu_urdiaed-5.jpg","datePublished":"2022-08-09T06:10:07+00:00","dateModified":"2026-02-02T13:14:53+00:00","breadcrumb":{"@id":"https:\/\/tammetalu.eu\/toode\/ounmunt\/#breadcrumb"},"inLanguage":"fi","potentialAction":[{"@type":"ReadAction","target":["https:\/\/tammetalu.eu\/toode\/ounmunt\/"]}]},{"@type":"ImageObject","inLanguage":"fi","@id":"https:\/\/tammetalu.eu\/toode\/ounmunt\/#primaryimage","url":"https:\/\/tammetalu.eu\/wp-content\/uploads\/2022\/08\/Mentha_suaveolens_tamme_talu_urdiaed-5.jpg","contentUrl":"https:\/\/tammetalu.eu\/wp-content\/uploads\/2022\/08\/Mentha_suaveolens_tamme_talu_urdiaed-5.jpg","width":1000,"height":665},{"@type":"BreadcrumbList","@id":"https:\/\/tammetalu.eu\/toode\/ounmunt\/#breadcrumb","itemListElement":[{"@type":"ListItem","position":1,"name":"Home","item":"https:\/\/tammetalu.eu\/fi\/etusivu\/"},{"@type":"ListItem","position":2,"name":"Kaikki tuotteet","item":"https:\/\/tammetalu.eu\/fi\/kaikki-tuotteet\/"},{"@type":"ListItem","position":3,"name":"\u00d5unm\u00fcnt Mentha suaveolens"}]},{"@type":"WebSite","@id":"https:\/\/tammetalu.eu\/#website","url":"https:\/\/tammetalu.eu\/","name":"Tamme talu \u00fcrdiaed","description":"K\u00e4sit\u00f6\u00f6na valmistatud tooted \u00fcrtidest, \u00fcrdiistikud, \u00fcrtide kollektsioonaed","publisher":{"@id":"https:\/\/tammetalu.eu\/#organization"},"alternateName":"Tamme talu","potentialAction":[{"@type":"SearchAction","target":{"@type":"EntryPoint","urlTemplate":"https:\/\/tammetalu.eu\/?s={search_term_string}"},"query-input":{"@type":"PropertyValueSpecification","valueRequired":true,"valueName":"search_term_string"}}],"inLanguage":"fi"},{"@type":"Organization","@id":"https:\/\/tammetalu.eu\/#organization","name":"Tamme talu \u00fcrdiaed","alternateName":"Tamme talu","url":"https:\/\/tammetalu.eu\/","logo":{"@type":"ImageObject","inLanguage":"fi","@id":"https:\/\/tammetalu.eu\/#\/schema\/logo\/image\/","url":"https:\/\/tammetalu.eu\/wp-content\/uploads\/2025\/01\/Tamme_talu_urdiaed.png","contentUrl":"https:\/\/tammetalu.eu\/wp-content\/uploads\/2025\/01\/Tamme_talu_urdiaed.png","width":560,"height":560,"caption":"Tamme talu \u00fcrdiaed"},"image":{"@id":"https:\/\/tammetalu.eu\/#\/schema\/logo\/image\/"},"sameAs":["https:\/\/www.facebook.com\/TammeTaluUrdiaed\/?locale=et_EE","https:\/\/www.instagram.com\/tammetaluurdiaed\/"]}]}},"_links":{"self":[{"href":"https:\/\/tammetalu.eu\/fi\/wp-json\/wp\/v2\/product\/16200","targetHints":{"allow":["GET"]}}],"collection":[{"href":"https:\/\/tammetalu.eu\/fi\/wp-json\/wp\/v2\/product"}],"about":[{"href":"https:\/\/tammetalu.eu\/fi\/wp-json\/wp\/v2\/types\/product"}],"wp:featuredmedia":[{"embeddable":true,"href":"https:\/\/tammetalu.eu\/fi\/wp-json\/wp\/v2\/media\/16341"}],"wp:attachment":[{"href":"https:\/\/tammetalu.eu\/fi\/wp-json\/wp\/v2\/media?parent=16200"}],"wp:term":[{"taxonomy":"product_brand","embeddable":true,"href":"https:\/\/tammetalu.eu\/fi\/wp-json\/wp\/v2\/product_brand?post=16200"},{"taxonomy":"product_cat","embeddable":true,"href":"https:\/\/tammetalu.eu\/fi\/wp-json\/wp\/v2\/product_cat?post=16200"},{"taxonomy":"product_tag","embeddable":true,"href":"https:\/\/tammetalu.eu\/fi\/wp-json\/wp\/v2\/product_tag?post=16200"}],"curies":[{"name":"wp","href":"https:\/\/api.w.org\/{rel}","templated":true}]}}