{"id":16264,"date":"2022-08-09T09:10:28","date_gmt":"2022-08-09T06:10:28","guid":{"rendered":"https:\/\/tammetalu.eu?post_type=product&#038;p=16264"},"modified":"2026-04-25T23:24:24","modified_gmt":"2026-04-25T20:24:24","slug":"sidrunmunt-swiss-ricola-sveitsi-valge-munt","status":"publish","type":"product","link":"https:\/\/tammetalu.eu\/fi\/toode\/sidrunmunt-swiss-ricola-sveitsi-valge-munt\/","title":{"rendered":"Sidrunm\u00fcnt Mentha xcitrata &#8221;Swiss Ricola&#8221; \u0161veitsi valge m\u00fcnt"},"content":{"rendered":"<p>&nbsp;<\/p>\n<p>&nbsp;<\/p>\n","protected":false},"excerpt":{"rendered":"<p>Sidrunm\u00fcnt Mentha xcitrata \u201cSwiss Ricola\u201d<\/p>\n<p>LAT:\u00a0 Mentha xcitrata \u201cSwiss Ricola\u201d<\/p>\n<p>ENG: Basil Mint \u201cSwiss Ricola\u201d<\/p>\n<p>RU:\u00a0 \u041c\u044f\u0442\u0430 \u201cSwiss Ricola\u201c<\/p>\n<p>FI: Sitruunaminttu \u201eSwiss Ricola\u201c<\/p>\n<p>Piparm\u00fcndikommide maitsega kuni 60 cm k\u00f5rgune veidi k\u00fclmahell p\u00fcsik poolvarjulise v\u00f5i p\u00e4ikeselise parasniiske mullaga kasvukohale. Levib risoomidega, seep\u00e4rast oleks hea taimele planeerida kohe istutades piisav kasvuruum. Paljundada saab k\u00f5ige h\u00f5lpsamalt risoomidega. Sobilik sort kasvatamiseks suuremates pottides ja anumates ja amplites. V\u00e4hen\u00f5udlik suhteliselt talvekindel l\u00fchiajaline p\u00fcsik poolvarjulise v\u00f5i p\u00e4ikeselise parasniiske mullaga kasvukohale. Lumeta talvel v\u00f5iks taime katta.<\/p>\n<p>Sidrunm\u00fcnt sobib kasutamiseks nii soolastes kui magusates roogades ja tee valmistamiseks nii \u00fcksiktaimena kui teiste sobivate teetaimedega koos.<\/p>\n<p>Rahvameditsiinis kasutatakse m\u00fcnditeed \u00f5htul rahustavaks joogiks. On peavalu ja k\u00f5hupuhitusi leevendava toimega.<\/p>\n<p>K\u00f5rgus: kuni 0,6 m<\/p>\n<p>\u00d5itsemise aeg: VI-VIII<\/p>\n<p>Talvekindlus: Talvekindel<\/p>\n<p>Poti suurus : 9-11<\/p>\n<p>&nbsp;<\/p>\n","protected":false},"featured_media":16357,"template":"","meta":{"_acf_changed":false,"_et_pb_use_builder":"","_et_pb_old_content":"","_et_gb_content_width":"","inline_featured_image":false},"product_brand":[],"product_cat":[186,192],"product_tag":[],"class_list":{"0":"post-16264","1":"product","2":"type-product","3":"status-publish","4":"has-post-thumbnail","6":"product_cat-maitse-ja-ravimtaimede-istikud","7":"product_cat-mundid","9":"first","10":"instock","11":"sale","12":"taxable","13":"shipping-taxable","14":"purchasable","15":"product-type-simple"},"acf":[],"yoast_head":"<!-- This site is optimized with the Yoast SEO plugin v26.4 - https:\/\/yoast.com\/wordpress\/plugins\/seo\/ -->\n<title>Sidrunm\u00fcnt Mentha xcitrata &quot;Swiss Ricola&quot; \u0161veitsi valge m\u00fcnt - Tamme talu \u00fcrdiaed<\/title>\n<meta name=\"robots\" content=\"index, follow, max-snippet:-1, max-image-preview:large, max-video-preview:-1\" \/>\n<link rel=\"canonical\" href=\"https:\/\/tammetalu.eu\/toode\/sidrunmunt-swiss-ricola-sveitsi-valge-munt\/\" \/>\n<meta property=\"og:locale\" content=\"fi_FI\" \/>\n<meta property=\"og:type\" content=\"article\" \/>\n<meta property=\"og:title\" content=\"Sidrunm\u00fcnt Mentha xcitrata &quot;Swiss Ricola&quot; \u0161veitsi valge m\u00fcnt - Tamme talu \u00fcrdiaed\" \/>\n<meta property=\"og:description\" content=\"Sidrunm\u00fcnt Mentha xcitrata \u201cSwiss Ricola\u201d  LAT:\u00a0 Mentha xcitrata \u201cSwiss Ricola\u201d  ENG: Basil Mint \u201cSwiss Ricola\u201d  RU:\u00a0 \u041c\u044f\u0442\u0430 \u201cSwiss Ricola\u201c  FI: Sitruunaminttu \u201eSwiss Ricola\u201c  Piparm\u00fcndikommide maitsega kuni 60 cm k\u00f5rgune veidi k\u00fclmahell p\u00fcsik poolvarjulise v\u00f5i p\u00e4ikeselise parasniiske mullaga kasvukohale. Levib risoomidega, seep\u00e4rast oleks hea taimele planeerida kohe istutades piisav kasvuruum. Paljundada saab k\u00f5ige h\u00f5lpsamalt risoomidega. Sobilik sort kasvatamiseks suuremates pottides ja anumates ja amplites. V\u00e4hen\u00f5udlik suhteliselt talvekindel l\u00fchiajaline p\u00fcsik poolvarjulise v\u00f5i p\u00e4ikeselise parasniiske mullaga kasvukohale. Lumeta talvel v\u00f5iks taime katta.  Sidrunm\u00fcnt sobib kasutamiseks nii soolastes kui magusates roogades ja tee valmistamiseks nii \u00fcksiktaimena kui teiste sobivate teetaimedega koos.  Rahvameditsiinis kasutatakse m\u00fcnditeed \u00f5htul rahustavaks joogiks. On peavalu ja k\u00f5hupuhitusi leevendava toimega.  K\u00f5rgus: kuni 0,6 m  \u00d5itsemise aeg: VI-VIII  Talvekindlus: Talvekindel  Poti suurus : 9-11  &nbsp;\" \/>\n<meta property=\"og:url\" content=\"https:\/\/tammetalu.eu\/toode\/sidrunmunt-swiss-ricola-sveitsi-valge-munt\/\" \/>\n<meta property=\"og:site_name\" content=\"Tamme talu \u00fcrdiaed\" \/>\n<meta property=\"article:publisher\" content=\"https:\/\/www.facebook.com\/TammeTaluUrdiaed\/?locale=et_EE\" \/>\n<meta property=\"article:modified_time\" content=\"2026-04-25T20:24:24+00:00\" \/>\n<meta property=\"og:image\" content=\"https:\/\/tammetalu.eu\/wp-content\/uploads\/2022\/08\/mentha-swiss-ricola-tamme-talu-urdiaed-5.jpg\" \/>\n\t<meta property=\"og:image:width\" content=\"300\" \/>\n\t<meta property=\"og:image:height\" content=\"240\" \/>\n\t<meta property=\"og:image:type\" content=\"image\/jpeg\" \/>\n<meta name=\"twitter:card\" content=\"summary_large_image\" \/>\n<meta name=\"twitter:label1\" content=\"Arvioitu lukuaika\" \/>\n\t<meta name=\"twitter:data1\" content=\"1 minuutti\" \/>\n<script type=\"application\/ld+json\" class=\"yoast-schema-graph\">{\"@context\":\"https:\/\/schema.org\",\"@graph\":[{\"@type\":\"WebPage\",\"@id\":\"https:\/\/tammetalu.eu\/toode\/sidrunmunt-swiss-ricola-sveitsi-valge-munt\/\",\"url\":\"https:\/\/tammetalu.eu\/toode\/sidrunmunt-swiss-ricola-sveitsi-valge-munt\/\",\"name\":\"Sidrunm\u00fcnt Mentha xcitrata \\\"Swiss Ricola\\\" \u0161veitsi valge m\u00fcnt - Tamme talu \u00fcrdiaed\",\"isPartOf\":{\"@id\":\"https:\/\/tammetalu.eu\/#website\"},\"primaryImageOfPage\":{\"@id\":\"https:\/\/tammetalu.eu\/toode\/sidrunmunt-swiss-ricola-sveitsi-valge-munt\/#primaryimage\"},\"image\":{\"@id\":\"https:\/\/tammetalu.eu\/toode\/sidrunmunt-swiss-ricola-sveitsi-valge-munt\/#primaryimage\"},\"thumbnailUrl\":\"https:\/\/tammetalu.eu\/wp-content\/uploads\/2022\/08\/mentha-swiss-ricola-tamme-talu-urdiaed-5.jpg\",\"datePublished\":\"2022-08-09T06:10:28+00:00\",\"dateModified\":\"2026-04-25T20:24:24+00:00\",\"breadcrumb\":{\"@id\":\"https:\/\/tammetalu.eu\/toode\/sidrunmunt-swiss-ricola-sveitsi-valge-munt\/#breadcrumb\"},\"inLanguage\":\"fi\",\"potentialAction\":[{\"@type\":\"ReadAction\",\"target\":[\"https:\/\/tammetalu.eu\/toode\/sidrunmunt-swiss-ricola-sveitsi-valge-munt\/\"]}]},{\"@type\":\"ImageObject\",\"inLanguage\":\"fi\",\"@id\":\"https:\/\/tammetalu.eu\/toode\/sidrunmunt-swiss-ricola-sveitsi-valge-munt\/#primaryimage\",\"url\":\"https:\/\/tammetalu.eu\/wp-content\/uploads\/2022\/08\/mentha-swiss-ricola-tamme-talu-urdiaed-5.jpg\",\"contentUrl\":\"https:\/\/tammetalu.eu\/wp-content\/uploads\/2022\/08\/mentha-swiss-ricola-tamme-talu-urdiaed-5.jpg\",\"width\":300,\"height\":240},{\"@type\":\"BreadcrumbList\",\"@id\":\"https:\/\/tammetalu.eu\/toode\/sidrunmunt-swiss-ricola-sveitsi-valge-munt\/#breadcrumb\",\"itemListElement\":[{\"@type\":\"ListItem\",\"position\":1,\"name\":\"Home\",\"item\":\"https:\/\/tammetalu.eu\/fi\/etusivu\/\"},{\"@type\":\"ListItem\",\"position\":2,\"name\":\"Kaikki tuotteet\",\"item\":\"https:\/\/tammetalu.eu\/fi\/kaikki-tuotteet\/\"},{\"@type\":\"ListItem\",\"position\":3,\"name\":\"Sidrunm\u00fcnt Mentha xcitrata &#8220;Swiss Ricola&#8221; \u0161veitsi valge m\u00fcnt\"}]},{\"@type\":\"WebSite\",\"@id\":\"https:\/\/tammetalu.eu\/#website\",\"url\":\"https:\/\/tammetalu.eu\/\",\"name\":\"Tamme talu \u00fcrdiaed\",\"description\":\"K\u00e4sit\u00f6\u00f6na valmistatud tooted \u00fcrtidest, \u00fcrdiistikud, \u00fcrtide kollektsioonaed\",\"publisher\":{\"@id\":\"https:\/\/tammetalu.eu\/#organization\"},\"alternateName\":\"Tamme talu\",\"potentialAction\":[{\"@type\":\"SearchAction\",\"target\":{\"@type\":\"EntryPoint\",\"urlTemplate\":\"https:\/\/tammetalu.eu\/?s={search_term_string}\"},\"query-input\":{\"@type\":\"PropertyValueSpecification\",\"valueRequired\":true,\"valueName\":\"search_term_string\"}}],\"inLanguage\":\"fi\"},{\"@type\":\"Organization\",\"@id\":\"https:\/\/tammetalu.eu\/#organization\",\"name\":\"Tamme talu \u00fcrdiaed\",\"alternateName\":\"Tamme talu\",\"url\":\"https:\/\/tammetalu.eu\/\",\"logo\":{\"@type\":\"ImageObject\",\"inLanguage\":\"fi\",\"@id\":\"https:\/\/tammetalu.eu\/#\/schema\/logo\/image\/\",\"url\":\"https:\/\/tammetalu.eu\/wp-content\/uploads\/2025\/01\/Tamme_talu_urdiaed.png\",\"contentUrl\":\"https:\/\/tammetalu.eu\/wp-content\/uploads\/2025\/01\/Tamme_talu_urdiaed.png\",\"width\":560,\"height\":560,\"caption\":\"Tamme talu \u00fcrdiaed\"},\"image\":{\"@id\":\"https:\/\/tammetalu.eu\/#\/schema\/logo\/image\/\"},\"sameAs\":[\"https:\/\/www.facebook.com\/TammeTaluUrdiaed\/?locale=et_EE\",\"https:\/\/www.instagram.com\/tammetaluurdiaed\/\"]}]}<\/script>\n<!-- \/ Yoast SEO plugin. -->","yoast_head_json":{"title":"Sidrunm\u00fcnt Mentha xcitrata \"Swiss Ricola\" \u0161veitsi valge m\u00fcnt - Tamme talu \u00fcrdiaed","robots":{"index":"index","follow":"follow","max-snippet":"max-snippet:-1","max-image-preview":"max-image-preview:large","max-video-preview":"max-video-preview:-1"},"canonical":"https:\/\/tammetalu.eu\/toode\/sidrunmunt-swiss-ricola-sveitsi-valge-munt\/","og_locale":"fi_FI","og_type":"article","og_title":"Sidrunm\u00fcnt Mentha xcitrata \"Swiss Ricola\" \u0161veitsi valge m\u00fcnt - Tamme talu \u00fcrdiaed","og_description":"Sidrunm\u00fcnt Mentha xcitrata \u201cSwiss Ricola\u201d  LAT:\u00a0 Mentha xcitrata \u201cSwiss Ricola\u201d  ENG: Basil Mint \u201cSwiss Ricola\u201d  RU:\u00a0 \u041c\u044f\u0442\u0430 \u201cSwiss Ricola\u201c  FI: Sitruunaminttu \u201eSwiss Ricola\u201c  Piparm\u00fcndikommide maitsega kuni 60 cm k\u00f5rgune veidi k\u00fclmahell p\u00fcsik poolvarjulise v\u00f5i p\u00e4ikeselise parasniiske mullaga kasvukohale. Levib risoomidega, seep\u00e4rast oleks hea taimele planeerida kohe istutades piisav kasvuruum. Paljundada saab k\u00f5ige h\u00f5lpsamalt risoomidega. Sobilik sort kasvatamiseks suuremates pottides ja anumates ja amplites. V\u00e4hen\u00f5udlik suhteliselt talvekindel l\u00fchiajaline p\u00fcsik poolvarjulise v\u00f5i p\u00e4ikeselise parasniiske mullaga kasvukohale. Lumeta talvel v\u00f5iks taime katta.  Sidrunm\u00fcnt sobib kasutamiseks nii soolastes kui magusates roogades ja tee valmistamiseks nii \u00fcksiktaimena kui teiste sobivate teetaimedega koos.  Rahvameditsiinis kasutatakse m\u00fcnditeed \u00f5htul rahustavaks joogiks. On peavalu ja k\u00f5hupuhitusi leevendava toimega.  K\u00f5rgus: kuni 0,6 m  \u00d5itsemise aeg: VI-VIII  Talvekindlus: Talvekindel  Poti suurus : 9-11  &nbsp;","og_url":"https:\/\/tammetalu.eu\/toode\/sidrunmunt-swiss-ricola-sveitsi-valge-munt\/","og_site_name":"Tamme talu \u00fcrdiaed","article_publisher":"https:\/\/www.facebook.com\/TammeTaluUrdiaed\/?locale=et_EE","article_modified_time":"2026-04-25T20:24:24+00:00","og_image":[{"width":300,"height":240,"url":"https:\/\/tammetalu.eu\/wp-content\/uploads\/2022\/08\/mentha-swiss-ricola-tamme-talu-urdiaed-5.jpg","type":"image\/jpeg"}],"twitter_card":"summary_large_image","twitter_misc":{"Arvioitu lukuaika":"1 minuutti"},"schema":{"@context":"https:\/\/schema.org","@graph":[{"@type":"WebPage","@id":"https:\/\/tammetalu.eu\/toode\/sidrunmunt-swiss-ricola-sveitsi-valge-munt\/","url":"https:\/\/tammetalu.eu\/toode\/sidrunmunt-swiss-ricola-sveitsi-valge-munt\/","name":"Sidrunm\u00fcnt Mentha xcitrata \"Swiss Ricola\" \u0161veitsi valge m\u00fcnt - Tamme talu \u00fcrdiaed","isPartOf":{"@id":"https:\/\/tammetalu.eu\/#website"},"primaryImageOfPage":{"@id":"https:\/\/tammetalu.eu\/toode\/sidrunmunt-swiss-ricola-sveitsi-valge-munt\/#primaryimage"},"image":{"@id":"https:\/\/tammetalu.eu\/toode\/sidrunmunt-swiss-ricola-sveitsi-valge-munt\/#primaryimage"},"thumbnailUrl":"https:\/\/tammetalu.eu\/wp-content\/uploads\/2022\/08\/mentha-swiss-ricola-tamme-talu-urdiaed-5.jpg","datePublished":"2022-08-09T06:10:28+00:00","dateModified":"2026-04-25T20:24:24+00:00","breadcrumb":{"@id":"https:\/\/tammetalu.eu\/toode\/sidrunmunt-swiss-ricola-sveitsi-valge-munt\/#breadcrumb"},"inLanguage":"fi","potentialAction":[{"@type":"ReadAction","target":["https:\/\/tammetalu.eu\/toode\/sidrunmunt-swiss-ricola-sveitsi-valge-munt\/"]}]},{"@type":"ImageObject","inLanguage":"fi","@id":"https:\/\/tammetalu.eu\/toode\/sidrunmunt-swiss-ricola-sveitsi-valge-munt\/#primaryimage","url":"https:\/\/tammetalu.eu\/wp-content\/uploads\/2022\/08\/mentha-swiss-ricola-tamme-talu-urdiaed-5.jpg","contentUrl":"https:\/\/tammetalu.eu\/wp-content\/uploads\/2022\/08\/mentha-swiss-ricola-tamme-talu-urdiaed-5.jpg","width":300,"height":240},{"@type":"BreadcrumbList","@id":"https:\/\/tammetalu.eu\/toode\/sidrunmunt-swiss-ricola-sveitsi-valge-munt\/#breadcrumb","itemListElement":[{"@type":"ListItem","position":1,"name":"Home","item":"https:\/\/tammetalu.eu\/fi\/etusivu\/"},{"@type":"ListItem","position":2,"name":"Kaikki tuotteet","item":"https:\/\/tammetalu.eu\/fi\/kaikki-tuotteet\/"},{"@type":"ListItem","position":3,"name":"Sidrunm\u00fcnt Mentha xcitrata &#8220;Swiss Ricola&#8221; \u0161veitsi valge m\u00fcnt"}]},{"@type":"WebSite","@id":"https:\/\/tammetalu.eu\/#website","url":"https:\/\/tammetalu.eu\/","name":"Tamme talu \u00fcrdiaed","description":"K\u00e4sit\u00f6\u00f6na valmistatud tooted \u00fcrtidest, \u00fcrdiistikud, \u00fcrtide kollektsioonaed","publisher":{"@id":"https:\/\/tammetalu.eu\/#organization"},"alternateName":"Tamme talu","potentialAction":[{"@type":"SearchAction","target":{"@type":"EntryPoint","urlTemplate":"https:\/\/tammetalu.eu\/?s={search_term_string}"},"query-input":{"@type":"PropertyValueSpecification","valueRequired":true,"valueName":"search_term_string"}}],"inLanguage":"fi"},{"@type":"Organization","@id":"https:\/\/tammetalu.eu\/#organization","name":"Tamme talu \u00fcrdiaed","alternateName":"Tamme talu","url":"https:\/\/tammetalu.eu\/","logo":{"@type":"ImageObject","inLanguage":"fi","@id":"https:\/\/tammetalu.eu\/#\/schema\/logo\/image\/","url":"https:\/\/tammetalu.eu\/wp-content\/uploads\/2025\/01\/Tamme_talu_urdiaed.png","contentUrl":"https:\/\/tammetalu.eu\/wp-content\/uploads\/2025\/01\/Tamme_talu_urdiaed.png","width":560,"height":560,"caption":"Tamme talu \u00fcrdiaed"},"image":{"@id":"https:\/\/tammetalu.eu\/#\/schema\/logo\/image\/"},"sameAs":["https:\/\/www.facebook.com\/TammeTaluUrdiaed\/?locale=et_EE","https:\/\/www.instagram.com\/tammetaluurdiaed\/"]}]}},"_links":{"self":[{"href":"https:\/\/tammetalu.eu\/fi\/wp-json\/wp\/v2\/product\/16264","targetHints":{"allow":["GET"]}}],"collection":[{"href":"https:\/\/tammetalu.eu\/fi\/wp-json\/wp\/v2\/product"}],"about":[{"href":"https:\/\/tammetalu.eu\/fi\/wp-json\/wp\/v2\/types\/product"}],"wp:featuredmedia":[{"embeddable":true,"href":"https:\/\/tammetalu.eu\/fi\/wp-json\/wp\/v2\/media\/16357"}],"wp:attachment":[{"href":"https:\/\/tammetalu.eu\/fi\/wp-json\/wp\/v2\/media?parent=16264"}],"wp:term":[{"taxonomy":"product_brand","embeddable":true,"href":"https:\/\/tammetalu.eu\/fi\/wp-json\/wp\/v2\/product_brand?post=16264"},{"taxonomy":"product_cat","embeddable":true,"href":"https:\/\/tammetalu.eu\/fi\/wp-json\/wp\/v2\/product_cat?post=16264"},{"taxonomy":"product_tag","embeddable":true,"href":"https:\/\/tammetalu.eu\/fi\/wp-json\/wp\/v2\/product_tag?post=16264"}],"curies":[{"name":"wp","href":"https:\/\/api.w.org\/{rel}","templated":true}]}}