{"id":16319,"date":"2022-08-09T09:10:51","date_gmt":"2022-08-09T06:10:51","guid":{"rendered":"https:\/\/tammetalu.eu?post_type=product&#038;p=16319"},"modified":"2026-04-10T11:01:25","modified_gmt":"2026-04-10T08:01:25","slug":"suureoieline-vagihein","status":"publish","type":"product","link":"https:\/\/tammetalu.eu\/fi\/toode\/suureoieline-vagihein\/","title":{"rendered":"Suure\u00f5ieline v\u00e4gihein"},"content":{"rendered":"<p>Suure\u00f5ieline v\u00e4gihein<\/p>\n<p><em>Verbascum phlomoides<\/em><\/p>\n<p>Pea 2,5m k\u00f5rguseks kasvav kaheaastane ravim- ja ilutaim. Esimesel aastal kasvatab v\u00e4gihein madala tiheda lehekodariku ja teisel aastal kasvab \u00f5isikuvarb.\u00a0 P\u00e4ikesekollased \u00f5ied avanevad terve suve jooksul j\u00e4rkudena. Taim on v\u00e4ga v\u00e4hen\u00f5udlik ja sobib kasvama eriti h\u00e4sti liivasele, kruusasele pinnasele. Annab rohkelt isek\u00fclvi, kuid k\u00f5ik seemned kindlasti ei suuda idaneda, sest v\u00e4ikesed taimed ei talu suuremate naabertaimede konkurentsi.<\/p>\n<p>V\u00e4giheina \u00f5itest saab veidi magusamaitselise ja puhta kollase v\u00e4rviga tee, mida juuakse k\u00fclmetuse ja k\u00f6ha korral. Samas sobib v\u00e4giheina \u00f5itest valmistatud teed juua ka lihtsalt kuuma joogina.<\/p>\n","protected":false},"excerpt":{"rendered":"<p>Suure\u00f5ieline v\u00e4gihein Verbascum phlomoides Pea 2,5m k\u00f5rguseks kasvav kaheaastane ravim- ja ilutaim. Esimesel aastal kasvatab v\u00e4gihein madala tiheda lehekodariku ja teisel aastal kasvab \u00f5isikuvarb.\u00a0 P\u00e4ikesekollased \u00f5ied avanevad terve suve jooksul j\u00e4rkudena. Taim on v\u00e4ga v\u00e4hen\u00f5udlik ja sobib kasvama eriti h\u00e4sti liivasele, kruusasele pinnasele. Annab rohkelt isek\u00fclvi, kuid k\u00f5ik seemned kindlasti ei suuda idaneda, sest v\u00e4ikesed [&hellip;]<\/p>\n","protected":false},"featured_media":16417,"template":"","meta":{"_acf_changed":false,"_et_pb_use_builder":"","_et_pb_old_content":"","_et_gb_content_width":"","inline_featured_image":false},"product_brand":[],"product_cat":[247,186,200],"product_tag":[],"class_list":{"0":"post-16319","1":"product","2":"type-product","3":"status-publish","4":"has-post-thumbnail","6":"product_cat-rohenappude-lemmikud","7":"product_cat-maitse-ja-ravimtaimede-istikud","8":"product_cat-muud-maitsetaimed","10":"first","11":"instock","12":"sale","13":"taxable","14":"shipping-taxable","15":"purchasable","16":"product-type-simple"},"acf":[],"yoast_head":"<!-- This site is optimized with the Yoast SEO plugin v26.4 - https:\/\/yoast.com\/wordpress\/plugins\/seo\/ -->\n<title>Suure\u00f5ieline v\u00e4gihein - Tamme talu \u00fcrdiaed<\/title>\n<meta name=\"robots\" content=\"index, follow, max-snippet:-1, max-image-preview:large, max-video-preview:-1\" \/>\n<link rel=\"canonical\" href=\"https:\/\/tammetalu.eu\/toode\/suureoieline-vagihein\/\" \/>\n<meta property=\"og:locale\" content=\"fi_FI\" \/>\n<meta property=\"og:type\" content=\"article\" \/>\n<meta property=\"og:title\" content=\"Suure\u00f5ieline v\u00e4gihein - Tamme talu \u00fcrdiaed\" \/>\n<meta property=\"og:description\" content=\"Suure\u00f5ieline v\u00e4gihein Verbascum phlomoides Pea 2,5m k\u00f5rguseks kasvav kaheaastane ravim- ja ilutaim. Esimesel aastal kasvatab v\u00e4gihein madala tiheda lehekodariku ja teisel aastal kasvab \u00f5isikuvarb.\u00a0 P\u00e4ikesekollased \u00f5ied avanevad terve suve jooksul j\u00e4rkudena. Taim on v\u00e4ga v\u00e4hen\u00f5udlik ja sobib kasvama eriti h\u00e4sti liivasele, kruusasele pinnasele. Annab rohkelt isek\u00fclvi, kuid k\u00f5ik seemned kindlasti ei suuda idaneda, sest v\u00e4ikesed [&hellip;]\" \/>\n<meta property=\"og:url\" content=\"https:\/\/tammetalu.eu\/toode\/suureoieline-vagihein\/\" \/>\n<meta property=\"og:site_name\" content=\"Tamme talu \u00fcrdiaed\" \/>\n<meta property=\"article:publisher\" content=\"https:\/\/www.facebook.com\/TammeTaluUrdiaed\/?locale=et_EE\" \/>\n<meta property=\"article:modified_time\" content=\"2026-04-10T08:01:25+00:00\" \/>\n<meta property=\"og:image\" content=\"https:\/\/tammetalu.eu\/wp-content\/uploads\/2022\/08\/Suureoieline-vagihein-tamme-talu-urdiaed-5.jpg\" \/>\n\t<meta property=\"og:image:width\" content=\"450\" \/>\n\t<meta property=\"og:image:height\" content=\"450\" \/>\n\t<meta property=\"og:image:type\" content=\"image\/jpeg\" \/>\n<meta name=\"twitter:card\" content=\"summary_large_image\" \/>\n<meta name=\"twitter:label1\" content=\"Arvioitu lukuaika\" \/>\n\t<meta name=\"twitter:data1\" content=\"1 minuutti\" \/>\n<script type=\"application\/ld+json\" class=\"yoast-schema-graph\">{\"@context\":\"https:\/\/schema.org\",\"@graph\":[{\"@type\":\"WebPage\",\"@id\":\"https:\/\/tammetalu.eu\/toode\/suureoieline-vagihein\/\",\"url\":\"https:\/\/tammetalu.eu\/toode\/suureoieline-vagihein\/\",\"name\":\"Suure\u00f5ieline v\u00e4gihein - Tamme talu \u00fcrdiaed\",\"isPartOf\":{\"@id\":\"https:\/\/tammetalu.eu\/#website\"},\"primaryImageOfPage\":{\"@id\":\"https:\/\/tammetalu.eu\/toode\/suureoieline-vagihein\/#primaryimage\"},\"image\":{\"@id\":\"https:\/\/tammetalu.eu\/toode\/suureoieline-vagihein\/#primaryimage\"},\"thumbnailUrl\":\"https:\/\/tammetalu.eu\/wp-content\/uploads\/2022\/08\/Suureoieline-vagihein-tamme-talu-urdiaed-5.jpg\",\"datePublished\":\"2022-08-09T06:10:51+00:00\",\"dateModified\":\"2026-04-10T08:01:25+00:00\",\"breadcrumb\":{\"@id\":\"https:\/\/tammetalu.eu\/toode\/suureoieline-vagihein\/#breadcrumb\"},\"inLanguage\":\"fi\",\"potentialAction\":[{\"@type\":\"ReadAction\",\"target\":[\"https:\/\/tammetalu.eu\/toode\/suureoieline-vagihein\/\"]}]},{\"@type\":\"ImageObject\",\"inLanguage\":\"fi\",\"@id\":\"https:\/\/tammetalu.eu\/toode\/suureoieline-vagihein\/#primaryimage\",\"url\":\"https:\/\/tammetalu.eu\/wp-content\/uploads\/2022\/08\/Suureoieline-vagihein-tamme-talu-urdiaed-5.jpg\",\"contentUrl\":\"https:\/\/tammetalu.eu\/wp-content\/uploads\/2022\/08\/Suureoieline-vagihein-tamme-talu-urdiaed-5.jpg\",\"width\":450,\"height\":450},{\"@type\":\"BreadcrumbList\",\"@id\":\"https:\/\/tammetalu.eu\/toode\/suureoieline-vagihein\/#breadcrumb\",\"itemListElement\":[{\"@type\":\"ListItem\",\"position\":1,\"name\":\"Home\",\"item\":\"https:\/\/tammetalu.eu\/fi\/etusivu\/\"},{\"@type\":\"ListItem\",\"position\":2,\"name\":\"Kaikki tuotteet\",\"item\":\"https:\/\/tammetalu.eu\/fi\/kaikki-tuotteet\/\"},{\"@type\":\"ListItem\",\"position\":3,\"name\":\"Suure\u00f5ieline v\u00e4gihein\"}]},{\"@type\":\"WebSite\",\"@id\":\"https:\/\/tammetalu.eu\/#website\",\"url\":\"https:\/\/tammetalu.eu\/\",\"name\":\"Tamme talu \u00fcrdiaed\",\"description\":\"K\u00e4sit\u00f6\u00f6na valmistatud tooted \u00fcrtidest, \u00fcrdiistikud, \u00fcrtide kollektsioonaed\",\"publisher\":{\"@id\":\"https:\/\/tammetalu.eu\/#organization\"},\"alternateName\":\"Tamme talu\",\"potentialAction\":[{\"@type\":\"SearchAction\",\"target\":{\"@type\":\"EntryPoint\",\"urlTemplate\":\"https:\/\/tammetalu.eu\/?s={search_term_string}\"},\"query-input\":{\"@type\":\"PropertyValueSpecification\",\"valueRequired\":true,\"valueName\":\"search_term_string\"}}],\"inLanguage\":\"fi\"},{\"@type\":\"Organization\",\"@id\":\"https:\/\/tammetalu.eu\/#organization\",\"name\":\"Tamme talu \u00fcrdiaed\",\"alternateName\":\"Tamme talu\",\"url\":\"https:\/\/tammetalu.eu\/\",\"logo\":{\"@type\":\"ImageObject\",\"inLanguage\":\"fi\",\"@id\":\"https:\/\/tammetalu.eu\/#\/schema\/logo\/image\/\",\"url\":\"https:\/\/tammetalu.eu\/wp-content\/uploads\/2025\/01\/Tamme_talu_urdiaed.png\",\"contentUrl\":\"https:\/\/tammetalu.eu\/wp-content\/uploads\/2025\/01\/Tamme_talu_urdiaed.png\",\"width\":560,\"height\":560,\"caption\":\"Tamme talu \u00fcrdiaed\"},\"image\":{\"@id\":\"https:\/\/tammetalu.eu\/#\/schema\/logo\/image\/\"},\"sameAs\":[\"https:\/\/www.facebook.com\/TammeTaluUrdiaed\/?locale=et_EE\",\"https:\/\/www.instagram.com\/tammetaluurdiaed\/\"]}]}<\/script>\n<!-- \/ Yoast SEO plugin. -->","yoast_head_json":{"title":"Suure\u00f5ieline v\u00e4gihein - Tamme talu \u00fcrdiaed","robots":{"index":"index","follow":"follow","max-snippet":"max-snippet:-1","max-image-preview":"max-image-preview:large","max-video-preview":"max-video-preview:-1"},"canonical":"https:\/\/tammetalu.eu\/toode\/suureoieline-vagihein\/","og_locale":"fi_FI","og_type":"article","og_title":"Suure\u00f5ieline v\u00e4gihein - Tamme talu \u00fcrdiaed","og_description":"Suure\u00f5ieline v\u00e4gihein Verbascum phlomoides Pea 2,5m k\u00f5rguseks kasvav kaheaastane ravim- ja ilutaim. Esimesel aastal kasvatab v\u00e4gihein madala tiheda lehekodariku ja teisel aastal kasvab \u00f5isikuvarb.\u00a0 P\u00e4ikesekollased \u00f5ied avanevad terve suve jooksul j\u00e4rkudena. Taim on v\u00e4ga v\u00e4hen\u00f5udlik ja sobib kasvama eriti h\u00e4sti liivasele, kruusasele pinnasele. Annab rohkelt isek\u00fclvi, kuid k\u00f5ik seemned kindlasti ei suuda idaneda, sest v\u00e4ikesed [&hellip;]","og_url":"https:\/\/tammetalu.eu\/toode\/suureoieline-vagihein\/","og_site_name":"Tamme talu \u00fcrdiaed","article_publisher":"https:\/\/www.facebook.com\/TammeTaluUrdiaed\/?locale=et_EE","article_modified_time":"2026-04-10T08:01:25+00:00","og_image":[{"width":450,"height":450,"url":"https:\/\/tammetalu.eu\/wp-content\/uploads\/2022\/08\/Suureoieline-vagihein-tamme-talu-urdiaed-5.jpg","type":"image\/jpeg"}],"twitter_card":"summary_large_image","twitter_misc":{"Arvioitu lukuaika":"1 minuutti"},"schema":{"@context":"https:\/\/schema.org","@graph":[{"@type":"WebPage","@id":"https:\/\/tammetalu.eu\/toode\/suureoieline-vagihein\/","url":"https:\/\/tammetalu.eu\/toode\/suureoieline-vagihein\/","name":"Suure\u00f5ieline v\u00e4gihein - Tamme talu \u00fcrdiaed","isPartOf":{"@id":"https:\/\/tammetalu.eu\/#website"},"primaryImageOfPage":{"@id":"https:\/\/tammetalu.eu\/toode\/suureoieline-vagihein\/#primaryimage"},"image":{"@id":"https:\/\/tammetalu.eu\/toode\/suureoieline-vagihein\/#primaryimage"},"thumbnailUrl":"https:\/\/tammetalu.eu\/wp-content\/uploads\/2022\/08\/Suureoieline-vagihein-tamme-talu-urdiaed-5.jpg","datePublished":"2022-08-09T06:10:51+00:00","dateModified":"2026-04-10T08:01:25+00:00","breadcrumb":{"@id":"https:\/\/tammetalu.eu\/toode\/suureoieline-vagihein\/#breadcrumb"},"inLanguage":"fi","potentialAction":[{"@type":"ReadAction","target":["https:\/\/tammetalu.eu\/toode\/suureoieline-vagihein\/"]}]},{"@type":"ImageObject","inLanguage":"fi","@id":"https:\/\/tammetalu.eu\/toode\/suureoieline-vagihein\/#primaryimage","url":"https:\/\/tammetalu.eu\/wp-content\/uploads\/2022\/08\/Suureoieline-vagihein-tamme-talu-urdiaed-5.jpg","contentUrl":"https:\/\/tammetalu.eu\/wp-content\/uploads\/2022\/08\/Suureoieline-vagihein-tamme-talu-urdiaed-5.jpg","width":450,"height":450},{"@type":"BreadcrumbList","@id":"https:\/\/tammetalu.eu\/toode\/suureoieline-vagihein\/#breadcrumb","itemListElement":[{"@type":"ListItem","position":1,"name":"Home","item":"https:\/\/tammetalu.eu\/fi\/etusivu\/"},{"@type":"ListItem","position":2,"name":"Kaikki tuotteet","item":"https:\/\/tammetalu.eu\/fi\/kaikki-tuotteet\/"},{"@type":"ListItem","position":3,"name":"Suure\u00f5ieline v\u00e4gihein"}]},{"@type":"WebSite","@id":"https:\/\/tammetalu.eu\/#website","url":"https:\/\/tammetalu.eu\/","name":"Tamme talu \u00fcrdiaed","description":"K\u00e4sit\u00f6\u00f6na valmistatud tooted \u00fcrtidest, \u00fcrdiistikud, \u00fcrtide kollektsioonaed","publisher":{"@id":"https:\/\/tammetalu.eu\/#organization"},"alternateName":"Tamme talu","potentialAction":[{"@type":"SearchAction","target":{"@type":"EntryPoint","urlTemplate":"https:\/\/tammetalu.eu\/?s={search_term_string}"},"query-input":{"@type":"PropertyValueSpecification","valueRequired":true,"valueName":"search_term_string"}}],"inLanguage":"fi"},{"@type":"Organization","@id":"https:\/\/tammetalu.eu\/#organization","name":"Tamme talu \u00fcrdiaed","alternateName":"Tamme talu","url":"https:\/\/tammetalu.eu\/","logo":{"@type":"ImageObject","inLanguage":"fi","@id":"https:\/\/tammetalu.eu\/#\/schema\/logo\/image\/","url":"https:\/\/tammetalu.eu\/wp-content\/uploads\/2025\/01\/Tamme_talu_urdiaed.png","contentUrl":"https:\/\/tammetalu.eu\/wp-content\/uploads\/2025\/01\/Tamme_talu_urdiaed.png","width":560,"height":560,"caption":"Tamme talu \u00fcrdiaed"},"image":{"@id":"https:\/\/tammetalu.eu\/#\/schema\/logo\/image\/"},"sameAs":["https:\/\/www.facebook.com\/TammeTaluUrdiaed\/?locale=et_EE","https:\/\/www.instagram.com\/tammetaluurdiaed\/"]}]}},"_links":{"self":[{"href":"https:\/\/tammetalu.eu\/fi\/wp-json\/wp\/v2\/product\/16319","targetHints":{"allow":["GET"]}}],"collection":[{"href":"https:\/\/tammetalu.eu\/fi\/wp-json\/wp\/v2\/product"}],"about":[{"href":"https:\/\/tammetalu.eu\/fi\/wp-json\/wp\/v2\/types\/product"}],"wp:featuredmedia":[{"embeddable":true,"href":"https:\/\/tammetalu.eu\/fi\/wp-json\/wp\/v2\/media\/16417"}],"wp:attachment":[{"href":"https:\/\/tammetalu.eu\/fi\/wp-json\/wp\/v2\/media?parent=16319"}],"wp:term":[{"taxonomy":"product_brand","embeddable":true,"href":"https:\/\/tammetalu.eu\/fi\/wp-json\/wp\/v2\/product_brand?post=16319"},{"taxonomy":"product_cat","embeddable":true,"href":"https:\/\/tammetalu.eu\/fi\/wp-json\/wp\/v2\/product_cat?post=16319"},{"taxonomy":"product_tag","embeddable":true,"href":"https:\/\/tammetalu.eu\/fi\/wp-json\/wp\/v2\/product_tag?post=16319"}],"curies":[{"name":"wp","href":"https:\/\/api.w.org\/{rel}","templated":true}]}}