{"id":16712,"date":"2022-10-26T19:43:11","date_gmt":"2022-10-26T16:43:11","guid":{"rendered":"https:\/\/tammetalu.eu\/?post_type=product&#038;p=16712"},"modified":"2026-01-21T11:02:11","modified_gmt":"2026-01-21T09:02:11","slug":"kinkekomplekt","status":"publish","type":"product","link":"https:\/\/tammetalu.eu\/fi\/toode\/kinkekomplekt\/","title":{"rendered":"Kinkekomplekt &#8221;Nautides hetke&#8221;"},"content":{"rendered":"","protected":false},"excerpt":{"rendered":"<p>Kinkekomplekt sisaldab Junimperiumi k\u00e4sit\u00f6\u00f6 d\u017einni, Tamme talu elur\u00f5\u00f5must pakatavat aromaatset teed ning Tamme talu \u00dcrdiaia mett. Junimperiumi Blended Dry d\u017einnis on maailma parimad kadakamarjad ning lisaks muudele maitseandjatele ka Tamme talu p\u00f5ldudel kasvanud salajane komponent.<\/p>\n<p>Elur\u00f5\u00f5mu tee on segu mahlastest vaarikatest ja v\u00e4rskendavast sidrunaloisiast. \u00dcrdiaia mesi t\u00e4iendab kingitust mesimagusa noodiga. T\u00f5eliselt m\u00f5nus kooslus ilusate hetkede nautimiseks! Karbil on l\u00e4bipaistev kaas, mille \u00fcmber on seotud punane siidipael ja k\u00fcljes kaunilt kujundatud kaardike koos armsa s\u00f5numiga. Kinkija saab kaardile lisada kingisaaja nime.<\/p>\n<p>Kinkekarpide koostamisel peame oluliseks keskkonnas\u00e4\u00e4stlikku ning &#8221;v\u00e4hem pr\u00fcgi&#8221; m\u00f5tteviisi. Seep\u00e4rast kasutame karbi sisuna <span style=\"color: #339966;\"><a style=\"color: #339966;\" href=\"https:\/\/raiku.co\/\">RAIKU<\/a><\/span> 100% naturaalset, komposteeruvat ja keskkonnas\u00f5bralikku pakkematerjali, mis on toodetud puidust. V\u00e4ljan\u00e4gemiselt ilus, stiilne ja luksuslik.<\/p>\n<p>R\u00f5\u00f5musta oma l\u00e4hedasi ja \u00e4ripartnereid armastusega loodud kingitustega, mis tulevad Tamme talust!<\/p>\n<p>T\u00e4helepanu! Tegemist on alkoholiga. Alkohol v\u00f5ib kahjustada teie tervist.<\/p>\n","protected":false},"featured_media":26093,"template":"","meta":{"_acf_changed":false,"_et_pb_use_builder":"","_et_pb_old_content":"","_et_gb_content_width":"","inline_featured_image":false},"product_brand":[],"product_cat":[225,185],"product_tag":[],"class_list":{"0":"post-16712","1":"product","2":"type-product","3":"status-publish","4":"has-post-thumbnail","6":"product_cat-kingiideed","7":"product_cat-kinkekomplektid","9":"first","10":"instock","11":"taxable","12":"shipping-taxable","13":"purchasable","14":"product-type-simple"},"acf":[],"yoast_head":"<!-- This site is optimized with the Yoast SEO plugin v26.4 - https:\/\/yoast.com\/wordpress\/plugins\/seo\/ -->\n<title>Kinkekomplekt Nautides hetke Tamme talu \u00fcrdiaiast<\/title>\n<meta name=\"description\" content=\"Kinkekomplekt Nautides hetke telli Tamme talu \u00fcrdiaia e-poest. Sisaldab ilusas klaaspurgis Elur\u00f5\u00f5mu teed, \u00dcrdiaia mett ning Junimperiumi k\u00e4sit\u00f6\u00f6 d\u017einni.\" \/>\n<meta name=\"robots\" content=\"index, follow, max-snippet:-1, max-image-preview:large, max-video-preview:-1\" \/>\n<link rel=\"canonical\" href=\"https:\/\/tammetalu.eu\/toode\/kinkekomplekt\/\" \/>\n<meta property=\"og:locale\" content=\"fi_FI\" \/>\n<meta property=\"og:type\" content=\"article\" \/>\n<meta property=\"og:title\" content=\"Kinkekomplekt Nautides hetke Tamme talu \u00fcrdiaiast\" \/>\n<meta property=\"og:description\" content=\"Kinkekomplekt Nautides hetke telli Tamme talu \u00fcrdiaia e-poest. Sisaldab ilusas klaaspurgis Elur\u00f5\u00f5mu teed, \u00dcrdiaia mett ning Junimperiumi k\u00e4sit\u00f6\u00f6 d\u017einni.\" \/>\n<meta property=\"og:url\" content=\"https:\/\/tammetalu.eu\/toode\/kinkekomplekt\/\" \/>\n<meta property=\"og:site_name\" content=\"Tamme talu \u00fcrdiaed\" \/>\n<meta property=\"article:publisher\" content=\"https:\/\/www.facebook.com\/TammeTaluUrdiaed\/?locale=et_EE\" \/>\n<meta property=\"article:modified_time\" content=\"2026-01-21T09:02:11+00:00\" \/>\n<meta property=\"og:image\" content=\"https:\/\/tammetalu.eu\/wp-content\/uploads\/2022\/10\/Tamme-talu-urdiaed-nautides-hetke.jpg\" \/>\n\t<meta property=\"og:image:width\" content=\"1365\" \/>\n\t<meta property=\"og:image:height\" content=\"2048\" \/>\n\t<meta property=\"og:image:type\" content=\"image\/jpeg\" \/>\n<meta name=\"twitter:card\" content=\"summary_large_image\" \/>\n<meta name=\"twitter:label1\" content=\"Arvioitu lukuaika\" \/>\n\t<meta name=\"twitter:data1\" content=\"1 minuutti\" \/>\n<script type=\"application\/ld+json\" class=\"yoast-schema-graph\">{\"@context\":\"https:\/\/schema.org\",\"@graph\":[{\"@type\":\"WebPage\",\"@id\":\"https:\/\/tammetalu.eu\/toode\/kinkekomplekt\/\",\"url\":\"https:\/\/tammetalu.eu\/toode\/kinkekomplekt\/\",\"name\":\"Kinkekomplekt Nautides hetke Tamme talu \u00fcrdiaiast\",\"isPartOf\":{\"@id\":\"https:\/\/tammetalu.eu\/#website\"},\"primaryImageOfPage\":{\"@id\":\"https:\/\/tammetalu.eu\/toode\/kinkekomplekt\/#primaryimage\"},\"image\":{\"@id\":\"https:\/\/tammetalu.eu\/toode\/kinkekomplekt\/#primaryimage\"},\"thumbnailUrl\":\"https:\/\/tammetalu.eu\/wp-content\/uploads\/2022\/10\/Tamme-talu-urdiaed-nautides-hetke.jpg\",\"datePublished\":\"2022-10-26T16:43:11+00:00\",\"dateModified\":\"2026-01-21T09:02:11+00:00\",\"description\":\"Kinkekomplekt Nautides hetke telli Tamme talu \u00fcrdiaia e-poest. Sisaldab ilusas klaaspurgis Elur\u00f5\u00f5mu teed, \u00dcrdiaia mett ning Junimperiumi k\u00e4sit\u00f6\u00f6 d\u017einni.\",\"breadcrumb\":{\"@id\":\"https:\/\/tammetalu.eu\/toode\/kinkekomplekt\/#breadcrumb\"},\"inLanguage\":\"fi\",\"potentialAction\":[{\"@type\":\"ReadAction\",\"target\":[\"https:\/\/tammetalu.eu\/toode\/kinkekomplekt\/\"]}]},{\"@type\":\"ImageObject\",\"inLanguage\":\"fi\",\"@id\":\"https:\/\/tammetalu.eu\/toode\/kinkekomplekt\/#primaryimage\",\"url\":\"https:\/\/tammetalu.eu\/wp-content\/uploads\/2022\/10\/Tamme-talu-urdiaed-nautides-hetke.jpg\",\"contentUrl\":\"https:\/\/tammetalu.eu\/wp-content\/uploads\/2022\/10\/Tamme-talu-urdiaed-nautides-hetke.jpg\",\"width\":1365,\"height\":2048,\"caption\":\"tamme talu \u00fcrdiaed, kinkekomplekt nautides hetke, junimperium, \u00e4rikingitus, kinkepakk\"},{\"@type\":\"BreadcrumbList\",\"@id\":\"https:\/\/tammetalu.eu\/toode\/kinkekomplekt\/#breadcrumb\",\"itemListElement\":[{\"@type\":\"ListItem\",\"position\":1,\"name\":\"Home\",\"item\":\"https:\/\/tammetalu.eu\/fi\/etusivu\/\"},{\"@type\":\"ListItem\",\"position\":2,\"name\":\"Kaikki tuotteet\",\"item\":\"https:\/\/tammetalu.eu\/fi\/kaikki-tuotteet\/\"},{\"@type\":\"ListItem\",\"position\":3,\"name\":\"Kinkekomplekt &#8220;Nautides hetke&#8221;\"}]},{\"@type\":\"WebSite\",\"@id\":\"https:\/\/tammetalu.eu\/#website\",\"url\":\"https:\/\/tammetalu.eu\/\",\"name\":\"Tamme talu \u00fcrdiaed\",\"description\":\"K\u00e4sit\u00f6\u00f6na valmistatud tooted \u00fcrtidest, \u00fcrdiistikud, \u00fcrtide kollektsioonaed\",\"publisher\":{\"@id\":\"https:\/\/tammetalu.eu\/#organization\"},\"alternateName\":\"Tamme talu\",\"potentialAction\":[{\"@type\":\"SearchAction\",\"target\":{\"@type\":\"EntryPoint\",\"urlTemplate\":\"https:\/\/tammetalu.eu\/?s={search_term_string}\"},\"query-input\":{\"@type\":\"PropertyValueSpecification\",\"valueRequired\":true,\"valueName\":\"search_term_string\"}}],\"inLanguage\":\"fi\"},{\"@type\":\"Organization\",\"@id\":\"https:\/\/tammetalu.eu\/#organization\",\"name\":\"Tamme talu \u00fcrdiaed\",\"alternateName\":\"Tamme talu\",\"url\":\"https:\/\/tammetalu.eu\/\",\"logo\":{\"@type\":\"ImageObject\",\"inLanguage\":\"fi\",\"@id\":\"https:\/\/tammetalu.eu\/#\/schema\/logo\/image\/\",\"url\":\"https:\/\/tammetalu.eu\/wp-content\/uploads\/2025\/01\/Tamme_talu_urdiaed.png\",\"contentUrl\":\"https:\/\/tammetalu.eu\/wp-content\/uploads\/2025\/01\/Tamme_talu_urdiaed.png\",\"width\":560,\"height\":560,\"caption\":\"Tamme talu \u00fcrdiaed\"},\"image\":{\"@id\":\"https:\/\/tammetalu.eu\/#\/schema\/logo\/image\/\"},\"sameAs\":[\"https:\/\/www.facebook.com\/TammeTaluUrdiaed\/?locale=et_EE\",\"https:\/\/www.instagram.com\/tammetaluurdiaed\/\"]}]}<\/script>\n<!-- \/ Yoast SEO plugin. -->","yoast_head_json":{"title":"Kinkekomplekt Nautides hetke Tamme talu \u00fcrdiaiast","description":"Kinkekomplekt Nautides hetke telli Tamme talu \u00fcrdiaia e-poest. Sisaldab ilusas klaaspurgis Elur\u00f5\u00f5mu teed, \u00dcrdiaia mett ning Junimperiumi k\u00e4sit\u00f6\u00f6 d\u017einni.","robots":{"index":"index","follow":"follow","max-snippet":"max-snippet:-1","max-image-preview":"max-image-preview:large","max-video-preview":"max-video-preview:-1"},"canonical":"https:\/\/tammetalu.eu\/toode\/kinkekomplekt\/","og_locale":"fi_FI","og_type":"article","og_title":"Kinkekomplekt Nautides hetke Tamme talu \u00fcrdiaiast","og_description":"Kinkekomplekt Nautides hetke telli Tamme talu \u00fcrdiaia e-poest. Sisaldab ilusas klaaspurgis Elur\u00f5\u00f5mu teed, \u00dcrdiaia mett ning Junimperiumi k\u00e4sit\u00f6\u00f6 d\u017einni.","og_url":"https:\/\/tammetalu.eu\/toode\/kinkekomplekt\/","og_site_name":"Tamme talu \u00fcrdiaed","article_publisher":"https:\/\/www.facebook.com\/TammeTaluUrdiaed\/?locale=et_EE","article_modified_time":"2026-01-21T09:02:11+00:00","og_image":[{"width":1365,"height":2048,"url":"https:\/\/tammetalu.eu\/wp-content\/uploads\/2022\/10\/Tamme-talu-urdiaed-nautides-hetke.jpg","type":"image\/jpeg"}],"twitter_card":"summary_large_image","twitter_misc":{"Arvioitu lukuaika":"1 minuutti"},"schema":{"@context":"https:\/\/schema.org","@graph":[{"@type":"WebPage","@id":"https:\/\/tammetalu.eu\/toode\/kinkekomplekt\/","url":"https:\/\/tammetalu.eu\/toode\/kinkekomplekt\/","name":"Kinkekomplekt Nautides hetke Tamme talu \u00fcrdiaiast","isPartOf":{"@id":"https:\/\/tammetalu.eu\/#website"},"primaryImageOfPage":{"@id":"https:\/\/tammetalu.eu\/toode\/kinkekomplekt\/#primaryimage"},"image":{"@id":"https:\/\/tammetalu.eu\/toode\/kinkekomplekt\/#primaryimage"},"thumbnailUrl":"https:\/\/tammetalu.eu\/wp-content\/uploads\/2022\/10\/Tamme-talu-urdiaed-nautides-hetke.jpg","datePublished":"2022-10-26T16:43:11+00:00","dateModified":"2026-01-21T09:02:11+00:00","description":"Kinkekomplekt Nautides hetke telli Tamme talu \u00fcrdiaia e-poest. Sisaldab ilusas klaaspurgis Elur\u00f5\u00f5mu teed, \u00dcrdiaia mett ning Junimperiumi k\u00e4sit\u00f6\u00f6 d\u017einni.","breadcrumb":{"@id":"https:\/\/tammetalu.eu\/toode\/kinkekomplekt\/#breadcrumb"},"inLanguage":"fi","potentialAction":[{"@type":"ReadAction","target":["https:\/\/tammetalu.eu\/toode\/kinkekomplekt\/"]}]},{"@type":"ImageObject","inLanguage":"fi","@id":"https:\/\/tammetalu.eu\/toode\/kinkekomplekt\/#primaryimage","url":"https:\/\/tammetalu.eu\/wp-content\/uploads\/2022\/10\/Tamme-talu-urdiaed-nautides-hetke.jpg","contentUrl":"https:\/\/tammetalu.eu\/wp-content\/uploads\/2022\/10\/Tamme-talu-urdiaed-nautides-hetke.jpg","width":1365,"height":2048,"caption":"tamme talu \u00fcrdiaed, kinkekomplekt nautides hetke, junimperium, \u00e4rikingitus, kinkepakk"},{"@type":"BreadcrumbList","@id":"https:\/\/tammetalu.eu\/toode\/kinkekomplekt\/#breadcrumb","itemListElement":[{"@type":"ListItem","position":1,"name":"Home","item":"https:\/\/tammetalu.eu\/fi\/etusivu\/"},{"@type":"ListItem","position":2,"name":"Kaikki tuotteet","item":"https:\/\/tammetalu.eu\/fi\/kaikki-tuotteet\/"},{"@type":"ListItem","position":3,"name":"Kinkekomplekt &#8220;Nautides hetke&#8221;"}]},{"@type":"WebSite","@id":"https:\/\/tammetalu.eu\/#website","url":"https:\/\/tammetalu.eu\/","name":"Tamme talu \u00fcrdiaed","description":"K\u00e4sit\u00f6\u00f6na valmistatud tooted \u00fcrtidest, \u00fcrdiistikud, \u00fcrtide kollektsioonaed","publisher":{"@id":"https:\/\/tammetalu.eu\/#organization"},"alternateName":"Tamme talu","potentialAction":[{"@type":"SearchAction","target":{"@type":"EntryPoint","urlTemplate":"https:\/\/tammetalu.eu\/?s={search_term_string}"},"query-input":{"@type":"PropertyValueSpecification","valueRequired":true,"valueName":"search_term_string"}}],"inLanguage":"fi"},{"@type":"Organization","@id":"https:\/\/tammetalu.eu\/#organization","name":"Tamme talu \u00fcrdiaed","alternateName":"Tamme talu","url":"https:\/\/tammetalu.eu\/","logo":{"@type":"ImageObject","inLanguage":"fi","@id":"https:\/\/tammetalu.eu\/#\/schema\/logo\/image\/","url":"https:\/\/tammetalu.eu\/wp-content\/uploads\/2025\/01\/Tamme_talu_urdiaed.png","contentUrl":"https:\/\/tammetalu.eu\/wp-content\/uploads\/2025\/01\/Tamme_talu_urdiaed.png","width":560,"height":560,"caption":"Tamme talu \u00fcrdiaed"},"image":{"@id":"https:\/\/tammetalu.eu\/#\/schema\/logo\/image\/"},"sameAs":["https:\/\/www.facebook.com\/TammeTaluUrdiaed\/?locale=et_EE","https:\/\/www.instagram.com\/tammetaluurdiaed\/"]}]}},"_links":{"self":[{"href":"https:\/\/tammetalu.eu\/fi\/wp-json\/wp\/v2\/product\/16712","targetHints":{"allow":["GET"]}}],"collection":[{"href":"https:\/\/tammetalu.eu\/fi\/wp-json\/wp\/v2\/product"}],"about":[{"href":"https:\/\/tammetalu.eu\/fi\/wp-json\/wp\/v2\/types\/product"}],"wp:featuredmedia":[{"embeddable":true,"href":"https:\/\/tammetalu.eu\/fi\/wp-json\/wp\/v2\/media\/26093"}],"wp:attachment":[{"href":"https:\/\/tammetalu.eu\/fi\/wp-json\/wp\/v2\/media?parent=16712"}],"wp:term":[{"taxonomy":"product_brand","embeddable":true,"href":"https:\/\/tammetalu.eu\/fi\/wp-json\/wp\/v2\/product_brand?post=16712"},{"taxonomy":"product_cat","embeddable":true,"href":"https:\/\/tammetalu.eu\/fi\/wp-json\/wp\/v2\/product_cat?post=16712"},{"taxonomy":"product_tag","embeddable":true,"href":"https:\/\/tammetalu.eu\/fi\/wp-json\/wp\/v2\/product_tag?post=16712"}],"curies":[{"name":"wp","href":"https:\/\/api.w.org\/{rel}","templated":true}]}}