{"id":17635,"date":"2023-04-11T14:36:01","date_gmt":"2023-04-11T11:36:01","guid":{"rendered":"https:\/\/tammetalu.eu\/?post_type=product&#038;p=17635"},"modified":"2026-05-04T18:26:27","modified_gmt":"2026-05-04T15:26:27","slug":"harilik-apteegitill-smokey","status":"publish","type":"product","link":"https:\/\/tammetalu.eu\/fi\/toode\/harilik-apteegitill-smokey\/","title":{"rendered":"Harilik apteegitill &#8221;Smokey&#8221;"},"content":{"rendered":"","protected":false},"excerpt":{"rendered":"<p><em>Foeniculum vulgare<\/em><\/p>\n<p>Apteegitilli sort &#8221;Smokey&#8221; on v\u00e4ga dekoratiivne. Taimel on kaharad pitsilised pronksja v\u00e4rvusega lehed ning kasvab pea 1,2 m k\u00f5rguseks. Teisel kasvuaastal j\u00f5uab soodsa suve korral ka \u00f5itsema minna. Aga selle sordi v\u00e4\u00e4rtus on just p\u00f5nev lehtede v\u00e4rv ja taime kahar kuju.<\/p>\n<p>Apteegitill on kasvukoha ja tingimuste suhtes v\u00e4hen\u00f5udlik. Lepib kuivema mullaga ja kasvab nii t\u00e4isp\u00e4ikeses kui poolvarjus. Tihti kasvatatakse apteegitilli nii k\u00f6\u00f6givilja-, ravimtaime- kui iluaedades ja suvelillepeenardes t\u00e4ite- v\u00f5i taustataimena teistele madalamatele taimedele.<\/p>\n<p>Apteegitill maitseb nagu till ikka, kuid maitses on \u00fclekaalus magusapoolne aniis. Apteegitilli maitse sobib kokku kala ja k\u00f6\u00f6giviljaroogadega, toorsalatitega ja suvejookidega.<\/p>\n","protected":false},"featured_media":17636,"template":"","meta":{"_acf_changed":false,"_et_pb_use_builder":"","_et_pb_old_content":"","_et_gb_content_width":"","inline_featured_image":false},"product_brand":[],"product_cat":[186,203],"product_tag":[],"class_list":{"0":"post-17635","1":"product","2":"type-product","3":"status-publish","4":"has-post-thumbnail","6":"product_cat-maitse-ja-ravimtaimede-istikud","7":"product_cat-ponevad-koogiviljad","9":"first","10":"instock","11":"taxable","12":"shipping-taxable","13":"purchasable","14":"product-type-simple"},"acf":[],"yoast_head":"<!-- This site is optimized with the Yoast SEO plugin v27.5 - https:\/\/yoast.com\/product\/yoast-seo-wordpress\/ -->\n<title>Harilik apteegitill &quot;Smokey&quot; - Tamme talu \u00fcrdiaed<\/title>\n<meta name=\"robots\" content=\"index, follow, max-snippet:-1, max-image-preview:large, max-video-preview:-1\" \/>\n<link rel=\"canonical\" href=\"https:\/\/tammetalu.eu\/toode\/harilik-apteegitill-smokey\/\" \/>\n<meta property=\"og:locale\" content=\"fi_FI\" \/>\n<meta property=\"og:type\" content=\"article\" \/>\n<meta property=\"og:title\" content=\"Harilik apteegitill &quot;Smokey&quot; - Tamme talu \u00fcrdiaed\" \/>\n<meta property=\"og:description\" content=\"Foeniculum vulgare  Apteegitilli sort &quot;Smokey&quot; on v\u00e4ga dekoratiivne. Taimel on kaharad pitsilised pronksja v\u00e4rvusega lehed ning kasvab pea 1,2 m k\u00f5rguseks. Teisel kasvuaastal j\u00f5uab soodsa suve korral ka \u00f5itsema minna. Aga selle sordi v\u00e4\u00e4rtus on just p\u00f5nev lehtede v\u00e4rv ja taime kahar kuju.  Apteegitill on kasvukoha ja tingimuste suhtes v\u00e4hen\u00f5udlik. Lepib kuivema mullaga ja kasvab nii t\u00e4isp\u00e4ikeses kui poolvarjus. Tihti kasvatatakse apteegitilli nii k\u00f6\u00f6givilja-, ravimtaime- kui iluaedades ja suvelillepeenardes t\u00e4ite- v\u00f5i taustataimena teistele madalamatele taimedele.  Apteegitill maitseb nagu till ikka, kuid maitses on \u00fclekaalus magusapoolne aniis. Apteegitilli maitse sobib kokku kala ja k\u00f6\u00f6giviljaroogadega, toorsalatitega ja suvejookidega.\" \/>\n<meta property=\"og:url\" content=\"https:\/\/tammetalu.eu\/toode\/harilik-apteegitill-smokey\/\" \/>\n<meta property=\"og:site_name\" content=\"Tamme talu \u00fcrdiaed\" \/>\n<meta property=\"article:publisher\" content=\"https:\/\/www.facebook.com\/TammeTaluUrdiaed\/?locale=et_EE\" \/>\n<meta property=\"article:modified_time\" content=\"2026-05-04T15:26:27+00:00\" \/>\n<meta property=\"og:image\" content=\"https:\/\/tammetalu.eu\/wp-content\/uploads\/2023\/04\/harilik-apteegitill-smokey-Foeniculum-vulgare-tamme-talu-urdiaed.jpg\" \/>\n\t<meta property=\"og:image:width\" content=\"600\" \/>\n\t<meta property=\"og:image:height\" content=\"600\" \/>\n\t<meta property=\"og:image:type\" content=\"image\/jpeg\" \/>\n<meta name=\"twitter:card\" content=\"summary_large_image\" \/>\n<meta name=\"twitter:label1\" content=\"Arvioitu lukuaika\" \/>\n\t<meta name=\"twitter:data1\" content=\"1 minuutti\" \/>\n<script type=\"application\/ld+json\" class=\"yoast-schema-graph\">{\"@context\":\"https:\\\/\\\/schema.org\",\"@graph\":[{\"@type\":\"WebPage\",\"@id\":\"https:\\\/\\\/tammetalu.eu\\\/toode\\\/harilik-apteegitill-smokey\\\/\",\"url\":\"https:\\\/\\\/tammetalu.eu\\\/toode\\\/harilik-apteegitill-smokey\\\/\",\"name\":\"Harilik apteegitill \\\"Smokey\\\" - Tamme talu \u00fcrdiaed\",\"isPartOf\":{\"@id\":\"https:\\\/\\\/tammetalu.eu\\\/#website\"},\"primaryImageOfPage\":{\"@id\":\"https:\\\/\\\/tammetalu.eu\\\/toode\\\/harilik-apteegitill-smokey\\\/#primaryimage\"},\"image\":{\"@id\":\"https:\\\/\\\/tammetalu.eu\\\/toode\\\/harilik-apteegitill-smokey\\\/#primaryimage\"},\"thumbnailUrl\":\"https:\\\/\\\/tammetalu.eu\\\/wp-content\\\/uploads\\\/2023\\\/04\\\/harilik-apteegitill-smokey-Foeniculum-vulgare-tamme-talu-urdiaed.jpg\",\"datePublished\":\"2023-04-11T11:36:01+00:00\",\"dateModified\":\"2026-05-04T15:26:27+00:00\",\"breadcrumb\":{\"@id\":\"https:\\\/\\\/tammetalu.eu\\\/toode\\\/harilik-apteegitill-smokey\\\/#breadcrumb\"},\"inLanguage\":\"fi\",\"potentialAction\":[{\"@type\":\"ReadAction\",\"target\":[\"https:\\\/\\\/tammetalu.eu\\\/toode\\\/harilik-apteegitill-smokey\\\/\"]}]},{\"@type\":\"ImageObject\",\"inLanguage\":\"fi\",\"@id\":\"https:\\\/\\\/tammetalu.eu\\\/toode\\\/harilik-apteegitill-smokey\\\/#primaryimage\",\"url\":\"https:\\\/\\\/tammetalu.eu\\\/wp-content\\\/uploads\\\/2023\\\/04\\\/harilik-apteegitill-smokey-Foeniculum-vulgare-tamme-talu-urdiaed.jpg\",\"contentUrl\":\"https:\\\/\\\/tammetalu.eu\\\/wp-content\\\/uploads\\\/2023\\\/04\\\/harilik-apteegitill-smokey-Foeniculum-vulgare-tamme-talu-urdiaed.jpg\",\"width\":600,\"height\":600,\"caption\":\"harilik-apteegitill-smokey-Foeniculum-vulgare-tamme-talu-urdiaed\"},{\"@type\":\"BreadcrumbList\",\"@id\":\"https:\\\/\\\/tammetalu.eu\\\/toode\\\/harilik-apteegitill-smokey\\\/#breadcrumb\",\"itemListElement\":[{\"@type\":\"ListItem\",\"position\":1,\"name\":\"Home\",\"item\":\"https:\\\/\\\/tammetalu.eu\\\/fi\\\/etusivu\\\/\"},{\"@type\":\"ListItem\",\"position\":2,\"name\":\"Kaikki tuotteet\",\"item\":\"https:\\\/\\\/tammetalu.eu\\\/fi\\\/kaikki-tuotteet\\\/\"},{\"@type\":\"ListItem\",\"position\":3,\"name\":\"Harilik apteegitill &#8220;Smokey&#8221;\"}]},{\"@type\":\"WebSite\",\"@id\":\"https:\\\/\\\/tammetalu.eu\\\/#website\",\"url\":\"https:\\\/\\\/tammetalu.eu\\\/\",\"name\":\"Tamme talu \u00fcrdiaed\",\"description\":\"K\u00e4sit\u00f6\u00f6na valmistatud tooted \u00fcrtidest, \u00fcrdiistikud, \u00fcrtide kollektsioonaed\",\"publisher\":{\"@id\":\"https:\\\/\\\/tammetalu.eu\\\/#organization\"},\"alternateName\":\"Tamme talu\",\"potentialAction\":[{\"@type\":\"SearchAction\",\"target\":{\"@type\":\"EntryPoint\",\"urlTemplate\":\"https:\\\/\\\/tammetalu.eu\\\/?s={search_term_string}\"},\"query-input\":{\"@type\":\"PropertyValueSpecification\",\"valueRequired\":true,\"valueName\":\"search_term_string\"}}],\"inLanguage\":\"fi\"},{\"@type\":\"Organization\",\"@id\":\"https:\\\/\\\/tammetalu.eu\\\/#organization\",\"name\":\"Tamme talu \u00fcrdiaed\",\"alternateName\":\"Tamme talu\",\"url\":\"https:\\\/\\\/tammetalu.eu\\\/\",\"logo\":{\"@type\":\"ImageObject\",\"inLanguage\":\"fi\",\"@id\":\"https:\\\/\\\/tammetalu.eu\\\/#\\\/schema\\\/logo\\\/image\\\/\",\"url\":\"https:\\\/\\\/tammetalu.eu\\\/wp-content\\\/uploads\\\/2025\\\/01\\\/Tamme_talu_urdiaed.png\",\"contentUrl\":\"https:\\\/\\\/tammetalu.eu\\\/wp-content\\\/uploads\\\/2025\\\/01\\\/Tamme_talu_urdiaed.png\",\"width\":560,\"height\":560,\"caption\":\"Tamme talu \u00fcrdiaed\"},\"image\":{\"@id\":\"https:\\\/\\\/tammetalu.eu\\\/#\\\/schema\\\/logo\\\/image\\\/\"},\"sameAs\":[\"https:\\\/\\\/www.facebook.com\\\/TammeTaluUrdiaed\\\/?locale=et_EE\",\"https:\\\/\\\/www.instagram.com\\\/tammetaluurdiaed\\\/\"]}]}<\/script>\n<!-- \/ Yoast SEO plugin. -->","yoast_head_json":{"title":"Harilik apteegitill \"Smokey\" - Tamme talu \u00fcrdiaed","robots":{"index":"index","follow":"follow","max-snippet":"max-snippet:-1","max-image-preview":"max-image-preview:large","max-video-preview":"max-video-preview:-1"},"canonical":"https:\/\/tammetalu.eu\/toode\/harilik-apteegitill-smokey\/","og_locale":"fi_FI","og_type":"article","og_title":"Harilik apteegitill \"Smokey\" - Tamme talu \u00fcrdiaed","og_description":"Foeniculum vulgare  Apteegitilli sort \"Smokey\" on v\u00e4ga dekoratiivne. Taimel on kaharad pitsilised pronksja v\u00e4rvusega lehed ning kasvab pea 1,2 m k\u00f5rguseks. Teisel kasvuaastal j\u00f5uab soodsa suve korral ka \u00f5itsema minna. Aga selle sordi v\u00e4\u00e4rtus on just p\u00f5nev lehtede v\u00e4rv ja taime kahar kuju.  Apteegitill on kasvukoha ja tingimuste suhtes v\u00e4hen\u00f5udlik. Lepib kuivema mullaga ja kasvab nii t\u00e4isp\u00e4ikeses kui poolvarjus. Tihti kasvatatakse apteegitilli nii k\u00f6\u00f6givilja-, ravimtaime- kui iluaedades ja suvelillepeenardes t\u00e4ite- v\u00f5i taustataimena teistele madalamatele taimedele.  Apteegitill maitseb nagu till ikka, kuid maitses on \u00fclekaalus magusapoolne aniis. Apteegitilli maitse sobib kokku kala ja k\u00f6\u00f6giviljaroogadega, toorsalatitega ja suvejookidega.","og_url":"https:\/\/tammetalu.eu\/toode\/harilik-apteegitill-smokey\/","og_site_name":"Tamme talu \u00fcrdiaed","article_publisher":"https:\/\/www.facebook.com\/TammeTaluUrdiaed\/?locale=et_EE","article_modified_time":"2026-05-04T15:26:27+00:00","og_image":[{"width":600,"height":600,"url":"https:\/\/tammetalu.eu\/wp-content\/uploads\/2023\/04\/harilik-apteegitill-smokey-Foeniculum-vulgare-tamme-talu-urdiaed.jpg","type":"image\/jpeg"}],"twitter_card":"summary_large_image","twitter_misc":{"Arvioitu lukuaika":"1 minuutti"},"schema":{"@context":"https:\/\/schema.org","@graph":[{"@type":"WebPage","@id":"https:\/\/tammetalu.eu\/toode\/harilik-apteegitill-smokey\/","url":"https:\/\/tammetalu.eu\/toode\/harilik-apteegitill-smokey\/","name":"Harilik apteegitill \"Smokey\" - Tamme talu \u00fcrdiaed","isPartOf":{"@id":"https:\/\/tammetalu.eu\/#website"},"primaryImageOfPage":{"@id":"https:\/\/tammetalu.eu\/toode\/harilik-apteegitill-smokey\/#primaryimage"},"image":{"@id":"https:\/\/tammetalu.eu\/toode\/harilik-apteegitill-smokey\/#primaryimage"},"thumbnailUrl":"https:\/\/tammetalu.eu\/wp-content\/uploads\/2023\/04\/harilik-apteegitill-smokey-Foeniculum-vulgare-tamme-talu-urdiaed.jpg","datePublished":"2023-04-11T11:36:01+00:00","dateModified":"2026-05-04T15:26:27+00:00","breadcrumb":{"@id":"https:\/\/tammetalu.eu\/toode\/harilik-apteegitill-smokey\/#breadcrumb"},"inLanguage":"fi","potentialAction":[{"@type":"ReadAction","target":["https:\/\/tammetalu.eu\/toode\/harilik-apteegitill-smokey\/"]}]},{"@type":"ImageObject","inLanguage":"fi","@id":"https:\/\/tammetalu.eu\/toode\/harilik-apteegitill-smokey\/#primaryimage","url":"https:\/\/tammetalu.eu\/wp-content\/uploads\/2023\/04\/harilik-apteegitill-smokey-Foeniculum-vulgare-tamme-talu-urdiaed.jpg","contentUrl":"https:\/\/tammetalu.eu\/wp-content\/uploads\/2023\/04\/harilik-apteegitill-smokey-Foeniculum-vulgare-tamme-talu-urdiaed.jpg","width":600,"height":600,"caption":"harilik-apteegitill-smokey-Foeniculum-vulgare-tamme-talu-urdiaed"},{"@type":"BreadcrumbList","@id":"https:\/\/tammetalu.eu\/toode\/harilik-apteegitill-smokey\/#breadcrumb","itemListElement":[{"@type":"ListItem","position":1,"name":"Home","item":"https:\/\/tammetalu.eu\/fi\/etusivu\/"},{"@type":"ListItem","position":2,"name":"Kaikki tuotteet","item":"https:\/\/tammetalu.eu\/fi\/kaikki-tuotteet\/"},{"@type":"ListItem","position":3,"name":"Harilik apteegitill &#8220;Smokey&#8221;"}]},{"@type":"WebSite","@id":"https:\/\/tammetalu.eu\/#website","url":"https:\/\/tammetalu.eu\/","name":"Tamme talu \u00fcrdiaed","description":"K\u00e4sit\u00f6\u00f6na valmistatud tooted \u00fcrtidest, \u00fcrdiistikud, \u00fcrtide kollektsioonaed","publisher":{"@id":"https:\/\/tammetalu.eu\/#organization"},"alternateName":"Tamme talu","potentialAction":[{"@type":"SearchAction","target":{"@type":"EntryPoint","urlTemplate":"https:\/\/tammetalu.eu\/?s={search_term_string}"},"query-input":{"@type":"PropertyValueSpecification","valueRequired":true,"valueName":"search_term_string"}}],"inLanguage":"fi"},{"@type":"Organization","@id":"https:\/\/tammetalu.eu\/#organization","name":"Tamme talu \u00fcrdiaed","alternateName":"Tamme talu","url":"https:\/\/tammetalu.eu\/","logo":{"@type":"ImageObject","inLanguage":"fi","@id":"https:\/\/tammetalu.eu\/#\/schema\/logo\/image\/","url":"https:\/\/tammetalu.eu\/wp-content\/uploads\/2025\/01\/Tamme_talu_urdiaed.png","contentUrl":"https:\/\/tammetalu.eu\/wp-content\/uploads\/2025\/01\/Tamme_talu_urdiaed.png","width":560,"height":560,"caption":"Tamme talu \u00fcrdiaed"},"image":{"@id":"https:\/\/tammetalu.eu\/#\/schema\/logo\/image\/"},"sameAs":["https:\/\/www.facebook.com\/TammeTaluUrdiaed\/?locale=et_EE","https:\/\/www.instagram.com\/tammetaluurdiaed\/"]}]}},"_links":{"self":[{"href":"https:\/\/tammetalu.eu\/fi\/wp-json\/wp\/v2\/product\/17635","targetHints":{"allow":["GET"]}}],"collection":[{"href":"https:\/\/tammetalu.eu\/fi\/wp-json\/wp\/v2\/product"}],"about":[{"href":"https:\/\/tammetalu.eu\/fi\/wp-json\/wp\/v2\/types\/product"}],"wp:featuredmedia":[{"embeddable":true,"href":"https:\/\/tammetalu.eu\/fi\/wp-json\/wp\/v2\/media\/17636"}],"wp:attachment":[{"href":"https:\/\/tammetalu.eu\/fi\/wp-json\/wp\/v2\/media?parent=17635"}],"wp:term":[{"taxonomy":"product_brand","embeddable":true,"href":"https:\/\/tammetalu.eu\/fi\/wp-json\/wp\/v2\/product_brand?post=17635"},{"taxonomy":"product_cat","embeddable":true,"href":"https:\/\/tammetalu.eu\/fi\/wp-json\/wp\/v2\/product_cat?post=17635"},{"taxonomy":"product_tag","embeddable":true,"href":"https:\/\/tammetalu.eu\/fi\/wp-json\/wp\/v2\/product_tag?post=17635"}],"curies":[{"name":"wp","href":"https:\/\/api.w.org\/{rel}","templated":true}]}}