{"id":17650,"date":"2023-04-11T14:44:32","date_gmt":"2023-04-11T11:44:32","guid":{"rendered":"https:\/\/tammetalu.eu\/?post_type=product&#038;p=17650"},"modified":"2026-05-04T08:49:35","modified_gmt":"2026-05-04T05:49:35","slug":"harilik-kartul-adessa","status":"publish","type":"product","link":"https:\/\/tammetalu.eu\/fi\/toode\/harilik-kartul-adessa\/","title":{"rendered":"Harilik kartul &#8221;Adessa&#8221;"},"content":{"rendered":"","protected":false},"excerpt":{"rendered":"<p><em>Solanum tuberosum<\/em><\/p>\n<p>Proovige sel hooajal kasvatada maailma esimest kartulisorti, mis on kasvatatud seemnest! Kartul &#8217;Adessa&#8217; on aretuse l\u00e4bimurre, mis v\u00f5imaldab aednikel kasvatada kartulit, ilma et oleks vaja muretseda kartulite kasvatamiseks seemnekartulit. V\u00e4ga h\u00e4sti sobib uuenduslik sort &#8221;Adessa&#8221; potis ja v\u00e4iksemas aias kasvatamiseks.<\/p>\n<p>Sort on v\u00e4ga saagikas ja kartulid kasvavad hea hoolduse korral tarbimisk\u00fcpseks juba jaanip\u00e4evaks. Sordi &#8221;Adessa&#8221; mugulad on sileda koorega, seega ei vaja nad koorimist. Kartul &#8217;Adessa&#8217; annab suure saagi ja on suurep\u00e4raste maitseomadustega.\u00a0Piklikud kollase sileda koorega mugulad on maitsva kollase viljalihaga, mis ei lagune keetmisel.<\/p>\n<p>Kartulitaimed on ette kasvatatud pottides ja need tuleb kodus istutada kas suuremasse potti v\u00f5i peenrasse. Taimed kasvavad kuni 90 cm k\u00f5rguseks.<\/p>\n<p>Kartuli \u00a0taimed on parajad v\u00e4lja istutamiseks alates maist. Istutage taimed kasvatuskonteinerisse v\u00f5i h\u00e4sti ettevalmistatud peenrale sooja p\u00e4ikeselisse kohta viljakasse mulda. Istutage kartulid ridadesse 30 cm vahedega. Ridade vahe peaks olema 60 cm. Soovitav on taimed peenras kattelooriga katta, kuni \u00f6\u00f6k\u00fclmaoht on m\u00f6\u00f6dunud. Hoidke kartulitaimi kogu kasvuperioodi jooksul h\u00e4sti kastetuna, kuna see soodustab mugulate arengut. Kui \u00e4hvardab \u00f6\u00f6k\u00fclmaoht, t\u00f5mmake varte kaitseks mulda \u00fcmber taimede v\u00f5i viige kartulipotid k\u00fclmavabasse kohta.<\/p>\n<p>Varaseid p\u00f5hiviljasorte saab koristada umbes 15 n\u00e4dalat p\u00e4rast istutamist, kui lehestik hakkab kollaseks muutuma ja taimede varred lamanduma.<\/p>\n","protected":false},"featured_media":17651,"template":"","meta":{"_acf_changed":false,"_et_pb_use_builder":"","_et_pb_old_content":"","_et_gb_content_width":"","inline_featured_image":false},"product_brand":[],"product_cat":[186,203],"product_tag":[],"class_list":{"0":"post-17650","1":"product","2":"type-product","3":"status-publish","4":"has-post-thumbnail","6":"product_cat-maitse-ja-ravimtaimede-istikud","7":"product_cat-ponevad-koogiviljad","9":"first","10":"outofstock","11":"taxable","12":"shipping-taxable","13":"purchasable","14":"product-type-simple"},"acf":[],"yoast_head":"<!-- This site is optimized with the Yoast SEO plugin v27.5 - https:\/\/yoast.com\/product\/yoast-seo-wordpress\/ -->\n<title>Harilik kartul &quot;Adessa&quot; - Tamme talu \u00fcrdiaed<\/title>\n<meta name=\"description\" content=\"Proovige sel hooajal kasvatada maailma esimest kartulisorti, mis on kasvatatud seemnest! Kartul &#039;Adessa&#039; on aretuse l\u00e4bimurre, mis v\u00f5imaldab aednikel kasvatada kartulit, ilma et oleks vaja muretseda kartulite kasvatamiseks seemnekartulit. V\u00e4ga h\u00e4sti sobib uuenduslik sort &quot;Adessa&quot; potis ja v\u00e4iksemas aias kasvatamiseks.\" \/>\n<meta name=\"robots\" content=\"index, follow, max-snippet:-1, max-image-preview:large, max-video-preview:-1\" \/>\n<link rel=\"canonical\" href=\"https:\/\/tammetalu.eu\/toode\/harilik-kartul-adessa\/\" \/>\n<meta property=\"og:locale\" content=\"fi_FI\" \/>\n<meta property=\"og:type\" content=\"article\" \/>\n<meta property=\"og:title\" content=\"Harilik kartul &quot;Adessa&quot; - Tamme talu \u00fcrdiaed\" \/>\n<meta property=\"og:description\" content=\"Proovige sel hooajal kasvatada maailma esimest kartulisorti, mis on kasvatatud seemnest! Kartul &#039;Adessa&#039; on aretuse l\u00e4bimurre, mis v\u00f5imaldab aednikel kasvatada kartulit, ilma et oleks vaja muretseda kartulite kasvatamiseks seemnekartulit. V\u00e4ga h\u00e4sti sobib uuenduslik sort &quot;Adessa&quot; potis ja v\u00e4iksemas aias kasvatamiseks.\" \/>\n<meta property=\"og:url\" content=\"https:\/\/tammetalu.eu\/toode\/harilik-kartul-adessa\/\" \/>\n<meta property=\"og:site_name\" content=\"Tamme talu \u00fcrdiaed\" \/>\n<meta property=\"article:publisher\" content=\"https:\/\/www.facebook.com\/TammeTaluUrdiaed\/?locale=et_EE\" \/>\n<meta property=\"article:modified_time\" content=\"2026-05-04T05:49:35+00:00\" \/>\n<meta property=\"og:image\" content=\"https:\/\/tammetalu.eu\/wp-content\/uploads\/2023\/04\/harilik-kartul-adessa-Solanum-tuberosum-tamme-talu-urdiaed.jpg\" \/>\n\t<meta property=\"og:image:width\" content=\"698\" \/>\n\t<meta property=\"og:image:height\" content=\"700\" \/>\n\t<meta property=\"og:image:type\" content=\"image\/jpeg\" \/>\n<meta name=\"twitter:card\" content=\"summary_large_image\" \/>\n<meta name=\"twitter:label1\" content=\"Arvioitu lukuaika\" \/>\n\t<meta name=\"twitter:data1\" content=\"1 minuutti\" \/>\n<script type=\"application\/ld+json\" class=\"yoast-schema-graph\">{\"@context\":\"https:\\\/\\\/schema.org\",\"@graph\":[{\"@type\":\"WebPage\",\"@id\":\"https:\\\/\\\/tammetalu.eu\\\/toode\\\/harilik-kartul-adessa\\\/\",\"url\":\"https:\\\/\\\/tammetalu.eu\\\/toode\\\/harilik-kartul-adessa\\\/\",\"name\":\"Harilik kartul \\\"Adessa\\\" - Tamme talu \u00fcrdiaed\",\"isPartOf\":{\"@id\":\"https:\\\/\\\/tammetalu.eu\\\/#website\"},\"primaryImageOfPage\":{\"@id\":\"https:\\\/\\\/tammetalu.eu\\\/toode\\\/harilik-kartul-adessa\\\/#primaryimage\"},\"image\":{\"@id\":\"https:\\\/\\\/tammetalu.eu\\\/toode\\\/harilik-kartul-adessa\\\/#primaryimage\"},\"thumbnailUrl\":\"https:\\\/\\\/tammetalu.eu\\\/wp-content\\\/uploads\\\/2023\\\/04\\\/harilik-kartul-adessa-Solanum-tuberosum-tamme-talu-urdiaed.jpg\",\"datePublished\":\"2023-04-11T11:44:32+00:00\",\"dateModified\":\"2026-05-04T05:49:35+00:00\",\"description\":\"Proovige sel hooajal kasvatada maailma esimest kartulisorti, mis on kasvatatud seemnest! Kartul 'Adessa' on aretuse l\u00e4bimurre, mis v\u00f5imaldab aednikel kasvatada kartulit, ilma et oleks vaja muretseda kartulite kasvatamiseks seemnekartulit. V\u00e4ga h\u00e4sti sobib uuenduslik sort \\\"Adessa\\\" potis ja v\u00e4iksemas aias kasvatamiseks.\",\"breadcrumb\":{\"@id\":\"https:\\\/\\\/tammetalu.eu\\\/toode\\\/harilik-kartul-adessa\\\/#breadcrumb\"},\"inLanguage\":\"fi\",\"potentialAction\":[{\"@type\":\"ReadAction\",\"target\":[\"https:\\\/\\\/tammetalu.eu\\\/toode\\\/harilik-kartul-adessa\\\/\"]}]},{\"@type\":\"ImageObject\",\"inLanguage\":\"fi\",\"@id\":\"https:\\\/\\\/tammetalu.eu\\\/toode\\\/harilik-kartul-adessa\\\/#primaryimage\",\"url\":\"https:\\\/\\\/tammetalu.eu\\\/wp-content\\\/uploads\\\/2023\\\/04\\\/harilik-kartul-adessa-Solanum-tuberosum-tamme-talu-urdiaed.jpg\",\"contentUrl\":\"https:\\\/\\\/tammetalu.eu\\\/wp-content\\\/uploads\\\/2023\\\/04\\\/harilik-kartul-adessa-Solanum-tuberosum-tamme-talu-urdiaed.jpg\",\"width\":698,\"height\":700,\"caption\":\"harilik-kartul-adessa-Solanum-tuberosum-tamme-talu-urdiaed\"},{\"@type\":\"BreadcrumbList\",\"@id\":\"https:\\\/\\\/tammetalu.eu\\\/toode\\\/harilik-kartul-adessa\\\/#breadcrumb\",\"itemListElement\":[{\"@type\":\"ListItem\",\"position\":1,\"name\":\"Home\",\"item\":\"https:\\\/\\\/tammetalu.eu\\\/fi\\\/etusivu\\\/\"},{\"@type\":\"ListItem\",\"position\":2,\"name\":\"Kaikki tuotteet\",\"item\":\"https:\\\/\\\/tammetalu.eu\\\/fi\\\/kaikki-tuotteet\\\/\"},{\"@type\":\"ListItem\",\"position\":3,\"name\":\"Harilik kartul &#8220;Adessa&#8221;\"}]},{\"@type\":\"WebSite\",\"@id\":\"https:\\\/\\\/tammetalu.eu\\\/#website\",\"url\":\"https:\\\/\\\/tammetalu.eu\\\/\",\"name\":\"Tamme talu \u00fcrdiaed\",\"description\":\"K\u00e4sit\u00f6\u00f6na valmistatud tooted \u00fcrtidest, \u00fcrdiistikud, \u00fcrtide kollektsioonaed\",\"publisher\":{\"@id\":\"https:\\\/\\\/tammetalu.eu\\\/#organization\"},\"alternateName\":\"Tamme talu\",\"potentialAction\":[{\"@type\":\"SearchAction\",\"target\":{\"@type\":\"EntryPoint\",\"urlTemplate\":\"https:\\\/\\\/tammetalu.eu\\\/?s={search_term_string}\"},\"query-input\":{\"@type\":\"PropertyValueSpecification\",\"valueRequired\":true,\"valueName\":\"search_term_string\"}}],\"inLanguage\":\"fi\"},{\"@type\":\"Organization\",\"@id\":\"https:\\\/\\\/tammetalu.eu\\\/#organization\",\"name\":\"Tamme talu \u00fcrdiaed\",\"alternateName\":\"Tamme talu\",\"url\":\"https:\\\/\\\/tammetalu.eu\\\/\",\"logo\":{\"@type\":\"ImageObject\",\"inLanguage\":\"fi\",\"@id\":\"https:\\\/\\\/tammetalu.eu\\\/#\\\/schema\\\/logo\\\/image\\\/\",\"url\":\"https:\\\/\\\/tammetalu.eu\\\/wp-content\\\/uploads\\\/2025\\\/01\\\/Tamme_talu_urdiaed.png\",\"contentUrl\":\"https:\\\/\\\/tammetalu.eu\\\/wp-content\\\/uploads\\\/2025\\\/01\\\/Tamme_talu_urdiaed.png\",\"width\":560,\"height\":560,\"caption\":\"Tamme talu \u00fcrdiaed\"},\"image\":{\"@id\":\"https:\\\/\\\/tammetalu.eu\\\/#\\\/schema\\\/logo\\\/image\\\/\"},\"sameAs\":[\"https:\\\/\\\/www.facebook.com\\\/TammeTaluUrdiaed\\\/?locale=et_EE\",\"https:\\\/\\\/www.instagram.com\\\/tammetaluurdiaed\\\/\"]}]}<\/script>\n<!-- \/ Yoast SEO plugin. -->","yoast_head_json":{"title":"Harilik kartul \"Adessa\" - Tamme talu \u00fcrdiaed","description":"Proovige sel hooajal kasvatada maailma esimest kartulisorti, mis on kasvatatud seemnest! Kartul 'Adessa' on aretuse l\u00e4bimurre, mis v\u00f5imaldab aednikel kasvatada kartulit, ilma et oleks vaja muretseda kartulite kasvatamiseks seemnekartulit. V\u00e4ga h\u00e4sti sobib uuenduslik sort \"Adessa\" potis ja v\u00e4iksemas aias kasvatamiseks.","robots":{"index":"index","follow":"follow","max-snippet":"max-snippet:-1","max-image-preview":"max-image-preview:large","max-video-preview":"max-video-preview:-1"},"canonical":"https:\/\/tammetalu.eu\/toode\/harilik-kartul-adessa\/","og_locale":"fi_FI","og_type":"article","og_title":"Harilik kartul \"Adessa\" - Tamme talu \u00fcrdiaed","og_description":"Proovige sel hooajal kasvatada maailma esimest kartulisorti, mis on kasvatatud seemnest! Kartul 'Adessa' on aretuse l\u00e4bimurre, mis v\u00f5imaldab aednikel kasvatada kartulit, ilma et oleks vaja muretseda kartulite kasvatamiseks seemnekartulit. V\u00e4ga h\u00e4sti sobib uuenduslik sort \"Adessa\" potis ja v\u00e4iksemas aias kasvatamiseks.","og_url":"https:\/\/tammetalu.eu\/toode\/harilik-kartul-adessa\/","og_site_name":"Tamme talu \u00fcrdiaed","article_publisher":"https:\/\/www.facebook.com\/TammeTaluUrdiaed\/?locale=et_EE","article_modified_time":"2026-05-04T05:49:35+00:00","og_image":[{"width":698,"height":700,"url":"https:\/\/tammetalu.eu\/wp-content\/uploads\/2023\/04\/harilik-kartul-adessa-Solanum-tuberosum-tamme-talu-urdiaed.jpg","type":"image\/jpeg"}],"twitter_card":"summary_large_image","twitter_misc":{"Arvioitu lukuaika":"1 minuutti"},"schema":{"@context":"https:\/\/schema.org","@graph":[{"@type":"WebPage","@id":"https:\/\/tammetalu.eu\/toode\/harilik-kartul-adessa\/","url":"https:\/\/tammetalu.eu\/toode\/harilik-kartul-adessa\/","name":"Harilik kartul \"Adessa\" - Tamme talu \u00fcrdiaed","isPartOf":{"@id":"https:\/\/tammetalu.eu\/#website"},"primaryImageOfPage":{"@id":"https:\/\/tammetalu.eu\/toode\/harilik-kartul-adessa\/#primaryimage"},"image":{"@id":"https:\/\/tammetalu.eu\/toode\/harilik-kartul-adessa\/#primaryimage"},"thumbnailUrl":"https:\/\/tammetalu.eu\/wp-content\/uploads\/2023\/04\/harilik-kartul-adessa-Solanum-tuberosum-tamme-talu-urdiaed.jpg","datePublished":"2023-04-11T11:44:32+00:00","dateModified":"2026-05-04T05:49:35+00:00","description":"Proovige sel hooajal kasvatada maailma esimest kartulisorti, mis on kasvatatud seemnest! Kartul 'Adessa' on aretuse l\u00e4bimurre, mis v\u00f5imaldab aednikel kasvatada kartulit, ilma et oleks vaja muretseda kartulite kasvatamiseks seemnekartulit. V\u00e4ga h\u00e4sti sobib uuenduslik sort \"Adessa\" potis ja v\u00e4iksemas aias kasvatamiseks.","breadcrumb":{"@id":"https:\/\/tammetalu.eu\/toode\/harilik-kartul-adessa\/#breadcrumb"},"inLanguage":"fi","potentialAction":[{"@type":"ReadAction","target":["https:\/\/tammetalu.eu\/toode\/harilik-kartul-adessa\/"]}]},{"@type":"ImageObject","inLanguage":"fi","@id":"https:\/\/tammetalu.eu\/toode\/harilik-kartul-adessa\/#primaryimage","url":"https:\/\/tammetalu.eu\/wp-content\/uploads\/2023\/04\/harilik-kartul-adessa-Solanum-tuberosum-tamme-talu-urdiaed.jpg","contentUrl":"https:\/\/tammetalu.eu\/wp-content\/uploads\/2023\/04\/harilik-kartul-adessa-Solanum-tuberosum-tamme-talu-urdiaed.jpg","width":698,"height":700,"caption":"harilik-kartul-adessa-Solanum-tuberosum-tamme-talu-urdiaed"},{"@type":"BreadcrumbList","@id":"https:\/\/tammetalu.eu\/toode\/harilik-kartul-adessa\/#breadcrumb","itemListElement":[{"@type":"ListItem","position":1,"name":"Home","item":"https:\/\/tammetalu.eu\/fi\/etusivu\/"},{"@type":"ListItem","position":2,"name":"Kaikki tuotteet","item":"https:\/\/tammetalu.eu\/fi\/kaikki-tuotteet\/"},{"@type":"ListItem","position":3,"name":"Harilik kartul &#8220;Adessa&#8221;"}]},{"@type":"WebSite","@id":"https:\/\/tammetalu.eu\/#website","url":"https:\/\/tammetalu.eu\/","name":"Tamme talu \u00fcrdiaed","description":"K\u00e4sit\u00f6\u00f6na valmistatud tooted \u00fcrtidest, \u00fcrdiistikud, \u00fcrtide kollektsioonaed","publisher":{"@id":"https:\/\/tammetalu.eu\/#organization"},"alternateName":"Tamme talu","potentialAction":[{"@type":"SearchAction","target":{"@type":"EntryPoint","urlTemplate":"https:\/\/tammetalu.eu\/?s={search_term_string}"},"query-input":{"@type":"PropertyValueSpecification","valueRequired":true,"valueName":"search_term_string"}}],"inLanguage":"fi"},{"@type":"Organization","@id":"https:\/\/tammetalu.eu\/#organization","name":"Tamme talu \u00fcrdiaed","alternateName":"Tamme talu","url":"https:\/\/tammetalu.eu\/","logo":{"@type":"ImageObject","inLanguage":"fi","@id":"https:\/\/tammetalu.eu\/#\/schema\/logo\/image\/","url":"https:\/\/tammetalu.eu\/wp-content\/uploads\/2025\/01\/Tamme_talu_urdiaed.png","contentUrl":"https:\/\/tammetalu.eu\/wp-content\/uploads\/2025\/01\/Tamme_talu_urdiaed.png","width":560,"height":560,"caption":"Tamme talu \u00fcrdiaed"},"image":{"@id":"https:\/\/tammetalu.eu\/#\/schema\/logo\/image\/"},"sameAs":["https:\/\/www.facebook.com\/TammeTaluUrdiaed\/?locale=et_EE","https:\/\/www.instagram.com\/tammetaluurdiaed\/"]}]}},"_links":{"self":[{"href":"https:\/\/tammetalu.eu\/fi\/wp-json\/wp\/v2\/product\/17650","targetHints":{"allow":["GET"]}}],"collection":[{"href":"https:\/\/tammetalu.eu\/fi\/wp-json\/wp\/v2\/product"}],"about":[{"href":"https:\/\/tammetalu.eu\/fi\/wp-json\/wp\/v2\/types\/product"}],"wp:featuredmedia":[{"embeddable":true,"href":"https:\/\/tammetalu.eu\/fi\/wp-json\/wp\/v2\/media\/17651"}],"wp:attachment":[{"href":"https:\/\/tammetalu.eu\/fi\/wp-json\/wp\/v2\/media?parent=17650"}],"wp:term":[{"taxonomy":"product_brand","embeddable":true,"href":"https:\/\/tammetalu.eu\/fi\/wp-json\/wp\/v2\/product_brand?post=17650"},{"taxonomy":"product_cat","embeddable":true,"href":"https:\/\/tammetalu.eu\/fi\/wp-json\/wp\/v2\/product_cat?post=17650"},{"taxonomy":"product_tag","embeddable":true,"href":"https:\/\/tammetalu.eu\/fi\/wp-json\/wp\/v2\/product_tag?post=17650"}],"curies":[{"name":"wp","href":"https:\/\/api.w.org\/{rel}","templated":true}]}}