{"id":17660,"date":"2023-04-11T15:02:47","date_gmt":"2023-04-11T12:02:47","guid":{"rendered":"https:\/\/tammetalu.eu\/?post_type=product&#038;p=17660"},"modified":"2026-05-04T08:49:35","modified_gmt":"2026-05-04T05:49:35","slug":"harilik-maikelluke","status":"publish","type":"product","link":"https:\/\/tammetalu.eu\/fi\/toode\/harilik-maikelluke\/","title":{"rendered":"Suure\u00f5ieline maikelluke Convallaria majalis var. grandiflora"},"content":{"rendered":"","protected":false},"excerpt":{"rendered":"<p>Suure\u00f5ieline maikelluke <em>Convallaria majalis var. grandiflora<\/em><\/p>\n<p>LAT: \u00a0<em>Convallaria majalis var. grandiflora<\/em><\/p>\n<p>ENG: \u00a0Lily of the valley<\/p>\n<p>RU: \u00a0\u041b\u0430\u043d\u0434\u044b\u0448 \u043c\u0430\u0439\u0441\u043a\u0438\u0439<\/p>\n<p>FI: \u00a0Kielo<\/p>\n<p>Kes kujutaks ette kevadist metsaalust ilma maikellukesteta, kus imeline aroom ja nagu martsipanist vormitud v\u00e4ikesed l\u00f5hnavad \u00f5ied \u00f5rnroheliste varte otsas pilgutavad vaatajale kelmikalt silma. Suure\u00f5ielise maikellukese \u00f5ied on suuremad ja taimed on ka k\u00f5rgema kasvuga, kui meie looduses kasvaval harilikul maikellukesel.<\/p>\n<p>Aias sobivad maikellukesed nii suurte puude ja p\u00f5\u00f5saste alla pinnakattetaimedeks kui k\u00f5rgemate p\u00fcsikute vahele. Maikellukesed levivad \u00fcsna j\u00f5udsalt risoomide abil ja v\u00f5ivad aja jooksul moodustada v\u00e4ga tiheda kogumikke. Lepivad tavalise aiamullaga. Maikellukesed on kevadel armastatud kimbulilled.<\/p>\n<p>Ettevaatust, maikellukesed on m\u00f5\u00f5dukalt m\u00fcrgised ja toiduks ei k\u00f5lba mitte \u00fchelgi viisil.<\/p>\n<p>Rahvameditsiinis on maikellukestest saadud abi s\u00fcdame t\u00f6\u00f6 korrastamiseks ja erinevate silmap\u00f5letike puhul. Lehtedest valmistatakse sapin\u00f5ristust soodustavaid ja spasme l\u00f5\u00f5gastavaid preparaate.<\/p>\n<p>K\u00f5rgus: kuni 0,25 m<\/p>\n<p>\u00d5itsemise aeg: V-VI<\/p>\n<p>Talvekindlus: T\u00e4iesti talvekindel<\/p>\n<p>Poti suurus: 10-12<\/p>\n","protected":false},"featured_media":17661,"template":"","meta":{"_acf_changed":false,"_et_pb_use_builder":"","_et_pb_old_content":"","_et_gb_content_width":"","inline_featured_image":false},"product_brand":[],"product_cat":[186,200],"product_tag":[],"class_list":{"0":"post-17660","1":"product","2":"type-product","3":"status-publish","4":"has-post-thumbnail","6":"product_cat-maitse-ja-ravimtaimede-istikud","7":"product_cat-muud-maitsetaimed","9":"first","10":"outofstock","11":"taxable","12":"shipping-taxable","13":"purchasable","14":"product-type-simple"},"acf":[],"yoast_head":"<!-- This site is optimized with the Yoast SEO plugin v27.5 - https:\/\/yoast.com\/product\/yoast-seo-wordpress\/ -->\n<title>Suure\u00f5ieline maikelluke Convallaria majalis var. grandiflora - Tamme talu \u00fcrdiaed<\/title>\n<meta name=\"robots\" content=\"index, follow, max-snippet:-1, max-image-preview:large, max-video-preview:-1\" \/>\n<link rel=\"canonical\" href=\"https:\/\/tammetalu.eu\/toode\/harilik-maikelluke\/\" \/>\n<meta property=\"og:locale\" content=\"fi_FI\" \/>\n<meta property=\"og:type\" content=\"article\" \/>\n<meta property=\"og:title\" content=\"Suure\u00f5ieline maikelluke Convallaria majalis var. grandiflora - Tamme talu \u00fcrdiaed\" \/>\n<meta property=\"og:description\" content=\"Suure\u00f5ieline maikelluke Convallaria majalis var. grandiflora  LAT: \u00a0Convallaria majalis var. grandiflora  ENG: \u00a0Lily of the valley  RU: \u00a0\u041b\u0430\u043d\u0434\u044b\u0448 \u043c\u0430\u0439\u0441\u043a\u0438\u0439  FI: \u00a0Kielo  Kes kujutaks ette kevadist metsaalust ilma maikellukesteta, kus imeline aroom ja nagu martsipanist vormitud v\u00e4ikesed l\u00f5hnavad \u00f5ied \u00f5rnroheliste varte otsas pilgutavad vaatajale kelmikalt silma. Suure\u00f5ielise maikellukese \u00f5ied on suuremad ja taimed on ka k\u00f5rgema kasvuga, kui meie looduses kasvaval harilikul maikellukesel.  Aias sobivad maikellukesed nii suurte puude ja p\u00f5\u00f5saste alla pinnakattetaimedeks kui k\u00f5rgemate p\u00fcsikute vahele. Maikellukesed levivad \u00fcsna j\u00f5udsalt risoomide abil ja v\u00f5ivad aja jooksul moodustada v\u00e4ga tiheda kogumikke. Lepivad tavalise aiamullaga. Maikellukesed on kevadel armastatud kimbulilled.  Ettevaatust, maikellukesed on m\u00f5\u00f5dukalt m\u00fcrgised ja toiduks ei k\u00f5lba mitte \u00fchelgi viisil.  Rahvameditsiinis on maikellukestest saadud abi s\u00fcdame t\u00f6\u00f6 korrastamiseks ja erinevate silmap\u00f5letike puhul. Lehtedest valmistatakse sapin\u00f5ristust soodustavaid ja spasme l\u00f5\u00f5gastavaid preparaate.  K\u00f5rgus: kuni 0,25 m  \u00d5itsemise aeg: V-VI  Talvekindlus: T\u00e4iesti talvekindel  Poti suurus: 10-12\" \/>\n<meta property=\"og:url\" content=\"https:\/\/tammetalu.eu\/toode\/harilik-maikelluke\/\" \/>\n<meta property=\"og:site_name\" content=\"Tamme talu \u00fcrdiaed\" \/>\n<meta property=\"article:publisher\" content=\"https:\/\/www.facebook.com\/TammeTaluUrdiaed\/?locale=et_EE\" \/>\n<meta property=\"article:modified_time\" content=\"2026-05-04T05:49:35+00:00\" \/>\n<meta property=\"og:image\" content=\"https:\/\/tammetalu.eu\/wp-content\/uploads\/2023\/04\/Harilik-maikelluke-Convallaria-majalis-tamme-talu-urdiaed.jpg\" \/>\n\t<meta property=\"og:image:width\" content=\"698\" \/>\n\t<meta property=\"og:image:height\" content=\"700\" \/>\n\t<meta property=\"og:image:type\" content=\"image\/jpeg\" \/>\n<meta name=\"twitter:card\" content=\"summary_large_image\" \/>\n<meta name=\"twitter:label1\" content=\"Arvioitu lukuaika\" \/>\n\t<meta name=\"twitter:data1\" content=\"1 minuutti\" \/>\n<script type=\"application\/ld+json\" class=\"yoast-schema-graph\">{\"@context\":\"https:\\\/\\\/schema.org\",\"@graph\":[{\"@type\":\"WebPage\",\"@id\":\"https:\\\/\\\/tammetalu.eu\\\/toode\\\/harilik-maikelluke\\\/\",\"url\":\"https:\\\/\\\/tammetalu.eu\\\/toode\\\/harilik-maikelluke\\\/\",\"name\":\"Suure\u00f5ieline maikelluke Convallaria majalis var. grandiflora - Tamme talu \u00fcrdiaed\",\"isPartOf\":{\"@id\":\"https:\\\/\\\/tammetalu.eu\\\/#website\"},\"primaryImageOfPage\":{\"@id\":\"https:\\\/\\\/tammetalu.eu\\\/toode\\\/harilik-maikelluke\\\/#primaryimage\"},\"image\":{\"@id\":\"https:\\\/\\\/tammetalu.eu\\\/toode\\\/harilik-maikelluke\\\/#primaryimage\"},\"thumbnailUrl\":\"https:\\\/\\\/tammetalu.eu\\\/wp-content\\\/uploads\\\/2023\\\/04\\\/Harilik-maikelluke-Convallaria-majalis-tamme-talu-urdiaed.jpg\",\"datePublished\":\"2023-04-11T12:02:47+00:00\",\"dateModified\":\"2026-05-04T05:49:35+00:00\",\"breadcrumb\":{\"@id\":\"https:\\\/\\\/tammetalu.eu\\\/toode\\\/harilik-maikelluke\\\/#breadcrumb\"},\"inLanguage\":\"fi\",\"potentialAction\":[{\"@type\":\"ReadAction\",\"target\":[\"https:\\\/\\\/tammetalu.eu\\\/toode\\\/harilik-maikelluke\\\/\"]}]},{\"@type\":\"ImageObject\",\"inLanguage\":\"fi\",\"@id\":\"https:\\\/\\\/tammetalu.eu\\\/toode\\\/harilik-maikelluke\\\/#primaryimage\",\"url\":\"https:\\\/\\\/tammetalu.eu\\\/wp-content\\\/uploads\\\/2023\\\/04\\\/Harilik-maikelluke-Convallaria-majalis-tamme-talu-urdiaed.jpg\",\"contentUrl\":\"https:\\\/\\\/tammetalu.eu\\\/wp-content\\\/uploads\\\/2023\\\/04\\\/Harilik-maikelluke-Convallaria-majalis-tamme-talu-urdiaed.jpg\",\"width\":698,\"height\":700,\"caption\":\"Harilik-maikelluke-Convallaria-majalis-tamme-talu-urdiaed\"},{\"@type\":\"BreadcrumbList\",\"@id\":\"https:\\\/\\\/tammetalu.eu\\\/toode\\\/harilik-maikelluke\\\/#breadcrumb\",\"itemListElement\":[{\"@type\":\"ListItem\",\"position\":1,\"name\":\"Home\",\"item\":\"https:\\\/\\\/tammetalu.eu\\\/fi\\\/etusivu\\\/\"},{\"@type\":\"ListItem\",\"position\":2,\"name\":\"Kaikki tuotteet\",\"item\":\"https:\\\/\\\/tammetalu.eu\\\/fi\\\/kaikki-tuotteet\\\/\"},{\"@type\":\"ListItem\",\"position\":3,\"name\":\"Suure\u00f5ieline maikelluke Convallaria majalis var. grandiflora\"}]},{\"@type\":\"WebSite\",\"@id\":\"https:\\\/\\\/tammetalu.eu\\\/#website\",\"url\":\"https:\\\/\\\/tammetalu.eu\\\/\",\"name\":\"Tamme talu \u00fcrdiaed\",\"description\":\"K\u00e4sit\u00f6\u00f6na valmistatud tooted \u00fcrtidest, \u00fcrdiistikud, \u00fcrtide kollektsioonaed\",\"publisher\":{\"@id\":\"https:\\\/\\\/tammetalu.eu\\\/#organization\"},\"alternateName\":\"Tamme talu\",\"potentialAction\":[{\"@type\":\"SearchAction\",\"target\":{\"@type\":\"EntryPoint\",\"urlTemplate\":\"https:\\\/\\\/tammetalu.eu\\\/?s={search_term_string}\"},\"query-input\":{\"@type\":\"PropertyValueSpecification\",\"valueRequired\":true,\"valueName\":\"search_term_string\"}}],\"inLanguage\":\"fi\"},{\"@type\":\"Organization\",\"@id\":\"https:\\\/\\\/tammetalu.eu\\\/#organization\",\"name\":\"Tamme talu \u00fcrdiaed\",\"alternateName\":\"Tamme talu\",\"url\":\"https:\\\/\\\/tammetalu.eu\\\/\",\"logo\":{\"@type\":\"ImageObject\",\"inLanguage\":\"fi\",\"@id\":\"https:\\\/\\\/tammetalu.eu\\\/#\\\/schema\\\/logo\\\/image\\\/\",\"url\":\"https:\\\/\\\/tammetalu.eu\\\/wp-content\\\/uploads\\\/2025\\\/01\\\/Tamme_talu_urdiaed.png\",\"contentUrl\":\"https:\\\/\\\/tammetalu.eu\\\/wp-content\\\/uploads\\\/2025\\\/01\\\/Tamme_talu_urdiaed.png\",\"width\":560,\"height\":560,\"caption\":\"Tamme talu \u00fcrdiaed\"},\"image\":{\"@id\":\"https:\\\/\\\/tammetalu.eu\\\/#\\\/schema\\\/logo\\\/image\\\/\"},\"sameAs\":[\"https:\\\/\\\/www.facebook.com\\\/TammeTaluUrdiaed\\\/?locale=et_EE\",\"https:\\\/\\\/www.instagram.com\\\/tammetaluurdiaed\\\/\"]}]}<\/script>\n<!-- \/ Yoast SEO plugin. -->","yoast_head_json":{"title":"Suure\u00f5ieline maikelluke Convallaria majalis var. grandiflora - Tamme talu \u00fcrdiaed","robots":{"index":"index","follow":"follow","max-snippet":"max-snippet:-1","max-image-preview":"max-image-preview:large","max-video-preview":"max-video-preview:-1"},"canonical":"https:\/\/tammetalu.eu\/toode\/harilik-maikelluke\/","og_locale":"fi_FI","og_type":"article","og_title":"Suure\u00f5ieline maikelluke Convallaria majalis var. grandiflora - Tamme talu \u00fcrdiaed","og_description":"Suure\u00f5ieline maikelluke Convallaria majalis var. grandiflora  LAT: \u00a0Convallaria majalis var. grandiflora  ENG: \u00a0Lily of the valley  RU: \u00a0\u041b\u0430\u043d\u0434\u044b\u0448 \u043c\u0430\u0439\u0441\u043a\u0438\u0439  FI: \u00a0Kielo  Kes kujutaks ette kevadist metsaalust ilma maikellukesteta, kus imeline aroom ja nagu martsipanist vormitud v\u00e4ikesed l\u00f5hnavad \u00f5ied \u00f5rnroheliste varte otsas pilgutavad vaatajale kelmikalt silma. Suure\u00f5ielise maikellukese \u00f5ied on suuremad ja taimed on ka k\u00f5rgema kasvuga, kui meie looduses kasvaval harilikul maikellukesel.  Aias sobivad maikellukesed nii suurte puude ja p\u00f5\u00f5saste alla pinnakattetaimedeks kui k\u00f5rgemate p\u00fcsikute vahele. Maikellukesed levivad \u00fcsna j\u00f5udsalt risoomide abil ja v\u00f5ivad aja jooksul moodustada v\u00e4ga tiheda kogumikke. Lepivad tavalise aiamullaga. Maikellukesed on kevadel armastatud kimbulilled.  Ettevaatust, maikellukesed on m\u00f5\u00f5dukalt m\u00fcrgised ja toiduks ei k\u00f5lba mitte \u00fchelgi viisil.  Rahvameditsiinis on maikellukestest saadud abi s\u00fcdame t\u00f6\u00f6 korrastamiseks ja erinevate silmap\u00f5letike puhul. Lehtedest valmistatakse sapin\u00f5ristust soodustavaid ja spasme l\u00f5\u00f5gastavaid preparaate.  K\u00f5rgus: kuni 0,25 m  \u00d5itsemise aeg: V-VI  Talvekindlus: T\u00e4iesti talvekindel  Poti suurus: 10-12","og_url":"https:\/\/tammetalu.eu\/toode\/harilik-maikelluke\/","og_site_name":"Tamme talu \u00fcrdiaed","article_publisher":"https:\/\/www.facebook.com\/TammeTaluUrdiaed\/?locale=et_EE","article_modified_time":"2026-05-04T05:49:35+00:00","og_image":[{"width":698,"height":700,"url":"https:\/\/tammetalu.eu\/wp-content\/uploads\/2023\/04\/Harilik-maikelluke-Convallaria-majalis-tamme-talu-urdiaed.jpg","type":"image\/jpeg"}],"twitter_card":"summary_large_image","twitter_misc":{"Arvioitu lukuaika":"1 minuutti"},"schema":{"@context":"https:\/\/schema.org","@graph":[{"@type":"WebPage","@id":"https:\/\/tammetalu.eu\/toode\/harilik-maikelluke\/","url":"https:\/\/tammetalu.eu\/toode\/harilik-maikelluke\/","name":"Suure\u00f5ieline maikelluke Convallaria majalis var. grandiflora - Tamme talu \u00fcrdiaed","isPartOf":{"@id":"https:\/\/tammetalu.eu\/#website"},"primaryImageOfPage":{"@id":"https:\/\/tammetalu.eu\/toode\/harilik-maikelluke\/#primaryimage"},"image":{"@id":"https:\/\/tammetalu.eu\/toode\/harilik-maikelluke\/#primaryimage"},"thumbnailUrl":"https:\/\/tammetalu.eu\/wp-content\/uploads\/2023\/04\/Harilik-maikelluke-Convallaria-majalis-tamme-talu-urdiaed.jpg","datePublished":"2023-04-11T12:02:47+00:00","dateModified":"2026-05-04T05:49:35+00:00","breadcrumb":{"@id":"https:\/\/tammetalu.eu\/toode\/harilik-maikelluke\/#breadcrumb"},"inLanguage":"fi","potentialAction":[{"@type":"ReadAction","target":["https:\/\/tammetalu.eu\/toode\/harilik-maikelluke\/"]}]},{"@type":"ImageObject","inLanguage":"fi","@id":"https:\/\/tammetalu.eu\/toode\/harilik-maikelluke\/#primaryimage","url":"https:\/\/tammetalu.eu\/wp-content\/uploads\/2023\/04\/Harilik-maikelluke-Convallaria-majalis-tamme-talu-urdiaed.jpg","contentUrl":"https:\/\/tammetalu.eu\/wp-content\/uploads\/2023\/04\/Harilik-maikelluke-Convallaria-majalis-tamme-talu-urdiaed.jpg","width":698,"height":700,"caption":"Harilik-maikelluke-Convallaria-majalis-tamme-talu-urdiaed"},{"@type":"BreadcrumbList","@id":"https:\/\/tammetalu.eu\/toode\/harilik-maikelluke\/#breadcrumb","itemListElement":[{"@type":"ListItem","position":1,"name":"Home","item":"https:\/\/tammetalu.eu\/fi\/etusivu\/"},{"@type":"ListItem","position":2,"name":"Kaikki tuotteet","item":"https:\/\/tammetalu.eu\/fi\/kaikki-tuotteet\/"},{"@type":"ListItem","position":3,"name":"Suure\u00f5ieline maikelluke Convallaria majalis var. grandiflora"}]},{"@type":"WebSite","@id":"https:\/\/tammetalu.eu\/#website","url":"https:\/\/tammetalu.eu\/","name":"Tamme talu \u00fcrdiaed","description":"K\u00e4sit\u00f6\u00f6na valmistatud tooted \u00fcrtidest, \u00fcrdiistikud, \u00fcrtide kollektsioonaed","publisher":{"@id":"https:\/\/tammetalu.eu\/#organization"},"alternateName":"Tamme talu","potentialAction":[{"@type":"SearchAction","target":{"@type":"EntryPoint","urlTemplate":"https:\/\/tammetalu.eu\/?s={search_term_string}"},"query-input":{"@type":"PropertyValueSpecification","valueRequired":true,"valueName":"search_term_string"}}],"inLanguage":"fi"},{"@type":"Organization","@id":"https:\/\/tammetalu.eu\/#organization","name":"Tamme talu \u00fcrdiaed","alternateName":"Tamme talu","url":"https:\/\/tammetalu.eu\/","logo":{"@type":"ImageObject","inLanguage":"fi","@id":"https:\/\/tammetalu.eu\/#\/schema\/logo\/image\/","url":"https:\/\/tammetalu.eu\/wp-content\/uploads\/2025\/01\/Tamme_talu_urdiaed.png","contentUrl":"https:\/\/tammetalu.eu\/wp-content\/uploads\/2025\/01\/Tamme_talu_urdiaed.png","width":560,"height":560,"caption":"Tamme talu \u00fcrdiaed"},"image":{"@id":"https:\/\/tammetalu.eu\/#\/schema\/logo\/image\/"},"sameAs":["https:\/\/www.facebook.com\/TammeTaluUrdiaed\/?locale=et_EE","https:\/\/www.instagram.com\/tammetaluurdiaed\/"]}]}},"_links":{"self":[{"href":"https:\/\/tammetalu.eu\/fi\/wp-json\/wp\/v2\/product\/17660","targetHints":{"allow":["GET"]}}],"collection":[{"href":"https:\/\/tammetalu.eu\/fi\/wp-json\/wp\/v2\/product"}],"about":[{"href":"https:\/\/tammetalu.eu\/fi\/wp-json\/wp\/v2\/types\/product"}],"wp:featuredmedia":[{"embeddable":true,"href":"https:\/\/tammetalu.eu\/fi\/wp-json\/wp\/v2\/media\/17661"}],"wp:attachment":[{"href":"https:\/\/tammetalu.eu\/fi\/wp-json\/wp\/v2\/media?parent=17660"}],"wp:term":[{"taxonomy":"product_brand","embeddable":true,"href":"https:\/\/tammetalu.eu\/fi\/wp-json\/wp\/v2\/product_brand?post=17660"},{"taxonomy":"product_cat","embeddable":true,"href":"https:\/\/tammetalu.eu\/fi\/wp-json\/wp\/v2\/product_cat?post=17660"},{"taxonomy":"product_tag","embeddable":true,"href":"https:\/\/tammetalu.eu\/fi\/wp-json\/wp\/v2\/product_tag?post=17660"}],"curies":[{"name":"wp","href":"https:\/\/api.w.org\/{rel}","templated":true}]}}